{"id":10889,"date":"2021-03-10T15:45:09","date_gmt":"2021-03-10T14:45:09","guid":{"rendered":"https:\/\/www.edel.fr\/?post_type=product&#038;p=10889"},"modified":"2025-11-05T21:07:03","modified_gmt":"2025-11-05T20:07:03","slug":"butee-dembrayage-hydraulique-ford-2-raccords-luk","status":"publish","type":"product","link":"http:\/\/edel.fr\/en\/product\/butee-dembrayage-hydraulique-ford-2-raccords-luk\/","title":{"rendered":"But\u00e9e d&#8217;embrayage Hydraulique, Ford &#8211; 2 raccords LuK"},"content":{"rendered":"<h3>But\u00e9e d&#8217;embrayage Hydraulique Ford New Holland<\/h3>\n<p>Une but\u00e9e avec<strong> 2 raccords.<\/strong><\/p>\n<p>Nous vous proposons des pi\u00e8ces d\u00e9tach\u00e9es de qualit\u00e9 origine.<\/p>","protected":false},"excerpt":{"rendered":"<p>But\u00e9e d&#8217;embrayage Hydraulique Ford New Holland Une but\u00e9e avec 2 raccords. Nous vous proposons des pi\u00e8ces d\u00e9tach\u00e9es de qualit\u00e9 origine.<\/p>","protected":false},"featured_media":10892,"template":"","meta":[],"product_brand":[],"product_cat":[4074,127,119,120],"product_tag":[],"tracteur":[],"class_list":{"0":"post-10889","1":"product","2":"type-product","3":"status-publish","4":"has-post-thumbnail","6":"product_cat-butee-dembrayage-ford-new-holland","7":"product_cat-butees-embrayage","8":"product_cat-tracteurs-agricoles","9":"product_cat-transmissions","10":"product_shipping_class-142","11":"pa_diametre-exterieur-4609","12":"pa_diametre-interieur-4499","13":"pa_epaisseur-4610","14":"pa_fabriquant-luk","15":"pa_marque-tracteur-ford-new-holland","16":"pa_nombre-de-raccords-4565","17":"pa_type-butee-hydraulique","18":"badges-style-2","20":"first","21":"instock","22":"taxable","23":"shipping-taxable","24":"purchasable","25":"product-type-simple"},"acf":[],"yoast_head":"<!-- This site is optimized with the Yoast SEO plugin v27.3 - https:\/\/yoast.com\/product\/yoast-seo-wordpress\/ -->\n<title>But\u00e9e d&#039;embrayage Hydraulique, Ford - 2 raccords LuK - Edel<\/title>\n<meta name=\"description\" content=\"But\u00e9e d&#039;embrayage Hydraulique, Ford - 2 raccords LuK - Pi\u00e8ces d\u00e9tach\u00e9es Tracteur Agricole - Nous vous proposons des pi\u00e8ces de qualit\u00e9 origine.\" \/>\n<meta name=\"robots\" content=\"index, follow, max-snippet:-1, max-image-preview:large, max-video-preview:-1\" \/>\n<link rel=\"canonical\" href=\"https:\/\/edel.fr\/en\/product\/butee-dembrayage-hydraulique-ford-2-raccords-luk\/\" \/>\n<meta property=\"og:locale\" content=\"en_US\" \/>\n<meta property=\"og:type\" content=\"article\" \/>\n<meta property=\"og:title\" content=\"But\u00e9e d&#039;embrayage Hydraulique, Ford - 2 raccords LuK - Edel\" \/>\n<meta property=\"og:description\" content=\"But\u00e9e d&#039;embrayage Hydraulique, Ford - 2 raccords LuK - Pi\u00e8ces d\u00e9tach\u00e9es Tracteur Agricole - Nous vous proposons des pi\u00e8ces de qualit\u00e9 origine.\" \/>\n<meta property=\"og:url\" content=\"https:\/\/edel.fr\/en\/product\/butee-dembrayage-hydraulique-ford-2-raccords-luk\/\" \/>\n<meta property=\"og:site_name\" content=\"Edel\" \/>\n<meta property=\"article:modified_time\" content=\"2025-11-05T20:07:03+00:00\" \/>\n<meta property=\"og:image\" content=\"https:\/\/edel.fr\/uploads\/2021\/03\/20312810.jpg\" \/>\n\t<meta property=\"og:image:width\" content=\"1512\" \/>\n\t<meta property=\"og:image:height\" content=\"1485\" \/>\n\t<meta property=\"og:image:type\" content=\"image\/jpeg\" \/>\n<meta name=\"twitter:card\" content=\"summary_large_image\" \/>\n<meta name=\"twitter:label1\" content=\"Est. reading time\" \/>\n\t<meta name=\"twitter:data1\" content=\"1 minute\" \/>\n<script type=\"application\/ld+json\" class=\"yoast-schema-graph\">{\"@context\":\"https:\\\/\\\/schema.org\",\"@graph\":[{\"@type\":\"WebPage\",\"@id\":\"https:\\\/\\\/edel.fr\\\/produit\\\/butee-dembrayage-hydraulique-ford-2-raccords-luk\\\/\",\"url\":\"https:\\\/\\\/edel.fr\\\/produit\\\/butee-dembrayage-hydraulique-ford-2-raccords-luk\\\/\",\"name\":\"But\u00e9e d'embrayage Hydraulique, Ford - 2 raccords LuK - Edel\",\"isPartOf\":{\"@id\":\"http:\\\/\\\/www.edel.fr\\\/en\\\/#website\"},\"primaryImageOfPage\":{\"@id\":\"https:\\\/\\\/edel.fr\\\/produit\\\/butee-dembrayage-hydraulique-ford-2-raccords-luk\\\/#primaryimage\"},\"image\":{\"@id\":\"https:\\\/\\\/edel.fr\\\/produit\\\/butee-dembrayage-hydraulique-ford-2-raccords-luk\\\/#primaryimage\"},\"thumbnailUrl\":\"http:\\\/\\\/edel.fr\\\/uploads\\\/2021\\\/03\\\/20312810.jpg\",\"datePublished\":\"2021-03-10T14:45:09+00:00\",\"dateModified\":\"2025-11-05T20:07:03+00:00\",\"description\":\"But\u00e9e d'embrayage Hydraulique, Ford - 2 raccords LuK - Pi\u00e8ces d\u00e9tach\u00e9es Tracteur Agricole - Nous vous proposons des pi\u00e8ces de qualit\u00e9 origine.\",\"breadcrumb\":{\"@id\":\"https:\\\/\\\/edel.fr\\\/produit\\\/butee-dembrayage-hydraulique-ford-2-raccords-luk\\\/#breadcrumb\"},\"inLanguage\":\"en-US\",\"potentialAction\":[{\"@type\":\"ReadAction\",\"target\":[\"https:\\\/\\\/edel.fr\\\/produit\\\/butee-dembrayage-hydraulique-ford-2-raccords-luk\\\/\"]}]},{\"@type\":\"ImageObject\",\"inLanguage\":\"en-US\",\"@id\":\"https:\\\/\\\/edel.fr\\\/produit\\\/butee-dembrayage-hydraulique-ford-2-raccords-luk\\\/#primaryimage\",\"url\":\"http:\\\/\\\/edel.fr\\\/uploads\\\/2021\\\/03\\\/20312810.jpg\",\"contentUrl\":\"http:\\\/\\\/edel.fr\\\/uploads\\\/2021\\\/03\\\/20312810.jpg\",\"width\":1512,\"height\":1485,\"caption\":\"But\u00e9e d'embrayage Hydraulique, Ford - 2 raccords LuK\"},{\"@type\":\"BreadcrumbList\",\"@id\":\"https:\\\/\\\/edel.fr\\\/produit\\\/butee-dembrayage-hydraulique-ford-2-raccords-luk\\\/#breadcrumb\",\"itemListElement\":[{\"@type\":\"ListItem\",\"position\":1,\"name\":\"Pi\u00e8ce Tracteur\",\"item\":\"http:\\\/\\\/www.edel.fr\\\/en\\\/\"},{\"@type\":\"ListItem\",\"position\":2,\"name\":\"Toutes nos pi\u00e8ces Tracteur\",\"item\":\"https:\\\/\\\/edel.fr\\\/shop\\\/\"},{\"@type\":\"ListItem\",\"position\":3,\"name\":\"But\u00e9e d&#8217;embrayage Hydraulique, Ford &#8211; 2 raccords LuK\"}]},{\"@type\":\"WebSite\",\"@id\":\"http:\\\/\\\/www.edel.fr\\\/en\\\/#website\",\"url\":\"http:\\\/\\\/www.edel.fr\\\/en\\\/\",\"name\":\"Edel\",\"description\":\"Pi\u00e8ce d\u00e9tach\u00e9e de Tracteur Agricole\",\"publisher\":{\"@id\":\"http:\\\/\\\/www.edel.fr\\\/en\\\/#organization\"},\"potentialAction\":[{\"@type\":\"SearchAction\",\"target\":{\"@type\":\"EntryPoint\",\"urlTemplate\":\"http:\\\/\\\/www.edel.fr\\\/en\\\/?s={search_term_string}\"},\"query-input\":{\"@type\":\"PropertyValueSpecification\",\"valueRequired\":true,\"valueName\":\"search_term_string\"}}],\"inLanguage\":\"en-US\"},{\"@type\":\"Organization\",\"@id\":\"http:\\\/\\\/www.edel.fr\\\/en\\\/#organization\",\"name\":\"Edel\",\"url\":\"http:\\\/\\\/www.edel.fr\\\/en\\\/\",\"logo\":{\"@type\":\"ImageObject\",\"inLanguage\":\"en-US\",\"@id\":\"http:\\\/\\\/www.edel.fr\\\/en\\\/#\\\/schema\\\/logo\\\/image\\\/\",\"url\":\"https:\\\/\\\/www.edel.fr\\\/uploads\\\/2018\\\/11\\\/logo-edel.png\",\"contentUrl\":\"https:\\\/\\\/www.edel.fr\\\/uploads\\\/2018\\\/11\\\/logo-edel.png\",\"width\":257,\"height\":68,\"caption\":\"Edel\"},\"image\":{\"@id\":\"http:\\\/\\\/www.edel.fr\\\/en\\\/#\\\/schema\\\/logo\\\/image\\\/\"}}]}<\/script>\n<!-- \/ Yoast SEO plugin. -->","yoast_head_json":{"title":"But\u00e9e d'embrayage Hydraulique, Ford - 2 raccords LuK - Edel","description":"But\u00e9e d'embrayage Hydraulique, Ford - 2 raccords LuK - Pi\u00e8ces d\u00e9tach\u00e9es Tracteur Agricole - Nous vous proposons des pi\u00e8ces de qualit\u00e9 origine.","robots":{"index":"index","follow":"follow","max-snippet":"max-snippet:-1","max-image-preview":"max-image-preview:large","max-video-preview":"max-video-preview:-1"},"canonical":"https:\/\/edel.fr\/en\/product\/butee-dembrayage-hydraulique-ford-2-raccords-luk\/","og_locale":"en_US","og_type":"article","og_title":"But\u00e9e d'embrayage Hydraulique, Ford - 2 raccords LuK - Edel","og_description":"But\u00e9e d'embrayage Hydraulique, Ford - 2 raccords LuK - Pi\u00e8ces d\u00e9tach\u00e9es Tracteur Agricole - Nous vous proposons des pi\u00e8ces de qualit\u00e9 origine.","og_url":"https:\/\/edel.fr\/en\/product\/butee-dembrayage-hydraulique-ford-2-raccords-luk\/","og_site_name":"Edel","article_modified_time":"2025-11-05T20:07:03+00:00","og_image":[{"width":1512,"height":1485,"url":"https:\/\/edel.fr\/uploads\/2021\/03\/20312810.jpg","type":"image\/jpeg"}],"twitter_card":"summary_large_image","twitter_misc":{"Est. reading time":"1 minute"},"schema":{"@context":"https:\/\/schema.org","@graph":[{"@type":"WebPage","@id":"https:\/\/edel.fr\/produit\/butee-dembrayage-hydraulique-ford-2-raccords-luk\/","url":"https:\/\/edel.fr\/produit\/butee-dembrayage-hydraulique-ford-2-raccords-luk\/","name":"But\u00e9e d'embrayage Hydraulique, Ford - 2 raccords LuK - Edel","isPartOf":{"@id":"http:\/\/www.edel.fr\/en\/#website"},"primaryImageOfPage":{"@id":"https:\/\/edel.fr\/produit\/butee-dembrayage-hydraulique-ford-2-raccords-luk\/#primaryimage"},"image":{"@id":"https:\/\/edel.fr\/produit\/butee-dembrayage-hydraulique-ford-2-raccords-luk\/#primaryimage"},"thumbnailUrl":"http:\/\/edel.fr\/uploads\/2021\/03\/20312810.jpg","datePublished":"2021-03-10T14:45:09+00:00","dateModified":"2025-11-05T20:07:03+00:00","description":"But\u00e9e d'embrayage Hydraulique, Ford - 2 raccords LuK - Pi\u00e8ces d\u00e9tach\u00e9es Tracteur Agricole - Nous vous proposons des pi\u00e8ces de qualit\u00e9 origine.","breadcrumb":{"@id":"https:\/\/edel.fr\/produit\/butee-dembrayage-hydraulique-ford-2-raccords-luk\/#breadcrumb"},"inLanguage":"en-US","potentialAction":[{"@type":"ReadAction","target":["https:\/\/edel.fr\/produit\/butee-dembrayage-hydraulique-ford-2-raccords-luk\/"]}]},{"@type":"ImageObject","inLanguage":"en-US","@id":"https:\/\/edel.fr\/produit\/butee-dembrayage-hydraulique-ford-2-raccords-luk\/#primaryimage","url":"http:\/\/edel.fr\/uploads\/2021\/03\/20312810.jpg","contentUrl":"http:\/\/edel.fr\/uploads\/2021\/03\/20312810.jpg","width":1512,"height":1485,"caption":"But\u00e9e d'embrayage Hydraulique, Ford - 2 raccords LuK"},{"@type":"BreadcrumbList","@id":"https:\/\/edel.fr\/produit\/butee-dembrayage-hydraulique-ford-2-raccords-luk\/#breadcrumb","itemListElement":[{"@type":"ListItem","position":1,"name":"Pi\u00e8ce Tracteur","item":"http:\/\/www.edel.fr\/en\/"},{"@type":"ListItem","position":2,"name":"Toutes nos pi\u00e8ces Tracteur","item":"https:\/\/edel.fr\/shop\/"},{"@type":"ListItem","position":3,"name":"But\u00e9e d&#8217;embrayage Hydraulique, Ford &#8211; 2 raccords LuK"}]},{"@type":"WebSite","@id":"http:\/\/www.edel.fr\/en\/#website","url":"http:\/\/www.edel.fr\/en\/","name":"Edel","description":"Pi\u00e8ce d\u00e9tach\u00e9e de Tracteur Agricole","publisher":{"@id":"http:\/\/www.edel.fr\/en\/#organization"},"potentialAction":[{"@type":"SearchAction","target":{"@type":"EntryPoint","urlTemplate":"http:\/\/www.edel.fr\/en\/?s={search_term_string}"},"query-input":{"@type":"PropertyValueSpecification","valueRequired":true,"valueName":"search_term_string"}}],"inLanguage":"en-US"},{"@type":"Organization","@id":"http:\/\/www.edel.fr\/en\/#organization","name":"Edel","url":"http:\/\/www.edel.fr\/en\/","logo":{"@type":"ImageObject","inLanguage":"en-US","@id":"http:\/\/www.edel.fr\/en\/#\/schema\/logo\/image\/","url":"https:\/\/www.edel.fr\/uploads\/2018\/11\/logo-edel.png","contentUrl":"https:\/\/www.edel.fr\/uploads\/2018\/11\/logo-edel.png","width":257,"height":68,"caption":"Edel"},"image":{"@id":"http:\/\/www.edel.fr\/en\/#\/schema\/logo\/image\/"}}]}},"_links":{"self":[{"href":"http:\/\/edel.fr\/en\/wp-json\/wp\/v2\/product\/10889","targetHints":{"allow":["GET"]}}],"collection":[{"href":"http:\/\/edel.fr\/en\/wp-json\/wp\/v2\/product"}],"about":[{"href":"http:\/\/edel.fr\/en\/wp-json\/wp\/v2\/types\/product"}],"version-history":[{"count":4,"href":"http:\/\/edel.fr\/en\/wp-json\/wp\/v2\/product\/10889\/revisions"}],"predecessor-version":[{"id":18031,"href":"http:\/\/edel.fr\/en\/wp-json\/wp\/v2\/product\/10889\/revisions\/18031"}],"wp:featuredmedia":[{"embeddable":true,"href":"http:\/\/edel.fr\/en\/wp-json\/wp\/v2\/media\/10892"}],"wp:attachment":[{"href":"http:\/\/edel.fr\/en\/wp-json\/wp\/v2\/media?parent=10889"}],"wp:term":[{"taxonomy":"product_brand","embeddable":true,"href":"http:\/\/edel.fr\/en\/wp-json\/wp\/v2\/product_brand?post=10889"},{"taxonomy":"product_cat","embeddable":true,"href":"http:\/\/edel.fr\/en\/wp-json\/wp\/v2\/product_cat?post=10889"},{"taxonomy":"product_tag","embeddable":true,"href":"http:\/\/edel.fr\/en\/wp-json\/wp\/v2\/product_tag?post=10889"},{"taxonomy":"tracteur","embeddable":true,"href":"http:\/\/edel.fr\/en\/wp-json\/wp\/v2\/tracteur?post=10889"}],"curies":[{"name":"wp","href":"https:\/\/api.w.org\/{rel}","templated":true}]}}