{"id":7402,"date":"2020-10-19T15:41:04","date_gmt":"2020-10-19T13:41:04","guid":{"rendered":"https:\/\/www.edel.fr\/?post_type=product&#038;p=7402"},"modified":"2026-03-18T02:00:12","modified_gmt":"2026-03-18T01:00:12","slug":"soupape-echappement-mwm-td226-b","status":"publish","type":"product","link":"http:\/\/edel.fr\/en\/product\/soupape-echappement-mwm-td226-b\/","title":{"rendered":"Soupape \u00e9chappement MWM &#8211; TD226 B"},"content":{"rendered":"<div data-elementor-type=\"wp-post\" data-elementor-id=\"7402\" class=\"elementor elementor-7402\">\n\t\t\t\t\t\t<section class=\"elementor-section elementor-top-section elementor-element elementor-element-7bc69f57 elementor-section-boxed elementor-section-height-default elementor-section-height-default\" data-id=\"7bc69f57\" data-element_type=\"section\" data-e-type=\"section\">\n\t\t\t\t\t\t<div class=\"elementor-container elementor-column-gap-default\">\n\t\t\t\t\t<div class=\"elementor-column elementor-col-100 elementor-top-column elementor-element elementor-element-7bdb1572\" data-id=\"7bdb1572\" data-element_type=\"column\" data-e-type=\"column\">\n\t\t\t<div class=\"elementor-widget-wrap elementor-element-populated\">\n\t\t\t\t\t\t<div class=\"elementor-element elementor-element-76e9de93 elementor-widget elementor-widget-heading\" data-id=\"76e9de93\" data-element_type=\"widget\" data-e-type=\"widget\" data-widget_type=\"heading.default\">\n\t\t\t\t<div class=\"elementor-widget-container\">\n\t\t\t\t\t<h2 class=\"elementor-heading-title elementor-size-default\">SOUPAPE \u00c9CHAPPEMENT MWM<\/h2>\t\t\t\t<\/div>\n\t\t\t\t<\/div>\n\t\t\t\t<div class=\"elementor-element elementor-element-7aee4844 elementor-widget elementor-widget-heading\" data-id=\"7aee4844\" data-element_type=\"widget\" data-e-type=\"widget\" data-widget_type=\"heading.default\">\n\t\t\t\t<div class=\"elementor-widget-container\">\n\t\t\t\t\t<h3 class=\"elementor-heading-title elementor-size-default\">Information du produit :<\/h3>\t\t\t\t<\/div>\n\t\t\t\t<\/div>\n\t\t\t\t\t<\/div>\n\t\t<\/div>\n\t\t\t\t\t<\/div>\n\t\t<\/section>\n\t\t\t\t<section class=\"elementor-section elementor-top-section elementor-element elementor-element-290ca7d1 elementor-section-boxed elementor-section-height-default elementor-section-height-default\" data-id=\"290ca7d1\" data-element_type=\"section\" data-e-type=\"section\">\n\t\t\t\t\t\t<div class=\"elementor-container elementor-column-gap-default\">\n\t\t\t\t\t<div class=\"elementor-column elementor-col-100 elementor-top-column elementor-element elementor-element-773f35b7\" data-id=\"773f35b7\" data-element_type=\"column\" data-e-type=\"column\">\n\t\t\t<div class=\"elementor-widget-wrap elementor-element-populated\">\n\t\t\t\t\t\t<div class=\"elementor-element elementor-element-7774c225 elementor-widget elementor-widget-text-editor\" data-id=\"7774c225\" data-element_type=\"widget\" data-e-type=\"widget\" data-widget_type=\"text-editor.default\">\n\t\t\t\t<div class=\"elementor-widget-container\">\n\t\t\t\t\t\t\t\t\t<p>Pour moteur TD226 B &#8211; D226 B<\/p><p>Qualit\u00e9 origine KS ou MAHLE<\/p><p>** Attention, ne convient pas pour moteur TD226<span style=\"font-weight: bold\">\u00a0<\/span>**<\/p>\t\t\t\t\t\t\t\t<\/div>\n\t\t\t\t<\/div>\n\t\t\t\t\t<\/div>\n\t\t<\/div>\n\t\t\t\t\t<\/div>\n\t\t<\/section>\n\t\t\t\t<\/div>","protected":false},"excerpt":{"rendered":"<p>SOUPAPE \u00c9CHAPPEMENT MWM Information du produit : Pour moteur TD226 B &#8211; D226 B Qualit\u00e9 origine KS ou MAHLE ** Attention, ne convient pas pour moteur TD226\u00a0**<\/p>","protected":false},"featured_media":7403,"template":"","meta":[],"product_brand":[],"product_cat":[153,209,119],"product_tag":[],"tracteur":[],"class_list":{"0":"post-7402","1":"product","2":"type-product","3":"status-publish","4":"has-post-thumbnail","6":"product_cat-pieces-moteur","7":"product_cat-soupapes","8":"product_cat-tracteurs-agricoles","9":"product_shipping_class-142","10":"pa_fabriquant-ks","11":"pa_marque-moteur-moteur-mwm","12":"pa_qualite-origine","13":"pa_type-moteur-d226b","14":"pa_type-moteur-td226b","15":"badges-style-2","17":"first","18":"instock","19":"taxable","20":"shipping-taxable","21":"purchasable","22":"product-type-simple"},"acf":[],"yoast_head":"<!-- This site is optimized with the Yoast SEO plugin v27.3 - https:\/\/yoast.com\/product\/yoast-seo-wordpress\/ -->\n<title>Soupape \u00e9chappement MWM - TD226 B - Edel<\/title>\n<meta name=\"robots\" content=\"index, follow, max-snippet:-1, max-image-preview:large, max-video-preview:-1\" \/>\n<link rel=\"canonical\" href=\"https:\/\/edel.fr\/en\/product\/soupape-echappement-mwm-td226-b\/\" \/>\n<meta property=\"og:locale\" content=\"en_US\" \/>\n<meta property=\"og:type\" content=\"article\" \/>\n<meta property=\"og:title\" content=\"Soupape \u00e9chappement MWM - TD226 B - Edel\" \/>\n<meta property=\"og:description\" content=\"SOUPAPE \u00c9CHAPPEMENT MWM Information du produit : Pour moteur TD226 B &#8211; D226 B Qualit\u00e9 origine KS ou MAHLE ** Attention, ne convient pas pour moteur TD226\u00a0**\" \/>\n<meta property=\"og:url\" content=\"https:\/\/edel.fr\/en\/product\/soupape-echappement-mwm-td226-b\/\" \/>\n<meta property=\"og:site_name\" content=\"Edel\" \/>\n<meta property=\"article:modified_time\" content=\"2026-03-18T01:00:12+00:00\" \/>\n<meta property=\"og:image\" content=\"https:\/\/edel.fr\/uploads\/2020\/10\/soupape-echap-1.jpg\" \/>\n\t<meta property=\"og:image:width\" content=\"1512\" \/>\n\t<meta property=\"og:image:height\" content=\"1416\" \/>\n\t<meta property=\"og:image:type\" content=\"image\/jpeg\" \/>\n<meta name=\"twitter:card\" content=\"summary_large_image\" \/>\n<meta name=\"twitter:label1\" content=\"Est. reading time\" \/>\n\t<meta name=\"twitter:data1\" content=\"1 minute\" \/>\n<script type=\"application\/ld+json\" class=\"yoast-schema-graph\">{\"@context\":\"https:\\\/\\\/schema.org\",\"@graph\":[{\"@type\":\"WebPage\",\"@id\":\"https:\\\/\\\/edel.fr\\\/produit\\\/soupape-echappement-mwm-td226-b\\\/\",\"url\":\"https:\\\/\\\/edel.fr\\\/produit\\\/soupape-echappement-mwm-td226-b\\\/\",\"name\":\"Soupape \u00e9chappement MWM - TD226 B - Edel\",\"isPartOf\":{\"@id\":\"http:\\\/\\\/www.edel.fr\\\/en\\\/#website\"},\"primaryImageOfPage\":{\"@id\":\"https:\\\/\\\/edel.fr\\\/produit\\\/soupape-echappement-mwm-td226-b\\\/#primaryimage\"},\"image\":{\"@id\":\"https:\\\/\\\/edel.fr\\\/produit\\\/soupape-echappement-mwm-td226-b\\\/#primaryimage\"},\"thumbnailUrl\":\"http:\\\/\\\/edel.fr\\\/uploads\\\/2020\\\/10\\\/soupape-echap-1.jpg\",\"datePublished\":\"2020-10-19T13:41:04+00:00\",\"dateModified\":\"2026-03-18T01:00:12+00:00\",\"breadcrumb\":{\"@id\":\"https:\\\/\\\/edel.fr\\\/produit\\\/soupape-echappement-mwm-td226-b\\\/#breadcrumb\"},\"inLanguage\":\"en-US\",\"potentialAction\":[{\"@type\":\"ReadAction\",\"target\":[\"https:\\\/\\\/edel.fr\\\/produit\\\/soupape-echappement-mwm-td226-b\\\/\"]}]},{\"@type\":\"ImageObject\",\"inLanguage\":\"en-US\",\"@id\":\"https:\\\/\\\/edel.fr\\\/produit\\\/soupape-echappement-mwm-td226-b\\\/#primaryimage\",\"url\":\"http:\\\/\\\/edel.fr\\\/uploads\\\/2020\\\/10\\\/soupape-echap-1.jpg\",\"contentUrl\":\"http:\\\/\\\/edel.fr\\\/uploads\\\/2020\\\/10\\\/soupape-echap-1.jpg\",\"width\":1512,\"height\":1416},{\"@type\":\"BreadcrumbList\",\"@id\":\"https:\\\/\\\/edel.fr\\\/produit\\\/soupape-echappement-mwm-td226-b\\\/#breadcrumb\",\"itemListElement\":[{\"@type\":\"ListItem\",\"position\":1,\"name\":\"Pi\u00e8ce Tracteur\",\"item\":\"http:\\\/\\\/www.edel.fr\\\/en\\\/\"},{\"@type\":\"ListItem\",\"position\":2,\"name\":\"Toutes nos pi\u00e8ces Tracteur\",\"item\":\"https:\\\/\\\/edel.fr\\\/shop\\\/\"},{\"@type\":\"ListItem\",\"position\":3,\"name\":\"Soupape \u00e9chappement MWM &#8211; TD226 B\"}]},{\"@type\":\"WebSite\",\"@id\":\"http:\\\/\\\/www.edel.fr\\\/en\\\/#website\",\"url\":\"http:\\\/\\\/www.edel.fr\\\/en\\\/\",\"name\":\"Edel\",\"description\":\"Pi\u00e8ce d\u00e9tach\u00e9e de Tracteur Agricole\",\"publisher\":{\"@id\":\"http:\\\/\\\/www.edel.fr\\\/en\\\/#organization\"},\"potentialAction\":[{\"@type\":\"SearchAction\",\"target\":{\"@type\":\"EntryPoint\",\"urlTemplate\":\"http:\\\/\\\/www.edel.fr\\\/en\\\/?s={search_term_string}\"},\"query-input\":{\"@type\":\"PropertyValueSpecification\",\"valueRequired\":true,\"valueName\":\"search_term_string\"}}],\"inLanguage\":\"en-US\"},{\"@type\":\"Organization\",\"@id\":\"http:\\\/\\\/www.edel.fr\\\/en\\\/#organization\",\"name\":\"Edel\",\"url\":\"http:\\\/\\\/www.edel.fr\\\/en\\\/\",\"logo\":{\"@type\":\"ImageObject\",\"inLanguage\":\"en-US\",\"@id\":\"http:\\\/\\\/www.edel.fr\\\/en\\\/#\\\/schema\\\/logo\\\/image\\\/\",\"url\":\"https:\\\/\\\/www.edel.fr\\\/uploads\\\/2018\\\/11\\\/logo-edel.png\",\"contentUrl\":\"https:\\\/\\\/www.edel.fr\\\/uploads\\\/2018\\\/11\\\/logo-edel.png\",\"width\":257,\"height\":68,\"caption\":\"Edel\"},\"image\":{\"@id\":\"http:\\\/\\\/www.edel.fr\\\/en\\\/#\\\/schema\\\/logo\\\/image\\\/\"}}]}<\/script>\n<!-- \/ Yoast SEO plugin. -->","yoast_head_json":{"title":"Soupape \u00e9chappement MWM - TD226 B - Edel","robots":{"index":"index","follow":"follow","max-snippet":"max-snippet:-1","max-image-preview":"max-image-preview:large","max-video-preview":"max-video-preview:-1"},"canonical":"https:\/\/edel.fr\/en\/product\/soupape-echappement-mwm-td226-b\/","og_locale":"en_US","og_type":"article","og_title":"Soupape \u00e9chappement MWM - TD226 B - Edel","og_description":"SOUPAPE \u00c9CHAPPEMENT MWM Information du produit : Pour moteur TD226 B &#8211; D226 B Qualit\u00e9 origine KS ou MAHLE ** Attention, ne convient pas pour moteur TD226\u00a0**","og_url":"https:\/\/edel.fr\/en\/product\/soupape-echappement-mwm-td226-b\/","og_site_name":"Edel","article_modified_time":"2026-03-18T01:00:12+00:00","og_image":[{"width":1512,"height":1416,"url":"https:\/\/edel.fr\/uploads\/2020\/10\/soupape-echap-1.jpg","type":"image\/jpeg"}],"twitter_card":"summary_large_image","twitter_misc":{"Est. reading time":"1 minute"},"schema":{"@context":"https:\/\/schema.org","@graph":[{"@type":"WebPage","@id":"https:\/\/edel.fr\/produit\/soupape-echappement-mwm-td226-b\/","url":"https:\/\/edel.fr\/produit\/soupape-echappement-mwm-td226-b\/","name":"Soupape \u00e9chappement MWM - TD226 B - Edel","isPartOf":{"@id":"http:\/\/www.edel.fr\/en\/#website"},"primaryImageOfPage":{"@id":"https:\/\/edel.fr\/produit\/soupape-echappement-mwm-td226-b\/#primaryimage"},"image":{"@id":"https:\/\/edel.fr\/produit\/soupape-echappement-mwm-td226-b\/#primaryimage"},"thumbnailUrl":"http:\/\/edel.fr\/uploads\/2020\/10\/soupape-echap-1.jpg","datePublished":"2020-10-19T13:41:04+00:00","dateModified":"2026-03-18T01:00:12+00:00","breadcrumb":{"@id":"https:\/\/edel.fr\/produit\/soupape-echappement-mwm-td226-b\/#breadcrumb"},"inLanguage":"en-US","potentialAction":[{"@type":"ReadAction","target":["https:\/\/edel.fr\/produit\/soupape-echappement-mwm-td226-b\/"]}]},{"@type":"ImageObject","inLanguage":"en-US","@id":"https:\/\/edel.fr\/produit\/soupape-echappement-mwm-td226-b\/#primaryimage","url":"http:\/\/edel.fr\/uploads\/2020\/10\/soupape-echap-1.jpg","contentUrl":"http:\/\/edel.fr\/uploads\/2020\/10\/soupape-echap-1.jpg","width":1512,"height":1416},{"@type":"BreadcrumbList","@id":"https:\/\/edel.fr\/produit\/soupape-echappement-mwm-td226-b\/#breadcrumb","itemListElement":[{"@type":"ListItem","position":1,"name":"Pi\u00e8ce Tracteur","item":"http:\/\/www.edel.fr\/en\/"},{"@type":"ListItem","position":2,"name":"Toutes nos pi\u00e8ces Tracteur","item":"https:\/\/edel.fr\/shop\/"},{"@type":"ListItem","position":3,"name":"Soupape \u00e9chappement MWM &#8211; TD226 B"}]},{"@type":"WebSite","@id":"http:\/\/www.edel.fr\/en\/#website","url":"http:\/\/www.edel.fr\/en\/","name":"Edel","description":"Pi\u00e8ce d\u00e9tach\u00e9e de Tracteur Agricole","publisher":{"@id":"http:\/\/www.edel.fr\/en\/#organization"},"potentialAction":[{"@type":"SearchAction","target":{"@type":"EntryPoint","urlTemplate":"http:\/\/www.edel.fr\/en\/?s={search_term_string}"},"query-input":{"@type":"PropertyValueSpecification","valueRequired":true,"valueName":"search_term_string"}}],"inLanguage":"en-US"},{"@type":"Organization","@id":"http:\/\/www.edel.fr\/en\/#organization","name":"Edel","url":"http:\/\/www.edel.fr\/en\/","logo":{"@type":"ImageObject","inLanguage":"en-US","@id":"http:\/\/www.edel.fr\/en\/#\/schema\/logo\/image\/","url":"https:\/\/www.edel.fr\/uploads\/2018\/11\/logo-edel.png","contentUrl":"https:\/\/www.edel.fr\/uploads\/2018\/11\/logo-edel.png","width":257,"height":68,"caption":"Edel"},"image":{"@id":"http:\/\/www.edel.fr\/en\/#\/schema\/logo\/image\/"}}]}},"_links":{"self":[{"href":"http:\/\/edel.fr\/en\/wp-json\/wp\/v2\/product\/7402","targetHints":{"allow":["GET"]}}],"collection":[{"href":"http:\/\/edel.fr\/en\/wp-json\/wp\/v2\/product"}],"about":[{"href":"http:\/\/edel.fr\/en\/wp-json\/wp\/v2\/types\/product"}],"version-history":[{"count":2,"href":"http:\/\/edel.fr\/en\/wp-json\/wp\/v2\/product\/7402\/revisions"}],"predecessor-version":[{"id":17859,"href":"http:\/\/edel.fr\/en\/wp-json\/wp\/v2\/product\/7402\/revisions\/17859"}],"wp:featuredmedia":[{"embeddable":true,"href":"http:\/\/edel.fr\/en\/wp-json\/wp\/v2\/media\/7403"}],"wp:attachment":[{"href":"http:\/\/edel.fr\/en\/wp-json\/wp\/v2\/media?parent=7402"}],"wp:term":[{"taxonomy":"product_brand","embeddable":true,"href":"http:\/\/edel.fr\/en\/wp-json\/wp\/v2\/product_brand?post=7402"},{"taxonomy":"product_cat","embeddable":true,"href":"http:\/\/edel.fr\/en\/wp-json\/wp\/v2\/product_cat?post=7402"},{"taxonomy":"product_tag","embeddable":true,"href":"http:\/\/edel.fr\/en\/wp-json\/wp\/v2\/product_tag?post=7402"},{"taxonomy":"tracteur","embeddable":true,"href":"http:\/\/edel.fr\/en\/wp-json\/wp\/v2\/tracteur?post=7402"}],"curies":[{"name":"wp","href":"https:\/\/api.w.org\/{rel}","templated":true}]}}