{"id":3669,"date":"2010-07-25T19:40:01","date_gmt":"2010-07-26T02:40:01","guid":{"rendered":"http:\/\/wpthemetestdata.wordpress.com\/about\/"},"modified":"2021-05-18T16:37:35","modified_gmt":"2021-05-18T14:37:35","slug":"notre-metier","status":"publish","type":"page","link":"https:\/\/edel.fr\/en\/notre-metier\/","title":{"rendered":"Notre m\u00e9tier"},"content":{"rendered":"<div data-elementor-type=\"wp-post\" data-elementor-id=\"3669\" class=\"elementor elementor-3669\">\n\t\t\t\t\t\t<section class=\"elementor-section elementor-top-section elementor-element elementor-element-17671f4 elementor-section-stretched elementor-section-height-min-height elementor-section-boxed elementor-section-height-default elementor-section-items-middle\" data-id=\"17671f4\" data-element_type=\"section\" data-e-type=\"section\" data-settings=\"{&quot;stretch_section&quot;:&quot;section-stretched&quot;,&quot;background_background&quot;:&quot;classic&quot;}\">\n\t\t\t\t\t\t<div class=\"elementor-container elementor-column-gap-default\">\n\t\t\t\t\t<div class=\"elementor-column elementor-col-100 elementor-top-column elementor-element elementor-element-0770112\" data-id=\"0770112\" data-element_type=\"column\" data-e-type=\"column\">\n\t\t\t<div class=\"elementor-widget-wrap\">\n\t\t\t\t\t\t\t<\/div>\n\t\t<\/div>\n\t\t\t\t\t<\/div>\n\t\t<\/section>\n\t\t\t\t<section class=\"elementor-section elementor-top-section elementor-element elementor-element-930edeb elementor-section-stretched elementor-section-boxed elementor-section-height-default elementor-section-height-default\" data-id=\"930edeb\" data-element_type=\"section\" data-e-type=\"section\" data-settings=\"{&quot;stretch_section&quot;:&quot;section-stretched&quot;,&quot;background_background&quot;:&quot;classic&quot;}\">\n\t\t\t\t\t\t<div class=\"elementor-container elementor-column-gap-default\">\n\t\t\t\t\t<div class=\"elementor-column elementor-col-100 elementor-top-column elementor-element elementor-element-13fab74\" data-id=\"13fab74\" data-element_type=\"column\" data-e-type=\"column\">\n\t\t\t<div class=\"elementor-widget-wrap elementor-element-populated\">\n\t\t\t\t\t\t<div class=\"elementor-element elementor-element-1be0c05 elementor-widget elementor-widget-html\" data-id=\"1be0c05\" data-element_type=\"widget\" data-e-type=\"widget\" data-widget_type=\"html.default\">\n\t\t\t\t<div class=\"elementor-widget-container\">\n\t\t\t\t\t<div class=\"tz-product-tabs style-2\">\n<div class=\"tab-nav-wrapper\">\n<div class=\"title-wrapper\" style=\"max-width: initial;\">\n    <h3 class=\"shortcode-title\">\n        <span>EDEL,<\/span> votre sp\u00e9cialiste pi\u00e8ces depuis 1969\n    <\/h3>\n<\/div>\n<\/div>\n<\/div>\t\t\t\t<\/div>\n\t\t\t\t<\/div>\n\t\t\t\t<div class=\"elementor-element elementor-element-090a35e elementor-widget elementor-widget-text-editor\" data-id=\"090a35e\" data-element_type=\"widget\" data-e-type=\"widget\" data-widget_type=\"text-editor.default\">\n\t\t\t\t<div class=\"elementor-widget-container\">\n\t\t\t\t\t\t\t\t\t<p><strong>Depuis 1969, nous commercialisons des pi\u00e8ces d\u00e9tach\u00e9es pour tracteurs agricoles, poids lourds et v\u00e9hicules utilitaires. <\/strong><\/p><p>Distributeur des \u00e9quipementiers SCHAEFFLER, ZF SACHS et VALEO, nous comptons parmi les leaders fran\u00e7ais du march\u00e9 de l\u2019embrayage agricole en deuxi\u00e8me monte.<\/p><p>Fort de notre ind\u00e9pendance \u00e0 l\u2019\u00e9gard des r\u00e9seaux de constructeurs, nous avons d\u00e9velopp\u00e9 des comp\u00e9tences multimarques et proposons un large panel de pi\u00e8ces d\u2019usure rigoureusement s\u00e9lectionn\u00e9es pour leur qualit\u00e9.<\/p><p>Pour vos tracteurs anciens ou de collection, nous tenons en stock, ou pouvons r\u00e9nover rapidement, la plupart des m\u00e9canismes et disques qui ne sont plus disponibles aupr\u00e8s des constructeurs.<\/p>\t\t\t\t\t\t\t\t<\/div>\n\t\t\t\t<\/div>\n\t\t\t\t<div class=\"elementor-element elementor-element-0bb7ca8 elementor-widget elementor-widget-html\" data-id=\"0bb7ca8\" data-element_type=\"widget\" data-e-type=\"widget\" data-widget_type=\"html.default\">\n\t\t\t\t<div class=\"elementor-widget-container\">\n\t\t\t\t\t<div class=\"tz-product-tabs style-2\">\n<div class=\"tab-nav-wrapper\">\n<div class=\"title-wrapper\" style=\"max-width: initial;\">\n    <h3 class=\"shortcode-title\">\n        <span>Notre<\/span> service\n    <\/h3>\n<\/div>\n<\/div>\n<\/div>\t\t\t\t<\/div>\n\t\t\t\t<\/div>\n\t\t\t\t<div class=\"elementor-element elementor-element-8a2811d elementor-widget elementor-widget-text-editor\" data-id=\"8a2811d\" data-element_type=\"widget\" data-e-type=\"widget\" data-widget_type=\"text-editor.default\">\n\t\t\t\t<div class=\"elementor-widget-container\">\n\t\t\t\t\t\t\t\t\t<p><strong>Nous stockons pour vous !<\/strong><\/p><p>Nous vous garantissons une livraison dans les 24\/48 heures dans toute la France m\u00e9tropolitaine pour les pi\u00e8ces en stock. Notre organisation logistique et notre collaboration avec des sp\u00e9cialistes de la livraison express vous garantissent des d\u00e9lais de livraison courts.<\/p><p><em>Vous ne trouvez pas la pi\u00e8ce que vous recherchez ? Vous souhaitez conna\u00eetre le prix d\u2019une pi\u00e8ce ?<\/em><\/p>\t\t\t\t\t\t\t\t<\/div>\n\t\t\t\t<\/div>\n\t\t\t\t\t<\/div>\n\t\t<\/div>\n\t\t\t\t\t<\/div>\n\t\t<\/section>\n\t\t\t\t<section class=\"elementor-section elementor-top-section elementor-element elementor-element-e7b4f26 elementor-section-stretched elementor-section-boxed elementor-section-height-default elementor-section-height-default\" data-id=\"e7b4f26\" data-element_type=\"section\" data-e-type=\"section\" data-settings=\"{&quot;stretch_section&quot;:&quot;section-stretched&quot;,&quot;background_background&quot;:&quot;classic&quot;}\">\n\t\t\t\t\t\t<div class=\"elementor-container elementor-column-gap-default\">\n\t\t\t\t\t<div class=\"elementor-column elementor-col-50 elementor-top-column elementor-element elementor-element-4baad84\" data-id=\"4baad84\" data-element_type=\"column\" data-e-type=\"column\">\n\t\t\t<div class=\"elementor-widget-wrap elementor-element-populated\">\n\t\t\t\t\t\t<div class=\"elementor-element elementor-element-fafbebe elementor-widget elementor-widget-image\" data-id=\"fafbebe\" data-element_type=\"widget\" data-e-type=\"widget\" data-widget_type=\"image.default\">\n\t\t\t\t<div class=\"elementor-widget-container\">\n\t\t\t\t\t\t\t\t\t\t\t\t\t\t\t<img fetchpriority=\"high\" decoding=\"async\" width=\"768\" height=\"700\" src=\"https:\/\/edel.fr\/uploads\/2018\/12\/notre-metier-1-768x702.jpg\" class=\"attachment-large size-large wp-image-4577\" alt=\"\" srcset=\"https:\/\/edel.fr\/uploads\/2018\/12\/notre-metier-1-768x702.jpg 768w, https:\/\/edel.fr\/uploads\/2018\/12\/notre-metier-1-768x702-500x456.jpg 500w, https:\/\/edel.fr\/uploads\/2018\/12\/notre-metier-1-768x702-64x58.jpg 64w, https:\/\/edel.fr\/uploads\/2018\/12\/notre-metier-1-768x702-300x273.jpg 300w\" sizes=\"(max-width: 768px) 100vw, 768px\" \/>\t\t\t\t\t\t\t\t\t\t\t\t\t\t\t<\/div>\n\t\t\t\t<\/div>\n\t\t\t\t\t<\/div>\n\t\t<\/div>\n\t\t\t\t<div class=\"elementor-column elementor-col-50 elementor-top-column elementor-element elementor-element-698fbda\" data-id=\"698fbda\" data-element_type=\"column\" data-e-type=\"column\">\n\t\t\t<div class=\"elementor-widget-wrap elementor-element-populated\">\n\t\t\t\t\t\t<div class=\"elementor-element elementor-element-e020873 elementor-widget elementor-widget-text-editor\" data-id=\"e020873\" data-element_type=\"widget\" data-e-type=\"widget\" data-widget_type=\"text-editor.default\">\n\t\t\t\t<div class=\"elementor-widget-container\">\n\t\t\t\t\t\t\t\t\tNos experts disposent des comp\u00e9tences techniques pour r\u00e9pondre \u00e0 vos attentes.\t\t\t\t\t\t\t\t<\/div>\n\t\t\t\t<\/div>\n\t\t\t\t<div class=\"elementor-element elementor-element-44e4e53 elementor-widget elementor-widget-html\" data-id=\"44e4e53\" data-element_type=\"widget\" data-e-type=\"widget\" data-widget_type=\"html.default\">\n\t\t\t\t<div class=\"elementor-widget-container\">\n\t\t\t\t\t<a href=\"\/en\/demande-de-devis\/\" class=\"button button-large\">Demandez un devis<\/a>\t\t\t\t<\/div>\n\t\t\t\t<\/div>\n\t\t\t\t\t<\/div>\n\t\t<\/div>\n\t\t\t\t\t<\/div>\n\t\t<\/section>\n\t\t\t\t<section class=\"elementor-section elementor-top-section elementor-element elementor-element-239832d elementor-section-stretched elementor-reverse-mobile elementor-section-boxed elementor-section-height-default elementor-section-height-default\" data-id=\"239832d\" data-element_type=\"section\" data-e-type=\"section\" data-settings=\"{&quot;stretch_section&quot;:&quot;section-stretched&quot;,&quot;background_background&quot;:&quot;classic&quot;}\">\n\t\t\t\t\t\t<div class=\"elementor-container elementor-column-gap-default\">\n\t\t\t\t\t<div class=\"elementor-column elementor-col-50 elementor-top-column elementor-element elementor-element-a99a1ed\" data-id=\"a99a1ed\" data-element_type=\"column\" data-e-type=\"column\">\n\t\t\t<div class=\"elementor-widget-wrap elementor-element-populated\">\n\t\t\t\t\t\t<div class=\"elementor-element elementor-element-2837f67 elementor-widget elementor-widget-text-editor\" data-id=\"2837f67\" data-element_type=\"widget\" data-e-type=\"widget\" data-widget_type=\"text-editor.default\">\n\t\t\t\t<div class=\"elementor-widget-container\">\n\t\t\t\t\t\t\t\t\tRetrouvez une s\u00e9lection d\u2019articles dans notre e-boutique !\t\t\t\t\t\t\t\t<\/div>\n\t\t\t\t<\/div>\n\t\t\t\t<div class=\"elementor-element elementor-element-3f48a6a elementor-widget elementor-widget-button\" data-id=\"3f48a6a\" data-element_type=\"widget\" data-e-type=\"widget\" data-widget_type=\"button.default\">\n\t\t\t\t<div class=\"elementor-widget-container\">\n\t\t\t\t\t\t\t\t\t<div class=\"elementor-button-wrapper\">\n\t\t\t\t\t<a class=\"elementor-button elementor-button-link elementor-size-sm\" href=\"\/en\/shop\/\">\n\t\t\t\t\t\t<span class=\"elementor-button-content-wrapper\">\n\t\t\t\t\t\t\t\t\t<span class=\"elementor-button-text\">Nos produits<\/span>\n\t\t\t\t\t<\/span>\n\t\t\t\t\t<\/a>\n\t\t\t\t<\/div>\n\t\t\t\t\t\t\t\t<\/div>\n\t\t\t\t<\/div>\n\t\t\t\t\t<\/div>\n\t\t<\/div>\n\t\t\t\t<div class=\"elementor-column elementor-col-50 elementor-top-column elementor-element elementor-element-7f941ff\" data-id=\"7f941ff\" data-element_type=\"column\" data-e-type=\"column\">\n\t\t\t<div class=\"elementor-widget-wrap elementor-element-populated\">\n\t\t\t\t\t\t<div class=\"elementor-element elementor-element-3e924e4 elementor-widget elementor-widget-image\" data-id=\"3e924e4\" data-element_type=\"widget\" data-e-type=\"widget\" data-widget_type=\"image.default\">\n\t\t\t\t<div class=\"elementor-widget-container\">\n\t\t\t\t\t\t\t\t\t\t\t\t\t\t\t<img decoding=\"async\" width=\"827\" height=\"757\" src=\"https:\/\/edel.fr\/uploads\/2018\/11\/notre-metier-2.jpg\" class=\"attachment-large size-large wp-image-3988\" alt=\"\" srcset=\"https:\/\/edel.fr\/uploads\/2018\/11\/notre-metier-2.jpg 827w, https:\/\/edel.fr\/uploads\/2018\/11\/notre-metier-2-500x458.jpg 500w, https:\/\/edel.fr\/uploads\/2018\/11\/notre-metier-2-64x59.jpg 64w, https:\/\/edel.fr\/uploads\/2018\/11\/notre-metier-2-300x275.jpg 300w, https:\/\/edel.fr\/uploads\/2018\/11\/notre-metier-2-768x703.jpg 768w\" sizes=\"(max-width: 827px) 100vw, 827px\" \/>\t\t\t\t\t\t\t\t\t\t\t\t\t\t\t<\/div>\n\t\t\t\t<\/div>\n\t\t\t\t\t<\/div>\n\t\t<\/div>\n\t\t\t\t\t<\/div>\n\t\t<\/section>\n\t\t\t\t<section class=\"elementor-section elementor-top-section elementor-element elementor-element-24c6ce5 elementor-section-stretched elementor-section-height-min-height elementor-section-boxed elementor-section-height-default elementor-section-items-middle\" data-id=\"24c6ce5\" data-element_type=\"section\" data-e-type=\"section\" data-settings=\"{&quot;stretch_section&quot;:&quot;section-stretched&quot;,&quot;background_background&quot;:&quot;classic&quot;}\">\n\t\t\t\t\t\t\t<div class=\"elementor-background-overlay\"><\/div>\n\t\t\t\t\t\t\t<div class=\"elementor-container elementor-column-gap-default\">\n\t\t\t\t\t<div class=\"elementor-column elementor-col-100 elementor-top-column elementor-element elementor-element-56ad733\" data-id=\"56ad733\" data-element_type=\"column\" data-e-type=\"column\">\n\t\t\t<div class=\"elementor-widget-wrap elementor-element-populated\">\n\t\t\t\t\t\t<div class=\"elementor-element elementor-element-30c7750 elementor-widget elementor-widget-text-editor\" data-id=\"30c7750\" data-element_type=\"widget\" data-e-type=\"widget\" data-widget_type=\"text-editor.default\">\n\t\t\t\t<div class=\"elementor-widget-container\">\n\t\t\t\t\t\t\t\t\tD\u00e9couvrez nos tracteurs de collection\u00a0: le coin des passionn\u00e9s du machinisme agricole !\t\t\t\t\t\t\t\t<\/div>\n\t\t\t\t<\/div>\n\t\t\t\t<div class=\"elementor-element elementor-element-d832533 elementor-widget elementor-widget-button\" data-id=\"d832533\" data-element_type=\"widget\" data-e-type=\"widget\" data-widget_type=\"button.default\">\n\t\t\t\t<div class=\"elementor-widget-container\">\n\t\t\t\t\t\t\t\t\t<div class=\"elementor-button-wrapper\">\n\t\t\t\t\t<a class=\"elementor-button elementor-button-link elementor-size-sm\" href=\"\/en\/notre-musee\/\">\n\t\t\t\t\t\t<span class=\"elementor-button-content-wrapper\">\n\t\t\t\t\t\t\t\t\t<span class=\"elementor-button-text\">Visitez notre mus\u00e9e<\/span>\n\t\t\t\t\t<\/span>\n\t\t\t\t\t<\/a>\n\t\t\t\t<\/div>\n\t\t\t\t\t\t\t\t<\/div>\n\t\t\t\t<\/div>\n\t\t\t\t\t<\/div>\n\t\t<\/div>\n\t\t\t\t\t<\/div>\n\t\t<\/section>\n\t\t\t\t<\/div>","protected":false},"excerpt":{"rendered":"<p>EDEL, votre sp\u00e9cialiste pi\u00e8ces depuis 1969 Depuis 1969, nous commercialisons des pi\u00e8ces d\u00e9tach\u00e9es pour tracteurs agricoles, poids lourds et v\u00e9hicules utilitaires. Distributeur des \u00e9quipementiers SCHAEFFLER, ZF SACHS et VALEO, nous comptons parmi les leaders fran\u00e7ais du march\u00e9 de l\u2019embrayage agricole en deuxi\u00e8me monte. Fort de notre ind\u00e9pendance \u00e0 l\u2019\u00e9gard des r\u00e9seaux de constructeurs, nous avons<br \/><a class=\"more-link\" href=\"https:\/\/edel.fr\/en\/notre-metier\/\"><br \/>\n        Read More<span class=\"screen-reader-text\"> \u00ab\u00a0Notre m\u00e9tier\u00a0\u00bb<\/span><\/a><\/p>","protected":false},"author":1,"featured_media":0,"parent":0,"menu_order":1,"comment_status":"closed","ping_status":"closed","template":"","meta":{"footnotes":""},"class_list":["post-3669","page","type-page","status-publish","hentry","badges-style-2"],"acf":[],"yoast_head":"<!-- This site is optimized with the Yoast SEO plugin v27.3 - https:\/\/yoast.com\/product\/yoast-seo-wordpress\/ -->\n<title>L\u2019assurance de choisir un partenaire de qualit\u00e9 pour vos pi\u00e8ces d\u00e9tach\u00e9es - Edel<\/title>\n<meta name=\"description\" content=\"La soci\u00e9t\u00e9 EDEL commercialise des pi\u00e8ces de rechange agricoles, poids lourds et utilitaires de qualit\u00e9 constructeurs. D\u00e9couvrez ses activit\u00e9es !\" \/>\n<meta name=\"robots\" content=\"index, follow, max-snippet:-1, max-image-preview:large, max-video-preview:-1\" \/>\n<link rel=\"canonical\" href=\"https:\/\/edel.fr\/en\/notre-metier\/\" \/>\n<meta property=\"og:locale\" content=\"en_US\" \/>\n<meta property=\"og:type\" content=\"article\" \/>\n<meta property=\"og:title\" content=\"L\u2019assurance de choisir un partenaire de qualit\u00e9 pour vos pi\u00e8ces d\u00e9tach\u00e9es - Edel\" \/>\n<meta property=\"og:description\" content=\"La soci\u00e9t\u00e9 EDEL commercialise des pi\u00e8ces de rechange agricoles, poids lourds et utilitaires de qualit\u00e9 constructeurs. D\u00e9couvrez ses activit\u00e9es !\" \/>\n<meta property=\"og:url\" content=\"https:\/\/edel.fr\/en\/notre-metier\/\" \/>\n<meta property=\"og:site_name\" content=\"Edel\" \/>\n<meta property=\"article:modified_time\" content=\"2021-05-18T14:37:35+00:00\" \/>\n<meta property=\"og:image\" content=\"https:\/\/www.edel.fr\/uploads\/2018\/12\/notre-metier-1-768x702.jpg\" \/>\n<meta name=\"twitter:card\" content=\"summary_large_image\" \/>\n<meta name=\"twitter:label1\" content=\"Est. reading time\" \/>\n\t<meta name=\"twitter:data1\" content=\"1 minute\" \/>\n<script type=\"application\/ld+json\" class=\"yoast-schema-graph\">{\"@context\":\"https:\\\/\\\/schema.org\",\"@graph\":[{\"@type\":\"WebPage\",\"@id\":\"https:\\\/\\\/edel.fr\\\/notre-metier\\\/\",\"url\":\"https:\\\/\\\/edel.fr\\\/notre-metier\\\/\",\"name\":\"L\u2019assurance de choisir un partenaire de qualit\u00e9 pour vos pi\u00e8ces d\u00e9tach\u00e9es - Edel\",\"isPartOf\":{\"@id\":\"http:\\\/\\\/www.edel.fr\\\/en\\\/#website\"},\"primaryImageOfPage\":{\"@id\":\"https:\\\/\\\/edel.fr\\\/notre-metier\\\/#primaryimage\"},\"image\":{\"@id\":\"https:\\\/\\\/edel.fr\\\/notre-metier\\\/#primaryimage\"},\"thumbnailUrl\":\"https:\\\/\\\/www.edel.fr\\\/uploads\\\/2018\\\/12\\\/notre-metier-1-768x702.jpg\",\"datePublished\":\"2010-07-26T02:40:01+00:00\",\"dateModified\":\"2021-05-18T14:37:35+00:00\",\"description\":\"La soci\u00e9t\u00e9 EDEL commercialise des pi\u00e8ces de rechange agricoles, poids lourds et utilitaires de qualit\u00e9 constructeurs. D\u00e9couvrez ses activit\u00e9es !\",\"breadcrumb\":{\"@id\":\"https:\\\/\\\/edel.fr\\\/notre-metier\\\/#breadcrumb\"},\"inLanguage\":\"en-US\",\"potentialAction\":[{\"@type\":\"ReadAction\",\"target\":[\"https:\\\/\\\/edel.fr\\\/notre-metier\\\/\"]}]},{\"@type\":\"ImageObject\",\"inLanguage\":\"en-US\",\"@id\":\"https:\\\/\\\/edel.fr\\\/notre-metier\\\/#primaryimage\",\"url\":\"https:\\\/\\\/www.edel.fr\\\/uploads\\\/2018\\\/12\\\/notre-metier-1-768x702.jpg\",\"contentUrl\":\"https:\\\/\\\/www.edel.fr\\\/uploads\\\/2018\\\/12\\\/notre-metier-1-768x702.jpg\"},{\"@type\":\"BreadcrumbList\",\"@id\":\"https:\\\/\\\/edel.fr\\\/notre-metier\\\/#breadcrumb\",\"itemListElement\":[{\"@type\":\"ListItem\",\"position\":1,\"name\":\"Pi\u00e8ce Tracteur\",\"item\":\"http:\\\/\\\/www.edel.fr\\\/en\\\/\"},{\"@type\":\"ListItem\",\"position\":2,\"name\":\"Notre m\u00e9tier\"}]},{\"@type\":\"WebSite\",\"@id\":\"http:\\\/\\\/www.edel.fr\\\/en\\\/#website\",\"url\":\"http:\\\/\\\/www.edel.fr\\\/en\\\/\",\"name\":\"Edel\",\"description\":\"Pi\u00e8ce d\u00e9tach\u00e9e de Tracteur Agricole\",\"publisher\":{\"@id\":\"http:\\\/\\\/www.edel.fr\\\/en\\\/#organization\"},\"potentialAction\":[{\"@type\":\"SearchAction\",\"target\":{\"@type\":\"EntryPoint\",\"urlTemplate\":\"http:\\\/\\\/www.edel.fr\\\/en\\\/?s={search_term_string}\"},\"query-input\":{\"@type\":\"PropertyValueSpecification\",\"valueRequired\":true,\"valueName\":\"search_term_string\"}}],\"inLanguage\":\"en-US\"},{\"@type\":\"Organization\",\"@id\":\"http:\\\/\\\/www.edel.fr\\\/en\\\/#organization\",\"name\":\"Edel\",\"url\":\"http:\\\/\\\/www.edel.fr\\\/en\\\/\",\"logo\":{\"@type\":\"ImageObject\",\"inLanguage\":\"en-US\",\"@id\":\"http:\\\/\\\/www.edel.fr\\\/en\\\/#\\\/schema\\\/logo\\\/image\\\/\",\"url\":\"https:\\\/\\\/www.edel.fr\\\/uploads\\\/2018\\\/11\\\/logo-edel.png\",\"contentUrl\":\"https:\\\/\\\/www.edel.fr\\\/uploads\\\/2018\\\/11\\\/logo-edel.png\",\"width\":257,\"height\":68,\"caption\":\"Edel\"},\"image\":{\"@id\":\"http:\\\/\\\/www.edel.fr\\\/en\\\/#\\\/schema\\\/logo\\\/image\\\/\"}}]}<\/script>\n<!-- \/ Yoast SEO plugin. -->","yoast_head_json":{"title":"L\u2019assurance de choisir un partenaire de qualit\u00e9 pour vos pi\u00e8ces d\u00e9tach\u00e9es - Edel","description":"La soci\u00e9t\u00e9 EDEL commercialise des pi\u00e8ces de rechange agricoles, poids lourds et utilitaires de qualit\u00e9 constructeurs. D\u00e9couvrez ses activit\u00e9es !","robots":{"index":"index","follow":"follow","max-snippet":"max-snippet:-1","max-image-preview":"max-image-preview:large","max-video-preview":"max-video-preview:-1"},"canonical":"https:\/\/edel.fr\/en\/notre-metier\/","og_locale":"en_US","og_type":"article","og_title":"L\u2019assurance de choisir un partenaire de qualit\u00e9 pour vos pi\u00e8ces d\u00e9tach\u00e9es - Edel","og_description":"La soci\u00e9t\u00e9 EDEL commercialise des pi\u00e8ces de rechange agricoles, poids lourds et utilitaires de qualit\u00e9 constructeurs. D\u00e9couvrez ses activit\u00e9es !","og_url":"https:\/\/edel.fr\/en\/notre-metier\/","og_site_name":"Edel","article_modified_time":"2021-05-18T14:37:35+00:00","og_image":[{"url":"https:\/\/www.edel.fr\/uploads\/2018\/12\/notre-metier-1-768x702.jpg","type":"","width":"","height":""}],"twitter_card":"summary_large_image","twitter_misc":{"Est. reading time":"1 minute"},"schema":{"@context":"https:\/\/schema.org","@graph":[{"@type":"WebPage","@id":"https:\/\/edel.fr\/notre-metier\/","url":"https:\/\/edel.fr\/notre-metier\/","name":"L\u2019assurance de choisir un partenaire de qualit\u00e9 pour vos pi\u00e8ces d\u00e9tach\u00e9es - Edel","isPartOf":{"@id":"http:\/\/www.edel.fr\/en\/#website"},"primaryImageOfPage":{"@id":"https:\/\/edel.fr\/notre-metier\/#primaryimage"},"image":{"@id":"https:\/\/edel.fr\/notre-metier\/#primaryimage"},"thumbnailUrl":"https:\/\/www.edel.fr\/uploads\/2018\/12\/notre-metier-1-768x702.jpg","datePublished":"2010-07-26T02:40:01+00:00","dateModified":"2021-05-18T14:37:35+00:00","description":"La soci\u00e9t\u00e9 EDEL commercialise des pi\u00e8ces de rechange agricoles, poids lourds et utilitaires de qualit\u00e9 constructeurs. D\u00e9couvrez ses activit\u00e9es !","breadcrumb":{"@id":"https:\/\/edel.fr\/notre-metier\/#breadcrumb"},"inLanguage":"en-US","potentialAction":[{"@type":"ReadAction","target":["https:\/\/edel.fr\/notre-metier\/"]}]},{"@type":"ImageObject","inLanguage":"en-US","@id":"https:\/\/edel.fr\/notre-metier\/#primaryimage","url":"https:\/\/www.edel.fr\/uploads\/2018\/12\/notre-metier-1-768x702.jpg","contentUrl":"https:\/\/www.edel.fr\/uploads\/2018\/12\/notre-metier-1-768x702.jpg"},{"@type":"BreadcrumbList","@id":"https:\/\/edel.fr\/notre-metier\/#breadcrumb","itemListElement":[{"@type":"ListItem","position":1,"name":"Pi\u00e8ce Tracteur","item":"http:\/\/www.edel.fr\/en\/"},{"@type":"ListItem","position":2,"name":"Notre m\u00e9tier"}]},{"@type":"WebSite","@id":"http:\/\/www.edel.fr\/en\/#website","url":"http:\/\/www.edel.fr\/en\/","name":"Edel","description":"Pi\u00e8ce d\u00e9tach\u00e9e de Tracteur Agricole","publisher":{"@id":"http:\/\/www.edel.fr\/en\/#organization"},"potentialAction":[{"@type":"SearchAction","target":{"@type":"EntryPoint","urlTemplate":"http:\/\/www.edel.fr\/en\/?s={search_term_string}"},"query-input":{"@type":"PropertyValueSpecification","valueRequired":true,"valueName":"search_term_string"}}],"inLanguage":"en-US"},{"@type":"Organization","@id":"http:\/\/www.edel.fr\/en\/#organization","name":"Edel","url":"http:\/\/www.edel.fr\/en\/","logo":{"@type":"ImageObject","inLanguage":"en-US","@id":"http:\/\/www.edel.fr\/en\/#\/schema\/logo\/image\/","url":"https:\/\/www.edel.fr\/uploads\/2018\/11\/logo-edel.png","contentUrl":"https:\/\/www.edel.fr\/uploads\/2018\/11\/logo-edel.png","width":257,"height":68,"caption":"Edel"},"image":{"@id":"http:\/\/www.edel.fr\/en\/#\/schema\/logo\/image\/"}}]}},"_links":{"self":[{"href":"https:\/\/edel.fr\/en\/wp-json\/wp\/v2\/pages\/3669","targetHints":{"allow":["GET"]}}],"collection":[{"href":"https:\/\/edel.fr\/en\/wp-json\/wp\/v2\/pages"}],"about":[{"href":"https:\/\/edel.fr\/en\/wp-json\/wp\/v2\/types\/page"}],"author":[{"embeddable":true,"href":"https:\/\/edel.fr\/en\/wp-json\/wp\/v2\/users\/1"}],"replies":[{"embeddable":true,"href":"https:\/\/edel.fr\/en\/wp-json\/wp\/v2\/comments?post=3669"}],"version-history":[{"count":2,"href":"https:\/\/edel.fr\/en\/wp-json\/wp\/v2\/pages\/3669\/revisions"}],"predecessor-version":[{"id":11392,"href":"https:\/\/edel.fr\/en\/wp-json\/wp\/v2\/pages\/3669\/revisions\/11392"}],"wp:attachment":[{"href":"https:\/\/edel.fr\/en\/wp-json\/wp\/v2\/media?parent=3669"}],"curies":[{"name":"wp","href":"https:\/\/api.w.org\/{rel}","templated":true}]}}