{"id":10218,"date":"2021-02-10T13:33:48","date_gmt":"2021-02-10T12:33:48","guid":{"rendered":"https:\/\/www.edel.fr\/?post_type=product&#038;p=10218"},"modified":"2026-04-01T15:59:26","modified_gmt":"2026-04-01T13:59:26","slug":"roulement-pilote-fag-6303-2rs-17-x-47-x-14-tracteur-agricole","status":"publish","type":"product","link":"https:\/\/edel.fr\/en\/product\/roulement-pilote-fag-6303-2rs-17-x-47-x-14-tracteur-agricole\/","title":{"rendered":"Roulement pilote SKF 6303 2RS RP16 &#8211; 17 x 47 x 14 &#8211; Tracteur Agricole"},"content":{"rendered":"<div data-elementor-type=\"wp-post\" data-elementor-id=\"10218\" class=\"elementor elementor-10218\">\n\t\t\t\t\t\t<section class=\"elementor-section elementor-top-section elementor-element elementor-element-6827ee39 elementor-section-boxed elementor-section-height-default elementor-section-height-default\" data-id=\"6827ee39\" data-element_type=\"section\" data-e-type=\"section\">\n\t\t\t\t\t\t<div class=\"elementor-container elementor-column-gap-default\">\n\t\t\t\t\t<div class=\"elementor-column elementor-col-100 elementor-top-column elementor-element elementor-element-1cc91077\" data-id=\"1cc91077\" data-element_type=\"column\" data-e-type=\"column\">\n\t\t\t<div class=\"elementor-widget-wrap elementor-element-populated\">\n\t\t\t\t\t\t<div class=\"elementor-element elementor-element-5bda770d elementor-widget elementor-widget-heading\" data-id=\"5bda770d\" data-element_type=\"widget\" data-e-type=\"widget\" data-widget_type=\"heading.default\">\n\t\t\t\t<div class=\"elementor-widget-container\">\n\t\t\t\t\t<h2 class=\"elementor-heading-title elementor-size-default\">Roulement pilote SKF 6303 2RS<\/h2>\t\t\t\t<\/div>\n\t\t\t\t<\/div>\n\t\t\t\t<div class=\"elementor-element elementor-element-7e5d3ef6 elementor-widget elementor-widget-heading\" data-id=\"7e5d3ef6\" data-element_type=\"widget\" data-e-type=\"widget\" data-widget_type=\"heading.default\">\n\t\t\t\t<div class=\"elementor-widget-container\">\n\t\t\t\t\t<h3 class=\"elementor-heading-title elementor-size-default\">Information du produit :<\/h3>\t\t\t\t<\/div>\n\t\t\t\t<\/div>\n\t\t\t\t\t<\/div>\n\t\t<\/div>\n\t\t\t\t\t<\/div>\n\t\t<\/section>\n\t\t\t\t<section class=\"elementor-section elementor-top-section elementor-element elementor-element-290ca7d1 elementor-section-boxed elementor-section-height-default elementor-section-height-default\" data-id=\"290ca7d1\" data-element_type=\"section\" data-e-type=\"section\">\n\t\t\t\t\t\t<div class=\"elementor-container elementor-column-gap-default\">\n\t\t\t\t\t<div class=\"elementor-column elementor-col-100 elementor-top-column elementor-element elementor-element-773f35b7\" data-id=\"773f35b7\" data-element_type=\"column\" data-e-type=\"column\">\n\t\t\t<div class=\"elementor-widget-wrap elementor-element-populated\">\n\t\t\t\t\t\t<div class=\"elementor-element elementor-element-7774c225 elementor-widget elementor-widget-text-editor\" data-id=\"7774c225\" data-element_type=\"widget\" data-e-type=\"widget\" data-widget_type=\"text-editor.default\">\n\t\t\t\t<div class=\"elementor-widget-container\">\n\t\t\t\t\t\t\t\t\t<p><strong>17 x 47 x 14<\/strong><\/p><p style=\"font-weight: 400\">La fonction du <strong>roulement pilote,<\/strong> qui est log\u00e9 dans le <strong>volant moteur,<\/strong> est de guider <strong>l\u2019arbre de boite de vitesse.<\/strong><\/p><p style=\"font-weight: 400\">Par ailleurs un <strong>roulement pilote<\/strong> d\u00e9fectueux ou qui grippe peut entrainer des avaries allant de vibrations jusqu\u2019\u00e0 une usure de <strong>l\u2019arbre de boite de vitesse<\/strong> ou du <strong>disque d\u2019embrayage.<\/strong><\/p><p style=\"font-weight: 400\">C\u2019est pour cela que il est conseill\u00e9 de le <strong>remplacer<\/strong> syst\u00e9matiquement \u00e0 chaque changement <strong>d\u2019embrayage.<\/strong><\/p><div><div>C&rsquo;est pourquoi nous vous proposons un <strong>roulement pilote <\/strong>de<strong> qualit\u00e9 origine SKF.<\/strong><\/div><\/div>\t\t\t\t\t\t\t\t<\/div>\n\t\t\t\t<\/div>\n\t\t\t\t\t<\/div>\n\t\t<\/div>\n\t\t\t\t\t<\/div>\n\t\t<\/section>\n\t\t\t\t<\/div>","protected":false},"excerpt":{"rendered":"<p>Roulement pilote SKF 6303 2RS Information du produit : 17 x 47 x 14 La fonction du roulement pilote, qui est log\u00e9 dans le volant moteur, est de guider l\u2019arbre de boite de vitesse. Par ailleurs un roulement pilote d\u00e9fectueux ou qui grippe peut entrainer des avaries allant de vibrations jusqu\u2019\u00e0 une usure de l\u2019arbre<br \/><a class=\"more-link\" href=\"https:\/\/edel.fr\/en\/product\/roulement-pilote-fag-6303-2rs-17-x-47-x-14-tracteur-agricole\/\"><br \/>\n        Read More<span class=\"screen-reader-text\"> \u00ab\u00a0Roulement pilote SKF 6303 2RS RP16 &#8211; 17 x 47 x 14 &#8211; Tracteur Agricole\u00a0\u00bb<\/span><\/a><\/p>","protected":false},"featured_media":10219,"template":"","meta":[],"product_brand":[],"product_cat":[204,119,120],"product_tag":[],"tracteur":[],"class_list":{"0":"post-10218","1":"product","2":"type-product","3":"status-publish","4":"has-post-thumbnail","6":"product_cat-roulements","7":"product_cat-tracteurs-agricoles","8":"product_cat-transmissions","9":"product_shipping_class-142","10":"pa_diametre-exterieur-4617","11":"pa_diametre-interieur-4626","12":"pa_epaisseur-4585","13":"pa_fabriquant-selection-edel","14":"badges-style-2","16":"first","17":"instock","18":"taxable","19":"shipping-taxable","20":"purchasable","21":"product-type-simple"},"acf":[],"yoast_head":"<!-- This site is optimized with the Yoast SEO plugin v27.3 - https:\/\/yoast.com\/product\/yoast-seo-wordpress\/ -->\n<title>Roulement pilote SKF 6303 2RS RP16 - 17 x 47 x 14 - Tracteur Agricole - Edel<\/title>\n<meta name=\"description\" content=\"Roulement pilote SKF 6303 2RS - 17 x 47 x 14 - Venez d\u00e9couvrir notre nouvelle gamme de roulement pilote pour tracteur agricole - Qualit\u00e9 origine\" \/>\n<meta name=\"robots\" content=\"index, follow, max-snippet:-1, max-image-preview:large, max-video-preview:-1\" \/>\n<link rel=\"canonical\" href=\"https:\/\/edel.fr\/en\/product\/roulement-pilote-fag-6303-2rs-17-x-47-x-14-tracteur-agricole\/\" \/>\n<meta property=\"og:locale\" content=\"en_US\" \/>\n<meta property=\"og:type\" content=\"article\" \/>\n<meta property=\"og:title\" content=\"Roulement pilote SKF 6303 2RS RP16 - 17 x 47 x 14 - Tracteur Agricole - Edel\" \/>\n<meta property=\"og:description\" content=\"Roulement pilote SKF 6303 2RS - 17 x 47 x 14 - Venez d\u00e9couvrir notre nouvelle gamme de roulement pilote pour tracteur agricole - Qualit\u00e9 origine\" \/>\n<meta property=\"og:url\" content=\"https:\/\/edel.fr\/en\/product\/roulement-pilote-fag-6303-2rs-17-x-47-x-14-tracteur-agricole\/\" \/>\n<meta property=\"og:site_name\" content=\"Edel\" \/>\n<meta property=\"article:modified_time\" content=\"2026-04-01T13:59:26+00:00\" \/>\n<meta property=\"og:image\" content=\"https:\/\/edel.fr\/uploads\/2021\/02\/6303-RP16.jpg\" \/>\n\t<meta property=\"og:image:width\" content=\"1330\" \/>\n\t<meta property=\"og:image:height\" content=\"1263\" \/>\n\t<meta property=\"og:image:type\" content=\"image\/jpeg\" \/>\n<meta name=\"twitter:card\" content=\"summary_large_image\" \/>\n<meta name=\"twitter:label1\" content=\"Est. reading time\" \/>\n\t<meta name=\"twitter:data1\" content=\"1 minute\" \/>\n<script type=\"application\/ld+json\" class=\"yoast-schema-graph\">{\"@context\":\"https:\\\/\\\/schema.org\",\"@graph\":[{\"@type\":\"WebPage\",\"@id\":\"https:\\\/\\\/edel.fr\\\/produit\\\/roulement-pilote-fag-6303-2rs-17-x-47-x-14-tracteur-agricole\\\/\",\"url\":\"https:\\\/\\\/edel.fr\\\/produit\\\/roulement-pilote-fag-6303-2rs-17-x-47-x-14-tracteur-agricole\\\/\",\"name\":\"Roulement pilote SKF 6303 2RS RP16 - 17 x 47 x 14 - Tracteur Agricole - Edel\",\"isPartOf\":{\"@id\":\"https:\\\/\\\/www.edel.fr\\\/en\\\/#website\"},\"primaryImageOfPage\":{\"@id\":\"https:\\\/\\\/edel.fr\\\/produit\\\/roulement-pilote-fag-6303-2rs-17-x-47-x-14-tracteur-agricole\\\/#primaryimage\"},\"image\":{\"@id\":\"https:\\\/\\\/edel.fr\\\/produit\\\/roulement-pilote-fag-6303-2rs-17-x-47-x-14-tracteur-agricole\\\/#primaryimage\"},\"thumbnailUrl\":\"https:\\\/\\\/edel.fr\\\/uploads\\\/2021\\\/02\\\/6303-RP16.jpg\",\"datePublished\":\"2021-02-10T12:33:48+00:00\",\"dateModified\":\"2026-04-01T13:59:26+00:00\",\"description\":\"Roulement pilote SKF 6303 2RS - 17 x 47 x 14 - Venez d\u00e9couvrir notre nouvelle gamme de roulement pilote pour tracteur agricole - Qualit\u00e9 origine\",\"breadcrumb\":{\"@id\":\"https:\\\/\\\/edel.fr\\\/produit\\\/roulement-pilote-fag-6303-2rs-17-x-47-x-14-tracteur-agricole\\\/#breadcrumb\"},\"inLanguage\":\"en-US\",\"potentialAction\":[{\"@type\":\"ReadAction\",\"target\":[\"https:\\\/\\\/edel.fr\\\/produit\\\/roulement-pilote-fag-6303-2rs-17-x-47-x-14-tracteur-agricole\\\/\"]}]},{\"@type\":\"ImageObject\",\"inLanguage\":\"en-US\",\"@id\":\"https:\\\/\\\/edel.fr\\\/produit\\\/roulement-pilote-fag-6303-2rs-17-x-47-x-14-tracteur-agricole\\\/#primaryimage\",\"url\":\"https:\\\/\\\/edel.fr\\\/uploads\\\/2021\\\/02\\\/6303-RP16.jpg\",\"contentUrl\":\"https:\\\/\\\/edel.fr\\\/uploads\\\/2021\\\/02\\\/6303-RP16.jpg\",\"width\":1330,\"height\":1263,\"caption\":\"Roulement pilote SKF 6303 2RS - 17 x 47 x 14 - Tracteur Agricole\"},{\"@type\":\"BreadcrumbList\",\"@id\":\"https:\\\/\\\/edel.fr\\\/produit\\\/roulement-pilote-fag-6303-2rs-17-x-47-x-14-tracteur-agricole\\\/#breadcrumb\",\"itemListElement\":[{\"@type\":\"ListItem\",\"position\":1,\"name\":\"Pi\u00e8ce Tracteur\",\"item\":\"https:\\\/\\\/www.edel.fr\\\/en\\\/\"},{\"@type\":\"ListItem\",\"position\":2,\"name\":\"Toutes nos pi\u00e8ces Tracteur\",\"item\":\"https:\\\/\\\/edel.fr\\\/shop\\\/\"},{\"@type\":\"ListItem\",\"position\":3,\"name\":\"Roulement pilote SKF 6303 2RS RP16 &#8211; 17 x 47 x 14 &#8211; Tracteur Agricole\"}]},{\"@type\":\"WebSite\",\"@id\":\"https:\\\/\\\/www.edel.fr\\\/en\\\/#website\",\"url\":\"https:\\\/\\\/www.edel.fr\\\/en\\\/\",\"name\":\"Edel\",\"description\":\"Pi\u00e8ce d\u00e9tach\u00e9e de Tracteur Agricole\",\"publisher\":{\"@id\":\"https:\\\/\\\/www.edel.fr\\\/en\\\/#organization\"},\"potentialAction\":[{\"@type\":\"SearchAction\",\"target\":{\"@type\":\"EntryPoint\",\"urlTemplate\":\"https:\\\/\\\/www.edel.fr\\\/en\\\/?s={search_term_string}\"},\"query-input\":{\"@type\":\"PropertyValueSpecification\",\"valueRequired\":true,\"valueName\":\"search_term_string\"}}],\"inLanguage\":\"en-US\"},{\"@type\":\"Organization\",\"@id\":\"https:\\\/\\\/www.edel.fr\\\/en\\\/#organization\",\"name\":\"Edel\",\"url\":\"https:\\\/\\\/www.edel.fr\\\/en\\\/\",\"logo\":{\"@type\":\"ImageObject\",\"inLanguage\":\"en-US\",\"@id\":\"https:\\\/\\\/www.edel.fr\\\/en\\\/#\\\/schema\\\/logo\\\/image\\\/\",\"url\":\"https:\\\/\\\/www.edel.fr\\\/uploads\\\/2018\\\/11\\\/logo-edel.png\",\"contentUrl\":\"https:\\\/\\\/www.edel.fr\\\/uploads\\\/2018\\\/11\\\/logo-edel.png\",\"width\":257,\"height\":68,\"caption\":\"Edel\"},\"image\":{\"@id\":\"https:\\\/\\\/www.edel.fr\\\/en\\\/#\\\/schema\\\/logo\\\/image\\\/\"}}]}<\/script>\n<!-- \/ Yoast SEO plugin. -->","yoast_head_json":{"title":"Roulement pilote SKF 6303 2RS RP16 - 17 x 47 x 14 - Tracteur Agricole - Edel","description":"Roulement pilote SKF 6303 2RS - 17 x 47 x 14 - Venez d\u00e9couvrir notre nouvelle gamme de roulement pilote pour tracteur agricole - Qualit\u00e9 origine","robots":{"index":"index","follow":"follow","max-snippet":"max-snippet:-1","max-image-preview":"max-image-preview:large","max-video-preview":"max-video-preview:-1"},"canonical":"https:\/\/edel.fr\/en\/product\/roulement-pilote-fag-6303-2rs-17-x-47-x-14-tracteur-agricole\/","og_locale":"en_US","og_type":"article","og_title":"Roulement pilote SKF 6303 2RS RP16 - 17 x 47 x 14 - Tracteur Agricole - Edel","og_description":"Roulement pilote SKF 6303 2RS - 17 x 47 x 14 - Venez d\u00e9couvrir notre nouvelle gamme de roulement pilote pour tracteur agricole - Qualit\u00e9 origine","og_url":"https:\/\/edel.fr\/en\/product\/roulement-pilote-fag-6303-2rs-17-x-47-x-14-tracteur-agricole\/","og_site_name":"Edel","article_modified_time":"2026-04-01T13:59:26+00:00","og_image":[{"width":1330,"height":1263,"url":"https:\/\/edel.fr\/uploads\/2021\/02\/6303-RP16.jpg","type":"image\/jpeg"}],"twitter_card":"summary_large_image","twitter_misc":{"Est. reading time":"1 minute"},"schema":{"@context":"https:\/\/schema.org","@graph":[{"@type":"WebPage","@id":"https:\/\/edel.fr\/produit\/roulement-pilote-fag-6303-2rs-17-x-47-x-14-tracteur-agricole\/","url":"https:\/\/edel.fr\/produit\/roulement-pilote-fag-6303-2rs-17-x-47-x-14-tracteur-agricole\/","name":"Roulement pilote SKF 6303 2RS RP16 - 17 x 47 x 14 - Tracteur Agricole - Edel","isPartOf":{"@id":"https:\/\/www.edel.fr\/en\/#website"},"primaryImageOfPage":{"@id":"https:\/\/edel.fr\/produit\/roulement-pilote-fag-6303-2rs-17-x-47-x-14-tracteur-agricole\/#primaryimage"},"image":{"@id":"https:\/\/edel.fr\/produit\/roulement-pilote-fag-6303-2rs-17-x-47-x-14-tracteur-agricole\/#primaryimage"},"thumbnailUrl":"https:\/\/edel.fr\/uploads\/2021\/02\/6303-RP16.jpg","datePublished":"2021-02-10T12:33:48+00:00","dateModified":"2026-04-01T13:59:26+00:00","description":"Roulement pilote SKF 6303 2RS - 17 x 47 x 14 - Venez d\u00e9couvrir notre nouvelle gamme de roulement pilote pour tracteur agricole - Qualit\u00e9 origine","breadcrumb":{"@id":"https:\/\/edel.fr\/produit\/roulement-pilote-fag-6303-2rs-17-x-47-x-14-tracteur-agricole\/#breadcrumb"},"inLanguage":"en-US","potentialAction":[{"@type":"ReadAction","target":["https:\/\/edel.fr\/produit\/roulement-pilote-fag-6303-2rs-17-x-47-x-14-tracteur-agricole\/"]}]},{"@type":"ImageObject","inLanguage":"en-US","@id":"https:\/\/edel.fr\/produit\/roulement-pilote-fag-6303-2rs-17-x-47-x-14-tracteur-agricole\/#primaryimage","url":"https:\/\/edel.fr\/uploads\/2021\/02\/6303-RP16.jpg","contentUrl":"https:\/\/edel.fr\/uploads\/2021\/02\/6303-RP16.jpg","width":1330,"height":1263,"caption":"Roulement pilote SKF 6303 2RS - 17 x 47 x 14 - Tracteur Agricole"},{"@type":"BreadcrumbList","@id":"https:\/\/edel.fr\/produit\/roulement-pilote-fag-6303-2rs-17-x-47-x-14-tracteur-agricole\/#breadcrumb","itemListElement":[{"@type":"ListItem","position":1,"name":"Pi\u00e8ce Tracteur","item":"https:\/\/www.edel.fr\/en\/"},{"@type":"ListItem","position":2,"name":"Toutes nos pi\u00e8ces Tracteur","item":"https:\/\/edel.fr\/shop\/"},{"@type":"ListItem","position":3,"name":"Roulement pilote SKF 6303 2RS RP16 &#8211; 17 x 47 x 14 &#8211; Tracteur Agricole"}]},{"@type":"WebSite","@id":"https:\/\/www.edel.fr\/en\/#website","url":"https:\/\/www.edel.fr\/en\/","name":"Edel","description":"Pi\u00e8ce d\u00e9tach\u00e9e de Tracteur Agricole","publisher":{"@id":"https:\/\/www.edel.fr\/en\/#organization"},"potentialAction":[{"@type":"SearchAction","target":{"@type":"EntryPoint","urlTemplate":"https:\/\/www.edel.fr\/en\/?s={search_term_string}"},"query-input":{"@type":"PropertyValueSpecification","valueRequired":true,"valueName":"search_term_string"}}],"inLanguage":"en-US"},{"@type":"Organization","@id":"https:\/\/www.edel.fr\/en\/#organization","name":"Edel","url":"https:\/\/www.edel.fr\/en\/","logo":{"@type":"ImageObject","inLanguage":"en-US","@id":"https:\/\/www.edel.fr\/en\/#\/schema\/logo\/image\/","url":"https:\/\/www.edel.fr\/uploads\/2018\/11\/logo-edel.png","contentUrl":"https:\/\/www.edel.fr\/uploads\/2018\/11\/logo-edel.png","width":257,"height":68,"caption":"Edel"},"image":{"@id":"https:\/\/www.edel.fr\/en\/#\/schema\/logo\/image\/"}}]}},"_links":{"self":[{"href":"https:\/\/edel.fr\/en\/wp-json\/wp\/v2\/product\/10218","targetHints":{"allow":["GET"]}}],"collection":[{"href":"https:\/\/edel.fr\/en\/wp-json\/wp\/v2\/product"}],"about":[{"href":"https:\/\/edel.fr\/en\/wp-json\/wp\/v2\/types\/product"}],"version-history":[{"count":2,"href":"https:\/\/edel.fr\/en\/wp-json\/wp\/v2\/product\/10218\/revisions"}],"predecessor-version":[{"id":18047,"href":"https:\/\/edel.fr\/en\/wp-json\/wp\/v2\/product\/10218\/revisions\/18047"}],"wp:featuredmedia":[{"embeddable":true,"href":"https:\/\/edel.fr\/en\/wp-json\/wp\/v2\/media\/10219"}],"wp:attachment":[{"href":"https:\/\/edel.fr\/en\/wp-json\/wp\/v2\/media?parent=10218"}],"wp:term":[{"taxonomy":"product_brand","embeddable":true,"href":"https:\/\/edel.fr\/en\/wp-json\/wp\/v2\/product_brand?post=10218"},{"taxonomy":"product_cat","embeddable":true,"href":"https:\/\/edel.fr\/en\/wp-json\/wp\/v2\/product_cat?post=10218"},{"taxonomy":"product_tag","embeddable":true,"href":"https:\/\/edel.fr\/en\/wp-json\/wp\/v2\/product_tag?post=10218"},{"taxonomy":"tracteur","embeddable":true,"href":"https:\/\/edel.fr\/en\/wp-json\/wp\/v2\/tracteur?post=10218"}],"curies":[{"name":"wp","href":"https:\/\/api.w.org\/{rel}","templated":true}]}}