{"id":10674,"date":"2021-03-01T15:58:47","date_gmt":"2021-03-01T14:58:47","guid":{"rendered":"https:\/\/www.edel.fr\/?post_type=product&#038;p=10674"},"modified":"2026-04-02T03:00:38","modified_gmt":"2026-04-02T01:00:38","slug":"butee-dembrayage-50x81x17-tracteur-agricole","status":"publish","type":"product","link":"https:\/\/edel.fr\/en\/product\/butee-dembrayage-50x81x17-tracteur-agricole\/","title":{"rendered":"But\u00e9e d&#8217;embrayage &#8211; 50x81x17 &#8211; Tracteur Agricole"},"content":{"rendered":"<h3>But\u00e9e d&#8217;embrayage<\/h3>\n<p><strong>50x81x17<\/strong><\/p>\n<p>Nous vous proposons des pi\u00e8ces d\u00e9tach\u00e9es de qualit\u00e9 origine.<\/p>","protected":false},"excerpt":{"rendered":"<p>But\u00e9e d&#8217;embrayage 50x81x17 Nous vous proposons des pi\u00e8ces d\u00e9tach\u00e9es de qualit\u00e9 origine.<\/p>","protected":false},"featured_media":10675,"template":"","meta":[],"product_brand":[],"product_cat":[127,119,120],"product_tag":[],"tracteur":[],"class_list":{"0":"post-10674","1":"product","2":"type-product","3":"status-publish","4":"has-post-thumbnail","6":"product_cat-butees-embrayage","7":"product_cat-tracteurs-agricoles","8":"product_cat-transmissions","9":"product_shipping_class-142","10":"pa_diametre-exterieur-4508","11":"pa_diametre-interieur-4507","12":"pa_epaisseur-4509","13":"pa_fabriquant-kawe","14":"pa_type-butee-roulement","15":"badges-style-2","17":"first","18":"instock","19":"taxable","20":"shipping-taxable","21":"purchasable","22":"product-type-simple"},"acf":[],"yoast_head":"<!-- This site is optimized with the Yoast SEO plugin v27.3 - https:\/\/yoast.com\/product\/yoast-seo-wordpress\/ -->\n<title>But\u00e9e d&#039;embrayage - 50x81x17 - Tracteur Agricole - Edel<\/title>\n<meta name=\"description\" content=\"But\u00e9e d&#039;embrayage - 50x81x17 - Pi\u00e8ces d\u00e9tach\u00e9es Tracteur Agricole - Nous vous proposons des pi\u00e8ces de qualit\u00e9 origine.\" \/>\n<meta name=\"robots\" content=\"index, follow, max-snippet:-1, max-image-preview:large, max-video-preview:-1\" \/>\n<link rel=\"canonical\" href=\"https:\/\/edel.fr\/en\/product\/butee-dembrayage-50x81x17-tracteur-agricole\/\" \/>\n<meta property=\"og:locale\" content=\"en_US\" \/>\n<meta property=\"og:type\" content=\"article\" \/>\n<meta property=\"og:title\" content=\"But\u00e9e d&#039;embrayage - 50x81x17 - Tracteur Agricole - Edel\" \/>\n<meta property=\"og:description\" content=\"But\u00e9e d&#039;embrayage - 50x81x17 - Pi\u00e8ces d\u00e9tach\u00e9es Tracteur Agricole - Nous vous proposons des pi\u00e8ces de qualit\u00e9 origine.\" \/>\n<meta property=\"og:url\" content=\"https:\/\/edel.fr\/en\/product\/butee-dembrayage-50x81x17-tracteur-agricole\/\" \/>\n<meta property=\"og:site_name\" content=\"Edel\" \/>\n<meta property=\"article:modified_time\" content=\"2026-04-02T01:00:38+00:00\" \/>\n<meta property=\"og:image\" content=\"https:\/\/edel.fr\/uploads\/2021\/03\/20304380.jpg\" \/>\n\t<meta property=\"og:image:width\" content=\"1512\" \/>\n\t<meta property=\"og:image:height\" content=\"1464\" \/>\n\t<meta property=\"og:image:type\" content=\"image\/jpeg\" \/>\n<meta name=\"twitter:card\" content=\"summary_large_image\" \/>\n<meta name=\"twitter:label1\" content=\"Est. reading time\" \/>\n\t<meta name=\"twitter:data1\" content=\"1 minute\" \/>\n<script type=\"application\/ld+json\" class=\"yoast-schema-graph\">{\"@context\":\"https:\\\/\\\/schema.org\",\"@graph\":[{\"@type\":\"WebPage\",\"@id\":\"https:\\\/\\\/edel.fr\\\/produit\\\/butee-dembrayage-50x81x17-tracteur-agricole\\\/\",\"url\":\"https:\\\/\\\/edel.fr\\\/produit\\\/butee-dembrayage-50x81x17-tracteur-agricole\\\/\",\"name\":\"But\u00e9e d'embrayage - 50x81x17 - Tracteur Agricole - Edel\",\"isPartOf\":{\"@id\":\"https:\\\/\\\/www.edel.fr\\\/en\\\/#website\"},\"primaryImageOfPage\":{\"@id\":\"https:\\\/\\\/edel.fr\\\/produit\\\/butee-dembrayage-50x81x17-tracteur-agricole\\\/#primaryimage\"},\"image\":{\"@id\":\"https:\\\/\\\/edel.fr\\\/produit\\\/butee-dembrayage-50x81x17-tracteur-agricole\\\/#primaryimage\"},\"thumbnailUrl\":\"https:\\\/\\\/edel.fr\\\/uploads\\\/2021\\\/03\\\/20304380.jpg\",\"datePublished\":\"2021-03-01T14:58:47+00:00\",\"dateModified\":\"2026-04-02T01:00:38+00:00\",\"description\":\"But\u00e9e d'embrayage - 50x81x17 - Pi\u00e8ces d\u00e9tach\u00e9es Tracteur Agricole - Nous vous proposons des pi\u00e8ces de qualit\u00e9 origine.\",\"breadcrumb\":{\"@id\":\"https:\\\/\\\/edel.fr\\\/produit\\\/butee-dembrayage-50x81x17-tracteur-agricole\\\/#breadcrumb\"},\"inLanguage\":\"en-US\",\"potentialAction\":[{\"@type\":\"ReadAction\",\"target\":[\"https:\\\/\\\/edel.fr\\\/produit\\\/butee-dembrayage-50x81x17-tracteur-agricole\\\/\"]}]},{\"@type\":\"ImageObject\",\"inLanguage\":\"en-US\",\"@id\":\"https:\\\/\\\/edel.fr\\\/produit\\\/butee-dembrayage-50x81x17-tracteur-agricole\\\/#primaryimage\",\"url\":\"https:\\\/\\\/edel.fr\\\/uploads\\\/2021\\\/03\\\/20304380.jpg\",\"contentUrl\":\"https:\\\/\\\/edel.fr\\\/uploads\\\/2021\\\/03\\\/20304380.jpg\",\"width\":1512,\"height\":1464,\"caption\":\"But\u00e9e d'embrayage - 50x81x17 - Tracteur Agricole\"},{\"@type\":\"BreadcrumbList\",\"@id\":\"https:\\\/\\\/edel.fr\\\/produit\\\/butee-dembrayage-50x81x17-tracteur-agricole\\\/#breadcrumb\",\"itemListElement\":[{\"@type\":\"ListItem\",\"position\":1,\"name\":\"Pi\u00e8ce Tracteur\",\"item\":\"https:\\\/\\\/www.edel.fr\\\/en\\\/\"},{\"@type\":\"ListItem\",\"position\":2,\"name\":\"Toutes nos pi\u00e8ces Tracteur\",\"item\":\"https:\\\/\\\/edel.fr\\\/shop\\\/\"},{\"@type\":\"ListItem\",\"position\":3,\"name\":\"But\u00e9e d&#8217;embrayage &#8211; 50x81x17 &#8211; Tracteur Agricole\"}]},{\"@type\":\"WebSite\",\"@id\":\"https:\\\/\\\/www.edel.fr\\\/en\\\/#website\",\"url\":\"https:\\\/\\\/www.edel.fr\\\/en\\\/\",\"name\":\"Edel\",\"description\":\"Pi\u00e8ce d\u00e9tach\u00e9e de Tracteur Agricole\",\"publisher\":{\"@id\":\"https:\\\/\\\/www.edel.fr\\\/en\\\/#organization\"},\"potentialAction\":[{\"@type\":\"SearchAction\",\"target\":{\"@type\":\"EntryPoint\",\"urlTemplate\":\"https:\\\/\\\/www.edel.fr\\\/en\\\/?s={search_term_string}\"},\"query-input\":{\"@type\":\"PropertyValueSpecification\",\"valueRequired\":true,\"valueName\":\"search_term_string\"}}],\"inLanguage\":\"en-US\"},{\"@type\":\"Organization\",\"@id\":\"https:\\\/\\\/www.edel.fr\\\/en\\\/#organization\",\"name\":\"Edel\",\"url\":\"https:\\\/\\\/www.edel.fr\\\/en\\\/\",\"logo\":{\"@type\":\"ImageObject\",\"inLanguage\":\"en-US\",\"@id\":\"https:\\\/\\\/www.edel.fr\\\/en\\\/#\\\/schema\\\/logo\\\/image\\\/\",\"url\":\"https:\\\/\\\/www.edel.fr\\\/uploads\\\/2018\\\/11\\\/logo-edel.png\",\"contentUrl\":\"https:\\\/\\\/www.edel.fr\\\/uploads\\\/2018\\\/11\\\/logo-edel.png\",\"width\":257,\"height\":68,\"caption\":\"Edel\"},\"image\":{\"@id\":\"https:\\\/\\\/www.edel.fr\\\/en\\\/#\\\/schema\\\/logo\\\/image\\\/\"}}]}<\/script>\n<!-- \/ Yoast SEO plugin. -->","yoast_head_json":{"title":"But\u00e9e d'embrayage - 50x81x17 - Tracteur Agricole - Edel","description":"But\u00e9e d'embrayage - 50x81x17 - Pi\u00e8ces d\u00e9tach\u00e9es Tracteur Agricole - Nous vous proposons des pi\u00e8ces de qualit\u00e9 origine.","robots":{"index":"index","follow":"follow","max-snippet":"max-snippet:-1","max-image-preview":"max-image-preview:large","max-video-preview":"max-video-preview:-1"},"canonical":"https:\/\/edel.fr\/en\/product\/butee-dembrayage-50x81x17-tracteur-agricole\/","og_locale":"en_US","og_type":"article","og_title":"But\u00e9e d'embrayage - 50x81x17 - Tracteur Agricole - Edel","og_description":"But\u00e9e d'embrayage - 50x81x17 - Pi\u00e8ces d\u00e9tach\u00e9es Tracteur Agricole - Nous vous proposons des pi\u00e8ces de qualit\u00e9 origine.","og_url":"https:\/\/edel.fr\/en\/product\/butee-dembrayage-50x81x17-tracteur-agricole\/","og_site_name":"Edel","article_modified_time":"2026-04-02T01:00:38+00:00","og_image":[{"width":1512,"height":1464,"url":"https:\/\/edel.fr\/uploads\/2021\/03\/20304380.jpg","type":"image\/jpeg"}],"twitter_card":"summary_large_image","twitter_misc":{"Est. reading time":"1 minute"},"schema":{"@context":"https:\/\/schema.org","@graph":[{"@type":"WebPage","@id":"https:\/\/edel.fr\/produit\/butee-dembrayage-50x81x17-tracteur-agricole\/","url":"https:\/\/edel.fr\/produit\/butee-dembrayage-50x81x17-tracteur-agricole\/","name":"But\u00e9e d'embrayage - 50x81x17 - Tracteur Agricole - Edel","isPartOf":{"@id":"https:\/\/www.edel.fr\/en\/#website"},"primaryImageOfPage":{"@id":"https:\/\/edel.fr\/produit\/butee-dembrayage-50x81x17-tracteur-agricole\/#primaryimage"},"image":{"@id":"https:\/\/edel.fr\/produit\/butee-dembrayage-50x81x17-tracteur-agricole\/#primaryimage"},"thumbnailUrl":"https:\/\/edel.fr\/uploads\/2021\/03\/20304380.jpg","datePublished":"2021-03-01T14:58:47+00:00","dateModified":"2026-04-02T01:00:38+00:00","description":"But\u00e9e d'embrayage - 50x81x17 - Pi\u00e8ces d\u00e9tach\u00e9es Tracteur Agricole - Nous vous proposons des pi\u00e8ces de qualit\u00e9 origine.","breadcrumb":{"@id":"https:\/\/edel.fr\/produit\/butee-dembrayage-50x81x17-tracteur-agricole\/#breadcrumb"},"inLanguage":"en-US","potentialAction":[{"@type":"ReadAction","target":["https:\/\/edel.fr\/produit\/butee-dembrayage-50x81x17-tracteur-agricole\/"]}]},{"@type":"ImageObject","inLanguage":"en-US","@id":"https:\/\/edel.fr\/produit\/butee-dembrayage-50x81x17-tracteur-agricole\/#primaryimage","url":"https:\/\/edel.fr\/uploads\/2021\/03\/20304380.jpg","contentUrl":"https:\/\/edel.fr\/uploads\/2021\/03\/20304380.jpg","width":1512,"height":1464,"caption":"But\u00e9e d'embrayage - 50x81x17 - Tracteur Agricole"},{"@type":"BreadcrumbList","@id":"https:\/\/edel.fr\/produit\/butee-dembrayage-50x81x17-tracteur-agricole\/#breadcrumb","itemListElement":[{"@type":"ListItem","position":1,"name":"Pi\u00e8ce Tracteur","item":"https:\/\/www.edel.fr\/en\/"},{"@type":"ListItem","position":2,"name":"Toutes nos pi\u00e8ces Tracteur","item":"https:\/\/edel.fr\/shop\/"},{"@type":"ListItem","position":3,"name":"But\u00e9e d&#8217;embrayage &#8211; 50x81x17 &#8211; Tracteur Agricole"}]},{"@type":"WebSite","@id":"https:\/\/www.edel.fr\/en\/#website","url":"https:\/\/www.edel.fr\/en\/","name":"Edel","description":"Pi\u00e8ce d\u00e9tach\u00e9e de Tracteur Agricole","publisher":{"@id":"https:\/\/www.edel.fr\/en\/#organization"},"potentialAction":[{"@type":"SearchAction","target":{"@type":"EntryPoint","urlTemplate":"https:\/\/www.edel.fr\/en\/?s={search_term_string}"},"query-input":{"@type":"PropertyValueSpecification","valueRequired":true,"valueName":"search_term_string"}}],"inLanguage":"en-US"},{"@type":"Organization","@id":"https:\/\/www.edel.fr\/en\/#organization","name":"Edel","url":"https:\/\/www.edel.fr\/en\/","logo":{"@type":"ImageObject","inLanguage":"en-US","@id":"https:\/\/www.edel.fr\/en\/#\/schema\/logo\/image\/","url":"https:\/\/www.edel.fr\/uploads\/2018\/11\/logo-edel.png","contentUrl":"https:\/\/www.edel.fr\/uploads\/2018\/11\/logo-edel.png","width":257,"height":68,"caption":"Edel"},"image":{"@id":"https:\/\/www.edel.fr\/en\/#\/schema\/logo\/image\/"}}]}},"_links":{"self":[{"href":"https:\/\/edel.fr\/en\/wp-json\/wp\/v2\/product\/10674","targetHints":{"allow":["GET"]}}],"collection":[{"href":"https:\/\/edel.fr\/en\/wp-json\/wp\/v2\/product"}],"about":[{"href":"https:\/\/edel.fr\/en\/wp-json\/wp\/v2\/types\/product"}],"version-history":[{"count":1,"href":"https:\/\/edel.fr\/en\/wp-json\/wp\/v2\/product\/10674\/revisions"}],"predecessor-version":[{"id":10677,"href":"https:\/\/edel.fr\/en\/wp-json\/wp\/v2\/product\/10674\/revisions\/10677"}],"wp:featuredmedia":[{"embeddable":true,"href":"https:\/\/edel.fr\/en\/wp-json\/wp\/v2\/media\/10675"}],"wp:attachment":[{"href":"https:\/\/edel.fr\/en\/wp-json\/wp\/v2\/media?parent=10674"}],"wp:term":[{"taxonomy":"product_brand","embeddable":true,"href":"https:\/\/edel.fr\/en\/wp-json\/wp\/v2\/product_brand?post=10674"},{"taxonomy":"product_cat","embeddable":true,"href":"https:\/\/edel.fr\/en\/wp-json\/wp\/v2\/product_cat?post=10674"},{"taxonomy":"product_tag","embeddable":true,"href":"https:\/\/edel.fr\/en\/wp-json\/wp\/v2\/product_tag?post=10674"},{"taxonomy":"tracteur","embeddable":true,"href":"https:\/\/edel.fr\/en\/wp-json\/wp\/v2\/tracteur?post=10674"}],"curies":[{"name":"wp","href":"https:\/\/api.w.org\/{rel}","templated":true}]}}