{"id":10922,"date":"2021-03-15T11:01:05","date_gmt":"2021-03-15T10:01:05","guid":{"rendered":"https:\/\/www.edel.fr\/?post_type=product&#038;p=10922"},"modified":"2026-03-28T02:00:15","modified_gmt":"2026-03-28T01:00:15","slug":"kit-embrayage-renault-claas-complet-103-54-751-780-851-891-981","status":"publish","type":"product","link":"https:\/\/edel.fr\/en\/product\/kit-embrayage-renault-claas-complet-103-54-751-780-851-891-981\/","title":{"rendered":"Kit Embrayage Renault Claas Complet R461S R556 R656 R60 R70"},"content":{"rendered":"<div data-elementor-type=\"wp-post\" data-elementor-id=\"10922\" class=\"elementor elementor-10922\">\n\t\t\t\t\t\t<section class=\"elementor-section elementor-top-section elementor-element elementor-element-09d93a9 elementor-section-boxed elementor-section-height-default elementor-section-height-default\" data-id=\"09d93a9\" data-element_type=\"section\" data-e-type=\"section\">\n\t\t\t\t\t\t<div class=\"elementor-container elementor-column-gap-default\">\n\t\t\t\t\t<div class=\"elementor-column elementor-col-100 elementor-top-column elementor-element elementor-element-76a3ae8\" data-id=\"76a3ae8\" data-element_type=\"column\" data-e-type=\"column\">\n\t\t\t<div class=\"elementor-widget-wrap elementor-element-populated\">\n\t\t\t\t\t\t<div class=\"elementor-element elementor-element-81bd5fb elementor-widget elementor-widget-heading\" data-id=\"81bd5fb\" data-element_type=\"widget\" data-e-type=\"widget\" data-widget_type=\"heading.default\">\n\t\t\t\t<div class=\"elementor-widget-container\">\n\t\t\t\t\t<h2 class=\"elementor-heading-title elementor-size-default\">Kit Embrayage Renault Claas Complet<br>M\u00e9canisme double, Disque d'avancement organique, 2 But\u00e9es et roulement pilote <br><br>\u00d8225\/250 MM\u2013 16\/16 Cannelures<\/h2>\t\t\t\t<\/div>\n\t\t\t\t<\/div>\n\t\t\t\t\t<\/div>\n\t\t<\/div>\n\t\t\t\t\t<\/div>\n\t\t<\/section>\n\t\t\t\t<section class=\"elementor-section elementor-top-section elementor-element elementor-element-eb16697 elementor-section-boxed elementor-section-height-default elementor-section-height-default\" data-id=\"eb16697\" data-element_type=\"section\" data-e-type=\"section\">\n\t\t\t\t\t\t<div class=\"elementor-container elementor-column-gap-default\">\n\t\t\t\t\t<div class=\"elementor-column elementor-col-100 elementor-top-column elementor-element elementor-element-77517aa\" data-id=\"77517aa\" data-element_type=\"column\" data-e-type=\"column\">\n\t\t\t<div class=\"elementor-widget-wrap elementor-element-populated\">\n\t\t\t\t\t\t<div class=\"elementor-element elementor-element-1311a3d elementor-widget elementor-widget-heading\" data-id=\"1311a3d\" data-element_type=\"widget\" data-e-type=\"widget\" data-widget_type=\"heading.default\">\n\t\t\t\t<div class=\"elementor-widget-container\">\n\t\t\t\t\t<h3 class=\"elementor-heading-title elementor-size-default\">Information du produit :<\/h3>\t\t\t\t<\/div>\n\t\t\t\t<\/div>\n\t\t\t\t\t<\/div>\n\t\t<\/div>\n\t\t\t\t\t<\/div>\n\t\t<\/section>\n\t\t\t\t<section class=\"elementor-section elementor-top-section elementor-element elementor-element-27ece5bc elementor-section-boxed elementor-section-height-default elementor-section-height-default\" data-id=\"27ece5bc\" data-element_type=\"section\" data-e-type=\"section\">\n\t\t\t\t\t\t<div class=\"elementor-container elementor-column-gap-default\">\n\t\t\t\t\t<div class=\"elementor-column elementor-col-100 elementor-top-column elementor-element elementor-element-27784c56\" data-id=\"27784c56\" data-element_type=\"column\" data-e-type=\"column\">\n\t\t\t<div class=\"elementor-widget-wrap elementor-element-populated\">\n\t\t\t\t\t\t<div class=\"elementor-element elementor-element-724d2a70 elementor-widget elementor-widget-text-editor\" data-id=\"724d2a70\" data-element_type=\"widget\" data-e-type=\"widget\" data-widget_type=\"text-editor.default\">\n\t\t\t\t<div class=\"elementor-widget-container\">\n\t\t\t\t\t\t\t\t\t<p><span style=\"font-size: 16px\">Kit embrayage de la marque : Renault Claas<\/span><\/p><div>Renault 351, 52L, R 7282, R3250, R3260, R421, R4270, R460, R461S, R466, R480, R490, R50, R501, R521S, R556, R60, R656, R70S, R80, R80F, R90S, V50.<\/div><div>\u00a0<\/div><div><ul><li><span style=\"text-decoration: underline;color: #fdb819\">En option<\/span><span style=\"color: #fdb819\">,<\/span> vous trouverez \u00e9galement\u00a0pour ce montage :<br \/><a href=\"https:\/\/edel.fr\/en\/joint-spi-mwm-arriere\/\" target=\"_blank\" rel=\"noopener\">&#8211; le joint spi<\/a><\/li><\/ul><\/div><p>Le kit d\u2019embrayage tracteur agricole est compos\u00e9 d\u2019un m\u00e9canisme, d\u2019un ou deux disques, d\u2019une ou deux but\u00e9es et du roulement pilote. De plus le kit complet comprend la totalit\u00e9 des pi\u00e8ces \u00e0 changer en atelier. Cependant les pi\u00e8ces de rechange qui le composent sont rigoureusement s\u00e9lectionn\u00e9es pour leur qualit\u00e9 et leur fiabilit\u00e9.\u00a0<\/p><p>Toutefois choisir de remplacer une pi\u00e8ce au d\u00e9tail peut s\u2019av\u00e9rer \u00eatre moins avantageux que de remplacer un ensemble complet. Nos kits se distinguent par la qualit\u00e9 de nos but\u00e9es d\u2019embrayages et roulements pilotes. Une but\u00e9e adaptable qui grippe conduit irr\u00e9m\u00e9diablement \u00e0 la destruction du m\u00e9canisme.<\/p><p>Car pour le montage d\u2019un kit d\u2019embrayage agricole, les pi\u00e8ces p\u00e9riph\u00e9riques doivent proc\u00e9der \u00e0 un examen minutieux. Notamment, le volant moteur et les diff\u00e9rents joints spi.<\/p><p>En effet, pour le syst\u00e8me de commande, une vigilance particuli\u00e8re est \u00e0 porter au c\u00e2ble, a la tringlerie et au circuit hydraulique. En cas de doute, ces composants doivent absolument \u00eatre remis \u00e0 niveau pour permettre le parfait fonctionnement de l\u2019embrayage.<\/p><p>Bien s\u00fbr, pour plus de renseignements, consultez-nous !<\/p>\t\t\t\t\t\t\t\t<\/div>\n\t\t\t\t<\/div>\n\t\t\t\t\t<\/div>\n\t\t<\/div>\n\t\t\t\t\t<\/div>\n\t\t<\/section>\n\t\t\t\t<\/div>","protected":false},"excerpt":{"rendered":"<p>Kit Embrayage Renault Claas CompletM\u00e9canisme double, Disque d&rsquo;avancement organique, 2 But\u00e9es et roulement pilote \u00d8225\/250 MM\u2013 16\/16 Cannelures Information du produit : Kit embrayage de la marque : Renault Claas Renault 351, 52L, R 7282, R3250, R3260, R421, R4270, R460, R461S, R466, R480, R490, R50, R501, R521S, R556, R60, R656, R70S, R80, R80F, R90S, V50.\u00a0<br \/><a class=\"more-link\" href=\"https:\/\/edel.fr\/en\/product\/kit-embrayage-renault-claas-complet-103-54-751-780-851-891-981\/\"><br \/>\n        Read More<span class=\"screen-reader-text\"> \u00ab\u00a0Kit Embrayage Renault Claas Complet R461S R556 R656 R60 R70\u00a0\u00bb<\/span><\/a><\/p>","protected":false},"featured_media":10939,"template":"","meta":[],"product_brand":[],"product_cat":[1141,3965,119,120],"product_tag":[143,124],"tracteur":[],"class_list":{"0":"post-10922","1":"product","2":"type-product","3":"status-publish","4":"has-post-thumbnail","6":"product_cat-kits-dembrayage","7":"product_cat-renault-claas","8":"product_cat-tracteurs-agricoles","9":"product_cat-transmissions","10":"product_tag-kits-dembrayage","11":"product_tag-transmissions","12":"product_shipping_class-142","13":"pa_fabriquant-kawe","14":"pa_marque-tracteur-renault-claas","15":"pa_modele-tracteur-4421","16":"pa_modele-tracteur-52l","17":"pa_modele-tracteur-r-7282","18":"pa_modele-tracteur-r3250","19":"pa_modele-tracteur-r3260","20":"pa_modele-tracteur-r421","21":"pa_modele-tracteur-r4270","22":"pa_modele-tracteur-r460","23":"pa_modele-tracteur-r461s","24":"pa_modele-tracteur-r466","25":"pa_modele-tracteur-r480","26":"pa_modele-tracteur-r490","27":"pa_modele-tracteur-r50","28":"pa_modele-tracteur-r501","29":"pa_modele-tracteur-r521s","30":"pa_modele-tracteur-r556","31":"pa_modele-tracteur-r60","32":"pa_modele-tracteur-r656","33":"pa_modele-tracteur-r70s","34":"pa_modele-tracteur-r80","35":"pa_modele-tracteur-r80f","36":"pa_modele-tracteur-r90s","37":"pa_modele-tracteur-v50","38":"badges-style-2","40":"first","41":"instock","42":"taxable","43":"shipping-taxable","44":"purchasable","45":"product-type-simple"},"acf":[],"yoast_head":"<!-- This site is optimized with the Yoast SEO plugin v27.3 - https:\/\/yoast.com\/product\/yoast-seo-wordpress\/ -->\n<title>Kit Embrayage Renault Claas Complet R461S R556 R656 R60 R70 - Edel<\/title>\n<meta name=\"description\" content=\"Kit Embrayage Renault Claas Complet - Disque avancement organique - 351 52L R3250 R3260 R421 R4270 R460 R461S R466 R480 R490 R50 R501 R521S R556 R60 R656\" \/>\n<meta name=\"robots\" content=\"index, follow, max-snippet:-1, max-image-preview:large, max-video-preview:-1\" \/>\n<link rel=\"canonical\" href=\"https:\/\/edel.fr\/en\/product\/kit-embrayage-renault-claas-complet-103-54-751-780-851-891-981\/\" \/>\n<meta property=\"og:locale\" content=\"en_US\" \/>\n<meta property=\"og:type\" content=\"article\" \/>\n<meta property=\"og:title\" content=\"Kit Embrayage Renault Claas Complet R461S R556 R656 R60 R70 - Edel\" \/>\n<meta property=\"og:description\" content=\"Kit Embrayage Renault Claas Complet - Disque avancement organique - 351 52L R3250 R3260 R421 R4270 R460 R461S R466 R480 R490 R50 R501 R521S R556 R60 R656\" \/>\n<meta property=\"og:url\" content=\"https:\/\/edel.fr\/en\/product\/kit-embrayage-renault-claas-complet-103-54-751-780-851-891-981\/\" \/>\n<meta property=\"og:site_name\" content=\"Edel\" \/>\n<meta property=\"article:modified_time\" content=\"2026-03-28T01:00:15+00:00\" \/>\n<meta property=\"og:image\" content=\"https:\/\/edel.fr\/uploads\/2021\/03\/embrayage-KT015110.jpg\" \/>\n\t<meta property=\"og:image:width\" content=\"1920\" \/>\n\t<meta property=\"og:image:height\" content=\"1440\" \/>\n\t<meta property=\"og:image:type\" content=\"image\/jpeg\" \/>\n<meta name=\"twitter:card\" content=\"summary_large_image\" \/>\n<meta name=\"twitter:label1\" content=\"Est. reading time\" \/>\n\t<meta name=\"twitter:data1\" content=\"2 minutes\" \/>\n<script type=\"application\/ld+json\" class=\"yoast-schema-graph\">{\"@context\":\"https:\\\/\\\/schema.org\",\"@graph\":[{\"@type\":\"WebPage\",\"@id\":\"https:\\\/\\\/edel.fr\\\/produit\\\/kit-embrayage-renault-claas-complet-103-54-751-780-851-891-981\\\/\",\"url\":\"https:\\\/\\\/edel.fr\\\/produit\\\/kit-embrayage-renault-claas-complet-103-54-751-780-851-891-981\\\/\",\"name\":\"Kit Embrayage Renault Claas Complet R461S R556 R656 R60 R70 - Edel\",\"isPartOf\":{\"@id\":\"https:\\\/\\\/www.edel.fr\\\/en\\\/#website\"},\"primaryImageOfPage\":{\"@id\":\"https:\\\/\\\/edel.fr\\\/produit\\\/kit-embrayage-renault-claas-complet-103-54-751-780-851-891-981\\\/#primaryimage\"},\"image\":{\"@id\":\"https:\\\/\\\/edel.fr\\\/produit\\\/kit-embrayage-renault-claas-complet-103-54-751-780-851-891-981\\\/#primaryimage\"},\"thumbnailUrl\":\"https:\\\/\\\/edel.fr\\\/uploads\\\/2021\\\/03\\\/embrayage-KT015110.jpg\",\"datePublished\":\"2021-03-15T10:01:05+00:00\",\"dateModified\":\"2026-03-28T01:00:15+00:00\",\"description\":\"Kit Embrayage Renault Claas Complet - Disque avancement organique - 351 52L R3250 R3260 R421 R4270 R460 R461S R466 R480 R490 R50 R501 R521S R556 R60 R656\",\"breadcrumb\":{\"@id\":\"https:\\\/\\\/edel.fr\\\/produit\\\/kit-embrayage-renault-claas-complet-103-54-751-780-851-891-981\\\/#breadcrumb\"},\"inLanguage\":\"en-US\",\"potentialAction\":[{\"@type\":\"ReadAction\",\"target\":[\"https:\\\/\\\/edel.fr\\\/produit\\\/kit-embrayage-renault-claas-complet-103-54-751-780-851-891-981\\\/\"]}]},{\"@type\":\"ImageObject\",\"inLanguage\":\"en-US\",\"@id\":\"https:\\\/\\\/edel.fr\\\/produit\\\/kit-embrayage-renault-claas-complet-103-54-751-780-851-891-981\\\/#primaryimage\",\"url\":\"https:\\\/\\\/edel.fr\\\/uploads\\\/2021\\\/03\\\/embrayage-KT015110.jpg\",\"contentUrl\":\"https:\\\/\\\/edel.fr\\\/uploads\\\/2021\\\/03\\\/embrayage-KT015110.jpg\",\"width\":1920,\"height\":1440,\"caption\":\"Kit Embrayage Renault Claas Complet R461S R556 R656 R60 R70\"},{\"@type\":\"BreadcrumbList\",\"@id\":\"https:\\\/\\\/edel.fr\\\/produit\\\/kit-embrayage-renault-claas-complet-103-54-751-780-851-891-981\\\/#breadcrumb\",\"itemListElement\":[{\"@type\":\"ListItem\",\"position\":1,\"name\":\"Pi\u00e8ce Tracteur\",\"item\":\"https:\\\/\\\/www.edel.fr\\\/en\\\/\"},{\"@type\":\"ListItem\",\"position\":2,\"name\":\"Toutes nos pi\u00e8ces Tracteur\",\"item\":\"https:\\\/\\\/edel.fr\\\/shop\\\/\"},{\"@type\":\"ListItem\",\"position\":3,\"name\":\"Kit Embrayage Renault Claas Complet R461S R556 R656 R60 R70\"}]},{\"@type\":\"WebSite\",\"@id\":\"https:\\\/\\\/www.edel.fr\\\/en\\\/#website\",\"url\":\"https:\\\/\\\/www.edel.fr\\\/en\\\/\",\"name\":\"Edel\",\"description\":\"Pi\u00e8ce d\u00e9tach\u00e9e de Tracteur Agricole\",\"publisher\":{\"@id\":\"https:\\\/\\\/www.edel.fr\\\/en\\\/#organization\"},\"potentialAction\":[{\"@type\":\"SearchAction\",\"target\":{\"@type\":\"EntryPoint\",\"urlTemplate\":\"https:\\\/\\\/www.edel.fr\\\/en\\\/?s={search_term_string}\"},\"query-input\":{\"@type\":\"PropertyValueSpecification\",\"valueRequired\":true,\"valueName\":\"search_term_string\"}}],\"inLanguage\":\"en-US\"},{\"@type\":\"Organization\",\"@id\":\"https:\\\/\\\/www.edel.fr\\\/en\\\/#organization\",\"name\":\"Edel\",\"url\":\"https:\\\/\\\/www.edel.fr\\\/en\\\/\",\"logo\":{\"@type\":\"ImageObject\",\"inLanguage\":\"en-US\",\"@id\":\"https:\\\/\\\/www.edel.fr\\\/en\\\/#\\\/schema\\\/logo\\\/image\\\/\",\"url\":\"https:\\\/\\\/www.edel.fr\\\/uploads\\\/2018\\\/11\\\/logo-edel.png\",\"contentUrl\":\"https:\\\/\\\/www.edel.fr\\\/uploads\\\/2018\\\/11\\\/logo-edel.png\",\"width\":257,\"height\":68,\"caption\":\"Edel\"},\"image\":{\"@id\":\"https:\\\/\\\/www.edel.fr\\\/en\\\/#\\\/schema\\\/logo\\\/image\\\/\"}}]}<\/script>\n<!-- \/ Yoast SEO plugin. -->","yoast_head_json":{"title":"Kit Embrayage Renault Claas Complet R461S R556 R656 R60 R70 - Edel","description":"Kit Embrayage Renault Claas Complet - Disque avancement organique - 351 52L R3250 R3260 R421 R4270 R460 R461S R466 R480 R490 R50 R501 R521S R556 R60 R656","robots":{"index":"index","follow":"follow","max-snippet":"max-snippet:-1","max-image-preview":"max-image-preview:large","max-video-preview":"max-video-preview:-1"},"canonical":"https:\/\/edel.fr\/en\/product\/kit-embrayage-renault-claas-complet-103-54-751-780-851-891-981\/","og_locale":"en_US","og_type":"article","og_title":"Kit Embrayage Renault Claas Complet R461S R556 R656 R60 R70 - Edel","og_description":"Kit Embrayage Renault Claas Complet - Disque avancement organique - 351 52L R3250 R3260 R421 R4270 R460 R461S R466 R480 R490 R50 R501 R521S R556 R60 R656","og_url":"https:\/\/edel.fr\/en\/product\/kit-embrayage-renault-claas-complet-103-54-751-780-851-891-981\/","og_site_name":"Edel","article_modified_time":"2026-03-28T01:00:15+00:00","og_image":[{"width":1920,"height":1440,"url":"https:\/\/edel.fr\/uploads\/2021\/03\/embrayage-KT015110.jpg","type":"image\/jpeg"}],"twitter_card":"summary_large_image","twitter_misc":{"Est. reading time":"2 minutes"},"schema":{"@context":"https:\/\/schema.org","@graph":[{"@type":"WebPage","@id":"https:\/\/edel.fr\/produit\/kit-embrayage-renault-claas-complet-103-54-751-780-851-891-981\/","url":"https:\/\/edel.fr\/produit\/kit-embrayage-renault-claas-complet-103-54-751-780-851-891-981\/","name":"Kit Embrayage Renault Claas Complet R461S R556 R656 R60 R70 - Edel","isPartOf":{"@id":"https:\/\/www.edel.fr\/en\/#website"},"primaryImageOfPage":{"@id":"https:\/\/edel.fr\/produit\/kit-embrayage-renault-claas-complet-103-54-751-780-851-891-981\/#primaryimage"},"image":{"@id":"https:\/\/edel.fr\/produit\/kit-embrayage-renault-claas-complet-103-54-751-780-851-891-981\/#primaryimage"},"thumbnailUrl":"https:\/\/edel.fr\/uploads\/2021\/03\/embrayage-KT015110.jpg","datePublished":"2021-03-15T10:01:05+00:00","dateModified":"2026-03-28T01:00:15+00:00","description":"Kit Embrayage Renault Claas Complet - Disque avancement organique - 351 52L R3250 R3260 R421 R4270 R460 R461S R466 R480 R490 R50 R501 R521S R556 R60 R656","breadcrumb":{"@id":"https:\/\/edel.fr\/produit\/kit-embrayage-renault-claas-complet-103-54-751-780-851-891-981\/#breadcrumb"},"inLanguage":"en-US","potentialAction":[{"@type":"ReadAction","target":["https:\/\/edel.fr\/produit\/kit-embrayage-renault-claas-complet-103-54-751-780-851-891-981\/"]}]},{"@type":"ImageObject","inLanguage":"en-US","@id":"https:\/\/edel.fr\/produit\/kit-embrayage-renault-claas-complet-103-54-751-780-851-891-981\/#primaryimage","url":"https:\/\/edel.fr\/uploads\/2021\/03\/embrayage-KT015110.jpg","contentUrl":"https:\/\/edel.fr\/uploads\/2021\/03\/embrayage-KT015110.jpg","width":1920,"height":1440,"caption":"Kit Embrayage Renault Claas Complet R461S R556 R656 R60 R70"},{"@type":"BreadcrumbList","@id":"https:\/\/edel.fr\/produit\/kit-embrayage-renault-claas-complet-103-54-751-780-851-891-981\/#breadcrumb","itemListElement":[{"@type":"ListItem","position":1,"name":"Pi\u00e8ce Tracteur","item":"https:\/\/www.edel.fr\/en\/"},{"@type":"ListItem","position":2,"name":"Toutes nos pi\u00e8ces Tracteur","item":"https:\/\/edel.fr\/shop\/"},{"@type":"ListItem","position":3,"name":"Kit Embrayage Renault Claas Complet R461S R556 R656 R60 R70"}]},{"@type":"WebSite","@id":"https:\/\/www.edel.fr\/en\/#website","url":"https:\/\/www.edel.fr\/en\/","name":"Edel","description":"Pi\u00e8ce d\u00e9tach\u00e9e de Tracteur Agricole","publisher":{"@id":"https:\/\/www.edel.fr\/en\/#organization"},"potentialAction":[{"@type":"SearchAction","target":{"@type":"EntryPoint","urlTemplate":"https:\/\/www.edel.fr\/en\/?s={search_term_string}"},"query-input":{"@type":"PropertyValueSpecification","valueRequired":true,"valueName":"search_term_string"}}],"inLanguage":"en-US"},{"@type":"Organization","@id":"https:\/\/www.edel.fr\/en\/#organization","name":"Edel","url":"https:\/\/www.edel.fr\/en\/","logo":{"@type":"ImageObject","inLanguage":"en-US","@id":"https:\/\/www.edel.fr\/en\/#\/schema\/logo\/image\/","url":"https:\/\/www.edel.fr\/uploads\/2018\/11\/logo-edel.png","contentUrl":"https:\/\/www.edel.fr\/uploads\/2018\/11\/logo-edel.png","width":257,"height":68,"caption":"Edel"},"image":{"@id":"https:\/\/www.edel.fr\/en\/#\/schema\/logo\/image\/"}}]}},"_links":{"self":[{"href":"https:\/\/edel.fr\/en\/wp-json\/wp\/v2\/product\/10922","targetHints":{"allow":["GET"]}}],"collection":[{"href":"https:\/\/edel.fr\/en\/wp-json\/wp\/v2\/product"}],"about":[{"href":"https:\/\/edel.fr\/en\/wp-json\/wp\/v2\/types\/product"}],"version-history":[{"count":2,"href":"https:\/\/edel.fr\/en\/wp-json\/wp\/v2\/product\/10922\/revisions"}],"predecessor-version":[{"id":14760,"href":"https:\/\/edel.fr\/en\/wp-json\/wp\/v2\/product\/10922\/revisions\/14760"}],"wp:featuredmedia":[{"embeddable":true,"href":"https:\/\/edel.fr\/en\/wp-json\/wp\/v2\/media\/10939"}],"wp:attachment":[{"href":"https:\/\/edel.fr\/en\/wp-json\/wp\/v2\/media?parent=10922"}],"wp:term":[{"taxonomy":"product_brand","embeddable":true,"href":"https:\/\/edel.fr\/en\/wp-json\/wp\/v2\/product_brand?post=10922"},{"taxonomy":"product_cat","embeddable":true,"href":"https:\/\/edel.fr\/en\/wp-json\/wp\/v2\/product_cat?post=10922"},{"taxonomy":"product_tag","embeddable":true,"href":"https:\/\/edel.fr\/en\/wp-json\/wp\/v2\/product_tag?post=10922"},{"taxonomy":"tracteur","embeddable":true,"href":"https:\/\/edel.fr\/en\/wp-json\/wp\/v2\/tracteur?post=10922"}],"curies":[{"name":"wp","href":"https:\/\/api.w.org\/{rel}","templated":true}]}}