{"id":11192,"date":"2021-04-21T09:28:46","date_gmt":"2021-04-21T07:28:46","guid":{"rendered":"https:\/\/www.edel.fr\/?post_type=product&#038;p=11192"},"modified":"2025-11-19T11:20:26","modified_gmt":"2025-11-19T10:20:26","slug":"disque-dembrayage-26-x-32-mf-claas-10-can-organique","status":"publish","type":"product","link":"https:\/\/edel.fr\/en\/product\/disque-dembrayage-26-x-32-mf-claas-10-can-organique\/","title":{"rendered":"Disque d&#8217;embrayage 26 X 32 &#8211; MF, Claas &#8211; 10 Can. &#8211; Organique"},"content":{"rendered":"<div data-elementor-type=\"wp-post\" data-elementor-id=\"11192\" class=\"elementor elementor-11192\">\n\t\t\t\t\t\t<section class=\"elementor-section elementor-top-section elementor-element elementor-element-4da80f77 elementor-section-boxed elementor-section-height-default elementor-section-height-default\" data-id=\"4da80f77\" data-element_type=\"section\" data-e-type=\"section\">\n\t\t\t\t\t\t<div class=\"elementor-container elementor-column-gap-default\">\n\t\t\t\t\t<div class=\"elementor-column elementor-col-100 elementor-top-column elementor-element elementor-element-1b6a729c\" data-id=\"1b6a729c\" data-element_type=\"column\" data-e-type=\"column\">\n\t\t\t<div class=\"elementor-widget-wrap elementor-element-populated\">\n\t\t\t\t\t\t<div class=\"elementor-element elementor-element-4910c471 elementor-widget elementor-widget-heading\" data-id=\"4910c471\" data-element_type=\"widget\" data-e-type=\"widget\" data-widget_type=\"heading.default\">\n\t\t\t\t<div class=\"elementor-widget-container\">\n\t\t\t\t\t<h2 class=\"elementor-heading-title elementor-size-default\">DISQUE D'EMBRAYAGE ORGANIQUE MASSEY FERGUSON, CLAAS, EICHER, FENDT\n- \u2300225 - 10 Cannelures<\/h2>\t\t\t\t<\/div>\n\t\t\t\t<\/div>\n\t\t\t\t<div class=\"elementor-element elementor-element-179d03f6 elementor-widget elementor-widget-heading\" data-id=\"179d03f6\" data-element_type=\"widget\" data-e-type=\"widget\" data-widget_type=\"heading.default\">\n\t\t\t\t<div class=\"elementor-widget-container\">\n\t\t\t\t\t<h3 class=\"elementor-heading-title elementor-size-default\">Information du produit :<\/h3>\t\t\t\t<\/div>\n\t\t\t\t<\/div>\n\t\t\t\t\t<\/div>\n\t\t<\/div>\n\t\t\t\t\t<\/div>\n\t\t<\/section>\n\t\t\t\t<section class=\"elementor-section elementor-top-section elementor-element elementor-element-290ca7d1 elementor-section-boxed elementor-section-height-default elementor-section-height-default\" data-id=\"290ca7d1\" data-element_type=\"section\" data-e-type=\"section\">\n\t\t\t\t\t\t<div class=\"elementor-container elementor-column-gap-default\">\n\t\t\t\t\t<div class=\"elementor-column elementor-col-100 elementor-top-column elementor-element elementor-element-773f35b7\" data-id=\"773f35b7\" data-element_type=\"column\" data-e-type=\"column\">\n\t\t\t<div class=\"elementor-widget-wrap elementor-element-populated\">\n\t\t\t\t\t\t<div class=\"elementor-element elementor-element-7774c225 elementor-widget elementor-widget-text-editor\" data-id=\"7774c225\" data-element_type=\"widget\" data-e-type=\"widget\" data-widget_type=\"text-editor.default\">\n\t\t\t\t<div class=\"elementor-widget-container\">\n\t\t\t\t\t\t\t\t\t<p>Moyeu : 26 X 32<\/p><p>Pour Massey Ferguson, Claas, Eicher, Fendt : 132 VIGNERONS, 685, 85, 86\/6, 87\/6, EM200, EM235, EM295&#8230;<\/p>\t\t\t\t\t\t\t\t<\/div>\n\t\t\t\t<\/div>\n\t\t\t\t\t<\/div>\n\t\t<\/div>\n\t\t\t\t\t<\/div>\n\t\t<\/section>\n\t\t\t\t<\/div>","protected":false},"excerpt":{"rendered":"<p>DISQUE D&rsquo;EMBRAYAGE ORGANIQUE MASSEY FERGUSON, CLAAS, EICHER, FENDT &#8211; \u2300225 &#8211; 10 Cannelures Information du produit : Moyeu : 26 X 32 Pour Massey Ferguson, Claas, Eicher, Fendt : 132 VIGNERONS, 685, 85, 86\/6, 87\/6, EM200, EM235, EM295&#8230;<\/p>","protected":false},"featured_media":11193,"template":"","meta":[],"product_brand":[],"product_cat":[126,3971,3975,3982,3985,119,120],"product_tag":[2499],"tracteur":[],"class_list":{"0":"post-11192","1":"product","2":"type-product","3":"status-publish","4":"has-post-thumbnail","6":"product_cat-disques-embrayage","7":"product_cat-eicher","8":"product_cat-fendt-disque","9":"product_cat-massey-ferguson-disque","10":"product_cat-renault-claas-disque","11":"product_cat-tracteurs-agricoles","12":"product_cat-transmissions","13":"product_tag-disque-dembrayage","14":"product_shipping_class-142","15":"pa_marque-tracteur-eicher","16":"pa_marque-tracteur-fendt","17":"pa_marque-tracteur-massey-ferguson","18":"pa_marque-tracteur-renault-claas","19":"pa_type-2-132-vignerons","20":"pa_type-2-1353","21":"pa_type-2-1239","22":"pa_type-2-86-6","23":"pa_type-2-87-6","24":"pa_type-2-em200","25":"pa_type-2-em235","26":"pa_type-2-em295","27":"badges-style-2","29":"first","30":"outofstock","31":"taxable","32":"shipping-taxable","33":"purchasable","34":"product-type-simple"},"acf":[],"yoast_head":"<!-- This site is optimized with the Yoast SEO plugin v27.3 - https:\/\/yoast.com\/product\/yoast-seo-wordpress\/ -->\n<title>Disque d&#039;embrayage 26 X 32 - MF, Claas - 10 Can. - Organique - Edel<\/title>\n<meta name=\"description\" content=\"Disque d&#039;embrayage 26 X 32 - Massey Ferguson, Claas, Eicher, Fendt - 10 Cannelures - Diam\u00e8tre : 225 - Toutes les pi\u00e8ces pour votre Tracteur Agricole\" \/>\n<meta name=\"robots\" content=\"index, follow, max-snippet:-1, max-image-preview:large, max-video-preview:-1\" \/>\n<link rel=\"canonical\" href=\"https:\/\/edel.fr\/en\/product\/disque-dembrayage-26-x-32-mf-claas-10-can-organique\/\" \/>\n<meta property=\"og:locale\" content=\"en_US\" \/>\n<meta property=\"og:type\" content=\"article\" \/>\n<meta property=\"og:title\" content=\"Disque d&#039;embrayage 26 X 32 - MF, Claas - 10 Can. - Organique - Edel\" \/>\n<meta property=\"og:description\" content=\"Disque d&#039;embrayage 26 X 32 - Massey Ferguson, Claas, Eicher, Fendt - 10 Cannelures - Diam\u00e8tre : 225 - Toutes les pi\u00e8ces pour votre Tracteur Agricole\" \/>\n<meta property=\"og:url\" content=\"https:\/\/edel.fr\/en\/product\/disque-dembrayage-26-x-32-mf-claas-10-can-organique\/\" \/>\n<meta property=\"og:site_name\" content=\"Edel\" \/>\n<meta property=\"article:modified_time\" content=\"2025-11-19T10:20:26+00:00\" \/>\n<meta property=\"og:image\" content=\"https:\/\/edel.fr\/uploads\/2021\/04\/2022201312.jpg\" \/>\n\t<meta property=\"og:image:width\" content=\"1512\" \/>\n\t<meta property=\"og:image:height\" content=\"1629\" \/>\n\t<meta property=\"og:image:type\" content=\"image\/jpeg\" \/>\n<meta name=\"twitter:card\" content=\"summary_large_image\" \/>\n<meta name=\"twitter:label1\" content=\"Est. reading time\" \/>\n\t<meta name=\"twitter:data1\" content=\"1 minute\" \/>\n<script type=\"application\/ld+json\" class=\"yoast-schema-graph\">{\"@context\":\"https:\\\/\\\/schema.org\",\"@graph\":[{\"@type\":\"WebPage\",\"@id\":\"https:\\\/\\\/edel.fr\\\/en\\\/product\\\/disque-dembrayage-26-x-32-mf-claas-10-can-organique\\\/\",\"url\":\"https:\\\/\\\/edel.fr\\\/en\\\/product\\\/disque-dembrayage-26-x-32-mf-claas-10-can-organique\\\/\",\"name\":\"Disque d'embrayage 26 X 32 - MF, Claas - 10 Can. - Organique - Edel\",\"isPartOf\":{\"@id\":\"https:\\\/\\\/www.edel.fr\\\/en\\\/#website\"},\"primaryImageOfPage\":{\"@id\":\"https:\\\/\\\/edel.fr\\\/en\\\/product\\\/disque-dembrayage-26-x-32-mf-claas-10-can-organique\\\/#primaryimage\"},\"image\":{\"@id\":\"https:\\\/\\\/edel.fr\\\/en\\\/product\\\/disque-dembrayage-26-x-32-mf-claas-10-can-organique\\\/#primaryimage\"},\"thumbnailUrl\":\"https:\\\/\\\/edel.fr\\\/uploads\\\/2021\\\/04\\\/2022201312.jpg\",\"datePublished\":\"2021-04-21T07:28:46+00:00\",\"dateModified\":\"2025-11-19T10:20:26+00:00\",\"description\":\"Disque d'embrayage 26 X 32 - Massey Ferguson, Claas, Eicher, Fendt - 10 Cannelures - Diam\u00e8tre : 225 - Toutes les pi\u00e8ces pour votre Tracteur Agricole\",\"breadcrumb\":{\"@id\":\"https:\\\/\\\/edel.fr\\\/en\\\/product\\\/disque-dembrayage-26-x-32-mf-claas-10-can-organique\\\/#breadcrumb\"},\"inLanguage\":\"en-US\",\"potentialAction\":[{\"@type\":\"ReadAction\",\"target\":[\"https:\\\/\\\/edel.fr\\\/en\\\/product\\\/disque-dembrayage-26-x-32-mf-claas-10-can-organique\\\/\"]}]},{\"@type\":\"ImageObject\",\"inLanguage\":\"en-US\",\"@id\":\"https:\\\/\\\/edel.fr\\\/en\\\/product\\\/disque-dembrayage-26-x-32-mf-claas-10-can-organique\\\/#primaryimage\",\"url\":\"https:\\\/\\\/edel.fr\\\/uploads\\\/2021\\\/04\\\/2022201312.jpg\",\"contentUrl\":\"https:\\\/\\\/edel.fr\\\/uploads\\\/2021\\\/04\\\/2022201312.jpg\",\"width\":1512,\"height\":1629,\"caption\":\"Disque d'embrayage 26 X 32 - MF, Claas - 10 Can. - Organique\"},{\"@type\":\"BreadcrumbList\",\"@id\":\"https:\\\/\\\/edel.fr\\\/en\\\/product\\\/disque-dembrayage-26-x-32-mf-claas-10-can-organique\\\/#breadcrumb\",\"itemListElement\":[{\"@type\":\"ListItem\",\"position\":1,\"name\":\"Pi\u00e8ce Tracteur\",\"item\":\"https:\\\/\\\/www.edel.fr\\\/en\\\/\"},{\"@type\":\"ListItem\",\"position\":2,\"name\":\"Toutes nos pi\u00e8ces Tracteur\",\"item\":\"https:\\\/\\\/edel.fr\\\/shop\\\/\"},{\"@type\":\"ListItem\",\"position\":3,\"name\":\"Disque d&#8217;embrayage 26 X 32 &#8211; MF, Claas &#8211; 10 Can. &#8211; Organique\"}]},{\"@type\":\"WebSite\",\"@id\":\"https:\\\/\\\/www.edel.fr\\\/en\\\/#website\",\"url\":\"https:\\\/\\\/www.edel.fr\\\/en\\\/\",\"name\":\"Edel\",\"description\":\"Pi\u00e8ce d\u00e9tach\u00e9e de Tracteur Agricole\",\"publisher\":{\"@id\":\"https:\\\/\\\/www.edel.fr\\\/en\\\/#organization\"},\"potentialAction\":[{\"@type\":\"SearchAction\",\"target\":{\"@type\":\"EntryPoint\",\"urlTemplate\":\"https:\\\/\\\/www.edel.fr\\\/en\\\/?s={search_term_string}\"},\"query-input\":{\"@type\":\"PropertyValueSpecification\",\"valueRequired\":true,\"valueName\":\"search_term_string\"}}],\"inLanguage\":\"en-US\"},{\"@type\":\"Organization\",\"@id\":\"https:\\\/\\\/www.edel.fr\\\/en\\\/#organization\",\"name\":\"Edel\",\"url\":\"https:\\\/\\\/www.edel.fr\\\/en\\\/\",\"logo\":{\"@type\":\"ImageObject\",\"inLanguage\":\"en-US\",\"@id\":\"https:\\\/\\\/www.edel.fr\\\/en\\\/#\\\/schema\\\/logo\\\/image\\\/\",\"url\":\"https:\\\/\\\/www.edel.fr\\\/uploads\\\/2018\\\/11\\\/logo-edel.png\",\"contentUrl\":\"https:\\\/\\\/www.edel.fr\\\/uploads\\\/2018\\\/11\\\/logo-edel.png\",\"width\":257,\"height\":68,\"caption\":\"Edel\"},\"image\":{\"@id\":\"https:\\\/\\\/www.edel.fr\\\/en\\\/#\\\/schema\\\/logo\\\/image\\\/\"}}]}<\/script>\n<!-- \/ Yoast SEO plugin. -->","yoast_head_json":{"title":"Disque d'embrayage 26 X 32 - MF, Claas - 10 Can. - Organique - Edel","description":"Disque d'embrayage 26 X 32 - Massey Ferguson, Claas, Eicher, Fendt - 10 Cannelures - Diam\u00e8tre : 225 - Toutes les pi\u00e8ces pour votre Tracteur Agricole","robots":{"index":"index","follow":"follow","max-snippet":"max-snippet:-1","max-image-preview":"max-image-preview:large","max-video-preview":"max-video-preview:-1"},"canonical":"https:\/\/edel.fr\/en\/product\/disque-dembrayage-26-x-32-mf-claas-10-can-organique\/","og_locale":"en_US","og_type":"article","og_title":"Disque d'embrayage 26 X 32 - MF, Claas - 10 Can. - Organique - Edel","og_description":"Disque d'embrayage 26 X 32 - Massey Ferguson, Claas, Eicher, Fendt - 10 Cannelures - Diam\u00e8tre : 225 - Toutes les pi\u00e8ces pour votre Tracteur Agricole","og_url":"https:\/\/edel.fr\/en\/product\/disque-dembrayage-26-x-32-mf-claas-10-can-organique\/","og_site_name":"Edel","article_modified_time":"2025-11-19T10:20:26+00:00","og_image":[{"width":1512,"height":1629,"url":"https:\/\/edel.fr\/uploads\/2021\/04\/2022201312.jpg","type":"image\/jpeg"}],"twitter_card":"summary_large_image","twitter_misc":{"Est. reading time":"1 minute"},"schema":{"@context":"https:\/\/schema.org","@graph":[{"@type":"WebPage","@id":"https:\/\/edel.fr\/en\/product\/disque-dembrayage-26-x-32-mf-claas-10-can-organique\/","url":"https:\/\/edel.fr\/en\/product\/disque-dembrayage-26-x-32-mf-claas-10-can-organique\/","name":"Disque d'embrayage 26 X 32 - MF, Claas - 10 Can. - Organique - Edel","isPartOf":{"@id":"https:\/\/www.edel.fr\/en\/#website"},"primaryImageOfPage":{"@id":"https:\/\/edel.fr\/en\/product\/disque-dembrayage-26-x-32-mf-claas-10-can-organique\/#primaryimage"},"image":{"@id":"https:\/\/edel.fr\/en\/product\/disque-dembrayage-26-x-32-mf-claas-10-can-organique\/#primaryimage"},"thumbnailUrl":"https:\/\/edel.fr\/uploads\/2021\/04\/2022201312.jpg","datePublished":"2021-04-21T07:28:46+00:00","dateModified":"2025-11-19T10:20:26+00:00","description":"Disque d'embrayage 26 X 32 - Massey Ferguson, Claas, Eicher, Fendt - 10 Cannelures - Diam\u00e8tre : 225 - Toutes les pi\u00e8ces pour votre Tracteur Agricole","breadcrumb":{"@id":"https:\/\/edel.fr\/en\/product\/disque-dembrayage-26-x-32-mf-claas-10-can-organique\/#breadcrumb"},"inLanguage":"en-US","potentialAction":[{"@type":"ReadAction","target":["https:\/\/edel.fr\/en\/product\/disque-dembrayage-26-x-32-mf-claas-10-can-organique\/"]}]},{"@type":"ImageObject","inLanguage":"en-US","@id":"https:\/\/edel.fr\/en\/product\/disque-dembrayage-26-x-32-mf-claas-10-can-organique\/#primaryimage","url":"https:\/\/edel.fr\/uploads\/2021\/04\/2022201312.jpg","contentUrl":"https:\/\/edel.fr\/uploads\/2021\/04\/2022201312.jpg","width":1512,"height":1629,"caption":"Disque d'embrayage 26 X 32 - MF, Claas - 10 Can. - Organique"},{"@type":"BreadcrumbList","@id":"https:\/\/edel.fr\/en\/product\/disque-dembrayage-26-x-32-mf-claas-10-can-organique\/#breadcrumb","itemListElement":[{"@type":"ListItem","position":1,"name":"Pi\u00e8ce Tracteur","item":"https:\/\/www.edel.fr\/en\/"},{"@type":"ListItem","position":2,"name":"Toutes nos pi\u00e8ces Tracteur","item":"https:\/\/edel.fr\/shop\/"},{"@type":"ListItem","position":3,"name":"Disque d&#8217;embrayage 26 X 32 &#8211; MF, Claas &#8211; 10 Can. &#8211; Organique"}]},{"@type":"WebSite","@id":"https:\/\/www.edel.fr\/en\/#website","url":"https:\/\/www.edel.fr\/en\/","name":"Edel","description":"Pi\u00e8ce d\u00e9tach\u00e9e de Tracteur Agricole","publisher":{"@id":"https:\/\/www.edel.fr\/en\/#organization"},"potentialAction":[{"@type":"SearchAction","target":{"@type":"EntryPoint","urlTemplate":"https:\/\/www.edel.fr\/en\/?s={search_term_string}"},"query-input":{"@type":"PropertyValueSpecification","valueRequired":true,"valueName":"search_term_string"}}],"inLanguage":"en-US"},{"@type":"Organization","@id":"https:\/\/www.edel.fr\/en\/#organization","name":"Edel","url":"https:\/\/www.edel.fr\/en\/","logo":{"@type":"ImageObject","inLanguage":"en-US","@id":"https:\/\/www.edel.fr\/en\/#\/schema\/logo\/image\/","url":"https:\/\/www.edel.fr\/uploads\/2018\/11\/logo-edel.png","contentUrl":"https:\/\/www.edel.fr\/uploads\/2018\/11\/logo-edel.png","width":257,"height":68,"caption":"Edel"},"image":{"@id":"https:\/\/www.edel.fr\/en\/#\/schema\/logo\/image\/"}}]}},"_links":{"self":[{"href":"https:\/\/edel.fr\/en\/wp-json\/wp\/v2\/product\/11192","targetHints":{"allow":["GET"]}}],"collection":[{"href":"https:\/\/edel.fr\/en\/wp-json\/wp\/v2\/product"}],"about":[{"href":"https:\/\/edel.fr\/en\/wp-json\/wp\/v2\/types\/product"}],"version-history":[{"count":2,"href":"https:\/\/edel.fr\/en\/wp-json\/wp\/v2\/product\/11192\/revisions"}],"predecessor-version":[{"id":14644,"href":"https:\/\/edel.fr\/en\/wp-json\/wp\/v2\/product\/11192\/revisions\/14644"}],"wp:featuredmedia":[{"embeddable":true,"href":"https:\/\/edel.fr\/en\/wp-json\/wp\/v2\/media\/11193"}],"wp:attachment":[{"href":"https:\/\/edel.fr\/en\/wp-json\/wp\/v2\/media?parent=11192"}],"wp:term":[{"taxonomy":"product_brand","embeddable":true,"href":"https:\/\/edel.fr\/en\/wp-json\/wp\/v2\/product_brand?post=11192"},{"taxonomy":"product_cat","embeddable":true,"href":"https:\/\/edel.fr\/en\/wp-json\/wp\/v2\/product_cat?post=11192"},{"taxonomy":"product_tag","embeddable":true,"href":"https:\/\/edel.fr\/en\/wp-json\/wp\/v2\/product_tag?post=11192"},{"taxonomy":"tracteur","embeddable":true,"href":"https:\/\/edel.fr\/en\/wp-json\/wp\/v2\/tracteur?post=11192"}],"curies":[{"name":"wp","href":"https:\/\/api.w.org\/{rel}","templated":true}]}}