{"id":11205,"date":"2021-04-21T10:07:27","date_gmt":"2021-04-21T08:07:27","guid":{"rendered":"https:\/\/www.edel.fr\/?post_type=product&#038;p=11205"},"modified":"2026-03-20T02:00:26","modified_gmt":"2026-03-20T01:00:26","slug":"disque-dembrayage-case-eicher-23-x-29-10-can-organique","status":"publish","type":"product","link":"https:\/\/edel.fr\/en\/product\/disque-dembrayage-case-eicher-23-x-29-10-can-organique\/","title":{"rendered":"Disque d&#8217;embrayage Case, Eicher &#8211; 23 X 29 &#8211; 10 Can. &#8211; Organique"},"content":{"rendered":"<div data-elementor-type=\"wp-post\" data-elementor-id=\"11205\" class=\"elementor elementor-11205\">\n\t\t\t\t\t\t<section class=\"elementor-section elementor-top-section elementor-element elementor-element-32dc743d elementor-section-boxed elementor-section-height-default elementor-section-height-default\" data-id=\"32dc743d\" data-element_type=\"section\" data-e-type=\"section\">\n\t\t\t\t\t\t<div class=\"elementor-container elementor-column-gap-default\">\n\t\t\t\t\t<div class=\"elementor-column elementor-col-100 elementor-top-column elementor-element elementor-element-453dac36\" data-id=\"453dac36\" data-element_type=\"column\" data-e-type=\"column\">\n\t\t\t<div class=\"elementor-widget-wrap elementor-element-populated\">\n\t\t\t\t\t\t<div class=\"elementor-element elementor-element-5a26880f elementor-widget elementor-widget-heading\" data-id=\"5a26880f\" data-element_type=\"widget\" data-e-type=\"widget\" data-widget_type=\"heading.default\">\n\t\t\t\t<div class=\"elementor-widget-container\">\n\t\t\t\t\t<h2 class=\"elementor-heading-title elementor-size-default\">DISQUE D'EMBRAYAGE AVANCEMENT ORGANIQUE CASE, EICHER\n- \u2300225 - 10 Cannelures<\/h2>\t\t\t\t<\/div>\n\t\t\t\t<\/div>\n\t\t\t\t<div class=\"elementor-element elementor-element-3f285000 elementor-widget elementor-widget-heading\" data-id=\"3f285000\" data-element_type=\"widget\" data-e-type=\"widget\" data-widget_type=\"heading.default\">\n\t\t\t\t<div class=\"elementor-widget-container\">\n\t\t\t\t\t<h3 class=\"elementor-heading-title elementor-size-default\">Information du produit :<\/h3>\t\t\t\t<\/div>\n\t\t\t\t<\/div>\n\t\t\t\t\t<\/div>\n\t\t<\/div>\n\t\t\t\t\t<\/div>\n\t\t<\/section>\n\t\t\t\t<section class=\"elementor-section elementor-top-section elementor-element elementor-element-290ca7d1 elementor-section-boxed elementor-section-height-default elementor-section-height-default\" data-id=\"290ca7d1\" data-element_type=\"section\" data-e-type=\"section\">\n\t\t\t\t\t\t<div class=\"elementor-container elementor-column-gap-default\">\n\t\t\t\t\t<div class=\"elementor-column elementor-col-100 elementor-top-column elementor-element elementor-element-773f35b7\" data-id=\"773f35b7\" data-element_type=\"column\" data-e-type=\"column\">\n\t\t\t<div class=\"elementor-widget-wrap elementor-element-populated\">\n\t\t\t\t\t\t<div class=\"elementor-element elementor-element-7774c225 elementor-widget elementor-widget-text-editor\" data-id=\"7774c225\" data-element_type=\"widget\" data-e-type=\"widget\" data-widget_type=\"text-editor.default\">\n\t\t\t\t<div class=\"elementor-widget-container\">\n\t\t\t\t\t\t\t\t\t<p>Moyeu : 23 X 29<\/p><p>Pour Case, Eicher : 132 VIGNERONS, 922, CF250, CF350, CF400, EM200, EM235, EM295, M88, M900&#8230;<\/p>\t\t\t\t\t\t\t\t<\/div>\n\t\t\t\t<\/div>\n\t\t\t\t\t<\/div>\n\t\t<\/div>\n\t\t\t\t\t<\/div>\n\t\t<\/section>\n\t\t\t\t<\/div>","protected":false},"excerpt":{"rendered":"<p>DISQUE D&rsquo;EMBRAYAGE AVANCEMENT ORGANIQUE CASE, EICHER &#8211; \u2300225 &#8211; 10 Cannelures Information du produit : Moyeu : 23 X 29 Pour Case, Eicher : 132 VIGNERONS, 922, CF250, CF350, CF400, EM200, EM235, EM295, M88, M900&#8230;<\/p>","protected":false},"featured_media":11208,"template":"","meta":[],"product_brand":[],"product_cat":[126,3972,3971,119,120],"product_tag":[2499],"tracteur":[],"class_list":{"0":"post-11205","1":"product","2":"type-product","3":"status-publish","4":"has-post-thumbnail","6":"product_cat-disques-embrayage","7":"product_cat-case-ih-disque","8":"product_cat-eicher","9":"product_cat-tracteurs-agricoles","10":"product_cat-transmissions","11":"product_tag-disque-dembrayage","12":"product_shipping_class-142","13":"pa_fabriquant-kawe","14":"pa_marque-tracteur-case-ih","15":"pa_marque-tracteur-eicher","16":"pa_type-2-132-vignerons","17":"pa_type-2-3421","18":"pa_type-2-cf250","19":"pa_type-2-cf350","20":"pa_type-2-cf400","21":"pa_type-2-em200","22":"pa_type-2-em235","23":"pa_type-2-em295","24":"pa_type-2-m88","25":"pa_type-2-m900","26":"badges-style-2","28":"first","29":"instock","30":"taxable","31":"shipping-taxable","32":"purchasable","33":"product-type-simple"},"acf":[],"yoast_head":"<!-- This site is optimized with the Yoast SEO plugin v27.3 - https:\/\/yoast.com\/product\/yoast-seo-wordpress\/ -->\n<title>Disque d&#039;embrayage Case, Eicher - 23 X 29 - 10 Can. - Organique - Edel<\/title>\n<meta name=\"description\" content=\"Disque d&#039;embrayage Case, Eicher - 23 X 29 - 10 Cannelures - Diam\u00e8tre : 225 - 922, CF250, CF350, CF400, EM200, EM235, EM295, M88, M900 - Tracteur Agricole\" \/>\n<meta name=\"robots\" content=\"index, follow, max-snippet:-1, max-image-preview:large, max-video-preview:-1\" \/>\n<link rel=\"canonical\" href=\"https:\/\/www.edel.fr\/produit\/disque-dembrayage-case-eicher-23-x-29-10-can-organique\/\" \/>\n<meta property=\"og:locale\" content=\"en_US\" \/>\n<meta property=\"og:type\" content=\"article\" \/>\n<meta property=\"og:title\" content=\"Disque d&#039;embrayage Case, Eicher - 23 X 29 - 10 Can. - Organique - Edel\" \/>\n<meta property=\"og:description\" content=\"Disque d&#039;embrayage Case, Eicher - 23 X 29 - 10 Cannelures - Diam\u00e8tre : 225 - 922, CF250, CF350, CF400, EM200, EM235, EM295, M88, M900 - Tracteur Agricole\" \/>\n<meta property=\"og:url\" content=\"https:\/\/www.edel.fr\/produit\/disque-dembrayage-case-eicher-23-x-29-10-can-organique\/\" \/>\n<meta property=\"og:site_name\" content=\"Edel\" \/>\n<meta property=\"article:modified_time\" content=\"2026-03-20T01:00:26+00:00\" \/>\n<meta property=\"og:image\" content=\"https:\/\/www.edel.fr\/uploads\/2021\/04\/2022202412.jpg\" \/>\n\t<meta property=\"og:image:width\" content=\"1512\" \/>\n\t<meta property=\"og:image:height\" content=\"1715\" \/>\n\t<meta property=\"og:image:type\" content=\"image\/jpeg\" \/>\n<meta name=\"twitter:card\" content=\"summary_large_image\" \/>\n<meta name=\"twitter:label1\" content=\"Est. reading time\" \/>\n\t<meta name=\"twitter:data1\" content=\"1 minute\" \/>\n<script type=\"application\/ld+json\" class=\"yoast-schema-graph\">{\"@context\":\"https:\\\/\\\/schema.org\",\"@graph\":[{\"@type\":\"WebPage\",\"@id\":\"https:\\\/\\\/www.edel.fr\\\/produit\\\/disque-dembrayage-case-eicher-23-x-29-10-can-organique\\\/\",\"url\":\"https:\\\/\\\/www.edel.fr\\\/produit\\\/disque-dembrayage-case-eicher-23-x-29-10-can-organique\\\/\",\"name\":\"Disque d'embrayage Case, Eicher - 23 X 29 - 10 Can. - Organique - Edel\",\"isPartOf\":{\"@id\":\"https:\\\/\\\/www.edel.fr\\\/en\\\/#website\"},\"primaryImageOfPage\":{\"@id\":\"https:\\\/\\\/www.edel.fr\\\/produit\\\/disque-dembrayage-case-eicher-23-x-29-10-can-organique\\\/#primaryimage\"},\"image\":{\"@id\":\"https:\\\/\\\/www.edel.fr\\\/produit\\\/disque-dembrayage-case-eicher-23-x-29-10-can-organique\\\/#primaryimage\"},\"thumbnailUrl\":\"https:\\\/\\\/edel.fr\\\/uploads\\\/2021\\\/04\\\/2022202412.jpg\",\"datePublished\":\"2021-04-21T08:07:27+00:00\",\"dateModified\":\"2026-03-20T01:00:26+00:00\",\"description\":\"Disque d'embrayage Case, Eicher - 23 X 29 - 10 Cannelures - Diam\u00e8tre : 225 - 922, CF250, CF350, CF400, EM200, EM235, EM295, M88, M900 - Tracteur Agricole\",\"breadcrumb\":{\"@id\":\"https:\\\/\\\/www.edel.fr\\\/produit\\\/disque-dembrayage-case-eicher-23-x-29-10-can-organique\\\/#breadcrumb\"},\"inLanguage\":\"en-US\",\"potentialAction\":[{\"@type\":\"ReadAction\",\"target\":[\"https:\\\/\\\/www.edel.fr\\\/produit\\\/disque-dembrayage-case-eicher-23-x-29-10-can-organique\\\/\"]}]},{\"@type\":\"ImageObject\",\"inLanguage\":\"en-US\",\"@id\":\"https:\\\/\\\/www.edel.fr\\\/produit\\\/disque-dembrayage-case-eicher-23-x-29-10-can-organique\\\/#primaryimage\",\"url\":\"https:\\\/\\\/edel.fr\\\/uploads\\\/2021\\\/04\\\/2022202412.jpg\",\"contentUrl\":\"https:\\\/\\\/edel.fr\\\/uploads\\\/2021\\\/04\\\/2022202412.jpg\",\"width\":1512,\"height\":1715,\"caption\":\"Disque d'embrayage Case, Eicher - 23 X 29 - 10 Can. - Organique\"},{\"@type\":\"BreadcrumbList\",\"@id\":\"https:\\\/\\\/www.edel.fr\\\/produit\\\/disque-dembrayage-case-eicher-23-x-29-10-can-organique\\\/#breadcrumb\",\"itemListElement\":[{\"@type\":\"ListItem\",\"position\":1,\"name\":\"Pi\u00e8ce Tracteur\",\"item\":\"https:\\\/\\\/www.edel.fr\\\/en\\\/\"},{\"@type\":\"ListItem\",\"position\":2,\"name\":\"Toutes nos pi\u00e8ces Tracteur\",\"item\":\"https:\\\/\\\/edel.fr\\\/shop\\\/\"},{\"@type\":\"ListItem\",\"position\":3,\"name\":\"Disque d&#8217;embrayage Case, Eicher &#8211; 23 X 29 &#8211; 10 Can. &#8211; Organique\"}]},{\"@type\":\"WebSite\",\"@id\":\"https:\\\/\\\/www.edel.fr\\\/en\\\/#website\",\"url\":\"https:\\\/\\\/www.edel.fr\\\/en\\\/\",\"name\":\"Edel\",\"description\":\"Pi\u00e8ce d\u00e9tach\u00e9e de Tracteur Agricole\",\"publisher\":{\"@id\":\"https:\\\/\\\/www.edel.fr\\\/en\\\/#organization\"},\"potentialAction\":[{\"@type\":\"SearchAction\",\"target\":{\"@type\":\"EntryPoint\",\"urlTemplate\":\"https:\\\/\\\/www.edel.fr\\\/en\\\/?s={search_term_string}\"},\"query-input\":{\"@type\":\"PropertyValueSpecification\",\"valueRequired\":true,\"valueName\":\"search_term_string\"}}],\"inLanguage\":\"en-US\"},{\"@type\":\"Organization\",\"@id\":\"https:\\\/\\\/www.edel.fr\\\/en\\\/#organization\",\"name\":\"Edel\",\"url\":\"https:\\\/\\\/www.edel.fr\\\/en\\\/\",\"logo\":{\"@type\":\"ImageObject\",\"inLanguage\":\"en-US\",\"@id\":\"https:\\\/\\\/www.edel.fr\\\/en\\\/#\\\/schema\\\/logo\\\/image\\\/\",\"url\":\"https:\\\/\\\/www.edel.fr\\\/uploads\\\/2018\\\/11\\\/logo-edel.png\",\"contentUrl\":\"https:\\\/\\\/www.edel.fr\\\/uploads\\\/2018\\\/11\\\/logo-edel.png\",\"width\":257,\"height\":68,\"caption\":\"Edel\"},\"image\":{\"@id\":\"https:\\\/\\\/www.edel.fr\\\/en\\\/#\\\/schema\\\/logo\\\/image\\\/\"}}]}<\/script>\n<!-- \/ Yoast SEO plugin. -->","yoast_head_json":{"title":"Disque d'embrayage Case, Eicher - 23 X 29 - 10 Can. - Organique - Edel","description":"Disque d'embrayage Case, Eicher - 23 X 29 - 10 Cannelures - Diam\u00e8tre : 225 - 922, CF250, CF350, CF400, EM200, EM235, EM295, M88, M900 - Tracteur Agricole","robots":{"index":"index","follow":"follow","max-snippet":"max-snippet:-1","max-image-preview":"max-image-preview:large","max-video-preview":"max-video-preview:-1"},"canonical":"https:\/\/www.edel.fr\/produit\/disque-dembrayage-case-eicher-23-x-29-10-can-organique\/","og_locale":"en_US","og_type":"article","og_title":"Disque d'embrayage Case, Eicher - 23 X 29 - 10 Can. - Organique - Edel","og_description":"Disque d'embrayage Case, Eicher - 23 X 29 - 10 Cannelures - Diam\u00e8tre : 225 - 922, CF250, CF350, CF400, EM200, EM235, EM295, M88, M900 - Tracteur Agricole","og_url":"https:\/\/www.edel.fr\/produit\/disque-dembrayage-case-eicher-23-x-29-10-can-organique\/","og_site_name":"Edel","article_modified_time":"2026-03-20T01:00:26+00:00","og_image":[{"width":1512,"height":1715,"url":"https:\/\/www.edel.fr\/uploads\/2021\/04\/2022202412.jpg","type":"image\/jpeg"}],"twitter_card":"summary_large_image","twitter_misc":{"Est. reading time":"1 minute"},"schema":{"@context":"https:\/\/schema.org","@graph":[{"@type":"WebPage","@id":"https:\/\/www.edel.fr\/produit\/disque-dembrayage-case-eicher-23-x-29-10-can-organique\/","url":"https:\/\/www.edel.fr\/produit\/disque-dembrayage-case-eicher-23-x-29-10-can-organique\/","name":"Disque d'embrayage Case, Eicher - 23 X 29 - 10 Can. - Organique - Edel","isPartOf":{"@id":"https:\/\/www.edel.fr\/en\/#website"},"primaryImageOfPage":{"@id":"https:\/\/www.edel.fr\/produit\/disque-dembrayage-case-eicher-23-x-29-10-can-organique\/#primaryimage"},"image":{"@id":"https:\/\/www.edel.fr\/produit\/disque-dembrayage-case-eicher-23-x-29-10-can-organique\/#primaryimage"},"thumbnailUrl":"https:\/\/edel.fr\/uploads\/2021\/04\/2022202412.jpg","datePublished":"2021-04-21T08:07:27+00:00","dateModified":"2026-03-20T01:00:26+00:00","description":"Disque d'embrayage Case, Eicher - 23 X 29 - 10 Cannelures - Diam\u00e8tre : 225 - 922, CF250, CF350, CF400, EM200, EM235, EM295, M88, M900 - Tracteur Agricole","breadcrumb":{"@id":"https:\/\/www.edel.fr\/produit\/disque-dembrayage-case-eicher-23-x-29-10-can-organique\/#breadcrumb"},"inLanguage":"en-US","potentialAction":[{"@type":"ReadAction","target":["https:\/\/www.edel.fr\/produit\/disque-dembrayage-case-eicher-23-x-29-10-can-organique\/"]}]},{"@type":"ImageObject","inLanguage":"en-US","@id":"https:\/\/www.edel.fr\/produit\/disque-dembrayage-case-eicher-23-x-29-10-can-organique\/#primaryimage","url":"https:\/\/edel.fr\/uploads\/2021\/04\/2022202412.jpg","contentUrl":"https:\/\/edel.fr\/uploads\/2021\/04\/2022202412.jpg","width":1512,"height":1715,"caption":"Disque d'embrayage Case, Eicher - 23 X 29 - 10 Can. - Organique"},{"@type":"BreadcrumbList","@id":"https:\/\/www.edel.fr\/produit\/disque-dembrayage-case-eicher-23-x-29-10-can-organique\/#breadcrumb","itemListElement":[{"@type":"ListItem","position":1,"name":"Pi\u00e8ce Tracteur","item":"https:\/\/www.edel.fr\/en\/"},{"@type":"ListItem","position":2,"name":"Toutes nos pi\u00e8ces Tracteur","item":"https:\/\/edel.fr\/shop\/"},{"@type":"ListItem","position":3,"name":"Disque d&#8217;embrayage Case, Eicher &#8211; 23 X 29 &#8211; 10 Can. &#8211; Organique"}]},{"@type":"WebSite","@id":"https:\/\/www.edel.fr\/en\/#website","url":"https:\/\/www.edel.fr\/en\/","name":"Edel","description":"Pi\u00e8ce d\u00e9tach\u00e9e de Tracteur Agricole","publisher":{"@id":"https:\/\/www.edel.fr\/en\/#organization"},"potentialAction":[{"@type":"SearchAction","target":{"@type":"EntryPoint","urlTemplate":"https:\/\/www.edel.fr\/en\/?s={search_term_string}"},"query-input":{"@type":"PropertyValueSpecification","valueRequired":true,"valueName":"search_term_string"}}],"inLanguage":"en-US"},{"@type":"Organization","@id":"https:\/\/www.edel.fr\/en\/#organization","name":"Edel","url":"https:\/\/www.edel.fr\/en\/","logo":{"@type":"ImageObject","inLanguage":"en-US","@id":"https:\/\/www.edel.fr\/en\/#\/schema\/logo\/image\/","url":"https:\/\/www.edel.fr\/uploads\/2018\/11\/logo-edel.png","contentUrl":"https:\/\/www.edel.fr\/uploads\/2018\/11\/logo-edel.png","width":257,"height":68,"caption":"Edel"},"image":{"@id":"https:\/\/www.edel.fr\/en\/#\/schema\/logo\/image\/"}}]}},"_links":{"self":[{"href":"https:\/\/edel.fr\/en\/wp-json\/wp\/v2\/product\/11205","targetHints":{"allow":["GET"]}}],"collection":[{"href":"https:\/\/edel.fr\/en\/wp-json\/wp\/v2\/product"}],"about":[{"href":"https:\/\/edel.fr\/en\/wp-json\/wp\/v2\/types\/product"}],"version-history":[{"count":2,"href":"https:\/\/edel.fr\/en\/wp-json\/wp\/v2\/product\/11205\/revisions"}],"predecessor-version":[{"id":14643,"href":"https:\/\/edel.fr\/en\/wp-json\/wp\/v2\/product\/11205\/revisions\/14643"}],"wp:featuredmedia":[{"embeddable":true,"href":"https:\/\/edel.fr\/en\/wp-json\/wp\/v2\/media\/11208"}],"wp:attachment":[{"href":"https:\/\/edel.fr\/en\/wp-json\/wp\/v2\/media?parent=11205"}],"wp:term":[{"taxonomy":"product_brand","embeddable":true,"href":"https:\/\/edel.fr\/en\/wp-json\/wp\/v2\/product_brand?post=11205"},{"taxonomy":"product_cat","embeddable":true,"href":"https:\/\/edel.fr\/en\/wp-json\/wp\/v2\/product_cat?post=11205"},{"taxonomy":"product_tag","embeddable":true,"href":"https:\/\/edel.fr\/en\/wp-json\/wp\/v2\/product_tag?post=11205"},{"taxonomy":"tracteur","embeddable":true,"href":"https:\/\/edel.fr\/en\/wp-json\/wp\/v2\/tracteur?post=11205"}],"curies":[{"name":"wp","href":"https:\/\/api.w.org\/{rel}","templated":true}]}}