{"id":11396,"date":"2021-05-19T09:07:11","date_gmt":"2021-05-19T07:07:11","guid":{"rendered":"https:\/\/www.edel.fr\/?post_type=product&#038;p=11396"},"modified":"2025-11-05T21:05:45","modified_gmt":"2025-11-05T20:05:45","slug":"disque-dembrayage-organique-claas-38-x-42-21-cannelures","status":"publish","type":"product","link":"https:\/\/edel.fr\/en\/product\/disque-dembrayage-organique-claas-38-x-42-21-cannelures\/","title":{"rendered":"Disque d&#8217;embrayage organique Claas &#8211; 38 X 42 &#8211; 21 Cannelures"},"content":{"rendered":"<div data-elementor-type=\"wp-post\" data-elementor-id=\"11396\" class=\"elementor elementor-11396\">\n\t\t\t\t\t\t<section class=\"elementor-section elementor-top-section elementor-element elementor-element-2e04be88 elementor-section-boxed elementor-section-height-default elementor-section-height-default\" data-id=\"2e04be88\" data-element_type=\"section\" data-e-type=\"section\">\n\t\t\t\t\t\t<div class=\"elementor-container elementor-column-gap-default\">\n\t\t\t\t\t<div class=\"elementor-column elementor-col-100 elementor-top-column elementor-element elementor-element-4f2c7fb0\" data-id=\"4f2c7fb0\" data-element_type=\"column\" data-e-type=\"column\">\n\t\t\t<div class=\"elementor-widget-wrap elementor-element-populated\">\n\t\t\t\t\t\t<div class=\"elementor-element elementor-element-2139bb47 elementor-widget elementor-widget-heading\" data-id=\"2139bb47\" data-element_type=\"widget\" data-e-type=\"widget\" data-widget_type=\"heading.default\">\n\t\t\t\t<div class=\"elementor-widget-container\">\n\t\t\t\t\t<h2 class=\"elementor-heading-title elementor-size-default\">DISQUE D'EMBRAYAGE ORGANIQUE CLAAS\n- \u2300250 - 21 Cannelures<\/h2>\t\t\t\t<\/div>\n\t\t\t\t<\/div>\n\t\t\t\t<div class=\"elementor-element elementor-element-c9cccf6 elementor-widget elementor-widget-heading\" data-id=\"c9cccf6\" data-element_type=\"widget\" data-e-type=\"widget\" data-widget_type=\"heading.default\">\n\t\t\t\t<div class=\"elementor-widget-container\">\n\t\t\t\t\t<h3 class=\"elementor-heading-title elementor-size-default\">Information du produit :<\/h3>\t\t\t\t<\/div>\n\t\t\t\t<\/div>\n\t\t\t\t\t<\/div>\n\t\t<\/div>\n\t\t\t\t\t<\/div>\n\t\t<\/section>\n\t\t\t\t<section class=\"elementor-section elementor-top-section elementor-element elementor-element-290ca7d1 elementor-section-boxed elementor-section-height-default elementor-section-height-default\" data-id=\"290ca7d1\" data-element_type=\"section\" data-e-type=\"section\">\n\t\t\t\t\t\t<div class=\"elementor-container elementor-column-gap-default\">\n\t\t\t\t\t<div class=\"elementor-column elementor-col-100 elementor-top-column elementor-element elementor-element-773f35b7\" data-id=\"773f35b7\" data-element_type=\"column\" data-e-type=\"column\">\n\t\t\t<div class=\"elementor-widget-wrap elementor-element-populated\">\n\t\t\t\t\t\t<div class=\"elementor-element elementor-element-7774c225 elementor-widget elementor-widget-text-editor\" data-id=\"7774c225\" data-element_type=\"widget\" data-e-type=\"widget\" data-widget_type=\"text-editor.default\">\n\t\t\t\t<div class=\"elementor-widget-container\">\n\t\t\t\t\t\t\t\t\t<p>Moyeu : 38 X 42<\/p><p>Pour Claas : Consul, Jaguar, Mengele, SF300, SF400, SF70, Mercator.<\/p>\t\t\t\t\t\t\t\t<\/div>\n\t\t\t\t<\/div>\n\t\t\t\t\t<\/div>\n\t\t<\/div>\n\t\t\t\t\t<\/div>\n\t\t<\/section>\n\t\t\t\t<\/div>","protected":false},"excerpt":{"rendered":"<p>DISQUE D&rsquo;EMBRAYAGE ORGANIQUE CLAAS &#8211; \u2300250 &#8211; 21 Cannelures Information du produit : Moyeu : 38 X 42 Pour Claas : Consul, Jaguar, Mengele, SF300, SF400, SF70, Mercator.<\/p>","protected":false},"featured_media":11397,"template":"","meta":[],"product_brand":[],"product_cat":[126,3970,119,120],"product_tag":[2499],"tracteur":[],"class_list":{"0":"post-11396","1":"product","2":"type-product","3":"status-publish","4":"has-post-thumbnail","6":"product_cat-disques-embrayage","7":"product_cat-claas","8":"product_cat-tracteurs-agricoles","9":"product_cat-transmissions","10":"product_tag-disque-dembrayage","11":"product_shipping_class-142","12":"pa_fabriquant-luk","13":"pa_marque-tracteur-claas","14":"pa_modele-tracteur-consul","15":"pa_modele-tracteur-jaguar","16":"pa_modele-tracteur-mengele","17":"pa_modele-tracteur-mercator","18":"pa_modele-tracteur-sf300","19":"pa_modele-tracteur-sf400","20":"pa_modele-tracteur-sf70","21":"badges-style-2","23":"first","24":"instock","25":"taxable","26":"shipping-taxable","27":"purchasable","28":"product-type-simple"},"acf":[],"yoast_head":"<!-- This site is optimized with the Yoast SEO plugin v27.3 - https:\/\/yoast.com\/product\/yoast-seo-wordpress\/ -->\n<title>Disque d&#039;embrayage organique Claas - 38 X 42 - 21 Cannelures - Edel<\/title>\n<meta name=\"description\" content=\"Disque d&#039;embrayage organique Claas - 21 Cannelures - Consul, Jaguar, Mengele, SF300, SF400, SF70, Mercator - Moyeu : 38 X 42 - Diam\u00e8tre : 250 - Tracteur\" \/>\n<meta name=\"robots\" content=\"index, follow, max-snippet:-1, max-image-preview:large, max-video-preview:-1\" \/>\n<link rel=\"canonical\" href=\"https:\/\/edel.fr\/en\/product\/disque-dembrayage-organique-claas-38-x-42-21-cannelures\/\" \/>\n<meta property=\"og:locale\" content=\"en_US\" \/>\n<meta property=\"og:type\" content=\"article\" \/>\n<meta property=\"og:title\" content=\"Disque d&#039;embrayage organique Claas - 38 X 42 - 21 Cannelures - Edel\" \/>\n<meta property=\"og:description\" content=\"Disque d&#039;embrayage organique Claas - 21 Cannelures - Consul, Jaguar, Mengele, SF300, SF400, SF70, Mercator - Moyeu : 38 X 42 - Diam\u00e8tre : 250 - Tracteur\" \/>\n<meta property=\"og:url\" content=\"https:\/\/edel.fr\/en\/product\/disque-dembrayage-organique-claas-38-x-42-21-cannelures\/\" \/>\n<meta property=\"og:site_name\" content=\"Edel\" \/>\n<meta property=\"article:modified_time\" content=\"2025-11-05T20:05:45+00:00\" \/>\n<meta property=\"og:image\" content=\"https:\/\/edel.fr\/uploads\/2021\/05\/0222504412.jpg\" \/>\n\t<meta property=\"og:image:width\" content=\"1512\" \/>\n\t<meta property=\"og:image:height\" content=\"1613\" \/>\n\t<meta property=\"og:image:type\" content=\"image\/jpeg\" \/>\n<meta name=\"twitter:card\" content=\"summary_large_image\" \/>\n<meta name=\"twitter:label1\" content=\"Est. reading time\" \/>\n\t<meta name=\"twitter:data1\" content=\"1 minute\" \/>\n<script type=\"application\/ld+json\" class=\"yoast-schema-graph\">{\"@context\":\"https:\\\/\\\/schema.org\",\"@graph\":[{\"@type\":\"WebPage\",\"@id\":\"https:\\\/\\\/edel.fr\\\/produit\\\/disque-dembrayage-organique-claas-38-x-42-21-cannelures\\\/\",\"url\":\"https:\\\/\\\/edel.fr\\\/produit\\\/disque-dembrayage-organique-claas-38-x-42-21-cannelures\\\/\",\"name\":\"Disque d'embrayage organique Claas - 38 X 42 - 21 Cannelures - Edel\",\"isPartOf\":{\"@id\":\"https:\\\/\\\/www.edel.fr\\\/en\\\/#website\"},\"primaryImageOfPage\":{\"@id\":\"https:\\\/\\\/edel.fr\\\/produit\\\/disque-dembrayage-organique-claas-38-x-42-21-cannelures\\\/#primaryimage\"},\"image\":{\"@id\":\"https:\\\/\\\/edel.fr\\\/produit\\\/disque-dembrayage-organique-claas-38-x-42-21-cannelures\\\/#primaryimage\"},\"thumbnailUrl\":\"https:\\\/\\\/edel.fr\\\/uploads\\\/2021\\\/05\\\/0222504412.jpg\",\"datePublished\":\"2021-05-19T07:07:11+00:00\",\"dateModified\":\"2025-11-05T20:05:45+00:00\",\"description\":\"Disque d'embrayage organique Claas - 21 Cannelures - Consul, Jaguar, Mengele, SF300, SF400, SF70, Mercator - Moyeu : 38 X 42 - Diam\u00e8tre : 250 - Tracteur\",\"breadcrumb\":{\"@id\":\"https:\\\/\\\/edel.fr\\\/produit\\\/disque-dembrayage-organique-claas-38-x-42-21-cannelures\\\/#breadcrumb\"},\"inLanguage\":\"en-US\",\"potentialAction\":[{\"@type\":\"ReadAction\",\"target\":[\"https:\\\/\\\/edel.fr\\\/produit\\\/disque-dembrayage-organique-claas-38-x-42-21-cannelures\\\/\"]}]},{\"@type\":\"ImageObject\",\"inLanguage\":\"en-US\",\"@id\":\"https:\\\/\\\/edel.fr\\\/produit\\\/disque-dembrayage-organique-claas-38-x-42-21-cannelures\\\/#primaryimage\",\"url\":\"https:\\\/\\\/edel.fr\\\/uploads\\\/2021\\\/05\\\/0222504412.jpg\",\"contentUrl\":\"https:\\\/\\\/edel.fr\\\/uploads\\\/2021\\\/05\\\/0222504412.jpg\",\"width\":1512,\"height\":1613,\"caption\":\"Disque d'embrayage organique Claas\"},{\"@type\":\"BreadcrumbList\",\"@id\":\"https:\\\/\\\/edel.fr\\\/produit\\\/disque-dembrayage-organique-claas-38-x-42-21-cannelures\\\/#breadcrumb\",\"itemListElement\":[{\"@type\":\"ListItem\",\"position\":1,\"name\":\"Pi\u00e8ce Tracteur\",\"item\":\"https:\\\/\\\/www.edel.fr\\\/en\\\/\"},{\"@type\":\"ListItem\",\"position\":2,\"name\":\"Toutes nos pi\u00e8ces Tracteur\",\"item\":\"https:\\\/\\\/edel.fr\\\/shop\\\/\"},{\"@type\":\"ListItem\",\"position\":3,\"name\":\"Disque d&#8217;embrayage organique Claas &#8211; 38 X 42 &#8211; 21 Cannelures\"}]},{\"@type\":\"WebSite\",\"@id\":\"https:\\\/\\\/www.edel.fr\\\/en\\\/#website\",\"url\":\"https:\\\/\\\/www.edel.fr\\\/en\\\/\",\"name\":\"Edel\",\"description\":\"Pi\u00e8ce d\u00e9tach\u00e9e de Tracteur Agricole\",\"publisher\":{\"@id\":\"https:\\\/\\\/www.edel.fr\\\/en\\\/#organization\"},\"potentialAction\":[{\"@type\":\"SearchAction\",\"target\":{\"@type\":\"EntryPoint\",\"urlTemplate\":\"https:\\\/\\\/www.edel.fr\\\/en\\\/?s={search_term_string}\"},\"query-input\":{\"@type\":\"PropertyValueSpecification\",\"valueRequired\":true,\"valueName\":\"search_term_string\"}}],\"inLanguage\":\"en-US\"},{\"@type\":\"Organization\",\"@id\":\"https:\\\/\\\/www.edel.fr\\\/en\\\/#organization\",\"name\":\"Edel\",\"url\":\"https:\\\/\\\/www.edel.fr\\\/en\\\/\",\"logo\":{\"@type\":\"ImageObject\",\"inLanguage\":\"en-US\",\"@id\":\"https:\\\/\\\/www.edel.fr\\\/en\\\/#\\\/schema\\\/logo\\\/image\\\/\",\"url\":\"https:\\\/\\\/www.edel.fr\\\/uploads\\\/2018\\\/11\\\/logo-edel.png\",\"contentUrl\":\"https:\\\/\\\/www.edel.fr\\\/uploads\\\/2018\\\/11\\\/logo-edel.png\",\"width\":257,\"height\":68,\"caption\":\"Edel\"},\"image\":{\"@id\":\"https:\\\/\\\/www.edel.fr\\\/en\\\/#\\\/schema\\\/logo\\\/image\\\/\"}}]}<\/script>\n<!-- \/ Yoast SEO plugin. -->","yoast_head_json":{"title":"Disque d'embrayage organique Claas - 38 X 42 - 21 Cannelures - Edel","description":"Disque d'embrayage organique Claas - 21 Cannelures - Consul, Jaguar, Mengele, SF300, SF400, SF70, Mercator - Moyeu : 38 X 42 - Diam\u00e8tre : 250 - Tracteur","robots":{"index":"index","follow":"follow","max-snippet":"max-snippet:-1","max-image-preview":"max-image-preview:large","max-video-preview":"max-video-preview:-1"},"canonical":"https:\/\/edel.fr\/en\/product\/disque-dembrayage-organique-claas-38-x-42-21-cannelures\/","og_locale":"en_US","og_type":"article","og_title":"Disque d'embrayage organique Claas - 38 X 42 - 21 Cannelures - Edel","og_description":"Disque d'embrayage organique Claas - 21 Cannelures - Consul, Jaguar, Mengele, SF300, SF400, SF70, Mercator - Moyeu : 38 X 42 - Diam\u00e8tre : 250 - Tracteur","og_url":"https:\/\/edel.fr\/en\/product\/disque-dembrayage-organique-claas-38-x-42-21-cannelures\/","og_site_name":"Edel","article_modified_time":"2025-11-05T20:05:45+00:00","og_image":[{"width":1512,"height":1613,"url":"https:\/\/edel.fr\/uploads\/2021\/05\/0222504412.jpg","type":"image\/jpeg"}],"twitter_card":"summary_large_image","twitter_misc":{"Est. reading time":"1 minute"},"schema":{"@context":"https:\/\/schema.org","@graph":[{"@type":"WebPage","@id":"https:\/\/edel.fr\/produit\/disque-dembrayage-organique-claas-38-x-42-21-cannelures\/","url":"https:\/\/edel.fr\/produit\/disque-dembrayage-organique-claas-38-x-42-21-cannelures\/","name":"Disque d'embrayage organique Claas - 38 X 42 - 21 Cannelures - Edel","isPartOf":{"@id":"https:\/\/www.edel.fr\/en\/#website"},"primaryImageOfPage":{"@id":"https:\/\/edel.fr\/produit\/disque-dembrayage-organique-claas-38-x-42-21-cannelures\/#primaryimage"},"image":{"@id":"https:\/\/edel.fr\/produit\/disque-dembrayage-organique-claas-38-x-42-21-cannelures\/#primaryimage"},"thumbnailUrl":"https:\/\/edel.fr\/uploads\/2021\/05\/0222504412.jpg","datePublished":"2021-05-19T07:07:11+00:00","dateModified":"2025-11-05T20:05:45+00:00","description":"Disque d'embrayage organique Claas - 21 Cannelures - Consul, Jaguar, Mengele, SF300, SF400, SF70, Mercator - Moyeu : 38 X 42 - Diam\u00e8tre : 250 - Tracteur","breadcrumb":{"@id":"https:\/\/edel.fr\/produit\/disque-dembrayage-organique-claas-38-x-42-21-cannelures\/#breadcrumb"},"inLanguage":"en-US","potentialAction":[{"@type":"ReadAction","target":["https:\/\/edel.fr\/produit\/disque-dembrayage-organique-claas-38-x-42-21-cannelures\/"]}]},{"@type":"ImageObject","inLanguage":"en-US","@id":"https:\/\/edel.fr\/produit\/disque-dembrayage-organique-claas-38-x-42-21-cannelures\/#primaryimage","url":"https:\/\/edel.fr\/uploads\/2021\/05\/0222504412.jpg","contentUrl":"https:\/\/edel.fr\/uploads\/2021\/05\/0222504412.jpg","width":1512,"height":1613,"caption":"Disque d'embrayage organique Claas"},{"@type":"BreadcrumbList","@id":"https:\/\/edel.fr\/produit\/disque-dembrayage-organique-claas-38-x-42-21-cannelures\/#breadcrumb","itemListElement":[{"@type":"ListItem","position":1,"name":"Pi\u00e8ce Tracteur","item":"https:\/\/www.edel.fr\/en\/"},{"@type":"ListItem","position":2,"name":"Toutes nos pi\u00e8ces Tracteur","item":"https:\/\/edel.fr\/shop\/"},{"@type":"ListItem","position":3,"name":"Disque d&#8217;embrayage organique Claas &#8211; 38 X 42 &#8211; 21 Cannelures"}]},{"@type":"WebSite","@id":"https:\/\/www.edel.fr\/en\/#website","url":"https:\/\/www.edel.fr\/en\/","name":"Edel","description":"Pi\u00e8ce d\u00e9tach\u00e9e de Tracteur Agricole","publisher":{"@id":"https:\/\/www.edel.fr\/en\/#organization"},"potentialAction":[{"@type":"SearchAction","target":{"@type":"EntryPoint","urlTemplate":"https:\/\/www.edel.fr\/en\/?s={search_term_string}"},"query-input":{"@type":"PropertyValueSpecification","valueRequired":true,"valueName":"search_term_string"}}],"inLanguage":"en-US"},{"@type":"Organization","@id":"https:\/\/www.edel.fr\/en\/#organization","name":"Edel","url":"https:\/\/www.edel.fr\/en\/","logo":{"@type":"ImageObject","inLanguage":"en-US","@id":"https:\/\/www.edel.fr\/en\/#\/schema\/logo\/image\/","url":"https:\/\/www.edel.fr\/uploads\/2018\/11\/logo-edel.png","contentUrl":"https:\/\/www.edel.fr\/uploads\/2018\/11\/logo-edel.png","width":257,"height":68,"caption":"Edel"},"image":{"@id":"https:\/\/www.edel.fr\/en\/#\/schema\/logo\/image\/"}}]}},"_links":{"self":[{"href":"https:\/\/edel.fr\/en\/wp-json\/wp\/v2\/product\/11396","targetHints":{"allow":["GET"]}}],"collection":[{"href":"https:\/\/edel.fr\/en\/wp-json\/wp\/v2\/product"}],"about":[{"href":"https:\/\/edel.fr\/en\/wp-json\/wp\/v2\/types\/product"}],"version-history":[{"count":2,"href":"https:\/\/edel.fr\/en\/wp-json\/wp\/v2\/product\/11396\/revisions"}],"predecessor-version":[{"id":14642,"href":"https:\/\/edel.fr\/en\/wp-json\/wp\/v2\/product\/11396\/revisions\/14642"}],"wp:featuredmedia":[{"embeddable":true,"href":"https:\/\/edel.fr\/en\/wp-json\/wp\/v2\/media\/11397"}],"wp:attachment":[{"href":"https:\/\/edel.fr\/en\/wp-json\/wp\/v2\/media?parent=11396"}],"wp:term":[{"taxonomy":"product_brand","embeddable":true,"href":"https:\/\/edel.fr\/en\/wp-json\/wp\/v2\/product_brand?post=11396"},{"taxonomy":"product_cat","embeddable":true,"href":"https:\/\/edel.fr\/en\/wp-json\/wp\/v2\/product_cat?post=11396"},{"taxonomy":"product_tag","embeddable":true,"href":"https:\/\/edel.fr\/en\/wp-json\/wp\/v2\/product_tag?post=11396"},{"taxonomy":"tracteur","embeddable":true,"href":"https:\/\/edel.fr\/en\/wp-json\/wp\/v2\/tracteur?post=11396"}],"curies":[{"name":"wp","href":"https:\/\/api.w.org\/{rel}","templated":true}]}}