{"id":11421,"date":"2021-05-19T14:39:02","date_gmt":"2021-05-19T12:39:02","guid":{"rendered":"https:\/\/www.edel.fr\/?post_type=product&#038;p=11421"},"modified":"2026-02-24T02:00:38","modified_gmt":"2026-02-24T01:00:38","slug":"disque-dembrayage-organique-fendt-26-x-32-10-cannelures","status":"publish","type":"product","link":"https:\/\/edel.fr\/en\/product\/disque-dembrayage-organique-fendt-26-x-32-10-cannelures\/","title":{"rendered":"Disque d&#8217;embrayage organique Fendt &#8211; 26 X 32 &#8211; 10 Cannelures"},"content":{"rendered":"<div data-elementor-type=\"wp-post\" data-elementor-id=\"11421\" class=\"elementor elementor-11421\">\n\t\t\t\t\t\t<section class=\"elementor-section elementor-top-section elementor-element elementor-element-476c017b elementor-section-boxed elementor-section-height-default elementor-section-height-default\" data-id=\"476c017b\" data-element_type=\"section\" data-e-type=\"section\">\n\t\t\t\t\t\t<div class=\"elementor-container elementor-column-gap-default\">\n\t\t\t\t\t<div class=\"elementor-column elementor-col-100 elementor-top-column elementor-element elementor-element-661a3be7\" data-id=\"661a3be7\" data-element_type=\"column\" data-e-type=\"column\">\n\t\t\t<div class=\"elementor-widget-wrap elementor-element-populated\">\n\t\t\t\t\t\t<div class=\"elementor-element elementor-element-75008919 elementor-widget elementor-widget-heading\" data-id=\"75008919\" data-element_type=\"widget\" data-e-type=\"widget\" data-widget_type=\"heading.default\">\n\t\t\t\t<div class=\"elementor-widget-container\">\n\t\t\t\t\t<h2 class=\"elementor-heading-title elementor-size-default\">DISQUE D'EMBRAYAGE ORGANIQUE FENDT\n- \u2300250 - 10 Cannelures<\/h2>\t\t\t\t<\/div>\n\t\t\t\t<\/div>\n\t\t\t\t<div class=\"elementor-element elementor-element-4c59d92b elementor-widget elementor-widget-heading\" data-id=\"4c59d92b\" data-element_type=\"widget\" data-e-type=\"widget\" data-widget_type=\"heading.default\">\n\t\t\t\t<div class=\"elementor-widget-container\">\n\t\t\t\t\t<h3 class=\"elementor-heading-title elementor-size-default\">Information du produit :<\/h3>\t\t\t\t<\/div>\n\t\t\t\t<\/div>\n\t\t\t\t\t<\/div>\n\t\t<\/div>\n\t\t\t\t\t<\/div>\n\t\t<\/section>\n\t\t\t\t<section class=\"elementor-section elementor-top-section elementor-element elementor-element-14f32b39 elementor-section-boxed elementor-section-height-default elementor-section-height-default\" data-id=\"14f32b39\" data-element_type=\"section\" data-e-type=\"section\">\n\t\t\t\t\t\t<div class=\"elementor-container elementor-column-gap-default\">\n\t\t\t\t\t<div class=\"elementor-column elementor-col-100 elementor-top-column elementor-element elementor-element-785368ba\" data-id=\"785368ba\" data-element_type=\"column\" data-e-type=\"column\">\n\t\t\t<div class=\"elementor-widget-wrap elementor-element-populated\">\n\t\t\t\t\t\t<div class=\"elementor-element elementor-element-585427ee elementor-widget elementor-widget-text-editor\" data-id=\"585427ee\" data-element_type=\"widget\" data-e-type=\"widget\" data-widget_type=\"text-editor.default\">\n\t\t\t\t<div class=\"elementor-widget-container\">\n\t\t\t\t\t\t\t\t\t<p>Moyeu : 26 X 32<\/p><p>Pour Fendt : 101, 102, 103, 104, 105, 106, 108, 305, 306S, 3S.<\/p>\t\t\t\t\t\t\t\t<\/div>\n\t\t\t\t<\/div>\n\t\t\t\t\t<\/div>\n\t\t<\/div>\n\t\t\t\t\t<\/div>\n\t\t<\/section>\n\t\t\t\t<\/div>","protected":false},"excerpt":{"rendered":"<p>DISQUE D&rsquo;EMBRAYAGE ORGANIQUE FENDT &#8211; \u2300250 &#8211; 10 Cannelures Information du produit : Moyeu : 26 X 32 Pour Fendt : 101, 102, 103, 104, 105, 106, 108, 305, 306S, 3S.<\/p>","protected":false},"featured_media":11422,"template":"","meta":[],"product_brand":[],"product_cat":[126,3975,119,120],"product_tag":[2499],"tracteur":[],"class_list":{"0":"post-11421","1":"product","2":"type-product","3":"status-publish","4":"has-post-thumbnail","6":"product_cat-disques-embrayage","7":"product_cat-fendt-disque","8":"product_cat-tracteurs-agricoles","9":"product_cat-transmissions","10":"product_tag-disque-dembrayage","11":"product_shipping_class-142","12":"pa_fabriquant-luk","13":"pa_marque-tracteur-fendt","14":"pa_type-2-2473","15":"pa_type-2-2474","16":"pa_type-2-2475","17":"pa_type-2-1425","18":"pa_type-2-1426","19":"pa_type-2-2291","20":"pa_type-2-2292","21":"pa_type-2-2293","22":"pa_type-2-306s","23":"pa_type-2-3s","24":"badges-style-2","26":"first","27":"instock","28":"taxable","29":"shipping-taxable","30":"purchasable","31":"product-type-simple"},"acf":[],"yoast_head":"<!-- This site is optimized with the Yoast SEO plugin v27.3 - https:\/\/yoast.com\/product\/yoast-seo-wordpress\/ -->\n<title>Disque d&#039;embrayage organique Fendt - 26 X 32 - 10 Cannelures - Edel<\/title>\n<meta name=\"description\" content=\"Disque d&#039;embrayage organique Fendt - 10 Cannelures - 101, 102, 103, 104, 105, 106, 108, 305, 306S, 3S - Moyeu : 26 X 32 - Diam\u00e8tre : 250 - Tracteur Agricole\" \/>\n<meta name=\"robots\" content=\"index, follow, max-snippet:-1, max-image-preview:large, max-video-preview:-1\" \/>\n<link rel=\"canonical\" href=\"https:\/\/edel.fr\/en\/product\/disque-dembrayage-organique-fendt-26-x-32-10-cannelures\/\" \/>\n<meta property=\"og:locale\" content=\"en_US\" \/>\n<meta property=\"og:type\" content=\"article\" \/>\n<meta property=\"og:title\" content=\"Disque d&#039;embrayage organique Fendt - 26 X 32 - 10 Cannelures - Edel\" \/>\n<meta property=\"og:description\" content=\"Disque d&#039;embrayage organique Fendt - 10 Cannelures - 101, 102, 103, 104, 105, 106, 108, 305, 306S, 3S - Moyeu : 26 X 32 - Diam\u00e8tre : 250 - Tracteur Agricole\" \/>\n<meta property=\"og:url\" content=\"https:\/\/edel.fr\/en\/product\/disque-dembrayage-organique-fendt-26-x-32-10-cannelures\/\" \/>\n<meta property=\"og:site_name\" content=\"Edel\" \/>\n<meta property=\"article:modified_time\" content=\"2026-02-24T01:00:38+00:00\" \/>\n<meta property=\"og:image\" content=\"https:\/\/edel.fr\/uploads\/2021\/05\/0422505117.jpg\" \/>\n\t<meta property=\"og:image:width\" content=\"1512\" \/>\n\t<meta property=\"og:image:height\" content=\"1594\" \/>\n\t<meta property=\"og:image:type\" content=\"image\/jpeg\" \/>\n<meta name=\"twitter:card\" content=\"summary_large_image\" \/>\n<meta name=\"twitter:label1\" content=\"Est. reading time\" \/>\n\t<meta name=\"twitter:data1\" content=\"1 minute\" \/>\n<script type=\"application\/ld+json\" class=\"yoast-schema-graph\">{\"@context\":\"https:\\\/\\\/schema.org\",\"@graph\":[{\"@type\":\"WebPage\",\"@id\":\"https:\\\/\\\/edel.fr\\\/produit\\\/disque-dembrayage-organique-fendt-26-x-32-10-cannelures\\\/\",\"url\":\"https:\\\/\\\/edel.fr\\\/produit\\\/disque-dembrayage-organique-fendt-26-x-32-10-cannelures\\\/\",\"name\":\"Disque d'embrayage organique Fendt - 26 X 32 - 10 Cannelures - Edel\",\"isPartOf\":{\"@id\":\"https:\\\/\\\/www.edel.fr\\\/en\\\/#website\"},\"primaryImageOfPage\":{\"@id\":\"https:\\\/\\\/edel.fr\\\/produit\\\/disque-dembrayage-organique-fendt-26-x-32-10-cannelures\\\/#primaryimage\"},\"image\":{\"@id\":\"https:\\\/\\\/edel.fr\\\/produit\\\/disque-dembrayage-organique-fendt-26-x-32-10-cannelures\\\/#primaryimage\"},\"thumbnailUrl\":\"https:\\\/\\\/edel.fr\\\/uploads\\\/2021\\\/05\\\/0422505117.jpg\",\"datePublished\":\"2021-05-19T12:39:02+00:00\",\"dateModified\":\"2026-02-24T01:00:38+00:00\",\"description\":\"Disque d'embrayage organique Fendt - 10 Cannelures - 101, 102, 103, 104, 105, 106, 108, 305, 306S, 3S - Moyeu : 26 X 32 - Diam\u00e8tre : 250 - Tracteur Agricole\",\"breadcrumb\":{\"@id\":\"https:\\\/\\\/edel.fr\\\/produit\\\/disque-dembrayage-organique-fendt-26-x-32-10-cannelures\\\/#breadcrumb\"},\"inLanguage\":\"en-US\",\"potentialAction\":[{\"@type\":\"ReadAction\",\"target\":[\"https:\\\/\\\/edel.fr\\\/produit\\\/disque-dembrayage-organique-fendt-26-x-32-10-cannelures\\\/\"]}]},{\"@type\":\"ImageObject\",\"inLanguage\":\"en-US\",\"@id\":\"https:\\\/\\\/edel.fr\\\/produit\\\/disque-dembrayage-organique-fendt-26-x-32-10-cannelures\\\/#primaryimage\",\"url\":\"https:\\\/\\\/edel.fr\\\/uploads\\\/2021\\\/05\\\/0422505117.jpg\",\"contentUrl\":\"https:\\\/\\\/edel.fr\\\/uploads\\\/2021\\\/05\\\/0422505117.jpg\",\"width\":1512,\"height\":1594,\"caption\":\"Disque d'embrayage organique Fendt - 26 X 32 - 10 Cannelures\"},{\"@type\":\"BreadcrumbList\",\"@id\":\"https:\\\/\\\/edel.fr\\\/produit\\\/disque-dembrayage-organique-fendt-26-x-32-10-cannelures\\\/#breadcrumb\",\"itemListElement\":[{\"@type\":\"ListItem\",\"position\":1,\"name\":\"Pi\u00e8ce Tracteur\",\"item\":\"https:\\\/\\\/www.edel.fr\\\/en\\\/\"},{\"@type\":\"ListItem\",\"position\":2,\"name\":\"Toutes nos pi\u00e8ces Tracteur\",\"item\":\"https:\\\/\\\/edel.fr\\\/shop\\\/\"},{\"@type\":\"ListItem\",\"position\":3,\"name\":\"Disque d&#8217;embrayage organique Fendt &#8211; 26 X 32 &#8211; 10 Cannelures\"}]},{\"@type\":\"WebSite\",\"@id\":\"https:\\\/\\\/www.edel.fr\\\/en\\\/#website\",\"url\":\"https:\\\/\\\/www.edel.fr\\\/en\\\/\",\"name\":\"Edel\",\"description\":\"Pi\u00e8ce d\u00e9tach\u00e9e de Tracteur Agricole\",\"publisher\":{\"@id\":\"https:\\\/\\\/www.edel.fr\\\/en\\\/#organization\"},\"potentialAction\":[{\"@type\":\"SearchAction\",\"target\":{\"@type\":\"EntryPoint\",\"urlTemplate\":\"https:\\\/\\\/www.edel.fr\\\/en\\\/?s={search_term_string}\"},\"query-input\":{\"@type\":\"PropertyValueSpecification\",\"valueRequired\":true,\"valueName\":\"search_term_string\"}}],\"inLanguage\":\"en-US\"},{\"@type\":\"Organization\",\"@id\":\"https:\\\/\\\/www.edel.fr\\\/en\\\/#organization\",\"name\":\"Edel\",\"url\":\"https:\\\/\\\/www.edel.fr\\\/en\\\/\",\"logo\":{\"@type\":\"ImageObject\",\"inLanguage\":\"en-US\",\"@id\":\"https:\\\/\\\/www.edel.fr\\\/en\\\/#\\\/schema\\\/logo\\\/image\\\/\",\"url\":\"https:\\\/\\\/www.edel.fr\\\/uploads\\\/2018\\\/11\\\/logo-edel.png\",\"contentUrl\":\"https:\\\/\\\/www.edel.fr\\\/uploads\\\/2018\\\/11\\\/logo-edel.png\",\"width\":257,\"height\":68,\"caption\":\"Edel\"},\"image\":{\"@id\":\"https:\\\/\\\/www.edel.fr\\\/en\\\/#\\\/schema\\\/logo\\\/image\\\/\"}}]}<\/script>\n<!-- \/ Yoast SEO plugin. -->","yoast_head_json":{"title":"Disque d'embrayage organique Fendt - 26 X 32 - 10 Cannelures - Edel","description":"Disque d'embrayage organique Fendt - 10 Cannelures - 101, 102, 103, 104, 105, 106, 108, 305, 306S, 3S - Moyeu : 26 X 32 - Diam\u00e8tre : 250 - Tracteur Agricole","robots":{"index":"index","follow":"follow","max-snippet":"max-snippet:-1","max-image-preview":"max-image-preview:large","max-video-preview":"max-video-preview:-1"},"canonical":"https:\/\/edel.fr\/en\/product\/disque-dembrayage-organique-fendt-26-x-32-10-cannelures\/","og_locale":"en_US","og_type":"article","og_title":"Disque d'embrayage organique Fendt - 26 X 32 - 10 Cannelures - Edel","og_description":"Disque d'embrayage organique Fendt - 10 Cannelures - 101, 102, 103, 104, 105, 106, 108, 305, 306S, 3S - Moyeu : 26 X 32 - Diam\u00e8tre : 250 - Tracteur Agricole","og_url":"https:\/\/edel.fr\/en\/product\/disque-dembrayage-organique-fendt-26-x-32-10-cannelures\/","og_site_name":"Edel","article_modified_time":"2026-02-24T01:00:38+00:00","og_image":[{"width":1512,"height":1594,"url":"https:\/\/edel.fr\/uploads\/2021\/05\/0422505117.jpg","type":"image\/jpeg"}],"twitter_card":"summary_large_image","twitter_misc":{"Est. reading time":"1 minute"},"schema":{"@context":"https:\/\/schema.org","@graph":[{"@type":"WebPage","@id":"https:\/\/edel.fr\/produit\/disque-dembrayage-organique-fendt-26-x-32-10-cannelures\/","url":"https:\/\/edel.fr\/produit\/disque-dembrayage-organique-fendt-26-x-32-10-cannelures\/","name":"Disque d'embrayage organique Fendt - 26 X 32 - 10 Cannelures - Edel","isPartOf":{"@id":"https:\/\/www.edel.fr\/en\/#website"},"primaryImageOfPage":{"@id":"https:\/\/edel.fr\/produit\/disque-dembrayage-organique-fendt-26-x-32-10-cannelures\/#primaryimage"},"image":{"@id":"https:\/\/edel.fr\/produit\/disque-dembrayage-organique-fendt-26-x-32-10-cannelures\/#primaryimage"},"thumbnailUrl":"https:\/\/edel.fr\/uploads\/2021\/05\/0422505117.jpg","datePublished":"2021-05-19T12:39:02+00:00","dateModified":"2026-02-24T01:00:38+00:00","description":"Disque d'embrayage organique Fendt - 10 Cannelures - 101, 102, 103, 104, 105, 106, 108, 305, 306S, 3S - Moyeu : 26 X 32 - Diam\u00e8tre : 250 - Tracteur Agricole","breadcrumb":{"@id":"https:\/\/edel.fr\/produit\/disque-dembrayage-organique-fendt-26-x-32-10-cannelures\/#breadcrumb"},"inLanguage":"en-US","potentialAction":[{"@type":"ReadAction","target":["https:\/\/edel.fr\/produit\/disque-dembrayage-organique-fendt-26-x-32-10-cannelures\/"]}]},{"@type":"ImageObject","inLanguage":"en-US","@id":"https:\/\/edel.fr\/produit\/disque-dembrayage-organique-fendt-26-x-32-10-cannelures\/#primaryimage","url":"https:\/\/edel.fr\/uploads\/2021\/05\/0422505117.jpg","contentUrl":"https:\/\/edel.fr\/uploads\/2021\/05\/0422505117.jpg","width":1512,"height":1594,"caption":"Disque d'embrayage organique Fendt - 26 X 32 - 10 Cannelures"},{"@type":"BreadcrumbList","@id":"https:\/\/edel.fr\/produit\/disque-dembrayage-organique-fendt-26-x-32-10-cannelures\/#breadcrumb","itemListElement":[{"@type":"ListItem","position":1,"name":"Pi\u00e8ce Tracteur","item":"https:\/\/www.edel.fr\/en\/"},{"@type":"ListItem","position":2,"name":"Toutes nos pi\u00e8ces Tracteur","item":"https:\/\/edel.fr\/shop\/"},{"@type":"ListItem","position":3,"name":"Disque d&#8217;embrayage organique Fendt &#8211; 26 X 32 &#8211; 10 Cannelures"}]},{"@type":"WebSite","@id":"https:\/\/www.edel.fr\/en\/#website","url":"https:\/\/www.edel.fr\/en\/","name":"Edel","description":"Pi\u00e8ce d\u00e9tach\u00e9e de Tracteur Agricole","publisher":{"@id":"https:\/\/www.edel.fr\/en\/#organization"},"potentialAction":[{"@type":"SearchAction","target":{"@type":"EntryPoint","urlTemplate":"https:\/\/www.edel.fr\/en\/?s={search_term_string}"},"query-input":{"@type":"PropertyValueSpecification","valueRequired":true,"valueName":"search_term_string"}}],"inLanguage":"en-US"},{"@type":"Organization","@id":"https:\/\/www.edel.fr\/en\/#organization","name":"Edel","url":"https:\/\/www.edel.fr\/en\/","logo":{"@type":"ImageObject","inLanguage":"en-US","@id":"https:\/\/www.edel.fr\/en\/#\/schema\/logo\/image\/","url":"https:\/\/www.edel.fr\/uploads\/2018\/11\/logo-edel.png","contentUrl":"https:\/\/www.edel.fr\/uploads\/2018\/11\/logo-edel.png","width":257,"height":68,"caption":"Edel"},"image":{"@id":"https:\/\/www.edel.fr\/en\/#\/schema\/logo\/image\/"}}]}},"_links":{"self":[{"href":"https:\/\/edel.fr\/en\/wp-json\/wp\/v2\/product\/11421","targetHints":{"allow":["GET"]}}],"collection":[{"href":"https:\/\/edel.fr\/en\/wp-json\/wp\/v2\/product"}],"about":[{"href":"https:\/\/edel.fr\/en\/wp-json\/wp\/v2\/types\/product"}],"version-history":[{"count":3,"href":"https:\/\/edel.fr\/en\/wp-json\/wp\/v2\/product\/11421\/revisions"}],"predecessor-version":[{"id":18121,"href":"https:\/\/edel.fr\/en\/wp-json\/wp\/v2\/product\/11421\/revisions\/18121"}],"wp:featuredmedia":[{"embeddable":true,"href":"https:\/\/edel.fr\/en\/wp-json\/wp\/v2\/media\/11422"}],"wp:attachment":[{"href":"https:\/\/edel.fr\/en\/wp-json\/wp\/v2\/media?parent=11421"}],"wp:term":[{"taxonomy":"product_brand","embeddable":true,"href":"https:\/\/edel.fr\/en\/wp-json\/wp\/v2\/product_brand?post=11421"},{"taxonomy":"product_cat","embeddable":true,"href":"https:\/\/edel.fr\/en\/wp-json\/wp\/v2\/product_cat?post=11421"},{"taxonomy":"product_tag","embeddable":true,"href":"https:\/\/edel.fr\/en\/wp-json\/wp\/v2\/product_tag?post=11421"},{"taxonomy":"tracteur","embeddable":true,"href":"https:\/\/edel.fr\/en\/wp-json\/wp\/v2\/tracteur?post=11421"}],"curies":[{"name":"wp","href":"https:\/\/api.w.org\/{rel}","templated":true}]}}