{"id":11439,"date":"2021-05-19T15:20:45","date_gmt":"2021-05-19T13:20:45","guid":{"rendered":"https:\/\/www.edel.fr\/?post_type=product&#038;p=11439"},"modified":"2026-03-31T03:00:30","modified_gmt":"2026-03-31T01:00:30","slug":"disque-dembrayage-fiat-new-holland-organique-18-x-22-10-can","status":"publish","type":"product","link":"https:\/\/edel.fr\/en\/product\/disque-dembrayage-fiat-new-holland-organique-18-x-22-10-can\/","title":{"rendered":"Disque d&#8217;embrayage Fiat New Holland organique &#8211; 18 X 22 &#8211; 10 Can."},"content":{"rendered":"<div data-elementor-type=\"wp-post\" data-elementor-id=\"11439\" class=\"elementor elementor-11439\">\n\t\t\t\t\t\t<section class=\"elementor-section elementor-top-section elementor-element elementor-element-bbe6178 elementor-section-boxed elementor-section-height-default elementor-section-height-default\" data-id=\"bbe6178\" data-element_type=\"section\" data-e-type=\"section\">\n\t\t\t\t\t\t<div class=\"elementor-container elementor-column-gap-default\">\n\t\t\t\t\t<div class=\"elementor-column elementor-col-100 elementor-top-column elementor-element elementor-element-16662e87\" data-id=\"16662e87\" data-element_type=\"column\" data-e-type=\"column\">\n\t\t\t<div class=\"elementor-widget-wrap elementor-element-populated\">\n\t\t\t\t\t\t<div class=\"elementor-element elementor-element-7e16621f elementor-widget elementor-widget-heading\" data-id=\"7e16621f\" data-element_type=\"widget\" data-e-type=\"widget\" data-widget_type=\"heading.default\">\n\t\t\t\t<div class=\"elementor-widget-container\">\n\t\t\t\t\t<h2 class=\"elementor-heading-title elementor-size-default\">DISQUE D'EMBRAYAGE PRISE DE FORCE FIAT NEW HOLLAND ORGANIQUE\n- \u2300230 - 10 Cannelures<\/h2>\t\t\t\t<\/div>\n\t\t\t\t<\/div>\n\t\t\t\t<div class=\"elementor-element elementor-element-471c02d6 elementor-widget elementor-widget-heading\" data-id=\"471c02d6\" data-element_type=\"widget\" data-e-type=\"widget\" data-widget_type=\"heading.default\">\n\t\t\t\t<div class=\"elementor-widget-container\">\n\t\t\t\t\t<h3 class=\"elementor-heading-title elementor-size-default\">Information du produit :<\/h3>\t\t\t\t<\/div>\n\t\t\t\t<\/div>\n\t\t\t\t\t<\/div>\n\t\t<\/div>\n\t\t\t\t\t<\/div>\n\t\t<\/section>\n\t\t\t\t<section class=\"elementor-section elementor-top-section elementor-element elementor-element-290ca7d1 elementor-section-boxed elementor-section-height-default elementor-section-height-default\" data-id=\"290ca7d1\" data-element_type=\"section\" data-e-type=\"section\">\n\t\t\t\t\t\t<div class=\"elementor-container elementor-column-gap-default\">\n\t\t\t\t\t<div class=\"elementor-column elementor-col-100 elementor-top-column elementor-element elementor-element-773f35b7\" data-id=\"773f35b7\" data-element_type=\"column\" data-e-type=\"column\">\n\t\t\t<div class=\"elementor-widget-wrap elementor-element-populated\">\n\t\t\t\t\t\t<div class=\"elementor-element elementor-element-7774c225 elementor-widget elementor-widget-text-editor\" data-id=\"7774c225\" data-element_type=\"widget\" data-e-type=\"widget\" data-widget_type=\"text-editor.default\">\n\t\t\t\t<div class=\"elementor-widget-container\">\n\t\t\t\t\t\t\t\t\t<p>Moyeu : 18 X 22<\/p><p>Pour Fiat New Holland : SOM 30, SOM 312, SOM 315, SOM 35, SOM 411, SOM 415.<\/p>\t\t\t\t\t\t\t\t<\/div>\n\t\t\t\t<\/div>\n\t\t\t\t\t<\/div>\n\t\t<\/div>\n\t\t\t\t\t<\/div>\n\t\t<\/section>\n\t\t\t\t<\/div>","protected":false},"excerpt":{"rendered":"<p>DISQUE D&rsquo;EMBRAYAGE PRISE DE FORCE FIAT NEW HOLLAND ORGANIQUE &#8211; \u2300230 &#8211; 10 Cannelures Information du produit : Moyeu : 18 X 22 Pour Fiat New Holland : SOM 30, SOM 312, SOM 315, SOM 35, SOM 411, SOM 415.<\/p>","protected":false},"featured_media":11442,"template":"","meta":[],"product_brand":[],"product_cat":[126,3976,119,120],"product_tag":[2499],"tracteur":[],"class_list":{"0":"post-11439","1":"product","2":"type-product","3":"status-publish","4":"has-post-thumbnail","6":"product_cat-disques-embrayage","7":"product_cat-fiat-new-holland-disque","8":"product_cat-tracteurs-agricoles","9":"product_cat-transmissions","10":"product_tag-disque-dembrayage","11":"product_shipping_class-142","12":"pa_marque-tracteur-fiat-new-holland","13":"pa_type-2-som-30","14":"pa_type-2-som-312","15":"pa_type-2-som-315","16":"pa_type-2-som-35","17":"pa_type-2-som-411","18":"pa_type-2-som-415","19":"badges-style-2","21":"first","22":"instock","23":"taxable","24":"shipping-taxable","25":"purchasable","26":"product-type-simple"},"acf":[],"yoast_head":"<!-- This site is optimized with the Yoast SEO plugin v27.3 - https:\/\/yoast.com\/product\/yoast-seo-wordpress\/ -->\n<title>Disque d&#039;embrayage Fiat New Holland organique - 18 X 22 - 10 Can. - Edel<\/title>\n<meta name=\"description\" content=\"Disque d&#039;embrayage Fiat New Holland organique - 10 Can. - SOM 30, SOM 312, SOM 315, SOM 35, SOM 411, SOM 415 - Moyeu : 18 X 22 - Diam\u00e8tre : 230 - Tracteur\" \/>\n<meta name=\"robots\" content=\"index, follow, max-snippet:-1, max-image-preview:large, max-video-preview:-1\" \/>\n<link rel=\"canonical\" href=\"https:\/\/edel.fr\/en\/product\/disque-dembrayage-fiat-new-holland-organique-18-x-22-10-can\/\" \/>\n<meta property=\"og:locale\" content=\"en_US\" \/>\n<meta property=\"og:type\" content=\"article\" \/>\n<meta property=\"og:title\" content=\"Disque d&#039;embrayage Fiat New Holland organique - 18 X 22 - 10 Can. - Edel\" \/>\n<meta property=\"og:description\" content=\"Disque d&#039;embrayage Fiat New Holland organique - 10 Can. - SOM 30, SOM 312, SOM 315, SOM 35, SOM 411, SOM 415 - Moyeu : 18 X 22 - Diam\u00e8tre : 230 - Tracteur\" \/>\n<meta property=\"og:url\" content=\"https:\/\/edel.fr\/en\/product\/disque-dembrayage-fiat-new-holland-organique-18-x-22-10-can\/\" \/>\n<meta property=\"og:site_name\" content=\"Edel\" \/>\n<meta property=\"article:modified_time\" content=\"2026-03-31T01:00:30+00:00\" \/>\n<meta property=\"og:image\" content=\"https:\/\/edel.fr\/uploads\/2021\/05\/0522325416.jpg\" \/>\n\t<meta property=\"og:image:width\" content=\"1512\" \/>\n\t<meta property=\"og:image:height\" content=\"1667\" \/>\n\t<meta property=\"og:image:type\" content=\"image\/jpeg\" \/>\n<meta name=\"twitter:card\" content=\"summary_large_image\" \/>\n<meta name=\"twitter:label1\" content=\"Est. reading time\" \/>\n\t<meta name=\"twitter:data1\" content=\"1 minute\" \/>\n<script type=\"application\/ld+json\" class=\"yoast-schema-graph\">{\"@context\":\"https:\\\/\\\/schema.org\",\"@graph\":[{\"@type\":\"WebPage\",\"@id\":\"https:\\\/\\\/edel.fr\\\/produit\\\/disque-dembrayage-fiat-new-holland-organique-18-x-22-10-can\\\/\",\"url\":\"https:\\\/\\\/edel.fr\\\/produit\\\/disque-dembrayage-fiat-new-holland-organique-18-x-22-10-can\\\/\",\"name\":\"Disque d'embrayage Fiat New Holland organique - 18 X 22 - 10 Can. - Edel\",\"isPartOf\":{\"@id\":\"http:\\\/\\\/www.edel.fr\\\/en\\\/#website\"},\"primaryImageOfPage\":{\"@id\":\"https:\\\/\\\/edel.fr\\\/produit\\\/disque-dembrayage-fiat-new-holland-organique-18-x-22-10-can\\\/#primaryimage\"},\"image\":{\"@id\":\"https:\\\/\\\/edel.fr\\\/produit\\\/disque-dembrayage-fiat-new-holland-organique-18-x-22-10-can\\\/#primaryimage\"},\"thumbnailUrl\":\"https:\\\/\\\/edel.fr\\\/uploads\\\/2021\\\/05\\\/0522325416.jpg\",\"datePublished\":\"2021-05-19T13:20:45+00:00\",\"dateModified\":\"2026-03-31T01:00:30+00:00\",\"description\":\"Disque d'embrayage Fiat New Holland organique - 10 Can. - SOM 30, SOM 312, SOM 315, SOM 35, SOM 411, SOM 415 - Moyeu : 18 X 22 - Diam\u00e8tre : 230 - Tracteur\",\"breadcrumb\":{\"@id\":\"https:\\\/\\\/edel.fr\\\/produit\\\/disque-dembrayage-fiat-new-holland-organique-18-x-22-10-can\\\/#breadcrumb\"},\"inLanguage\":\"en-US\",\"potentialAction\":[{\"@type\":\"ReadAction\",\"target\":[\"https:\\\/\\\/edel.fr\\\/produit\\\/disque-dembrayage-fiat-new-holland-organique-18-x-22-10-can\\\/\"]}]},{\"@type\":\"ImageObject\",\"inLanguage\":\"en-US\",\"@id\":\"https:\\\/\\\/edel.fr\\\/produit\\\/disque-dembrayage-fiat-new-holland-organique-18-x-22-10-can\\\/#primaryimage\",\"url\":\"https:\\\/\\\/edel.fr\\\/uploads\\\/2021\\\/05\\\/0522325416.jpg\",\"contentUrl\":\"https:\\\/\\\/edel.fr\\\/uploads\\\/2021\\\/05\\\/0522325416.jpg\",\"width\":1512,\"height\":1667,\"caption\":\"Disque d'embrayage Fiat New Holland organique - 18 X 22 - 10 Can.\"},{\"@type\":\"BreadcrumbList\",\"@id\":\"https:\\\/\\\/edel.fr\\\/produit\\\/disque-dembrayage-fiat-new-holland-organique-18-x-22-10-can\\\/#breadcrumb\",\"itemListElement\":[{\"@type\":\"ListItem\",\"position\":1,\"name\":\"Pi\u00e8ce Tracteur\",\"item\":\"http:\\\/\\\/www.edel.fr\\\/en\\\/\"},{\"@type\":\"ListItem\",\"position\":2,\"name\":\"Toutes nos pi\u00e8ces Tracteur\",\"item\":\"https:\\\/\\\/edel.fr\\\/shop\\\/\"},{\"@type\":\"ListItem\",\"position\":3,\"name\":\"Disque d&#8217;embrayage Fiat New Holland organique &#8211; 18 X 22 &#8211; 10 Can.\"}]},{\"@type\":\"WebSite\",\"@id\":\"http:\\\/\\\/www.edel.fr\\\/en\\\/#website\",\"url\":\"http:\\\/\\\/www.edel.fr\\\/en\\\/\",\"name\":\"Edel\",\"description\":\"Pi\u00e8ce d\u00e9tach\u00e9e de Tracteur Agricole\",\"publisher\":{\"@id\":\"http:\\\/\\\/www.edel.fr\\\/en\\\/#organization\"},\"potentialAction\":[{\"@type\":\"SearchAction\",\"target\":{\"@type\":\"EntryPoint\",\"urlTemplate\":\"http:\\\/\\\/www.edel.fr\\\/en\\\/?s={search_term_string}\"},\"query-input\":{\"@type\":\"PropertyValueSpecification\",\"valueRequired\":true,\"valueName\":\"search_term_string\"}}],\"inLanguage\":\"en-US\"},{\"@type\":\"Organization\",\"@id\":\"http:\\\/\\\/www.edel.fr\\\/en\\\/#organization\",\"name\":\"Edel\",\"url\":\"http:\\\/\\\/www.edel.fr\\\/en\\\/\",\"logo\":{\"@type\":\"ImageObject\",\"inLanguage\":\"en-US\",\"@id\":\"http:\\\/\\\/www.edel.fr\\\/en\\\/#\\\/schema\\\/logo\\\/image\\\/\",\"url\":\"https:\\\/\\\/www.edel.fr\\\/uploads\\\/2018\\\/11\\\/logo-edel.png\",\"contentUrl\":\"https:\\\/\\\/www.edel.fr\\\/uploads\\\/2018\\\/11\\\/logo-edel.png\",\"width\":257,\"height\":68,\"caption\":\"Edel\"},\"image\":{\"@id\":\"http:\\\/\\\/www.edel.fr\\\/en\\\/#\\\/schema\\\/logo\\\/image\\\/\"}}]}<\/script>\n<!-- \/ Yoast SEO plugin. -->","yoast_head_json":{"title":"Disque d'embrayage Fiat New Holland organique - 18 X 22 - 10 Can. - Edel","description":"Disque d'embrayage Fiat New Holland organique - 10 Can. - SOM 30, SOM 312, SOM 315, SOM 35, SOM 411, SOM 415 - Moyeu : 18 X 22 - Diam\u00e8tre : 230 - Tracteur","robots":{"index":"index","follow":"follow","max-snippet":"max-snippet:-1","max-image-preview":"max-image-preview:large","max-video-preview":"max-video-preview:-1"},"canonical":"https:\/\/edel.fr\/en\/product\/disque-dembrayage-fiat-new-holland-organique-18-x-22-10-can\/","og_locale":"en_US","og_type":"article","og_title":"Disque d'embrayage Fiat New Holland organique - 18 X 22 - 10 Can. - Edel","og_description":"Disque d'embrayage Fiat New Holland organique - 10 Can. - SOM 30, SOM 312, SOM 315, SOM 35, SOM 411, SOM 415 - Moyeu : 18 X 22 - Diam\u00e8tre : 230 - Tracteur","og_url":"https:\/\/edel.fr\/en\/product\/disque-dembrayage-fiat-new-holland-organique-18-x-22-10-can\/","og_site_name":"Edel","article_modified_time":"2026-03-31T01:00:30+00:00","og_image":[{"width":1512,"height":1667,"url":"https:\/\/edel.fr\/uploads\/2021\/05\/0522325416.jpg","type":"image\/jpeg"}],"twitter_card":"summary_large_image","twitter_misc":{"Est. reading time":"1 minute"},"schema":{"@context":"https:\/\/schema.org","@graph":[{"@type":"WebPage","@id":"https:\/\/edel.fr\/produit\/disque-dembrayage-fiat-new-holland-organique-18-x-22-10-can\/","url":"https:\/\/edel.fr\/produit\/disque-dembrayage-fiat-new-holland-organique-18-x-22-10-can\/","name":"Disque d'embrayage Fiat New Holland organique - 18 X 22 - 10 Can. - Edel","isPartOf":{"@id":"http:\/\/www.edel.fr\/en\/#website"},"primaryImageOfPage":{"@id":"https:\/\/edel.fr\/produit\/disque-dembrayage-fiat-new-holland-organique-18-x-22-10-can\/#primaryimage"},"image":{"@id":"https:\/\/edel.fr\/produit\/disque-dembrayage-fiat-new-holland-organique-18-x-22-10-can\/#primaryimage"},"thumbnailUrl":"https:\/\/edel.fr\/uploads\/2021\/05\/0522325416.jpg","datePublished":"2021-05-19T13:20:45+00:00","dateModified":"2026-03-31T01:00:30+00:00","description":"Disque d'embrayage Fiat New Holland organique - 10 Can. - SOM 30, SOM 312, SOM 315, SOM 35, SOM 411, SOM 415 - Moyeu : 18 X 22 - Diam\u00e8tre : 230 - Tracteur","breadcrumb":{"@id":"https:\/\/edel.fr\/produit\/disque-dembrayage-fiat-new-holland-organique-18-x-22-10-can\/#breadcrumb"},"inLanguage":"en-US","potentialAction":[{"@type":"ReadAction","target":["https:\/\/edel.fr\/produit\/disque-dembrayage-fiat-new-holland-organique-18-x-22-10-can\/"]}]},{"@type":"ImageObject","inLanguage":"en-US","@id":"https:\/\/edel.fr\/produit\/disque-dembrayage-fiat-new-holland-organique-18-x-22-10-can\/#primaryimage","url":"https:\/\/edel.fr\/uploads\/2021\/05\/0522325416.jpg","contentUrl":"https:\/\/edel.fr\/uploads\/2021\/05\/0522325416.jpg","width":1512,"height":1667,"caption":"Disque d'embrayage Fiat New Holland organique - 18 X 22 - 10 Can."},{"@type":"BreadcrumbList","@id":"https:\/\/edel.fr\/produit\/disque-dembrayage-fiat-new-holland-organique-18-x-22-10-can\/#breadcrumb","itemListElement":[{"@type":"ListItem","position":1,"name":"Pi\u00e8ce Tracteur","item":"http:\/\/www.edel.fr\/en\/"},{"@type":"ListItem","position":2,"name":"Toutes nos pi\u00e8ces Tracteur","item":"https:\/\/edel.fr\/shop\/"},{"@type":"ListItem","position":3,"name":"Disque d&#8217;embrayage Fiat New Holland organique &#8211; 18 X 22 &#8211; 10 Can."}]},{"@type":"WebSite","@id":"http:\/\/www.edel.fr\/en\/#website","url":"http:\/\/www.edel.fr\/en\/","name":"Edel","description":"Pi\u00e8ce d\u00e9tach\u00e9e de Tracteur Agricole","publisher":{"@id":"http:\/\/www.edel.fr\/en\/#organization"},"potentialAction":[{"@type":"SearchAction","target":{"@type":"EntryPoint","urlTemplate":"http:\/\/www.edel.fr\/en\/?s={search_term_string}"},"query-input":{"@type":"PropertyValueSpecification","valueRequired":true,"valueName":"search_term_string"}}],"inLanguage":"en-US"},{"@type":"Organization","@id":"http:\/\/www.edel.fr\/en\/#organization","name":"Edel","url":"http:\/\/www.edel.fr\/en\/","logo":{"@type":"ImageObject","inLanguage":"en-US","@id":"http:\/\/www.edel.fr\/en\/#\/schema\/logo\/image\/","url":"https:\/\/www.edel.fr\/uploads\/2018\/11\/logo-edel.png","contentUrl":"https:\/\/www.edel.fr\/uploads\/2018\/11\/logo-edel.png","width":257,"height":68,"caption":"Edel"},"image":{"@id":"http:\/\/www.edel.fr\/en\/#\/schema\/logo\/image\/"}}]}},"_links":{"self":[{"href":"https:\/\/edel.fr\/en\/wp-json\/wp\/v2\/product\/11439","targetHints":{"allow":["GET"]}}],"collection":[{"href":"https:\/\/edel.fr\/en\/wp-json\/wp\/v2\/product"}],"about":[{"href":"https:\/\/edel.fr\/en\/wp-json\/wp\/v2\/types\/product"}],"version-history":[{"count":3,"href":"https:\/\/edel.fr\/en\/wp-json\/wp\/v2\/product\/11439\/revisions"}],"predecessor-version":[{"id":14771,"href":"https:\/\/edel.fr\/en\/wp-json\/wp\/v2\/product\/11439\/revisions\/14771"}],"wp:featuredmedia":[{"embeddable":true,"href":"https:\/\/edel.fr\/en\/wp-json\/wp\/v2\/media\/11442"}],"wp:attachment":[{"href":"https:\/\/edel.fr\/en\/wp-json\/wp\/v2\/media?parent=11439"}],"wp:term":[{"taxonomy":"product_brand","embeddable":true,"href":"https:\/\/edel.fr\/en\/wp-json\/wp\/v2\/product_brand?post=11439"},{"taxonomy":"product_cat","embeddable":true,"href":"https:\/\/edel.fr\/en\/wp-json\/wp\/v2\/product_cat?post=11439"},{"taxonomy":"product_tag","embeddable":true,"href":"https:\/\/edel.fr\/en\/wp-json\/wp\/v2\/product_tag?post=11439"},{"taxonomy":"tracteur","embeddable":true,"href":"https:\/\/edel.fr\/en\/wp-json\/wp\/v2\/tracteur?post=11439"}],"curies":[{"name":"wp","href":"https:\/\/api.w.org\/{rel}","templated":true}]}}