{"id":11463,"date":"2021-05-19T16:25:51","date_gmt":"2021-05-19T14:25:51","guid":{"rendered":"https:\/\/www.edel.fr\/?post_type=product&#038;p=11463"},"modified":"2026-03-19T02:00:18","modified_gmt":"2026-03-19T01:00:18","slug":"disque-dembrayage-fiat-organique-luk-22-x-25-280-10-can","status":"publish","type":"product","link":"https:\/\/edel.fr\/en\/product\/disque-dembrayage-fiat-organique-luk-22-x-25-280-10-can\/","title":{"rendered":"Disque embrayage PDF organique 22\u00d725 \u2300280 10 can. ep 7.5 mm tracteur Fiat"},"content":{"rendered":"<h4>DISQUE D&rsquo;EMBRAYAGE PRISE DE FORCE FIAT NEW HOLLAND ORGANIQUE<br \/>\n&#8211; \u2300280 &#8211; 10 Cannelures<\/h4>\n<p>Moyeu : 22 x 25 mm<\/p>\n<p>\u00c9paisseur : 7,5 mm.<\/p>\n<p>Pour un disque \u00e9quivalent avec une \u00e9paisseur de 9mm, voir notre disque <strong><a href=\"https:\/\/edel.fr\/en\/disque-dembrayage-fiat-organique-22-x-25-280-10-can\/\">0522809417<\/a><\/strong><\/p>\n<p>Pour Fiat New Holland : 4030, 4230, 4430, 446, 450S, 46, 466, 474, 480, 500, 540, 550, 5546, 5566, 566, 570, 600, 6076, 640, 65, 666, 670, 7076, 8046, U533.<\/p>","protected":false},"excerpt":{"rendered":"<p>DISQUE D&rsquo;EMBRAYAGE PRISE DE FORCE FIAT NEW HOLLAND ORGANIQUE &#8211; \u2300280 &#8211; 10 Cannelures Moyeu : 22 x 25 mm \u00c9paisseur : 7,5 mm. Pour un disque \u00e9quivalent avec une \u00e9paisseur de 9mm, voir notre disque 0522809417 Pour Fiat New Holland : 4030, 4230, 4430, 446, 450S, 46, 466, 474, 480, 500, 540, 550, 5546,<br \/><a class=\"more-link\" href=\"https:\/\/edel.fr\/en\/product\/disque-dembrayage-fiat-organique-luk-22-x-25-280-10-can\/\"><br \/>\n        Read More<span class=\"screen-reader-text\"> \u00ab\u00a0Disque embrayage PDF organique 22\u00d725 \u2300280 10 can. ep 7.5 mm tracteur Fiat\u00a0\u00bb<\/span><\/a><\/p>","protected":false},"featured_media":11464,"template":"","meta":[],"product_brand":[],"product_cat":[126,3976,119,120],"product_tag":[2499],"tracteur":[],"class_list":{"0":"post-11463","1":"product","2":"type-product","3":"status-publish","4":"has-post-thumbnail","6":"product_cat-disques-embrayage","7":"product_cat-fiat-new-holland-disque","8":"product_cat-tracteurs-agricoles","9":"product_cat-transmissions","10":"product_tag-disque-dembrayage","11":"product_shipping_class-142","12":"pa_fabriquant-selection-edel","13":"pa_marque-tracteur-fiat-new-holland","14":"pa_modele-tracteur-3519","15":"pa_modele-tracteur-3520","16":"pa_modele-tracteur-3521","17":"pa_modele-tracteur-3506","18":"pa_modele-tracteur-450s","19":"pa_modele-tracteur-3504","20":"pa_modele-tracteur-3507","21":"pa_modele-tracteur-3508","22":"pa_modele-tracteur-3509","23":"pa_modele-tracteur-3510","24":"pa_modele-tracteur-3511","25":"pa_modele-tracteur-3512","26":"pa_modele-tracteur-3522","27":"pa_modele-tracteur-3523","28":"pa_modele-tracteur-3513","29":"pa_modele-tracteur-3514","30":"pa_modele-tracteur-3515","31":"pa_modele-tracteur-3524","32":"pa_modele-tracteur-3516","33":"pa_modele-tracteur-3503","34":"pa_modele-tracteur-3517","35":"pa_modele-tracteur-3518","36":"pa_modele-tracteur-3525","37":"pa_modele-tracteur-3526","38":"pa_modele-tracteur-u533","39":"badges-style-2","41":"first","42":"instock","43":"taxable","44":"shipping-taxable","45":"purchasable","46":"product-type-simple"},"acf":[],"yoast_head":"<!-- This site is optimized with the Yoast SEO plugin v27.3 - https:\/\/yoast.com\/product\/yoast-seo-wordpress\/ -->\n<title>Disque embrayage PDF organique 22\u00d725 \u2300280 10 can. ep 7.5 mm tracteur Fiat - Edel<\/title>\n<meta name=\"description\" content=\"Disque d&#039;embrayage Fiat organique 10 Can. - 4030 4430 450S 474 480 500 540 550 5546 566 570 600 6076 670 7076 8046 - Moyeu : 22 X 25 \u2300280 - Prise de force\" \/>\n<meta name=\"robots\" content=\"index, follow, max-snippet:-1, max-image-preview:large, max-video-preview:-1\" \/>\n<link rel=\"canonical\" href=\"http:\/\/www.edel.fr\/en\/product\/disque-dembrayage-fiat-organique-luk-22-x-25-280-10-can\/\" \/>\n<meta property=\"og:locale\" content=\"en_US\" \/>\n<meta property=\"og:type\" content=\"article\" \/>\n<meta property=\"og:title\" content=\"Disque embrayage PDF organique 22\u00d725 \u2300280 10 can. ep 7.5 mm tracteur Fiat - Edel\" \/>\n<meta property=\"og:description\" content=\"Disque d&#039;embrayage Fiat organique 10 Can. - 4030 4430 450S 474 480 500 540 550 5546 566 570 600 6076 670 7076 8046 - Moyeu : 22 X 25 \u2300280 - Prise de force\" \/>\n<meta property=\"og:url\" content=\"http:\/\/www.edel.fr\/en\/product\/disque-dembrayage-fiat-organique-luk-22-x-25-280-10-can\/\" \/>\n<meta property=\"og:site_name\" content=\"Edel\" \/>\n<meta property=\"article:modified_time\" content=\"2026-03-19T01:00:18+00:00\" \/>\n<meta property=\"og:image\" content=\"http:\/\/www.edel.fr\/uploads\/2021\/05\/0522811217.jpg\" \/>\n\t<meta property=\"og:image:width\" content=\"1512\" \/>\n\t<meta property=\"og:image:height\" content=\"1709\" \/>\n\t<meta property=\"og:image:type\" content=\"image\/jpeg\" \/>\n<meta name=\"twitter:card\" content=\"summary_large_image\" \/>\n<meta name=\"twitter:label1\" content=\"Est. reading time\" \/>\n\t<meta name=\"twitter:data1\" content=\"1 minute\" \/>\n<script type=\"application\/ld+json\" class=\"yoast-schema-graph\">{\"@context\":\"https:\\\/\\\/schema.org\",\"@graph\":[{\"@type\":\"WebPage\",\"@id\":\"http:\\\/\\\/www.edel.fr\\\/en\\\/product\\\/disque-dembrayage-fiat-organique-luk-22-x-25-280-10-can\\\/\",\"url\":\"http:\\\/\\\/www.edel.fr\\\/en\\\/product\\\/disque-dembrayage-fiat-organique-luk-22-x-25-280-10-can\\\/\",\"name\":\"Disque embrayage PDF organique 22\u00d725 \u2300280 10 can. ep 7.5 mm tracteur Fiat - Edel\",\"isPartOf\":{\"@id\":\"https:\\\/\\\/www.edel.fr\\\/en\\\/#website\"},\"primaryImageOfPage\":{\"@id\":\"http:\\\/\\\/www.edel.fr\\\/en\\\/product\\\/disque-dembrayage-fiat-organique-luk-22-x-25-280-10-can\\\/#primaryimage\"},\"image\":{\"@id\":\"http:\\\/\\\/www.edel.fr\\\/en\\\/product\\\/disque-dembrayage-fiat-organique-luk-22-x-25-280-10-can\\\/#primaryimage\"},\"thumbnailUrl\":\"https:\\\/\\\/edel.fr\\\/uploads\\\/2021\\\/05\\\/0522811217.jpg\",\"datePublished\":\"2021-05-19T14:25:51+00:00\",\"dateModified\":\"2026-03-19T01:00:18+00:00\",\"description\":\"Disque d'embrayage Fiat organique 10 Can. - 4030 4430 450S 474 480 500 540 550 5546 566 570 600 6076 670 7076 8046 - Moyeu : 22 X 25 \u2300280 - Prise de force\",\"breadcrumb\":{\"@id\":\"http:\\\/\\\/www.edel.fr\\\/en\\\/product\\\/disque-dembrayage-fiat-organique-luk-22-x-25-280-10-can\\\/#breadcrumb\"},\"inLanguage\":\"en-US\",\"potentialAction\":[{\"@type\":\"ReadAction\",\"target\":[\"http:\\\/\\\/www.edel.fr\\\/en\\\/product\\\/disque-dembrayage-fiat-organique-luk-22-x-25-280-10-can\\\/\"]}]},{\"@type\":\"ImageObject\",\"inLanguage\":\"en-US\",\"@id\":\"http:\\\/\\\/www.edel.fr\\\/en\\\/product\\\/disque-dembrayage-fiat-organique-luk-22-x-25-280-10-can\\\/#primaryimage\",\"url\":\"https:\\\/\\\/edel.fr\\\/uploads\\\/2021\\\/05\\\/0522811217.jpg\",\"contentUrl\":\"https:\\\/\\\/edel.fr\\\/uploads\\\/2021\\\/05\\\/0522811217.jpg\",\"width\":1512,\"height\":1709,\"caption\":\"Disque d'embrayage Fiat organique LuK - 22 X 25 \u2300280 - 10 Can.\"},{\"@type\":\"BreadcrumbList\",\"@id\":\"http:\\\/\\\/www.edel.fr\\\/en\\\/product\\\/disque-dembrayage-fiat-organique-luk-22-x-25-280-10-can\\\/#breadcrumb\",\"itemListElement\":[{\"@type\":\"ListItem\",\"position\":1,\"name\":\"Pi\u00e8ce Tracteur\",\"item\":\"https:\\\/\\\/www.edel.fr\\\/en\\\/\"},{\"@type\":\"ListItem\",\"position\":2,\"name\":\"Toutes nos pi\u00e8ces Tracteur\",\"item\":\"https:\\\/\\\/edel.fr\\\/shop\\\/\"},{\"@type\":\"ListItem\",\"position\":3,\"name\":\"Disque embrayage PDF organique 22\u00d725 \u2300280 10 can. ep 7.5 mm tracteur Fiat\"}]},{\"@type\":\"WebSite\",\"@id\":\"https:\\\/\\\/www.edel.fr\\\/en\\\/#website\",\"url\":\"https:\\\/\\\/www.edel.fr\\\/en\\\/\",\"name\":\"Edel\",\"description\":\"Pi\u00e8ce d\u00e9tach\u00e9e de Tracteur Agricole\",\"publisher\":{\"@id\":\"https:\\\/\\\/www.edel.fr\\\/en\\\/#organization\"},\"potentialAction\":[{\"@type\":\"SearchAction\",\"target\":{\"@type\":\"EntryPoint\",\"urlTemplate\":\"https:\\\/\\\/www.edel.fr\\\/en\\\/?s={search_term_string}\"},\"query-input\":{\"@type\":\"PropertyValueSpecification\",\"valueRequired\":true,\"valueName\":\"search_term_string\"}}],\"inLanguage\":\"en-US\"},{\"@type\":\"Organization\",\"@id\":\"https:\\\/\\\/www.edel.fr\\\/en\\\/#organization\",\"name\":\"Edel\",\"url\":\"https:\\\/\\\/www.edel.fr\\\/en\\\/\",\"logo\":{\"@type\":\"ImageObject\",\"inLanguage\":\"en-US\",\"@id\":\"https:\\\/\\\/www.edel.fr\\\/en\\\/#\\\/schema\\\/logo\\\/image\\\/\",\"url\":\"https:\\\/\\\/www.edel.fr\\\/uploads\\\/2018\\\/11\\\/logo-edel.png\",\"contentUrl\":\"https:\\\/\\\/www.edel.fr\\\/uploads\\\/2018\\\/11\\\/logo-edel.png\",\"width\":257,\"height\":68,\"caption\":\"Edel\"},\"image\":{\"@id\":\"https:\\\/\\\/www.edel.fr\\\/en\\\/#\\\/schema\\\/logo\\\/image\\\/\"}}]}<\/script>\n<!-- \/ Yoast SEO plugin. -->","yoast_head_json":{"title":"Disque embrayage PDF organique 22\u00d725 \u2300280 10 can. ep 7.5 mm tracteur Fiat - Edel","description":"Disque d'embrayage Fiat organique 10 Can. - 4030 4430 450S 474 480 500 540 550 5546 566 570 600 6076 670 7076 8046 - Moyeu : 22 X 25 \u2300280 - Prise de force","robots":{"index":"index","follow":"follow","max-snippet":"max-snippet:-1","max-image-preview":"max-image-preview:large","max-video-preview":"max-video-preview:-1"},"canonical":"http:\/\/www.edel.fr\/en\/product\/disque-dembrayage-fiat-organique-luk-22-x-25-280-10-can\/","og_locale":"en_US","og_type":"article","og_title":"Disque embrayage PDF organique 22\u00d725 \u2300280 10 can. ep 7.5 mm tracteur Fiat - Edel","og_description":"Disque d'embrayage Fiat organique 10 Can. - 4030 4430 450S 474 480 500 540 550 5546 566 570 600 6076 670 7076 8046 - Moyeu : 22 X 25 \u2300280 - Prise de force","og_url":"http:\/\/www.edel.fr\/en\/product\/disque-dembrayage-fiat-organique-luk-22-x-25-280-10-can\/","og_site_name":"Edel","article_modified_time":"2026-03-19T01:00:18+00:00","og_image":[{"width":1512,"height":1709,"url":"http:\/\/www.edel.fr\/uploads\/2021\/05\/0522811217.jpg","type":"image\/jpeg"}],"twitter_card":"summary_large_image","twitter_misc":{"Est. reading time":"1 minute"},"schema":{"@context":"https:\/\/schema.org","@graph":[{"@type":"WebPage","@id":"http:\/\/www.edel.fr\/en\/product\/disque-dembrayage-fiat-organique-luk-22-x-25-280-10-can\/","url":"http:\/\/www.edel.fr\/en\/product\/disque-dembrayage-fiat-organique-luk-22-x-25-280-10-can\/","name":"Disque embrayage PDF organique 22\u00d725 \u2300280 10 can. ep 7.5 mm tracteur Fiat - Edel","isPartOf":{"@id":"https:\/\/www.edel.fr\/en\/#website"},"primaryImageOfPage":{"@id":"http:\/\/www.edel.fr\/en\/product\/disque-dembrayage-fiat-organique-luk-22-x-25-280-10-can\/#primaryimage"},"image":{"@id":"http:\/\/www.edel.fr\/en\/product\/disque-dembrayage-fiat-organique-luk-22-x-25-280-10-can\/#primaryimage"},"thumbnailUrl":"https:\/\/edel.fr\/uploads\/2021\/05\/0522811217.jpg","datePublished":"2021-05-19T14:25:51+00:00","dateModified":"2026-03-19T01:00:18+00:00","description":"Disque d'embrayage Fiat organique 10 Can. - 4030 4430 450S 474 480 500 540 550 5546 566 570 600 6076 670 7076 8046 - Moyeu : 22 X 25 \u2300280 - Prise de force","breadcrumb":{"@id":"http:\/\/www.edel.fr\/en\/product\/disque-dembrayage-fiat-organique-luk-22-x-25-280-10-can\/#breadcrumb"},"inLanguage":"en-US","potentialAction":[{"@type":"ReadAction","target":["http:\/\/www.edel.fr\/en\/product\/disque-dembrayage-fiat-organique-luk-22-x-25-280-10-can\/"]}]},{"@type":"ImageObject","inLanguage":"en-US","@id":"http:\/\/www.edel.fr\/en\/product\/disque-dembrayage-fiat-organique-luk-22-x-25-280-10-can\/#primaryimage","url":"https:\/\/edel.fr\/uploads\/2021\/05\/0522811217.jpg","contentUrl":"https:\/\/edel.fr\/uploads\/2021\/05\/0522811217.jpg","width":1512,"height":1709,"caption":"Disque d'embrayage Fiat organique LuK - 22 X 25 \u2300280 - 10 Can."},{"@type":"BreadcrumbList","@id":"http:\/\/www.edel.fr\/en\/product\/disque-dembrayage-fiat-organique-luk-22-x-25-280-10-can\/#breadcrumb","itemListElement":[{"@type":"ListItem","position":1,"name":"Pi\u00e8ce Tracteur","item":"https:\/\/www.edel.fr\/en\/"},{"@type":"ListItem","position":2,"name":"Toutes nos pi\u00e8ces Tracteur","item":"https:\/\/edel.fr\/shop\/"},{"@type":"ListItem","position":3,"name":"Disque embrayage PDF organique 22\u00d725 \u2300280 10 can. ep 7.5 mm tracteur Fiat"}]},{"@type":"WebSite","@id":"https:\/\/www.edel.fr\/en\/#website","url":"https:\/\/www.edel.fr\/en\/","name":"Edel","description":"Pi\u00e8ce d\u00e9tach\u00e9e de Tracteur Agricole","publisher":{"@id":"https:\/\/www.edel.fr\/en\/#organization"},"potentialAction":[{"@type":"SearchAction","target":{"@type":"EntryPoint","urlTemplate":"https:\/\/www.edel.fr\/en\/?s={search_term_string}"},"query-input":{"@type":"PropertyValueSpecification","valueRequired":true,"valueName":"search_term_string"}}],"inLanguage":"en-US"},{"@type":"Organization","@id":"https:\/\/www.edel.fr\/en\/#organization","name":"Edel","url":"https:\/\/www.edel.fr\/en\/","logo":{"@type":"ImageObject","inLanguage":"en-US","@id":"https:\/\/www.edel.fr\/en\/#\/schema\/logo\/image\/","url":"https:\/\/www.edel.fr\/uploads\/2018\/11\/logo-edel.png","contentUrl":"https:\/\/www.edel.fr\/uploads\/2018\/11\/logo-edel.png","width":257,"height":68,"caption":"Edel"},"image":{"@id":"https:\/\/www.edel.fr\/en\/#\/schema\/logo\/image\/"}}]}},"_links":{"self":[{"href":"https:\/\/edel.fr\/en\/wp-json\/wp\/v2\/product\/11463","targetHints":{"allow":["GET"]}}],"collection":[{"href":"https:\/\/edel.fr\/en\/wp-json\/wp\/v2\/product"}],"about":[{"href":"https:\/\/edel.fr\/en\/wp-json\/wp\/v2\/types\/product"}],"version-history":[{"count":3,"href":"https:\/\/edel.fr\/en\/wp-json\/wp\/v2\/product\/11463\/revisions"}],"predecessor-version":[{"id":18403,"href":"https:\/\/edel.fr\/en\/wp-json\/wp\/v2\/product\/11463\/revisions\/18403"}],"wp:featuredmedia":[{"embeddable":true,"href":"https:\/\/edel.fr\/en\/wp-json\/wp\/v2\/media\/11464"}],"wp:attachment":[{"href":"https:\/\/edel.fr\/en\/wp-json\/wp\/v2\/media?parent=11463"}],"wp:term":[{"taxonomy":"product_brand","embeddable":true,"href":"https:\/\/edel.fr\/en\/wp-json\/wp\/v2\/product_brand?post=11463"},{"taxonomy":"product_cat","embeddable":true,"href":"https:\/\/edel.fr\/en\/wp-json\/wp\/v2\/product_cat?post=11463"},{"taxonomy":"product_tag","embeddable":true,"href":"https:\/\/edel.fr\/en\/wp-json\/wp\/v2\/product_tag?post=11463"},{"taxonomy":"tracteur","embeddable":true,"href":"https:\/\/edel.fr\/en\/wp-json\/wp\/v2\/tracteur?post=11463"}],"curies":[{"name":"wp","href":"https:\/\/api.w.org\/{rel}","templated":true}]}}