{"id":11578,"date":"2021-06-15T14:12:29","date_gmt":"2021-06-15T12:12:29","guid":{"rendered":"https:\/\/www.edel.fr\/?post_type=product&#038;p=11578"},"modified":"2026-03-11T02:00:15","modified_gmt":"2026-03-11T01:00:15","slug":"disque-dembrayage-cerametallique-ford-38-x-448-330-10-can","status":"publish","type":"product","link":"https:\/\/edel.fr\/en\/product\/disque-dembrayage-cerametallique-ford-38-x-448-330-10-can\/","title":{"rendered":"Disque d&#8217;embrayage c\u00e9ram\u00e9tallique Ford &#8211; 38 X 44,8 &#8211; \u2300330 10 Can."},"content":{"rendered":"<div data-elementor-type=\"wp-post\" data-elementor-id=\"11578\" class=\"elementor elementor-11578\">\n\t\t\t\t\t\t<section class=\"elementor-section elementor-top-section elementor-element elementor-element-498601bd elementor-section-boxed elementor-section-height-default elementor-section-height-default\" data-id=\"498601bd\" data-element_type=\"section\" data-e-type=\"section\">\n\t\t\t\t\t\t<div class=\"elementor-container elementor-column-gap-default\">\n\t\t\t\t\t<div class=\"elementor-column elementor-col-100 elementor-top-column elementor-element elementor-element-1dc91a36\" data-id=\"1dc91a36\" data-element_type=\"column\" data-e-type=\"column\">\n\t\t\t<div class=\"elementor-widget-wrap elementor-element-populated\">\n\t\t\t\t\t\t<div class=\"elementor-element elementor-element-7b169e19 elementor-widget elementor-widget-heading\" data-id=\"7b169e19\" data-element_type=\"widget\" data-e-type=\"widget\" data-widget_type=\"heading.default\">\n\t\t\t\t<div class=\"elementor-widget-container\">\n\t\t\t\t\t<h2 class=\"elementor-heading-title elementor-size-default\">DISQUE D'EMBRAYAGE FORD NEW HOLLAND CERAMETALLIQUE\n- \u2300330 - 10 Cannelures<\/h2>\t\t\t\t<\/div>\n\t\t\t\t<\/div>\n\t\t\t\t<div class=\"elementor-element elementor-element-4bcfdd94 elementor-widget elementor-widget-heading\" data-id=\"4bcfdd94\" data-element_type=\"widget\" data-e-type=\"widget\" data-widget_type=\"heading.default\">\n\t\t\t\t<div class=\"elementor-widget-container\">\n\t\t\t\t\t<h3 class=\"elementor-heading-title elementor-size-default\">Information du produit :<\/h3>\t\t\t\t<\/div>\n\t\t\t\t<\/div>\n\t\t\t\t\t<\/div>\n\t\t<\/div>\n\t\t\t\t\t<\/div>\n\t\t<\/section>\n\t\t\t\t<section class=\"elementor-section elementor-top-section elementor-element elementor-element-290ca7d1 elementor-section-boxed elementor-section-height-default elementor-section-height-default\" data-id=\"290ca7d1\" data-element_type=\"section\" data-e-type=\"section\">\n\t\t\t\t\t\t<div class=\"elementor-container elementor-column-gap-default\">\n\t\t\t\t\t<div class=\"elementor-column elementor-col-100 elementor-top-column elementor-element elementor-element-773f35b7\" data-id=\"773f35b7\" data-element_type=\"column\" data-e-type=\"column\">\n\t\t\t<div class=\"elementor-widget-wrap elementor-element-populated\">\n\t\t\t\t\t\t<div class=\"elementor-element elementor-element-7774c225 elementor-widget elementor-widget-text-editor\" data-id=\"7774c225\" data-element_type=\"widget\" data-e-type=\"widget\" data-widget_type=\"text-editor.default\">\n\t\t\t\t<div class=\"elementor-widget-container\">\n\t\t\t\t\t\t\t\t\t<p>Moyeu : 38 X 44,8<\/p><p>Pour Ford New Holland : 5000, 5100, 5110, 5200, 5510, 5550, 5600, 5610, 6410, 6600, 6610, 6700, 6710, 7000, 7100, 7410, 7610, 7710, 7810, 7910, 8100, 8210, 8610.<\/p>\t\t\t\t\t\t\t\t<\/div>\n\t\t\t\t<\/div>\n\t\t\t\t\t<\/div>\n\t\t<\/div>\n\t\t\t\t\t<\/div>\n\t\t<\/section>\n\t\t\t\t<\/div>","protected":false},"excerpt":{"rendered":"<p>DISQUE D&rsquo;EMBRAYAGE FORD NEW HOLLAND CERAMETALLIQUE &#8211; \u2300330 &#8211; 10 Cannelures Information du produit : Moyeu : 38 X 44,8 Pour Ford New Holland : 5000, 5100, 5110, 5200, 5510, 5550, 5600, 5610, 6410, 6600, 6610, 6700, 6710, 7000, 7100, 7410, 7610, 7710, 7810, 7910, 8100, 8210, 8610.<\/p>","protected":false},"featured_media":11579,"template":"","meta":[],"product_brand":[],"product_cat":[126,3977,119,120],"product_tag":[2499],"tracteur":[],"class_list":{"0":"post-11578","1":"product","2":"type-product","3":"status-publish","4":"has-post-thumbnail","6":"product_cat-disques-embrayage","7":"product_cat-ford-new-holland-disque","8":"product_cat-tracteurs-agricoles","9":"product_cat-transmissions","10":"product_tag-disque-dembrayage","11":"product_shipping_class-142","12":"pa_marque-tracteur-ford-new-holland","13":"pa_type-2-1669","14":"pa_type-2-3333","15":"pa_type-2-1670","16":"pa_type-2-3857","17":"pa_type-2-2172","18":"pa_type-2-2914","19":"pa_type-2-2071","20":"pa_type-2-1639","21":"pa_type-2-1672","22":"pa_type-2-1615","23":"pa_type-2-1673","24":"pa_type-2-1674","25":"pa_type-2-1675","26":"pa_type-2-2073","27":"pa_type-2-2303","28":"pa_type-2-1677","29":"pa_type-2-1304","30":"pa_type-2-1678","31":"pa_type-2-1305","32":"pa_type-2-1641","33":"pa_type-2-1684","34":"pa_type-2-2075","35":"pa_type-2-2915","36":"badges-style-2","38":"first","39":"instock","40":"taxable","41":"shipping-taxable","42":"purchasable","43":"product-type-simple"},"acf":[],"yoast_head":"<!-- This site is optimized with the Yoast SEO plugin v27.3 - https:\/\/yoast.com\/product\/yoast-seo-wordpress\/ -->\n<title>Disque d&#039;embrayage c\u00e9ram\u00e9tallique Ford - 38 X 44,8 - \u2300330 10 Can. - Edel<\/title>\n<meta name=\"description\" content=\"Disque d&#039;embrayage c\u00e9ram\u00e9tallique Ford New Holland - 38 X 44,8 -10 Can. \u2300330 - 5000 5100 5200 5510 5550 5600 6410 6610 6700 7000 7410 7610 7710 8100 8210\" \/>\n<meta name=\"robots\" content=\"index, follow, max-snippet:-1, max-image-preview:large, max-video-preview:-1\" \/>\n<link rel=\"canonical\" href=\"https:\/\/edel.fr\/en\/product\/disque-dembrayage-cerametallique-ford-38-x-448-330-10-can\/\" \/>\n<meta property=\"og:locale\" content=\"en_US\" \/>\n<meta property=\"og:type\" content=\"article\" \/>\n<meta property=\"og:title\" content=\"Disque d&#039;embrayage c\u00e9ram\u00e9tallique Ford - 38 X 44,8 - \u2300330 10 Can. - Edel\" \/>\n<meta property=\"og:description\" content=\"Disque d&#039;embrayage c\u00e9ram\u00e9tallique Ford New Holland - 38 X 44,8 -10 Can. \u2300330 - 5000 5100 5200 5510 5550 5600 6410 6610 6700 7000 7410 7610 7710 8100 8210\" \/>\n<meta property=\"og:url\" content=\"https:\/\/edel.fr\/en\/product\/disque-dembrayage-cerametallique-ford-38-x-448-330-10-can\/\" \/>\n<meta property=\"og:site_name\" content=\"Edel\" \/>\n<meta property=\"article:modified_time\" content=\"2026-03-11T01:00:15+00:00\" \/>\n<meta property=\"og:image\" content=\"https:\/\/edel.fr\/uploads\/2021\/06\/0623328216.jpg\" \/>\n\t<meta property=\"og:image:width\" content=\"1512\" \/>\n\t<meta property=\"og:image:height\" content=\"1512\" \/>\n\t<meta property=\"og:image:type\" content=\"image\/jpeg\" \/>\n<meta name=\"twitter:card\" content=\"summary_large_image\" \/>\n<meta name=\"twitter:label1\" content=\"Est. reading time\" \/>\n\t<meta name=\"twitter:data1\" content=\"1 minute\" \/>\n<script type=\"application\/ld+json\" class=\"yoast-schema-graph\">{\"@context\":\"https:\\\/\\\/schema.org\",\"@graph\":[{\"@type\":\"WebPage\",\"@id\":\"https:\\\/\\\/edel.fr\\\/en\\\/product\\\/disque-dembrayage-cerametallique-ford-38-x-448-330-10-can\\\/\",\"url\":\"https:\\\/\\\/edel.fr\\\/en\\\/product\\\/disque-dembrayage-cerametallique-ford-38-x-448-330-10-can\\\/\",\"name\":\"Disque d'embrayage c\u00e9ram\u00e9tallique Ford - 38 X 44,8 - \u2300330 10 Can. - Edel\",\"isPartOf\":{\"@id\":\"http:\\\/\\\/www.edel.fr\\\/en\\\/#website\"},\"primaryImageOfPage\":{\"@id\":\"https:\\\/\\\/edel.fr\\\/en\\\/product\\\/disque-dembrayage-cerametallique-ford-38-x-448-330-10-can\\\/#primaryimage\"},\"image\":{\"@id\":\"https:\\\/\\\/edel.fr\\\/en\\\/product\\\/disque-dembrayage-cerametallique-ford-38-x-448-330-10-can\\\/#primaryimage\"},\"thumbnailUrl\":\"https:\\\/\\\/edel.fr\\\/uploads\\\/2021\\\/06\\\/0623328216.jpg\",\"datePublished\":\"2021-06-15T12:12:29+00:00\",\"dateModified\":\"2026-03-11T01:00:15+00:00\",\"description\":\"Disque d'embrayage c\u00e9ram\u00e9tallique Ford New Holland - 38 X 44,8 -10 Can. \u2300330 - 5000 5100 5200 5510 5550 5600 6410 6610 6700 7000 7410 7610 7710 8100 8210\",\"breadcrumb\":{\"@id\":\"https:\\\/\\\/edel.fr\\\/en\\\/product\\\/disque-dembrayage-cerametallique-ford-38-x-448-330-10-can\\\/#breadcrumb\"},\"inLanguage\":\"en-US\",\"potentialAction\":[{\"@type\":\"ReadAction\",\"target\":[\"https:\\\/\\\/edel.fr\\\/en\\\/product\\\/disque-dembrayage-cerametallique-ford-38-x-448-330-10-can\\\/\"]}]},{\"@type\":\"ImageObject\",\"inLanguage\":\"en-US\",\"@id\":\"https:\\\/\\\/edel.fr\\\/en\\\/product\\\/disque-dembrayage-cerametallique-ford-38-x-448-330-10-can\\\/#primaryimage\",\"url\":\"https:\\\/\\\/edel.fr\\\/uploads\\\/2021\\\/06\\\/0623328216.jpg\",\"contentUrl\":\"https:\\\/\\\/edel.fr\\\/uploads\\\/2021\\\/06\\\/0623328216.jpg\",\"width\":1512,\"height\":1512,\"caption\":\"Disque d'embrayage c\u00e9ram\u00e9tallique Ford - 38 X 44,8 - \u2300330 10 Can.\"},{\"@type\":\"BreadcrumbList\",\"@id\":\"https:\\\/\\\/edel.fr\\\/en\\\/product\\\/disque-dembrayage-cerametallique-ford-38-x-448-330-10-can\\\/#breadcrumb\",\"itemListElement\":[{\"@type\":\"ListItem\",\"position\":1,\"name\":\"Pi\u00e8ce Tracteur\",\"item\":\"http:\\\/\\\/www.edel.fr\\\/en\\\/\"},{\"@type\":\"ListItem\",\"position\":2,\"name\":\"Toutes nos pi\u00e8ces Tracteur\",\"item\":\"https:\\\/\\\/edel.fr\\\/shop\\\/\"},{\"@type\":\"ListItem\",\"position\":3,\"name\":\"Disque d&#8217;embrayage c\u00e9ram\u00e9tallique Ford &#8211; 38 X 44,8 &#8211; \u2300330 10 Can.\"}]},{\"@type\":\"WebSite\",\"@id\":\"http:\\\/\\\/www.edel.fr\\\/en\\\/#website\",\"url\":\"http:\\\/\\\/www.edel.fr\\\/en\\\/\",\"name\":\"Edel\",\"description\":\"Pi\u00e8ce d\u00e9tach\u00e9e de Tracteur Agricole\",\"publisher\":{\"@id\":\"http:\\\/\\\/www.edel.fr\\\/en\\\/#organization\"},\"potentialAction\":[{\"@type\":\"SearchAction\",\"target\":{\"@type\":\"EntryPoint\",\"urlTemplate\":\"http:\\\/\\\/www.edel.fr\\\/en\\\/?s={search_term_string}\"},\"query-input\":{\"@type\":\"PropertyValueSpecification\",\"valueRequired\":true,\"valueName\":\"search_term_string\"}}],\"inLanguage\":\"en-US\"},{\"@type\":\"Organization\",\"@id\":\"http:\\\/\\\/www.edel.fr\\\/en\\\/#organization\",\"name\":\"Edel\",\"url\":\"http:\\\/\\\/www.edel.fr\\\/en\\\/\",\"logo\":{\"@type\":\"ImageObject\",\"inLanguage\":\"en-US\",\"@id\":\"http:\\\/\\\/www.edel.fr\\\/en\\\/#\\\/schema\\\/logo\\\/image\\\/\",\"url\":\"https:\\\/\\\/www.edel.fr\\\/uploads\\\/2018\\\/11\\\/logo-edel.png\",\"contentUrl\":\"https:\\\/\\\/www.edel.fr\\\/uploads\\\/2018\\\/11\\\/logo-edel.png\",\"width\":257,\"height\":68,\"caption\":\"Edel\"},\"image\":{\"@id\":\"http:\\\/\\\/www.edel.fr\\\/en\\\/#\\\/schema\\\/logo\\\/image\\\/\"}}]}<\/script>\n<!-- \/ Yoast SEO plugin. -->","yoast_head_json":{"title":"Disque d'embrayage c\u00e9ram\u00e9tallique Ford - 38 X 44,8 - \u2300330 10 Can. - Edel","description":"Disque d'embrayage c\u00e9ram\u00e9tallique Ford New Holland - 38 X 44,8 -10 Can. \u2300330 - 5000 5100 5200 5510 5550 5600 6410 6610 6700 7000 7410 7610 7710 8100 8210","robots":{"index":"index","follow":"follow","max-snippet":"max-snippet:-1","max-image-preview":"max-image-preview:large","max-video-preview":"max-video-preview:-1"},"canonical":"https:\/\/edel.fr\/en\/product\/disque-dembrayage-cerametallique-ford-38-x-448-330-10-can\/","og_locale":"en_US","og_type":"article","og_title":"Disque d'embrayage c\u00e9ram\u00e9tallique Ford - 38 X 44,8 - \u2300330 10 Can. - Edel","og_description":"Disque d'embrayage c\u00e9ram\u00e9tallique Ford New Holland - 38 X 44,8 -10 Can. \u2300330 - 5000 5100 5200 5510 5550 5600 6410 6610 6700 7000 7410 7610 7710 8100 8210","og_url":"https:\/\/edel.fr\/en\/product\/disque-dembrayage-cerametallique-ford-38-x-448-330-10-can\/","og_site_name":"Edel","article_modified_time":"2026-03-11T01:00:15+00:00","og_image":[{"width":1512,"height":1512,"url":"https:\/\/edel.fr\/uploads\/2021\/06\/0623328216.jpg","type":"image\/jpeg"}],"twitter_card":"summary_large_image","twitter_misc":{"Est. reading time":"1 minute"},"schema":{"@context":"https:\/\/schema.org","@graph":[{"@type":"WebPage","@id":"https:\/\/edel.fr\/en\/product\/disque-dembrayage-cerametallique-ford-38-x-448-330-10-can\/","url":"https:\/\/edel.fr\/en\/product\/disque-dembrayage-cerametallique-ford-38-x-448-330-10-can\/","name":"Disque d'embrayage c\u00e9ram\u00e9tallique Ford - 38 X 44,8 - \u2300330 10 Can. - Edel","isPartOf":{"@id":"http:\/\/www.edel.fr\/en\/#website"},"primaryImageOfPage":{"@id":"https:\/\/edel.fr\/en\/product\/disque-dembrayage-cerametallique-ford-38-x-448-330-10-can\/#primaryimage"},"image":{"@id":"https:\/\/edel.fr\/en\/product\/disque-dembrayage-cerametallique-ford-38-x-448-330-10-can\/#primaryimage"},"thumbnailUrl":"https:\/\/edel.fr\/uploads\/2021\/06\/0623328216.jpg","datePublished":"2021-06-15T12:12:29+00:00","dateModified":"2026-03-11T01:00:15+00:00","description":"Disque d'embrayage c\u00e9ram\u00e9tallique Ford New Holland - 38 X 44,8 -10 Can. \u2300330 - 5000 5100 5200 5510 5550 5600 6410 6610 6700 7000 7410 7610 7710 8100 8210","breadcrumb":{"@id":"https:\/\/edel.fr\/en\/product\/disque-dembrayage-cerametallique-ford-38-x-448-330-10-can\/#breadcrumb"},"inLanguage":"en-US","potentialAction":[{"@type":"ReadAction","target":["https:\/\/edel.fr\/en\/product\/disque-dembrayage-cerametallique-ford-38-x-448-330-10-can\/"]}]},{"@type":"ImageObject","inLanguage":"en-US","@id":"https:\/\/edel.fr\/en\/product\/disque-dembrayage-cerametallique-ford-38-x-448-330-10-can\/#primaryimage","url":"https:\/\/edel.fr\/uploads\/2021\/06\/0623328216.jpg","contentUrl":"https:\/\/edel.fr\/uploads\/2021\/06\/0623328216.jpg","width":1512,"height":1512,"caption":"Disque d'embrayage c\u00e9ram\u00e9tallique Ford - 38 X 44,8 - \u2300330 10 Can."},{"@type":"BreadcrumbList","@id":"https:\/\/edel.fr\/en\/product\/disque-dembrayage-cerametallique-ford-38-x-448-330-10-can\/#breadcrumb","itemListElement":[{"@type":"ListItem","position":1,"name":"Pi\u00e8ce Tracteur","item":"http:\/\/www.edel.fr\/en\/"},{"@type":"ListItem","position":2,"name":"Toutes nos pi\u00e8ces Tracteur","item":"https:\/\/edel.fr\/shop\/"},{"@type":"ListItem","position":3,"name":"Disque d&#8217;embrayage c\u00e9ram\u00e9tallique Ford &#8211; 38 X 44,8 &#8211; \u2300330 10 Can."}]},{"@type":"WebSite","@id":"http:\/\/www.edel.fr\/en\/#website","url":"http:\/\/www.edel.fr\/en\/","name":"Edel","description":"Pi\u00e8ce d\u00e9tach\u00e9e de Tracteur Agricole","publisher":{"@id":"http:\/\/www.edel.fr\/en\/#organization"},"potentialAction":[{"@type":"SearchAction","target":{"@type":"EntryPoint","urlTemplate":"http:\/\/www.edel.fr\/en\/?s={search_term_string}"},"query-input":{"@type":"PropertyValueSpecification","valueRequired":true,"valueName":"search_term_string"}}],"inLanguage":"en-US"},{"@type":"Organization","@id":"http:\/\/www.edel.fr\/en\/#organization","name":"Edel","url":"http:\/\/www.edel.fr\/en\/","logo":{"@type":"ImageObject","inLanguage":"en-US","@id":"http:\/\/www.edel.fr\/en\/#\/schema\/logo\/image\/","url":"https:\/\/www.edel.fr\/uploads\/2018\/11\/logo-edel.png","contentUrl":"https:\/\/www.edel.fr\/uploads\/2018\/11\/logo-edel.png","width":257,"height":68,"caption":"Edel"},"image":{"@id":"http:\/\/www.edel.fr\/en\/#\/schema\/logo\/image\/"}}]}},"_links":{"self":[{"href":"https:\/\/edel.fr\/en\/wp-json\/wp\/v2\/product\/11578","targetHints":{"allow":["GET"]}}],"collection":[{"href":"https:\/\/edel.fr\/en\/wp-json\/wp\/v2\/product"}],"about":[{"href":"https:\/\/edel.fr\/en\/wp-json\/wp\/v2\/types\/product"}],"version-history":[{"count":2,"href":"https:\/\/edel.fr\/en\/wp-json\/wp\/v2\/product\/11578\/revisions"}],"predecessor-version":[{"id":14692,"href":"https:\/\/edel.fr\/en\/wp-json\/wp\/v2\/product\/11578\/revisions\/14692"}],"wp:featuredmedia":[{"embeddable":true,"href":"https:\/\/edel.fr\/en\/wp-json\/wp\/v2\/media\/11579"}],"wp:attachment":[{"href":"https:\/\/edel.fr\/en\/wp-json\/wp\/v2\/media?parent=11578"}],"wp:term":[{"taxonomy":"product_brand","embeddable":true,"href":"https:\/\/edel.fr\/en\/wp-json\/wp\/v2\/product_brand?post=11578"},{"taxonomy":"product_cat","embeddable":true,"href":"https:\/\/edel.fr\/en\/wp-json\/wp\/v2\/product_cat?post=11578"},{"taxonomy":"product_tag","embeddable":true,"href":"https:\/\/edel.fr\/en\/wp-json\/wp\/v2\/product_tag?post=11578"},{"taxonomy":"tracteur","embeddable":true,"href":"https:\/\/edel.fr\/en\/wp-json\/wp\/v2\/tracteur?post=11578"}],"curies":[{"name":"wp","href":"https:\/\/api.w.org\/{rel}","templated":true}]}}