{"id":11628,"date":"2021-06-23T10:15:04","date_gmt":"2021-06-23T08:15:04","guid":{"rendered":"https:\/\/www.edel.fr\/?post_type=product&#038;p=11628"},"modified":"2026-01-09T02:00:22","modified_gmt":"2026-01-09T01:00:22","slug":"disque-dembrayage-avancement-deutz-36-x-42-295-8-can","status":"publish","type":"product","link":"https:\/\/edel.fr\/en\/product\/disque-dembrayage-avancement-deutz-36-x-42-295-8-can\/","title":{"rendered":"Disque d&#8217;embrayage avancement Deutz &#8211; 36 X 42 &#8211; \u2300295 &#8211; 8 Can."},"content":{"rendered":"<div data-elementor-type=\"wp-post\" data-elementor-id=\"11628\" class=\"elementor elementor-11628\">\n\t\t\t\t\t\t<section class=\"elementor-section elementor-top-section elementor-element elementor-element-54307cb1 elementor-section-boxed elementor-section-height-default elementor-section-height-default\" data-id=\"54307cb1\" data-element_type=\"section\" data-e-type=\"section\">\n\t\t\t\t\t\t<div class=\"elementor-container elementor-column-gap-default\">\n\t\t\t\t\t<div class=\"elementor-column elementor-col-100 elementor-top-column elementor-element elementor-element-28a8c6f0\" data-id=\"28a8c6f0\" data-element_type=\"column\" data-e-type=\"column\">\n\t\t\t<div class=\"elementor-widget-wrap elementor-element-populated\">\n\t\t\t\t\t\t<div class=\"elementor-element elementor-element-c1f2b07 elementor-widget elementor-widget-heading\" data-id=\"c1f2b07\" data-element_type=\"widget\" data-e-type=\"widget\" data-widget_type=\"heading.default\">\n\t\t\t\t<div class=\"elementor-widget-container\">\n\t\t\t\t\t<h2 class=\"elementor-heading-title elementor-size-default\">DISQUE D'EMBRAYAGE AVANCEMENT KHD DEUTZ ORGANIQUE\n- \u2300295 - 8 Cannelures<\/h2>\t\t\t\t<\/div>\n\t\t\t\t<\/div>\n\t\t\t\t<div class=\"elementor-element elementor-element-7ea76e93 elementor-widget elementor-widget-heading\" data-id=\"7ea76e93\" data-element_type=\"widget\" data-e-type=\"widget\" data-widget_type=\"heading.default\">\n\t\t\t\t<div class=\"elementor-widget-container\">\n\t\t\t\t\t<h3 class=\"elementor-heading-title elementor-size-default\">Information du produit :<\/h3>\t\t\t\t<\/div>\n\t\t\t\t<\/div>\n\t\t\t\t\t<\/div>\n\t\t<\/div>\n\t\t\t\t\t<\/div>\n\t\t<\/section>\n\t\t\t\t<section class=\"elementor-section elementor-top-section elementor-element elementor-element-55af69 elementor-section-boxed elementor-section-height-default elementor-section-height-default\" data-id=\"55af69\" data-element_type=\"section\" data-e-type=\"section\">\n\t\t\t\t\t\t<div class=\"elementor-container elementor-column-gap-default\">\n\t\t\t\t\t<div class=\"elementor-column elementor-col-100 elementor-top-column elementor-element elementor-element-9806b82\" data-id=\"9806b82\" data-element_type=\"column\" data-e-type=\"column\">\n\t\t\t<div class=\"elementor-widget-wrap elementor-element-populated\">\n\t\t\t\t\t\t<div class=\"elementor-element elementor-element-b03fbb1 elementor-widget elementor-widget-text-editor\" data-id=\"b03fbb1\" data-element_type=\"widget\" data-e-type=\"widget\" data-widget_type=\"text-editor.default\">\n\t\t\t\t<div class=\"elementor-widget-container\">\n\t\t\t\t\t\t\t\t\t<p>Moyeu : 36 X 42<\/p><p>Pour KHD Deutz : 6006, 6806, 6807, 7006, 7206, 7207, 7807.<\/p>\t\t\t\t\t\t\t\t<\/div>\n\t\t\t\t<\/div>\n\t\t\t\t\t<\/div>\n\t\t<\/div>\n\t\t\t\t\t<\/div>\n\t\t<\/section>\n\t\t\t\t<\/div>","protected":false},"excerpt":{"rendered":"<p>DISQUE D&rsquo;EMBRAYAGE AVANCEMENT KHD DEUTZ ORGANIQUE &#8211; \u2300295 &#8211; 8 Cannelures Information du produit : Moyeu : 36 X 42 Pour KHD Deutz : 6006, 6806, 6807, 7006, 7206, 7207, 7807.<\/p>","protected":false},"featured_media":11629,"template":"","meta":[],"product_brand":[],"product_cat":[126,3980,119,120],"product_tag":[2499],"tracteur":[],"class_list":{"0":"post-11628","1":"product","2":"type-product","3":"status-publish","4":"has-post-thumbnail","6":"product_cat-disques-embrayage","7":"product_cat-deutz-fahr","8":"product_cat-tracteurs-agricoles","9":"product_cat-transmissions","10":"product_tag-disque-dembrayage","11":"product_shipping_class-142","12":"pa_fabriquant-luk","13":"pa_marque-tracteur-khd-deutz","14":"pa_type-2-2320","15":"pa_type-2-1232","16":"pa_type-2-2861","17":"pa_type-2-2321","18":"pa_type-2-1233","19":"pa_type-2-1234","20":"pa_type-2-1235","21":"badges-style-2","23":"first","24":"instock","25":"taxable","26":"shipping-taxable","27":"purchasable","28":"product-type-simple"},"acf":[],"yoast_head":"<!-- This site is optimized with the Yoast SEO plugin v27.3 - https:\/\/yoast.com\/product\/yoast-seo-wordpress\/ -->\n<title>Disque d&#039;embrayage avancement Deutz - 36 X 42 - \u2300295 - 8 Can. - Edel<\/title>\n<meta name=\"description\" content=\"Disque d&#039;embrayage avancement KHD Deutz organique - 36 X 42 - 8 Can. \u2300295 - 6006, 6806, 6807, 7006, 7206, 7207, 7807 - Tracteur Agricole\" \/>\n<meta name=\"robots\" content=\"index, follow, max-snippet:-1, max-image-preview:large, max-video-preview:-1\" \/>\n<link rel=\"canonical\" href=\"https:\/\/edel.fr\/en\/product\/disque-dembrayage-avancement-deutz-36-x-42-295-8-can\/\" \/>\n<meta property=\"og:locale\" content=\"en_US\" \/>\n<meta property=\"og:type\" content=\"article\" \/>\n<meta property=\"og:title\" content=\"Disque d&#039;embrayage avancement Deutz - 36 X 42 - \u2300295 - 8 Can. - Edel\" \/>\n<meta property=\"og:description\" content=\"Disque d&#039;embrayage avancement KHD Deutz organique - 36 X 42 - 8 Can. \u2300295 - 6006, 6806, 6807, 7006, 7206, 7207, 7807 - Tracteur Agricole\" \/>\n<meta property=\"og:url\" content=\"https:\/\/edel.fr\/en\/product\/disque-dembrayage-avancement-deutz-36-x-42-295-8-can\/\" \/>\n<meta property=\"og:site_name\" content=\"Edel\" \/>\n<meta property=\"article:modified_time\" content=\"2026-01-09T01:00:22+00:00\" \/>\n<meta property=\"og:image\" content=\"https:\/\/edel.fr\/uploads\/2021\/06\/0922911512.jpg\" \/>\n\t<meta property=\"og:image:width\" content=\"1512\" \/>\n\t<meta property=\"og:image:height\" content=\"1512\" \/>\n\t<meta property=\"og:image:type\" content=\"image\/jpeg\" \/>\n<meta name=\"twitter:card\" content=\"summary_large_image\" \/>\n<meta name=\"twitter:label1\" content=\"Est. reading time\" \/>\n\t<meta name=\"twitter:data1\" content=\"1 minute\" \/>\n<script type=\"application\/ld+json\" class=\"yoast-schema-graph\">{\"@context\":\"https:\\\/\\\/schema.org\",\"@graph\":[{\"@type\":\"WebPage\",\"@id\":\"https:\\\/\\\/edel.fr\\\/en\\\/product\\\/disque-dembrayage-avancement-deutz-36-x-42-295-8-can\\\/\",\"url\":\"https:\\\/\\\/edel.fr\\\/en\\\/product\\\/disque-dembrayage-avancement-deutz-36-x-42-295-8-can\\\/\",\"name\":\"Disque d'embrayage avancement Deutz - 36 X 42 - \u2300295 - 8 Can. - Edel\",\"isPartOf\":{\"@id\":\"http:\\\/\\\/www.edel.fr\\\/en\\\/#website\"},\"primaryImageOfPage\":{\"@id\":\"https:\\\/\\\/edel.fr\\\/en\\\/product\\\/disque-dembrayage-avancement-deutz-36-x-42-295-8-can\\\/#primaryimage\"},\"image\":{\"@id\":\"https:\\\/\\\/edel.fr\\\/en\\\/product\\\/disque-dembrayage-avancement-deutz-36-x-42-295-8-can\\\/#primaryimage\"},\"thumbnailUrl\":\"https:\\\/\\\/edel.fr\\\/uploads\\\/2021\\\/06\\\/0922911512.jpg\",\"datePublished\":\"2021-06-23T08:15:04+00:00\",\"dateModified\":\"2026-01-09T01:00:22+00:00\",\"description\":\"Disque d'embrayage avancement KHD Deutz organique - 36 X 42 - 8 Can. \u2300295 - 6006, 6806, 6807, 7006, 7206, 7207, 7807 - Tracteur Agricole\",\"breadcrumb\":{\"@id\":\"https:\\\/\\\/edel.fr\\\/en\\\/product\\\/disque-dembrayage-avancement-deutz-36-x-42-295-8-can\\\/#breadcrumb\"},\"inLanguage\":\"en-US\",\"potentialAction\":[{\"@type\":\"ReadAction\",\"target\":[\"https:\\\/\\\/edel.fr\\\/en\\\/product\\\/disque-dembrayage-avancement-deutz-36-x-42-295-8-can\\\/\"]}]},{\"@type\":\"ImageObject\",\"inLanguage\":\"en-US\",\"@id\":\"https:\\\/\\\/edel.fr\\\/en\\\/product\\\/disque-dembrayage-avancement-deutz-36-x-42-295-8-can\\\/#primaryimage\",\"url\":\"https:\\\/\\\/edel.fr\\\/uploads\\\/2021\\\/06\\\/0922911512.jpg\",\"contentUrl\":\"https:\\\/\\\/edel.fr\\\/uploads\\\/2021\\\/06\\\/0922911512.jpg\",\"width\":1512,\"height\":1512,\"caption\":\"Disque d'embrayage avancement Deutz - 36 X 42 - \u2300295 - 8 Can.\"},{\"@type\":\"BreadcrumbList\",\"@id\":\"https:\\\/\\\/edel.fr\\\/en\\\/product\\\/disque-dembrayage-avancement-deutz-36-x-42-295-8-can\\\/#breadcrumb\",\"itemListElement\":[{\"@type\":\"ListItem\",\"position\":1,\"name\":\"Pi\u00e8ce Tracteur\",\"item\":\"http:\\\/\\\/www.edel.fr\\\/en\\\/\"},{\"@type\":\"ListItem\",\"position\":2,\"name\":\"Toutes nos pi\u00e8ces Tracteur\",\"item\":\"https:\\\/\\\/edel.fr\\\/shop\\\/\"},{\"@type\":\"ListItem\",\"position\":3,\"name\":\"Disque d&#8217;embrayage avancement Deutz &#8211; 36 X 42 &#8211; \u2300295 &#8211; 8 Can.\"}]},{\"@type\":\"WebSite\",\"@id\":\"http:\\\/\\\/www.edel.fr\\\/en\\\/#website\",\"url\":\"http:\\\/\\\/www.edel.fr\\\/en\\\/\",\"name\":\"Edel\",\"description\":\"Pi\u00e8ce d\u00e9tach\u00e9e de Tracteur Agricole\",\"publisher\":{\"@id\":\"http:\\\/\\\/www.edel.fr\\\/en\\\/#organization\"},\"potentialAction\":[{\"@type\":\"SearchAction\",\"target\":{\"@type\":\"EntryPoint\",\"urlTemplate\":\"http:\\\/\\\/www.edel.fr\\\/en\\\/?s={search_term_string}\"},\"query-input\":{\"@type\":\"PropertyValueSpecification\",\"valueRequired\":true,\"valueName\":\"search_term_string\"}}],\"inLanguage\":\"en-US\"},{\"@type\":\"Organization\",\"@id\":\"http:\\\/\\\/www.edel.fr\\\/en\\\/#organization\",\"name\":\"Edel\",\"url\":\"http:\\\/\\\/www.edel.fr\\\/en\\\/\",\"logo\":{\"@type\":\"ImageObject\",\"inLanguage\":\"en-US\",\"@id\":\"http:\\\/\\\/www.edel.fr\\\/en\\\/#\\\/schema\\\/logo\\\/image\\\/\",\"url\":\"https:\\\/\\\/www.edel.fr\\\/uploads\\\/2018\\\/11\\\/logo-edel.png\",\"contentUrl\":\"https:\\\/\\\/www.edel.fr\\\/uploads\\\/2018\\\/11\\\/logo-edel.png\",\"width\":257,\"height\":68,\"caption\":\"Edel\"},\"image\":{\"@id\":\"http:\\\/\\\/www.edel.fr\\\/en\\\/#\\\/schema\\\/logo\\\/image\\\/\"}}]}<\/script>\n<!-- \/ Yoast SEO plugin. -->","yoast_head_json":{"title":"Disque d'embrayage avancement Deutz - 36 X 42 - \u2300295 - 8 Can. - Edel","description":"Disque d'embrayage avancement KHD Deutz organique - 36 X 42 - 8 Can. \u2300295 - 6006, 6806, 6807, 7006, 7206, 7207, 7807 - Tracteur Agricole","robots":{"index":"index","follow":"follow","max-snippet":"max-snippet:-1","max-image-preview":"max-image-preview:large","max-video-preview":"max-video-preview:-1"},"canonical":"https:\/\/edel.fr\/en\/product\/disque-dembrayage-avancement-deutz-36-x-42-295-8-can\/","og_locale":"en_US","og_type":"article","og_title":"Disque d'embrayage avancement Deutz - 36 X 42 - \u2300295 - 8 Can. - Edel","og_description":"Disque d'embrayage avancement KHD Deutz organique - 36 X 42 - 8 Can. \u2300295 - 6006, 6806, 6807, 7006, 7206, 7207, 7807 - Tracteur Agricole","og_url":"https:\/\/edel.fr\/en\/product\/disque-dembrayage-avancement-deutz-36-x-42-295-8-can\/","og_site_name":"Edel","article_modified_time":"2026-01-09T01:00:22+00:00","og_image":[{"width":1512,"height":1512,"url":"https:\/\/edel.fr\/uploads\/2021\/06\/0922911512.jpg","type":"image\/jpeg"}],"twitter_card":"summary_large_image","twitter_misc":{"Est. reading time":"1 minute"},"schema":{"@context":"https:\/\/schema.org","@graph":[{"@type":"WebPage","@id":"https:\/\/edel.fr\/en\/product\/disque-dembrayage-avancement-deutz-36-x-42-295-8-can\/","url":"https:\/\/edel.fr\/en\/product\/disque-dembrayage-avancement-deutz-36-x-42-295-8-can\/","name":"Disque d'embrayage avancement Deutz - 36 X 42 - \u2300295 - 8 Can. - Edel","isPartOf":{"@id":"http:\/\/www.edel.fr\/en\/#website"},"primaryImageOfPage":{"@id":"https:\/\/edel.fr\/en\/product\/disque-dembrayage-avancement-deutz-36-x-42-295-8-can\/#primaryimage"},"image":{"@id":"https:\/\/edel.fr\/en\/product\/disque-dembrayage-avancement-deutz-36-x-42-295-8-can\/#primaryimage"},"thumbnailUrl":"https:\/\/edel.fr\/uploads\/2021\/06\/0922911512.jpg","datePublished":"2021-06-23T08:15:04+00:00","dateModified":"2026-01-09T01:00:22+00:00","description":"Disque d'embrayage avancement KHD Deutz organique - 36 X 42 - 8 Can. \u2300295 - 6006, 6806, 6807, 7006, 7206, 7207, 7807 - Tracteur Agricole","breadcrumb":{"@id":"https:\/\/edel.fr\/en\/product\/disque-dembrayage-avancement-deutz-36-x-42-295-8-can\/#breadcrumb"},"inLanguage":"en-US","potentialAction":[{"@type":"ReadAction","target":["https:\/\/edel.fr\/en\/product\/disque-dembrayage-avancement-deutz-36-x-42-295-8-can\/"]}]},{"@type":"ImageObject","inLanguage":"en-US","@id":"https:\/\/edel.fr\/en\/product\/disque-dembrayage-avancement-deutz-36-x-42-295-8-can\/#primaryimage","url":"https:\/\/edel.fr\/uploads\/2021\/06\/0922911512.jpg","contentUrl":"https:\/\/edel.fr\/uploads\/2021\/06\/0922911512.jpg","width":1512,"height":1512,"caption":"Disque d'embrayage avancement Deutz - 36 X 42 - \u2300295 - 8 Can."},{"@type":"BreadcrumbList","@id":"https:\/\/edel.fr\/en\/product\/disque-dembrayage-avancement-deutz-36-x-42-295-8-can\/#breadcrumb","itemListElement":[{"@type":"ListItem","position":1,"name":"Pi\u00e8ce Tracteur","item":"http:\/\/www.edel.fr\/en\/"},{"@type":"ListItem","position":2,"name":"Toutes nos pi\u00e8ces Tracteur","item":"https:\/\/edel.fr\/shop\/"},{"@type":"ListItem","position":3,"name":"Disque d&#8217;embrayage avancement Deutz &#8211; 36 X 42 &#8211; \u2300295 &#8211; 8 Can."}]},{"@type":"WebSite","@id":"http:\/\/www.edel.fr\/en\/#website","url":"http:\/\/www.edel.fr\/en\/","name":"Edel","description":"Pi\u00e8ce d\u00e9tach\u00e9e de Tracteur Agricole","publisher":{"@id":"http:\/\/www.edel.fr\/en\/#organization"},"potentialAction":[{"@type":"SearchAction","target":{"@type":"EntryPoint","urlTemplate":"http:\/\/www.edel.fr\/en\/?s={search_term_string}"},"query-input":{"@type":"PropertyValueSpecification","valueRequired":true,"valueName":"search_term_string"}}],"inLanguage":"en-US"},{"@type":"Organization","@id":"http:\/\/www.edel.fr\/en\/#organization","name":"Edel","url":"http:\/\/www.edel.fr\/en\/","logo":{"@type":"ImageObject","inLanguage":"en-US","@id":"http:\/\/www.edel.fr\/en\/#\/schema\/logo\/image\/","url":"https:\/\/www.edel.fr\/uploads\/2018\/11\/logo-edel.png","contentUrl":"https:\/\/www.edel.fr\/uploads\/2018\/11\/logo-edel.png","width":257,"height":68,"caption":"Edel"},"image":{"@id":"http:\/\/www.edel.fr\/en\/#\/schema\/logo\/image\/"}}]}},"_links":{"self":[{"href":"https:\/\/edel.fr\/en\/wp-json\/wp\/v2\/product\/11628","targetHints":{"allow":["GET"]}}],"collection":[{"href":"https:\/\/edel.fr\/en\/wp-json\/wp\/v2\/product"}],"about":[{"href":"https:\/\/edel.fr\/en\/wp-json\/wp\/v2\/types\/product"}],"version-history":[{"count":2,"href":"https:\/\/edel.fr\/en\/wp-json\/wp\/v2\/product\/11628\/revisions"}],"predecessor-version":[{"id":14522,"href":"https:\/\/edel.fr\/en\/wp-json\/wp\/v2\/product\/11628\/revisions\/14522"}],"wp:featuredmedia":[{"embeddable":true,"href":"https:\/\/edel.fr\/en\/wp-json\/wp\/v2\/media\/11629"}],"wp:attachment":[{"href":"https:\/\/edel.fr\/en\/wp-json\/wp\/v2\/media?parent=11628"}],"wp:term":[{"taxonomy":"product_brand","embeddable":true,"href":"https:\/\/edel.fr\/en\/wp-json\/wp\/v2\/product_brand?post=11628"},{"taxonomy":"product_cat","embeddable":true,"href":"https:\/\/edel.fr\/en\/wp-json\/wp\/v2\/product_cat?post=11628"},{"taxonomy":"product_tag","embeddable":true,"href":"https:\/\/edel.fr\/en\/wp-json\/wp\/v2\/product_tag?post=11628"},{"taxonomy":"tracteur","embeddable":true,"href":"https:\/\/edel.fr\/en\/wp-json\/wp\/v2\/tracteur?post=11628"}],"curies":[{"name":"wp","href":"https:\/\/api.w.org\/{rel}","templated":true}]}}