{"id":11725,"date":"2021-06-25T13:45:02","date_gmt":"2021-06-25T11:45:02","guid":{"rendered":"https:\/\/www.edel.fr\/?post_type=product&#038;p=11725"},"modified":"2026-04-02T03:00:48","modified_gmt":"2026-04-02T01:00:48","slug":"disque-dembrayage-organique-renault-215-x-25-310-13-can","status":"publish","type":"product","link":"https:\/\/edel.fr\/en\/product\/disque-dembrayage-organique-renault-215-x-25-310-13-can\/","title":{"rendered":"Disque d&#8217;embrayage organique Renault &#8211; 21,5 X 25 &#8211; \u2300310 &#8211; 13 Can."},"content":{"rendered":"<div data-elementor-type=\"wp-post\" data-elementor-id=\"11725\" class=\"elementor elementor-11725\">\n\t\t\t\t\t\t<section class=\"elementor-section elementor-top-section elementor-element elementor-element-4de2e26 elementor-section-boxed elementor-section-height-default elementor-section-height-default\" data-id=\"4de2e26\" data-element_type=\"section\" data-e-type=\"section\">\n\t\t\t\t\t\t<div class=\"elementor-container elementor-column-gap-default\">\n\t\t\t\t\t<div class=\"elementor-column elementor-col-100 elementor-top-column elementor-element elementor-element-2f42a028\" data-id=\"2f42a028\" data-element_type=\"column\" data-e-type=\"column\">\n\t\t\t<div class=\"elementor-widget-wrap elementor-element-populated\">\n\t\t\t\t\t\t<div class=\"elementor-element elementor-element-480d741a elementor-widget elementor-widget-heading\" data-id=\"480d741a\" data-element_type=\"widget\" data-e-type=\"widget\" data-widget_type=\"heading.default\">\n\t\t\t\t<div class=\"elementor-widget-container\">\n\t\t\t\t\t<h2 class=\"elementor-heading-title elementor-size-default\">DISQUE D'EMBRAYAGE ORGANIQUE RENAULT\n- \u2300310 - 13 Cannelures<\/h2>\t\t\t\t<\/div>\n\t\t\t\t<\/div>\n\t\t\t\t<div class=\"elementor-element elementor-element-7c2b8fde elementor-widget elementor-widget-heading\" data-id=\"7c2b8fde\" data-element_type=\"widget\" data-e-type=\"widget\" data-widget_type=\"heading.default\">\n\t\t\t\t<div class=\"elementor-widget-container\">\n\t\t\t\t\t<h3 class=\"elementor-heading-title elementor-size-default\">Information du produit :<\/h3>\t\t\t\t<\/div>\n\t\t\t\t<\/div>\n\t\t\t\t\t<\/div>\n\t\t<\/div>\n\t\t\t\t\t<\/div>\n\t\t<\/section>\n\t\t\t\t<section class=\"elementor-section elementor-top-section elementor-element elementor-element-290ca7d1 elementor-section-boxed elementor-section-height-default elementor-section-height-default\" data-id=\"290ca7d1\" data-element_type=\"section\" data-e-type=\"section\">\n\t\t\t\t\t\t<div class=\"elementor-container elementor-column-gap-default\">\n\t\t\t\t\t<div class=\"elementor-column elementor-col-100 elementor-top-column elementor-element elementor-element-773f35b7\" data-id=\"773f35b7\" data-element_type=\"column\" data-e-type=\"column\">\n\t\t\t<div class=\"elementor-widget-wrap elementor-element-populated\">\n\t\t\t\t\t\t<div class=\"elementor-element elementor-element-7774c225 elementor-widget elementor-widget-text-editor\" data-id=\"7774c225\" data-element_type=\"widget\" data-e-type=\"widget\" data-widget_type=\"text-editor.default\">\n\t\t\t\t<div class=\"elementor-widget-container\">\n\t\t\t\t\t\t\t\t\t<div>Moyeu : 21,5 X 25<\/div><div><p>Pour Renault : 3144, 5834, 68\/12, 68\/14, 700M, 702M, 704M, 70M, 720MI, 724MI, 75\/12, 750MI, 750TP, 7534, 754MI, 7714, 80\/12, 80\/14, 800M, 8032, 8034, 85\/12, 85\/14, 850MI, 8534, 854MI, 9034, 9514, Ceres 85, Ceres 95 X, Cergos, Ergos, TP6751, TRACFOR<span style=\"background-color: #ffffff\">&#8230;<\/span><\/p><\/div>\t\t\t\t\t\t\t\t<\/div>\n\t\t\t\t<\/div>\n\t\t\t\t\t<\/div>\n\t\t<\/div>\n\t\t\t\t\t<\/div>\n\t\t<\/section>\n\t\t\t\t<\/div>","protected":false},"excerpt":{"rendered":"<p>DISQUE D&rsquo;EMBRAYAGE ORGANIQUE RENAULT &#8211; \u2300310 &#8211; 13 Cannelures Information du produit : Moyeu : 21,5 X 25 Pour Renault : 3144, 5834, 68\/12, 68\/14, 700M, 702M, 704M, 70M, 720MI, 724MI, 75\/12, 750MI, 750TP, 7534, 754MI, 7714, 80\/12, 80\/14, 800M, 8032, 8034, 85\/12, 85\/14, 850MI, 8534, 854MI, 9034, 9514, Ceres 85, Ceres 95 X, Cergos,<br \/><a class=\"more-link\" href=\"https:\/\/edel.fr\/en\/product\/disque-dembrayage-organique-renault-215-x-25-310-13-can\/\"><br \/>\n        Read More<span class=\"screen-reader-text\"> \u00ab\u00a0Disque d&#8217;embrayage organique Renault &#8211; 21,5 X 25 &#8211; \u2300310 &#8211; 13 Can.\u00a0\u00bb<\/span><\/a><\/p>","protected":false},"featured_media":11726,"template":"","meta":[],"product_brand":[],"product_cat":[126,3985,119,120],"product_tag":[2499],"tracteur":[],"class_list":{"0":"post-11725","1":"product","2":"type-product","3":"status-publish","4":"has-post-thumbnail","6":"product_cat-disques-embrayage","7":"product_cat-renault-claas-disque","8":"product_cat-tracteurs-agricoles","9":"product_cat-transmissions","10":"product_tag-disque-dembrayage","11":"product_shipping_class-142","12":"pa_fabriquant-luk","13":"pa_marque-tracteur-renault-claas","14":"pa_type-2-2850","15":"pa_type-2-2278","16":"pa_type-2-68-12","17":"pa_type-2-68-14-2","18":"pa_type-2-700m","19":"pa_type-2-702m","20":"pa_type-2-704m","21":"pa_type-2-70m","22":"pa_type-2-720mi","23":"pa_type-2-724mi","24":"pa_type-2-75-12-2","25":"pa_type-2-750mi","26":"pa_type-2-750tp","27":"pa_type-2-2710","28":"pa_type-2-754mi","29":"pa_type-2-2390","30":"pa_type-2-80-12-2","31":"pa_type-2-80-14-2","32":"pa_type-2-800m","33":"pa_type-2-2391","34":"pa_type-2-2392","35":"pa_type-2-85-12","36":"pa_type-2-85-14-2","37":"pa_type-2-850mi","38":"pa_type-2-2393","39":"pa_type-2-854mi","40":"pa_type-2-1727","41":"pa_type-2-1531","42":"pa_type-2-ceres-85","43":"pa_type-2-ceres-95-x","44":"pa_type-2-cergos","45":"pa_type-2-ergos","46":"pa_type-2-tp6751","47":"pa_type-2-tracfor","48":"badges-style-2","50":"first","51":"instock","52":"taxable","53":"shipping-taxable","54":"purchasable","55":"product-type-simple"},"acf":[],"yoast_head":"<!-- This site is optimized with the Yoast SEO plugin v27.3 - https:\/\/yoast.com\/product\/yoast-seo-wordpress\/ -->\n<title>Disque d&#039;embrayage organique Renault - 21,5 X 25 - \u2300310 - 13 Can. - Edel<\/title>\n<meta name=\"description\" content=\"Disque d&#039;embrayage prise de force organique Renault - 21,5 X 25 - 13 Can.- \u2300310 - 3144 5834 68\/12 6814 700M 702M 704M 70M 720MI 724MI 75\/12 750MI 80\/14 800M\" \/>\n<meta name=\"robots\" content=\"index, follow, max-snippet:-1, max-image-preview:large, max-video-preview:-1\" \/>\n<link rel=\"canonical\" href=\"https:\/\/edel.fr\/en\/product\/disque-dembrayage-organique-renault-215-x-25-310-13-can\/\" \/>\n<meta property=\"og:locale\" content=\"en_US\" \/>\n<meta property=\"og:type\" content=\"article\" \/>\n<meta property=\"og:title\" content=\"Disque d&#039;embrayage organique Renault - 21,5 X 25 - \u2300310 - 13 Can. - Edel\" \/>\n<meta property=\"og:description\" content=\"Disque d&#039;embrayage prise de force organique Renault - 21,5 X 25 - 13 Can.- \u2300310 - 3144 5834 68\/12 6814 700M 702M 704M 70M 720MI 724MI 75\/12 750MI 80\/14 800M\" \/>\n<meta property=\"og:url\" content=\"https:\/\/edel.fr\/en\/product\/disque-dembrayage-organique-renault-215-x-25-310-13-can\/\" \/>\n<meta property=\"og:site_name\" content=\"Edel\" \/>\n<meta property=\"article:modified_time\" content=\"2026-04-02T01:00:48+00:00\" \/>\n<meta property=\"og:image\" content=\"https:\/\/edel.fr\/uploads\/2021\/06\/1523116611.jpg\" \/>\n\t<meta property=\"og:image:width\" content=\"1512\" \/>\n\t<meta property=\"og:image:height\" content=\"1512\" \/>\n\t<meta property=\"og:image:type\" content=\"image\/jpeg\" \/>\n<meta name=\"twitter:card\" content=\"summary_large_image\" \/>\n<meta name=\"twitter:label1\" content=\"Est. reading time\" \/>\n\t<meta name=\"twitter:data1\" content=\"1 minute\" \/>\n<script type=\"application\/ld+json\" class=\"yoast-schema-graph\">{\"@context\":\"https:\\\/\\\/schema.org\",\"@graph\":[{\"@type\":\"WebPage\",\"@id\":\"https:\\\/\\\/edel.fr\\\/produit\\\/disque-dembrayage-organique-renault-215-x-25-310-13-can\\\/\",\"url\":\"https:\\\/\\\/edel.fr\\\/produit\\\/disque-dembrayage-organique-renault-215-x-25-310-13-can\\\/\",\"name\":\"Disque d'embrayage organique Renault - 21,5 X 25 - \u2300310 - 13 Can. - Edel\",\"isPartOf\":{\"@id\":\"http:\\\/\\\/www.edel.fr\\\/en\\\/#website\"},\"primaryImageOfPage\":{\"@id\":\"https:\\\/\\\/edel.fr\\\/produit\\\/disque-dembrayage-organique-renault-215-x-25-310-13-can\\\/#primaryimage\"},\"image\":{\"@id\":\"https:\\\/\\\/edel.fr\\\/produit\\\/disque-dembrayage-organique-renault-215-x-25-310-13-can\\\/#primaryimage\"},\"thumbnailUrl\":\"https:\\\/\\\/edel.fr\\\/uploads\\\/2021\\\/06\\\/1523116611.jpg\",\"datePublished\":\"2021-06-25T11:45:02+00:00\",\"dateModified\":\"2026-04-02T01:00:48+00:00\",\"description\":\"Disque d'embrayage prise de force organique Renault - 21,5 X 25 - 13 Can.- \u2300310 - 3144 5834 68\\\/12 6814 700M 702M 704M 70M 720MI 724MI 75\\\/12 750MI 80\\\/14 800M\",\"breadcrumb\":{\"@id\":\"https:\\\/\\\/edel.fr\\\/produit\\\/disque-dembrayage-organique-renault-215-x-25-310-13-can\\\/#breadcrumb\"},\"inLanguage\":\"en-US\",\"potentialAction\":[{\"@type\":\"ReadAction\",\"target\":[\"https:\\\/\\\/edel.fr\\\/produit\\\/disque-dembrayage-organique-renault-215-x-25-310-13-can\\\/\"]}]},{\"@type\":\"ImageObject\",\"inLanguage\":\"en-US\",\"@id\":\"https:\\\/\\\/edel.fr\\\/produit\\\/disque-dembrayage-organique-renault-215-x-25-310-13-can\\\/#primaryimage\",\"url\":\"https:\\\/\\\/edel.fr\\\/uploads\\\/2021\\\/06\\\/1523116611.jpg\",\"contentUrl\":\"https:\\\/\\\/edel.fr\\\/uploads\\\/2021\\\/06\\\/1523116611.jpg\",\"width\":1512,\"height\":1512,\"caption\":\"Disque d'embrayage organique Renault - 21,5 X 25 - \u2300310 - 13 Can.\"},{\"@type\":\"BreadcrumbList\",\"@id\":\"https:\\\/\\\/edel.fr\\\/produit\\\/disque-dembrayage-organique-renault-215-x-25-310-13-can\\\/#breadcrumb\",\"itemListElement\":[{\"@type\":\"ListItem\",\"position\":1,\"name\":\"Pi\u00e8ce Tracteur\",\"item\":\"http:\\\/\\\/www.edel.fr\\\/en\\\/\"},{\"@type\":\"ListItem\",\"position\":2,\"name\":\"Toutes nos pi\u00e8ces Tracteur\",\"item\":\"https:\\\/\\\/edel.fr\\\/shop\\\/\"},{\"@type\":\"ListItem\",\"position\":3,\"name\":\"Disque d&#8217;embrayage organique Renault &#8211; 21,5 X 25 &#8211; \u2300310 &#8211; 13 Can.\"}]},{\"@type\":\"WebSite\",\"@id\":\"http:\\\/\\\/www.edel.fr\\\/en\\\/#website\",\"url\":\"http:\\\/\\\/www.edel.fr\\\/en\\\/\",\"name\":\"Edel\",\"description\":\"Pi\u00e8ce d\u00e9tach\u00e9e de Tracteur Agricole\",\"publisher\":{\"@id\":\"http:\\\/\\\/www.edel.fr\\\/en\\\/#organization\"},\"potentialAction\":[{\"@type\":\"SearchAction\",\"target\":{\"@type\":\"EntryPoint\",\"urlTemplate\":\"http:\\\/\\\/www.edel.fr\\\/en\\\/?s={search_term_string}\"},\"query-input\":{\"@type\":\"PropertyValueSpecification\",\"valueRequired\":true,\"valueName\":\"search_term_string\"}}],\"inLanguage\":\"en-US\"},{\"@type\":\"Organization\",\"@id\":\"http:\\\/\\\/www.edel.fr\\\/en\\\/#organization\",\"name\":\"Edel\",\"url\":\"http:\\\/\\\/www.edel.fr\\\/en\\\/\",\"logo\":{\"@type\":\"ImageObject\",\"inLanguage\":\"en-US\",\"@id\":\"http:\\\/\\\/www.edel.fr\\\/en\\\/#\\\/schema\\\/logo\\\/image\\\/\",\"url\":\"https:\\\/\\\/www.edel.fr\\\/uploads\\\/2018\\\/11\\\/logo-edel.png\",\"contentUrl\":\"https:\\\/\\\/www.edel.fr\\\/uploads\\\/2018\\\/11\\\/logo-edel.png\",\"width\":257,\"height\":68,\"caption\":\"Edel\"},\"image\":{\"@id\":\"http:\\\/\\\/www.edel.fr\\\/en\\\/#\\\/schema\\\/logo\\\/image\\\/\"}}]}<\/script>\n<!-- \/ Yoast SEO plugin. -->","yoast_head_json":{"title":"Disque d'embrayage organique Renault - 21,5 X 25 - \u2300310 - 13 Can. - Edel","description":"Disque d'embrayage prise de force organique Renault - 21,5 X 25 - 13 Can.- \u2300310 - 3144 5834 68\/12 6814 700M 702M 704M 70M 720MI 724MI 75\/12 750MI 80\/14 800M","robots":{"index":"index","follow":"follow","max-snippet":"max-snippet:-1","max-image-preview":"max-image-preview:large","max-video-preview":"max-video-preview:-1"},"canonical":"https:\/\/edel.fr\/en\/product\/disque-dembrayage-organique-renault-215-x-25-310-13-can\/","og_locale":"en_US","og_type":"article","og_title":"Disque d'embrayage organique Renault - 21,5 X 25 - \u2300310 - 13 Can. - Edel","og_description":"Disque d'embrayage prise de force organique Renault - 21,5 X 25 - 13 Can.- \u2300310 - 3144 5834 68\/12 6814 700M 702M 704M 70M 720MI 724MI 75\/12 750MI 80\/14 800M","og_url":"https:\/\/edel.fr\/en\/product\/disque-dembrayage-organique-renault-215-x-25-310-13-can\/","og_site_name":"Edel","article_modified_time":"2026-04-02T01:00:48+00:00","og_image":[{"width":1512,"height":1512,"url":"https:\/\/edel.fr\/uploads\/2021\/06\/1523116611.jpg","type":"image\/jpeg"}],"twitter_card":"summary_large_image","twitter_misc":{"Est. reading time":"1 minute"},"schema":{"@context":"https:\/\/schema.org","@graph":[{"@type":"WebPage","@id":"https:\/\/edel.fr\/produit\/disque-dembrayage-organique-renault-215-x-25-310-13-can\/","url":"https:\/\/edel.fr\/produit\/disque-dembrayage-organique-renault-215-x-25-310-13-can\/","name":"Disque d'embrayage organique Renault - 21,5 X 25 - \u2300310 - 13 Can. - Edel","isPartOf":{"@id":"http:\/\/www.edel.fr\/en\/#website"},"primaryImageOfPage":{"@id":"https:\/\/edel.fr\/produit\/disque-dembrayage-organique-renault-215-x-25-310-13-can\/#primaryimage"},"image":{"@id":"https:\/\/edel.fr\/produit\/disque-dembrayage-organique-renault-215-x-25-310-13-can\/#primaryimage"},"thumbnailUrl":"https:\/\/edel.fr\/uploads\/2021\/06\/1523116611.jpg","datePublished":"2021-06-25T11:45:02+00:00","dateModified":"2026-04-02T01:00:48+00:00","description":"Disque d'embrayage prise de force organique Renault - 21,5 X 25 - 13 Can.- \u2300310 - 3144 5834 68\/12 6814 700M 702M 704M 70M 720MI 724MI 75\/12 750MI 80\/14 800M","breadcrumb":{"@id":"https:\/\/edel.fr\/produit\/disque-dembrayage-organique-renault-215-x-25-310-13-can\/#breadcrumb"},"inLanguage":"en-US","potentialAction":[{"@type":"ReadAction","target":["https:\/\/edel.fr\/produit\/disque-dembrayage-organique-renault-215-x-25-310-13-can\/"]}]},{"@type":"ImageObject","inLanguage":"en-US","@id":"https:\/\/edel.fr\/produit\/disque-dembrayage-organique-renault-215-x-25-310-13-can\/#primaryimage","url":"https:\/\/edel.fr\/uploads\/2021\/06\/1523116611.jpg","contentUrl":"https:\/\/edel.fr\/uploads\/2021\/06\/1523116611.jpg","width":1512,"height":1512,"caption":"Disque d'embrayage organique Renault - 21,5 X 25 - \u2300310 - 13 Can."},{"@type":"BreadcrumbList","@id":"https:\/\/edel.fr\/produit\/disque-dembrayage-organique-renault-215-x-25-310-13-can\/#breadcrumb","itemListElement":[{"@type":"ListItem","position":1,"name":"Pi\u00e8ce Tracteur","item":"http:\/\/www.edel.fr\/en\/"},{"@type":"ListItem","position":2,"name":"Toutes nos pi\u00e8ces Tracteur","item":"https:\/\/edel.fr\/shop\/"},{"@type":"ListItem","position":3,"name":"Disque d&#8217;embrayage organique Renault &#8211; 21,5 X 25 &#8211; \u2300310 &#8211; 13 Can."}]},{"@type":"WebSite","@id":"http:\/\/www.edel.fr\/en\/#website","url":"http:\/\/www.edel.fr\/en\/","name":"Edel","description":"Pi\u00e8ce d\u00e9tach\u00e9e de Tracteur Agricole","publisher":{"@id":"http:\/\/www.edel.fr\/en\/#organization"},"potentialAction":[{"@type":"SearchAction","target":{"@type":"EntryPoint","urlTemplate":"http:\/\/www.edel.fr\/en\/?s={search_term_string}"},"query-input":{"@type":"PropertyValueSpecification","valueRequired":true,"valueName":"search_term_string"}}],"inLanguage":"en-US"},{"@type":"Organization","@id":"http:\/\/www.edel.fr\/en\/#organization","name":"Edel","url":"http:\/\/www.edel.fr\/en\/","logo":{"@type":"ImageObject","inLanguage":"en-US","@id":"http:\/\/www.edel.fr\/en\/#\/schema\/logo\/image\/","url":"https:\/\/www.edel.fr\/uploads\/2018\/11\/logo-edel.png","contentUrl":"https:\/\/www.edel.fr\/uploads\/2018\/11\/logo-edel.png","width":257,"height":68,"caption":"Edel"},"image":{"@id":"http:\/\/www.edel.fr\/en\/#\/schema\/logo\/image\/"}}]}},"_links":{"self":[{"href":"https:\/\/edel.fr\/en\/wp-json\/wp\/v2\/product\/11725","targetHints":{"allow":["GET"]}}],"collection":[{"href":"https:\/\/edel.fr\/en\/wp-json\/wp\/v2\/product"}],"about":[{"href":"https:\/\/edel.fr\/en\/wp-json\/wp\/v2\/types\/product"}],"version-history":[{"count":2,"href":"https:\/\/edel.fr\/en\/wp-json\/wp\/v2\/product\/11725\/revisions"}],"predecessor-version":[{"id":14512,"href":"https:\/\/edel.fr\/en\/wp-json\/wp\/v2\/product\/11725\/revisions\/14512"}],"wp:featuredmedia":[{"embeddable":true,"href":"https:\/\/edel.fr\/en\/wp-json\/wp\/v2\/media\/11726"}],"wp:attachment":[{"href":"https:\/\/edel.fr\/en\/wp-json\/wp\/v2\/media?parent=11725"}],"wp:term":[{"taxonomy":"product_brand","embeddable":true,"href":"https:\/\/edel.fr\/en\/wp-json\/wp\/v2\/product_brand?post=11725"},{"taxonomy":"product_cat","embeddable":true,"href":"https:\/\/edel.fr\/en\/wp-json\/wp\/v2\/product_cat?post=11725"},{"taxonomy":"product_tag","embeddable":true,"href":"https:\/\/edel.fr\/en\/wp-json\/wp\/v2\/product_tag?post=11725"},{"taxonomy":"tracteur","embeddable":true,"href":"https:\/\/edel.fr\/en\/wp-json\/wp\/v2\/tracteur?post=11725"}],"curies":[{"name":"wp","href":"https:\/\/api.w.org\/{rel}","templated":true}]}}