{"id":11745,"date":"2021-06-25T14:53:21","date_gmt":"2021-06-25T12:53:21","guid":{"rendered":"https:\/\/www.edel.fr\/?post_type=product&#038;p=11745"},"modified":"2026-03-21T02:00:11","modified_gmt":"2026-03-21T01:00:11","slug":"disque-dembrayage-45-x-50-renault-av-cera-310-16-can","status":"publish","type":"product","link":"https:\/\/edel.fr\/en\/product\/disque-dembrayage-45-x-50-renault-av-cera-310-16-can\/","title":{"rendered":"Disque d&#8217;embrayage avancement &#8211; Renault &#8211; \u2300 310, 16 Can."},"content":{"rendered":"<div data-elementor-type=\"wp-post\" data-elementor-id=\"11745\" class=\"elementor elementor-11745\">\n\t\t\t\t\t\t<section class=\"elementor-section elementor-top-section elementor-element elementor-element-28dbf624 elementor-section-boxed elementor-section-height-default elementor-section-height-default\" data-id=\"28dbf624\" data-element_type=\"section\" data-e-type=\"section\">\n\t\t\t\t\t\t<div class=\"elementor-container elementor-column-gap-default\">\n\t\t\t\t\t<div class=\"elementor-column elementor-col-100 elementor-top-column elementor-element elementor-element-6dc001ad\" data-id=\"6dc001ad\" data-element_type=\"column\" data-e-type=\"column\">\n\t\t\t<div class=\"elementor-widget-wrap elementor-element-populated\">\n\t\t\t\t\t\t<div class=\"elementor-element elementor-element-44e8b652 elementor-widget elementor-widget-heading\" data-id=\"44e8b652\" data-element_type=\"widget\" data-e-type=\"widget\" data-widget_type=\"heading.default\">\n\t\t\t\t<div class=\"elementor-widget-container\">\n\t\t\t\t\t<h2 class=\"elementor-heading-title elementor-size-default\">DISQUE D'EMBRAYAGE C\u00e9ram\u00e9tallique Renault<br>\n<br>\u2300 310 MM - 16 Cannelures - MOYEU 45 X 50 MM<\/h2>\t\t\t\t<\/div>\n\t\t\t\t<\/div>\n\t\t\t\t<div class=\"elementor-element elementor-element-2b53f871 elementor-widget elementor-widget-heading\" data-id=\"2b53f871\" data-element_type=\"widget\" data-e-type=\"widget\" data-widget_type=\"heading.default\">\n\t\t\t\t<div class=\"elementor-widget-container\">\n\t\t\t\t\t<h3 class=\"elementor-heading-title elementor-size-default\">Information du produit :<\/h3>\t\t\t\t<\/div>\n\t\t\t\t<\/div>\n\t\t\t\t\t<\/div>\n\t\t<\/div>\n\t\t\t\t\t<\/div>\n\t\t<\/section>\n\t\t\t\t<section class=\"elementor-section elementor-top-section elementor-element elementor-element-290ca7d1 elementor-section-boxed elementor-section-height-default elementor-section-height-default\" data-id=\"290ca7d1\" data-element_type=\"section\" data-e-type=\"section\">\n\t\t\t\t\t\t<div class=\"elementor-container elementor-column-gap-default\">\n\t\t\t\t\t<div class=\"elementor-column elementor-col-100 elementor-top-column elementor-element elementor-element-773f35b7\" data-id=\"773f35b7\" data-element_type=\"column\" data-e-type=\"column\">\n\t\t\t<div class=\"elementor-widget-wrap elementor-element-populated\">\n\t\t\t\t\t\t<div class=\"elementor-element elementor-element-7774c225 elementor-widget elementor-widget-text-editor\" data-id=\"7774c225\" data-element_type=\"widget\" data-e-type=\"widget\" data-widget_type=\"text-editor.default\">\n\t\t\t\t<div class=\"elementor-widget-container\">\n\t\t\t\t\t\t\t\t\t<div>Disque d&rsquo;avancement c\u00e9ram\u00e9tallique<\/div><div>\u00a0<\/div><div>Pour Renault : 681S, 782, 851, 891, 981, R496, R498, R681, R751, R781, R96, R98&#8230;<\/div>\t\t\t\t\t\t\t\t<\/div>\n\t\t\t\t<\/div>\n\t\t\t\t\t<\/div>\n\t\t<\/div>\n\t\t\t\t\t<\/div>\n\t\t<\/section>\n\t\t\t\t<\/div>","protected":false},"excerpt":{"rendered":"<p>DISQUE D&rsquo;EMBRAYAGE C\u00e9ram\u00e9tallique Renault \u2300 310 MM &#8211; 16 Cannelures &#8211; MOYEU 45 X 50 MM Information du produit : Disque d&rsquo;avancement c\u00e9ram\u00e9tallique\u00a0Pour Renault : 681S, 782, 851, 891, 981, R496, R498, R681, R751, R781, R96, R98&#8230;<\/p>","protected":false},"featured_media":11746,"template":"","meta":[],"product_brand":[],"product_cat":[126,3985,119,120],"product_tag":[2499],"tracteur":[],"class_list":{"0":"post-11745","1":"product","2":"type-product","3":"status-publish","4":"has-post-thumbnail","6":"product_cat-disques-embrayage","7":"product_cat-renault-claas-disque","8":"product_cat-tracteurs-agricoles","9":"product_cat-transmissions","10":"product_tag-disque-dembrayage","11":"product_shipping_class-142","12":"pa_fabriquant-luk","13":"pa_marque-tracteur-renault-claas","14":"pa_type-2-681s","15":"pa_type-2-1217","16":"pa_type-2-2282","17":"pa_type-2-2283","18":"pa_type-2-2284","19":"pa_type-2-r496","20":"pa_type-2-r498","21":"pa_type-2-r681","22":"pa_type-2-r751","23":"pa_type-2-r781","24":"pa_type-2-r96","25":"pa_type-2-r98","26":"badges-style-2","28":"first","29":"outofstock","30":"taxable","31":"shipping-taxable","32":"purchasable","33":"product-type-simple"},"acf":[],"yoast_head":"<!-- This site is optimized with the Yoast SEO plugin v27.3 - https:\/\/yoast.com\/product\/yoast-seo-wordpress\/ -->\n<title>Disque d&#039;embrayage avancement - Renault - \u2300 310, 16 Can. - Edel<\/title>\n<meta name=\"description\" content=\"Disque d&#039;embrayage 45 X 50 - Renault prise de force c\u00e9ram\u00e9tallique - 16 Can.- \u2300310 - 681S, 782, 851, 891, 981, R496, R498, R681, R751, R781, R96, R98\" \/>\n<meta name=\"robots\" content=\"index, follow, max-snippet:-1, max-image-preview:large, max-video-preview:-1\" \/>\n<link rel=\"canonical\" href=\"https:\/\/edel.fr\/en\/product\/disque-dembrayage-45-x-50-renault-av-cera-310-16-can\/\" \/>\n<meta property=\"og:locale\" content=\"en_US\" \/>\n<meta property=\"og:type\" content=\"article\" \/>\n<meta property=\"og:title\" content=\"Disque d&#039;embrayage avancement - Renault - \u2300 310, 16 Can. - Edel\" \/>\n<meta property=\"og:description\" content=\"Disque d&#039;embrayage 45 X 50 - Renault prise de force c\u00e9ram\u00e9tallique - 16 Can.- \u2300310 - 681S, 782, 851, 891, 981, R496, R498, R681, R751, R781, R96, R98\" \/>\n<meta property=\"og:url\" content=\"https:\/\/edel.fr\/en\/product\/disque-dembrayage-45-x-50-renault-av-cera-310-16-can\/\" \/>\n<meta property=\"og:site_name\" content=\"Edel\" \/>\n<meta property=\"article:modified_time\" content=\"2026-03-21T01:00:11+00:00\" \/>\n<meta property=\"og:image\" content=\"https:\/\/edel.fr\/uploads\/2021\/06\/1523115111.jpg\" \/>\n\t<meta property=\"og:image:width\" content=\"1512\" \/>\n\t<meta property=\"og:image:height\" content=\"1512\" \/>\n\t<meta property=\"og:image:type\" content=\"image\/jpeg\" \/>\n<meta name=\"twitter:card\" content=\"summary_large_image\" \/>\n<meta name=\"twitter:label1\" content=\"Est. reading time\" \/>\n\t<meta name=\"twitter:data1\" content=\"1 minute\" \/>\n<script type=\"application\/ld+json\" class=\"yoast-schema-graph\">{\"@context\":\"https:\\\/\\\/schema.org\",\"@graph\":[{\"@type\":\"WebPage\",\"@id\":\"https:\\\/\\\/edel.fr\\\/produit\\\/disque-dembrayage-45-x-50-renault-av-cera-310-16-can\\\/\",\"url\":\"https:\\\/\\\/edel.fr\\\/produit\\\/disque-dembrayage-45-x-50-renault-av-cera-310-16-can\\\/\",\"name\":\"Disque d'embrayage avancement - Renault - \u2300 310, 16 Can. - Edel\",\"isPartOf\":{\"@id\":\"https:\\\/\\\/www.edel.fr\\\/en\\\/#website\"},\"primaryImageOfPage\":{\"@id\":\"https:\\\/\\\/edel.fr\\\/produit\\\/disque-dembrayage-45-x-50-renault-av-cera-310-16-can\\\/#primaryimage\"},\"image\":{\"@id\":\"https:\\\/\\\/edel.fr\\\/produit\\\/disque-dembrayage-45-x-50-renault-av-cera-310-16-can\\\/#primaryimage\"},\"thumbnailUrl\":\"https:\\\/\\\/edel.fr\\\/uploads\\\/2021\\\/06\\\/1523115111.jpg\",\"datePublished\":\"2021-06-25T12:53:21+00:00\",\"dateModified\":\"2026-03-21T01:00:11+00:00\",\"description\":\"Disque d'embrayage 45 X 50 - Renault prise de force c\u00e9ram\u00e9tallique - 16 Can.- \u2300310 - 681S, 782, 851, 891, 981, R496, R498, R681, R751, R781, R96, R98\",\"breadcrumb\":{\"@id\":\"https:\\\/\\\/edel.fr\\\/produit\\\/disque-dembrayage-45-x-50-renault-av-cera-310-16-can\\\/#breadcrumb\"},\"inLanguage\":\"en-US\",\"potentialAction\":[{\"@type\":\"ReadAction\",\"target\":[\"https:\\\/\\\/edel.fr\\\/produit\\\/disque-dembrayage-45-x-50-renault-av-cera-310-16-can\\\/\"]}]},{\"@type\":\"ImageObject\",\"inLanguage\":\"en-US\",\"@id\":\"https:\\\/\\\/edel.fr\\\/produit\\\/disque-dembrayage-45-x-50-renault-av-cera-310-16-can\\\/#primaryimage\",\"url\":\"https:\\\/\\\/edel.fr\\\/uploads\\\/2021\\\/06\\\/1523115111.jpg\",\"contentUrl\":\"https:\\\/\\\/edel.fr\\\/uploads\\\/2021\\\/06\\\/1523115111.jpg\",\"width\":1512,\"height\":1512,\"caption\":\"Disque d'embrayage 45 X 50 - Renault Av. C\u00e9ra. - \u2300310, 18 Can.\"},{\"@type\":\"BreadcrumbList\",\"@id\":\"https:\\\/\\\/edel.fr\\\/produit\\\/disque-dembrayage-45-x-50-renault-av-cera-310-16-can\\\/#breadcrumb\",\"itemListElement\":[{\"@type\":\"ListItem\",\"position\":1,\"name\":\"Pi\u00e8ce Tracteur\",\"item\":\"https:\\\/\\\/www.edel.fr\\\/en\\\/\"},{\"@type\":\"ListItem\",\"position\":2,\"name\":\"Toutes nos pi\u00e8ces Tracteur\",\"item\":\"https:\\\/\\\/edel.fr\\\/shop\\\/\"},{\"@type\":\"ListItem\",\"position\":3,\"name\":\"Disque d&#8217;embrayage avancement &#8211; Renault &#8211; \u2300 310, 16 Can.\"}]},{\"@type\":\"WebSite\",\"@id\":\"https:\\\/\\\/www.edel.fr\\\/en\\\/#website\",\"url\":\"https:\\\/\\\/www.edel.fr\\\/en\\\/\",\"name\":\"Edel\",\"description\":\"Pi\u00e8ce d\u00e9tach\u00e9e de Tracteur Agricole\",\"publisher\":{\"@id\":\"https:\\\/\\\/www.edel.fr\\\/en\\\/#organization\"},\"potentialAction\":[{\"@type\":\"SearchAction\",\"target\":{\"@type\":\"EntryPoint\",\"urlTemplate\":\"https:\\\/\\\/www.edel.fr\\\/en\\\/?s={search_term_string}\"},\"query-input\":{\"@type\":\"PropertyValueSpecification\",\"valueRequired\":true,\"valueName\":\"search_term_string\"}}],\"inLanguage\":\"en-US\"},{\"@type\":\"Organization\",\"@id\":\"https:\\\/\\\/www.edel.fr\\\/en\\\/#organization\",\"name\":\"Edel\",\"url\":\"https:\\\/\\\/www.edel.fr\\\/en\\\/\",\"logo\":{\"@type\":\"ImageObject\",\"inLanguage\":\"en-US\",\"@id\":\"https:\\\/\\\/www.edel.fr\\\/en\\\/#\\\/schema\\\/logo\\\/image\\\/\",\"url\":\"https:\\\/\\\/www.edel.fr\\\/uploads\\\/2018\\\/11\\\/logo-edel.png\",\"contentUrl\":\"https:\\\/\\\/www.edel.fr\\\/uploads\\\/2018\\\/11\\\/logo-edel.png\",\"width\":257,\"height\":68,\"caption\":\"Edel\"},\"image\":{\"@id\":\"https:\\\/\\\/www.edel.fr\\\/en\\\/#\\\/schema\\\/logo\\\/image\\\/\"}}]}<\/script>\n<!-- \/ Yoast SEO plugin. -->","yoast_head_json":{"title":"Disque d'embrayage avancement - Renault - \u2300 310, 16 Can. - Edel","description":"Disque d'embrayage 45 X 50 - Renault prise de force c\u00e9ram\u00e9tallique - 16 Can.- \u2300310 - 681S, 782, 851, 891, 981, R496, R498, R681, R751, R781, R96, R98","robots":{"index":"index","follow":"follow","max-snippet":"max-snippet:-1","max-image-preview":"max-image-preview:large","max-video-preview":"max-video-preview:-1"},"canonical":"https:\/\/edel.fr\/en\/product\/disque-dembrayage-45-x-50-renault-av-cera-310-16-can\/","og_locale":"en_US","og_type":"article","og_title":"Disque d'embrayage avancement - Renault - \u2300 310, 16 Can. - Edel","og_description":"Disque d'embrayage 45 X 50 - Renault prise de force c\u00e9ram\u00e9tallique - 16 Can.- \u2300310 - 681S, 782, 851, 891, 981, R496, R498, R681, R751, R781, R96, R98","og_url":"https:\/\/edel.fr\/en\/product\/disque-dembrayage-45-x-50-renault-av-cera-310-16-can\/","og_site_name":"Edel","article_modified_time":"2026-03-21T01:00:11+00:00","og_image":[{"width":1512,"height":1512,"url":"https:\/\/edel.fr\/uploads\/2021\/06\/1523115111.jpg","type":"image\/jpeg"}],"twitter_card":"summary_large_image","twitter_misc":{"Est. reading time":"1 minute"},"schema":{"@context":"https:\/\/schema.org","@graph":[{"@type":"WebPage","@id":"https:\/\/edel.fr\/produit\/disque-dembrayage-45-x-50-renault-av-cera-310-16-can\/","url":"https:\/\/edel.fr\/produit\/disque-dembrayage-45-x-50-renault-av-cera-310-16-can\/","name":"Disque d'embrayage avancement - Renault - \u2300 310, 16 Can. - Edel","isPartOf":{"@id":"https:\/\/www.edel.fr\/en\/#website"},"primaryImageOfPage":{"@id":"https:\/\/edel.fr\/produit\/disque-dembrayage-45-x-50-renault-av-cera-310-16-can\/#primaryimage"},"image":{"@id":"https:\/\/edel.fr\/produit\/disque-dembrayage-45-x-50-renault-av-cera-310-16-can\/#primaryimage"},"thumbnailUrl":"https:\/\/edel.fr\/uploads\/2021\/06\/1523115111.jpg","datePublished":"2021-06-25T12:53:21+00:00","dateModified":"2026-03-21T01:00:11+00:00","description":"Disque d'embrayage 45 X 50 - Renault prise de force c\u00e9ram\u00e9tallique - 16 Can.- \u2300310 - 681S, 782, 851, 891, 981, R496, R498, R681, R751, R781, R96, R98","breadcrumb":{"@id":"https:\/\/edel.fr\/produit\/disque-dembrayage-45-x-50-renault-av-cera-310-16-can\/#breadcrumb"},"inLanguage":"en-US","potentialAction":[{"@type":"ReadAction","target":["https:\/\/edel.fr\/produit\/disque-dembrayage-45-x-50-renault-av-cera-310-16-can\/"]}]},{"@type":"ImageObject","inLanguage":"en-US","@id":"https:\/\/edel.fr\/produit\/disque-dembrayage-45-x-50-renault-av-cera-310-16-can\/#primaryimage","url":"https:\/\/edel.fr\/uploads\/2021\/06\/1523115111.jpg","contentUrl":"https:\/\/edel.fr\/uploads\/2021\/06\/1523115111.jpg","width":1512,"height":1512,"caption":"Disque d'embrayage 45 X 50 - Renault Av. C\u00e9ra. - \u2300310, 18 Can."},{"@type":"BreadcrumbList","@id":"https:\/\/edel.fr\/produit\/disque-dembrayage-45-x-50-renault-av-cera-310-16-can\/#breadcrumb","itemListElement":[{"@type":"ListItem","position":1,"name":"Pi\u00e8ce Tracteur","item":"https:\/\/www.edel.fr\/en\/"},{"@type":"ListItem","position":2,"name":"Toutes nos pi\u00e8ces Tracteur","item":"https:\/\/edel.fr\/shop\/"},{"@type":"ListItem","position":3,"name":"Disque d&#8217;embrayage avancement &#8211; Renault &#8211; \u2300 310, 16 Can."}]},{"@type":"WebSite","@id":"https:\/\/www.edel.fr\/en\/#website","url":"https:\/\/www.edel.fr\/en\/","name":"Edel","description":"Pi\u00e8ce d\u00e9tach\u00e9e de Tracteur Agricole","publisher":{"@id":"https:\/\/www.edel.fr\/en\/#organization"},"potentialAction":[{"@type":"SearchAction","target":{"@type":"EntryPoint","urlTemplate":"https:\/\/www.edel.fr\/en\/?s={search_term_string}"},"query-input":{"@type":"PropertyValueSpecification","valueRequired":true,"valueName":"search_term_string"}}],"inLanguage":"en-US"},{"@type":"Organization","@id":"https:\/\/www.edel.fr\/en\/#organization","name":"Edel","url":"https:\/\/www.edel.fr\/en\/","logo":{"@type":"ImageObject","inLanguage":"en-US","@id":"https:\/\/www.edel.fr\/en\/#\/schema\/logo\/image\/","url":"https:\/\/www.edel.fr\/uploads\/2018\/11\/logo-edel.png","contentUrl":"https:\/\/www.edel.fr\/uploads\/2018\/11\/logo-edel.png","width":257,"height":68,"caption":"Edel"},"image":{"@id":"https:\/\/www.edel.fr\/en\/#\/schema\/logo\/image\/"}}]}},"_links":{"self":[{"href":"https:\/\/edel.fr\/en\/wp-json\/wp\/v2\/product\/11745","targetHints":{"allow":["GET"]}}],"collection":[{"href":"https:\/\/edel.fr\/en\/wp-json\/wp\/v2\/product"}],"about":[{"href":"https:\/\/edel.fr\/en\/wp-json\/wp\/v2\/types\/product"}],"version-history":[{"count":2,"href":"https:\/\/edel.fr\/en\/wp-json\/wp\/v2\/product\/11745\/revisions"}],"predecessor-version":[{"id":16563,"href":"https:\/\/edel.fr\/en\/wp-json\/wp\/v2\/product\/11745\/revisions\/16563"}],"wp:featuredmedia":[{"embeddable":true,"href":"https:\/\/edel.fr\/en\/wp-json\/wp\/v2\/media\/11746"}],"wp:attachment":[{"href":"https:\/\/edel.fr\/en\/wp-json\/wp\/v2\/media?parent=11745"}],"wp:term":[{"taxonomy":"product_brand","embeddable":true,"href":"https:\/\/edel.fr\/en\/wp-json\/wp\/v2\/product_brand?post=11745"},{"taxonomy":"product_cat","embeddable":true,"href":"https:\/\/edel.fr\/en\/wp-json\/wp\/v2\/product_cat?post=11745"},{"taxonomy":"product_tag","embeddable":true,"href":"https:\/\/edel.fr\/en\/wp-json\/wp\/v2\/product_tag?post=11745"},{"taxonomy":"tracteur","embeddable":true,"href":"https:\/\/edel.fr\/en\/wp-json\/wp\/v2\/tracteur?post=11745"}],"curies":[{"name":"wp","href":"https:\/\/api.w.org\/{rel}","templated":true}]}}