{"id":11758,"date":"2021-06-25T16:00:42","date_gmt":"2021-06-25T14:00:42","guid":{"rendered":"https:\/\/www.edel.fr\/?post_type=product&#038;p=11758"},"modified":"2026-04-01T22:03:37","modified_gmt":"2026-04-01T20:03:37","slug":"disque-dembrayage-cera-poclain-28-x-35-275-10-can","status":"publish","type":"product","link":"https:\/\/edel.fr\/en\/product\/disque-dembrayage-cera-poclain-28-x-35-275-10-can\/","title":{"rendered":"Disque embrayage tracteur Poclain 60 75 85 P \u2300275 10 can."},"content":{"rendered":"<div data-elementor-type=\"wp-post\" data-elementor-id=\"11758\" class=\"elementor elementor-11758\">\n\t\t\t\t\t\t<section class=\"elementor-section elementor-top-section elementor-element elementor-element-760a48b3 elementor-section-boxed elementor-section-height-default elementor-section-height-default\" data-id=\"760a48b3\" data-element_type=\"section\" data-e-type=\"section\">\n\t\t\t\t\t\t<div class=\"elementor-container elementor-column-gap-default\">\n\t\t\t\t\t<div class=\"elementor-column elementor-col-100 elementor-top-column elementor-element elementor-element-21afe746\" data-id=\"21afe746\" data-element_type=\"column\" data-e-type=\"column\">\n\t\t\t<div class=\"elementor-widget-wrap elementor-element-populated\">\n\t\t\t\t\t\t<div class=\"elementor-element elementor-element-62d48ca6 elementor-widget elementor-widget-heading\" data-id=\"62d48ca6\" data-element_type=\"widget\" data-e-type=\"widget\" data-widget_type=\"heading.default\">\n\t\t\t\t<div class=\"elementor-widget-container\">\n\t\t\t\t\t<h2 class=\"elementor-heading-title elementor-size-default\">DISQUE D'EMBRAYAGE C\u00e9ram\u00e9tallique POCLAIN\n- \u2300275 - 10 Cannelures<\/h2>\t\t\t\t<\/div>\n\t\t\t\t<\/div>\n\t\t\t\t<div class=\"elementor-element elementor-element-1b29e872 elementor-widget elementor-widget-heading\" data-id=\"1b29e872\" data-element_type=\"widget\" data-e-type=\"widget\" data-widget_type=\"heading.default\">\n\t\t\t\t<div class=\"elementor-widget-container\">\n\t\t\t\t\t<h3 class=\"elementor-heading-title elementor-size-default\">Information du produit :<\/h3>\t\t\t\t<\/div>\n\t\t\t\t<\/div>\n\t\t\t\t\t<\/div>\n\t\t<\/div>\n\t\t\t\t\t<\/div>\n\t\t<\/section>\n\t\t\t\t<section class=\"elementor-section elementor-top-section elementor-element elementor-element-290ca7d1 elementor-section-boxed elementor-section-height-default elementor-section-height-default\" data-id=\"290ca7d1\" data-element_type=\"section\" data-e-type=\"section\">\n\t\t\t\t\t\t<div class=\"elementor-container elementor-column-gap-default\">\n\t\t\t\t\t<div class=\"elementor-column elementor-col-100 elementor-top-column elementor-element elementor-element-773f35b7\" data-id=\"773f35b7\" data-element_type=\"column\" data-e-type=\"column\">\n\t\t\t<div class=\"elementor-widget-wrap elementor-element-populated\">\n\t\t\t\t\t\t<div class=\"elementor-element elementor-element-7774c225 elementor-widget elementor-widget-text-editor\" data-id=\"7774c225\" data-element_type=\"widget\" data-e-type=\"widget\" data-widget_type=\"text-editor.default\">\n\t\t\t\t<div class=\"elementor-widget-container\">\n\t\t\t\t\t\t\t\t\t<div>Moyeu : 28 X 35<\/div><div><p>Pour Poclain : 60P, 75P, 85P<span style=\"background-color: #ffffff\">&#8230;<\/span><\/p><\/div>\t\t\t\t\t\t\t\t<\/div>\n\t\t\t\t<\/div>\n\t\t\t\t\t<\/div>\n\t\t<\/div>\n\t\t\t\t\t<\/div>\n\t\t<\/section>\n\t\t\t\t<\/div>","protected":false},"excerpt":{"rendered":"<p>DISQUE D&rsquo;EMBRAYAGE C\u00e9ram\u00e9tallique POCLAIN &#8211; \u2300275 &#8211; 10 Cannelures Information du produit : Moyeu : 28 X 35 Pour Poclain : 60P, 75P, 85P&#8230;<\/p>","protected":false},"featured_media":11759,"template":"","meta":[],"product_brand":[],"product_cat":[126,3984,119,120],"product_tag":[2499],"tracteur":[],"class_list":{"0":"post-11758","1":"product","2":"type-product","3":"status-publish","4":"has-post-thumbnail","6":"product_cat-disques-embrayage","7":"product_cat-poclain","8":"product_cat-tracteurs-agricoles","9":"product_cat-transmissions","10":"product_tag-disque-dembrayage","11":"product_shipping_class-142","12":"pa_fabriquant-selection-edel","13":"pa_marque-tracteur-poclain","14":"pa_type-2-60p","15":"pa_type-2-75p","16":"pa_type-2-85p","17":"badges-style-2","19":"first","20":"instock","21":"taxable","22":"shipping-taxable","23":"purchasable","24":"product-type-simple"},"acf":[],"yoast_head":"<!-- This site is optimized with the Yoast SEO plugin v27.3 - https:\/\/yoast.com\/product\/yoast-seo-wordpress\/ -->\n<title>Disque embrayage tracteur Poclain 60 75 85 P \u2300275 10 can. - Edel<\/title>\n<meta name=\"description\" content=\"Disque d&#039;embrayage 28 X 35 - Avancement C\u00e9ram\u00e9tallique Poclain - 10 Cannelures - \u2300275 - 60P, 75P, 85P - Tracteur Agricole\" \/>\n<meta name=\"robots\" content=\"index, follow, max-snippet:-1, max-image-preview:large, max-video-preview:-1\" \/>\n<link rel=\"canonical\" href=\"https:\/\/www.edel.fr\/en\/product\/disque-dembrayage-cera-poclain-28-x-35-275-10-can\/\" \/>\n<meta property=\"og:locale\" content=\"en_US\" \/>\n<meta property=\"og:type\" content=\"article\" \/>\n<meta property=\"og:title\" content=\"Disque embrayage tracteur Poclain 60 75 85 P \u2300275 10 can. - Edel\" \/>\n<meta property=\"og:description\" content=\"Disque d&#039;embrayage 28 X 35 - Avancement C\u00e9ram\u00e9tallique Poclain - 10 Cannelures - \u2300275 - 60P, 75P, 85P - Tracteur Agricole\" \/>\n<meta property=\"og:url\" content=\"https:\/\/www.edel.fr\/en\/product\/disque-dembrayage-cera-poclain-28-x-35-275-10-can\/\" \/>\n<meta property=\"og:site_name\" content=\"Edel\" \/>\n<meta property=\"article:modified_time\" content=\"2026-04-01T20:03:37+00:00\" \/>\n<meta property=\"og:image\" content=\"https:\/\/www.edel.fr\/uploads\/2021\/06\/1422730616-1.jpg\" \/>\n\t<meta property=\"og:image:width\" content=\"1512\" \/>\n\t<meta property=\"og:image:height\" content=\"1512\" \/>\n\t<meta property=\"og:image:type\" content=\"image\/jpeg\" \/>\n<meta name=\"twitter:card\" content=\"summary_large_image\" \/>\n<meta name=\"twitter:label1\" content=\"Est. reading time\" \/>\n\t<meta name=\"twitter:data1\" content=\"1 minute\" \/>\n<script type=\"application\/ld+json\" class=\"yoast-schema-graph\">{\"@context\":\"https:\\\/\\\/schema.org\",\"@graph\":[{\"@type\":\"WebPage\",\"@id\":\"https:\\\/\\\/www.edel.fr\\\/en\\\/product\\\/disque-dembrayage-cera-poclain-28-x-35-275-10-can\\\/\",\"url\":\"https:\\\/\\\/www.edel.fr\\\/en\\\/product\\\/disque-dembrayage-cera-poclain-28-x-35-275-10-can\\\/\",\"name\":\"Disque embrayage tracteur Poclain 60 75 85 P \u2300275 10 can. - Edel\",\"isPartOf\":{\"@id\":\"https:\\\/\\\/www.edel.fr\\\/en\\\/#website\"},\"primaryImageOfPage\":{\"@id\":\"https:\\\/\\\/www.edel.fr\\\/en\\\/product\\\/disque-dembrayage-cera-poclain-28-x-35-275-10-can\\\/#primaryimage\"},\"image\":{\"@id\":\"https:\\\/\\\/www.edel.fr\\\/en\\\/product\\\/disque-dembrayage-cera-poclain-28-x-35-275-10-can\\\/#primaryimage\"},\"thumbnailUrl\":\"https:\\\/\\\/edel.fr\\\/uploads\\\/2021\\\/06\\\/1422730616-1.jpg\",\"datePublished\":\"2021-06-25T14:00:42+00:00\",\"dateModified\":\"2026-04-01T20:03:37+00:00\",\"description\":\"Disque d'embrayage 28 X 35 - Avancement C\u00e9ram\u00e9tallique Poclain - 10 Cannelures - \u2300275 - 60P, 75P, 85P - Tracteur Agricole\",\"breadcrumb\":{\"@id\":\"https:\\\/\\\/www.edel.fr\\\/en\\\/product\\\/disque-dembrayage-cera-poclain-28-x-35-275-10-can\\\/#breadcrumb\"},\"inLanguage\":\"en-US\",\"potentialAction\":[{\"@type\":\"ReadAction\",\"target\":[\"https:\\\/\\\/www.edel.fr\\\/en\\\/product\\\/disque-dembrayage-cera-poclain-28-x-35-275-10-can\\\/\"]}]},{\"@type\":\"ImageObject\",\"inLanguage\":\"en-US\",\"@id\":\"https:\\\/\\\/www.edel.fr\\\/en\\\/product\\\/disque-dembrayage-cera-poclain-28-x-35-275-10-can\\\/#primaryimage\",\"url\":\"https:\\\/\\\/edel.fr\\\/uploads\\\/2021\\\/06\\\/1422730616-1.jpg\",\"contentUrl\":\"https:\\\/\\\/edel.fr\\\/uploads\\\/2021\\\/06\\\/1422730616-1.jpg\",\"width\":1512,\"height\":1512,\"caption\":\"Disque d'embrayage c\u00e9ra. Poclain - 28 X 35 - \u2300275 - 10 Can.\"},{\"@type\":\"BreadcrumbList\",\"@id\":\"https:\\\/\\\/www.edel.fr\\\/en\\\/product\\\/disque-dembrayage-cera-poclain-28-x-35-275-10-can\\\/#breadcrumb\",\"itemListElement\":[{\"@type\":\"ListItem\",\"position\":1,\"name\":\"Pi\u00e8ce Tracteur\",\"item\":\"https:\\\/\\\/www.edel.fr\\\/en\\\/\"},{\"@type\":\"ListItem\",\"position\":2,\"name\":\"Toutes nos pi\u00e8ces Tracteur\",\"item\":\"https:\\\/\\\/edel.fr\\\/shop\\\/\"},{\"@type\":\"ListItem\",\"position\":3,\"name\":\"Disque embrayage tracteur Poclain 60 75 85 P \u2300275 10 can.\"}]},{\"@type\":\"WebSite\",\"@id\":\"https:\\\/\\\/www.edel.fr\\\/en\\\/#website\",\"url\":\"https:\\\/\\\/www.edel.fr\\\/en\\\/\",\"name\":\"Edel\",\"description\":\"Pi\u00e8ce d\u00e9tach\u00e9e de Tracteur Agricole\",\"publisher\":{\"@id\":\"https:\\\/\\\/www.edel.fr\\\/en\\\/#organization\"},\"potentialAction\":[{\"@type\":\"SearchAction\",\"target\":{\"@type\":\"EntryPoint\",\"urlTemplate\":\"https:\\\/\\\/www.edel.fr\\\/en\\\/?s={search_term_string}\"},\"query-input\":{\"@type\":\"PropertyValueSpecification\",\"valueRequired\":true,\"valueName\":\"search_term_string\"}}],\"inLanguage\":\"en-US\"},{\"@type\":\"Organization\",\"@id\":\"https:\\\/\\\/www.edel.fr\\\/en\\\/#organization\",\"name\":\"Edel\",\"url\":\"https:\\\/\\\/www.edel.fr\\\/en\\\/\",\"logo\":{\"@type\":\"ImageObject\",\"inLanguage\":\"en-US\",\"@id\":\"https:\\\/\\\/www.edel.fr\\\/en\\\/#\\\/schema\\\/logo\\\/image\\\/\",\"url\":\"https:\\\/\\\/www.edel.fr\\\/uploads\\\/2018\\\/11\\\/logo-edel.png\",\"contentUrl\":\"https:\\\/\\\/www.edel.fr\\\/uploads\\\/2018\\\/11\\\/logo-edel.png\",\"width\":257,\"height\":68,\"caption\":\"Edel\"},\"image\":{\"@id\":\"https:\\\/\\\/www.edel.fr\\\/en\\\/#\\\/schema\\\/logo\\\/image\\\/\"}}]}<\/script>\n<!-- \/ Yoast SEO plugin. -->","yoast_head_json":{"title":"Disque embrayage tracteur Poclain 60 75 85 P \u2300275 10 can. - Edel","description":"Disque d'embrayage 28 X 35 - Avancement C\u00e9ram\u00e9tallique Poclain - 10 Cannelures - \u2300275 - 60P, 75P, 85P - Tracteur Agricole","robots":{"index":"index","follow":"follow","max-snippet":"max-snippet:-1","max-image-preview":"max-image-preview:large","max-video-preview":"max-video-preview:-1"},"canonical":"https:\/\/www.edel.fr\/en\/product\/disque-dembrayage-cera-poclain-28-x-35-275-10-can\/","og_locale":"en_US","og_type":"article","og_title":"Disque embrayage tracteur Poclain 60 75 85 P \u2300275 10 can. - Edel","og_description":"Disque d'embrayage 28 X 35 - Avancement C\u00e9ram\u00e9tallique Poclain - 10 Cannelures - \u2300275 - 60P, 75P, 85P - Tracteur Agricole","og_url":"https:\/\/www.edel.fr\/en\/product\/disque-dembrayage-cera-poclain-28-x-35-275-10-can\/","og_site_name":"Edel","article_modified_time":"2026-04-01T20:03:37+00:00","og_image":[{"width":1512,"height":1512,"url":"https:\/\/www.edel.fr\/uploads\/2021\/06\/1422730616-1.jpg","type":"image\/jpeg"}],"twitter_card":"summary_large_image","twitter_misc":{"Est. reading time":"1 minute"},"schema":{"@context":"https:\/\/schema.org","@graph":[{"@type":"WebPage","@id":"https:\/\/www.edel.fr\/en\/product\/disque-dembrayage-cera-poclain-28-x-35-275-10-can\/","url":"https:\/\/www.edel.fr\/en\/product\/disque-dembrayage-cera-poclain-28-x-35-275-10-can\/","name":"Disque embrayage tracteur Poclain 60 75 85 P \u2300275 10 can. - Edel","isPartOf":{"@id":"https:\/\/www.edel.fr\/en\/#website"},"primaryImageOfPage":{"@id":"https:\/\/www.edel.fr\/en\/product\/disque-dembrayage-cera-poclain-28-x-35-275-10-can\/#primaryimage"},"image":{"@id":"https:\/\/www.edel.fr\/en\/product\/disque-dembrayage-cera-poclain-28-x-35-275-10-can\/#primaryimage"},"thumbnailUrl":"https:\/\/edel.fr\/uploads\/2021\/06\/1422730616-1.jpg","datePublished":"2021-06-25T14:00:42+00:00","dateModified":"2026-04-01T20:03:37+00:00","description":"Disque d'embrayage 28 X 35 - Avancement C\u00e9ram\u00e9tallique Poclain - 10 Cannelures - \u2300275 - 60P, 75P, 85P - Tracteur Agricole","breadcrumb":{"@id":"https:\/\/www.edel.fr\/en\/product\/disque-dembrayage-cera-poclain-28-x-35-275-10-can\/#breadcrumb"},"inLanguage":"en-US","potentialAction":[{"@type":"ReadAction","target":["https:\/\/www.edel.fr\/en\/product\/disque-dembrayage-cera-poclain-28-x-35-275-10-can\/"]}]},{"@type":"ImageObject","inLanguage":"en-US","@id":"https:\/\/www.edel.fr\/en\/product\/disque-dembrayage-cera-poclain-28-x-35-275-10-can\/#primaryimage","url":"https:\/\/edel.fr\/uploads\/2021\/06\/1422730616-1.jpg","contentUrl":"https:\/\/edel.fr\/uploads\/2021\/06\/1422730616-1.jpg","width":1512,"height":1512,"caption":"Disque d'embrayage c\u00e9ra. Poclain - 28 X 35 - \u2300275 - 10 Can."},{"@type":"BreadcrumbList","@id":"https:\/\/www.edel.fr\/en\/product\/disque-dembrayage-cera-poclain-28-x-35-275-10-can\/#breadcrumb","itemListElement":[{"@type":"ListItem","position":1,"name":"Pi\u00e8ce Tracteur","item":"https:\/\/www.edel.fr\/en\/"},{"@type":"ListItem","position":2,"name":"Toutes nos pi\u00e8ces Tracteur","item":"https:\/\/edel.fr\/shop\/"},{"@type":"ListItem","position":3,"name":"Disque embrayage tracteur Poclain 60 75 85 P \u2300275 10 can."}]},{"@type":"WebSite","@id":"https:\/\/www.edel.fr\/en\/#website","url":"https:\/\/www.edel.fr\/en\/","name":"Edel","description":"Pi\u00e8ce d\u00e9tach\u00e9e de Tracteur Agricole","publisher":{"@id":"https:\/\/www.edel.fr\/en\/#organization"},"potentialAction":[{"@type":"SearchAction","target":{"@type":"EntryPoint","urlTemplate":"https:\/\/www.edel.fr\/en\/?s={search_term_string}"},"query-input":{"@type":"PropertyValueSpecification","valueRequired":true,"valueName":"search_term_string"}}],"inLanguage":"en-US"},{"@type":"Organization","@id":"https:\/\/www.edel.fr\/en\/#organization","name":"Edel","url":"https:\/\/www.edel.fr\/en\/","logo":{"@type":"ImageObject","inLanguage":"en-US","@id":"https:\/\/www.edel.fr\/en\/#\/schema\/logo\/image\/","url":"https:\/\/www.edel.fr\/uploads\/2018\/11\/logo-edel.png","contentUrl":"https:\/\/www.edel.fr\/uploads\/2018\/11\/logo-edel.png","width":257,"height":68,"caption":"Edel"},"image":{"@id":"https:\/\/www.edel.fr\/en\/#\/schema\/logo\/image\/"}}]}},"_links":{"self":[{"href":"https:\/\/edel.fr\/en\/wp-json\/wp\/v2\/product\/11758","targetHints":{"allow":["GET"]}}],"collection":[{"href":"https:\/\/edel.fr\/en\/wp-json\/wp\/v2\/product"}],"about":[{"href":"https:\/\/edel.fr\/en\/wp-json\/wp\/v2\/types\/product"}],"version-history":[{"count":2,"href":"https:\/\/edel.fr\/en\/wp-json\/wp\/v2\/product\/11758\/revisions"}],"predecessor-version":[{"id":15411,"href":"https:\/\/edel.fr\/en\/wp-json\/wp\/v2\/product\/11758\/revisions\/15411"}],"wp:featuredmedia":[{"embeddable":true,"href":"https:\/\/edel.fr\/en\/wp-json\/wp\/v2\/media\/11759"}],"wp:attachment":[{"href":"https:\/\/edel.fr\/en\/wp-json\/wp\/v2\/media?parent=11758"}],"wp:term":[{"taxonomy":"product_brand","embeddable":true,"href":"https:\/\/edel.fr\/en\/wp-json\/wp\/v2\/product_brand?post=11758"},{"taxonomy":"product_cat","embeddable":true,"href":"https:\/\/edel.fr\/en\/wp-json\/wp\/v2\/product_cat?post=11758"},{"taxonomy":"product_tag","embeddable":true,"href":"https:\/\/edel.fr\/en\/wp-json\/wp\/v2\/product_tag?post=11758"},{"taxonomy":"tracteur","embeddable":true,"href":"https:\/\/edel.fr\/en\/wp-json\/wp\/v2\/tracteur?post=11758"}],"curies":[{"name":"wp","href":"https:\/\/api.w.org\/{rel}","templated":true}]}}