{"id":11904,"date":"2021-08-10T15:25:43","date_gmt":"2021-08-10T13:25:43","guid":{"rendered":"https:\/\/www.edel.fr\/?post_type=product&#038;p=11904"},"modified":"2026-04-03T18:33:21","modified_gmt":"2026-04-03T16:33:21","slug":"kit-embrayage-double-someca-3-leviers-o280-250-18-et-12-cannelures","status":"publish","type":"product","link":"https:\/\/edel.fr\/en\/product\/kit-embrayage-double-someca-3-leviers-o280-250-18-et-12-cannelures\/","title":{"rendered":"Kit embrayage Someca 40 55 511 615 640 650 670 715 750"},"content":{"rendered":"<h2>KIT EMBRAYAGE DOUBLE \u2013 TRACTEUR SOMECA Fiat New Holland<\/h2>\n<p>3 LEVIERS \u2013 \u2300280 \/ 250 MM &#8211; 18 ET 12 CANNELURES<\/p>\n<h3>Information du produit :<\/h3>\n<h4>M\u00e9canisme bi-disques (avec deux disques int\u00e9gr\u00e9s dans le m\u00e9canisme), but\u00e9e et roulement pilote inclus.<\/h4>\n<p>Kit embrayage de la marque : SOMECA<\/p>\n<p>Pour tracteurs Someca 40, 55, 511, 612, 615, 640, 650, 670, 715, 750<\/p>\n<p>R\u00e9f\u00e9rence origine New Holland : 587852\u00a0 \u00a0202 2302 2022302<\/p>\n<p>&nbsp;<\/p>\n<p>Le kit d\u2019embrayage tracteur agricole est compos\u00e9 d\u2019un m\u00e9canisme, d\u2019un ou deux disques, d\u2019une ou deux but\u00e9es et du roulement pilote.<br \/>\nCe kit complet comprend la totalit\u00e9 des pi\u00e8ces \u00e0 changer en atelier. Les pi\u00e8ces de rechange qui le composent sont rigoureusement s\u00e9lectionn\u00e9es pour leur qualit\u00e9 et leur fiabilit\u00e9.<\/p>\n<p>Attention, faire le choix de remplacer une pi\u00e8ce au d\u00e9tail peut s\u2019av\u00e9rer \u00eatre moins avantageux que de remplacer un ensemble complet. Ainsi, nos kits se distinguent par la qualit\u00e9 de nos but\u00e9es d\u2019embrayages et roulements pilotes. Une but\u00e9e adaptable qui grippe conduit irr\u00e9m\u00e9diablement \u00e0 la destruction du m\u00e9canisme.<\/p>\n<p>En effet pour le montage d\u2019un kit d\u2019embrayage agricole, les pi\u00e8ces p\u00e9riph\u00e9riques doivent \u00eatre examin\u00e9es avec minutie. Notamment, le volant moteur et les diff\u00e9rents joints spi.<\/p>\n<p>D&rsquo;autre part, pour le syst\u00e8me de commande, une vigilance particuli\u00e8re est \u00e0 porter au c\u00e2ble, a la tringlerie et au circuit hydraulique. En cas de doute, ces composants doivent absolument \u00eatre remis \u00e0 niveau pour permettre le parfait fonctionnement de l\u2019embrayage.<\/p>\n<p>Pour plus de renseignements, consultez-nous !<\/p>","protected":false},"excerpt":{"rendered":"<p>KIT EMBRAYAGE DOUBLE \u2013 TRACTEUR SOMECA Fiat New Holland 3 LEVIERS \u2013 \u2300280 \/ 250 MM &#8211; 18 ET 12 CANNELURES Information du produit : M\u00e9canisme bi-disques (avec deux disques int\u00e9gr\u00e9s dans le m\u00e9canisme), but\u00e9e et roulement pilote inclus. Kit embrayage de la marque : SOMECA Pour tracteurs Someca 40, 55, 511, 612, 615, 640,<br \/><a class=\"more-link\" href=\"https:\/\/edel.fr\/en\/product\/kit-embrayage-double-someca-3-leviers-o280-250-18-et-12-cannelures\/\"><br \/>\n        Read More<span class=\"screen-reader-text\"> \u00ab\u00a0Kit embrayage Someca 40 55 511 615 640 650 670 715 750\u00a0\u00bb<\/span><\/a><\/p>","protected":false},"featured_media":13471,"template":"","meta":[],"product_brand":[],"product_cat":[1141,3956,119,120],"product_tag":[143,124],"tracteur":[],"class_list":{"0":"post-11904","1":"product","2":"type-product","3":"status-publish","4":"has-post-thumbnail","6":"product_cat-kits-dembrayage","7":"product_cat-fiat-new-holland","8":"product_cat-tracteurs-agricoles","9":"product_cat-transmissions","10":"product_tag-kits-dembrayage","11":"product_tag-transmissions","12":"product_shipping_class-142","13":"pa_fabriquant-kawe","14":"pa_marque-tracteur-fiat-new-holland","15":"pa_modele-tracteur-4273","16":"pa_modele-tracteur-4274","17":"pa_modele-tracteur-4238","18":"pa_modele-tracteur-4275","19":"pa_modele-tracteur-4276","20":"pa_modele-tracteur-3516","21":"pa_modele-tracteur-4277","22":"pa_modele-tracteur-3518","23":"pa_modele-tracteur-4278","24":"pa_modele-tracteur-3528","25":"badges-style-2","27":"first","28":"instock","29":"taxable","30":"shipping-taxable","31":"purchasable","32":"product-type-simple"},"acf":[],"yoast_head":"<!-- This site is optimized with the Yoast SEO plugin v27.3 - https:\/\/yoast.com\/product\/yoast-seo-wordpress\/ -->\n<title>Kit embrayage Someca 40 55 511 615 640 650 670 715 750 - Edel<\/title>\n<meta name=\"description\" content=\"Kit embrayage double Someca - 3 Leviers - \u00d8280\/250 18 et 12 cannelures - Tracteur agricole - pi\u00e8ces d&#039;usure\" \/>\n<meta name=\"robots\" content=\"index, follow, max-snippet:-1, max-image-preview:large, max-video-preview:-1\" \/>\n<link rel=\"canonical\" href=\"https:\/\/www.edel.fr\/produit\/kit-embrayage-double-someca-3-leviers-o280-250-18-et-12-cannelures\/\" \/>\n<meta property=\"og:locale\" content=\"en_US\" \/>\n<meta property=\"og:type\" content=\"article\" \/>\n<meta property=\"og:title\" content=\"Kit embrayage Someca 40 55 511 615 640 650 670 715 750 - Edel\" \/>\n<meta property=\"og:description\" content=\"Kit embrayage double Someca - 3 Leviers - \u00d8280\/250 18 et 12 cannelures - Tracteur agricole - pi\u00e8ces d&#039;usure\" \/>\n<meta property=\"og:url\" content=\"https:\/\/www.edel.fr\/produit\/kit-embrayage-double-someca-3-leviers-o280-250-18-et-12-cannelures\/\" \/>\n<meta property=\"og:site_name\" content=\"Edel\" \/>\n<meta property=\"article:modified_time\" content=\"2026-04-03T16:33:21+00:00\" \/>\n<meta property=\"og:image\" content=\"https:\/\/www.edel.fr\/uploads\/2021\/08\/K01.jpg\" \/>\n\t<meta property=\"og:image:width\" content=\"919\" \/>\n\t<meta property=\"og:image:height\" content=\"919\" \/>\n\t<meta property=\"og:image:type\" content=\"image\/jpeg\" \/>\n<meta name=\"twitter:card\" content=\"summary_large_image\" \/>\n<meta name=\"twitter:label1\" content=\"Est. reading time\" \/>\n\t<meta name=\"twitter:data1\" content=\"2 minutes\" \/>\n<script type=\"application\/ld+json\" class=\"yoast-schema-graph\">{\"@context\":\"https:\\\/\\\/schema.org\",\"@graph\":[{\"@type\":\"WebPage\",\"@id\":\"https:\\\/\\\/www.edel.fr\\\/produit\\\/kit-embrayage-double-someca-3-leviers-o280-250-18-et-12-cannelures\\\/\",\"url\":\"https:\\\/\\\/www.edel.fr\\\/produit\\\/kit-embrayage-double-someca-3-leviers-o280-250-18-et-12-cannelures\\\/\",\"name\":\"Kit embrayage Someca 40 55 511 615 640 650 670 715 750 - Edel\",\"isPartOf\":{\"@id\":\"http:\\\/\\\/www.edel.fr\\\/en\\\/#website\"},\"primaryImageOfPage\":{\"@id\":\"https:\\\/\\\/www.edel.fr\\\/produit\\\/kit-embrayage-double-someca-3-leviers-o280-250-18-et-12-cannelures\\\/#primaryimage\"},\"image\":{\"@id\":\"https:\\\/\\\/www.edel.fr\\\/produit\\\/kit-embrayage-double-someca-3-leviers-o280-250-18-et-12-cannelures\\\/#primaryimage\"},\"thumbnailUrl\":\"https:\\\/\\\/edel.fr\\\/uploads\\\/2021\\\/08\\\/K01.jpg\",\"datePublished\":\"2021-08-10T13:25:43+00:00\",\"dateModified\":\"2026-04-03T16:33:21+00:00\",\"description\":\"Kit embrayage double Someca - 3 Leviers - \u00d8280\\\/250 18 et 12 cannelures - Tracteur agricole - pi\u00e8ces d'usure\",\"breadcrumb\":{\"@id\":\"https:\\\/\\\/www.edel.fr\\\/produit\\\/kit-embrayage-double-someca-3-leviers-o280-250-18-et-12-cannelures\\\/#breadcrumb\"},\"inLanguage\":\"en-US\",\"potentialAction\":[{\"@type\":\"ReadAction\",\"target\":[\"https:\\\/\\\/www.edel.fr\\\/produit\\\/kit-embrayage-double-someca-3-leviers-o280-250-18-et-12-cannelures\\\/\"]}]},{\"@type\":\"ImageObject\",\"inLanguage\":\"en-US\",\"@id\":\"https:\\\/\\\/www.edel.fr\\\/produit\\\/kit-embrayage-double-someca-3-leviers-o280-250-18-et-12-cannelures\\\/#primaryimage\",\"url\":\"https:\\\/\\\/edel.fr\\\/uploads\\\/2021\\\/08\\\/K01.jpg\",\"contentUrl\":\"https:\\\/\\\/edel.fr\\\/uploads\\\/2021\\\/08\\\/K01.jpg\",\"width\":919,\"height\":919,\"caption\":\"Kit embrayage tracteur fiat3 Leviers - \u00d8280\\\/250 18 et 12 cannelures\"},{\"@type\":\"BreadcrumbList\",\"@id\":\"https:\\\/\\\/www.edel.fr\\\/produit\\\/kit-embrayage-double-someca-3-leviers-o280-250-18-et-12-cannelures\\\/#breadcrumb\",\"itemListElement\":[{\"@type\":\"ListItem\",\"position\":1,\"name\":\"Pi\u00e8ce Tracteur\",\"item\":\"http:\\\/\\\/www.edel.fr\\\/en\\\/\"},{\"@type\":\"ListItem\",\"position\":2,\"name\":\"Toutes nos pi\u00e8ces Tracteur\",\"item\":\"https:\\\/\\\/edel.fr\\\/shop\\\/\"},{\"@type\":\"ListItem\",\"position\":3,\"name\":\"Kit embrayage Someca 40 55 511 615 640 650 670 715 750\"}]},{\"@type\":\"WebSite\",\"@id\":\"http:\\\/\\\/www.edel.fr\\\/en\\\/#website\",\"url\":\"http:\\\/\\\/www.edel.fr\\\/en\\\/\",\"name\":\"Edel\",\"description\":\"Pi\u00e8ce d\u00e9tach\u00e9e de Tracteur Agricole\",\"publisher\":{\"@id\":\"http:\\\/\\\/www.edel.fr\\\/en\\\/#organization\"},\"potentialAction\":[{\"@type\":\"SearchAction\",\"target\":{\"@type\":\"EntryPoint\",\"urlTemplate\":\"http:\\\/\\\/www.edel.fr\\\/en\\\/?s={search_term_string}\"},\"query-input\":{\"@type\":\"PropertyValueSpecification\",\"valueRequired\":true,\"valueName\":\"search_term_string\"}}],\"inLanguage\":\"en-US\"},{\"@type\":\"Organization\",\"@id\":\"http:\\\/\\\/www.edel.fr\\\/en\\\/#organization\",\"name\":\"Edel\",\"url\":\"http:\\\/\\\/www.edel.fr\\\/en\\\/\",\"logo\":{\"@type\":\"ImageObject\",\"inLanguage\":\"en-US\",\"@id\":\"http:\\\/\\\/www.edel.fr\\\/en\\\/#\\\/schema\\\/logo\\\/image\\\/\",\"url\":\"https:\\\/\\\/www.edel.fr\\\/uploads\\\/2018\\\/11\\\/logo-edel.png\",\"contentUrl\":\"https:\\\/\\\/www.edel.fr\\\/uploads\\\/2018\\\/11\\\/logo-edel.png\",\"width\":257,\"height\":68,\"caption\":\"Edel\"},\"image\":{\"@id\":\"http:\\\/\\\/www.edel.fr\\\/en\\\/#\\\/schema\\\/logo\\\/image\\\/\"}}]}<\/script>\n<!-- \/ Yoast SEO plugin. -->","yoast_head_json":{"title":"Kit embrayage Someca 40 55 511 615 640 650 670 715 750 - Edel","description":"Kit embrayage double Someca - 3 Leviers - \u00d8280\/250 18 et 12 cannelures - Tracteur agricole - pi\u00e8ces d'usure","robots":{"index":"index","follow":"follow","max-snippet":"max-snippet:-1","max-image-preview":"max-image-preview:large","max-video-preview":"max-video-preview:-1"},"canonical":"https:\/\/www.edel.fr\/produit\/kit-embrayage-double-someca-3-leviers-o280-250-18-et-12-cannelures\/","og_locale":"en_US","og_type":"article","og_title":"Kit embrayage Someca 40 55 511 615 640 650 670 715 750 - Edel","og_description":"Kit embrayage double Someca - 3 Leviers - \u00d8280\/250 18 et 12 cannelures - Tracteur agricole - pi\u00e8ces d'usure","og_url":"https:\/\/www.edel.fr\/produit\/kit-embrayage-double-someca-3-leviers-o280-250-18-et-12-cannelures\/","og_site_name":"Edel","article_modified_time":"2026-04-03T16:33:21+00:00","og_image":[{"width":919,"height":919,"url":"https:\/\/www.edel.fr\/uploads\/2021\/08\/K01.jpg","type":"image\/jpeg"}],"twitter_card":"summary_large_image","twitter_misc":{"Est. reading time":"2 minutes"},"schema":{"@context":"https:\/\/schema.org","@graph":[{"@type":"WebPage","@id":"https:\/\/www.edel.fr\/produit\/kit-embrayage-double-someca-3-leviers-o280-250-18-et-12-cannelures\/","url":"https:\/\/www.edel.fr\/produit\/kit-embrayage-double-someca-3-leviers-o280-250-18-et-12-cannelures\/","name":"Kit embrayage Someca 40 55 511 615 640 650 670 715 750 - Edel","isPartOf":{"@id":"http:\/\/www.edel.fr\/en\/#website"},"primaryImageOfPage":{"@id":"https:\/\/www.edel.fr\/produit\/kit-embrayage-double-someca-3-leviers-o280-250-18-et-12-cannelures\/#primaryimage"},"image":{"@id":"https:\/\/www.edel.fr\/produit\/kit-embrayage-double-someca-3-leviers-o280-250-18-et-12-cannelures\/#primaryimage"},"thumbnailUrl":"https:\/\/edel.fr\/uploads\/2021\/08\/K01.jpg","datePublished":"2021-08-10T13:25:43+00:00","dateModified":"2026-04-03T16:33:21+00:00","description":"Kit embrayage double Someca - 3 Leviers - \u00d8280\/250 18 et 12 cannelures - Tracteur agricole - pi\u00e8ces d'usure","breadcrumb":{"@id":"https:\/\/www.edel.fr\/produit\/kit-embrayage-double-someca-3-leviers-o280-250-18-et-12-cannelures\/#breadcrumb"},"inLanguage":"en-US","potentialAction":[{"@type":"ReadAction","target":["https:\/\/www.edel.fr\/produit\/kit-embrayage-double-someca-3-leviers-o280-250-18-et-12-cannelures\/"]}]},{"@type":"ImageObject","inLanguage":"en-US","@id":"https:\/\/www.edel.fr\/produit\/kit-embrayage-double-someca-3-leviers-o280-250-18-et-12-cannelures\/#primaryimage","url":"https:\/\/edel.fr\/uploads\/2021\/08\/K01.jpg","contentUrl":"https:\/\/edel.fr\/uploads\/2021\/08\/K01.jpg","width":919,"height":919,"caption":"Kit embrayage tracteur fiat3 Leviers - \u00d8280\/250 18 et 12 cannelures"},{"@type":"BreadcrumbList","@id":"https:\/\/www.edel.fr\/produit\/kit-embrayage-double-someca-3-leviers-o280-250-18-et-12-cannelures\/#breadcrumb","itemListElement":[{"@type":"ListItem","position":1,"name":"Pi\u00e8ce Tracteur","item":"http:\/\/www.edel.fr\/en\/"},{"@type":"ListItem","position":2,"name":"Toutes nos pi\u00e8ces Tracteur","item":"https:\/\/edel.fr\/shop\/"},{"@type":"ListItem","position":3,"name":"Kit embrayage Someca 40 55 511 615 640 650 670 715 750"}]},{"@type":"WebSite","@id":"http:\/\/www.edel.fr\/en\/#website","url":"http:\/\/www.edel.fr\/en\/","name":"Edel","description":"Pi\u00e8ce d\u00e9tach\u00e9e de Tracteur Agricole","publisher":{"@id":"http:\/\/www.edel.fr\/en\/#organization"},"potentialAction":[{"@type":"SearchAction","target":{"@type":"EntryPoint","urlTemplate":"http:\/\/www.edel.fr\/en\/?s={search_term_string}"},"query-input":{"@type":"PropertyValueSpecification","valueRequired":true,"valueName":"search_term_string"}}],"inLanguage":"en-US"},{"@type":"Organization","@id":"http:\/\/www.edel.fr\/en\/#organization","name":"Edel","url":"http:\/\/www.edel.fr\/en\/","logo":{"@type":"ImageObject","inLanguage":"en-US","@id":"http:\/\/www.edel.fr\/en\/#\/schema\/logo\/image\/","url":"https:\/\/www.edel.fr\/uploads\/2018\/11\/logo-edel.png","contentUrl":"https:\/\/www.edel.fr\/uploads\/2018\/11\/logo-edel.png","width":257,"height":68,"caption":"Edel"},"image":{"@id":"http:\/\/www.edel.fr\/en\/#\/schema\/logo\/image\/"}}]}},"_links":{"self":[{"href":"https:\/\/edel.fr\/en\/wp-json\/wp\/v2\/product\/11904","targetHints":{"allow":["GET"]}}],"collection":[{"href":"https:\/\/edel.fr\/en\/wp-json\/wp\/v2\/product"}],"about":[{"href":"https:\/\/edel.fr\/en\/wp-json\/wp\/v2\/types\/product"}],"version-history":[{"count":3,"href":"https:\/\/edel.fr\/en\/wp-json\/wp\/v2\/product\/11904\/revisions"}],"predecessor-version":[{"id":16210,"href":"https:\/\/edel.fr\/en\/wp-json\/wp\/v2\/product\/11904\/revisions\/16210"}],"wp:featuredmedia":[{"embeddable":true,"href":"https:\/\/edel.fr\/en\/wp-json\/wp\/v2\/media\/13471"}],"wp:attachment":[{"href":"https:\/\/edel.fr\/en\/wp-json\/wp\/v2\/media?parent=11904"}],"wp:term":[{"taxonomy":"product_brand","embeddable":true,"href":"https:\/\/edel.fr\/en\/wp-json\/wp\/v2\/product_brand?post=11904"},{"taxonomy":"product_cat","embeddable":true,"href":"https:\/\/edel.fr\/en\/wp-json\/wp\/v2\/product_cat?post=11904"},{"taxonomy":"product_tag","embeddable":true,"href":"https:\/\/edel.fr\/en\/wp-json\/wp\/v2\/product_tag?post=11904"},{"taxonomy":"tracteur","embeddable":true,"href":"https:\/\/edel.fr\/en\/wp-json\/wp\/v2\/tracteur?post=11904"}],"curies":[{"name":"wp","href":"https:\/\/api.w.org\/{rel}","templated":true}]}}