{"id":15226,"date":"2023-01-05T16:49:59","date_gmt":"2023-01-05T15:49:59","guid":{"rendered":"https:\/\/www.edel.fr\/embrayage-deutz-d-30-d-30s-d-2505-d-3005\/"},"modified":"2026-03-27T02:00:59","modified_gmt":"2026-03-27T01:00:59","slug":"embrayage-deutz-d-30-d-30s-d-2505-d-3005","status":"publish","type":"product","link":"https:\/\/edel.fr\/en\/product\/embrayage-deutz-d-30-d-30s-d-2505-d-3005\/","title":{"rendered":"Embrayage double Deutz D 30 D 30S D 2505 D 3005 &#8211; Tracteur agricole"},"content":{"rendered":"<p><strong>EMBRAYAGE DOUBLE DO200\/200 &#8211; <\/strong><strong>10\/10<\/strong><strong>Z<\/strong><\/p>\n<p>TRACTEURS DEUTZ\u00a0 D30S D2505 D3005<\/p>\n<p>REMPLACE MECANISME AVEC RESSORTS COTE LEVIERS<\/p>\n<p>&nbsp;<\/p>\n<p>NOS PIECES COMPATIBLES AVEC CE MECANISME\u00a0 :<\/p>\n<p>\u27a1\ufe0f <strong><a href=\"https:\/\/edel.fr\/en\/disque-dembrayage-khd-deutz-21-x-26-10-can-organique\/\" target=\"_blank\" rel=\"noopener\">0922001212 <\/a><\/strong>DISQUE INTERNE DE PRISE DE FORCE 200 MM 10Z\u00a0 21&#215;26 m<\/p>\n<p>\u27a1\ufe0f <strong><a href=\"https:\/\/edel.fr\/en\/disque-dembrayage-khd-deutz-26-x-32-10-can-organique\/\" target=\"_blank\" rel=\"noopener\">0922000612\u00a0<\/a><\/strong>DISQUE INTERNE D&rsquo;AVANCEMENT 200 MM 10 Z 26&#215;32 mm<\/p>\n<p>\u27a1\ufe0f <strong><a href=\"https:\/\/edel.fr\/en\/butee-dembrayage-khd-deutz-fendt-fuchs-77x45x19-tracteur\/\" target=\"_blank\" rel=\"noopener\">20303180<\/a><\/strong>\u00a0BUTEE 45X77X19 MM<\/p>\n<p>\u27a1\ufe0f\u00a0<strong><a href=\"https:\/\/edel.fr\/en\/butee-dembrayage-50x81x17-tracteur-agricole\/\" target=\"_blank\" rel=\"noopener\">20304380<\/a><\/strong>\u00a0BUTEE 50X81X17 MM<\/p>\n<p>\u27a1\ufe0f <strong><a href=\"https:\/\/edel.fr\/en\/roulement-pilote-fag-6202-2rs-15-x-35-x-11-tracteur-agricole\/\" target=\"_blank\" rel=\"noopener\">RP 12<\/a><\/strong>\u00a0ROULEMENT PILOTE 15X35X11 MM<\/p>\n<p>&nbsp;<\/p>\n<p>Votre m\u00e9canisme d\u2019embrayage est compos\u00e9 d\u2019un carter m\u00e9tallique circulaire comprenant des leviers ou un diaphragme, de ressorts ou d\u2019une rondelle belleville. Il peut \u00eatre de forme circulaire, triangulaire ou encore conique selon le mod\u00e8le. Il a pour r\u00f4le de comprimer ou lib\u00e9rer le disque d\u2019embrayage sur le volant moteur, afin de transmettre le mouvement du moteur \u00e0 la bo\u00eete de vitesses.<\/p>\n<p>Pour choisir le m\u00e9canisme qui s\u2019adapte parfaitement \u00e0 votre tracteur. Il faut se fier au mod\u00e8le et \u00e0 la marque de votre engin. Mais aussi au diam\u00e8tre et au nombre de cannelures de votre m\u00e9canisme. Le m\u00e9canisme d\u2019embrayage fait partie des pi\u00e8ces indispensables au bon fonctionnement de votre tracteur agricole. Il permet de transmettre la puissance entre le moteur et la transmission de votre tracteur. Si ce m\u00e9canisme vient \u00e0 \u00eatre endommag\u00e9, le fonctionnement de votre tracteur en sera d\u00e9t\u00e9rior\u00e9.<\/p>\n<p>Chez Edel Shop, nous vous proposons une gamme compl\u00e8te de m\u00e9canismes d\u2019embrayage pour tracteur agricole compatibles avec des v\u00e9hicules IHC, FORD, Renault, Fiat, Manitou, Valtra ou encore Deutz\u2026<\/p>","protected":false},"excerpt":{"rendered":"<ul>\n<li><strong>EMBRAYAGE DOUBLE DO200\/200 &#8211; <\/strong><strong>10\/10<\/strong><strong>Z <\/strong><\/li>\n<li>TRACTEURS DEUTZ\u00a0 D30S D2505 D3005<\/li>\n<li><strong>REMPL. MECA AVEC RESSORTS COTE LEVIERS<\/strong><\/li>\n<\/ul>","protected":false},"featured_media":15482,"template":"","meta":[],"product_brand":[],"product_cat":[125,4054,119,120],"product_tag":[2497],"tracteur":[],"class_list":{"0":"post-15226","1":"product","2":"type-product","3":"status-publish","4":"has-post-thumbnail","6":"product_cat-mecanismes-embrayage","7":"product_cat-deutz","8":"product_cat-tracteurs-agricoles","9":"product_cat-transmissions","10":"product_tag-mecanisme-dembrayage","11":"product_shipping_class-142","12":"pa_diametre-disques-200-200","13":"pa_marque-tracteur-khd-deutz","14":"pa_nombre-cannelures-interne-10-10","15":"pa_references-pieces-1882-146-005","16":"pa_type-embrayage-double","17":"badges-style-2","19":"first","20":"instock","21":"taxable","22":"shipping-taxable","23":"purchasable","24":"product-type-simple"},"acf":[],"yoast_head":"<!-- This site is optimized with the Yoast SEO plugin v27.3 - https:\/\/yoast.com\/product\/yoast-seo-wordpress\/ -->\n<title>Embrayage double Deutz D 30 D 30S D 2505 D 3005 - Tracteur agricole - Edel<\/title>\n<meta name=\"robots\" content=\"index, follow, max-snippet:-1, max-image-preview:large, max-video-preview:-1\" \/>\n<link rel=\"canonical\" href=\"https:\/\/edel.fr\/en\/product\/embrayage-deutz-d-30-d-30s-d-2505-d-3005\/\" \/>\n<meta property=\"og:locale\" content=\"en_US\" \/>\n<meta property=\"og:type\" content=\"article\" \/>\n<meta property=\"og:title\" content=\"Embrayage double Deutz D 30 D 30S D 2505 D 3005 - Tracteur agricole - Edel\" \/>\n<meta property=\"og:description\" content=\"EMBRAYAGE DOUBLE DO200\/200 - 10\/10Z   TRACTEURS DEUTZ\u00a0 D30S D2505 D3005  REMPL. MECA AVEC RESSORTS COTE LEVIERS\" \/>\n<meta property=\"og:url\" content=\"https:\/\/edel.fr\/en\/product\/embrayage-deutz-d-30-d-30s-d-2505-d-3005\/\" \/>\n<meta property=\"og:site_name\" content=\"Edel\" \/>\n<meta property=\"article:modified_time\" content=\"2026-03-27T01:00:59+00:00\" \/>\n<meta property=\"og:image\" content=\"https:\/\/edel.fr\/uploads\/2023\/01\/EDEL-SHOP-0912004170-1.jpg\" \/>\n\t<meta property=\"og:image:width\" content=\"2126\" \/>\n\t<meta property=\"og:image:height\" content=\"2126\" \/>\n\t<meta property=\"og:image:type\" content=\"image\/jpeg\" \/>\n<meta name=\"twitter:card\" content=\"summary_large_image\" \/>\n<meta name=\"twitter:label1\" content=\"Est. reading time\" \/>\n\t<meta name=\"twitter:data1\" content=\"2 minutes\" \/>\n<script type=\"application\/ld+json\" class=\"yoast-schema-graph\">{\"@context\":\"https:\\\/\\\/schema.org\",\"@graph\":[{\"@type\":\"WebPage\",\"@id\":\"https:\\\/\\\/edel.fr\\\/en\\\/product\\\/embrayage-deutz-d-30-d-30s-d-2505-d-3005\\\/\",\"url\":\"https:\\\/\\\/edel.fr\\\/en\\\/product\\\/embrayage-deutz-d-30-d-30s-d-2505-d-3005\\\/\",\"name\":\"Embrayage double Deutz D 30 D 30S D 2505 D 3005 - Tracteur agricole - Edel\",\"isPartOf\":{\"@id\":\"http:\\\/\\\/www.edel.fr\\\/en\\\/#website\"},\"primaryImageOfPage\":{\"@id\":\"https:\\\/\\\/edel.fr\\\/en\\\/product\\\/embrayage-deutz-d-30-d-30s-d-2505-d-3005\\\/#primaryimage\"},\"image\":{\"@id\":\"https:\\\/\\\/edel.fr\\\/en\\\/product\\\/embrayage-deutz-d-30-d-30s-d-2505-d-3005\\\/#primaryimage\"},\"thumbnailUrl\":\"https:\\\/\\\/edel.fr\\\/uploads\\\/2023\\\/01\\\/EDEL-SHOP-0912004170-1.jpg\",\"datePublished\":\"2023-01-05T15:49:59+00:00\",\"dateModified\":\"2026-03-27T01:00:59+00:00\",\"breadcrumb\":{\"@id\":\"https:\\\/\\\/edel.fr\\\/en\\\/product\\\/embrayage-deutz-d-30-d-30s-d-2505-d-3005\\\/#breadcrumb\"},\"inLanguage\":\"en-US\",\"potentialAction\":[{\"@type\":\"ReadAction\",\"target\":[\"https:\\\/\\\/edel.fr\\\/en\\\/product\\\/embrayage-deutz-d-30-d-30s-d-2505-d-3005\\\/\"]}]},{\"@type\":\"ImageObject\",\"inLanguage\":\"en-US\",\"@id\":\"https:\\\/\\\/edel.fr\\\/en\\\/product\\\/embrayage-deutz-d-30-d-30s-d-2505-d-3005\\\/#primaryimage\",\"url\":\"https:\\\/\\\/edel.fr\\\/uploads\\\/2023\\\/01\\\/EDEL-SHOP-0912004170-1.jpg\",\"contentUrl\":\"https:\\\/\\\/edel.fr\\\/uploads\\\/2023\\\/01\\\/EDEL-SHOP-0912004170-1.jpg\",\"width\":2126,\"height\":2126,\"caption\":\"Embrayage Deutz D 30 D 30S D 2505 D 3005\"},{\"@type\":\"BreadcrumbList\",\"@id\":\"https:\\\/\\\/edel.fr\\\/en\\\/product\\\/embrayage-deutz-d-30-d-30s-d-2505-d-3005\\\/#breadcrumb\",\"itemListElement\":[{\"@type\":\"ListItem\",\"position\":1,\"name\":\"Pi\u00e8ce Tracteur\",\"item\":\"http:\\\/\\\/www.edel.fr\\\/en\\\/\"},{\"@type\":\"ListItem\",\"position\":2,\"name\":\"Toutes nos pi\u00e8ces Tracteur\",\"item\":\"https:\\\/\\\/edel.fr\\\/shop\\\/\"},{\"@type\":\"ListItem\",\"position\":3,\"name\":\"Embrayage double Deutz D 30 D 30S D 2505 D 3005 &#8211; Tracteur agricole\"}]},{\"@type\":\"WebSite\",\"@id\":\"http:\\\/\\\/www.edel.fr\\\/en\\\/#website\",\"url\":\"http:\\\/\\\/www.edel.fr\\\/en\\\/\",\"name\":\"Edel\",\"description\":\"Pi\u00e8ce d\u00e9tach\u00e9e de Tracteur Agricole\",\"publisher\":{\"@id\":\"http:\\\/\\\/www.edel.fr\\\/en\\\/#organization\"},\"potentialAction\":[{\"@type\":\"SearchAction\",\"target\":{\"@type\":\"EntryPoint\",\"urlTemplate\":\"http:\\\/\\\/www.edel.fr\\\/en\\\/?s={search_term_string}\"},\"query-input\":{\"@type\":\"PropertyValueSpecification\",\"valueRequired\":true,\"valueName\":\"search_term_string\"}}],\"inLanguage\":\"en-US\"},{\"@type\":\"Organization\",\"@id\":\"http:\\\/\\\/www.edel.fr\\\/en\\\/#organization\",\"name\":\"Edel\",\"url\":\"http:\\\/\\\/www.edel.fr\\\/en\\\/\",\"logo\":{\"@type\":\"ImageObject\",\"inLanguage\":\"en-US\",\"@id\":\"http:\\\/\\\/www.edel.fr\\\/en\\\/#\\\/schema\\\/logo\\\/image\\\/\",\"url\":\"https:\\\/\\\/www.edel.fr\\\/uploads\\\/2018\\\/11\\\/logo-edel.png\",\"contentUrl\":\"https:\\\/\\\/www.edel.fr\\\/uploads\\\/2018\\\/11\\\/logo-edel.png\",\"width\":257,\"height\":68,\"caption\":\"Edel\"},\"image\":{\"@id\":\"http:\\\/\\\/www.edel.fr\\\/en\\\/#\\\/schema\\\/logo\\\/image\\\/\"}}]}<\/script>\n<!-- \/ Yoast SEO plugin. -->","yoast_head_json":{"title":"Embrayage double Deutz D 30 D 30S D 2505 D 3005 - Tracteur agricole - Edel","robots":{"index":"index","follow":"follow","max-snippet":"max-snippet:-1","max-image-preview":"max-image-preview:large","max-video-preview":"max-video-preview:-1"},"canonical":"https:\/\/edel.fr\/en\/product\/embrayage-deutz-d-30-d-30s-d-2505-d-3005\/","og_locale":"en_US","og_type":"article","og_title":"Embrayage double Deutz D 30 D 30S D 2505 D 3005 - Tracteur agricole - Edel","og_description":"EMBRAYAGE DOUBLE DO200\/200 - 10\/10Z   TRACTEURS DEUTZ\u00a0 D30S D2505 D3005  REMPL. MECA AVEC RESSORTS COTE LEVIERS","og_url":"https:\/\/edel.fr\/en\/product\/embrayage-deutz-d-30-d-30s-d-2505-d-3005\/","og_site_name":"Edel","article_modified_time":"2026-03-27T01:00:59+00:00","og_image":[{"width":2126,"height":2126,"url":"https:\/\/edel.fr\/uploads\/2023\/01\/EDEL-SHOP-0912004170-1.jpg","type":"image\/jpeg"}],"twitter_card":"summary_large_image","twitter_misc":{"Est. reading time":"2 minutes"},"schema":{"@context":"https:\/\/schema.org","@graph":[{"@type":"WebPage","@id":"https:\/\/edel.fr\/en\/product\/embrayage-deutz-d-30-d-30s-d-2505-d-3005\/","url":"https:\/\/edel.fr\/en\/product\/embrayage-deutz-d-30-d-30s-d-2505-d-3005\/","name":"Embrayage double Deutz D 30 D 30S D 2505 D 3005 - Tracteur agricole - Edel","isPartOf":{"@id":"http:\/\/www.edel.fr\/en\/#website"},"primaryImageOfPage":{"@id":"https:\/\/edel.fr\/en\/product\/embrayage-deutz-d-30-d-30s-d-2505-d-3005\/#primaryimage"},"image":{"@id":"https:\/\/edel.fr\/en\/product\/embrayage-deutz-d-30-d-30s-d-2505-d-3005\/#primaryimage"},"thumbnailUrl":"https:\/\/edel.fr\/uploads\/2023\/01\/EDEL-SHOP-0912004170-1.jpg","datePublished":"2023-01-05T15:49:59+00:00","dateModified":"2026-03-27T01:00:59+00:00","breadcrumb":{"@id":"https:\/\/edel.fr\/en\/product\/embrayage-deutz-d-30-d-30s-d-2505-d-3005\/#breadcrumb"},"inLanguage":"en-US","potentialAction":[{"@type":"ReadAction","target":["https:\/\/edel.fr\/en\/product\/embrayage-deutz-d-30-d-30s-d-2505-d-3005\/"]}]},{"@type":"ImageObject","inLanguage":"en-US","@id":"https:\/\/edel.fr\/en\/product\/embrayage-deutz-d-30-d-30s-d-2505-d-3005\/#primaryimage","url":"https:\/\/edel.fr\/uploads\/2023\/01\/EDEL-SHOP-0912004170-1.jpg","contentUrl":"https:\/\/edel.fr\/uploads\/2023\/01\/EDEL-SHOP-0912004170-1.jpg","width":2126,"height":2126,"caption":"Embrayage Deutz D 30 D 30S D 2505 D 3005"},{"@type":"BreadcrumbList","@id":"https:\/\/edel.fr\/en\/product\/embrayage-deutz-d-30-d-30s-d-2505-d-3005\/#breadcrumb","itemListElement":[{"@type":"ListItem","position":1,"name":"Pi\u00e8ce Tracteur","item":"http:\/\/www.edel.fr\/en\/"},{"@type":"ListItem","position":2,"name":"Toutes nos pi\u00e8ces Tracteur","item":"https:\/\/edel.fr\/shop\/"},{"@type":"ListItem","position":3,"name":"Embrayage double Deutz D 30 D 30S D 2505 D 3005 &#8211; Tracteur agricole"}]},{"@type":"WebSite","@id":"http:\/\/www.edel.fr\/en\/#website","url":"http:\/\/www.edel.fr\/en\/","name":"Edel","description":"Pi\u00e8ce d\u00e9tach\u00e9e de Tracteur Agricole","publisher":{"@id":"http:\/\/www.edel.fr\/en\/#organization"},"potentialAction":[{"@type":"SearchAction","target":{"@type":"EntryPoint","urlTemplate":"http:\/\/www.edel.fr\/en\/?s={search_term_string}"},"query-input":{"@type":"PropertyValueSpecification","valueRequired":true,"valueName":"search_term_string"}}],"inLanguage":"en-US"},{"@type":"Organization","@id":"http:\/\/www.edel.fr\/en\/#organization","name":"Edel","url":"http:\/\/www.edel.fr\/en\/","logo":{"@type":"ImageObject","inLanguage":"en-US","@id":"http:\/\/www.edel.fr\/en\/#\/schema\/logo\/image\/","url":"https:\/\/www.edel.fr\/uploads\/2018\/11\/logo-edel.png","contentUrl":"https:\/\/www.edel.fr\/uploads\/2018\/11\/logo-edel.png","width":257,"height":68,"caption":"Edel"},"image":{"@id":"http:\/\/www.edel.fr\/en\/#\/schema\/logo\/image\/"}}]}},"_links":{"self":[{"href":"https:\/\/edel.fr\/en\/wp-json\/wp\/v2\/product\/15226","targetHints":{"allow":["GET"]}}],"collection":[{"href":"https:\/\/edel.fr\/en\/wp-json\/wp\/v2\/product"}],"about":[{"href":"https:\/\/edel.fr\/en\/wp-json\/wp\/v2\/types\/product"}],"version-history":[{"count":2,"href":"https:\/\/edel.fr\/en\/wp-json\/wp\/v2\/product\/15226\/revisions"}],"predecessor-version":[{"id":18967,"href":"https:\/\/edel.fr\/en\/wp-json\/wp\/v2\/product\/15226\/revisions\/18967"}],"wp:featuredmedia":[{"embeddable":true,"href":"https:\/\/edel.fr\/en\/wp-json\/wp\/v2\/media\/15482"}],"wp:attachment":[{"href":"https:\/\/edel.fr\/en\/wp-json\/wp\/v2\/media?parent=15226"}],"wp:term":[{"taxonomy":"product_brand","embeddable":true,"href":"https:\/\/edel.fr\/en\/wp-json\/wp\/v2\/product_brand?post=15226"},{"taxonomy":"product_cat","embeddable":true,"href":"https:\/\/edel.fr\/en\/wp-json\/wp\/v2\/product_cat?post=15226"},{"taxonomy":"product_tag","embeddable":true,"href":"https:\/\/edel.fr\/en\/wp-json\/wp\/v2\/product_tag?post=15226"},{"taxonomy":"tracteur","embeddable":true,"href":"https:\/\/edel.fr\/en\/wp-json\/wp\/v2\/tracteur?post=15226"}],"curies":[{"name":"wp","href":"https:\/\/api.w.org\/{rel}","templated":true}]}}