{"id":15234,"date":"2023-01-05T16:50:01","date_gmt":"2023-01-05T15:50:01","guid":{"rendered":"https:\/\/www.edel.fr\/embrayage-valtra-65-75-80-82-85-92\/"},"modified":"2025-11-05T21:06:14","modified_gmt":"2025-11-05T20:06:14","slug":"embrayage-valtra-65-75-80-82-85-92","status":"publish","type":"product","link":"https:\/\/edel.fr\/en\/product\/embrayage-valtra-65-75-80-82-85-92\/","title":{"rendered":"Embrayage Valtra 65 75 80 82 85 92"},"content":{"rendered":"\t\t<div data-elementor-type=\"wp-post\" data-elementor-id=\"15234\" class=\"elementor elementor-15234\">\n\t\t\t\t\t\t<section class=\"elementor-section elementor-top-section elementor-element elementor-element-30c2936e elementor-section-boxed elementor-section-height-default elementor-section-height-default\" data-id=\"30c2936e\" data-element_type=\"section\" data-e-type=\"section\">\n\t\t\t\t\t\t<div class=\"elementor-container elementor-column-gap-default\">\n\t\t\t\t\t<div class=\"elementor-column elementor-col-100 elementor-top-column elementor-element elementor-element-71ee1654\" data-id=\"71ee1654\" data-element_type=\"column\" data-e-type=\"column\">\n\t\t\t<div class=\"elementor-widget-wrap elementor-element-populated\">\n\t\t\t\t\t\t<div class=\"elementor-element elementor-element-69001505 elementor-widget elementor-widget-text-editor\" data-id=\"69001505\" data-element_type=\"widget\" data-e-type=\"widget\" data-widget_type=\"text-editor.default\">\n\t\t\t\t<div class=\"elementor-widget-container\">\n\t\t\t\t\t\t\t\t\t<p><span style=\"color: #0087d0;font-size: 16pt;text-align: justify\">MECANISME EMBRAYAGE VALTRA<\/span><span style=\"font-size: 16pt;text-align: justify\">&nbsp;<\/span><\/p>\n<p style=\"margin-bottom: 0cm;text-align: justify;line-height: normal\"><span style=\"font-size: 16pt;color: #0087d0\">M\u00c9CANISME DOUBLE AVEC&nbsp;<\/span><span style=\"font-size: 16pt\">DISQUE D&rsquo;AVANCEMENT CERAMETALLIQUE<\/span><\/p>\n<p style=\"margin-bottom: 0cm;text-align: justify;line-height: normal\"><span style=\"font-size: 16pt;color: #0087d0\">&nbsp;<\/span><\/p>\n<p style=\"margin-bottom: 0cm;text-align: justify;line-height: normal\"><span style=\"font-size: 16pt;color: #0087d0\">\u00d8 280 mm \u2013 22 CANNELURES<\/span><\/p>\n<p style=\"margin-bottom: 0cm;line-height: normal\"><span style=\"font-size: 15pt;color: black\">&nbsp;<\/span><\/p>\n<p style=\"margin-bottom: 18pt;text-align: justify;line-height: normal;background-image: initial;background-position: initial;background-size: initial;background-attachment: initial\"><span style=\"font-size: 11.5pt\">M\u00e9canisme pour tracteurs de la marque Valtra \/ Valmet<\/span><\/p>\n<p style=\"margin-bottom: 18pt;text-align: justify;line-height: normal;background-image: initial;background-position: initial;background-size: initial;background-attachment: initial\"><span style=\"font-size: 11.5pt\">Pour tracteurs Marques Valtra \/ Valmet Serie A <\/span>65, A75, A80, A82, A85, A92, A95, 305, 355, 365, 405, 455, 465, 555, 565, 600, 665, 685, 700, 765, 800, 865, 900, 4100, 4300, 4400, 4435, 4445, 4455, 4500, 4600<\/p>\n<p style=\"margin-bottom: 18pt;text-align: justify;line-height: normal;background-image: initial;background-position: initial;background-size: initial;background-attachment: initial\"><span style=\"text-indent: -24px\">Ce m\u00e9canisme existe \u00e9galement avec un disque d&rsquo;avancement organique :&nbsp;<\/span><a href=\"https:\/\/www.edel.fr\/embrayage-valtra-65-75-80-82-85-92-2\/\" target=\"_blank\" style=\"text-indent: -24px\">1812829217<\/a><br><\/p>\n<p style=\"text-align: justify;line-height: normal;background-image: initial;background-position: initial;background-size: initial;background-attachment: initial\"><span style=\"font-size: 11.5pt\">Pour un kit d\u2019embrayage complet, montage avec<\/span><span style=\"font-size: 11.5pt;font-family: Cambria, serif\">&nbsp;<\/span><span style=\"font-size: 11.5pt\">: <\/span><\/p>\n<p style=\"margin-bottom: 18pt;text-align: justify;text-indent: -18pt;line-height: normal;background-image: initial;background-position: initial;background-size: initial;background-attachment: initial\"><span style=\"font-size: 11.5pt\"><span style=\"font-size: 7pt;line-height: normal;font-family: 'Times New Roman'\">&nbsp; &nbsp; &nbsp; &nbsp;&nbsp;<br><\/span><\/span><span style=\"font-size: 11.5pt\">&#8211; le disque de prise de force 1822845910<\/span><b><span style=\"font-size: 11.5pt\">&nbsp;organique 280 mm 22 cannelures<\/span><\/b><b style=\"text-indent: -18pt\"><span style=\"font-size: 11.5pt\">&nbsp;<\/span><\/b><\/p>\n<p style=\"margin-bottom: 18pt;text-align: justify;text-indent: -18pt;line-height: normal;background-image: initial;background-position: initial;background-size: initial;background-attachment: initial\"><span style=\"font-size: 11.5pt\">&nbsp; &nbsp; &nbsp; &#8211; la but\u00e9e<\/span><span style=\"font-size: 11.5pt;font-family: Cambria, serif\">&nbsp;<\/span><a href=\"https:\/\/www.edel.fr\/butee-dembrayage-70x132x93-tracteur-agricole\/\" target=\"_blank\" rel=\"noopener\">20311680&nbsp;<\/a>&#8211; <span style=\"font-size: 11.5pt\">70x132x93 (\u00e0 contr\u00f4ler)<\/span><span style=\"font-size: 7pt;text-indent: -18pt\">&nbsp; &nbsp; &nbsp; &nbsp;&nbsp;<\/span><\/p>\n<p style=\"margin-bottom: 18pt;text-align: justify;text-indent: -18pt;line-height: normal;background-image: initial;background-position: initial;background-size: initial;background-attachment: initial\"><!--[endif]--><span style=\"font-size: 11.5pt\">&nbsp; &nbsp; &nbsp; &#8211; la but\u00e9e&nbsp;<\/span><a href=\"https:\/\/www.edel.fr\/butee-dembrayage-55x92x50-tracteur-agricole\/\" target=\"_blank\" rel=\"noopener\">20311780<\/a><span style=\"font-size: 11.5pt;color: black\">&nbsp;&#8211; 55x92x50 (\u00e0 contr\u00f4ler)<\/span><span style=\"font-size: 7pt;text-indent: -18pt\">&nbsp;<\/span><\/p>\n<p style=\"margin-bottom: 18pt;text-align: justify;text-indent: -18pt;line-height: normal;background-image: initial;background-position: initial;background-size: initial;background-attachment: initial\"><!--[endif]--><span style=\"font-size: 11.5pt\">&nbsp; &nbsp; &nbsp; &#8211; le roulement pilote&nbsp;<\/span><a style=\"background-color: #ffffff\" href=\"https:\/\/www.edel.fr\/roulement-pilote-fag-6304-2rs-20-x-52-x-15-tracteur-agricole\/\" target=\"_blank\" rel=\"noopener\">RP 17<\/a>&nbsp;&#8211; 20x52x15<\/p>\n<p style=\"margin-bottom: 18pt;text-align: justify;text-indent: -18pt;line-height: normal;background-image: initial;background-position: initial;background-size: initial;background-attachment: initial\">&nbsp; &nbsp; &nbsp; &nbsp;<span style=\"text-indent: -18pt\">Vous trouverez \u00e9galement le joint spi arri\u00e8re Sisu&nbsp; &#8211;&nbsp;<\/span><a href=\"https:\/\/www.edel.fr\/joint-spi-arriere-sisu-110-x-140-x-12-qualite-origine\/\" target=\"_blank\" rel=\"noopener\" style=\"text-indent: -18pt\">01M380002767<\/a><span style=\"text-indent: -18pt\">&nbsp;&#8211; 110 x 140 x 12<\/span><\/p>\n<p style=\"margin-bottom: 18pt;text-align: justify;text-indent: -18pt;line-height: normal;background-image: initial;background-position: initial;background-size: initial;background-attachment: initial\">&nbsp; &nbsp; &nbsp; &nbsp;<span style=\"text-indent: -18pt\">Autres montages de disques, but\u00e9es ou roulement pilote disponible sur demande.<\/span><span style=\"text-indent: -18pt\"><br><\/span><\/p>\n<p style=\"margin-bottom: 18.0pt;text-align: justify;text-indent: -18.0pt;background-image: initial;background-position: initial;background-size: initial;background-attachment: initial\">&nbsp; &nbsp; &nbsp; &nbsp;Nous contacter<\/p><p style=\"margin-bottom: 18.0pt;text-align: justify;text-indent: -18.0pt;background-image: initial;background-position: initial;background-size: initial;background-attachment: initial\"><br><\/p>\n<p style=\"margin-bottom: 18pt;text-align: justify;text-indent: -18pt;line-height: normal;background-image: initial;background-position: initial;background-size: initial;background-attachment: initial\">&nbsp; &nbsp; &nbsp; Votre&nbsp;m\u00e9canisme d\u2019embrayage&nbsp;est compos\u00e9 d\u2019un carter m\u00e9tallique circulaire comprenant des leviers ou un diaphragme, de ressorts ou d\u2019une rondelle belleville. Il peut \u00eatre de forme circulaire, triangulaire ou encore conique selon le mod\u00e8le. Il a pour r\u00f4le de comprimer ou lib\u00e9rer le&nbsp;disque d\u2019embrayage&nbsp;sur le&nbsp;volant moteur, afin de transmettre le mouvement du moteur \u00e0 la bo\u00eete de vitesses.&nbsp;<\/p>\n<p>Pour&nbsp;choisir le m\u00e9canisme qui s\u2019adapte parfaitement \u00e0 votre tracteur.&nbsp;Il faut se fier au mod\u00e8le et \u00e0 la marque de votre engin. Mais aussi au diam\u00e8tre et au nombre de cannelures de votre m\u00e9canisme. Le m\u00e9canisme d\u2019embrayage fait partie des pi\u00e8ces indispensables au bon fonctionnement de votre tracteur agricole. Il permet de transmettre la puissance entre le moteur et la transmission de votre tracteur. Si ce m\u00e9canisme vient \u00e0 \u00eatre endommag\u00e9, le fonctionnement de votre tracteur en sera d\u00e9t\u00e9rior\u00e9.&nbsp;<\/p>\n<p>Chez Edel Shop, nous vous proposons une gamme compl\u00e8te de m\u00e9canismes d\u2019embrayage pour tracteur agricole compatibles avec des v\u00e9hicules IHC, FORD, Renault, Fiat, Manitou, Valtra ou encore Deutz\u2026<\/p>\t\t\t\t\t\t\t\t<\/div>\n\t\t\t\t<\/div>\n\t\t\t\t\t<\/div>\n\t\t<\/div>\n\t\t\t\t\t<\/div>\n\t\t<\/section>\n\t\t\t\t<\/div>\n\t\t","protected":false},"excerpt":{"rendered":"<h5><strong>EMBRAYAGE DOUBLE \u00d8 280<\/strong><\/h5>\n<h5><strong>22 CANNELURES<\/strong><\/h5>","protected":false},"featured_media":15458,"template":"","meta":[],"product_brand":[],"product_cat":[125,4063,119,120],"product_tag":[2497],"tracteur":[],"class_list":{"0":"post-15234","1":"product","2":"type-product","3":"status-publish","4":"has-post-thumbnail","6":"product_cat-mecanismes-embrayage","7":"product_cat-valmet-valtra","8":"product_cat-tracteurs-agricoles","9":"product_cat-transmissions","10":"product_tag-mecanisme-dembrayage","11":"product_shipping_class-142","12":"badges-style-2","14":"first","15":"outofstock","16":"taxable","17":"shipping-taxable","18":"purchasable","19":"product-type-simple"},"acf":[],"yoast_head":"<!-- This site is optimized with the Yoast SEO plugin v27.3 - https:\/\/yoast.com\/product\/yoast-seo-wordpress\/ -->\n<title>Embrayage Valtra 65 75 80 82 85 92 - Edel<\/title>\n<meta name=\"robots\" content=\"index, follow, max-snippet:-1, max-image-preview:large, max-video-preview:-1\" \/>\n<link rel=\"canonical\" href=\"https:\/\/edel.fr\/en\/product\/embrayage-valtra-65-75-80-82-85-92\/\" \/>\n<meta property=\"og:locale\" content=\"en_US\" \/>\n<meta property=\"og:type\" content=\"article\" \/>\n<meta property=\"og:title\" content=\"Embrayage Valtra 65 75 80 82 85 92 - Edel\" \/>\n<meta property=\"og:description\" content=\"EMBRAYAGE DOUBLE \u00d8 280 22 CANNELURES\" \/>\n<meta property=\"og:url\" content=\"https:\/\/edel.fr\/en\/product\/embrayage-valtra-65-75-80-82-85-92\/\" \/>\n<meta property=\"og:site_name\" content=\"Edel\" \/>\n<meta property=\"article:modified_time\" content=\"2025-11-05T20:06:14+00:00\" \/>\n<meta property=\"og:image\" content=\"https:\/\/edel.fr\/uploads\/2023\/01\/EDEL-SHOP-1812829218-1.jpg\" \/>\n\t<meta property=\"og:image:width\" content=\"2126\" \/>\n\t<meta property=\"og:image:height\" content=\"2126\" \/>\n\t<meta property=\"og:image:type\" content=\"image\/jpeg\" \/>\n<meta name=\"twitter:card\" content=\"summary_large_image\" \/>\n<meta name=\"twitter:label1\" content=\"Est. reading time\" \/>\n\t<meta name=\"twitter:data1\" content=\"2 minutes\" \/>\n<script type=\"application\/ld+json\" class=\"yoast-schema-graph\">{\"@context\":\"https:\\\/\\\/schema.org\",\"@graph\":[{\"@type\":\"WebPage\",\"@id\":\"https:\\\/\\\/edel.fr\\\/produit\\\/embrayage-valtra-65-75-80-82-85-92\\\/\",\"url\":\"https:\\\/\\\/edel.fr\\\/produit\\\/embrayage-valtra-65-75-80-82-85-92\\\/\",\"name\":\"Embrayage Valtra 65 75 80 82 85 92 - Edel\",\"isPartOf\":{\"@id\":\"https:\\\/\\\/www.edel.fr\\\/en\\\/#website\"},\"primaryImageOfPage\":{\"@id\":\"https:\\\/\\\/edel.fr\\\/produit\\\/embrayage-valtra-65-75-80-82-85-92\\\/#primaryimage\"},\"image\":{\"@id\":\"https:\\\/\\\/edel.fr\\\/produit\\\/embrayage-valtra-65-75-80-82-85-92\\\/#primaryimage\"},\"thumbnailUrl\":\"https:\\\/\\\/edel.fr\\\/uploads\\\/2023\\\/01\\\/EDEL-SHOP-1812829218-1.jpg\",\"datePublished\":\"2023-01-05T15:50:01+00:00\",\"dateModified\":\"2025-11-05T20:06:14+00:00\",\"breadcrumb\":{\"@id\":\"https:\\\/\\\/edel.fr\\\/produit\\\/embrayage-valtra-65-75-80-82-85-92\\\/#breadcrumb\"},\"inLanguage\":\"en-US\",\"potentialAction\":[{\"@type\":\"ReadAction\",\"target\":[\"https:\\\/\\\/edel.fr\\\/produit\\\/embrayage-valtra-65-75-80-82-85-92\\\/\"]}]},{\"@type\":\"ImageObject\",\"inLanguage\":\"en-US\",\"@id\":\"https:\\\/\\\/edel.fr\\\/produit\\\/embrayage-valtra-65-75-80-82-85-92\\\/#primaryimage\",\"url\":\"https:\\\/\\\/edel.fr\\\/uploads\\\/2023\\\/01\\\/EDEL-SHOP-1812829218-1.jpg\",\"contentUrl\":\"https:\\\/\\\/edel.fr\\\/uploads\\\/2023\\\/01\\\/EDEL-SHOP-1812829218-1.jpg\",\"width\":2126,\"height\":2126,\"caption\":\"Embrayage Valtra 65 75 80 82 85 92\"},{\"@type\":\"BreadcrumbList\",\"@id\":\"https:\\\/\\\/edel.fr\\\/produit\\\/embrayage-valtra-65-75-80-82-85-92\\\/#breadcrumb\",\"itemListElement\":[{\"@type\":\"ListItem\",\"position\":1,\"name\":\"Pi\u00e8ce Tracteur\",\"item\":\"https:\\\/\\\/www.edel.fr\\\/en\\\/\"},{\"@type\":\"ListItem\",\"position\":2,\"name\":\"Toutes nos pi\u00e8ces Tracteur\",\"item\":\"https:\\\/\\\/edel.fr\\\/shop\\\/\"},{\"@type\":\"ListItem\",\"position\":3,\"name\":\"Embrayage Valtra 65 75 80 82 85 92\"}]},{\"@type\":\"WebSite\",\"@id\":\"https:\\\/\\\/www.edel.fr\\\/en\\\/#website\",\"url\":\"https:\\\/\\\/www.edel.fr\\\/en\\\/\",\"name\":\"Edel\",\"description\":\"Pi\u00e8ce d\u00e9tach\u00e9e de Tracteur Agricole\",\"publisher\":{\"@id\":\"https:\\\/\\\/www.edel.fr\\\/en\\\/#organization\"},\"potentialAction\":[{\"@type\":\"SearchAction\",\"target\":{\"@type\":\"EntryPoint\",\"urlTemplate\":\"https:\\\/\\\/www.edel.fr\\\/en\\\/?s={search_term_string}\"},\"query-input\":{\"@type\":\"PropertyValueSpecification\",\"valueRequired\":true,\"valueName\":\"search_term_string\"}}],\"inLanguage\":\"en-US\"},{\"@type\":\"Organization\",\"@id\":\"https:\\\/\\\/www.edel.fr\\\/en\\\/#organization\",\"name\":\"Edel\",\"url\":\"https:\\\/\\\/www.edel.fr\\\/en\\\/\",\"logo\":{\"@type\":\"ImageObject\",\"inLanguage\":\"en-US\",\"@id\":\"https:\\\/\\\/www.edel.fr\\\/en\\\/#\\\/schema\\\/logo\\\/image\\\/\",\"url\":\"https:\\\/\\\/www.edel.fr\\\/uploads\\\/2018\\\/11\\\/logo-edel.png\",\"contentUrl\":\"https:\\\/\\\/www.edel.fr\\\/uploads\\\/2018\\\/11\\\/logo-edel.png\",\"width\":257,\"height\":68,\"caption\":\"Edel\"},\"image\":{\"@id\":\"https:\\\/\\\/www.edel.fr\\\/en\\\/#\\\/schema\\\/logo\\\/image\\\/\"}}]}<\/script>\n<!-- \/ Yoast SEO plugin. -->","yoast_head_json":{"title":"Embrayage Valtra 65 75 80 82 85 92 - Edel","robots":{"index":"index","follow":"follow","max-snippet":"max-snippet:-1","max-image-preview":"max-image-preview:large","max-video-preview":"max-video-preview:-1"},"canonical":"https:\/\/edel.fr\/en\/product\/embrayage-valtra-65-75-80-82-85-92\/","og_locale":"en_US","og_type":"article","og_title":"Embrayage Valtra 65 75 80 82 85 92 - Edel","og_description":"EMBRAYAGE DOUBLE \u00d8 280 22 CANNELURES","og_url":"https:\/\/edel.fr\/en\/product\/embrayage-valtra-65-75-80-82-85-92\/","og_site_name":"Edel","article_modified_time":"2025-11-05T20:06:14+00:00","og_image":[{"width":2126,"height":2126,"url":"https:\/\/edel.fr\/uploads\/2023\/01\/EDEL-SHOP-1812829218-1.jpg","type":"image\/jpeg"}],"twitter_card":"summary_large_image","twitter_misc":{"Est. reading time":"2 minutes"},"schema":{"@context":"https:\/\/schema.org","@graph":[{"@type":"WebPage","@id":"https:\/\/edel.fr\/produit\/embrayage-valtra-65-75-80-82-85-92\/","url":"https:\/\/edel.fr\/produit\/embrayage-valtra-65-75-80-82-85-92\/","name":"Embrayage Valtra 65 75 80 82 85 92 - Edel","isPartOf":{"@id":"https:\/\/www.edel.fr\/en\/#website"},"primaryImageOfPage":{"@id":"https:\/\/edel.fr\/produit\/embrayage-valtra-65-75-80-82-85-92\/#primaryimage"},"image":{"@id":"https:\/\/edel.fr\/produit\/embrayage-valtra-65-75-80-82-85-92\/#primaryimage"},"thumbnailUrl":"https:\/\/edel.fr\/uploads\/2023\/01\/EDEL-SHOP-1812829218-1.jpg","datePublished":"2023-01-05T15:50:01+00:00","dateModified":"2025-11-05T20:06:14+00:00","breadcrumb":{"@id":"https:\/\/edel.fr\/produit\/embrayage-valtra-65-75-80-82-85-92\/#breadcrumb"},"inLanguage":"en-US","potentialAction":[{"@type":"ReadAction","target":["https:\/\/edel.fr\/produit\/embrayage-valtra-65-75-80-82-85-92\/"]}]},{"@type":"ImageObject","inLanguage":"en-US","@id":"https:\/\/edel.fr\/produit\/embrayage-valtra-65-75-80-82-85-92\/#primaryimage","url":"https:\/\/edel.fr\/uploads\/2023\/01\/EDEL-SHOP-1812829218-1.jpg","contentUrl":"https:\/\/edel.fr\/uploads\/2023\/01\/EDEL-SHOP-1812829218-1.jpg","width":2126,"height":2126,"caption":"Embrayage Valtra 65 75 80 82 85 92"},{"@type":"BreadcrumbList","@id":"https:\/\/edel.fr\/produit\/embrayage-valtra-65-75-80-82-85-92\/#breadcrumb","itemListElement":[{"@type":"ListItem","position":1,"name":"Pi\u00e8ce Tracteur","item":"https:\/\/www.edel.fr\/en\/"},{"@type":"ListItem","position":2,"name":"Toutes nos pi\u00e8ces Tracteur","item":"https:\/\/edel.fr\/shop\/"},{"@type":"ListItem","position":3,"name":"Embrayage Valtra 65 75 80 82 85 92"}]},{"@type":"WebSite","@id":"https:\/\/www.edel.fr\/en\/#website","url":"https:\/\/www.edel.fr\/en\/","name":"Edel","description":"Pi\u00e8ce d\u00e9tach\u00e9e de Tracteur Agricole","publisher":{"@id":"https:\/\/www.edel.fr\/en\/#organization"},"potentialAction":[{"@type":"SearchAction","target":{"@type":"EntryPoint","urlTemplate":"https:\/\/www.edel.fr\/en\/?s={search_term_string}"},"query-input":{"@type":"PropertyValueSpecification","valueRequired":true,"valueName":"search_term_string"}}],"inLanguage":"en-US"},{"@type":"Organization","@id":"https:\/\/www.edel.fr\/en\/#organization","name":"Edel","url":"https:\/\/www.edel.fr\/en\/","logo":{"@type":"ImageObject","inLanguage":"en-US","@id":"https:\/\/www.edel.fr\/en\/#\/schema\/logo\/image\/","url":"https:\/\/www.edel.fr\/uploads\/2018\/11\/logo-edel.png","contentUrl":"https:\/\/www.edel.fr\/uploads\/2018\/11\/logo-edel.png","width":257,"height":68,"caption":"Edel"},"image":{"@id":"https:\/\/www.edel.fr\/en\/#\/schema\/logo\/image\/"}}]}},"_links":{"self":[{"href":"https:\/\/edel.fr\/en\/wp-json\/wp\/v2\/product\/15234","targetHints":{"allow":["GET"]}}],"collection":[{"href":"https:\/\/edel.fr\/en\/wp-json\/wp\/v2\/product"}],"about":[{"href":"https:\/\/edel.fr\/en\/wp-json\/wp\/v2\/types\/product"}],"version-history":[{"count":3,"href":"https:\/\/edel.fr\/en\/wp-json\/wp\/v2\/product\/15234\/revisions"}],"predecessor-version":[{"id":16867,"href":"https:\/\/edel.fr\/en\/wp-json\/wp\/v2\/product\/15234\/revisions\/16867"}],"wp:featuredmedia":[{"embeddable":true,"href":"https:\/\/edel.fr\/en\/wp-json\/wp\/v2\/media\/15458"}],"wp:attachment":[{"href":"https:\/\/edel.fr\/en\/wp-json\/wp\/v2\/media?parent=15234"}],"wp:term":[{"taxonomy":"product_brand","embeddable":true,"href":"https:\/\/edel.fr\/en\/wp-json\/wp\/v2\/product_brand?post=15234"},{"taxonomy":"product_cat","embeddable":true,"href":"https:\/\/edel.fr\/en\/wp-json\/wp\/v2\/product_cat?post=15234"},{"taxonomy":"product_tag","embeddable":true,"href":"https:\/\/edel.fr\/en\/wp-json\/wp\/v2\/product_tag?post=15234"},{"taxonomy":"tracteur","embeddable":true,"href":"https:\/\/edel.fr\/en\/wp-json\/wp\/v2\/tracteur?post=15234"}],"curies":[{"name":"wp","href":"https:\/\/api.w.org\/{rel}","templated":true}]}}