{"id":15236,"date":"2023-01-05T16:50:01","date_gmt":"2023-01-05T15:50:01","guid":{"rendered":"https:\/\/www.edel.fr\/embrayage-valtra-8050-8150-8200-8350\/"},"modified":"2025-11-05T21:05:54","modified_gmt":"2025-11-05T20:05:54","slug":"embrayage-valtra-8050-8150-8200-8350","status":"publish","type":"product","link":"https:\/\/edel.fr\/en\/product\/embrayage-valtra-8050-8150-8200-8350\/","title":{"rendered":"Embrayage Valtra 8050 8150 8200 8350"},"content":{"rendered":"<div data-elementor-type=\"wp-post\" data-elementor-id=\"15236\" class=\"elementor elementor-15236\">\n\t\t\t\t\t\t<section class=\"elementor-section elementor-top-section elementor-element elementor-element-271008b4 elementor-section-boxed elementor-section-height-default elementor-section-height-default\" data-id=\"271008b4\" data-element_type=\"section\" data-e-type=\"section\">\n\t\t\t\t\t\t<div class=\"elementor-container elementor-column-gap-default\">\n\t\t\t\t\t<div class=\"elementor-column elementor-col-100 elementor-top-column elementor-element elementor-element-3fcc4738\" data-id=\"3fcc4738\" data-element_type=\"column\" data-e-type=\"column\">\n\t\t\t<div class=\"elementor-widget-wrap elementor-element-populated\">\n\t\t\t\t\t\t<div class=\"elementor-element elementor-element-34e14065 elementor-widget elementor-widget-text-editor\" data-id=\"34e14065\" data-element_type=\"widget\" data-e-type=\"widget\" data-widget_type=\"text-editor.default\">\n\t\t\t\t<div class=\"elementor-widget-container\">\n\t\t\t\t\t\t\t\t\t<p style=\"margin-bottom: 0cm;text-align: justify\"><span style=\"font-size: 16.0pt;color: #0087d0\">M\u00c9CANISME EMBRAYAGE VALTRA<\/span><\/p>\n<p style=\"margin-bottom: 0cm;text-align: justify\"><span style=\"font-size: 16.0pt;color: #0087d0\"><br><\/span><\/p>\n<p style=\"margin-bottom: 0cm;text-align: justify\"><span style=\"font-size: 16.0pt;color: #0087d0\">MECANISME SIMPLE A DIAPHRAGME&nbsp;&nbsp;<\/span><span style=\"font-size: 16pt\">\u00d8 350<\/span><\/p>\n<p style=\"margin-bottom: 0cm\"><span style=\"font-size: 15.0pt;color: black\">&nbsp;<\/span><\/p>\n<p style=\"margin-bottom: 18.0pt;text-align: justify;background-image: initial;background-position: initial;background-size: initial;background-attachment: initial\"><span style=\"font-size: 11.5pt\">M\u00e9canisme pour tracteurs de la marque Valtra \/ Valmet<\/span><\/p>\n<p style=\"margin-bottom: 18.0pt;text-align: justify;background-image: initial;background-position: initial;background-size: initial;background-attachment: initial\"><span style=\"font-size: 11.5pt\">Pour tracteurs Marques Valtra \/ Valmet&nbsp;<\/span><span style=\"font-size: 15.3333px\">8050, 8150, 8200, 8350, 8400, 8450, 8540, 8550, 8750, TC 130, TC 160<\/span><\/p>\n<p style=\"text-align: justify;background-image: initial;background-position: initial;background-size: initial;background-attachment: initial\"><span style=\"font-size: 11.5pt\">Pour un kit d\u2019embrayage complet, montage avec<\/span><span style=\"font-size: 11.5pt;font-family: 'Cambria',serif\">&nbsp;<\/span><span style=\"font-size: 11.5pt\">:<\/span><span style=\"font-size: 7pt;text-indent: -18pt\">&nbsp; &nbsp; &nbsp; &nbsp;&nbsp;<\/span><\/p>\n<p style=\"margin-bottom: 18.0pt;text-align: justify;text-indent: -18.0pt;background-image: initial;background-position: initial;background-size: initial;background-attachment: initial\"><span style=\"font-size: 11.5pt\">&nbsp; &nbsp; &nbsp; &#8211; le disque d&rsquo;avancement 1823547910&nbsp;<b>organique 350mm 22 cannelures<\/b><\/span><\/p>\n<p style=\"margin-bottom: 18.0pt;text-align: justify;text-indent: -18.0pt;background-image: initial;background-position: initial;background-size: initial;background-attachment: initial\"><b><span style=\"font-size: 11.5pt\">&nbsp; &nbsp; &nbsp; &nbsp; &nbsp; &nbsp; &nbsp; &nbsp; &nbsp; &nbsp; &nbsp; &nbsp; &nbsp; &nbsp; &nbsp; &nbsp; &nbsp; &nbsp; &nbsp; &nbsp; &nbsp; &nbsp; &nbsp; &nbsp; &nbsp; &nbsp; &nbsp; &nbsp; &nbsp; &nbsp; &nbsp; &nbsp; &nbsp; &nbsp; &nbsp; &nbsp; &nbsp; &nbsp; &nbsp; &nbsp; &nbsp; ou<\/span><\/b><\/p>\n<p style=\"margin-bottom: 18.0pt;text-align: justify;text-indent: -18.0pt;background-image: initial;background-position: initial;background-size: initial;background-attachment: initial\"><span style=\"font-size: 11.5pt\">&nbsp; &nbsp; &nbsp; &#8211; le disque d&rsquo;avancement 1823520816 <b>ceram\u00e9tallique 350mm 22 cannelures<\/b><\/span><\/p>\n<p style=\"margin-bottom: 18.0pt;text-align: justify;text-indent: -18.0pt;background-image: initial;background-position: initial;background-size: initial;background-attachment: initial\"><span style=\"text-indent: -18pt;font-size: 11.5pt\">&nbsp; &nbsp; &nbsp; &#8211; la but\u00e9e hydraulique<\/span><span style=\"text-indent: -18pt;font-size: 11.5pt;font-family: Cambria, serif\">&nbsp;<\/span><a href=\"https:\/\/edel.fr\/en\/butee-dembrayage-hydraulique-john-deere-sachs\/\" target=\"_blank\" style=\"text-indent: -18pt\">20309825<\/a><\/p>\n<p style=\"margin-bottom: 18.0pt;text-align: justify;text-indent: -18.0pt;background-image: initial;background-position: initial;background-size: initial;background-attachment: initial\"><span style=\"font-size: 11.5pt\">&nbsp; &nbsp; &nbsp; &#8211; le roulement pilote&nbsp;<\/span><a href=\"https:\/\/edel.fr\/en\/roulement-pilote-fag-6304-2rs-20-x-52-x-15-tracteur-agricole\/\" target=\"_blank\" rel=\"noopener\"><span style=\"background: white\">RP 1<i>7<\/i><\/span><\/a>&nbsp;&#8211; 20x52x15<\/p>\n<p style=\"margin-bottom: 18.0pt;text-align: justify;text-indent: -18.0pt;background-image: initial;background-position: initial;background-size: initial;background-attachment: initial\">\n<\/p><p style=\"margin-bottom: 18.0pt;text-align: justify;text-indent: -18.0pt;background-image: initial;background-position: initial;background-size: initial;background-attachment: initial\">&nbsp; &nbsp; &nbsp; &nbsp;Vous trouverez \u00e9galement le joint spi arri\u00e8re Sisu&nbsp; &#8211;&nbsp;<a href=\"https:\/\/edel.fr\/en\/joint-spi-arriere-sisu-110-x-140-x-12-qualite-origine\/\" target=\"_blank\" rel=\"noopener\"><span style=\"background: white\">01M380002767<\/span><\/a>&nbsp;&#8211; 110 x 140 x 12<\/p>\n<p style=\"margin-bottom: 18.0pt;text-align: justify;text-indent: -18.0pt;background-image: initial;background-position: initial;background-size: initial;background-attachment: initial\"><br><\/p>\n<p style=\"margin-bottom: 18.0pt;text-align: justify;text-indent: -18.0pt;background-image: initial;background-position: initial;background-size: initial;background-attachment: initial\">&nbsp; &nbsp; &nbsp;Votre&nbsp;m\u00e9canisme d\u2019embrayage&nbsp;est compos\u00e9 d\u2019un carter m\u00e9tallique circulaire comprenant des leviers ou un diaphragme, de ressorts ou d\u2019une rondelle belleville. Il peut \u00eatre de forme circulaire, triangulaire ou encore conique selon le mod\u00e8le. Il a pour r\u00f4le de comprimer ou lib\u00e9rer le&nbsp;disque d\u2019embrayage&nbsp;sur le&nbsp;volant moteur, afin de transmettre le mouvement du moteur \u00e0 la bo\u00eete de vitesses.&nbsp;<\/p>\n<p>Pour&nbsp;choisir le m\u00e9canisme qui s\u2019adapte parfaitement \u00e0 votre tracteur.&nbsp;Il faut se fier au mod\u00e8le et \u00e0 la marque de votre engin. Mais aussi au diam\u00e8tre et au nombre de cannelures de votre m\u00e9canisme. Le m\u00e9canisme d\u2019embrayage fait partie des pi\u00e8ces indispensables au bon fonctionnement de votre tracteur agricole. Il permet de transmettre la puissance entre le moteur et la transmission de votre tracteur. Si ce m\u00e9canisme vient \u00e0 \u00eatre endommag\u00e9, le fonctionnement de votre tracteur en sera d\u00e9t\u00e9rior\u00e9.&nbsp;<\/p>\n<p>Chez Edel Shop, nous vous proposons une gamme compl\u00e8te de m\u00e9canismes d\u2019embrayage pour tracteur agricole compatibles avec des v\u00e9hicules IHC, FORD, Renault, Fiat, Manitou, Valtra ou encore Deutz\u2026&nbsp;<\/p>\t\t\t\t\t\t\t\t<\/div>\n\t\t\t\t<\/div>\n\t\t\t\t\t<\/div>\n\t\t<\/div>\n\t\t\t\t\t<\/div>\n\t\t<\/section>\n\t\t\t\t<\/div>","protected":false},"excerpt":{"rendered":"<h5><strong>EMBRAYAGE SIMPLE \u00d8 350<\/strong><\/h5>","protected":false},"featured_media":15459,"template":"","meta":[],"product_brand":[],"product_cat":[125,4063,119,120],"product_tag":[2497],"tracteur":[],"class_list":{"0":"post-15236","1":"product","2":"type-product","3":"status-publish","4":"has-post-thumbnail","6":"product_cat-mecanismes-embrayage","7":"product_cat-valmet-valtra","8":"product_cat-tracteurs-agricoles","9":"product_cat-transmissions","10":"product_tag-mecanisme-dembrayage","11":"product_shipping_class-142","12":"pa_fabriquant-kawe","13":"pa_marque-tracteur-valtra-valmet","14":"pa_modele-tracteur-4069","15":"pa_modele-tracteur-tc","16":"badges-style-2","18":"first","19":"instock","20":"taxable","21":"shipping-taxable","22":"purchasable","23":"product-type-simple"},"acf":[],"yoast_head":"<!-- This site is optimized with the Yoast SEO plugin v27.3 - https:\/\/yoast.com\/product\/yoast-seo-wordpress\/ -->\n<title>Embrayage Valtra 8050 8150 8200 8350 - Edel<\/title>\n<meta name=\"robots\" content=\"index, follow, max-snippet:-1, max-image-preview:large, max-video-preview:-1\" \/>\n<link rel=\"canonical\" href=\"https:\/\/edel.fr\/en\/product\/embrayage-valtra-8050-8150-8200-8350\/\" \/>\n<meta property=\"og:locale\" content=\"en_US\" \/>\n<meta property=\"og:type\" content=\"article\" \/>\n<meta property=\"og:title\" content=\"Embrayage Valtra 8050 8150 8200 8350 - Edel\" \/>\n<meta property=\"og:description\" content=\"EMBRAYAGE SIMPLE \u00d8 350\" \/>\n<meta property=\"og:url\" content=\"https:\/\/edel.fr\/en\/product\/embrayage-valtra-8050-8150-8200-8350\/\" \/>\n<meta property=\"og:site_name\" content=\"Edel\" \/>\n<meta property=\"article:modified_time\" content=\"2025-11-05T20:05:54+00:00\" \/>\n<meta property=\"og:image\" content=\"https:\/\/edel.fr\/uploads\/2023\/01\/EDEL-SHOP-1813532810.jpg\" \/>\n\t<meta property=\"og:image:width\" content=\"2126\" \/>\n\t<meta property=\"og:image:height\" content=\"2126\" \/>\n\t<meta property=\"og:image:type\" content=\"image\/jpeg\" \/>\n<meta name=\"twitter:card\" content=\"summary_large_image\" \/>\n<meta name=\"twitter:label1\" content=\"Est. reading time\" \/>\n\t<meta name=\"twitter:data1\" content=\"2 minutes\" \/>\n<script type=\"application\/ld+json\" class=\"yoast-schema-graph\">{\"@context\":\"https:\\\/\\\/schema.org\",\"@graph\":[{\"@type\":\"WebPage\",\"@id\":\"https:\\\/\\\/edel.fr\\\/produit\\\/embrayage-valtra-8050-8150-8200-8350\\\/\",\"url\":\"https:\\\/\\\/edel.fr\\\/produit\\\/embrayage-valtra-8050-8150-8200-8350\\\/\",\"name\":\"Embrayage Valtra 8050 8150 8200 8350 - Edel\",\"isPartOf\":{\"@id\":\"https:\\\/\\\/www.edel.fr\\\/en\\\/#website\"},\"primaryImageOfPage\":{\"@id\":\"https:\\\/\\\/edel.fr\\\/produit\\\/embrayage-valtra-8050-8150-8200-8350\\\/#primaryimage\"},\"image\":{\"@id\":\"https:\\\/\\\/edel.fr\\\/produit\\\/embrayage-valtra-8050-8150-8200-8350\\\/#primaryimage\"},\"thumbnailUrl\":\"https:\\\/\\\/edel.fr\\\/uploads\\\/2023\\\/01\\\/EDEL-SHOP-1813532810.jpg\",\"datePublished\":\"2023-01-05T15:50:01+00:00\",\"dateModified\":\"2025-11-05T20:05:54+00:00\",\"breadcrumb\":{\"@id\":\"https:\\\/\\\/edel.fr\\\/produit\\\/embrayage-valtra-8050-8150-8200-8350\\\/#breadcrumb\"},\"inLanguage\":\"en-US\",\"potentialAction\":[{\"@type\":\"ReadAction\",\"target\":[\"https:\\\/\\\/edel.fr\\\/produit\\\/embrayage-valtra-8050-8150-8200-8350\\\/\"]}]},{\"@type\":\"ImageObject\",\"inLanguage\":\"en-US\",\"@id\":\"https:\\\/\\\/edel.fr\\\/produit\\\/embrayage-valtra-8050-8150-8200-8350\\\/#primaryimage\",\"url\":\"https:\\\/\\\/edel.fr\\\/uploads\\\/2023\\\/01\\\/EDEL-SHOP-1813532810.jpg\",\"contentUrl\":\"https:\\\/\\\/edel.fr\\\/uploads\\\/2023\\\/01\\\/EDEL-SHOP-1813532810.jpg\",\"width\":2126,\"height\":2126,\"caption\":\"M\u00e9canisme Valtra 8050 8150 8200 8350\"},{\"@type\":\"BreadcrumbList\",\"@id\":\"https:\\\/\\\/edel.fr\\\/produit\\\/embrayage-valtra-8050-8150-8200-8350\\\/#breadcrumb\",\"itemListElement\":[{\"@type\":\"ListItem\",\"position\":1,\"name\":\"Pi\u00e8ce Tracteur\",\"item\":\"https:\\\/\\\/www.edel.fr\\\/en\\\/\"},{\"@type\":\"ListItem\",\"position\":2,\"name\":\"Toutes nos pi\u00e8ces Tracteur\",\"item\":\"https:\\\/\\\/edel.fr\\\/shop\\\/\"},{\"@type\":\"ListItem\",\"position\":3,\"name\":\"Embrayage Valtra 8050 8150 8200 8350\"}]},{\"@type\":\"WebSite\",\"@id\":\"https:\\\/\\\/www.edel.fr\\\/en\\\/#website\",\"url\":\"https:\\\/\\\/www.edel.fr\\\/en\\\/\",\"name\":\"Edel\",\"description\":\"Pi\u00e8ce d\u00e9tach\u00e9e de Tracteur Agricole\",\"publisher\":{\"@id\":\"https:\\\/\\\/www.edel.fr\\\/en\\\/#organization\"},\"potentialAction\":[{\"@type\":\"SearchAction\",\"target\":{\"@type\":\"EntryPoint\",\"urlTemplate\":\"https:\\\/\\\/www.edel.fr\\\/en\\\/?s={search_term_string}\"},\"query-input\":{\"@type\":\"PropertyValueSpecification\",\"valueRequired\":true,\"valueName\":\"search_term_string\"}}],\"inLanguage\":\"en-US\"},{\"@type\":\"Organization\",\"@id\":\"https:\\\/\\\/www.edel.fr\\\/en\\\/#organization\",\"name\":\"Edel\",\"url\":\"https:\\\/\\\/www.edel.fr\\\/en\\\/\",\"logo\":{\"@type\":\"ImageObject\",\"inLanguage\":\"en-US\",\"@id\":\"https:\\\/\\\/www.edel.fr\\\/en\\\/#\\\/schema\\\/logo\\\/image\\\/\",\"url\":\"https:\\\/\\\/www.edel.fr\\\/uploads\\\/2018\\\/11\\\/logo-edel.png\",\"contentUrl\":\"https:\\\/\\\/www.edel.fr\\\/uploads\\\/2018\\\/11\\\/logo-edel.png\",\"width\":257,\"height\":68,\"caption\":\"Edel\"},\"image\":{\"@id\":\"https:\\\/\\\/www.edel.fr\\\/en\\\/#\\\/schema\\\/logo\\\/image\\\/\"}}]}<\/script>\n<!-- \/ Yoast SEO plugin. -->","yoast_head_json":{"title":"Embrayage Valtra 8050 8150 8200 8350 - Edel","robots":{"index":"index","follow":"follow","max-snippet":"max-snippet:-1","max-image-preview":"max-image-preview:large","max-video-preview":"max-video-preview:-1"},"canonical":"https:\/\/edel.fr\/en\/product\/embrayage-valtra-8050-8150-8200-8350\/","og_locale":"en_US","og_type":"article","og_title":"Embrayage Valtra 8050 8150 8200 8350 - Edel","og_description":"EMBRAYAGE SIMPLE \u00d8 350","og_url":"https:\/\/edel.fr\/en\/product\/embrayage-valtra-8050-8150-8200-8350\/","og_site_name":"Edel","article_modified_time":"2025-11-05T20:05:54+00:00","og_image":[{"width":2126,"height":2126,"url":"https:\/\/edel.fr\/uploads\/2023\/01\/EDEL-SHOP-1813532810.jpg","type":"image\/jpeg"}],"twitter_card":"summary_large_image","twitter_misc":{"Est. reading time":"2 minutes"},"schema":{"@context":"https:\/\/schema.org","@graph":[{"@type":"WebPage","@id":"https:\/\/edel.fr\/produit\/embrayage-valtra-8050-8150-8200-8350\/","url":"https:\/\/edel.fr\/produit\/embrayage-valtra-8050-8150-8200-8350\/","name":"Embrayage Valtra 8050 8150 8200 8350 - Edel","isPartOf":{"@id":"https:\/\/www.edel.fr\/en\/#website"},"primaryImageOfPage":{"@id":"https:\/\/edel.fr\/produit\/embrayage-valtra-8050-8150-8200-8350\/#primaryimage"},"image":{"@id":"https:\/\/edel.fr\/produit\/embrayage-valtra-8050-8150-8200-8350\/#primaryimage"},"thumbnailUrl":"https:\/\/edel.fr\/uploads\/2023\/01\/EDEL-SHOP-1813532810.jpg","datePublished":"2023-01-05T15:50:01+00:00","dateModified":"2025-11-05T20:05:54+00:00","breadcrumb":{"@id":"https:\/\/edel.fr\/produit\/embrayage-valtra-8050-8150-8200-8350\/#breadcrumb"},"inLanguage":"en-US","potentialAction":[{"@type":"ReadAction","target":["https:\/\/edel.fr\/produit\/embrayage-valtra-8050-8150-8200-8350\/"]}]},{"@type":"ImageObject","inLanguage":"en-US","@id":"https:\/\/edel.fr\/produit\/embrayage-valtra-8050-8150-8200-8350\/#primaryimage","url":"https:\/\/edel.fr\/uploads\/2023\/01\/EDEL-SHOP-1813532810.jpg","contentUrl":"https:\/\/edel.fr\/uploads\/2023\/01\/EDEL-SHOP-1813532810.jpg","width":2126,"height":2126,"caption":"M\u00e9canisme Valtra 8050 8150 8200 8350"},{"@type":"BreadcrumbList","@id":"https:\/\/edel.fr\/produit\/embrayage-valtra-8050-8150-8200-8350\/#breadcrumb","itemListElement":[{"@type":"ListItem","position":1,"name":"Pi\u00e8ce Tracteur","item":"https:\/\/www.edel.fr\/en\/"},{"@type":"ListItem","position":2,"name":"Toutes nos pi\u00e8ces Tracteur","item":"https:\/\/edel.fr\/shop\/"},{"@type":"ListItem","position":3,"name":"Embrayage Valtra 8050 8150 8200 8350"}]},{"@type":"WebSite","@id":"https:\/\/www.edel.fr\/en\/#website","url":"https:\/\/www.edel.fr\/en\/","name":"Edel","description":"Pi\u00e8ce d\u00e9tach\u00e9e de Tracteur Agricole","publisher":{"@id":"https:\/\/www.edel.fr\/en\/#organization"},"potentialAction":[{"@type":"SearchAction","target":{"@type":"EntryPoint","urlTemplate":"https:\/\/www.edel.fr\/en\/?s={search_term_string}"},"query-input":{"@type":"PropertyValueSpecification","valueRequired":true,"valueName":"search_term_string"}}],"inLanguage":"en-US"},{"@type":"Organization","@id":"https:\/\/www.edel.fr\/en\/#organization","name":"Edel","url":"https:\/\/www.edel.fr\/en\/","logo":{"@type":"ImageObject","inLanguage":"en-US","@id":"https:\/\/www.edel.fr\/en\/#\/schema\/logo\/image\/","url":"https:\/\/www.edel.fr\/uploads\/2018\/11\/logo-edel.png","contentUrl":"https:\/\/www.edel.fr\/uploads\/2018\/11\/logo-edel.png","width":257,"height":68,"caption":"Edel"},"image":{"@id":"https:\/\/www.edel.fr\/en\/#\/schema\/logo\/image\/"}}]}},"_links":{"self":[{"href":"https:\/\/edel.fr\/en\/wp-json\/wp\/v2\/product\/15236","targetHints":{"allow":["GET"]}}],"collection":[{"href":"https:\/\/edel.fr\/en\/wp-json\/wp\/v2\/product"}],"about":[{"href":"https:\/\/edel.fr\/en\/wp-json\/wp\/v2\/types\/product"}],"version-history":[{"count":3,"href":"https:\/\/edel.fr\/en\/wp-json\/wp\/v2\/product\/15236\/revisions"}],"predecessor-version":[{"id":16868,"href":"https:\/\/edel.fr\/en\/wp-json\/wp\/v2\/product\/15236\/revisions\/16868"}],"wp:featuredmedia":[{"embeddable":true,"href":"https:\/\/edel.fr\/en\/wp-json\/wp\/v2\/media\/15459"}],"wp:attachment":[{"href":"https:\/\/edel.fr\/en\/wp-json\/wp\/v2\/media?parent=15236"}],"wp:term":[{"taxonomy":"product_brand","embeddable":true,"href":"https:\/\/edel.fr\/en\/wp-json\/wp\/v2\/product_brand?post=15236"},{"taxonomy":"product_cat","embeddable":true,"href":"https:\/\/edel.fr\/en\/wp-json\/wp\/v2\/product_cat?post=15236"},{"taxonomy":"product_tag","embeddable":true,"href":"https:\/\/edel.fr\/en\/wp-json\/wp\/v2\/product_tag?post=15236"},{"taxonomy":"tracteur","embeddable":true,"href":"https:\/\/edel.fr\/en\/wp-json\/wp\/v2\/tracteur?post=15236"}],"curies":[{"name":"wp","href":"https:\/\/api.w.org\/{rel}","templated":true}]}}