{"id":15739,"date":"2023-02-10T11:39:31","date_gmt":"2023-02-10T10:39:31","guid":{"rendered":"https:\/\/www.edel.fr\/?post_type=product&#038;p=15739"},"modified":"2025-09-22T14:00:56","modified_gmt":"2025-09-22T12:00:56","slug":"kit-embrayage-case-ihc-640-tracteur-agricole","status":"publish","type":"product","link":"https:\/\/edel.fr\/en\/product\/kit-embrayage-case-ihc-640-tracteur-agricole\/","title":{"rendered":"Kit Embrayage CASE IH 640 Tracteur Agricole"},"content":{"rendered":"<div data-elementor-type=\"wp-post\" data-elementor-id=\"15739\" class=\"elementor elementor-15739\">\n\t\t\t\t\t\t<section class=\"elementor-section elementor-top-section elementor-element elementor-element-fcc4b21 elementor-section-boxed elementor-section-height-default elementor-section-height-default\" data-id=\"fcc4b21\" data-element_type=\"section\" data-e-type=\"section\">\n\t\t\t\t\t\t<div class=\"elementor-container elementor-column-gap-default\">\n\t\t\t\t\t<div class=\"elementor-column elementor-col-100 elementor-top-column elementor-element elementor-element-86166f3\" data-id=\"86166f3\" data-element_type=\"column\" data-e-type=\"column\">\n\t\t\t<div class=\"elementor-widget-wrap elementor-element-populated\">\n\t\t\t\t\t\t<div class=\"elementor-element elementor-element-768b937 elementor-widget elementor-widget-heading\" data-id=\"768b937\" data-element_type=\"widget\" data-e-type=\"widget\" data-widget_type=\"heading.default\">\n\t\t\t\t<div class=\"elementor-widget-container\">\n\t\t\t\t\t<h2 class=\"elementor-heading-title elementor-size-default\">Kit Embrayage Complet Case Ih 640<br><br>DISQUE AV. ORGANIQUE, 2 BUT\u00c9ES ET ROULEMENT PILOTE&nbsp; <br><br>\u00d8 228 \/ 290 MM \u2013 25 \/ 13 CANNELURES<br><br>REMPLACE LE MONTAGE \u00d8 228 \/ 250 MM<br><\/h2>\t\t\t\t<\/div>\n\t\t\t\t<\/div>\n\t\t\t\t\t<\/div>\n\t\t<\/div>\n\t\t\t\t\t<\/div>\n\t\t<\/section>\n\t\t\t\t<section class=\"elementor-section elementor-top-section elementor-element elementor-element-1368234 elementor-section-boxed elementor-section-height-default elementor-section-height-default\" data-id=\"1368234\" data-element_type=\"section\" data-e-type=\"section\">\n\t\t\t\t\t\t<div class=\"elementor-container elementor-column-gap-default\">\n\t\t\t\t\t<div class=\"elementor-column elementor-col-100 elementor-top-column elementor-element elementor-element-28ee1ff\" data-id=\"28ee1ff\" data-element_type=\"column\" data-e-type=\"column\">\n\t\t\t<div class=\"elementor-widget-wrap elementor-element-populated\">\n\t\t\t\t\t\t<div class=\"elementor-element elementor-element-e69681b elementor-widget elementor-widget-heading\" data-id=\"e69681b\" data-element_type=\"widget\" data-e-type=\"widget\" data-widget_type=\"heading.default\">\n\t\t\t\t<div class=\"elementor-widget-container\">\n\t\t\t\t\t<h3 class=\"elementor-heading-title elementor-size-default\">Information du produit :<\/h3>\t\t\t\t<\/div>\n\t\t\t\t<\/div>\n\t\t\t\t\t<\/div>\n\t\t<\/div>\n\t\t\t\t\t<\/div>\n\t\t<\/section>\n\t\t\t\t<section class=\"elementor-section elementor-top-section elementor-element elementor-element-5b86b25d elementor-section-boxed elementor-section-height-default elementor-section-height-default\" data-id=\"5b86b25d\" data-element_type=\"section\" data-e-type=\"section\">\n\t\t\t\t\t\t<div class=\"elementor-container elementor-column-gap-default\">\n\t\t\t\t\t<div class=\"elementor-column elementor-col-100 elementor-top-column elementor-element elementor-element-2b39e5\" data-id=\"2b39e5\" data-element_type=\"column\" data-e-type=\"column\">\n\t\t\t<div class=\"elementor-widget-wrap elementor-element-populated\">\n\t\t\t\t\t\t<div class=\"elementor-element elementor-element-2a7618a6 elementor-widget elementor-widget-text-editor\" data-id=\"2a7618a6\" data-element_type=\"widget\" data-e-type=\"widget\" data-widget_type=\"text-editor.default\">\n\t\t\t\t<div class=\"elementor-widget-container\">\n\t\t\t\t\t\t\t\t\t<div><p>Kit embrayage de la marque : Case IH<\/p><\/div><p>Tracteur agricole : Case IH 640<\/p><ul><li><span style=\"text-decoration: underline;color: #fdb819\">En option<\/span><span style=\"color: #fdb819\">,<\/span> vous trouverez \u00e9galement\u00a0pour ce montage :<br \/><strong><a href=\"https:\/\/edel.fr\/en\/joint-spi-mwm-arriere\/\" target=\"_blank\" rel=\"noopener\">&#8211; le joint spi<\/a><\/strong><br \/><strong><a href=\"https:\/\/edel.fr\/en\/joint-couvercle-papier-case-ih-montage-ihc\/\" target=\"_blank\" rel=\"noopener\">&#8211; le joint de plaque<\/a>\u00a0<\/strong><\/li><\/ul><p>Ce kit d\u2019embrayage pour votre tracteur agricole Case IH 640 comprend toutes les pi\u00e8ces n\u00e9cessaires pour effectuer le changement en atelier. Il se compose d\u2019un m\u00e9canisme, d\u2019un ou deux disques, d\u2019une ou deux but\u00e9es et du roulement pilote, le tout soigneusement s\u00e9lectionn\u00e9 pour leur qualit\u00e9 et leur fiabilit\u00e9.<\/p><p>Toutefois, choisir de remplacer une pi\u00e8ce au d\u00e9tail peut s\u2019av\u00e9rer \u00eatre moins avantageux que de remplacer un ensemble complet. Nos kits se distinguent par la qualit\u00e9 de nos but\u00e9es d\u2019embrayages et roulements pilotes. Une but\u00e9e adaptable qui grippe conduit irr\u00e9m\u00e9diablement \u00e0 la destruction du m\u00e9canisme.<\/p><p>Il est important de proc\u00e9der \u00e0 un examen minutieux des pi\u00e8ces p\u00e9riph\u00e9riques telles que le volant moteur et les joints spi lors de l\u2019installation du kit d\u2019embrayage.<\/p><p>En effet, pour le syst\u00e8me de commande, une vigilance particuli\u00e8re est \u00e0 porter au c\u00e2ble, \u00e0 la tringlerie et au circuit hydraulique. En cas de doute, ces composants doivent absolument \u00eatre remis \u00e0 niveau pour permettre le parfait fonctionnement de l\u2019embrayage.<\/p><p>Si vous avez des questions ou souhaitez en savoir plus sur nos kits d\u2019embrayage pour tracteurs agricoles, n\u2019h\u00e9sitez pas \u00e0 nous contacter.<\/p>\t\t\t\t\t\t\t\t<\/div>\n\t\t\t\t<\/div>\n\t\t\t\t\t<\/div>\n\t\t<\/div>\n\t\t\t\t\t<\/div>\n\t\t<\/section>\n\t\t\t\t<\/div>","protected":false},"excerpt":{"rendered":"<p>Kit Embrayage Complet Case Ih 640 DISQUE AV. ORGANIQUE, 2 BUT\u00c9ES ET ROULEMENT PILOTE&nbsp; \u00d8 228 \/ 290 MM \u2013 25 \/ 13 CANNELURES REMPLACE LE MONTAGE \u00d8 228 \/ 250 MM Information du produit : Kit embrayage de la marque : Case IH Tracteur agricole : Case IH 640 En option, vous trouverez \u00e9galement\u00a0pour<br \/><a class=\"more-link\" href=\"https:\/\/edel.fr\/en\/product\/kit-embrayage-case-ihc-640-tracteur-agricole\/\"><br \/>\n        Read More<span class=\"screen-reader-text\"> \u00ab\u00a0Kit Embrayage CASE IH 640 Tracteur Agricole\u00a0\u00bb<\/span><\/a><\/p>","protected":false},"featured_media":3954,"template":"","meta":[],"product_brand":[],"product_cat":[1141,3945,119,120],"product_tag":[143,124],"tracteur":[],"class_list":{"0":"post-15739","1":"product","2":"type-product","3":"status-publish","4":"has-post-thumbnail","6":"product_cat-kits-dembrayage","7":"product_cat-case-ih","8":"product_cat-tracteurs-agricoles","9":"product_cat-transmissions","10":"product_tag-kits-dembrayage","11":"product_tag-transmissions","12":"product_shipping_class-142","13":"pa_fabriquant-kawe","14":"pa_marque-tracteur-case-ih","15":"pa_modele-tracteur-3516","16":"badges-style-2","18":"first","19":"instock","20":"taxable","21":"shipping-taxable","22":"purchasable","23":"product-type-simple"},"acf":[],"yoast_head":"<!-- This site is optimized with the Yoast SEO plugin v27.3 - https:\/\/yoast.com\/product\/yoast-seo-wordpress\/ -->\n<title>Kit Embrayage CASE IH 640 Tracteur Agricole - Edel<\/title>\n<meta name=\"description\" content=\"Kit d&#039;Embrayage Case Ih 640 Tracteur Agricole - M\u00e9canisme double, disque d&#039;avancement - Organique, 2 but\u00e9es et roulement pilote \u00d8280\/290\" \/>\n<meta name=\"robots\" content=\"index, follow, max-snippet:-1, max-image-preview:large, max-video-preview:-1\" \/>\n<link rel=\"canonical\" href=\"https:\/\/edel.fr\/en\/product\/kit-embrayage-case-ihc-640-tracteur-agricole\/\" \/>\n<meta property=\"og:locale\" content=\"en_US\" \/>\n<meta property=\"og:type\" content=\"article\" \/>\n<meta property=\"og:title\" content=\"Kit Embrayage CASE IH 640 Tracteur Agricole - Edel\" \/>\n<meta property=\"og:description\" content=\"Kit d&#039;Embrayage Case Ih 640 Tracteur Agricole - M\u00e9canisme double, disque d&#039;avancement - Organique, 2 but\u00e9es et roulement pilote \u00d8280\/290\" \/>\n<meta property=\"og:url\" content=\"https:\/\/edel.fr\/en\/product\/kit-embrayage-case-ihc-640-tracteur-agricole\/\" \/>\n<meta property=\"og:site_name\" content=\"Edel\" \/>\n<meta property=\"article:modified_time\" content=\"2025-09-22T12:00:56+00:00\" \/>\n<meta property=\"og:image\" content=\"https:\/\/edel.fr\/uploads\/2018\/11\/K01.jpg\" \/>\n\t<meta property=\"og:image:width\" content=\"1920\" \/>\n\t<meta property=\"og:image:height\" content=\"1297\" \/>\n\t<meta property=\"og:image:type\" content=\"image\/jpeg\" \/>\n<meta name=\"twitter:card\" content=\"summary_large_image\" \/>\n<meta name=\"twitter:label1\" content=\"Est. reading time\" \/>\n\t<meta name=\"twitter:data1\" content=\"2 minutes\" \/>\n<script type=\"application\/ld+json\" class=\"yoast-schema-graph\">{\"@context\":\"https:\\\/\\\/schema.org\",\"@graph\":[{\"@type\":\"WebPage\",\"@id\":\"https:\\\/\\\/edel.fr\\\/en\\\/product\\\/kit-embrayage-case-ihc-640-tracteur-agricole\\\/\",\"url\":\"https:\\\/\\\/edel.fr\\\/en\\\/product\\\/kit-embrayage-case-ihc-640-tracteur-agricole\\\/\",\"name\":\"Kit Embrayage CASE IH 640 Tracteur Agricole - Edel\",\"isPartOf\":{\"@id\":\"https:\\\/\\\/www.edel.fr\\\/en\\\/#website\"},\"primaryImageOfPage\":{\"@id\":\"https:\\\/\\\/edel.fr\\\/en\\\/product\\\/kit-embrayage-case-ihc-640-tracteur-agricole\\\/#primaryimage\"},\"image\":{\"@id\":\"https:\\\/\\\/edel.fr\\\/en\\\/product\\\/kit-embrayage-case-ihc-640-tracteur-agricole\\\/#primaryimage\"},\"thumbnailUrl\":\"https:\\\/\\\/edel.fr\\\/uploads\\\/2018\\\/11\\\/K01.jpg\",\"datePublished\":\"2023-02-10T10:39:31+00:00\",\"dateModified\":\"2025-09-22T12:00:56+00:00\",\"description\":\"Kit d'Embrayage Case Ih 640 Tracteur Agricole - M\u00e9canisme double, disque d'avancement - Organique, 2 but\u00e9es et roulement pilote \u00d8280\\\/290\",\"breadcrumb\":{\"@id\":\"https:\\\/\\\/edel.fr\\\/en\\\/product\\\/kit-embrayage-case-ihc-640-tracteur-agricole\\\/#breadcrumb\"},\"inLanguage\":\"en-US\",\"potentialAction\":[{\"@type\":\"ReadAction\",\"target\":[\"https:\\\/\\\/edel.fr\\\/en\\\/product\\\/kit-embrayage-case-ihc-640-tracteur-agricole\\\/\"]}]},{\"@type\":\"ImageObject\",\"inLanguage\":\"en-US\",\"@id\":\"https:\\\/\\\/edel.fr\\\/en\\\/product\\\/kit-embrayage-case-ihc-640-tracteur-agricole\\\/#primaryimage\",\"url\":\"https:\\\/\\\/edel.fr\\\/uploads\\\/2018\\\/11\\\/K01.jpg\",\"contentUrl\":\"https:\\\/\\\/edel.fr\\\/uploads\\\/2018\\\/11\\\/K01.jpg\",\"width\":1920,\"height\":1297,\"caption\":\"Kit Embrayage Complet Case Ih\"},{\"@type\":\"BreadcrumbList\",\"@id\":\"https:\\\/\\\/edel.fr\\\/en\\\/product\\\/kit-embrayage-case-ihc-640-tracteur-agricole\\\/#breadcrumb\",\"itemListElement\":[{\"@type\":\"ListItem\",\"position\":1,\"name\":\"Pi\u00e8ce Tracteur\",\"item\":\"https:\\\/\\\/www.edel.fr\\\/en\\\/\"},{\"@type\":\"ListItem\",\"position\":2,\"name\":\"Toutes nos pi\u00e8ces Tracteur\",\"item\":\"https:\\\/\\\/edel.fr\\\/shop\\\/\"},{\"@type\":\"ListItem\",\"position\":3,\"name\":\"Kit Embrayage CASE IH 640 Tracteur Agricole\"}]},{\"@type\":\"WebSite\",\"@id\":\"https:\\\/\\\/www.edel.fr\\\/en\\\/#website\",\"url\":\"https:\\\/\\\/www.edel.fr\\\/en\\\/\",\"name\":\"Edel\",\"description\":\"Pi\u00e8ce d\u00e9tach\u00e9e de Tracteur Agricole\",\"publisher\":{\"@id\":\"https:\\\/\\\/www.edel.fr\\\/en\\\/#organization\"},\"potentialAction\":[{\"@type\":\"SearchAction\",\"target\":{\"@type\":\"EntryPoint\",\"urlTemplate\":\"https:\\\/\\\/www.edel.fr\\\/en\\\/?s={search_term_string}\"},\"query-input\":{\"@type\":\"PropertyValueSpecification\",\"valueRequired\":true,\"valueName\":\"search_term_string\"}}],\"inLanguage\":\"en-US\"},{\"@type\":\"Organization\",\"@id\":\"https:\\\/\\\/www.edel.fr\\\/en\\\/#organization\",\"name\":\"Edel\",\"url\":\"https:\\\/\\\/www.edel.fr\\\/en\\\/\",\"logo\":{\"@type\":\"ImageObject\",\"inLanguage\":\"en-US\",\"@id\":\"https:\\\/\\\/www.edel.fr\\\/en\\\/#\\\/schema\\\/logo\\\/image\\\/\",\"url\":\"https:\\\/\\\/www.edel.fr\\\/uploads\\\/2018\\\/11\\\/logo-edel.png\",\"contentUrl\":\"https:\\\/\\\/www.edel.fr\\\/uploads\\\/2018\\\/11\\\/logo-edel.png\",\"width\":257,\"height\":68,\"caption\":\"Edel\"},\"image\":{\"@id\":\"https:\\\/\\\/www.edel.fr\\\/en\\\/#\\\/schema\\\/logo\\\/image\\\/\"}}]}<\/script>\n<!-- \/ Yoast SEO plugin. -->","yoast_head_json":{"title":"Kit Embrayage CASE IH 640 Tracteur Agricole - Edel","description":"Kit d'Embrayage Case Ih 640 Tracteur Agricole - M\u00e9canisme double, disque d'avancement - Organique, 2 but\u00e9es et roulement pilote \u00d8280\/290","robots":{"index":"index","follow":"follow","max-snippet":"max-snippet:-1","max-image-preview":"max-image-preview:large","max-video-preview":"max-video-preview:-1"},"canonical":"https:\/\/edel.fr\/en\/product\/kit-embrayage-case-ihc-640-tracteur-agricole\/","og_locale":"en_US","og_type":"article","og_title":"Kit Embrayage CASE IH 640 Tracteur Agricole - Edel","og_description":"Kit d'Embrayage Case Ih 640 Tracteur Agricole - M\u00e9canisme double, disque d'avancement - Organique, 2 but\u00e9es et roulement pilote \u00d8280\/290","og_url":"https:\/\/edel.fr\/en\/product\/kit-embrayage-case-ihc-640-tracteur-agricole\/","og_site_name":"Edel","article_modified_time":"2025-09-22T12:00:56+00:00","og_image":[{"width":1920,"height":1297,"url":"https:\/\/edel.fr\/uploads\/2018\/11\/K01.jpg","type":"image\/jpeg"}],"twitter_card":"summary_large_image","twitter_misc":{"Est. reading time":"2 minutes"},"schema":{"@context":"https:\/\/schema.org","@graph":[{"@type":"WebPage","@id":"https:\/\/edel.fr\/en\/product\/kit-embrayage-case-ihc-640-tracteur-agricole\/","url":"https:\/\/edel.fr\/en\/product\/kit-embrayage-case-ihc-640-tracteur-agricole\/","name":"Kit Embrayage CASE IH 640 Tracteur Agricole - Edel","isPartOf":{"@id":"https:\/\/www.edel.fr\/en\/#website"},"primaryImageOfPage":{"@id":"https:\/\/edel.fr\/en\/product\/kit-embrayage-case-ihc-640-tracteur-agricole\/#primaryimage"},"image":{"@id":"https:\/\/edel.fr\/en\/product\/kit-embrayage-case-ihc-640-tracteur-agricole\/#primaryimage"},"thumbnailUrl":"https:\/\/edel.fr\/uploads\/2018\/11\/K01.jpg","datePublished":"2023-02-10T10:39:31+00:00","dateModified":"2025-09-22T12:00:56+00:00","description":"Kit d'Embrayage Case Ih 640 Tracteur Agricole - M\u00e9canisme double, disque d'avancement - Organique, 2 but\u00e9es et roulement pilote \u00d8280\/290","breadcrumb":{"@id":"https:\/\/edel.fr\/en\/product\/kit-embrayage-case-ihc-640-tracteur-agricole\/#breadcrumb"},"inLanguage":"en-US","potentialAction":[{"@type":"ReadAction","target":["https:\/\/edel.fr\/en\/product\/kit-embrayage-case-ihc-640-tracteur-agricole\/"]}]},{"@type":"ImageObject","inLanguage":"en-US","@id":"https:\/\/edel.fr\/en\/product\/kit-embrayage-case-ihc-640-tracteur-agricole\/#primaryimage","url":"https:\/\/edel.fr\/uploads\/2018\/11\/K01.jpg","contentUrl":"https:\/\/edel.fr\/uploads\/2018\/11\/K01.jpg","width":1920,"height":1297,"caption":"Kit Embrayage Complet Case Ih"},{"@type":"BreadcrumbList","@id":"https:\/\/edel.fr\/en\/product\/kit-embrayage-case-ihc-640-tracteur-agricole\/#breadcrumb","itemListElement":[{"@type":"ListItem","position":1,"name":"Pi\u00e8ce Tracteur","item":"https:\/\/www.edel.fr\/en\/"},{"@type":"ListItem","position":2,"name":"Toutes nos pi\u00e8ces Tracteur","item":"https:\/\/edel.fr\/shop\/"},{"@type":"ListItem","position":3,"name":"Kit Embrayage CASE IH 640 Tracteur Agricole"}]},{"@type":"WebSite","@id":"https:\/\/www.edel.fr\/en\/#website","url":"https:\/\/www.edel.fr\/en\/","name":"Edel","description":"Pi\u00e8ce d\u00e9tach\u00e9e de Tracteur Agricole","publisher":{"@id":"https:\/\/www.edel.fr\/en\/#organization"},"potentialAction":[{"@type":"SearchAction","target":{"@type":"EntryPoint","urlTemplate":"https:\/\/www.edel.fr\/en\/?s={search_term_string}"},"query-input":{"@type":"PropertyValueSpecification","valueRequired":true,"valueName":"search_term_string"}}],"inLanguage":"en-US"},{"@type":"Organization","@id":"https:\/\/www.edel.fr\/en\/#organization","name":"Edel","url":"https:\/\/www.edel.fr\/en\/","logo":{"@type":"ImageObject","inLanguage":"en-US","@id":"https:\/\/www.edel.fr\/en\/#\/schema\/logo\/image\/","url":"https:\/\/www.edel.fr\/uploads\/2018\/11\/logo-edel.png","contentUrl":"https:\/\/www.edel.fr\/uploads\/2018\/11\/logo-edel.png","width":257,"height":68,"caption":"Edel"},"image":{"@id":"https:\/\/www.edel.fr\/en\/#\/schema\/logo\/image\/"}}]}},"_links":{"self":[{"href":"https:\/\/edel.fr\/en\/wp-json\/wp\/v2\/product\/15739","targetHints":{"allow":["GET"]}}],"collection":[{"href":"https:\/\/edel.fr\/en\/wp-json\/wp\/v2\/product"}],"about":[{"href":"https:\/\/edel.fr\/en\/wp-json\/wp\/v2\/types\/product"}],"version-history":[{"count":2,"href":"https:\/\/edel.fr\/en\/wp-json\/wp\/v2\/product\/15739\/revisions"}],"predecessor-version":[{"id":15853,"href":"https:\/\/edel.fr\/en\/wp-json\/wp\/v2\/product\/15739\/revisions\/15853"}],"wp:featuredmedia":[{"embeddable":true,"href":"https:\/\/edel.fr\/en\/wp-json\/wp\/v2\/media\/3954"}],"wp:attachment":[{"href":"https:\/\/edel.fr\/en\/wp-json\/wp\/v2\/media?parent=15739"}],"wp:term":[{"taxonomy":"product_brand","embeddable":true,"href":"https:\/\/edel.fr\/en\/wp-json\/wp\/v2\/product_brand?post=15739"},{"taxonomy":"product_cat","embeddable":true,"href":"https:\/\/edel.fr\/en\/wp-json\/wp\/v2\/product_cat?post=15739"},{"taxonomy":"product_tag","embeddable":true,"href":"https:\/\/edel.fr\/en\/wp-json\/wp\/v2\/product_tag?post=15739"},{"taxonomy":"tracteur","embeddable":true,"href":"https:\/\/edel.fr\/en\/wp-json\/wp\/v2\/tracteur?post=15739"}],"curies":[{"name":"wp","href":"https:\/\/api.w.org\/{rel}","templated":true}]}}