{"id":16241,"date":"2023-10-03T14:39:03","date_gmt":"2023-10-03T12:39:03","guid":{"rendered":"https:\/\/www.edel.fr\/?post_type=product&#038;p=16241"},"modified":"2026-04-02T03:00:52","modified_gmt":"2026-04-02T01:00:52","slug":"volant-moteur-case-ih-avec-couronne-134-dents-844-845","status":"publish","type":"product","link":"https:\/\/edel.fr\/en\/product\/volant-moteur-case-ih-avec-couronne-134-dents-844-845\/","title":{"rendered":"Volant moteur Case IH avec couronne 134 dents &#8211; 844 845"},"content":{"rendered":"<div data-elementor-type=\"wp-post\" data-elementor-id=\"16241\" class=\"elementor elementor-16241\">\n\t\t\t\t\t\t<section class=\"elementor-section elementor-top-section elementor-element elementor-element-60364ece elementor-section-boxed elementor-section-height-default elementor-section-height-default\" data-id=\"60364ece\" data-element_type=\"section\" data-e-type=\"section\">\n\t\t\t\t\t\t<div class=\"elementor-container elementor-column-gap-default\">\n\t\t\t\t\t<div class=\"elementor-column elementor-col-100 elementor-top-column elementor-element elementor-element-541413d7\" data-id=\"541413d7\" data-element_type=\"column\" data-e-type=\"column\">\n\t\t\t<div class=\"elementor-widget-wrap elementor-element-populated\">\n\t\t\t\t\t\t<div class=\"elementor-element elementor-element-1bb83021 elementor-widget elementor-widget-heading\" data-id=\"1bb83021\" data-element_type=\"widget\" data-e-type=\"widget\" data-widget_type=\"heading.default\">\n\t\t\t\t<div class=\"elementor-widget-container\">\n\t\t\t\t\t<h2 class=\"elementor-heading-title elementor-size-default\">VOLANT MOTEUR Tracteur CASE IH - AVEC COURONNE 134 DENTS<\/h2>\t\t\t\t<\/div>\n\t\t\t\t<\/div>\n\t\t\t\t\t<\/div>\n\t\t<\/div>\n\t\t\t\t\t<\/div>\n\t\t<\/section>\n\t\t\t\t<section class=\"elementor-section elementor-top-section elementor-element elementor-element-6354b31d elementor-section-boxed elementor-section-height-default elementor-section-height-default\" data-id=\"6354b31d\" data-element_type=\"section\" data-e-type=\"section\">\n\t\t\t\t\t\t<div class=\"elementor-container elementor-column-gap-default\">\n\t\t\t\t\t<div class=\"elementor-column elementor-col-100 elementor-top-column elementor-element elementor-element-5a7343ce\" data-id=\"5a7343ce\" data-element_type=\"column\" data-e-type=\"column\">\n\t\t\t<div class=\"elementor-widget-wrap elementor-element-populated\">\n\t\t\t\t\t\t<div class=\"elementor-element elementor-element-114c1af0 elementor-widget elementor-widget-text-editor\" data-id=\"114c1af0\" data-element_type=\"widget\" data-e-type=\"widget\" data-widget_type=\"text-editor.default\">\n\t\t\t\t<div class=\"elementor-widget-container\">\n\t\t\t\t\t\t\t\t\t<p>Volant moteur tracteur Case IH avec couronne 134 dents<\/p><p>Pour tracteur Case IH type : 844, 845.<\/p><p>Origine 3144654R91 &#8211; 3144651R9<\/p><p>Il existe \u00e9galement une variante de ce\u00a0<a href=\"https:\/\/edel.fr\/en\/volant-moteur-case-ih-avec-couronne-624-644-734-745\/\" target=\"_blank\" rel=\"noopener\">volant moteur \u00e9quip\u00e9 d&rsquo;une couronne 129 dents<\/a>.<\/p><p>Vous trouverez au d\u00e9tail :<\/p><p>&#8211;<a href=\"https:\/\/edel.fr\/en\/couronne-de-demarrage-case-ih-129-dents-734-745\/\" target=\"_blank\" rel=\"noopener\">La couronne de d\u00e9marrage Case IH 129 dents<\/a><\/p><p>&#8211;<a href=\"https:\/\/edel.fr\/en\/couronne-de-demarrage-case-ih-134-dents-844-845\/\" target=\"_blank\" rel=\"noopener\">La couronne de d\u00e9marrage Case IH 134 dents<\/a><\/p><p>Ainsi que le\u00a0<a href=\"https:\/\/edel.fr\/en\/kit-complet-mecanisme-double-disque-av-cerametallique-2-butees-et-roulement-pilote-case-ih-o280-295-10-22-cannelures\/\" target=\"_blank\" rel=\"noopener\">kit embrayage<\/a>\u00a0complet correspondant.<\/p><p>Bien s\u00fbr, pour plus de renseignements, n&rsquo;h\u00e9sitez pas \u00e0 nous consulter !<\/p>\t\t\t\t\t\t\t\t<\/div>\n\t\t\t\t<\/div>\n\t\t\t\t\t<\/div>\n\t\t<\/div>\n\t\t\t\t\t<\/div>\n\t\t<\/section>\n\t\t\t\t<\/div>","protected":false},"excerpt":{"rendered":"<p>VOLANT MOTEUR Tracteur CASE IH &#8211; AVEC COURONNE 134 DENTS Volant moteur tracteur Case IH avec couronne 134 dents Pour tracteur Case IH type : 844, 845. Origine 3144654R91 &#8211; 3144651R9 Il existe \u00e9galement une variante de ce\u00a0volant moteur \u00e9quip\u00e9 d&rsquo;une couronne 129 dents. Vous trouverez au d\u00e9tail : &#8211;La couronne de d\u00e9marrage Case IH<br \/><a class=\"more-link\" href=\"https:\/\/edel.fr\/en\/product\/volant-moteur-case-ih-avec-couronne-134-dents-844-845\/\"><br \/>\n        Read More<span class=\"screen-reader-text\"> \u00ab\u00a0Volant moteur Case IH avec couronne 134 dents &#8211; 844 845\u00a0\u00bb<\/span><\/a><\/p>","protected":false},"featured_media":8645,"template":"","meta":[],"product_brand":[],"product_cat":[119,120,128],"product_tag":[143,124],"tracteur":[],"class_list":{"0":"post-16241","1":"product","2":"type-product","3":"status-publish","4":"has-post-thumbnail","6":"product_cat-tracteurs-agricoles","7":"product_cat-transmissions","8":"product_cat-volants-moteurs","9":"product_tag-kits-dembrayage","10":"product_tag-transmissions","11":"product_shipping_class-142","12":"pa_marque-tracteur-case-ih","13":"pa_type-2-1224","14":"pa_type-2-1162","15":"badges-style-2","17":"first","18":"instock","19":"taxable","20":"shipping-taxable","21":"purchasable","22":"product-type-simple"},"acf":[],"yoast_head":"<!-- This site is optimized with the Yoast SEO plugin v27.3 - https:\/\/yoast.com\/product\/yoast-seo-wordpress\/ -->\n<title>Volant moteur Case IH avec couronne 134 dents - 844 845 - Edel<\/title>\n<meta name=\"description\" content=\"Volant moteur Case IH avec couronne - 523 553 554 623 654 645 724 824 624 644 734 745 844 845 - 3144651R9 3144654R91 - Tracteur agricole\" \/>\n<meta name=\"robots\" content=\"index, follow, max-snippet:-1, max-image-preview:large, max-video-preview:-1\" \/>\n<link rel=\"canonical\" href=\"http:\/\/www.edel.fr\/produit\/volant-moteur-case-ih-avec-couronne-134-dents-844-845\/\" \/>\n<meta property=\"og:locale\" content=\"en_US\" \/>\n<meta property=\"og:type\" content=\"article\" \/>\n<meta property=\"og:title\" content=\"Volant moteur Case IH avec couronne 134 dents - 844 845 - Edel\" \/>\n<meta property=\"og:description\" content=\"Volant moteur Case IH avec couronne - 523 553 554 623 654 645 724 824 624 644 734 745 844 845 - 3144651R9 3144654R91 - Tracteur agricole\" \/>\n<meta property=\"og:url\" content=\"http:\/\/www.edel.fr\/produit\/volant-moteur-case-ih-avec-couronne-134-dents-844-845\/\" \/>\n<meta property=\"og:site_name\" content=\"Edel\" \/>\n<meta property=\"article:modified_time\" content=\"2026-04-02T01:00:52+00:00\" \/>\n<meta property=\"og:image\" content=\"http:\/\/www.edel.fr\/uploads\/2020\/11\/volant-moteur-01M008148.jpg\" \/>\n\t<meta property=\"og:image:width\" content=\"1920\" \/>\n\t<meta property=\"og:image:height\" content=\"1440\" \/>\n\t<meta property=\"og:image:type\" content=\"image\/jpeg\" \/>\n<meta name=\"twitter:card\" content=\"summary_large_image\" \/>\n<meta name=\"twitter:label1\" content=\"Est. reading time\" \/>\n\t<meta name=\"twitter:data1\" content=\"1 minute\" \/>\n<script type=\"application\/ld+json\" class=\"yoast-schema-graph\">{\"@context\":\"https:\\\/\\\/schema.org\",\"@graph\":[{\"@type\":\"WebPage\",\"@id\":\"http:\\\/\\\/www.edel.fr\\\/produit\\\/volant-moteur-case-ih-avec-couronne-134-dents-844-845\\\/\",\"url\":\"http:\\\/\\\/www.edel.fr\\\/produit\\\/volant-moteur-case-ih-avec-couronne-134-dents-844-845\\\/\",\"name\":\"Volant moteur Case IH avec couronne 134 dents - 844 845 - Edel\",\"isPartOf\":{\"@id\":\"https:\\\/\\\/www.edel.fr\\\/en\\\/#website\"},\"primaryImageOfPage\":{\"@id\":\"http:\\\/\\\/www.edel.fr\\\/produit\\\/volant-moteur-case-ih-avec-couronne-134-dents-844-845\\\/#primaryimage\"},\"image\":{\"@id\":\"http:\\\/\\\/www.edel.fr\\\/produit\\\/volant-moteur-case-ih-avec-couronne-134-dents-844-845\\\/#primaryimage\"},\"thumbnailUrl\":\"https:\\\/\\\/edel.fr\\\/uploads\\\/2020\\\/11\\\/volant-moteur-01M008148.jpg\",\"datePublished\":\"2023-10-03T12:39:03+00:00\",\"dateModified\":\"2026-04-02T01:00:52+00:00\",\"description\":\"Volant moteur Case IH avec couronne - 523 553 554 623 654 645 724 824 624 644 734 745 844 845 - 3144651R9 3144654R91 - Tracteur agricole\",\"breadcrumb\":{\"@id\":\"http:\\\/\\\/www.edel.fr\\\/produit\\\/volant-moteur-case-ih-avec-couronne-134-dents-844-845\\\/#breadcrumb\"},\"inLanguage\":\"en-US\",\"potentialAction\":[{\"@type\":\"ReadAction\",\"target\":[\"http:\\\/\\\/www.edel.fr\\\/produit\\\/volant-moteur-case-ih-avec-couronne-134-dents-844-845\\\/\"]}]},{\"@type\":\"ImageObject\",\"inLanguage\":\"en-US\",\"@id\":\"http:\\\/\\\/www.edel.fr\\\/produit\\\/volant-moteur-case-ih-avec-couronne-134-dents-844-845\\\/#primaryimage\",\"url\":\"https:\\\/\\\/edel.fr\\\/uploads\\\/2020\\\/11\\\/volant-moteur-01M008148.jpg\",\"contentUrl\":\"https:\\\/\\\/edel.fr\\\/uploads\\\/2020\\\/11\\\/volant-moteur-01M008148.jpg\",\"width\":1920,\"height\":1440,\"caption\":\"Case IH Volant moteur et couronne adaptable\"},{\"@type\":\"BreadcrumbList\",\"@id\":\"http:\\\/\\\/www.edel.fr\\\/produit\\\/volant-moteur-case-ih-avec-couronne-134-dents-844-845\\\/#breadcrumb\",\"itemListElement\":[{\"@type\":\"ListItem\",\"position\":1,\"name\":\"Pi\u00e8ce Tracteur\",\"item\":\"https:\\\/\\\/www.edel.fr\\\/en\\\/\"},{\"@type\":\"ListItem\",\"position\":2,\"name\":\"Toutes nos pi\u00e8ces Tracteur\",\"item\":\"https:\\\/\\\/edel.fr\\\/shop\\\/\"},{\"@type\":\"ListItem\",\"position\":3,\"name\":\"Volant moteur Case IH avec couronne 134 dents &#8211; 844 845\"}]},{\"@type\":\"WebSite\",\"@id\":\"https:\\\/\\\/www.edel.fr\\\/en\\\/#website\",\"url\":\"https:\\\/\\\/www.edel.fr\\\/en\\\/\",\"name\":\"Edel\",\"description\":\"Pi\u00e8ce d\u00e9tach\u00e9e de Tracteur Agricole\",\"publisher\":{\"@id\":\"https:\\\/\\\/www.edel.fr\\\/en\\\/#organization\"},\"potentialAction\":[{\"@type\":\"SearchAction\",\"target\":{\"@type\":\"EntryPoint\",\"urlTemplate\":\"https:\\\/\\\/www.edel.fr\\\/en\\\/?s={search_term_string}\"},\"query-input\":{\"@type\":\"PropertyValueSpecification\",\"valueRequired\":true,\"valueName\":\"search_term_string\"}}],\"inLanguage\":\"en-US\"},{\"@type\":\"Organization\",\"@id\":\"https:\\\/\\\/www.edel.fr\\\/en\\\/#organization\",\"name\":\"Edel\",\"url\":\"https:\\\/\\\/www.edel.fr\\\/en\\\/\",\"logo\":{\"@type\":\"ImageObject\",\"inLanguage\":\"en-US\",\"@id\":\"https:\\\/\\\/www.edel.fr\\\/en\\\/#\\\/schema\\\/logo\\\/image\\\/\",\"url\":\"https:\\\/\\\/www.edel.fr\\\/uploads\\\/2018\\\/11\\\/logo-edel.png\",\"contentUrl\":\"https:\\\/\\\/www.edel.fr\\\/uploads\\\/2018\\\/11\\\/logo-edel.png\",\"width\":257,\"height\":68,\"caption\":\"Edel\"},\"image\":{\"@id\":\"https:\\\/\\\/www.edel.fr\\\/en\\\/#\\\/schema\\\/logo\\\/image\\\/\"}}]}<\/script>\n<!-- \/ Yoast SEO plugin. -->","yoast_head_json":{"title":"Volant moteur Case IH avec couronne 134 dents - 844 845 - Edel","description":"Volant moteur Case IH avec couronne - 523 553 554 623 654 645 724 824 624 644 734 745 844 845 - 3144651R9 3144654R91 - Tracteur agricole","robots":{"index":"index","follow":"follow","max-snippet":"max-snippet:-1","max-image-preview":"max-image-preview:large","max-video-preview":"max-video-preview:-1"},"canonical":"http:\/\/www.edel.fr\/produit\/volant-moteur-case-ih-avec-couronne-134-dents-844-845\/","og_locale":"en_US","og_type":"article","og_title":"Volant moteur Case IH avec couronne 134 dents - 844 845 - Edel","og_description":"Volant moteur Case IH avec couronne - 523 553 554 623 654 645 724 824 624 644 734 745 844 845 - 3144651R9 3144654R91 - Tracteur agricole","og_url":"http:\/\/www.edel.fr\/produit\/volant-moteur-case-ih-avec-couronne-134-dents-844-845\/","og_site_name":"Edel","article_modified_time":"2026-04-02T01:00:52+00:00","og_image":[{"width":1920,"height":1440,"url":"http:\/\/www.edel.fr\/uploads\/2020\/11\/volant-moteur-01M008148.jpg","type":"image\/jpeg"}],"twitter_card":"summary_large_image","twitter_misc":{"Est. reading time":"1 minute"},"schema":{"@context":"https:\/\/schema.org","@graph":[{"@type":"WebPage","@id":"http:\/\/www.edel.fr\/produit\/volant-moteur-case-ih-avec-couronne-134-dents-844-845\/","url":"http:\/\/www.edel.fr\/produit\/volant-moteur-case-ih-avec-couronne-134-dents-844-845\/","name":"Volant moteur Case IH avec couronne 134 dents - 844 845 - Edel","isPartOf":{"@id":"https:\/\/www.edel.fr\/en\/#website"},"primaryImageOfPage":{"@id":"http:\/\/www.edel.fr\/produit\/volant-moteur-case-ih-avec-couronne-134-dents-844-845\/#primaryimage"},"image":{"@id":"http:\/\/www.edel.fr\/produit\/volant-moteur-case-ih-avec-couronne-134-dents-844-845\/#primaryimage"},"thumbnailUrl":"https:\/\/edel.fr\/uploads\/2020\/11\/volant-moteur-01M008148.jpg","datePublished":"2023-10-03T12:39:03+00:00","dateModified":"2026-04-02T01:00:52+00:00","description":"Volant moteur Case IH avec couronne - 523 553 554 623 654 645 724 824 624 644 734 745 844 845 - 3144651R9 3144654R91 - Tracteur agricole","breadcrumb":{"@id":"http:\/\/www.edel.fr\/produit\/volant-moteur-case-ih-avec-couronne-134-dents-844-845\/#breadcrumb"},"inLanguage":"en-US","potentialAction":[{"@type":"ReadAction","target":["http:\/\/www.edel.fr\/produit\/volant-moteur-case-ih-avec-couronne-134-dents-844-845\/"]}]},{"@type":"ImageObject","inLanguage":"en-US","@id":"http:\/\/www.edel.fr\/produit\/volant-moteur-case-ih-avec-couronne-134-dents-844-845\/#primaryimage","url":"https:\/\/edel.fr\/uploads\/2020\/11\/volant-moteur-01M008148.jpg","contentUrl":"https:\/\/edel.fr\/uploads\/2020\/11\/volant-moteur-01M008148.jpg","width":1920,"height":1440,"caption":"Case IH Volant moteur et couronne adaptable"},{"@type":"BreadcrumbList","@id":"http:\/\/www.edel.fr\/produit\/volant-moteur-case-ih-avec-couronne-134-dents-844-845\/#breadcrumb","itemListElement":[{"@type":"ListItem","position":1,"name":"Pi\u00e8ce Tracteur","item":"https:\/\/www.edel.fr\/en\/"},{"@type":"ListItem","position":2,"name":"Toutes nos pi\u00e8ces Tracteur","item":"https:\/\/edel.fr\/shop\/"},{"@type":"ListItem","position":3,"name":"Volant moteur Case IH avec couronne 134 dents &#8211; 844 845"}]},{"@type":"WebSite","@id":"https:\/\/www.edel.fr\/en\/#website","url":"https:\/\/www.edel.fr\/en\/","name":"Edel","description":"Pi\u00e8ce d\u00e9tach\u00e9e de Tracteur Agricole","publisher":{"@id":"https:\/\/www.edel.fr\/en\/#organization"},"potentialAction":[{"@type":"SearchAction","target":{"@type":"EntryPoint","urlTemplate":"https:\/\/www.edel.fr\/en\/?s={search_term_string}"},"query-input":{"@type":"PropertyValueSpecification","valueRequired":true,"valueName":"search_term_string"}}],"inLanguage":"en-US"},{"@type":"Organization","@id":"https:\/\/www.edel.fr\/en\/#organization","name":"Edel","url":"https:\/\/www.edel.fr\/en\/","logo":{"@type":"ImageObject","inLanguage":"en-US","@id":"https:\/\/www.edel.fr\/en\/#\/schema\/logo\/image\/","url":"https:\/\/www.edel.fr\/uploads\/2018\/11\/logo-edel.png","contentUrl":"https:\/\/www.edel.fr\/uploads\/2018\/11\/logo-edel.png","width":257,"height":68,"caption":"Edel"},"image":{"@id":"https:\/\/www.edel.fr\/en\/#\/schema\/logo\/image\/"}}]}},"_links":{"self":[{"href":"https:\/\/edel.fr\/en\/wp-json\/wp\/v2\/product\/16241","targetHints":{"allow":["GET"]}}],"collection":[{"href":"https:\/\/edel.fr\/en\/wp-json\/wp\/v2\/product"}],"about":[{"href":"https:\/\/edel.fr\/en\/wp-json\/wp\/v2\/types\/product"}],"version-history":[{"count":3,"href":"https:\/\/edel.fr\/en\/wp-json\/wp\/v2\/product\/16241\/revisions"}],"predecessor-version":[{"id":16346,"href":"https:\/\/edel.fr\/en\/wp-json\/wp\/v2\/product\/16241\/revisions\/16346"}],"wp:featuredmedia":[{"embeddable":true,"href":"https:\/\/edel.fr\/en\/wp-json\/wp\/v2\/media\/8645"}],"wp:attachment":[{"href":"https:\/\/edel.fr\/en\/wp-json\/wp\/v2\/media?parent=16241"}],"wp:term":[{"taxonomy":"product_brand","embeddable":true,"href":"https:\/\/edel.fr\/en\/wp-json\/wp\/v2\/product_brand?post=16241"},{"taxonomy":"product_cat","embeddable":true,"href":"https:\/\/edel.fr\/en\/wp-json\/wp\/v2\/product_cat?post=16241"},{"taxonomy":"product_tag","embeddable":true,"href":"https:\/\/edel.fr\/en\/wp-json\/wp\/v2\/product_tag?post=16241"},{"taxonomy":"tracteur","embeddable":true,"href":"https:\/\/edel.fr\/en\/wp-json\/wp\/v2\/tracteur?post=16241"}],"curies":[{"name":"wp","href":"https:\/\/api.w.org\/{rel}","templated":true}]}}