{"id":16260,"date":"2023-10-04T14:44:39","date_gmt":"2023-10-04T12:44:39","guid":{"rendered":"https:\/\/www.edel.fr\/?post_type=product&#038;p=16260"},"modified":"2025-11-05T21:06:29","modified_gmt":"2025-11-05T20:06:29","slug":"couronne-de-demarrage-case-ih-129-dents-734-745","status":"publish","type":"product","link":"https:\/\/edel.fr\/en\/product\/couronne-de-demarrage-case-ih-129-dents-734-745\/","title":{"rendered":"Couronne d\u00e9marrage 129z CNH 3055133R1 &#8211; Tracteur agricole CASE IH 734 744 745"},"content":{"rendered":"<div data-elementor-type=\"wp-post\" data-elementor-id=\"16260\" class=\"elementor elementor-16260\">\n\t\t\t\t\t\t<section class=\"elementor-section elementor-top-section elementor-element elementor-element-60364ece elementor-section-boxed elementor-section-height-default elementor-section-height-default\" data-id=\"60364ece\" data-element_type=\"section\" data-e-type=\"section\">\n\t\t\t\t\t\t<div class=\"elementor-container elementor-column-gap-default\">\n\t\t\t\t\t<div class=\"elementor-column elementor-col-100 elementor-top-column elementor-element elementor-element-541413d7\" data-id=\"541413d7\" data-element_type=\"column\" data-e-type=\"column\">\n\t\t\t<div class=\"elementor-widget-wrap elementor-element-populated\">\n\t\t\t\t\t\t<div class=\"elementor-element elementor-element-1bb83021 elementor-widget elementor-widget-heading\" data-id=\"1bb83021\" data-element_type=\"widget\" data-e-type=\"widget\" data-widget_type=\"heading.default\">\n\t\t\t\t<div class=\"elementor-widget-container\">\n\t\t\t\t\t<h2 class=\"elementor-heading-title elementor-size-default\">couronne de d\u00e9marrage Tracteur CASE IH - 129 DENTS<br><\/h2>\t\t\t\t<\/div>\n\t\t\t\t<\/div>\n\t\t\t\t\t<\/div>\n\t\t<\/div>\n\t\t\t\t\t<\/div>\n\t\t<\/section>\n\t\t\t\t<section class=\"elementor-section elementor-top-section elementor-element elementor-element-6354b31d elementor-section-boxed elementor-section-height-default elementor-section-height-default\" data-id=\"6354b31d\" data-element_type=\"section\" data-e-type=\"section\">\n\t\t\t\t\t\t<div class=\"elementor-container elementor-column-gap-default\">\n\t\t\t\t\t<div class=\"elementor-column elementor-col-100 elementor-top-column elementor-element elementor-element-5a7343ce\" data-id=\"5a7343ce\" data-element_type=\"column\" data-e-type=\"column\">\n\t\t\t<div class=\"elementor-widget-wrap elementor-element-populated\">\n\t\t\t\t\t\t<div class=\"elementor-element elementor-element-114c1af0 elementor-widget elementor-widget-text-editor\" data-id=\"114c1af0\" data-element_type=\"widget\" data-e-type=\"widget\" data-widget_type=\"text-editor.default\">\n\t\t\t\t<div class=\"elementor-widget-container\">\n\t\t\t\t\t\t\t\t\t<p>Couronne de d\u00e9marrage tracteur Case IH 129 dents.<\/p><p>Reference origine CNH&nbsp;3055133R1<\/p>\n<p>Pour tracteur Case IH type : 523, 553, 554, 623, 624, 644, 645, 654, 724, 734, 743, 744, 745, 754, 824, 834.<\/p>\n<p>Nous proposons \u00e9galement la&nbsp;<a href=\"https:\/\/edel.fr\/en\/couronne-de-demarrage-case-ih-134-dents-844-845\/\" target=\"_blank\" rel=\"noopener\">couronne en 134 dents<\/a>.<\/p>\n<p>Vous trouverez aussi le&nbsp;<a href=\"https:\/\/edel.fr\/en\/volant-moteur-case-ih-avec-couronne-624-644-734-745\/\" target=\"_blank\" rel=\"noopener\">volant moteur d\u00e9j\u00e0 \u00e9quip\u00e9 de sa couronne 129 dents<\/a>,<\/p>\n<p>Ainsi que le&nbsp;<a href=\"https:\/\/edel.fr\/en\/kit-complet-mecanisme-double-disque-av-cerametallique-2-butees-et-roulement-pilote-case-ih-o280-295-10-22-cannelures\/\" target=\"_blank\" rel=\"noopener\">kit embrayage<\/a>&nbsp;complet correspondant.<\/p>\n<p>Bien s\u00fbr, pour plus de renseignements, n&rsquo;h\u00e9sitez pas \u00e0 nous consulter !<\/p>\t\t\t\t\t\t\t\t<\/div>\n\t\t\t\t<\/div>\n\t\t\t\t\t<\/div>\n\t\t<\/div>\n\t\t\t\t\t<\/div>\n\t\t<\/section>\n\t\t\t\t<\/div>","protected":false},"excerpt":{"rendered":"<p>couronne de d\u00e9marrage Tracteur CASE IH &#8211; 129 DENTS Couronne de d\u00e9marrage tracteur Case IH 129 dents. Reference origine CNH\u00a03055133R1 Pour tracteur Case IH type : 523, 553, 554, 623, 624, 644, 645, 654, 724, 734, 743, 744, 745, 754, 824, 834. Nous proposons \u00e9galement la\u00a0couronne en 134 dents. Vous trouverez aussi le\u00a0volant moteur d\u00e9j\u00e0<br \/><a class=\"more-link\" href=\"https:\/\/edel.fr\/en\/product\/couronne-de-demarrage-case-ih-129-dents-734-745\/\"><br \/>\n        Read More<span class=\"screen-reader-text\"> \u00ab\u00a0Couronne d\u00e9marrage 129z CNH 3055133R1 &#8211; Tracteur agricole CASE IH 734 744 745\u00a0\u00bb<\/span><\/a><\/p>","protected":false},"featured_media":16263,"template":"","meta":[],"product_brand":[],"product_cat":[119,120,128],"product_tag":[143,124],"tracteur":[],"class_list":{"0":"post-16260","1":"product","2":"type-product","3":"status-publish","4":"has-post-thumbnail","6":"product_cat-tracteurs-agricoles","7":"product_cat-transmissions","8":"product_cat-volants-moteurs","9":"product_tag-kits-dembrayage","10":"product_tag-transmissions","11":"product_shipping_class-142","12":"pa_marque-tracteur-case-ih","13":"pa_reference-cnh-3055133r1","14":"pa_type-2-1219","15":"pa_type-2-1153","16":"pa_type-2-2091","17":"pa_type-2-2476","18":"pa_type-2-2092","19":"pa_type-2-1220","20":"pa_type-2-2093","21":"pa_type-2-1157","22":"pa_type-2-1221","23":"pa_type-2-2094","24":"pa_type-2-2095","25":"pa_type-2-1222","26":"pa_type-2-1223","27":"pa_type-2-1161","28":"pa_type-2-2205","29":"pa_type-2-2096","30":"badges-style-2","32":"first","33":"instock","34":"taxable","35":"shipping-taxable","36":"purchasable","37":"product-type-simple"},"acf":[],"yoast_head":"<!-- This site is optimized with the Yoast SEO plugin v27.3 - https:\/\/yoast.com\/product\/yoast-seo-wordpress\/ -->\n<title>Couronne d\u00e9marrage 129z CNH 3055133R1 - Tracteur agricole CASE IH 734 744 745 - Edel<\/title>\n<meta name=\"description\" content=\"Couronne volant moteur 129 z CASE IH 523 553 554 623 654 645 724 824 624 644 734 745 844 845 - Reference CNH 3055133R1 3144651R9 3144654R91Tracteur agricole\" \/>\n<meta name=\"robots\" content=\"index, follow, max-snippet:-1, max-image-preview:large, max-video-preview:-1\" \/>\n<link rel=\"canonical\" href=\"https:\/\/edel.fr\/en\/product\/couronne-de-demarrage-case-ih-129-dents-734-745\/\" \/>\n<meta property=\"og:locale\" content=\"en_US\" \/>\n<meta property=\"og:type\" content=\"article\" \/>\n<meta property=\"og:title\" content=\"Couronne d\u00e9marrage 129z CNH 3055133R1 - Tracteur agricole CASE IH 734 744 745 - Edel\" \/>\n<meta property=\"og:description\" content=\"Couronne volant moteur 129 z CASE IH 523 553 554 623 654 645 724 824 624 644 734 745 844 845 - Reference CNH 3055133R1 3144651R9 3144654R91Tracteur agricole\" \/>\n<meta property=\"og:url\" content=\"https:\/\/edel.fr\/en\/product\/couronne-de-demarrage-case-ih-129-dents-734-745\/\" \/>\n<meta property=\"og:site_name\" content=\"Edel\" \/>\n<meta property=\"article:modified_time\" content=\"2025-11-05T20:06:29+00:00\" \/>\n<meta property=\"og:image\" content=\"https:\/\/edel.fr\/uploads\/2023\/10\/Couronne-129-dts.png\" \/>\n\t<meta property=\"og:image:width\" content=\"2570\" \/>\n\t<meta property=\"og:image:height\" content=\"2450\" \/>\n\t<meta property=\"og:image:type\" content=\"image\/png\" \/>\n<meta name=\"twitter:card\" content=\"summary_large_image\" \/>\n<meta name=\"twitter:label1\" content=\"Est. reading time\" \/>\n\t<meta name=\"twitter:data1\" content=\"1 minute\" \/>\n<script type=\"application\/ld+json\" class=\"yoast-schema-graph\">{\"@context\":\"https:\\\/\\\/schema.org\",\"@graph\":[{\"@type\":\"WebPage\",\"@id\":\"https:\\\/\\\/edel.fr\\\/en\\\/product\\\/couronne-de-demarrage-case-ih-129-dents-734-745\\\/\",\"url\":\"https:\\\/\\\/edel.fr\\\/en\\\/product\\\/couronne-de-demarrage-case-ih-129-dents-734-745\\\/\",\"name\":\"Couronne d\u00e9marrage 129z CNH 3055133R1 - Tracteur agricole CASE IH 734 744 745 - Edel\",\"isPartOf\":{\"@id\":\"http:\\\/\\\/www.edel.fr\\\/en\\\/#website\"},\"primaryImageOfPage\":{\"@id\":\"https:\\\/\\\/edel.fr\\\/en\\\/product\\\/couronne-de-demarrage-case-ih-129-dents-734-745\\\/#primaryimage\"},\"image\":{\"@id\":\"https:\\\/\\\/edel.fr\\\/en\\\/product\\\/couronne-de-demarrage-case-ih-129-dents-734-745\\\/#primaryimage\"},\"thumbnailUrl\":\"https:\\\/\\\/edel.fr\\\/uploads\\\/2023\\\/10\\\/Couronne-129-dts.png\",\"datePublished\":\"2023-10-04T12:44:39+00:00\",\"dateModified\":\"2025-11-05T20:06:29+00:00\",\"description\":\"Couronne volant moteur 129 z CASE IH 523 553 554 623 654 645 724 824 624 644 734 745 844 845 - Reference CNH 3055133R1 3144651R9 3144654R91Tracteur agricole\",\"breadcrumb\":{\"@id\":\"https:\\\/\\\/edel.fr\\\/en\\\/product\\\/couronne-de-demarrage-case-ih-129-dents-734-745\\\/#breadcrumb\"},\"inLanguage\":\"en-US\",\"potentialAction\":[{\"@type\":\"ReadAction\",\"target\":[\"https:\\\/\\\/edel.fr\\\/en\\\/product\\\/couronne-de-demarrage-case-ih-129-dents-734-745\\\/\"]}]},{\"@type\":\"ImageObject\",\"inLanguage\":\"en-US\",\"@id\":\"https:\\\/\\\/edel.fr\\\/en\\\/product\\\/couronne-de-demarrage-case-ih-129-dents-734-745\\\/#primaryimage\",\"url\":\"https:\\\/\\\/edel.fr\\\/uploads\\\/2023\\\/10\\\/Couronne-129-dts.png\",\"contentUrl\":\"https:\\\/\\\/edel.fr\\\/uploads\\\/2023\\\/10\\\/Couronne-129-dts.png\",\"width\":2570,\"height\":2450},{\"@type\":\"BreadcrumbList\",\"@id\":\"https:\\\/\\\/edel.fr\\\/en\\\/product\\\/couronne-de-demarrage-case-ih-129-dents-734-745\\\/#breadcrumb\",\"itemListElement\":[{\"@type\":\"ListItem\",\"position\":1,\"name\":\"Pi\u00e8ce Tracteur\",\"item\":\"http:\\\/\\\/www.edel.fr\\\/en\\\/\"},{\"@type\":\"ListItem\",\"position\":2,\"name\":\"Toutes nos pi\u00e8ces Tracteur\",\"item\":\"https:\\\/\\\/edel.fr\\\/shop\\\/\"},{\"@type\":\"ListItem\",\"position\":3,\"name\":\"Couronne d\u00e9marrage 129z CNH 3055133R1 &#8211; Tracteur agricole CASE IH 734 744 745\"}]},{\"@type\":\"WebSite\",\"@id\":\"http:\\\/\\\/www.edel.fr\\\/en\\\/#website\",\"url\":\"http:\\\/\\\/www.edel.fr\\\/en\\\/\",\"name\":\"Edel\",\"description\":\"Pi\u00e8ce d\u00e9tach\u00e9e de Tracteur Agricole\",\"publisher\":{\"@id\":\"http:\\\/\\\/www.edel.fr\\\/en\\\/#organization\"},\"potentialAction\":[{\"@type\":\"SearchAction\",\"target\":{\"@type\":\"EntryPoint\",\"urlTemplate\":\"http:\\\/\\\/www.edel.fr\\\/en\\\/?s={search_term_string}\"},\"query-input\":{\"@type\":\"PropertyValueSpecification\",\"valueRequired\":true,\"valueName\":\"search_term_string\"}}],\"inLanguage\":\"en-US\"},{\"@type\":\"Organization\",\"@id\":\"http:\\\/\\\/www.edel.fr\\\/en\\\/#organization\",\"name\":\"Edel\",\"url\":\"http:\\\/\\\/www.edel.fr\\\/en\\\/\",\"logo\":{\"@type\":\"ImageObject\",\"inLanguage\":\"en-US\",\"@id\":\"http:\\\/\\\/www.edel.fr\\\/en\\\/#\\\/schema\\\/logo\\\/image\\\/\",\"url\":\"https:\\\/\\\/www.edel.fr\\\/uploads\\\/2018\\\/11\\\/logo-edel.png\",\"contentUrl\":\"https:\\\/\\\/www.edel.fr\\\/uploads\\\/2018\\\/11\\\/logo-edel.png\",\"width\":257,\"height\":68,\"caption\":\"Edel\"},\"image\":{\"@id\":\"http:\\\/\\\/www.edel.fr\\\/en\\\/#\\\/schema\\\/logo\\\/image\\\/\"}}]}<\/script>\n<!-- \/ Yoast SEO plugin. -->","yoast_head_json":{"title":"Couronne d\u00e9marrage 129z CNH 3055133R1 - Tracteur agricole CASE IH 734 744 745 - Edel","description":"Couronne volant moteur 129 z CASE IH 523 553 554 623 654 645 724 824 624 644 734 745 844 845 - Reference CNH 3055133R1 3144651R9 3144654R91Tracteur agricole","robots":{"index":"index","follow":"follow","max-snippet":"max-snippet:-1","max-image-preview":"max-image-preview:large","max-video-preview":"max-video-preview:-1"},"canonical":"https:\/\/edel.fr\/en\/product\/couronne-de-demarrage-case-ih-129-dents-734-745\/","og_locale":"en_US","og_type":"article","og_title":"Couronne d\u00e9marrage 129z CNH 3055133R1 - Tracteur agricole CASE IH 734 744 745 - Edel","og_description":"Couronne volant moteur 129 z CASE IH 523 553 554 623 654 645 724 824 624 644 734 745 844 845 - Reference CNH 3055133R1 3144651R9 3144654R91Tracteur agricole","og_url":"https:\/\/edel.fr\/en\/product\/couronne-de-demarrage-case-ih-129-dents-734-745\/","og_site_name":"Edel","article_modified_time":"2025-11-05T20:06:29+00:00","og_image":[{"width":2570,"height":2450,"url":"https:\/\/edel.fr\/uploads\/2023\/10\/Couronne-129-dts.png","type":"image\/png"}],"twitter_card":"summary_large_image","twitter_misc":{"Est. reading time":"1 minute"},"schema":{"@context":"https:\/\/schema.org","@graph":[{"@type":"WebPage","@id":"https:\/\/edel.fr\/en\/product\/couronne-de-demarrage-case-ih-129-dents-734-745\/","url":"https:\/\/edel.fr\/en\/product\/couronne-de-demarrage-case-ih-129-dents-734-745\/","name":"Couronne d\u00e9marrage 129z CNH 3055133R1 - Tracteur agricole CASE IH 734 744 745 - Edel","isPartOf":{"@id":"http:\/\/www.edel.fr\/en\/#website"},"primaryImageOfPage":{"@id":"https:\/\/edel.fr\/en\/product\/couronne-de-demarrage-case-ih-129-dents-734-745\/#primaryimage"},"image":{"@id":"https:\/\/edel.fr\/en\/product\/couronne-de-demarrage-case-ih-129-dents-734-745\/#primaryimage"},"thumbnailUrl":"https:\/\/edel.fr\/uploads\/2023\/10\/Couronne-129-dts.png","datePublished":"2023-10-04T12:44:39+00:00","dateModified":"2025-11-05T20:06:29+00:00","description":"Couronne volant moteur 129 z CASE IH 523 553 554 623 654 645 724 824 624 644 734 745 844 845 - Reference CNH 3055133R1 3144651R9 3144654R91Tracteur agricole","breadcrumb":{"@id":"https:\/\/edel.fr\/en\/product\/couronne-de-demarrage-case-ih-129-dents-734-745\/#breadcrumb"},"inLanguage":"en-US","potentialAction":[{"@type":"ReadAction","target":["https:\/\/edel.fr\/en\/product\/couronne-de-demarrage-case-ih-129-dents-734-745\/"]}]},{"@type":"ImageObject","inLanguage":"en-US","@id":"https:\/\/edel.fr\/en\/product\/couronne-de-demarrage-case-ih-129-dents-734-745\/#primaryimage","url":"https:\/\/edel.fr\/uploads\/2023\/10\/Couronne-129-dts.png","contentUrl":"https:\/\/edel.fr\/uploads\/2023\/10\/Couronne-129-dts.png","width":2570,"height":2450},{"@type":"BreadcrumbList","@id":"https:\/\/edel.fr\/en\/product\/couronne-de-demarrage-case-ih-129-dents-734-745\/#breadcrumb","itemListElement":[{"@type":"ListItem","position":1,"name":"Pi\u00e8ce Tracteur","item":"http:\/\/www.edel.fr\/en\/"},{"@type":"ListItem","position":2,"name":"Toutes nos pi\u00e8ces Tracteur","item":"https:\/\/edel.fr\/shop\/"},{"@type":"ListItem","position":3,"name":"Couronne d\u00e9marrage 129z CNH 3055133R1 &#8211; Tracteur agricole CASE IH 734 744 745"}]},{"@type":"WebSite","@id":"http:\/\/www.edel.fr\/en\/#website","url":"http:\/\/www.edel.fr\/en\/","name":"Edel","description":"Pi\u00e8ce d\u00e9tach\u00e9e de Tracteur Agricole","publisher":{"@id":"http:\/\/www.edel.fr\/en\/#organization"},"potentialAction":[{"@type":"SearchAction","target":{"@type":"EntryPoint","urlTemplate":"http:\/\/www.edel.fr\/en\/?s={search_term_string}"},"query-input":{"@type":"PropertyValueSpecification","valueRequired":true,"valueName":"search_term_string"}}],"inLanguage":"en-US"},{"@type":"Organization","@id":"http:\/\/www.edel.fr\/en\/#organization","name":"Edel","url":"http:\/\/www.edel.fr\/en\/","logo":{"@type":"ImageObject","inLanguage":"en-US","@id":"http:\/\/www.edel.fr\/en\/#\/schema\/logo\/image\/","url":"https:\/\/www.edel.fr\/uploads\/2018\/11\/logo-edel.png","contentUrl":"https:\/\/www.edel.fr\/uploads\/2018\/11\/logo-edel.png","width":257,"height":68,"caption":"Edel"},"image":{"@id":"http:\/\/www.edel.fr\/en\/#\/schema\/logo\/image\/"}}]}},"_links":{"self":[{"href":"https:\/\/edel.fr\/en\/wp-json\/wp\/v2\/product\/16260","targetHints":{"allow":["GET"]}}],"collection":[{"href":"https:\/\/edel.fr\/en\/wp-json\/wp\/v2\/product"}],"about":[{"href":"https:\/\/edel.fr\/en\/wp-json\/wp\/v2\/types\/product"}],"version-history":[{"count":3,"href":"https:\/\/edel.fr\/en\/wp-json\/wp\/v2\/product\/16260\/revisions"}],"predecessor-version":[{"id":18820,"href":"https:\/\/edel.fr\/en\/wp-json\/wp\/v2\/product\/16260\/revisions\/18820"}],"wp:featuredmedia":[{"embeddable":true,"href":"https:\/\/edel.fr\/en\/wp-json\/wp\/v2\/media\/16263"}],"wp:attachment":[{"href":"https:\/\/edel.fr\/en\/wp-json\/wp\/v2\/media?parent=16260"}],"wp:term":[{"taxonomy":"product_brand","embeddable":true,"href":"https:\/\/edel.fr\/en\/wp-json\/wp\/v2\/product_brand?post=16260"},{"taxonomy":"product_cat","embeddable":true,"href":"https:\/\/edel.fr\/en\/wp-json\/wp\/v2\/product_cat?post=16260"},{"taxonomy":"product_tag","embeddable":true,"href":"https:\/\/edel.fr\/en\/wp-json\/wp\/v2\/product_tag?post=16260"},{"taxonomy":"tracteur","embeddable":true,"href":"https:\/\/edel.fr\/en\/wp-json\/wp\/v2\/tracteur?post=16260"}],"curies":[{"name":"wp","href":"https:\/\/api.w.org\/{rel}","templated":true}]}}