{"id":16510,"date":"2024-01-09T09:11:45","date_gmt":"2024-01-09T08:11:45","guid":{"rendered":"https:\/\/www.edel.fr\/?post_type=product&#038;p=16510"},"modified":"2026-01-09T02:00:17","modified_gmt":"2026-01-09T01:00:17","slug":"pompe-a-huile-case-ih-3-cylindres-moteurs-d111-d155-d179-tracteur","status":"publish","type":"product","link":"https:\/\/edel.fr\/en\/product\/pompe-a-huile-case-ih-3-cylindres-moteurs-d111-d155-d179-tracteur\/","title":{"rendered":"Pompe \u00e0 huile Case IH 3 Cylindres &#8211; Moteurs D155 D179 Tracteur"},"content":{"rendered":"<div data-elementor-type=\"wp-post\" data-elementor-id=\"16510\" class=\"elementor elementor-16510\">\n\t\t\t\t\t\t<section class=\"elementor-section elementor-top-section elementor-element elementor-element-59600065 elementor-section-boxed elementor-section-height-default elementor-section-height-default\" data-id=\"59600065\" data-element_type=\"section\" data-e-type=\"section\">\n\t\t\t\t\t\t<div class=\"elementor-container elementor-column-gap-default\">\n\t\t\t\t\t<div class=\"elementor-column elementor-col-100 elementor-top-column elementor-element elementor-element-7cc515d4\" data-id=\"7cc515d4\" data-element_type=\"column\" data-e-type=\"column\">\n\t\t\t<div class=\"elementor-widget-wrap elementor-element-populated\">\n\t\t\t\t\t\t<div class=\"elementor-element elementor-element-226027ad elementor-widget elementor-widget-heading\" data-id=\"226027ad\" data-element_type=\"widget\" data-e-type=\"widget\" data-widget_type=\"heading.default\">\n\t\t\t\t<div class=\"elementor-widget-container\">\n\t\t\t\t\t<h2 class=\"elementor-heading-title elementor-size-default\">Pompe \u00e0 huile Case IH 3 Cylindres - D155 D179<\/h2>\t\t\t\t<\/div>\n\t\t\t\t<\/div>\n\t\t\t\t<div class=\"elementor-element elementor-element-5bbdd7db elementor-widget elementor-widget-heading\" data-id=\"5bbdd7db\" data-element_type=\"widget\" data-e-type=\"widget\" data-widget_type=\"heading.default\">\n\t\t\t\t<div class=\"elementor-widget-container\">\n\t\t\t\t\t<h3 class=\"elementor-heading-title elementor-size-default\">Information du produit :<\/h3>\t\t\t\t<\/div>\n\t\t\t\t<\/div>\n\t\t\t\t\t<\/div>\n\t\t<\/div>\n\t\t\t\t\t<\/div>\n\t\t<\/section>\n\t\t\t\t<section class=\"elementor-section elementor-top-section elementor-element elementor-element-290ca7d1 elementor-section-boxed elementor-section-height-default elementor-section-height-default\" data-id=\"290ca7d1\" data-element_type=\"section\" data-e-type=\"section\">\n\t\t\t\t\t\t<div class=\"elementor-container elementor-column-gap-default\">\n\t\t\t\t\t<div class=\"elementor-column elementor-col-100 elementor-top-column elementor-element elementor-element-773f35b7\" data-id=\"773f35b7\" data-element_type=\"column\" data-e-type=\"column\">\n\t\t\t<div class=\"elementor-widget-wrap elementor-element-populated\">\n\t\t\t\t\t\t<div class=\"elementor-element elementor-element-7774c225 elementor-widget elementor-widget-text-editor\" data-id=\"7774c225\" data-element_type=\"widget\" data-e-type=\"widget\" data-widget_type=\"text-editor.default\">\n\t\t\t\t<div class=\"elementor-widget-container\">\n\t\t\t\t\t\t\t\t\t<p>Pompe \u00e0 huile moteurs CASE IH 3 Cylindres<\/p><p>Moteurs D155 D179<\/p><p>Tracteur CASE IHC 323 324 326 353 383 423 433 453 523 533 553 633 733<\/p><div><div>\u00a0<\/div><\/div>\t\t\t\t\t\t\t\t<\/div>\n\t\t\t\t<\/div>\n\t\t\t\t\t<\/div>\n\t\t<\/div>\n\t\t\t\t\t<\/div>\n\t\t<\/section>\n\t\t\t\t<\/div>","protected":false},"excerpt":{"rendered":"<p>Pompe \u00e0 huile Case IH 3 Cylindres &#8211; D155 D179 Information du produit : Pompe \u00e0 huile moteurs CASE IH 3 Cylindres Moteurs D155 D179 Tracteur CASE IHC 323 324 326 353 383 423 433 453 523 533 553 633 733<\/p>","protected":false},"featured_media":8062,"template":"","meta":[],"product_brand":[],"product_cat":[153,210,119],"product_tag":[],"tracteur":[],"class_list":{"0":"post-16510","1":"product","2":"type-product","3":"status-publish","4":"has-post-thumbnail","6":"product_cat-pieces-moteur","7":"product_cat-pompes-a-huile","8":"product_cat-tracteurs-agricoles","9":"product_shipping_class-142","10":"pa_marque-tracteur-case-ih","11":"pa_type-2-2184","12":"pa_type-2-2185","13":"pa_type-2-2186","14":"pa_type-2-2098","15":"pa_type-2-2099","16":"pa_type-2-1421","17":"pa_type-2-2100","18":"pa_type-2-1218","19":"pa_type-2-1219","20":"pa_type-2-1153","21":"pa_type-2-1423","22":"pa_type-2-2102","23":"badges-style-2","25":"first","26":"instock","27":"taxable","28":"shipping-taxable","29":"purchasable","30":"product-type-simple"},"acf":[],"yoast_head":"<!-- This site is optimized with the Yoast SEO plugin v27.3 - https:\/\/yoast.com\/product\/yoast-seo-wordpress\/ -->\n<title>Pompe \u00e0 huile Case IH 3 Cylindres - Moteurs D111 D155 D179 - Edel<\/title>\n<meta name=\"description\" content=\"Pompe \u00e0 huile IH 3 Cylindres - Moteurs D111 D155 D179 - Tracteur CASE IHC 323 324 326 353 383 423 433 453 523 533 553 633 733\" \/>\n<meta name=\"robots\" content=\"index, follow, max-snippet:-1, max-image-preview:large, max-video-preview:-1\" \/>\n<link rel=\"canonical\" href=\"https:\/\/edel.fr\/en\/product\/pompe-a-huile-case-ih-3-cylindres-moteurs-d111-d155-d179-tracteur\/\" \/>\n<meta property=\"og:locale\" content=\"en_US\" \/>\n<meta property=\"og:type\" content=\"article\" \/>\n<meta property=\"og:title\" content=\"Pompe \u00e0 huile Case IH 3 Cylindres - Moteurs D111 D155 D179 - Edel\" \/>\n<meta property=\"og:description\" content=\"Pompe \u00e0 huile IH 3 Cylindres - Moteurs D111 D155 D179 - Tracteur CASE IHC 323 324 326 353 383 423 433 453 523 533 553 633 733\" \/>\n<meta property=\"og:url\" content=\"https:\/\/edel.fr\/en\/product\/pompe-a-huile-case-ih-3-cylindres-moteurs-d111-d155-d179-tracteur\/\" \/>\n<meta property=\"og:site_name\" content=\"Edel\" \/>\n<meta property=\"article:modified_time\" content=\"2026-01-09T01:00:17+00:00\" \/>\n<meta property=\"og:image\" content=\"https:\/\/edel.fr\/uploads\/2020\/11\/pompe-huile-4cyl.jpg\" \/>\n\t<meta property=\"og:image:width\" content=\"1512\" \/>\n\t<meta property=\"og:image:height\" content=\"1389\" \/>\n\t<meta property=\"og:image:type\" content=\"image\/jpeg\" \/>\n<meta name=\"twitter:card\" content=\"summary_large_image\" \/>\n<meta name=\"twitter:label1\" content=\"Est. reading time\" \/>\n\t<meta name=\"twitter:data1\" content=\"1 minute\" \/>\n<script type=\"application\/ld+json\" class=\"yoast-schema-graph\">{\"@context\":\"https:\\\/\\\/schema.org\",\"@graph\":[{\"@type\":\"WebPage\",\"@id\":\"https:\\\/\\\/edel.fr\\\/en\\\/product\\\/pompe-a-huile-case-ih-3-cylindres-moteurs-d111-d155-d179-tracteur\\\/\",\"url\":\"https:\\\/\\\/edel.fr\\\/en\\\/product\\\/pompe-a-huile-case-ih-3-cylindres-moteurs-d111-d155-d179-tracteur\\\/\",\"name\":\"Pompe \u00e0 huile Case IH 3 Cylindres - Moteurs D111 D155 D179 - Edel\",\"isPartOf\":{\"@id\":\"http:\\\/\\\/www.edel.fr\\\/en\\\/#website\"},\"primaryImageOfPage\":{\"@id\":\"https:\\\/\\\/edel.fr\\\/en\\\/product\\\/pompe-a-huile-case-ih-3-cylindres-moteurs-d111-d155-d179-tracteur\\\/#primaryimage\"},\"image\":{\"@id\":\"https:\\\/\\\/edel.fr\\\/en\\\/product\\\/pompe-a-huile-case-ih-3-cylindres-moteurs-d111-d155-d179-tracteur\\\/#primaryimage\"},\"thumbnailUrl\":\"https:\\\/\\\/edel.fr\\\/uploads\\\/2020\\\/11\\\/pompe-huile-4cyl.jpg\",\"datePublished\":\"2024-01-09T08:11:45+00:00\",\"dateModified\":\"2026-01-09T01:00:17+00:00\",\"description\":\"Pompe \u00e0 huile IH 3 Cylindres - Moteurs D111 D155 D179 - Tracteur CASE IHC 323 324 326 353 383 423 433 453 523 533 553 633 733\",\"breadcrumb\":{\"@id\":\"https:\\\/\\\/edel.fr\\\/en\\\/product\\\/pompe-a-huile-case-ih-3-cylindres-moteurs-d111-d155-d179-tracteur\\\/#breadcrumb\"},\"inLanguage\":\"en-US\",\"potentialAction\":[{\"@type\":\"ReadAction\",\"target\":[\"https:\\\/\\\/edel.fr\\\/en\\\/product\\\/pompe-a-huile-case-ih-3-cylindres-moteurs-d111-d155-d179-tracteur\\\/\"]}]},{\"@type\":\"ImageObject\",\"inLanguage\":\"en-US\",\"@id\":\"https:\\\/\\\/edel.fr\\\/en\\\/product\\\/pompe-a-huile-case-ih-3-cylindres-moteurs-d111-d155-d179-tracteur\\\/#primaryimage\",\"url\":\"https:\\\/\\\/edel.fr\\\/uploads\\\/2020\\\/11\\\/pompe-huile-4cyl.jpg\",\"contentUrl\":\"https:\\\/\\\/edel.fr\\\/uploads\\\/2020\\\/11\\\/pompe-huile-4cyl.jpg\",\"width\":1512,\"height\":1389,\"caption\":\"Pompe \u00e0 huile 4 Cylindres\"},{\"@type\":\"BreadcrumbList\",\"@id\":\"https:\\\/\\\/edel.fr\\\/en\\\/product\\\/pompe-a-huile-case-ih-3-cylindres-moteurs-d111-d155-d179-tracteur\\\/#breadcrumb\",\"itemListElement\":[{\"@type\":\"ListItem\",\"position\":1,\"name\":\"Pi\u00e8ce Tracteur\",\"item\":\"http:\\\/\\\/www.edel.fr\\\/en\\\/\"},{\"@type\":\"ListItem\",\"position\":2,\"name\":\"Toutes nos pi\u00e8ces Tracteur\",\"item\":\"https:\\\/\\\/edel.fr\\\/shop\\\/\"},{\"@type\":\"ListItem\",\"position\":3,\"name\":\"Pompe \u00e0 huile Case IH 3 Cylindres &#8211; Moteurs D155 D179 Tracteur\"}]},{\"@type\":\"WebSite\",\"@id\":\"http:\\\/\\\/www.edel.fr\\\/en\\\/#website\",\"url\":\"http:\\\/\\\/www.edel.fr\\\/en\\\/\",\"name\":\"Edel\",\"description\":\"Pi\u00e8ce d\u00e9tach\u00e9e de Tracteur Agricole\",\"publisher\":{\"@id\":\"http:\\\/\\\/www.edel.fr\\\/en\\\/#organization\"},\"potentialAction\":[{\"@type\":\"SearchAction\",\"target\":{\"@type\":\"EntryPoint\",\"urlTemplate\":\"http:\\\/\\\/www.edel.fr\\\/en\\\/?s={search_term_string}\"},\"query-input\":{\"@type\":\"PropertyValueSpecification\",\"valueRequired\":true,\"valueName\":\"search_term_string\"}}],\"inLanguage\":\"en-US\"},{\"@type\":\"Organization\",\"@id\":\"http:\\\/\\\/www.edel.fr\\\/en\\\/#organization\",\"name\":\"Edel\",\"url\":\"http:\\\/\\\/www.edel.fr\\\/en\\\/\",\"logo\":{\"@type\":\"ImageObject\",\"inLanguage\":\"en-US\",\"@id\":\"http:\\\/\\\/www.edel.fr\\\/en\\\/#\\\/schema\\\/logo\\\/image\\\/\",\"url\":\"https:\\\/\\\/www.edel.fr\\\/uploads\\\/2018\\\/11\\\/logo-edel.png\",\"contentUrl\":\"https:\\\/\\\/www.edel.fr\\\/uploads\\\/2018\\\/11\\\/logo-edel.png\",\"width\":257,\"height\":68,\"caption\":\"Edel\"},\"image\":{\"@id\":\"http:\\\/\\\/www.edel.fr\\\/en\\\/#\\\/schema\\\/logo\\\/image\\\/\"}}]}<\/script>\n<!-- \/ Yoast SEO plugin. -->","yoast_head_json":{"title":"Pompe \u00e0 huile Case IH 3 Cylindres - Moteurs D111 D155 D179 - Edel","description":"Pompe \u00e0 huile IH 3 Cylindres - Moteurs D111 D155 D179 - Tracteur CASE IHC 323 324 326 353 383 423 433 453 523 533 553 633 733","robots":{"index":"index","follow":"follow","max-snippet":"max-snippet:-1","max-image-preview":"max-image-preview:large","max-video-preview":"max-video-preview:-1"},"canonical":"https:\/\/edel.fr\/en\/product\/pompe-a-huile-case-ih-3-cylindres-moteurs-d111-d155-d179-tracteur\/","og_locale":"en_US","og_type":"article","og_title":"Pompe \u00e0 huile Case IH 3 Cylindres - Moteurs D111 D155 D179 - Edel","og_description":"Pompe \u00e0 huile IH 3 Cylindres - Moteurs D111 D155 D179 - Tracteur CASE IHC 323 324 326 353 383 423 433 453 523 533 553 633 733","og_url":"https:\/\/edel.fr\/en\/product\/pompe-a-huile-case-ih-3-cylindres-moteurs-d111-d155-d179-tracteur\/","og_site_name":"Edel","article_modified_time":"2026-01-09T01:00:17+00:00","og_image":[{"width":1512,"height":1389,"url":"https:\/\/edel.fr\/uploads\/2020\/11\/pompe-huile-4cyl.jpg","type":"image\/jpeg"}],"twitter_card":"summary_large_image","twitter_misc":{"Est. reading time":"1 minute"},"schema":{"@context":"https:\/\/schema.org","@graph":[{"@type":"WebPage","@id":"https:\/\/edel.fr\/en\/product\/pompe-a-huile-case-ih-3-cylindres-moteurs-d111-d155-d179-tracteur\/","url":"https:\/\/edel.fr\/en\/product\/pompe-a-huile-case-ih-3-cylindres-moteurs-d111-d155-d179-tracteur\/","name":"Pompe \u00e0 huile Case IH 3 Cylindres - Moteurs D111 D155 D179 - Edel","isPartOf":{"@id":"http:\/\/www.edel.fr\/en\/#website"},"primaryImageOfPage":{"@id":"https:\/\/edel.fr\/en\/product\/pompe-a-huile-case-ih-3-cylindres-moteurs-d111-d155-d179-tracteur\/#primaryimage"},"image":{"@id":"https:\/\/edel.fr\/en\/product\/pompe-a-huile-case-ih-3-cylindres-moteurs-d111-d155-d179-tracteur\/#primaryimage"},"thumbnailUrl":"https:\/\/edel.fr\/uploads\/2020\/11\/pompe-huile-4cyl.jpg","datePublished":"2024-01-09T08:11:45+00:00","dateModified":"2026-01-09T01:00:17+00:00","description":"Pompe \u00e0 huile IH 3 Cylindres - Moteurs D111 D155 D179 - Tracteur CASE IHC 323 324 326 353 383 423 433 453 523 533 553 633 733","breadcrumb":{"@id":"https:\/\/edel.fr\/en\/product\/pompe-a-huile-case-ih-3-cylindres-moteurs-d111-d155-d179-tracteur\/#breadcrumb"},"inLanguage":"en-US","potentialAction":[{"@type":"ReadAction","target":["https:\/\/edel.fr\/en\/product\/pompe-a-huile-case-ih-3-cylindres-moteurs-d111-d155-d179-tracteur\/"]}]},{"@type":"ImageObject","inLanguage":"en-US","@id":"https:\/\/edel.fr\/en\/product\/pompe-a-huile-case-ih-3-cylindres-moteurs-d111-d155-d179-tracteur\/#primaryimage","url":"https:\/\/edel.fr\/uploads\/2020\/11\/pompe-huile-4cyl.jpg","contentUrl":"https:\/\/edel.fr\/uploads\/2020\/11\/pompe-huile-4cyl.jpg","width":1512,"height":1389,"caption":"Pompe \u00e0 huile 4 Cylindres"},{"@type":"BreadcrumbList","@id":"https:\/\/edel.fr\/en\/product\/pompe-a-huile-case-ih-3-cylindres-moteurs-d111-d155-d179-tracteur\/#breadcrumb","itemListElement":[{"@type":"ListItem","position":1,"name":"Pi\u00e8ce Tracteur","item":"http:\/\/www.edel.fr\/en\/"},{"@type":"ListItem","position":2,"name":"Toutes nos pi\u00e8ces Tracteur","item":"https:\/\/edel.fr\/shop\/"},{"@type":"ListItem","position":3,"name":"Pompe \u00e0 huile Case IH 3 Cylindres &#8211; Moteurs D155 D179 Tracteur"}]},{"@type":"WebSite","@id":"http:\/\/www.edel.fr\/en\/#website","url":"http:\/\/www.edel.fr\/en\/","name":"Edel","description":"Pi\u00e8ce d\u00e9tach\u00e9e de Tracteur Agricole","publisher":{"@id":"http:\/\/www.edel.fr\/en\/#organization"},"potentialAction":[{"@type":"SearchAction","target":{"@type":"EntryPoint","urlTemplate":"http:\/\/www.edel.fr\/en\/?s={search_term_string}"},"query-input":{"@type":"PropertyValueSpecification","valueRequired":true,"valueName":"search_term_string"}}],"inLanguage":"en-US"},{"@type":"Organization","@id":"http:\/\/www.edel.fr\/en\/#organization","name":"Edel","url":"http:\/\/www.edel.fr\/en\/","logo":{"@type":"ImageObject","inLanguage":"en-US","@id":"http:\/\/www.edel.fr\/en\/#\/schema\/logo\/image\/","url":"https:\/\/www.edel.fr\/uploads\/2018\/11\/logo-edel.png","contentUrl":"https:\/\/www.edel.fr\/uploads\/2018\/11\/logo-edel.png","width":257,"height":68,"caption":"Edel"},"image":{"@id":"http:\/\/www.edel.fr\/en\/#\/schema\/logo\/image\/"}}]}},"_links":{"self":[{"href":"https:\/\/edel.fr\/en\/wp-json\/wp\/v2\/product\/16510","targetHints":{"allow":["GET"]}}],"collection":[{"href":"https:\/\/edel.fr\/en\/wp-json\/wp\/v2\/product"}],"about":[{"href":"https:\/\/edel.fr\/en\/wp-json\/wp\/v2\/types\/product"}],"version-history":[{"count":3,"href":"https:\/\/edel.fr\/en\/wp-json\/wp\/v2\/product\/16510\/revisions"}],"predecessor-version":[{"id":16800,"href":"https:\/\/edel.fr\/en\/wp-json\/wp\/v2\/product\/16510\/revisions\/16800"}],"wp:featuredmedia":[{"embeddable":true,"href":"https:\/\/edel.fr\/en\/wp-json\/wp\/v2\/media\/8062"}],"wp:attachment":[{"href":"https:\/\/edel.fr\/en\/wp-json\/wp\/v2\/media?parent=16510"}],"wp:term":[{"taxonomy":"product_brand","embeddable":true,"href":"https:\/\/edel.fr\/en\/wp-json\/wp\/v2\/product_brand?post=16510"},{"taxonomy":"product_cat","embeddable":true,"href":"https:\/\/edel.fr\/en\/wp-json\/wp\/v2\/product_cat?post=16510"},{"taxonomy":"product_tag","embeddable":true,"href":"https:\/\/edel.fr\/en\/wp-json\/wp\/v2\/product_tag?post=16510"},{"taxonomy":"tracteur","embeddable":true,"href":"https:\/\/edel.fr\/en\/wp-json\/wp\/v2\/tracteur?post=16510"}],"curies":[{"name":"wp","href":"https:\/\/api.w.org\/{rel}","templated":true}]}}