{"id":17634,"date":"2024-10-25T14:16:18","date_gmt":"2024-10-25T12:16:18","guid":{"rendered":"https:\/\/www.edel.fr\/?post_type=product&#038;p=17634"},"modified":"2025-09-18T10:10:13","modified_gmt":"2025-09-18T08:10:13","slug":"kit-revision-moteur-case-ih-d358-origine-ks","status":"publish","type":"product","link":"https:\/\/edel.fr\/en\/product\/kit-revision-moteur-case-ih-d358-origine-ks\/","title":{"rendered":"Kit revision moteur Case IH D358 origine KS &#8211; Tracteur Agricole"},"content":{"rendered":"<div data-elementor-type=\"wp-post\" data-elementor-id=\"17634\" class=\"elementor elementor-17634\">\n\t\t\t\t\t\t<section class=\"elementor-section elementor-top-section elementor-element elementor-element-323c82c elementor-section-boxed elementor-section-height-default elementor-section-height-default\" data-id=\"323c82c\" data-element_type=\"section\" data-e-type=\"section\">\n\t\t\t\t\t\t<div class=\"elementor-container elementor-column-gap-default\">\n\t\t\t\t\t<div class=\"elementor-column elementor-col-100 elementor-top-column elementor-element elementor-element-db19548\" data-id=\"db19548\" data-element_type=\"column\" data-e-type=\"column\">\n\t\t\t<div class=\"elementor-widget-wrap elementor-element-populated\">\n\t\t\t\t\t\t<div class=\"elementor-element elementor-element-154e79a elementor-widget elementor-widget-heading\" data-id=\"154e79a\" data-element_type=\"widget\" data-e-type=\"widget\" data-widget_type=\"heading.default\">\n\t\t\t\t<div class=\"elementor-widget-container\">\n\t\t\t\t\t<h2 class=\"elementor-heading-title elementor-size-default\">KIT REVISION  MOTEUR - Case IH D358<br><br>PIECES QUALITE ORIGINE - KS KOLBENSCHMIDT<br><br><\/h2>\t\t\t\t<\/div>\n\t\t\t\t<\/div>\n\t\t\t\t\t<\/div>\n\t\t<\/div>\n\t\t\t\t\t<\/div>\n\t\t<\/section>\n\t\t\t\t<section class=\"elementor-section elementor-top-section elementor-element elementor-element-3bbce67 elementor-section-boxed elementor-section-height-default elementor-section-height-default\" data-id=\"3bbce67\" data-element_type=\"section\" data-e-type=\"section\">\n\t\t\t\t\t\t<div class=\"elementor-container elementor-column-gap-default\">\n\t\t\t\t\t<div class=\"elementor-column elementor-col-100 elementor-top-column elementor-element elementor-element-532b38f\" data-id=\"532b38f\" data-element_type=\"column\" data-e-type=\"column\">\n\t\t\t<div class=\"elementor-widget-wrap elementor-element-populated\">\n\t\t\t\t\t\t<div class=\"elementor-element elementor-element-5e03d7e elementor-widget elementor-widget-heading\" data-id=\"5e03d7e\" data-element_type=\"widget\" data-e-type=\"widget\" data-widget_type=\"heading.default\">\n\t\t\t\t<div class=\"elementor-widget-container\">\n\t\t\t\t\t<h3 class=\"elementor-heading-title elementor-size-default\">Information du produit<\/h3>\t\t\t\t<\/div>\n\t\t\t\t<\/div>\n\t\t\t\t\t<\/div>\n\t\t<\/div>\n\t\t\t\t\t<\/div>\n\t\t<\/section>\n\t\t\t\t<section class=\"elementor-section elementor-top-section elementor-element elementor-element-548e65f5 elementor-section-boxed elementor-section-height-default elementor-section-height-default\" data-id=\"548e65f5\" data-element_type=\"section\" data-e-type=\"section\">\n\t\t\t\t\t\t<div class=\"elementor-container elementor-column-gap-default\">\n\t\t\t\t\t<div class=\"elementor-column elementor-col-100 elementor-top-column elementor-element elementor-element-e2908cd\" data-id=\"e2908cd\" data-element_type=\"column\" data-e-type=\"column\">\n\t\t\t<div class=\"elementor-widget-wrap elementor-element-populated\">\n\t\t\t\t\t\t<div class=\"elementor-element elementor-element-6485d113 elementor-widget__width-initial elementor-widget elementor-widget-text-editor\" data-id=\"6485d113\" data-element_type=\"widget\" data-e-type=\"widget\" data-widget_type=\"text-editor.default\">\n\t\t\t\t<div class=\"elementor-widget-container\">\n\t\t\t\t\t\t\t\t\t<p style=\"text-align: center;\">Optimisez la performance de votre moteur avec notre kit de r\u00e9vision D358,\u00a0une solution compl\u00e8te alliant qualit\u00e9 et fiabilit\u00e9. Compos\u00e9 de pi\u00e8ces d&rsquo;origine KS Kolbenschmidt, ce kit est con\u00e7u pour garantir des performances optimales et une durabilit\u00e9 \u00e0 long terme.<\/p><h3 style=\"text-align: center;\"><strong>Avantages du kit moteur Case IH D358<\/strong><\/h3><div><strong>\u00a0<\/strong><\/div><ol><li style=\"text-align: center;\"><p><strong>Durabilit\u00e9 accrue :<\/strong> Les pi\u00e8ces KS Kolbenschmidt sont r\u00e9put\u00e9es pour leur long\u00e9vit\u00e9, vous permettant de rouler en toute s\u00e9r\u00e9nit\u00e9.<\/p><\/li><li style=\"text-align: center;\"><p><strong>Fiabilit\u00e9 garantie :<\/strong> Un moteur r\u00e9vis\u00e9 avec des pi\u00e8ces d&rsquo;origine fonctionne mieux et est moins susceptible de rencontrer des pannes.<\/p><\/li><li><p style=\"text-align: center;\"><strong>\u00a0 \u00a0 \u00a0 \u00a0 \u00a0 \u00a0 \u00a0 \u00a0 \u00c9conomie \u00e0 long terme :<\/strong> Investir dans un kit de r\u00e9vision de qualit\u00e9, c\u2019est faire le choix de la durabilit\u00e9 et de la performance, r\u00e9duisant ainsi les co\u00fbts d\u2019entretien sur le long terme.<\/p><\/li><\/ol><div style=\"text-align: center;\">\u00a0<\/div>\t\t\t\t\t\t\t\t<\/div>\n\t\t\t\t<\/div>\n\t\t\t\t\t<\/div>\n\t\t<\/div>\n\t\t\t\t\t<\/div>\n\t\t<\/section>\n\t\t\t\t<\/div>","protected":false},"excerpt":{"rendered":"<h6><\/h6>\n<h6 style=\"text-align: center;\">VEUILLEZ INDIQUER LES QUANTITES SOUHAITEES, PUIS AJOUTER AU PANIER<\/h6>\n<p>&nbsp;<\/p>","protected":false},"featured_media":17784,"template":"","meta":[],"product_brand":[],"product_cat":[4094,4095,153,119],"product_tag":[179],"tracteur":[],"class_list":{"0":"post-17634","1":"product","2":"type-product","3":"status-publish","4":"has-post-thumbnail","6":"product_cat-kits-revision-moteur-tracteur-agricole","7":"product_cat-kits-revision-moteur-case-ih-tracteur-agricole","8":"product_cat-pieces-moteur","9":"product_cat-tracteurs-agricoles","10":"product_tag-pieces-moteur","11":"product_shipping_class-142","12":"pa_fabriquant-ks","13":"pa_marque-moteur-moteur-case-ih","14":"pa_qualite-origine","15":"pa_type-moteur-d358","16":"badges-style-2","18":"first","19":"instock","20":"taxable","21":"shipping-taxable","22":"product-type-grouped"},"acf":[],"yoast_head":"<!-- This site is optimized with the Yoast SEO plugin v27.3 - https:\/\/yoast.com\/product\/yoast-seo-wordpress\/ -->\n<title>Kit r\u00e9vision moteur Case IH D358 origine KS Tracteur agricole - Edel<\/title>\n<meta name=\"description\" content=\"Kit r\u00e9vision moteur Case IH D358 - Origine KS KOLBENSCHMIDT pour tracteur agricole\" \/>\n<meta name=\"robots\" content=\"index, follow, max-snippet:-1, max-image-preview:large, max-video-preview:-1\" \/>\n<link rel=\"canonical\" href=\"https:\/\/edel.fr\/en\/product\/kit-revision-moteur-case-ih-d358-origine-ks\/\" \/>\n<meta property=\"og:locale\" content=\"en_US\" \/>\n<meta property=\"og:type\" content=\"article\" \/>\n<meta property=\"og:title\" content=\"Kit r\u00e9vision moteur Case IH D358 origine KS Tracteur agricole - Edel\" \/>\n<meta property=\"og:description\" content=\"Kit r\u00e9vision moteur Case IH D358 - Origine KS KOLBENSCHMIDT pour tracteur agricole\" \/>\n<meta property=\"og:url\" content=\"https:\/\/edel.fr\/en\/product\/kit-revision-moteur-case-ih-d358-origine-ks\/\" \/>\n<meta property=\"og:site_name\" content=\"Edel\" \/>\n<meta property=\"article:modified_time\" content=\"2025-09-18T08:10:13+00:00\" \/>\n<meta property=\"og:image\" content=\"https:\/\/edel.fr\/uploads\/2024\/10\/KIT-REVISION-MOTEUR-CASE-IH-6-CYL.jpg\" \/>\n\t<meta property=\"og:image:width\" content=\"2000\" \/>\n\t<meta property=\"og:image:height\" content=\"1414\" \/>\n\t<meta property=\"og:image:type\" content=\"image\/jpeg\" \/>\n<meta name=\"twitter:card\" content=\"summary_large_image\" \/>\n<meta name=\"twitter:label1\" content=\"Est. reading time\" \/>\n\t<meta name=\"twitter:data1\" content=\"1 minute\" \/>\n<script type=\"application\/ld+json\" class=\"yoast-schema-graph\">{\"@context\":\"https:\\\/\\\/schema.org\",\"@graph\":[{\"@type\":\"WebPage\",\"@id\":\"https:\\\/\\\/edel.fr\\\/en\\\/product\\\/kit-revision-moteur-case-ih-d358-origine-ks\\\/\",\"url\":\"https:\\\/\\\/edel.fr\\\/en\\\/product\\\/kit-revision-moteur-case-ih-d358-origine-ks\\\/\",\"name\":\"Kit r\u00e9vision moteur Case IH D358 origine KS Tracteur agricole - Edel\",\"isPartOf\":{\"@id\":\"https:\\\/\\\/www.edel.fr\\\/en\\\/#website\"},\"primaryImageOfPage\":{\"@id\":\"https:\\\/\\\/edel.fr\\\/en\\\/product\\\/kit-revision-moteur-case-ih-d358-origine-ks\\\/#primaryimage\"},\"image\":{\"@id\":\"https:\\\/\\\/edel.fr\\\/en\\\/product\\\/kit-revision-moteur-case-ih-d358-origine-ks\\\/#primaryimage\"},\"thumbnailUrl\":\"https:\\\/\\\/edel.fr\\\/uploads\\\/2024\\\/10\\\/KIT-REVISION-MOTEUR-CASE-IH-6-CYL.jpg\",\"datePublished\":\"2024-10-25T12:16:18+00:00\",\"dateModified\":\"2025-09-18T08:10:13+00:00\",\"description\":\"Kit r\u00e9vision moteur Case IH D358 - Origine KS KOLBENSCHMIDT pour tracteur agricole\",\"breadcrumb\":{\"@id\":\"https:\\\/\\\/edel.fr\\\/en\\\/product\\\/kit-revision-moteur-case-ih-d358-origine-ks\\\/#breadcrumb\"},\"inLanguage\":\"en-US\",\"potentialAction\":[{\"@type\":\"ReadAction\",\"target\":[\"https:\\\/\\\/edel.fr\\\/en\\\/product\\\/kit-revision-moteur-case-ih-d358-origine-ks\\\/\"]}]},{\"@type\":\"ImageObject\",\"inLanguage\":\"en-US\",\"@id\":\"https:\\\/\\\/edel.fr\\\/en\\\/product\\\/kit-revision-moteur-case-ih-d358-origine-ks\\\/#primaryimage\",\"url\":\"https:\\\/\\\/edel.fr\\\/uploads\\\/2024\\\/10\\\/KIT-REVISION-MOTEUR-CASE-IH-6-CYL.jpg\",\"contentUrl\":\"https:\\\/\\\/edel.fr\\\/uploads\\\/2024\\\/10\\\/KIT-REVISION-MOTEUR-CASE-IH-6-CYL.jpg\",\"width\":2000,\"height\":1414},{\"@type\":\"BreadcrumbList\",\"@id\":\"https:\\\/\\\/edel.fr\\\/en\\\/product\\\/kit-revision-moteur-case-ih-d358-origine-ks\\\/#breadcrumb\",\"itemListElement\":[{\"@type\":\"ListItem\",\"position\":1,\"name\":\"Pi\u00e8ce Tracteur\",\"item\":\"https:\\\/\\\/www.edel.fr\\\/en\\\/\"},{\"@type\":\"ListItem\",\"position\":2,\"name\":\"Toutes nos pi\u00e8ces Tracteur\",\"item\":\"https:\\\/\\\/edel.fr\\\/shop\\\/\"},{\"@type\":\"ListItem\",\"position\":3,\"name\":\"Kit revision moteur Case IH D358 origine KS &#8211; Tracteur Agricole\"}]},{\"@type\":\"WebSite\",\"@id\":\"https:\\\/\\\/www.edel.fr\\\/en\\\/#website\",\"url\":\"https:\\\/\\\/www.edel.fr\\\/en\\\/\",\"name\":\"Edel\",\"description\":\"Pi\u00e8ce d\u00e9tach\u00e9e de Tracteur Agricole\",\"publisher\":{\"@id\":\"https:\\\/\\\/www.edel.fr\\\/en\\\/#organization\"},\"potentialAction\":[{\"@type\":\"SearchAction\",\"target\":{\"@type\":\"EntryPoint\",\"urlTemplate\":\"https:\\\/\\\/www.edel.fr\\\/en\\\/?s={search_term_string}\"},\"query-input\":{\"@type\":\"PropertyValueSpecification\",\"valueRequired\":true,\"valueName\":\"search_term_string\"}}],\"inLanguage\":\"en-US\"},{\"@type\":\"Organization\",\"@id\":\"https:\\\/\\\/www.edel.fr\\\/en\\\/#organization\",\"name\":\"Edel\",\"url\":\"https:\\\/\\\/www.edel.fr\\\/en\\\/\",\"logo\":{\"@type\":\"ImageObject\",\"inLanguage\":\"en-US\",\"@id\":\"https:\\\/\\\/www.edel.fr\\\/en\\\/#\\\/schema\\\/logo\\\/image\\\/\",\"url\":\"https:\\\/\\\/www.edel.fr\\\/uploads\\\/2018\\\/11\\\/logo-edel.png\",\"contentUrl\":\"https:\\\/\\\/www.edel.fr\\\/uploads\\\/2018\\\/11\\\/logo-edel.png\",\"width\":257,\"height\":68,\"caption\":\"Edel\"},\"image\":{\"@id\":\"https:\\\/\\\/www.edel.fr\\\/en\\\/#\\\/schema\\\/logo\\\/image\\\/\"}}]}<\/script>\n<!-- \/ Yoast SEO plugin. -->","yoast_head_json":{"title":"Kit r\u00e9vision moteur Case IH D358 origine KS Tracteur agricole - Edel","description":"Kit r\u00e9vision moteur Case IH D358 - Origine KS KOLBENSCHMIDT pour tracteur agricole","robots":{"index":"index","follow":"follow","max-snippet":"max-snippet:-1","max-image-preview":"max-image-preview:large","max-video-preview":"max-video-preview:-1"},"canonical":"https:\/\/edel.fr\/en\/product\/kit-revision-moteur-case-ih-d358-origine-ks\/","og_locale":"en_US","og_type":"article","og_title":"Kit r\u00e9vision moteur Case IH D358 origine KS Tracteur agricole - Edel","og_description":"Kit r\u00e9vision moteur Case IH D358 - Origine KS KOLBENSCHMIDT pour tracteur agricole","og_url":"https:\/\/edel.fr\/en\/product\/kit-revision-moteur-case-ih-d358-origine-ks\/","og_site_name":"Edel","article_modified_time":"2025-09-18T08:10:13+00:00","og_image":[{"width":2000,"height":1414,"url":"https:\/\/edel.fr\/uploads\/2024\/10\/KIT-REVISION-MOTEUR-CASE-IH-6-CYL.jpg","type":"image\/jpeg"}],"twitter_card":"summary_large_image","twitter_misc":{"Est. reading time":"1 minute"},"schema":{"@context":"https:\/\/schema.org","@graph":[{"@type":"WebPage","@id":"https:\/\/edel.fr\/en\/product\/kit-revision-moteur-case-ih-d358-origine-ks\/","url":"https:\/\/edel.fr\/en\/product\/kit-revision-moteur-case-ih-d358-origine-ks\/","name":"Kit r\u00e9vision moteur Case IH D358 origine KS Tracteur agricole - Edel","isPartOf":{"@id":"https:\/\/www.edel.fr\/en\/#website"},"primaryImageOfPage":{"@id":"https:\/\/edel.fr\/en\/product\/kit-revision-moteur-case-ih-d358-origine-ks\/#primaryimage"},"image":{"@id":"https:\/\/edel.fr\/en\/product\/kit-revision-moteur-case-ih-d358-origine-ks\/#primaryimage"},"thumbnailUrl":"https:\/\/edel.fr\/uploads\/2024\/10\/KIT-REVISION-MOTEUR-CASE-IH-6-CYL.jpg","datePublished":"2024-10-25T12:16:18+00:00","dateModified":"2025-09-18T08:10:13+00:00","description":"Kit r\u00e9vision moteur Case IH D358 - Origine KS KOLBENSCHMIDT pour tracteur agricole","breadcrumb":{"@id":"https:\/\/edel.fr\/en\/product\/kit-revision-moteur-case-ih-d358-origine-ks\/#breadcrumb"},"inLanguage":"en-US","potentialAction":[{"@type":"ReadAction","target":["https:\/\/edel.fr\/en\/product\/kit-revision-moteur-case-ih-d358-origine-ks\/"]}]},{"@type":"ImageObject","inLanguage":"en-US","@id":"https:\/\/edel.fr\/en\/product\/kit-revision-moteur-case-ih-d358-origine-ks\/#primaryimage","url":"https:\/\/edel.fr\/uploads\/2024\/10\/KIT-REVISION-MOTEUR-CASE-IH-6-CYL.jpg","contentUrl":"https:\/\/edel.fr\/uploads\/2024\/10\/KIT-REVISION-MOTEUR-CASE-IH-6-CYL.jpg","width":2000,"height":1414},{"@type":"BreadcrumbList","@id":"https:\/\/edel.fr\/en\/product\/kit-revision-moteur-case-ih-d358-origine-ks\/#breadcrumb","itemListElement":[{"@type":"ListItem","position":1,"name":"Pi\u00e8ce Tracteur","item":"https:\/\/www.edel.fr\/en\/"},{"@type":"ListItem","position":2,"name":"Toutes nos pi\u00e8ces Tracteur","item":"https:\/\/edel.fr\/shop\/"},{"@type":"ListItem","position":3,"name":"Kit revision moteur Case IH D358 origine KS &#8211; Tracteur Agricole"}]},{"@type":"WebSite","@id":"https:\/\/www.edel.fr\/en\/#website","url":"https:\/\/www.edel.fr\/en\/","name":"Edel","description":"Pi\u00e8ce d\u00e9tach\u00e9e de Tracteur Agricole","publisher":{"@id":"https:\/\/www.edel.fr\/en\/#organization"},"potentialAction":[{"@type":"SearchAction","target":{"@type":"EntryPoint","urlTemplate":"https:\/\/www.edel.fr\/en\/?s={search_term_string}"},"query-input":{"@type":"PropertyValueSpecification","valueRequired":true,"valueName":"search_term_string"}}],"inLanguage":"en-US"},{"@type":"Organization","@id":"https:\/\/www.edel.fr\/en\/#organization","name":"Edel","url":"https:\/\/www.edel.fr\/en\/","logo":{"@type":"ImageObject","inLanguage":"en-US","@id":"https:\/\/www.edel.fr\/en\/#\/schema\/logo\/image\/","url":"https:\/\/www.edel.fr\/uploads\/2018\/11\/logo-edel.png","contentUrl":"https:\/\/www.edel.fr\/uploads\/2018\/11\/logo-edel.png","width":257,"height":68,"caption":"Edel"},"image":{"@id":"https:\/\/www.edel.fr\/en\/#\/schema\/logo\/image\/"}}]}},"_links":{"self":[{"href":"https:\/\/edel.fr\/en\/wp-json\/wp\/v2\/product\/17634","targetHints":{"allow":["GET"]}}],"collection":[{"href":"https:\/\/edel.fr\/en\/wp-json\/wp\/v2\/product"}],"about":[{"href":"https:\/\/edel.fr\/en\/wp-json\/wp\/v2\/types\/product"}],"version-history":[{"count":2,"href":"https:\/\/edel.fr\/en\/wp-json\/wp\/v2\/product\/17634\/revisions"}],"predecessor-version":[{"id":17786,"href":"https:\/\/edel.fr\/en\/wp-json\/wp\/v2\/product\/17634\/revisions\/17786"}],"wp:featuredmedia":[{"embeddable":true,"href":"https:\/\/edel.fr\/en\/wp-json\/wp\/v2\/media\/17784"}],"wp:attachment":[{"href":"https:\/\/edel.fr\/en\/wp-json\/wp\/v2\/media?parent=17634"}],"wp:term":[{"taxonomy":"product_brand","embeddable":true,"href":"https:\/\/edel.fr\/en\/wp-json\/wp\/v2\/product_brand?post=17634"},{"taxonomy":"product_cat","embeddable":true,"href":"https:\/\/edel.fr\/en\/wp-json\/wp\/v2\/product_cat?post=17634"},{"taxonomy":"product_tag","embeddable":true,"href":"https:\/\/edel.fr\/en\/wp-json\/wp\/v2\/product_tag?post=17634"},{"taxonomy":"tracteur","embeddable":true,"href":"https:\/\/edel.fr\/en\/wp-json\/wp\/v2\/tracteur?post=17634"}],"curies":[{"name":"wp","href":"https:\/\/api.w.org\/{rel}","templated":true}]}}