{"id":17947,"date":"2024-11-22T10:09:56","date_gmt":"2024-11-22T09:09:56","guid":{"rendered":"https:\/\/www.edel.fr\/?post_type=product&#038;p=17947"},"modified":"2026-03-25T15:18:07","modified_gmt":"2026-03-25T14:18:07","slug":"kit-cylindree-moteur-case-ih-dt402-origine-ks-cylindre-chemise-piston-segments","status":"publish","type":"product","link":"https:\/\/edel.fr\/en\/product\/kit-cylindree-moteur-case-ih-dt402-origine-ks-cylindre-chemise-piston-segments\/","title":{"rendered":"Kit cylindr\u00e9e origine KS Moteur Case IH DT402 Tracteur Agricole"},"content":{"rendered":"<div data-elementor-type=\"wp-post\" data-elementor-id=\"17947\" class=\"elementor elementor-17947\">\n\t\t\t\t\t\t<section class=\"elementor-section elementor-top-section elementor-element elementor-element-2ab01bd5 elementor-section-boxed elementor-section-height-default elementor-section-height-default\" data-id=\"2ab01bd5\" data-element_type=\"section\" data-e-type=\"section\">\n\t\t\t\t\t\t<div class=\"elementor-container elementor-column-gap-default\">\n\t\t\t\t\t<div class=\"elementor-column elementor-col-100 elementor-top-column elementor-element elementor-element-4177c68f\" data-id=\"4177c68f\" data-element_type=\"column\" data-e-type=\"column\">\n\t\t\t<div class=\"elementor-widget-wrap elementor-element-populated\">\n\t\t\t\t\t\t<div class=\"elementor-element elementor-element-6dd5e9ed elementor-widget__width-initial elementor-widget elementor-widget-heading\" data-id=\"6dd5e9ed\" data-element_type=\"widget\" data-e-type=\"widget\" data-widget_type=\"heading.default\">\n\t\t\t\t<div class=\"elementor-widget-container\">\n\t\t\t\t\t<h2 class=\"elementor-heading-title elementor-size-default\">Kit cylindree Case IH DT402  - Chemise Piston Segments <br><br>ORIGINE KS KOLBENSCHMIDT<br><br><\/h2>\t\t\t\t<\/div>\n\t\t\t\t<\/div>\n\t\t\t\t<div class=\"elementor-element elementor-element-1c13e8a7 elementor-widget elementor-widget-heading\" data-id=\"1c13e8a7\" data-element_type=\"widget\" data-e-type=\"widget\" data-widget_type=\"heading.default\">\n\t\t\t\t<div class=\"elementor-widget-container\">\n\t\t\t\t\t<h3 class=\"elementor-heading-title elementor-size-default\">Information du produit :<\/h3>\t\t\t\t<\/div>\n\t\t\t\t<\/div>\n\t\t\t\t\t<\/div>\n\t\t<\/div>\n\t\t\t\t\t<\/div>\n\t\t<\/section>\n\t\t\t\t<section class=\"elementor-section elementor-top-section elementor-element elementor-element-290ca7d1 elementor-section-boxed elementor-section-height-default elementor-section-height-default\" data-id=\"290ca7d1\" data-element_type=\"section\" data-e-type=\"section\">\n\t\t\t\t\t\t<div class=\"elementor-container elementor-column-gap-default\">\n\t\t\t\t\t<div class=\"elementor-column elementor-col-100 elementor-top-column elementor-element elementor-element-773f35b7\" data-id=\"773f35b7\" data-element_type=\"column\" data-e-type=\"column\">\n\t\t\t<div class=\"elementor-widget-wrap elementor-element-populated\">\n\t\t\t\t\t\t<div class=\"elementor-element elementor-element-7774c225 elementor-widget elementor-widget-text-editor\" data-id=\"7774c225\" data-element_type=\"widget\" data-e-type=\"widget\" data-widget_type=\"text-editor.default\">\n\t\t\t\t<div class=\"elementor-widget-container\">\n\t\t\t\t\t\t\t\t\t<div>L\u2019ensemble chemise\/piston\/segments, sont des pi\u00e8ces fondamentales du moteur thermique. Elles assurent le bon d\u00e9roulement de la combustion interne, ainsi que l\u2019exploitation de cette derni\u00e8re.<\/div>\n<div>\n<p>Edel Shop vous propose une cylindr\u00e9e compl\u00e8te, chemise, piston, segments pour moteur Case IH DT 402<\/p><p><br>Qualit\u00e9 origine Germany, marque KS Kolbenschmidt<\/p>\n<\/div>\n<div>&nbsp;<\/div>\n<div>Mod\u00e8les de tracteurs CASE IH : 1255, 1255 XL, 1455, 1455 XL<\/div>\n<div>\n<div>&nbsp;<\/div>\n<\/div>\t\t\t\t\t\t\t\t<\/div>\n\t\t\t\t<\/div>\n\t\t\t\t\t<\/div>\n\t\t<\/div>\n\t\t\t\t\t<\/div>\n\t\t<\/section>\n\t\t\t\t<\/div>","protected":false},"excerpt":{"rendered":"<p>Kit cylindree Case IH DT402 &#8211; Chemise Piston Segments ORIGINE KS KOLBENSCHMIDT Information du produit : L\u2019ensemble chemise\/piston\/segments, sont des pi\u00e8ces fondamentales du moteur thermique. Elles assurent le bon d\u00e9roulement de la combustion interne, ainsi que l\u2019exploitation de cette derni\u00e8re. Edel Shop vous propose une cylindr\u00e9e compl\u00e8te, chemise, piston, segments pour moteur Case IH DT<br \/><a class=\"more-link\" href=\"https:\/\/edel.fr\/en\/product\/kit-cylindree-moteur-case-ih-dt402-origine-ks-cylindre-chemise-piston-segments\/\"><br \/>\n        Read More<span class=\"screen-reader-text\"> \u00ab\u00a0Kit cylindr\u00e9e origine KS Moteur Case IH DT402 Tracteur Agricole\u00a0\u00bb<\/span><\/a><\/p>","protected":false},"featured_media":8018,"template":"","meta":[],"product_brand":[],"product_cat":[2500,153,119],"product_tag":[179],"tracteur":[],"class_list":{"0":"post-17947","1":"product","2":"type-product","3":"status-publish","4":"has-post-thumbnail","6":"product_cat-ensemble-chemise-piston-segments","7":"product_cat-pieces-moteur","8":"product_cat-tracteurs-agricoles","9":"product_tag-pieces-moteur","10":"product_shipping_class-142","11":"pa_fabriquant-ks","12":"pa_marque-moteur-moteur-case-ih","13":"pa_qualite-origine","14":"pa_type-moteur-dt402","15":"badges-style-2","17":"first","18":"outofstock","19":"taxable","20":"shipping-taxable","21":"purchasable","22":"product-type-simple"},"acf":[],"yoast_head":"<!-- This site is optimized with the Yoast SEO plugin v27.3 - https:\/\/yoast.com\/product\/yoast-seo-wordpress\/ -->\n<title>Kit cylindr\u00e9e origine KS Moteur Case IH DT402 Tracteur Agricole - Edel<\/title>\n<meta name=\"description\" content=\"Ensemble Case IH DT 402 - Chemise Piston Segments - Origine KS Kolbenschmidt - Tracteurs Agricoles CASE IH 1255 - 1255 XL - 1455 - 1455 XL\" \/>\n<meta name=\"robots\" content=\"index, follow, max-snippet:-1, max-image-preview:large, max-video-preview:-1\" \/>\n<link rel=\"canonical\" href=\"https:\/\/edel.fr\/en\/product\/kit-cylindree-moteur-case-ih-dt402-origine-ks-cylindre-chemise-piston-segments\/\" \/>\n<meta property=\"og:locale\" content=\"en_US\" \/>\n<meta property=\"og:type\" content=\"article\" \/>\n<meta property=\"og:title\" content=\"Kit cylindr\u00e9e origine KS Moteur Case IH DT402 Tracteur Agricole - Edel\" \/>\n<meta property=\"og:description\" content=\"Ensemble Case IH DT 402 - Chemise Piston Segments - Origine KS Kolbenschmidt - Tracteurs Agricoles CASE IH 1255 - 1255 XL - 1455 - 1455 XL\" \/>\n<meta property=\"og:url\" content=\"https:\/\/edel.fr\/en\/product\/kit-cylindree-moteur-case-ih-dt402-origine-ks-cylindre-chemise-piston-segments\/\" \/>\n<meta property=\"og:site_name\" content=\"Edel\" \/>\n<meta property=\"article:modified_time\" content=\"2026-03-25T14:18:07+00:00\" \/>\n<meta property=\"og:image\" content=\"https:\/\/edel.fr\/uploads\/2020\/11\/ensemble-D206.jpg\" \/>\n\t<meta property=\"og:image:width\" content=\"1512\" \/>\n\t<meta property=\"og:image:height\" content=\"1572\" \/>\n\t<meta property=\"og:image:type\" content=\"image\/jpeg\" \/>\n<meta name=\"twitter:card\" content=\"summary_large_image\" \/>\n<meta name=\"twitter:label1\" content=\"Est. reading time\" \/>\n\t<meta name=\"twitter:data1\" content=\"1 minute\" \/>\n<script type=\"application\/ld+json\" class=\"yoast-schema-graph\">{\"@context\":\"https:\\\/\\\/schema.org\",\"@graph\":[{\"@type\":\"WebPage\",\"@id\":\"https:\\\/\\\/edel.fr\\\/en\\\/product\\\/kit-cylindree-moteur-case-ih-dt402-origine-ks-cylindre-chemise-piston-segments\\\/\",\"url\":\"https:\\\/\\\/edel.fr\\\/en\\\/product\\\/kit-cylindree-moteur-case-ih-dt402-origine-ks-cylindre-chemise-piston-segments\\\/\",\"name\":\"Kit cylindr\u00e9e origine KS Moteur Case IH DT402 Tracteur Agricole - Edel\",\"isPartOf\":{\"@id\":\"http:\\\/\\\/www.edel.fr\\\/en\\\/#website\"},\"primaryImageOfPage\":{\"@id\":\"https:\\\/\\\/edel.fr\\\/en\\\/product\\\/kit-cylindree-moteur-case-ih-dt402-origine-ks-cylindre-chemise-piston-segments\\\/#primaryimage\"},\"image\":{\"@id\":\"https:\\\/\\\/edel.fr\\\/en\\\/product\\\/kit-cylindree-moteur-case-ih-dt402-origine-ks-cylindre-chemise-piston-segments\\\/#primaryimage\"},\"thumbnailUrl\":\"https:\\\/\\\/edel.fr\\\/uploads\\\/2020\\\/11\\\/ensemble-D206.jpg\",\"datePublished\":\"2024-11-22T09:09:56+00:00\",\"dateModified\":\"2026-03-25T14:18:07+00:00\",\"description\":\"Ensemble Case IH DT 402 - Chemise Piston Segments - Origine KS Kolbenschmidt - Tracteurs Agricoles CASE IH 1255 - 1255 XL - 1455 - 1455 XL\",\"breadcrumb\":{\"@id\":\"https:\\\/\\\/edel.fr\\\/en\\\/product\\\/kit-cylindree-moteur-case-ih-dt402-origine-ks-cylindre-chemise-piston-segments\\\/#breadcrumb\"},\"inLanguage\":\"en-US\",\"potentialAction\":[{\"@type\":\"ReadAction\",\"target\":[\"https:\\\/\\\/edel.fr\\\/en\\\/product\\\/kit-cylindree-moteur-case-ih-dt402-origine-ks-cylindre-chemise-piston-segments\\\/\"]}]},{\"@type\":\"ImageObject\",\"inLanguage\":\"en-US\",\"@id\":\"https:\\\/\\\/edel.fr\\\/en\\\/product\\\/kit-cylindree-moteur-case-ih-dt402-origine-ks-cylindre-chemise-piston-segments\\\/#primaryimage\",\"url\":\"https:\\\/\\\/edel.fr\\\/uploads\\\/2020\\\/11\\\/ensemble-D206.jpg\",\"contentUrl\":\"https:\\\/\\\/edel.fr\\\/uploads\\\/2020\\\/11\\\/ensemble-D206.jpg\",\"width\":1512,\"height\":1572,\"caption\":\"Ensemble IH D206 D155 Segments\"},{\"@type\":\"BreadcrumbList\",\"@id\":\"https:\\\/\\\/edel.fr\\\/en\\\/product\\\/kit-cylindree-moteur-case-ih-dt402-origine-ks-cylindre-chemise-piston-segments\\\/#breadcrumb\",\"itemListElement\":[{\"@type\":\"ListItem\",\"position\":1,\"name\":\"Pi\u00e8ce Tracteur\",\"item\":\"http:\\\/\\\/www.edel.fr\\\/en\\\/\"},{\"@type\":\"ListItem\",\"position\":2,\"name\":\"Toutes nos pi\u00e8ces Tracteur\",\"item\":\"https:\\\/\\\/edel.fr\\\/shop\\\/\"},{\"@type\":\"ListItem\",\"position\":3,\"name\":\"Kit cylindr\u00e9e origine KS Moteur Case IH DT402 Tracteur Agricole\"}]},{\"@type\":\"WebSite\",\"@id\":\"http:\\\/\\\/www.edel.fr\\\/en\\\/#website\",\"url\":\"http:\\\/\\\/www.edel.fr\\\/en\\\/\",\"name\":\"Edel\",\"description\":\"Pi\u00e8ce d\u00e9tach\u00e9e de Tracteur Agricole\",\"publisher\":{\"@id\":\"http:\\\/\\\/www.edel.fr\\\/en\\\/#organization\"},\"potentialAction\":[{\"@type\":\"SearchAction\",\"target\":{\"@type\":\"EntryPoint\",\"urlTemplate\":\"http:\\\/\\\/www.edel.fr\\\/en\\\/?s={search_term_string}\"},\"query-input\":{\"@type\":\"PropertyValueSpecification\",\"valueRequired\":true,\"valueName\":\"search_term_string\"}}],\"inLanguage\":\"en-US\"},{\"@type\":\"Organization\",\"@id\":\"http:\\\/\\\/www.edel.fr\\\/en\\\/#organization\",\"name\":\"Edel\",\"url\":\"http:\\\/\\\/www.edel.fr\\\/en\\\/\",\"logo\":{\"@type\":\"ImageObject\",\"inLanguage\":\"en-US\",\"@id\":\"http:\\\/\\\/www.edel.fr\\\/en\\\/#\\\/schema\\\/logo\\\/image\\\/\",\"url\":\"https:\\\/\\\/www.edel.fr\\\/uploads\\\/2018\\\/11\\\/logo-edel.png\",\"contentUrl\":\"https:\\\/\\\/www.edel.fr\\\/uploads\\\/2018\\\/11\\\/logo-edel.png\",\"width\":257,\"height\":68,\"caption\":\"Edel\"},\"image\":{\"@id\":\"http:\\\/\\\/www.edel.fr\\\/en\\\/#\\\/schema\\\/logo\\\/image\\\/\"}}]}<\/script>\n<!-- \/ Yoast SEO plugin. -->","yoast_head_json":{"title":"Kit cylindr\u00e9e origine KS Moteur Case IH DT402 Tracteur Agricole - Edel","description":"Ensemble Case IH DT 402 - Chemise Piston Segments - Origine KS Kolbenschmidt - Tracteurs Agricoles CASE IH 1255 - 1255 XL - 1455 - 1455 XL","robots":{"index":"index","follow":"follow","max-snippet":"max-snippet:-1","max-image-preview":"max-image-preview:large","max-video-preview":"max-video-preview:-1"},"canonical":"https:\/\/edel.fr\/en\/product\/kit-cylindree-moteur-case-ih-dt402-origine-ks-cylindre-chemise-piston-segments\/","og_locale":"en_US","og_type":"article","og_title":"Kit cylindr\u00e9e origine KS Moteur Case IH DT402 Tracteur Agricole - Edel","og_description":"Ensemble Case IH DT 402 - Chemise Piston Segments - Origine KS Kolbenschmidt - Tracteurs Agricoles CASE IH 1255 - 1255 XL - 1455 - 1455 XL","og_url":"https:\/\/edel.fr\/en\/product\/kit-cylindree-moteur-case-ih-dt402-origine-ks-cylindre-chemise-piston-segments\/","og_site_name":"Edel","article_modified_time":"2026-03-25T14:18:07+00:00","og_image":[{"width":1512,"height":1572,"url":"https:\/\/edel.fr\/uploads\/2020\/11\/ensemble-D206.jpg","type":"image\/jpeg"}],"twitter_card":"summary_large_image","twitter_misc":{"Est. reading time":"1 minute"},"schema":{"@context":"https:\/\/schema.org","@graph":[{"@type":"WebPage","@id":"https:\/\/edel.fr\/en\/product\/kit-cylindree-moteur-case-ih-dt402-origine-ks-cylindre-chemise-piston-segments\/","url":"https:\/\/edel.fr\/en\/product\/kit-cylindree-moteur-case-ih-dt402-origine-ks-cylindre-chemise-piston-segments\/","name":"Kit cylindr\u00e9e origine KS Moteur Case IH DT402 Tracteur Agricole - Edel","isPartOf":{"@id":"http:\/\/www.edel.fr\/en\/#website"},"primaryImageOfPage":{"@id":"https:\/\/edel.fr\/en\/product\/kit-cylindree-moteur-case-ih-dt402-origine-ks-cylindre-chemise-piston-segments\/#primaryimage"},"image":{"@id":"https:\/\/edel.fr\/en\/product\/kit-cylindree-moteur-case-ih-dt402-origine-ks-cylindre-chemise-piston-segments\/#primaryimage"},"thumbnailUrl":"https:\/\/edel.fr\/uploads\/2020\/11\/ensemble-D206.jpg","datePublished":"2024-11-22T09:09:56+00:00","dateModified":"2026-03-25T14:18:07+00:00","description":"Ensemble Case IH DT 402 - Chemise Piston Segments - Origine KS Kolbenschmidt - Tracteurs Agricoles CASE IH 1255 - 1255 XL - 1455 - 1455 XL","breadcrumb":{"@id":"https:\/\/edel.fr\/en\/product\/kit-cylindree-moteur-case-ih-dt402-origine-ks-cylindre-chemise-piston-segments\/#breadcrumb"},"inLanguage":"en-US","potentialAction":[{"@type":"ReadAction","target":["https:\/\/edel.fr\/en\/product\/kit-cylindree-moteur-case-ih-dt402-origine-ks-cylindre-chemise-piston-segments\/"]}]},{"@type":"ImageObject","inLanguage":"en-US","@id":"https:\/\/edel.fr\/en\/product\/kit-cylindree-moteur-case-ih-dt402-origine-ks-cylindre-chemise-piston-segments\/#primaryimage","url":"https:\/\/edel.fr\/uploads\/2020\/11\/ensemble-D206.jpg","contentUrl":"https:\/\/edel.fr\/uploads\/2020\/11\/ensemble-D206.jpg","width":1512,"height":1572,"caption":"Ensemble IH D206 D155 Segments"},{"@type":"BreadcrumbList","@id":"https:\/\/edel.fr\/en\/product\/kit-cylindree-moteur-case-ih-dt402-origine-ks-cylindre-chemise-piston-segments\/#breadcrumb","itemListElement":[{"@type":"ListItem","position":1,"name":"Pi\u00e8ce Tracteur","item":"http:\/\/www.edel.fr\/en\/"},{"@type":"ListItem","position":2,"name":"Toutes nos pi\u00e8ces Tracteur","item":"https:\/\/edel.fr\/shop\/"},{"@type":"ListItem","position":3,"name":"Kit cylindr\u00e9e origine KS Moteur Case IH DT402 Tracteur Agricole"}]},{"@type":"WebSite","@id":"http:\/\/www.edel.fr\/en\/#website","url":"http:\/\/www.edel.fr\/en\/","name":"Edel","description":"Pi\u00e8ce d\u00e9tach\u00e9e de Tracteur Agricole","publisher":{"@id":"http:\/\/www.edel.fr\/en\/#organization"},"potentialAction":[{"@type":"SearchAction","target":{"@type":"EntryPoint","urlTemplate":"http:\/\/www.edel.fr\/en\/?s={search_term_string}"},"query-input":{"@type":"PropertyValueSpecification","valueRequired":true,"valueName":"search_term_string"}}],"inLanguage":"en-US"},{"@type":"Organization","@id":"http:\/\/www.edel.fr\/en\/#organization","name":"Edel","url":"http:\/\/www.edel.fr\/en\/","logo":{"@type":"ImageObject","inLanguage":"en-US","@id":"http:\/\/www.edel.fr\/en\/#\/schema\/logo\/image\/","url":"https:\/\/www.edel.fr\/uploads\/2018\/11\/logo-edel.png","contentUrl":"https:\/\/www.edel.fr\/uploads\/2018\/11\/logo-edel.png","width":257,"height":68,"caption":"Edel"},"image":{"@id":"http:\/\/www.edel.fr\/en\/#\/schema\/logo\/image\/"}}]}},"_links":{"self":[{"href":"https:\/\/edel.fr\/en\/wp-json\/wp\/v2\/product\/17947","targetHints":{"allow":["GET"]}}],"collection":[{"href":"https:\/\/edel.fr\/en\/wp-json\/wp\/v2\/product"}],"about":[{"href":"https:\/\/edel.fr\/en\/wp-json\/wp\/v2\/types\/product"}],"version-history":[{"count":2,"href":"https:\/\/edel.fr\/en\/wp-json\/wp\/v2\/product\/17947\/revisions"}],"predecessor-version":[{"id":19960,"href":"https:\/\/edel.fr\/en\/wp-json\/wp\/v2\/product\/17947\/revisions\/19960"}],"wp:featuredmedia":[{"embeddable":true,"href":"https:\/\/edel.fr\/en\/wp-json\/wp\/v2\/media\/8018"}],"wp:attachment":[{"href":"https:\/\/edel.fr\/en\/wp-json\/wp\/v2\/media?parent=17947"}],"wp:term":[{"taxonomy":"product_brand","embeddable":true,"href":"https:\/\/edel.fr\/en\/wp-json\/wp\/v2\/product_brand?post=17947"},{"taxonomy":"product_cat","embeddable":true,"href":"https:\/\/edel.fr\/en\/wp-json\/wp\/v2\/product_cat?post=17947"},{"taxonomy":"product_tag","embeddable":true,"href":"https:\/\/edel.fr\/en\/wp-json\/wp\/v2\/product_tag?post=17947"},{"taxonomy":"tracteur","embeddable":true,"href":"https:\/\/edel.fr\/en\/wp-json\/wp\/v2\/tracteur?post=17947"}],"curies":[{"name":"wp","href":"https:\/\/api.w.org\/{rel}","templated":true}]}}