{"id":18644,"date":"2025-05-22T10:36:25","date_gmt":"2025-05-22T08:36:25","guid":{"rendered":"https:\/\/www.edel.fr\/?post_type=product&#038;p=18644"},"modified":"2026-04-01T17:20:54","modified_gmt":"2026-04-01T15:20:54","slug":"joint-de-carter-case-ih-3-cylindres","status":"publish","type":"product","link":"https:\/\/edel.fr\/en\/product\/joint-de-carter-case-ih-3-cylindres\/","title":{"rendered":"Joint de carter moteur Case IH D155 D179 tracteur agricole"},"content":{"rendered":"<div data-elementor-type=\"wp-post\" data-elementor-id=\"18644\" class=\"elementor elementor-18644\">\n\t\t\t\t\t\t<section class=\"elementor-section elementor-top-section elementor-element elementor-element-5583491b elementor-section-boxed elementor-section-height-default elementor-section-height-default\" data-id=\"5583491b\" data-element_type=\"section\" data-e-type=\"section\">\n\t\t\t\t\t\t<div class=\"elementor-container elementor-column-gap-default\">\n\t\t\t\t\t<div class=\"elementor-column elementor-col-100 elementor-top-column elementor-element elementor-element-5e54b136\" data-id=\"5e54b136\" data-element_type=\"column\" data-e-type=\"column\">\n\t\t\t<div class=\"elementor-widget-wrap elementor-element-populated\">\n\t\t\t\t\t\t<div class=\"elementor-element elementor-element-3c771357 elementor-widget elementor-widget-heading\" data-id=\"3c771357\" data-element_type=\"widget\" data-e-type=\"widget\" data-widget_type=\"heading.default\">\n\t\t\t\t<div class=\"elementor-widget-container\">\n\t\t\t\t\t<h2 class=\"elementor-heading-title elementor-size-default\">JOINT DE CARTER CASE IH - 3 CYLINDRES<\/h2>\t\t\t\t<\/div>\n\t\t\t\t<\/div>\n\t\t\t\t<div class=\"elementor-element elementor-element-402f80de elementor-widget elementor-widget-heading\" data-id=\"402f80de\" data-element_type=\"widget\" data-e-type=\"widget\" data-widget_type=\"heading.default\">\n\t\t\t\t<div class=\"elementor-widget-container\">\n\t\t\t\t\t<h3 class=\"elementor-heading-title elementor-size-default\">Information du produit :<\/h3>\t\t\t\t<\/div>\n\t\t\t\t<\/div>\n\t\t\t\t\t<\/div>\n\t\t<\/div>\n\t\t\t\t\t<\/div>\n\t\t<\/section>\n\t\t\t\t<section class=\"elementor-section elementor-top-section elementor-element elementor-element-290ca7d1 elementor-section-boxed elementor-section-height-default elementor-section-height-default\" data-id=\"290ca7d1\" data-element_type=\"section\" data-e-type=\"section\">\n\t\t\t\t\t\t<div class=\"elementor-container elementor-column-gap-default\">\n\t\t\t\t\t<div class=\"elementor-column elementor-col-100 elementor-top-column elementor-element elementor-element-773f35b7\" data-id=\"773f35b7\" data-element_type=\"column\" data-e-type=\"column\">\n\t\t\t<div class=\"elementor-widget-wrap elementor-element-populated\">\n\t\t\t\t\t\t<div class=\"elementor-element elementor-element-7774c225 elementor-widget elementor-widget-text-editor\" data-id=\"7774c225\" data-element_type=\"widget\" data-e-type=\"widget\" data-widget_type=\"text-editor.default\">\n\t\t\t\t<div class=\"elementor-widget-container\">\n\t\t\t\t\t\t\t\t\t<p>Qualit\u00e9 origine.<\/p><div>\u00a0<\/div>\t\t\t\t\t\t\t\t<\/div>\n\t\t\t\t<\/div>\n\t\t\t\t\t<\/div>\n\t\t<\/div>\n\t\t\t\t\t<\/div>\n\t\t<\/section>\n\t\t\t\t<\/div>","protected":false},"excerpt":{"rendered":"<p>JOINT DE CARTER CASE IH &#8211; 3 CYLINDRES Information du produit : Qualit\u00e9 origine.<\/p>","protected":false},"featured_media":18701,"template":"","meta":[],"product_brand":[],"product_cat":[2537,153,119],"product_tag":[],"tracteur":[],"class_list":{"0":"post-18644","1":"product","2":"type-product","3":"status-publish","4":"has-post-thumbnail","6":"product_cat-joints-carter","7":"product_cat-pieces-moteur","8":"product_cat-tracteurs-agricoles","9":"product_shipping_class-142","10":"pa_fabriquant-elring","11":"pa_fabriquant-victor-reinz","12":"pa_marque-moteur-moteur-case-ih","13":"pa_qualite-origine","14":"pa_type-moteur-d155","15":"pa_type-moteur-d179","16":"badges-style-2","18":"first","19":"instock","20":"taxable","21":"shipping-taxable","22":"purchasable","23":"product-type-simple"},"acf":[],"yoast_head":"<!-- This site is optimized with the Yoast SEO plugin v27.3 - https:\/\/yoast.com\/product\/yoast-seo-wordpress\/ -->\n<title>Joint de carter moteur Case IH D155 D179 tracteur agricole - Edel<\/title>\n<meta name=\"robots\" content=\"index, follow, max-snippet:-1, max-image-preview:large, max-video-preview:-1\" \/>\n<link rel=\"canonical\" href=\"https:\/\/edel.fr\/en\/product\/joint-de-carter-case-ih-3-cylindres\/\" \/>\n<meta property=\"og:locale\" content=\"en_US\" \/>\n<meta property=\"og:type\" content=\"article\" \/>\n<meta property=\"og:title\" content=\"Joint de carter moteur Case IH D155 D179 tracteur agricole - Edel\" \/>\n<meta property=\"og:description\" content=\"JOINT DE CARTER CASE IH &#8211; 3 CYLINDRES Information du produit : Qualit\u00e9 origine.\" \/>\n<meta property=\"og:url\" content=\"https:\/\/edel.fr\/en\/product\/joint-de-carter-case-ih-3-cylindres\/\" \/>\n<meta property=\"og:site_name\" content=\"Edel\" \/>\n<meta property=\"article:modified_time\" content=\"2026-04-01T15:20:54+00:00\" \/>\n<meta property=\"og:image\" content=\"https:\/\/edel.fr\/uploads\/2025\/05\/01M702035110.png\" \/>\n\t<meta property=\"og:image:width\" content=\"1449\" \/>\n\t<meta property=\"og:image:height\" content=\"995\" \/>\n\t<meta property=\"og:image:type\" content=\"image\/png\" \/>\n<meta name=\"twitter:card\" content=\"summary_large_image\" \/>\n<meta name=\"twitter:label1\" content=\"Est. reading time\" \/>\n\t<meta name=\"twitter:data1\" content=\"1 minute\" \/>\n<script type=\"application\/ld+json\" class=\"yoast-schema-graph\">{\"@context\":\"https:\\\/\\\/schema.org\",\"@graph\":[{\"@type\":\"WebPage\",\"@id\":\"https:\\\/\\\/edel.fr\\\/produit\\\/joint-de-carter-case-ih-3-cylindres\\\/\",\"url\":\"https:\\\/\\\/edel.fr\\\/produit\\\/joint-de-carter-case-ih-3-cylindres\\\/\",\"name\":\"Joint de carter moteur Case IH D155 D179 tracteur agricole - Edel\",\"isPartOf\":{\"@id\":\"https:\\\/\\\/www.edel.fr\\\/en\\\/#website\"},\"primaryImageOfPage\":{\"@id\":\"https:\\\/\\\/edel.fr\\\/produit\\\/joint-de-carter-case-ih-3-cylindres\\\/#primaryimage\"},\"image\":{\"@id\":\"https:\\\/\\\/edel.fr\\\/produit\\\/joint-de-carter-case-ih-3-cylindres\\\/#primaryimage\"},\"thumbnailUrl\":\"https:\\\/\\\/edel.fr\\\/uploads\\\/2025\\\/05\\\/01M702035110.png\",\"datePublished\":\"2025-05-22T08:36:25+00:00\",\"dateModified\":\"2026-04-01T15:20:54+00:00\",\"breadcrumb\":{\"@id\":\"https:\\\/\\\/edel.fr\\\/produit\\\/joint-de-carter-case-ih-3-cylindres\\\/#breadcrumb\"},\"inLanguage\":\"en-US\",\"potentialAction\":[{\"@type\":\"ReadAction\",\"target\":[\"https:\\\/\\\/edel.fr\\\/produit\\\/joint-de-carter-case-ih-3-cylindres\\\/\"]}]},{\"@type\":\"ImageObject\",\"inLanguage\":\"en-US\",\"@id\":\"https:\\\/\\\/edel.fr\\\/produit\\\/joint-de-carter-case-ih-3-cylindres\\\/#primaryimage\",\"url\":\"https:\\\/\\\/edel.fr\\\/uploads\\\/2025\\\/05\\\/01M702035110.png\",\"contentUrl\":\"https:\\\/\\\/edel.fr\\\/uploads\\\/2025\\\/05\\\/01M702035110.png\",\"width\":1449,\"height\":995},{\"@type\":\"BreadcrumbList\",\"@id\":\"https:\\\/\\\/edel.fr\\\/produit\\\/joint-de-carter-case-ih-3-cylindres\\\/#breadcrumb\",\"itemListElement\":[{\"@type\":\"ListItem\",\"position\":1,\"name\":\"Pi\u00e8ce Tracteur\",\"item\":\"https:\\\/\\\/www.edel.fr\\\/en\\\/\"},{\"@type\":\"ListItem\",\"position\":2,\"name\":\"Toutes nos pi\u00e8ces Tracteur\",\"item\":\"https:\\\/\\\/edel.fr\\\/shop\\\/\"},{\"@type\":\"ListItem\",\"position\":3,\"name\":\"Joint de carter moteur Case IH D155 D179 tracteur agricole\"}]},{\"@type\":\"WebSite\",\"@id\":\"https:\\\/\\\/www.edel.fr\\\/en\\\/#website\",\"url\":\"https:\\\/\\\/www.edel.fr\\\/en\\\/\",\"name\":\"Edel\",\"description\":\"Pi\u00e8ce d\u00e9tach\u00e9e de Tracteur Agricole\",\"publisher\":{\"@id\":\"https:\\\/\\\/www.edel.fr\\\/en\\\/#organization\"},\"potentialAction\":[{\"@type\":\"SearchAction\",\"target\":{\"@type\":\"EntryPoint\",\"urlTemplate\":\"https:\\\/\\\/www.edel.fr\\\/en\\\/?s={search_term_string}\"},\"query-input\":{\"@type\":\"PropertyValueSpecification\",\"valueRequired\":true,\"valueName\":\"search_term_string\"}}],\"inLanguage\":\"en-US\"},{\"@type\":\"Organization\",\"@id\":\"https:\\\/\\\/www.edel.fr\\\/en\\\/#organization\",\"name\":\"Edel\",\"url\":\"https:\\\/\\\/www.edel.fr\\\/en\\\/\",\"logo\":{\"@type\":\"ImageObject\",\"inLanguage\":\"en-US\",\"@id\":\"https:\\\/\\\/www.edel.fr\\\/en\\\/#\\\/schema\\\/logo\\\/image\\\/\",\"url\":\"https:\\\/\\\/www.edel.fr\\\/uploads\\\/2018\\\/11\\\/logo-edel.png\",\"contentUrl\":\"https:\\\/\\\/www.edel.fr\\\/uploads\\\/2018\\\/11\\\/logo-edel.png\",\"width\":257,\"height\":68,\"caption\":\"Edel\"},\"image\":{\"@id\":\"https:\\\/\\\/www.edel.fr\\\/en\\\/#\\\/schema\\\/logo\\\/image\\\/\"}}]}<\/script>\n<!-- \/ Yoast SEO plugin. -->","yoast_head_json":{"title":"Joint de carter moteur Case IH D155 D179 tracteur agricole - Edel","robots":{"index":"index","follow":"follow","max-snippet":"max-snippet:-1","max-image-preview":"max-image-preview:large","max-video-preview":"max-video-preview:-1"},"canonical":"https:\/\/edel.fr\/en\/product\/joint-de-carter-case-ih-3-cylindres\/","og_locale":"en_US","og_type":"article","og_title":"Joint de carter moteur Case IH D155 D179 tracteur agricole - Edel","og_description":"JOINT DE CARTER CASE IH &#8211; 3 CYLINDRES Information du produit : Qualit\u00e9 origine.","og_url":"https:\/\/edel.fr\/en\/product\/joint-de-carter-case-ih-3-cylindres\/","og_site_name":"Edel","article_modified_time":"2026-04-01T15:20:54+00:00","og_image":[{"width":1449,"height":995,"url":"https:\/\/edel.fr\/uploads\/2025\/05\/01M702035110.png","type":"image\/png"}],"twitter_card":"summary_large_image","twitter_misc":{"Est. reading time":"1 minute"},"schema":{"@context":"https:\/\/schema.org","@graph":[{"@type":"WebPage","@id":"https:\/\/edel.fr\/produit\/joint-de-carter-case-ih-3-cylindres\/","url":"https:\/\/edel.fr\/produit\/joint-de-carter-case-ih-3-cylindres\/","name":"Joint de carter moteur Case IH D155 D179 tracteur agricole - Edel","isPartOf":{"@id":"https:\/\/www.edel.fr\/en\/#website"},"primaryImageOfPage":{"@id":"https:\/\/edel.fr\/produit\/joint-de-carter-case-ih-3-cylindres\/#primaryimage"},"image":{"@id":"https:\/\/edel.fr\/produit\/joint-de-carter-case-ih-3-cylindres\/#primaryimage"},"thumbnailUrl":"https:\/\/edel.fr\/uploads\/2025\/05\/01M702035110.png","datePublished":"2025-05-22T08:36:25+00:00","dateModified":"2026-04-01T15:20:54+00:00","breadcrumb":{"@id":"https:\/\/edel.fr\/produit\/joint-de-carter-case-ih-3-cylindres\/#breadcrumb"},"inLanguage":"en-US","potentialAction":[{"@type":"ReadAction","target":["https:\/\/edel.fr\/produit\/joint-de-carter-case-ih-3-cylindres\/"]}]},{"@type":"ImageObject","inLanguage":"en-US","@id":"https:\/\/edel.fr\/produit\/joint-de-carter-case-ih-3-cylindres\/#primaryimage","url":"https:\/\/edel.fr\/uploads\/2025\/05\/01M702035110.png","contentUrl":"https:\/\/edel.fr\/uploads\/2025\/05\/01M702035110.png","width":1449,"height":995},{"@type":"BreadcrumbList","@id":"https:\/\/edel.fr\/produit\/joint-de-carter-case-ih-3-cylindres\/#breadcrumb","itemListElement":[{"@type":"ListItem","position":1,"name":"Pi\u00e8ce Tracteur","item":"https:\/\/www.edel.fr\/en\/"},{"@type":"ListItem","position":2,"name":"Toutes nos pi\u00e8ces Tracteur","item":"https:\/\/edel.fr\/shop\/"},{"@type":"ListItem","position":3,"name":"Joint de carter moteur Case IH D155 D179 tracteur agricole"}]},{"@type":"WebSite","@id":"https:\/\/www.edel.fr\/en\/#website","url":"https:\/\/www.edel.fr\/en\/","name":"Edel","description":"Pi\u00e8ce d\u00e9tach\u00e9e de Tracteur Agricole","publisher":{"@id":"https:\/\/www.edel.fr\/en\/#organization"},"potentialAction":[{"@type":"SearchAction","target":{"@type":"EntryPoint","urlTemplate":"https:\/\/www.edel.fr\/en\/?s={search_term_string}"},"query-input":{"@type":"PropertyValueSpecification","valueRequired":true,"valueName":"search_term_string"}}],"inLanguage":"en-US"},{"@type":"Organization","@id":"https:\/\/www.edel.fr\/en\/#organization","name":"Edel","url":"https:\/\/www.edel.fr\/en\/","logo":{"@type":"ImageObject","inLanguage":"en-US","@id":"https:\/\/www.edel.fr\/en\/#\/schema\/logo\/image\/","url":"https:\/\/www.edel.fr\/uploads\/2018\/11\/logo-edel.png","contentUrl":"https:\/\/www.edel.fr\/uploads\/2018\/11\/logo-edel.png","width":257,"height":68,"caption":"Edel"},"image":{"@id":"https:\/\/www.edel.fr\/en\/#\/schema\/logo\/image\/"}}]}},"_links":{"self":[{"href":"https:\/\/edel.fr\/en\/wp-json\/wp\/v2\/product\/18644","targetHints":{"allow":["GET"]}}],"collection":[{"href":"https:\/\/edel.fr\/en\/wp-json\/wp\/v2\/product"}],"about":[{"href":"https:\/\/edel.fr\/en\/wp-json\/wp\/v2\/types\/product"}],"version-history":[{"count":2,"href":"https:\/\/edel.fr\/en\/wp-json\/wp\/v2\/product\/18644\/revisions"}],"predecessor-version":[{"id":18696,"href":"https:\/\/edel.fr\/en\/wp-json\/wp\/v2\/product\/18644\/revisions\/18696"}],"wp:featuredmedia":[{"embeddable":true,"href":"https:\/\/edel.fr\/en\/wp-json\/wp\/v2\/media\/18701"}],"wp:attachment":[{"href":"https:\/\/edel.fr\/en\/wp-json\/wp\/v2\/media?parent=18644"}],"wp:term":[{"taxonomy":"product_brand","embeddable":true,"href":"https:\/\/edel.fr\/en\/wp-json\/wp\/v2\/product_brand?post=18644"},{"taxonomy":"product_cat","embeddable":true,"href":"https:\/\/edel.fr\/en\/wp-json\/wp\/v2\/product_cat?post=18644"},{"taxonomy":"product_tag","embeddable":true,"href":"https:\/\/edel.fr\/en\/wp-json\/wp\/v2\/product_tag?post=18644"},{"taxonomy":"tracteur","embeddable":true,"href":"https:\/\/edel.fr\/en\/wp-json\/wp\/v2\/tracteur?post=18644"}],"curies":[{"name":"wp","href":"https:\/\/api.w.org\/{rel}","templated":true}]}}