{"id":18686,"date":"2025-05-22T16:32:05","date_gmt":"2025-05-22T14:32:05","guid":{"rendered":"https:\/\/www.edel.fr\/?post_type=product&#038;p=18686"},"modified":"2026-03-17T02:00:45","modified_gmt":"2026-03-17T01:00:45","slug":"kit-embrayage-khd-deutz-complet-3607-4006-4007-4506-4507-4807-dx2-30-dx250-dx270-dx310","status":"publish","type":"product","link":"https:\/\/edel.fr\/en\/product\/kit-embrayage-khd-deutz-complet-3607-4006-4007-4506-4507-4807-dx2-30-dx250-dx270-dx310\/","title":{"rendered":"Kit embrayage LUK deutz 3607 D4006 D4007 D4506 D4507 DX3.10 tracteur agricole"},"content":{"rendered":"<div data-elementor-type=\"wp-post\" data-elementor-id=\"18686\" class=\"elementor elementor-18686\">\n\t\t\t\t\t\t<section class=\"elementor-section elementor-top-section elementor-element elementor-element-5c6ddfc elementor-section-boxed elementor-section-height-default elementor-section-height-default\" data-id=\"5c6ddfc\" data-element_type=\"section\" data-e-type=\"section\">\n\t\t\t\t\t\t<div class=\"elementor-container elementor-column-gap-default\">\n\t\t\t\t\t<div class=\"elementor-column elementor-col-100 elementor-top-column elementor-element elementor-element-0577737\" data-id=\"0577737\" data-element_type=\"column\" data-e-type=\"column\">\n\t\t\t<div class=\"elementor-widget-wrap elementor-element-populated\">\n\t\t\t\t\t\t<div class=\"elementor-element elementor-element-513b5e8 elementor-widget elementor-widget-heading\" data-id=\"513b5e8\" data-element_type=\"widget\" data-e-type=\"widget\" data-widget_type=\"heading.default\">\n\t\t\t\t<div class=\"elementor-widget-container\">\n\t\t\t\t\t<h2 class=\"elementor-heading-title elementor-size-default\"><b>KIT COMPLET D'eMBRAYAGE<br><\/b><br>M\u00c9CANISME DOUBLE, DISQUE AV. ORGANIQUE, 2 BUT\u00c9ES ET ROULEMENT PILOTE <br><br>\u00d8 225 \/ 225 mm \u2013 20 \/ 17 CANNELURES - 2201010 04 \/ 05<\/h2>\t\t\t\t<\/div>\n\t\t\t\t<\/div>\n\t\t\t\t\t<\/div>\n\t\t<\/div>\n\t\t\t\t\t<\/div>\n\t\t<\/section>\n\t\t\t\t<section class=\"elementor-section elementor-top-section elementor-element elementor-element-1c097eb7 elementor-section-boxed elementor-section-height-default elementor-section-height-default\" data-id=\"1c097eb7\" data-element_type=\"section\" data-e-type=\"section\">\n\t\t\t\t\t\t<div class=\"elementor-container elementor-column-gap-default\">\n\t\t\t\t\t<div class=\"elementor-column elementor-col-100 elementor-top-column elementor-element elementor-element-41fc5527\" data-id=\"41fc5527\" data-element_type=\"column\" data-e-type=\"column\">\n\t\t\t<div class=\"elementor-widget-wrap elementor-element-populated\">\n\t\t\t\t\t\t<div class=\"elementor-element elementor-element-746c6ba1 elementor-widget elementor-widget-text-editor\" data-id=\"746c6ba1\" data-element_type=\"widget\" data-e-type=\"widget\" data-widget_type=\"text-editor.default\">\n\t\t\t\t<div class=\"elementor-widget-container\">\n\t\t\t\t\t\t\t\t\t<div>\n<p>Kit embrayage pour tracteur agricoles de la marque DEUTZ&nbsp;<\/p>\n<\/div>\n<div>\n<p>KHD Deutz : 3607, 4006, 4007, 4506, 4507, 4807, DX2.30, DX250, DX250, DX270, DX310<\/p>\n<ul><li><span style=\"text-decoration: underline; color: #fdb819;\">En option<\/span><span style=\"color: #fdb819;\">,<\/span> vous trouverez pour ce montage :<br><a href=\"https:\/\/edel.fr\/en\/joint-spi-arriere-deutz-115-x-140-x-16-qualite-origine\/\" target=\"_blank\" rel=\"noopener\">&#8211; le joint spi<\/a><\/li>\n<\/ul>\n<\/div>\n<p>Le kit d\u2019embrayage tracteur agricole est compos\u00e9 d\u2019un m\u00e9canisme, d\u2019un ou deux disques, d\u2019une ou deux but\u00e9es et du roulement pilote. De plus le kit complet comprend la totalit\u00e9 des pi\u00e8ces \u00e0 changer en atelier. Cependant les pi\u00e8ces de rechange qui le composent sont rigoureusement s\u00e9lectionn\u00e9es pour leur qualit\u00e9 et leur fiabilit\u00e9.&nbsp;<\/p>\n<p>Toutefois choisir de remplacer une pi\u00e8ce au d\u00e9tail peut s\u2019av\u00e9rer \u00eatre moins avantageux que de remplacer un ensemble complet. Nos kits se distinguent par la qualit\u00e9 de nos but\u00e9es d\u2019embrayages et roulements pilotes. Une but\u00e9e adaptable qui grippe conduit irr\u00e9m\u00e9diablement \u00e0 la destruction du m\u00e9canisme.<\/p>\n<p>Car pour le montage d\u2019un kit d\u2019embrayage agricole, les pi\u00e8ces p\u00e9riph\u00e9riques doivent proc\u00e9der \u00e0 un examen minutieux. Notamment, le volant moteur et les diff\u00e9rents joints spi.<\/p>\n<p>En effet, pour le syst\u00e8me de commande, une vigilance particuli\u00e8re est \u00e0 porter au c\u00e2ble, a la tringlerie et au circuit hydraulique. En cas de doute, ces composants doivent absolument \u00eatre remis \u00e0 niveau pour permettre le parfait fonctionnement de l\u2019embrayage.<\/p>\n<p>Bien s\u00fbr, pour plus de renseignements, n&rsquo;h\u00e9sitez pas \u00e0 nous consulter !<\/p>\t\t\t\t\t\t\t\t<\/div>\n\t\t\t\t<\/div>\n\t\t\t\t\t<\/div>\n\t\t<\/div>\n\t\t\t\t\t<\/div>\n\t\t<\/section>\n\t\t\t\t<\/div>","protected":false},"excerpt":{"rendered":"<p>KIT COMPLET D&rsquo;eMBRAYAGE M\u00c9CANISME DOUBLE, DISQUE AV. ORGANIQUE, 2 BUT\u00c9ES ET ROULEMENT PILOTE \u00d8 225 \/ 225 mm \u2013 20 \/ 17 CANNELURES &#8211; 2201010 04 \/ 05 Kit embrayage pour tracteur agricoles de la marque DEUTZ KHD Deutz : 3607, 4006, 4007, 4506, 4507, 4807, DX2.30, DX250, DX250, DX270, DX310 En option, vous trouverez<br \/><a class=\"more-link\" href=\"https:\/\/edel.fr\/en\/product\/kit-embrayage-khd-deutz-complet-3607-4006-4007-4506-4507-4807-dx2-30-dx250-dx270-dx310\/\"><br \/>\n        Read More<span class=\"screen-reader-text\"> \u00ab\u00a0Kit embrayage LUK deutz 3607 D4006 D4007 D4506 D4507 DX3.10 tracteur agricole\u00a0\u00bb<\/span><\/a><\/p>","protected":false},"featured_media":18715,"template":"","meta":[],"product_brand":[],"product_cat":[1141,3960,119,120],"product_tag":[143,124],"tracteur":[],"class_list":{"0":"post-18686","1":"product","2":"type-product","3":"status-publish","4":"has-post-thumbnail","6":"product_cat-kits-dembrayage","7":"product_cat-khd-deutz","8":"product_cat-tracteurs-agricoles","9":"product_cat-transmissions","10":"product_tag-kits-dembrayage","11":"product_tag-transmissions","12":"product_shipping_class-142","13":"pa_diametre-disques-225-225","14":"pa_fabriquant-luk","15":"pa_marque-tracteur-khd-deutz","16":"pa_modele-tracteur-3392","17":"pa_modele-tracteur-3393","18":"pa_modele-tracteur-3394","19":"pa_modele-tracteur-3395","20":"pa_modele-tracteur-3396","21":"pa_reference-4658","22":"pa_reference-4659","23":"pa_reference-4660","24":"pa_reference-4661","25":"pa_type-2-3881","26":"pa_type-2-3877","27":"pa_type-2-3878","28":"pa_type-2-1225","29":"pa_type-2-3882","30":"pa_type-2-1226","31":"pa_type-2-dx2-30","32":"pa_type-2-dx250","33":"pa_type-2-dx270","34":"pa_type-2-dx310","35":"pa_type-embrayage-double","36":"pa_type-prise-de-force-mecanique","37":"badges-style-2","39":"first","40":"outofstock","41":"taxable","42":"shipping-taxable","43":"purchasable","44":"product-type-simple"},"acf":[],"yoast_head":"<!-- This site is optimized with the Yoast SEO plugin v27.3 - https:\/\/yoast.com\/product\/yoast-seo-wordpress\/ -->\n<title>Kit Embrayage KHD Deutz Complet - 3607 4006 4506 4807 DX250 - Edel<\/title>\n<meta name=\"description\" content=\"Kit Embrayage KHD Deutz - M\u00e9canisme double, Organique, 2 but\u00e9es et roulement pilote - \u00d8225\/225 - 3607 4006 4007 4506 4507 4807 DX2.30 DX250 DX270 DX310\" \/>\n<meta name=\"robots\" content=\"index, follow, max-snippet:-1, max-image-preview:large, max-video-preview:-1\" \/>\n<link rel=\"canonical\" href=\"http:\/\/edel.fr\/en\/product\/kit-embrayage-khd-deutz-complet-3607-4006-4007-4506-4507-4807-dx2-30-dx250-dx270-dx310\/\" \/>\n<meta property=\"og:locale\" content=\"en_US\" \/>\n<meta property=\"og:type\" content=\"article\" \/>\n<meta property=\"og:title\" content=\"Kit Embrayage KHD Deutz Complet - 3607 4006 4506 4807 DX250 - Edel\" \/>\n<meta property=\"og:description\" content=\"Kit Embrayage KHD Deutz - M\u00e9canisme double, Organique, 2 but\u00e9es et roulement pilote - \u00d8225\/225 - 3607 4006 4007 4506 4507 4807 DX2.30 DX250 DX270 DX310\" \/>\n<meta property=\"og:url\" content=\"http:\/\/edel.fr\/en\/product\/kit-embrayage-khd-deutz-complet-3607-4006-4007-4506-4507-4807-dx2-30-dx250-dx270-dx310\/\" \/>\n<meta property=\"og:site_name\" content=\"Edel\" \/>\n<meta property=\"article:modified_time\" content=\"2026-03-17T01:00:45+00:00\" \/>\n<meta property=\"og:image\" content=\"http:\/\/edel.fr\/uploads\/2025\/05\/KO0912204610-1.jpg\" \/>\n\t<meta property=\"og:image:width\" content=\"1151\" \/>\n\t<meta property=\"og:image:height\" content=\"1619\" \/>\n\t<meta property=\"og:image:type\" content=\"image\/jpeg\" \/>\n<meta name=\"twitter:card\" content=\"summary_large_image\" \/>\n<meta name=\"twitter:label1\" content=\"Est. reading time\" \/>\n\t<meta name=\"twitter:data1\" content=\"2 minutes\" \/>\n<script type=\"application\/ld+json\" class=\"yoast-schema-graph\">{\"@context\":\"https:\\\/\\\/schema.org\",\"@graph\":[{\"@type\":\"WebPage\",\"@id\":\"http:\\\/\\\/edel.fr\\\/en\\\/product\\\/kit-embrayage-khd-deutz-complet-3607-4006-4007-4506-4507-4807-dx2-30-dx250-dx270-dx310\\\/\",\"url\":\"http:\\\/\\\/edel.fr\\\/en\\\/product\\\/kit-embrayage-khd-deutz-complet-3607-4006-4007-4506-4507-4807-dx2-30-dx250-dx270-dx310\\\/\",\"name\":\"Kit Embrayage KHD Deutz Complet - 3607 4006 4506 4807 DX250 - Edel\",\"isPartOf\":{\"@id\":\"https:\\\/\\\/www.edel.fr\\\/en\\\/#website\"},\"primaryImageOfPage\":{\"@id\":\"http:\\\/\\\/edel.fr\\\/en\\\/product\\\/kit-embrayage-khd-deutz-complet-3607-4006-4007-4506-4507-4807-dx2-30-dx250-dx270-dx310\\\/#primaryimage\"},\"image\":{\"@id\":\"http:\\\/\\\/edel.fr\\\/en\\\/product\\\/kit-embrayage-khd-deutz-complet-3607-4006-4007-4506-4507-4807-dx2-30-dx250-dx270-dx310\\\/#primaryimage\"},\"thumbnailUrl\":\"https:\\\/\\\/edel.fr\\\/uploads\\\/2025\\\/05\\\/KO0912204610-1.jpg\",\"datePublished\":\"2025-05-22T14:32:05+00:00\",\"dateModified\":\"2026-03-17T01:00:45+00:00\",\"description\":\"Kit Embrayage KHD Deutz - M\u00e9canisme double, Organique, 2 but\u00e9es et roulement pilote - \u00d8225\\\/225 - 3607 4006 4007 4506 4507 4807 DX2.30 DX250 DX270 DX310\",\"breadcrumb\":{\"@id\":\"http:\\\/\\\/edel.fr\\\/en\\\/product\\\/kit-embrayage-khd-deutz-complet-3607-4006-4007-4506-4507-4807-dx2-30-dx250-dx270-dx310\\\/#breadcrumb\"},\"inLanguage\":\"en-US\",\"potentialAction\":[{\"@type\":\"ReadAction\",\"target\":[\"http:\\\/\\\/edel.fr\\\/en\\\/product\\\/kit-embrayage-khd-deutz-complet-3607-4006-4007-4506-4507-4807-dx2-30-dx250-dx270-dx310\\\/\"]}]},{\"@type\":\"ImageObject\",\"inLanguage\":\"en-US\",\"@id\":\"http:\\\/\\\/edel.fr\\\/en\\\/product\\\/kit-embrayage-khd-deutz-complet-3607-4006-4007-4506-4507-4807-dx2-30-dx250-dx270-dx310\\\/#primaryimage\",\"url\":\"https:\\\/\\\/edel.fr\\\/uploads\\\/2025\\\/05\\\/KO0912204610-1.jpg\",\"contentUrl\":\"https:\\\/\\\/edel.fr\\\/uploads\\\/2025\\\/05\\\/KO0912204610-1.jpg\",\"width\":1151,\"height\":1619,\"caption\":\"Design sans titre - 1\"},{\"@type\":\"BreadcrumbList\",\"@id\":\"http:\\\/\\\/edel.fr\\\/en\\\/product\\\/kit-embrayage-khd-deutz-complet-3607-4006-4007-4506-4507-4807-dx2-30-dx250-dx270-dx310\\\/#breadcrumb\",\"itemListElement\":[{\"@type\":\"ListItem\",\"position\":1,\"name\":\"Pi\u00e8ce Tracteur\",\"item\":\"https:\\\/\\\/www.edel.fr\\\/en\\\/\"},{\"@type\":\"ListItem\",\"position\":2,\"name\":\"Toutes nos pi\u00e8ces Tracteur\",\"item\":\"https:\\\/\\\/edel.fr\\\/shop\\\/\"},{\"@type\":\"ListItem\",\"position\":3,\"name\":\"Kit embrayage LUK deutz 3607 D4006 D4007 D4506 D4507 DX3.10 tracteur agricole\"}]},{\"@type\":\"WebSite\",\"@id\":\"https:\\\/\\\/www.edel.fr\\\/en\\\/#website\",\"url\":\"https:\\\/\\\/www.edel.fr\\\/en\\\/\",\"name\":\"Edel\",\"description\":\"Pi\u00e8ce d\u00e9tach\u00e9e de Tracteur Agricole\",\"publisher\":{\"@id\":\"https:\\\/\\\/www.edel.fr\\\/en\\\/#organization\"},\"potentialAction\":[{\"@type\":\"SearchAction\",\"target\":{\"@type\":\"EntryPoint\",\"urlTemplate\":\"https:\\\/\\\/www.edel.fr\\\/en\\\/?s={search_term_string}\"},\"query-input\":{\"@type\":\"PropertyValueSpecification\",\"valueRequired\":true,\"valueName\":\"search_term_string\"}}],\"inLanguage\":\"en-US\"},{\"@type\":\"Organization\",\"@id\":\"https:\\\/\\\/www.edel.fr\\\/en\\\/#organization\",\"name\":\"Edel\",\"url\":\"https:\\\/\\\/www.edel.fr\\\/en\\\/\",\"logo\":{\"@type\":\"ImageObject\",\"inLanguage\":\"en-US\",\"@id\":\"https:\\\/\\\/www.edel.fr\\\/en\\\/#\\\/schema\\\/logo\\\/image\\\/\",\"url\":\"https:\\\/\\\/www.edel.fr\\\/uploads\\\/2018\\\/11\\\/logo-edel.png\",\"contentUrl\":\"https:\\\/\\\/www.edel.fr\\\/uploads\\\/2018\\\/11\\\/logo-edel.png\",\"width\":257,\"height\":68,\"caption\":\"Edel\"},\"image\":{\"@id\":\"https:\\\/\\\/www.edel.fr\\\/en\\\/#\\\/schema\\\/logo\\\/image\\\/\"}}]}<\/script>\n<!-- \/ Yoast SEO plugin. -->","yoast_head_json":{"title":"Kit Embrayage KHD Deutz Complet - 3607 4006 4506 4807 DX250 - Edel","description":"Kit Embrayage KHD Deutz - M\u00e9canisme double, Organique, 2 but\u00e9es et roulement pilote - \u00d8225\/225 - 3607 4006 4007 4506 4507 4807 DX2.30 DX250 DX270 DX310","robots":{"index":"index","follow":"follow","max-snippet":"max-snippet:-1","max-image-preview":"max-image-preview:large","max-video-preview":"max-video-preview:-1"},"canonical":"http:\/\/edel.fr\/en\/product\/kit-embrayage-khd-deutz-complet-3607-4006-4007-4506-4507-4807-dx2-30-dx250-dx270-dx310\/","og_locale":"en_US","og_type":"article","og_title":"Kit Embrayage KHD Deutz Complet - 3607 4006 4506 4807 DX250 - Edel","og_description":"Kit Embrayage KHD Deutz - M\u00e9canisme double, Organique, 2 but\u00e9es et roulement pilote - \u00d8225\/225 - 3607 4006 4007 4506 4507 4807 DX2.30 DX250 DX270 DX310","og_url":"http:\/\/edel.fr\/en\/product\/kit-embrayage-khd-deutz-complet-3607-4006-4007-4506-4507-4807-dx2-30-dx250-dx270-dx310\/","og_site_name":"Edel","article_modified_time":"2026-03-17T01:00:45+00:00","og_image":[{"width":1151,"height":1619,"url":"http:\/\/edel.fr\/uploads\/2025\/05\/KO0912204610-1.jpg","type":"image\/jpeg"}],"twitter_card":"summary_large_image","twitter_misc":{"Est. reading time":"2 minutes"},"schema":{"@context":"https:\/\/schema.org","@graph":[{"@type":"WebPage","@id":"http:\/\/edel.fr\/en\/product\/kit-embrayage-khd-deutz-complet-3607-4006-4007-4506-4507-4807-dx2-30-dx250-dx270-dx310\/","url":"http:\/\/edel.fr\/en\/product\/kit-embrayage-khd-deutz-complet-3607-4006-4007-4506-4507-4807-dx2-30-dx250-dx270-dx310\/","name":"Kit Embrayage KHD Deutz Complet - 3607 4006 4506 4807 DX250 - Edel","isPartOf":{"@id":"https:\/\/www.edel.fr\/en\/#website"},"primaryImageOfPage":{"@id":"http:\/\/edel.fr\/en\/product\/kit-embrayage-khd-deutz-complet-3607-4006-4007-4506-4507-4807-dx2-30-dx250-dx270-dx310\/#primaryimage"},"image":{"@id":"http:\/\/edel.fr\/en\/product\/kit-embrayage-khd-deutz-complet-3607-4006-4007-4506-4507-4807-dx2-30-dx250-dx270-dx310\/#primaryimage"},"thumbnailUrl":"https:\/\/edel.fr\/uploads\/2025\/05\/KO0912204610-1.jpg","datePublished":"2025-05-22T14:32:05+00:00","dateModified":"2026-03-17T01:00:45+00:00","description":"Kit Embrayage KHD Deutz - M\u00e9canisme double, Organique, 2 but\u00e9es et roulement pilote - \u00d8225\/225 - 3607 4006 4007 4506 4507 4807 DX2.30 DX250 DX270 DX310","breadcrumb":{"@id":"http:\/\/edel.fr\/en\/product\/kit-embrayage-khd-deutz-complet-3607-4006-4007-4506-4507-4807-dx2-30-dx250-dx270-dx310\/#breadcrumb"},"inLanguage":"en-US","potentialAction":[{"@type":"ReadAction","target":["http:\/\/edel.fr\/en\/product\/kit-embrayage-khd-deutz-complet-3607-4006-4007-4506-4507-4807-dx2-30-dx250-dx270-dx310\/"]}]},{"@type":"ImageObject","inLanguage":"en-US","@id":"http:\/\/edel.fr\/en\/product\/kit-embrayage-khd-deutz-complet-3607-4006-4007-4506-4507-4807-dx2-30-dx250-dx270-dx310\/#primaryimage","url":"https:\/\/edel.fr\/uploads\/2025\/05\/KO0912204610-1.jpg","contentUrl":"https:\/\/edel.fr\/uploads\/2025\/05\/KO0912204610-1.jpg","width":1151,"height":1619,"caption":"Design sans titre - 1"},{"@type":"BreadcrumbList","@id":"http:\/\/edel.fr\/en\/product\/kit-embrayage-khd-deutz-complet-3607-4006-4007-4506-4507-4807-dx2-30-dx250-dx270-dx310\/#breadcrumb","itemListElement":[{"@type":"ListItem","position":1,"name":"Pi\u00e8ce Tracteur","item":"https:\/\/www.edel.fr\/en\/"},{"@type":"ListItem","position":2,"name":"Toutes nos pi\u00e8ces Tracteur","item":"https:\/\/edel.fr\/shop\/"},{"@type":"ListItem","position":3,"name":"Kit embrayage LUK deutz 3607 D4006 D4007 D4506 D4507 DX3.10 tracteur agricole"}]},{"@type":"WebSite","@id":"https:\/\/www.edel.fr\/en\/#website","url":"https:\/\/www.edel.fr\/en\/","name":"Edel","description":"Pi\u00e8ce d\u00e9tach\u00e9e de Tracteur Agricole","publisher":{"@id":"https:\/\/www.edel.fr\/en\/#organization"},"potentialAction":[{"@type":"SearchAction","target":{"@type":"EntryPoint","urlTemplate":"https:\/\/www.edel.fr\/en\/?s={search_term_string}"},"query-input":{"@type":"PropertyValueSpecification","valueRequired":true,"valueName":"search_term_string"}}],"inLanguage":"en-US"},{"@type":"Organization","@id":"https:\/\/www.edel.fr\/en\/#organization","name":"Edel","url":"https:\/\/www.edel.fr\/en\/","logo":{"@type":"ImageObject","inLanguage":"en-US","@id":"https:\/\/www.edel.fr\/en\/#\/schema\/logo\/image\/","url":"https:\/\/www.edel.fr\/uploads\/2018\/11\/logo-edel.png","contentUrl":"https:\/\/www.edel.fr\/uploads\/2018\/11\/logo-edel.png","width":257,"height":68,"caption":"Edel"},"image":{"@id":"https:\/\/www.edel.fr\/en\/#\/schema\/logo\/image\/"}}]}},"_links":{"self":[{"href":"https:\/\/edel.fr\/en\/wp-json\/wp\/v2\/product\/18686","targetHints":{"allow":["GET"]}}],"collection":[{"href":"https:\/\/edel.fr\/en\/wp-json\/wp\/v2\/product"}],"about":[{"href":"https:\/\/edel.fr\/en\/wp-json\/wp\/v2\/types\/product"}],"version-history":[{"count":2,"href":"https:\/\/edel.fr\/en\/wp-json\/wp\/v2\/product\/18686\/revisions"}],"predecessor-version":[{"id":18788,"href":"https:\/\/edel.fr\/en\/wp-json\/wp\/v2\/product\/18686\/revisions\/18788"}],"wp:featuredmedia":[{"embeddable":true,"href":"https:\/\/edel.fr\/en\/wp-json\/wp\/v2\/media\/18715"}],"wp:attachment":[{"href":"https:\/\/edel.fr\/en\/wp-json\/wp\/v2\/media?parent=18686"}],"wp:term":[{"taxonomy":"product_brand","embeddable":true,"href":"https:\/\/edel.fr\/en\/wp-json\/wp\/v2\/product_brand?post=18686"},{"taxonomy":"product_cat","embeddable":true,"href":"https:\/\/edel.fr\/en\/wp-json\/wp\/v2\/product_cat?post=18686"},{"taxonomy":"product_tag","embeddable":true,"href":"https:\/\/edel.fr\/en\/wp-json\/wp\/v2\/product_tag?post=18686"},{"taxonomy":"tracteur","embeddable":true,"href":"https:\/\/edel.fr\/en\/wp-json\/wp\/v2\/tracteur?post=18686"}],"curies":[{"name":"wp","href":"https:\/\/api.w.org\/{rel}","templated":true}]}}