{"id":18726,"date":"2025-05-27T08:36:14","date_gmt":"2025-05-27T06:36:14","guid":{"rendered":"https:\/\/www.edel.fr\/?post_type=product&#038;p=18726"},"modified":"2026-04-01T17:12:42","modified_gmt":"2026-04-01T15:12:42","slug":"pochette-rodage-moteur-case-ih-d358-dt358-dt402-qualite-origine-tracteur-agricole","status":"publish","type":"product","link":"https:\/\/edel.fr\/en\/product\/pochette-rodage-moteur-case-ih-d358-dt358-dt402-qualite-origine-tracteur-agricole\/","title":{"rendered":"Pochette Rodage origine OEM Moteur Case IH D358 DT358 DT402 Tracteur agricole"},"content":{"rendered":"<div data-elementor-type=\"wp-post\" data-elementor-id=\"18726\" class=\"elementor elementor-18726\">\n\t\t\t\t\t\t<section class=\"elementor-section elementor-top-section elementor-element elementor-element-1cb6836c elementor-section-boxed elementor-section-height-default elementor-section-height-default\" data-id=\"1cb6836c\" data-element_type=\"section\" data-e-type=\"section\">\n\t\t\t\t\t\t<div class=\"elementor-container elementor-column-gap-default\">\n\t\t\t\t\t<div class=\"elementor-column elementor-col-100 elementor-top-column elementor-element elementor-element-4cf873b2\" data-id=\"4cf873b2\" data-element_type=\"column\" data-e-type=\"column\">\n\t\t\t<div class=\"elementor-widget-wrap elementor-element-populated\">\n\t\t\t\t\t\t<div class=\"elementor-element elementor-element-ba2ff11 elementor-widget elementor-widget-heading\" data-id=\"ba2ff11\" data-element_type=\"widget\" data-e-type=\"widget\" data-widget_type=\"heading.default\">\n\t\t\t\t<div class=\"elementor-widget-container\">\n\t\t\t\t\t<h2 class=\"elementor-heading-title elementor-size-default\">POCHETTE RODAGE 6 CYLINDRES CASE IH IHC <\/h2>\t\t\t\t<\/div>\n\t\t\t\t<\/div>\n\t\t\t\t<div class=\"elementor-element elementor-element-8c8fb6b elementor-widget elementor-widget-heading\" data-id=\"8c8fb6b\" data-element_type=\"widget\" data-e-type=\"widget\" data-widget_type=\"heading.default\">\n\t\t\t\t<div class=\"elementor-widget-container\">\n\t\t\t\t\t<h3 class=\"elementor-heading-title elementor-size-default\">Information du produit :<\/h3>\t\t\t\t<\/div>\n\t\t\t\t<\/div>\n\t\t\t\t\t<\/div>\n\t\t<\/div>\n\t\t\t\t\t<\/div>\n\t\t<\/section>\n\t\t\t\t<section class=\"elementor-section elementor-top-section elementor-element elementor-element-290ca7d1 elementor-section-boxed elementor-section-height-default elementor-section-height-default\" data-id=\"290ca7d1\" data-element_type=\"section\" data-e-type=\"section\">\n\t\t\t\t\t\t<div class=\"elementor-container elementor-column-gap-default\">\n\t\t\t\t\t<div class=\"elementor-column elementor-col-100 elementor-top-column elementor-element elementor-element-773f35b7\" data-id=\"773f35b7\" data-element_type=\"column\" data-e-type=\"column\">\n\t\t\t<div class=\"elementor-widget-wrap elementor-element-populated\">\n\t\t\t\t\t\t<div class=\"elementor-element elementor-element-7774c225 elementor-widget elementor-widget-text-editor\" data-id=\"7774c225\" data-element_type=\"widget\" data-e-type=\"widget\" data-widget_type=\"text-editor.default\">\n\t\t\t\t<div class=\"elementor-widget-container\">\n\t\t\t\t\t\t\t\t\t<div>elPochette joints pour haut moteur.<\/div>\n<div>Qualit\u00e9 origine Germany. Marque Elring ou Victor Reinz.<\/div>\n<div>&nbsp;<\/div>\n<p>Type : 1046, 1055, 1056, 1246, 1255, 856, 955, 956.<\/p>\n<div>\n<div>&nbsp;<\/div>\n<\/div>\t\t\t\t\t\t\t\t<\/div>\n\t\t\t\t<\/div>\n\t\t\t\t\t<\/div>\n\t\t<\/div>\n\t\t\t\t\t<\/div>\n\t\t<\/section>\n\t\t\t\t<\/div>","protected":false},"excerpt":{"rendered":"<p>POCHETTE RODAGE 6 CYLINDRES CASE IH IHC Information du produit : elPochette joints pour haut moteur. Qualit\u00e9 origine Germany. Marque Elring ou Victor Reinz. &nbsp; Type : 1046, 1055, 1056, 1246, 1255, 856, 955, 956. &nbsp;<\/p>","protected":false},"featured_media":8131,"template":"","meta":[],"product_brand":[],"product_cat":[153,207,119],"product_tag":[],"tracteur":[],"class_list":{"0":"post-18726","1":"product","2":"type-product","3":"status-publish","4":"has-post-thumbnail","6":"product_cat-pieces-moteur","7":"product_cat-pochettes-joints-rodage","8":"product_cat-tracteurs-agricoles","9":"product_shipping_class-142","10":"pa_fabriquant-elring","11":"pa_fabriquant-victor-reinz","12":"pa_marque-moteur-moteur-case-ih","13":"pa_marque-tracteur-case-ih","14":"pa_modele-tracteur-4218","15":"pa_modele-tracteur-4308","16":"pa_modele-tracteur-4309","17":"pa_modele-tracteur-4663","18":"pa_modele-tracteur-4311","19":"pa_modele-tracteur-4219","20":"pa_modele-tracteur-4310","21":"pa_modele-tracteur-3797","22":"pa_modele-tracteur-4307","23":"pa_qualite-origine","24":"pa_type-moteur-d358","25":"pa_type-moteur-dt358","26":"pa_type-moteur-dt402","27":"badges-style-2","29":"first","30":"instock","31":"taxable","32":"shipping-taxable","33":"purchasable","34":"product-type-simple"},"acf":[],"yoast_head":"<!-- This site is optimized with the Yoast SEO plugin v27.3 - https:\/\/yoast.com\/product\/yoast-seo-wordpress\/ -->\n<title>Pochette rodage moteur Case IH D358 DT358 DT402 tracteur - Edel<\/title>\n<meta name=\"description\" content=\"Pochette Rodage 6 Cylindres moteur CASE IHC - D358 DT358 DT402 - Tracteurs agricoles CASE IH 1046, 1055, 1056, 1246, 1255, 856, 955, 956.\" \/>\n<meta name=\"robots\" content=\"index, follow, max-snippet:-1, max-image-preview:large, max-video-preview:-1\" \/>\n<link rel=\"canonical\" href=\"https:\/\/edel.fr\/en\/product\/pochette-rodage-moteur-case-ih-d358-dt358-dt402-qualite-origine-tracteur-agricole\/\" \/>\n<meta property=\"og:locale\" content=\"en_US\" \/>\n<meta property=\"og:type\" content=\"article\" \/>\n<meta property=\"og:title\" content=\"Pochette rodage moteur Case IH D358 DT358 DT402 tracteur - Edel\" \/>\n<meta property=\"og:description\" content=\"Pochette Rodage 6 Cylindres moteur CASE IHC - D358 DT358 DT402 - Tracteurs agricoles CASE IH 1046, 1055, 1056, 1246, 1255, 856, 955, 956.\" \/>\n<meta property=\"og:url\" content=\"https:\/\/edel.fr\/en\/product\/pochette-rodage-moteur-case-ih-d358-dt358-dt402-qualite-origine-tracteur-agricole\/\" \/>\n<meta property=\"og:site_name\" content=\"Edel\" \/>\n<meta property=\"article:modified_time\" content=\"2026-04-01T15:12:42+00:00\" \/>\n<meta property=\"og:image\" content=\"https:\/\/edel.fr\/uploads\/2020\/11\/pochette-rodage-6c.jpg\" \/>\n\t<meta property=\"og:image:width\" content=\"1920\" \/>\n\t<meta property=\"og:image:height\" content=\"1440\" \/>\n\t<meta property=\"og:image:type\" content=\"image\/jpeg\" \/>\n<meta name=\"twitter:card\" content=\"summary_large_image\" \/>\n<meta name=\"twitter:label1\" content=\"Est. reading time\" \/>\n\t<meta name=\"twitter:data1\" content=\"1 minute\" \/>\n<script type=\"application\/ld+json\" class=\"yoast-schema-graph\">{\"@context\":\"https:\\\/\\\/schema.org\",\"@graph\":[{\"@type\":\"WebPage\",\"@id\":\"https:\\\/\\\/edel.fr\\\/produit\\\/pochette-rodage-moteur-case-ih-d358-dt358-dt402-qualite-origine-tracteur-agricole\\\/\",\"url\":\"https:\\\/\\\/edel.fr\\\/produit\\\/pochette-rodage-moteur-case-ih-d358-dt358-dt402-qualite-origine-tracteur-agricole\\\/\",\"name\":\"Pochette rodage moteur Case IH D358 DT358 DT402 tracteur - Edel\",\"isPartOf\":{\"@id\":\"http:\\\/\\\/www.edel.fr\\\/en\\\/#website\"},\"primaryImageOfPage\":{\"@id\":\"https:\\\/\\\/edel.fr\\\/produit\\\/pochette-rodage-moteur-case-ih-d358-dt358-dt402-qualite-origine-tracteur-agricole\\\/#primaryimage\"},\"image\":{\"@id\":\"https:\\\/\\\/edel.fr\\\/produit\\\/pochette-rodage-moteur-case-ih-d358-dt358-dt402-qualite-origine-tracteur-agricole\\\/#primaryimage\"},\"thumbnailUrl\":\"https:\\\/\\\/edel.fr\\\/uploads\\\/2020\\\/11\\\/pochette-rodage-6c.jpg\",\"datePublished\":\"2025-05-27T06:36:14+00:00\",\"dateModified\":\"2026-04-01T15:12:42+00:00\",\"description\":\"Pochette Rodage 6 Cylindres moteur CASE IHC - D358 DT358 DT402 - Tracteurs agricoles CASE IH 1046, 1055, 1056, 1246, 1255, 856, 955, 956.\",\"breadcrumb\":{\"@id\":\"https:\\\/\\\/edel.fr\\\/produit\\\/pochette-rodage-moteur-case-ih-d358-dt358-dt402-qualite-origine-tracteur-agricole\\\/#breadcrumb\"},\"inLanguage\":\"en-US\",\"potentialAction\":[{\"@type\":\"ReadAction\",\"target\":[\"https:\\\/\\\/edel.fr\\\/produit\\\/pochette-rodage-moteur-case-ih-d358-dt358-dt402-qualite-origine-tracteur-agricole\\\/\"]}]},{\"@type\":\"ImageObject\",\"inLanguage\":\"en-US\",\"@id\":\"https:\\\/\\\/edel.fr\\\/produit\\\/pochette-rodage-moteur-case-ih-d358-dt358-dt402-qualite-origine-tracteur-agricole\\\/#primaryimage\",\"url\":\"https:\\\/\\\/edel.fr\\\/uploads\\\/2020\\\/11\\\/pochette-rodage-6c.jpg\",\"contentUrl\":\"https:\\\/\\\/edel.fr\\\/uploads\\\/2020\\\/11\\\/pochette-rodage-6c.jpg\",\"width\":1920,\"height\":1440,\"caption\":\"Pochette Rodage 6 Cylindres\"},{\"@type\":\"BreadcrumbList\",\"@id\":\"https:\\\/\\\/edel.fr\\\/produit\\\/pochette-rodage-moteur-case-ih-d358-dt358-dt402-qualite-origine-tracteur-agricole\\\/#breadcrumb\",\"itemListElement\":[{\"@type\":\"ListItem\",\"position\":1,\"name\":\"Pi\u00e8ce Tracteur\",\"item\":\"http:\\\/\\\/www.edel.fr\\\/en\\\/\"},{\"@type\":\"ListItem\",\"position\":2,\"name\":\"Toutes nos pi\u00e8ces Tracteur\",\"item\":\"https:\\\/\\\/edel.fr\\\/shop\\\/\"},{\"@type\":\"ListItem\",\"position\":3,\"name\":\"Pochette Rodage origine OEM Moteur Case IH D358 DT358 DT402 Tracteur agricole\"}]},{\"@type\":\"WebSite\",\"@id\":\"http:\\\/\\\/www.edel.fr\\\/en\\\/#website\",\"url\":\"http:\\\/\\\/www.edel.fr\\\/en\\\/\",\"name\":\"Edel\",\"description\":\"Pi\u00e8ce d\u00e9tach\u00e9e de Tracteur Agricole\",\"publisher\":{\"@id\":\"http:\\\/\\\/www.edel.fr\\\/en\\\/#organization\"},\"potentialAction\":[{\"@type\":\"SearchAction\",\"target\":{\"@type\":\"EntryPoint\",\"urlTemplate\":\"http:\\\/\\\/www.edel.fr\\\/en\\\/?s={search_term_string}\"},\"query-input\":{\"@type\":\"PropertyValueSpecification\",\"valueRequired\":true,\"valueName\":\"search_term_string\"}}],\"inLanguage\":\"en-US\"},{\"@type\":\"Organization\",\"@id\":\"http:\\\/\\\/www.edel.fr\\\/en\\\/#organization\",\"name\":\"Edel\",\"url\":\"http:\\\/\\\/www.edel.fr\\\/en\\\/\",\"logo\":{\"@type\":\"ImageObject\",\"inLanguage\":\"en-US\",\"@id\":\"http:\\\/\\\/www.edel.fr\\\/en\\\/#\\\/schema\\\/logo\\\/image\\\/\",\"url\":\"https:\\\/\\\/www.edel.fr\\\/uploads\\\/2018\\\/11\\\/logo-edel.png\",\"contentUrl\":\"https:\\\/\\\/www.edel.fr\\\/uploads\\\/2018\\\/11\\\/logo-edel.png\",\"width\":257,\"height\":68,\"caption\":\"Edel\"},\"image\":{\"@id\":\"http:\\\/\\\/www.edel.fr\\\/en\\\/#\\\/schema\\\/logo\\\/image\\\/\"}}]}<\/script>\n<!-- \/ Yoast SEO plugin. -->","yoast_head_json":{"title":"Pochette rodage moteur Case IH D358 DT358 DT402 tracteur - Edel","description":"Pochette Rodage 6 Cylindres moteur CASE IHC - D358 DT358 DT402 - Tracteurs agricoles CASE IH 1046, 1055, 1056, 1246, 1255, 856, 955, 956.","robots":{"index":"index","follow":"follow","max-snippet":"max-snippet:-1","max-image-preview":"max-image-preview:large","max-video-preview":"max-video-preview:-1"},"canonical":"https:\/\/edel.fr\/en\/product\/pochette-rodage-moteur-case-ih-d358-dt358-dt402-qualite-origine-tracteur-agricole\/","og_locale":"en_US","og_type":"article","og_title":"Pochette rodage moteur Case IH D358 DT358 DT402 tracteur - Edel","og_description":"Pochette Rodage 6 Cylindres moteur CASE IHC - D358 DT358 DT402 - Tracteurs agricoles CASE IH 1046, 1055, 1056, 1246, 1255, 856, 955, 956.","og_url":"https:\/\/edel.fr\/en\/product\/pochette-rodage-moteur-case-ih-d358-dt358-dt402-qualite-origine-tracteur-agricole\/","og_site_name":"Edel","article_modified_time":"2026-04-01T15:12:42+00:00","og_image":[{"width":1920,"height":1440,"url":"https:\/\/edel.fr\/uploads\/2020\/11\/pochette-rodage-6c.jpg","type":"image\/jpeg"}],"twitter_card":"summary_large_image","twitter_misc":{"Est. reading time":"1 minute"},"schema":{"@context":"https:\/\/schema.org","@graph":[{"@type":"WebPage","@id":"https:\/\/edel.fr\/produit\/pochette-rodage-moteur-case-ih-d358-dt358-dt402-qualite-origine-tracteur-agricole\/","url":"https:\/\/edel.fr\/produit\/pochette-rodage-moteur-case-ih-d358-dt358-dt402-qualite-origine-tracteur-agricole\/","name":"Pochette rodage moteur Case IH D358 DT358 DT402 tracteur - Edel","isPartOf":{"@id":"http:\/\/www.edel.fr\/en\/#website"},"primaryImageOfPage":{"@id":"https:\/\/edel.fr\/produit\/pochette-rodage-moteur-case-ih-d358-dt358-dt402-qualite-origine-tracteur-agricole\/#primaryimage"},"image":{"@id":"https:\/\/edel.fr\/produit\/pochette-rodage-moteur-case-ih-d358-dt358-dt402-qualite-origine-tracteur-agricole\/#primaryimage"},"thumbnailUrl":"https:\/\/edel.fr\/uploads\/2020\/11\/pochette-rodage-6c.jpg","datePublished":"2025-05-27T06:36:14+00:00","dateModified":"2026-04-01T15:12:42+00:00","description":"Pochette Rodage 6 Cylindres moteur CASE IHC - D358 DT358 DT402 - Tracteurs agricoles CASE IH 1046, 1055, 1056, 1246, 1255, 856, 955, 956.","breadcrumb":{"@id":"https:\/\/edel.fr\/produit\/pochette-rodage-moteur-case-ih-d358-dt358-dt402-qualite-origine-tracteur-agricole\/#breadcrumb"},"inLanguage":"en-US","potentialAction":[{"@type":"ReadAction","target":["https:\/\/edel.fr\/produit\/pochette-rodage-moteur-case-ih-d358-dt358-dt402-qualite-origine-tracteur-agricole\/"]}]},{"@type":"ImageObject","inLanguage":"en-US","@id":"https:\/\/edel.fr\/produit\/pochette-rodage-moteur-case-ih-d358-dt358-dt402-qualite-origine-tracteur-agricole\/#primaryimage","url":"https:\/\/edel.fr\/uploads\/2020\/11\/pochette-rodage-6c.jpg","contentUrl":"https:\/\/edel.fr\/uploads\/2020\/11\/pochette-rodage-6c.jpg","width":1920,"height":1440,"caption":"Pochette Rodage 6 Cylindres"},{"@type":"BreadcrumbList","@id":"https:\/\/edel.fr\/produit\/pochette-rodage-moteur-case-ih-d358-dt358-dt402-qualite-origine-tracteur-agricole\/#breadcrumb","itemListElement":[{"@type":"ListItem","position":1,"name":"Pi\u00e8ce Tracteur","item":"http:\/\/www.edel.fr\/en\/"},{"@type":"ListItem","position":2,"name":"Toutes nos pi\u00e8ces Tracteur","item":"https:\/\/edel.fr\/shop\/"},{"@type":"ListItem","position":3,"name":"Pochette Rodage origine OEM Moteur Case IH D358 DT358 DT402 Tracteur agricole"}]},{"@type":"WebSite","@id":"http:\/\/www.edel.fr\/en\/#website","url":"http:\/\/www.edel.fr\/en\/","name":"Edel","description":"Pi\u00e8ce d\u00e9tach\u00e9e de Tracteur Agricole","publisher":{"@id":"http:\/\/www.edel.fr\/en\/#organization"},"potentialAction":[{"@type":"SearchAction","target":{"@type":"EntryPoint","urlTemplate":"http:\/\/www.edel.fr\/en\/?s={search_term_string}"},"query-input":{"@type":"PropertyValueSpecification","valueRequired":true,"valueName":"search_term_string"}}],"inLanguage":"en-US"},{"@type":"Organization","@id":"http:\/\/www.edel.fr\/en\/#organization","name":"Edel","url":"http:\/\/www.edel.fr\/en\/","logo":{"@type":"ImageObject","inLanguage":"en-US","@id":"http:\/\/www.edel.fr\/en\/#\/schema\/logo\/image\/","url":"https:\/\/www.edel.fr\/uploads\/2018\/11\/logo-edel.png","contentUrl":"https:\/\/www.edel.fr\/uploads\/2018\/11\/logo-edel.png","width":257,"height":68,"caption":"Edel"},"image":{"@id":"http:\/\/www.edel.fr\/en\/#\/schema\/logo\/image\/"}}]}},"_links":{"self":[{"href":"https:\/\/edel.fr\/en\/wp-json\/wp\/v2\/product\/18726","targetHints":{"allow":["GET"]}}],"collection":[{"href":"https:\/\/edel.fr\/en\/wp-json\/wp\/v2\/product"}],"about":[{"href":"https:\/\/edel.fr\/en\/wp-json\/wp\/v2\/types\/product"}],"version-history":[{"count":2,"href":"https:\/\/edel.fr\/en\/wp-json\/wp\/v2\/product\/18726\/revisions"}],"predecessor-version":[{"id":20093,"href":"https:\/\/edel.fr\/en\/wp-json\/wp\/v2\/product\/18726\/revisions\/20093"}],"wp:featuredmedia":[{"embeddable":true,"href":"https:\/\/edel.fr\/en\/wp-json\/wp\/v2\/media\/8131"}],"wp:attachment":[{"href":"https:\/\/edel.fr\/en\/wp-json\/wp\/v2\/media?parent=18726"}],"wp:term":[{"taxonomy":"product_brand","embeddable":true,"href":"https:\/\/edel.fr\/en\/wp-json\/wp\/v2\/product_brand?post=18726"},{"taxonomy":"product_cat","embeddable":true,"href":"https:\/\/edel.fr\/en\/wp-json\/wp\/v2\/product_cat?post=18726"},{"taxonomy":"product_tag","embeddable":true,"href":"https:\/\/edel.fr\/en\/wp-json\/wp\/v2\/product_tag?post=18726"},{"taxonomy":"tracteur","embeddable":true,"href":"https:\/\/edel.fr\/en\/wp-json\/wp\/v2\/tracteur?post=18726"}],"curies":[{"name":"wp","href":"https:\/\/api.w.org\/{rel}","templated":true}]}}