{"id":18940,"date":"2025-09-09T10:40:13","date_gmt":"2025-09-09T08:40:13","guid":{"rendered":"https:\/\/www.edel.fr\/?post_type=product&#038;p=18940"},"modified":"2026-01-16T02:00:11","modified_gmt":"2026-01-16T01:00:11","slug":"kit-embrayage-renault-ceres-cergos-moteur-dps-john-deere-tracteur-agricole","status":"publish","type":"product","link":"https:\/\/edel.fr\/en\/product\/kit-embrayage-renault-ceres-cergos-moteur-dps-john-deere-tracteur-agricole\/","title":{"rendered":"Kit embrayage Renault Ceres Cergos moteur DPS tracteur agricole"},"content":{"rendered":"<div data-elementor-type=\"wp-post\" data-elementor-id=\"18940\" class=\"elementor elementor-18940\">\n\t\t\t\t\t\t<section class=\"elementor-section elementor-top-section elementor-element elementor-element-783b85e elementor-section-boxed elementor-section-height-default elementor-section-height-default\" data-id=\"783b85e\" data-element_type=\"section\" data-e-type=\"section\">\n\t\t\t\t\t\t<div class=\"elementor-container elementor-column-gap-default\">\n\t\t\t\t\t<div class=\"elementor-column elementor-col-100 elementor-top-column elementor-element elementor-element-2909ced\" data-id=\"2909ced\" data-element_type=\"column\" data-e-type=\"column\">\n\t\t\t<div class=\"elementor-widget-wrap elementor-element-populated\">\n\t\t\t\t\t\t<div class=\"elementor-element elementor-element-f314673 elementor-widget elementor-widget-heading\" data-id=\"f314673\" data-element_type=\"widget\" data-e-type=\"widget\" data-widget_type=\"heading.default\">\n\t\t\t\t<div class=\"elementor-widget-container\">\n\t\t\t\t\t<h2 class=\"elementor-heading-title elementor-size-default\">KIT COMPLET EMBRAYAGE <br><br>M\u00c9CANISME DOUBLE AV. ORGANIQUE, 2 BUT\u00c9ES ET ROULEMENT PILOTE<br><br>\u00d8 310\/310 MM \u2013 16\/13 CANNELURES<br><br>UNIQUEMENT POUR MOTEUR DPS JOHN DEERE<\/h2>\t\t\t\t<\/div>\n\t\t\t\t<\/div>\n\t\t\t\t\t<\/div>\n\t\t<\/div>\n\t\t\t\t\t<\/div>\n\t\t<\/section>\n\t\t\t\t<section class=\"elementor-section elementor-top-section elementor-element elementor-element-7464e3d elementor-section-boxed elementor-section-height-default elementor-section-height-default\" data-id=\"7464e3d\" data-element_type=\"section\" data-e-type=\"section\">\n\t\t\t\t\t\t<div class=\"elementor-container elementor-column-gap-default\">\n\t\t\t\t\t<div class=\"elementor-column elementor-col-100 elementor-top-column elementor-element elementor-element-28185ee\" data-id=\"28185ee\" data-element_type=\"column\" data-e-type=\"column\">\n\t\t\t<div class=\"elementor-widget-wrap elementor-element-populated\">\n\t\t\t\t\t\t<div class=\"elementor-element elementor-element-42dc863 elementor-widget elementor-widget-heading\" data-id=\"42dc863\" data-element_type=\"widget\" data-e-type=\"widget\" data-widget_type=\"heading.default\">\n\t\t\t\t<div class=\"elementor-widget-container\">\n\t\t\t\t\t<h3 class=\"elementor-heading-title elementor-size-default\">Information du produit :<\/h3>\t\t\t\t<\/div>\n\t\t\t\t<\/div>\n\t\t\t\t\t<\/div>\n\t\t<\/div>\n\t\t\t\t\t<\/div>\n\t\t<\/section>\n\t\t\t\t<section class=\"elementor-section elementor-top-section elementor-element elementor-element-cf268c8 elementor-section-boxed elementor-section-height-default elementor-section-height-default\" data-id=\"cf268c8\" data-element_type=\"section\" data-e-type=\"section\">\n\t\t\t\t\t\t<div class=\"elementor-container elementor-column-gap-default\">\n\t\t\t\t\t<div class=\"elementor-column elementor-col-100 elementor-top-column elementor-element elementor-element-4be8bb35\" data-id=\"4be8bb35\" data-element_type=\"column\" data-e-type=\"column\">\n\t\t\t<div class=\"elementor-widget-wrap elementor-element-populated\">\n\t\t\t\t\t\t<div class=\"elementor-element elementor-element-3b27f5de elementor-widget elementor-widget-text-editor\" data-id=\"3b27f5de\" data-element_type=\"widget\" data-e-type=\"widget\" data-widget_type=\"text-editor.default\">\n\t\t\t\t<div class=\"elementor-widget-container\">\n\t\t\t\t\t\t\t\t\t<div>Tracteurs agricoles RENAULT CLAAS SERIES CERES,CERGOS, ERGOS<\/div><div>\u00a0<\/div><p>Le kit d\u2019embrayage tracteur agricole est compos\u00e9 d\u2019un m\u00e9canisme, d\u2019un ou deux disques, d\u2019une ou deux but\u00e9es et du roulement pilote. De plus le kit complet comprend la totalit\u00e9 des pi\u00e8ces \u00e0 changer en atelier. Cependant les pi\u00e8ces de rechange qui le composent sont rigoureusement s\u00e9lectionn\u00e9es pour leur qualit\u00e9 et leur fiabilit\u00e9.\u00a0<\/p><p>Toutefois choisir de remplacer une pi\u00e8ce au d\u00e9tail peut s\u2019av\u00e9rer \u00eatre moins avantageux que de remplacer un ensemble complet. Nos kits se distinguent par la qualit\u00e9 de nos but\u00e9es d\u2019embrayages et roulements pilotes. Une but\u00e9e adaptable qui grippe conduit irr\u00e9m\u00e9diablement \u00e0 la destruction du m\u00e9canisme.<\/p><p>Car pour le montage d\u2019un kit d\u2019embrayage agricole, les pi\u00e8ces p\u00e9riph\u00e9riques doivent proc\u00e9der \u00e0 un examen minutieux. Notamment, le volant moteur et les diff\u00e9rents joints spi.<\/p><p>En effet, pour le syst\u00e8me de commande, une vigilance particuli\u00e8re est \u00e0 porter au c\u00e2ble, a la tringlerie et au circuit hydraulique. En cas de doute, ces composants doivent absolument \u00eatre remis \u00e0 niveau pour permettre le parfait fonctionnement de l\u2019embrayage.<\/p><p>Bien s\u00fbr, pour plus de renseignements, n&rsquo;h\u00e9sitez pas \u00e0 nous consulter !<\/p>\t\t\t\t\t\t\t\t<\/div>\n\t\t\t\t<\/div>\n\t\t\t\t\t<\/div>\n\t\t<\/div>\n\t\t\t\t\t<\/div>\n\t\t<\/section>\n\t\t\t\t<\/div>","protected":false},"excerpt":{"rendered":"<p>REMPLACE :<\/p>\n<p>CARTER 2201165 &#8211; 310\/310 MM &#8211; 16\/13Z &#8211; AVCT. ORGANIQUE<\/p>\n<p>MOTEUR DPS JOHN DEERE UNIQUEMENT<\/p>\n<p>TRACTEURS RENAULT CERES &#8211; CERGOS &#8211; ERGOS<\/p>","protected":false},"featured_media":4197,"template":"","meta":[],"product_brand":[],"product_cat":[1141,3965,119,120],"product_tag":[143,124],"tracteur":[],"class_list":{"0":"post-18940","1":"product","2":"type-product","3":"status-publish","4":"has-post-thumbnail","6":"product_cat-kits-dembrayage","7":"product_cat-renault-claas","8":"product_cat-tracteurs-agricoles","9":"product_cat-transmissions","10":"product_tag-kits-dembrayage","11":"product_tag-transmissions","12":"product_shipping_class-142","13":"pa_carter-embrayage-4674","14":"pa_diametre-disques-310-280","15":"pa_diametre-disques-310-310","16":"pa_fabriquant-kawe","17":"pa_marque-moteur-dps-john-deere","18":"pa_marque-tracteur-renault-claas","19":"pa_modele-tracteur-ceres","20":"pa_modele-tracteur-ceres-85","21":"pa_modele-tracteur-ceres-95x","22":"pa_modele-tracteur-cergos","23":"pa_modele-tracteur-ergos","24":"pa_nombre-de-cannelures-4670","25":"pa_type-moteur-4675","26":"pa_type-moteur-4045drt35","27":"badges-style-2","29":"first","30":"instock","31":"taxable","32":"shipping-taxable","33":"purchasable","34":"product-type-simple"},"acf":[],"yoast_head":"<!-- This site is optimized with the Yoast SEO plugin v27.3 - https:\/\/yoast.com\/product\/yoast-seo-wordpress\/ -->\n<title>Kit embrayage Renault Ceres Cergos moteur DPS tracteur agricole - Edel<\/title>\n<meta name=\"description\" content=\"Kit Complet Embrayage Renault - M\u00e9canisme double, disque AV. Organique, 2 but\u00e9es et roulement pilote - \u00d8 310\/310 - 16\/13 Cannelures - 2201165 - Moteur DPS John Deere\" \/>\n<meta name=\"robots\" content=\"index, follow, max-snippet:-1, max-image-preview:large, max-video-preview:-1\" \/>\n<link rel=\"canonical\" href=\"http:\/\/www.edel.fr\/en\/product\/kit-embrayage-renault-ceres-cergos-moteur-dps-john-deere-tracteur-agricole\/\" \/>\n<meta property=\"og:locale\" content=\"en_US\" \/>\n<meta property=\"og:type\" content=\"article\" \/>\n<meta property=\"og:title\" content=\"Kit embrayage Renault Ceres Cergos moteur DPS tracteur agricole - Edel\" \/>\n<meta property=\"og:description\" content=\"Kit Complet Embrayage Renault - M\u00e9canisme double, disque AV. Organique, 2 but\u00e9es et roulement pilote - \u00d8 310\/310 - 16\/13 Cannelures - 2201165 - Moteur DPS John Deere\" \/>\n<meta property=\"og:url\" content=\"http:\/\/www.edel.fr\/en\/product\/kit-embrayage-renault-ceres-cergos-moteur-dps-john-deere-tracteur-agricole\/\" \/>\n<meta property=\"og:site_name\" content=\"Edel\" \/>\n<meta property=\"article:modified_time\" content=\"2026-01-16T01:00:11+00:00\" \/>\n<meta property=\"og:image\" content=\"http:\/\/www.edel.fr\/uploads\/2018\/11\/K46.jpg\" \/>\n\t<meta property=\"og:image:width\" content=\"1920\" \/>\n\t<meta property=\"og:image:height\" content=\"1920\" \/>\n\t<meta property=\"og:image:type\" content=\"image\/jpeg\" \/>\n<meta name=\"twitter:card\" content=\"summary_large_image\" \/>\n<meta name=\"twitter:label1\" content=\"Est. reading time\" \/>\n\t<meta name=\"twitter:data1\" content=\"2 minutes\" \/>\n<script type=\"application\/ld+json\" class=\"yoast-schema-graph\">{\"@context\":\"https:\\\/\\\/schema.org\",\"@graph\":[{\"@type\":\"WebPage\",\"@id\":\"http:\\\/\\\/www.edel.fr\\\/en\\\/product\\\/kit-embrayage-renault-ceres-cergos-moteur-dps-john-deere-tracteur-agricole\\\/\",\"url\":\"http:\\\/\\\/www.edel.fr\\\/en\\\/product\\\/kit-embrayage-renault-ceres-cergos-moteur-dps-john-deere-tracteur-agricole\\\/\",\"name\":\"Kit embrayage Renault Ceres Cergos moteur DPS tracteur agricole - Edel\",\"isPartOf\":{\"@id\":\"https:\\\/\\\/www.edel.fr\\\/en\\\/#website\"},\"primaryImageOfPage\":{\"@id\":\"http:\\\/\\\/www.edel.fr\\\/en\\\/product\\\/kit-embrayage-renault-ceres-cergos-moteur-dps-john-deere-tracteur-agricole\\\/#primaryimage\"},\"image\":{\"@id\":\"http:\\\/\\\/www.edel.fr\\\/en\\\/product\\\/kit-embrayage-renault-ceres-cergos-moteur-dps-john-deere-tracteur-agricole\\\/#primaryimage\"},\"thumbnailUrl\":\"https:\\\/\\\/edel.fr\\\/uploads\\\/2018\\\/11\\\/K46.jpg\",\"datePublished\":\"2025-09-09T08:40:13+00:00\",\"dateModified\":\"2026-01-16T01:00:11+00:00\",\"description\":\"Kit Complet Embrayage Renault - M\u00e9canisme double, disque AV. Organique, 2 but\u00e9es et roulement pilote - \u00d8 310\\\/310 - 16\\\/13 Cannelures - 2201165 - Moteur DPS John Deere\",\"breadcrumb\":{\"@id\":\"http:\\\/\\\/www.edel.fr\\\/en\\\/product\\\/kit-embrayage-renault-ceres-cergos-moteur-dps-john-deere-tracteur-agricole\\\/#breadcrumb\"},\"inLanguage\":\"en-US\",\"potentialAction\":[{\"@type\":\"ReadAction\",\"target\":[\"http:\\\/\\\/www.edel.fr\\\/en\\\/product\\\/kit-embrayage-renault-ceres-cergos-moteur-dps-john-deere-tracteur-agricole\\\/\"]}]},{\"@type\":\"ImageObject\",\"inLanguage\":\"en-US\",\"@id\":\"http:\\\/\\\/www.edel.fr\\\/en\\\/product\\\/kit-embrayage-renault-ceres-cergos-moteur-dps-john-deere-tracteur-agricole\\\/#primaryimage\",\"url\":\"https:\\\/\\\/edel.fr\\\/uploads\\\/2018\\\/11\\\/K46.jpg\",\"contentUrl\":\"https:\\\/\\\/edel.fr\\\/uploads\\\/2018\\\/11\\\/K46.jpg\",\"width\":1920,\"height\":1920,\"caption\":\"Embrayage Renault Kit Complet\"},{\"@type\":\"BreadcrumbList\",\"@id\":\"http:\\\/\\\/www.edel.fr\\\/en\\\/product\\\/kit-embrayage-renault-ceres-cergos-moteur-dps-john-deere-tracteur-agricole\\\/#breadcrumb\",\"itemListElement\":[{\"@type\":\"ListItem\",\"position\":1,\"name\":\"Pi\u00e8ce Tracteur\",\"item\":\"https:\\\/\\\/www.edel.fr\\\/en\\\/\"},{\"@type\":\"ListItem\",\"position\":2,\"name\":\"Toutes nos pi\u00e8ces Tracteur\",\"item\":\"https:\\\/\\\/edel.fr\\\/shop\\\/\"},{\"@type\":\"ListItem\",\"position\":3,\"name\":\"Kit embrayage Renault Ceres Cergos moteur DPS tracteur agricole\"}]},{\"@type\":\"WebSite\",\"@id\":\"https:\\\/\\\/www.edel.fr\\\/en\\\/#website\",\"url\":\"https:\\\/\\\/www.edel.fr\\\/en\\\/\",\"name\":\"Edel\",\"description\":\"Pi\u00e8ce d\u00e9tach\u00e9e de Tracteur Agricole\",\"publisher\":{\"@id\":\"https:\\\/\\\/www.edel.fr\\\/en\\\/#organization\"},\"potentialAction\":[{\"@type\":\"SearchAction\",\"target\":{\"@type\":\"EntryPoint\",\"urlTemplate\":\"https:\\\/\\\/www.edel.fr\\\/en\\\/?s={search_term_string}\"},\"query-input\":{\"@type\":\"PropertyValueSpecification\",\"valueRequired\":true,\"valueName\":\"search_term_string\"}}],\"inLanguage\":\"en-US\"},{\"@type\":\"Organization\",\"@id\":\"https:\\\/\\\/www.edel.fr\\\/en\\\/#organization\",\"name\":\"Edel\",\"url\":\"https:\\\/\\\/www.edel.fr\\\/en\\\/\",\"logo\":{\"@type\":\"ImageObject\",\"inLanguage\":\"en-US\",\"@id\":\"https:\\\/\\\/www.edel.fr\\\/en\\\/#\\\/schema\\\/logo\\\/image\\\/\",\"url\":\"https:\\\/\\\/www.edel.fr\\\/uploads\\\/2018\\\/11\\\/logo-edel.png\",\"contentUrl\":\"https:\\\/\\\/www.edel.fr\\\/uploads\\\/2018\\\/11\\\/logo-edel.png\",\"width\":257,\"height\":68,\"caption\":\"Edel\"},\"image\":{\"@id\":\"https:\\\/\\\/www.edel.fr\\\/en\\\/#\\\/schema\\\/logo\\\/image\\\/\"}}]}<\/script>\n<!-- \/ Yoast SEO plugin. -->","yoast_head_json":{"title":"Kit embrayage Renault Ceres Cergos moteur DPS tracteur agricole - Edel","description":"Kit Complet Embrayage Renault - M\u00e9canisme double, disque AV. Organique, 2 but\u00e9es et roulement pilote - \u00d8 310\/310 - 16\/13 Cannelures - 2201165 - Moteur DPS John Deere","robots":{"index":"index","follow":"follow","max-snippet":"max-snippet:-1","max-image-preview":"max-image-preview:large","max-video-preview":"max-video-preview:-1"},"canonical":"http:\/\/www.edel.fr\/en\/product\/kit-embrayage-renault-ceres-cergos-moteur-dps-john-deere-tracteur-agricole\/","og_locale":"en_US","og_type":"article","og_title":"Kit embrayage Renault Ceres Cergos moteur DPS tracteur agricole - Edel","og_description":"Kit Complet Embrayage Renault - M\u00e9canisme double, disque AV. Organique, 2 but\u00e9es et roulement pilote - \u00d8 310\/310 - 16\/13 Cannelures - 2201165 - Moteur DPS John Deere","og_url":"http:\/\/www.edel.fr\/en\/product\/kit-embrayage-renault-ceres-cergos-moteur-dps-john-deere-tracteur-agricole\/","og_site_name":"Edel","article_modified_time":"2026-01-16T01:00:11+00:00","og_image":[{"width":1920,"height":1920,"url":"http:\/\/www.edel.fr\/uploads\/2018\/11\/K46.jpg","type":"image\/jpeg"}],"twitter_card":"summary_large_image","twitter_misc":{"Est. reading time":"2 minutes"},"schema":{"@context":"https:\/\/schema.org","@graph":[{"@type":"WebPage","@id":"http:\/\/www.edel.fr\/en\/product\/kit-embrayage-renault-ceres-cergos-moteur-dps-john-deere-tracteur-agricole\/","url":"http:\/\/www.edel.fr\/en\/product\/kit-embrayage-renault-ceres-cergos-moteur-dps-john-deere-tracteur-agricole\/","name":"Kit embrayage Renault Ceres Cergos moteur DPS tracteur agricole - Edel","isPartOf":{"@id":"https:\/\/www.edel.fr\/en\/#website"},"primaryImageOfPage":{"@id":"http:\/\/www.edel.fr\/en\/product\/kit-embrayage-renault-ceres-cergos-moteur-dps-john-deere-tracteur-agricole\/#primaryimage"},"image":{"@id":"http:\/\/www.edel.fr\/en\/product\/kit-embrayage-renault-ceres-cergos-moteur-dps-john-deere-tracteur-agricole\/#primaryimage"},"thumbnailUrl":"https:\/\/edel.fr\/uploads\/2018\/11\/K46.jpg","datePublished":"2025-09-09T08:40:13+00:00","dateModified":"2026-01-16T01:00:11+00:00","description":"Kit Complet Embrayage Renault - M\u00e9canisme double, disque AV. Organique, 2 but\u00e9es et roulement pilote - \u00d8 310\/310 - 16\/13 Cannelures - 2201165 - Moteur DPS John Deere","breadcrumb":{"@id":"http:\/\/www.edel.fr\/en\/product\/kit-embrayage-renault-ceres-cergos-moteur-dps-john-deere-tracteur-agricole\/#breadcrumb"},"inLanguage":"en-US","potentialAction":[{"@type":"ReadAction","target":["http:\/\/www.edel.fr\/en\/product\/kit-embrayage-renault-ceres-cergos-moteur-dps-john-deere-tracteur-agricole\/"]}]},{"@type":"ImageObject","inLanguage":"en-US","@id":"http:\/\/www.edel.fr\/en\/product\/kit-embrayage-renault-ceres-cergos-moteur-dps-john-deere-tracteur-agricole\/#primaryimage","url":"https:\/\/edel.fr\/uploads\/2018\/11\/K46.jpg","contentUrl":"https:\/\/edel.fr\/uploads\/2018\/11\/K46.jpg","width":1920,"height":1920,"caption":"Embrayage Renault Kit Complet"},{"@type":"BreadcrumbList","@id":"http:\/\/www.edel.fr\/en\/product\/kit-embrayage-renault-ceres-cergos-moteur-dps-john-deere-tracteur-agricole\/#breadcrumb","itemListElement":[{"@type":"ListItem","position":1,"name":"Pi\u00e8ce Tracteur","item":"https:\/\/www.edel.fr\/en\/"},{"@type":"ListItem","position":2,"name":"Toutes nos pi\u00e8ces Tracteur","item":"https:\/\/edel.fr\/shop\/"},{"@type":"ListItem","position":3,"name":"Kit embrayage Renault Ceres Cergos moteur DPS tracteur agricole"}]},{"@type":"WebSite","@id":"https:\/\/www.edel.fr\/en\/#website","url":"https:\/\/www.edel.fr\/en\/","name":"Edel","description":"Pi\u00e8ce d\u00e9tach\u00e9e de Tracteur Agricole","publisher":{"@id":"https:\/\/www.edel.fr\/en\/#organization"},"potentialAction":[{"@type":"SearchAction","target":{"@type":"EntryPoint","urlTemplate":"https:\/\/www.edel.fr\/en\/?s={search_term_string}"},"query-input":{"@type":"PropertyValueSpecification","valueRequired":true,"valueName":"search_term_string"}}],"inLanguage":"en-US"},{"@type":"Organization","@id":"https:\/\/www.edel.fr\/en\/#organization","name":"Edel","url":"https:\/\/www.edel.fr\/en\/","logo":{"@type":"ImageObject","inLanguage":"en-US","@id":"https:\/\/www.edel.fr\/en\/#\/schema\/logo\/image\/","url":"https:\/\/www.edel.fr\/uploads\/2018\/11\/logo-edel.png","contentUrl":"https:\/\/www.edel.fr\/uploads\/2018\/11\/logo-edel.png","width":257,"height":68,"caption":"Edel"},"image":{"@id":"https:\/\/www.edel.fr\/en\/#\/schema\/logo\/image\/"}}]}},"_links":{"self":[{"href":"https:\/\/edel.fr\/en\/wp-json\/wp\/v2\/product\/18940","targetHints":{"allow":["GET"]}}],"collection":[{"href":"https:\/\/edel.fr\/en\/wp-json\/wp\/v2\/product"}],"about":[{"href":"https:\/\/edel.fr\/en\/wp-json\/wp\/v2\/types\/product"}],"version-history":[{"count":2,"href":"https:\/\/edel.fr\/en\/wp-json\/wp\/v2\/product\/18940\/revisions"}],"predecessor-version":[{"id":18947,"href":"https:\/\/edel.fr\/en\/wp-json\/wp\/v2\/product\/18940\/revisions\/18947"}],"wp:featuredmedia":[{"embeddable":true,"href":"https:\/\/edel.fr\/en\/wp-json\/wp\/v2\/media\/4197"}],"wp:attachment":[{"href":"https:\/\/edel.fr\/en\/wp-json\/wp\/v2\/media?parent=18940"}],"wp:term":[{"taxonomy":"product_brand","embeddable":true,"href":"https:\/\/edel.fr\/en\/wp-json\/wp\/v2\/product_brand?post=18940"},{"taxonomy":"product_cat","embeddable":true,"href":"https:\/\/edel.fr\/en\/wp-json\/wp\/v2\/product_cat?post=18940"},{"taxonomy":"product_tag","embeddable":true,"href":"https:\/\/edel.fr\/en\/wp-json\/wp\/v2\/product_tag?post=18940"},{"taxonomy":"tracteur","embeddable":true,"href":"https:\/\/edel.fr\/en\/wp-json\/wp\/v2\/tracteur?post=18940"}],"curies":[{"name":"wp","href":"https:\/\/api.w.org\/{rel}","templated":true}]}}