{"id":19420,"date":"2025-11-12T11:10:00","date_gmt":"2025-11-12T10:10:00","guid":{"rendered":"https:\/\/www.edel.fr\/?post_type=product&#038;p=19420"},"modified":"2026-01-16T02:00:23","modified_gmt":"2026-01-16T01:00:23","slug":"disque-dembrayage-renault-av-o280-33-cannelures","status":"publish","type":"product","link":"https:\/\/edel.fr\/en\/product\/disque-dembrayage-renault-av-o280-33-cannelures\/","title":{"rendered":"Disque d&#8217;embrayage &#8211; Renault &#8211; AV &#8211; \u00d8280 &#8211; 33 cannelures"},"content":{"rendered":"<div data-elementor-type=\"wp-post\" data-elementor-id=\"19420\" class=\"elementor elementor-19420\">\n\t\t\t\t\t\t<section class=\"elementor-section elementor-top-section elementor-element elementor-element-1b54c937 elementor-section-boxed elementor-section-height-default elementor-section-height-default\" data-id=\"1b54c937\" data-element_type=\"section\" data-e-type=\"section\">\n\t\t\t\t\t\t<div class=\"elementor-container elementor-column-gap-default\">\n\t\t\t\t\t<div class=\"elementor-column elementor-col-100 elementor-top-column elementor-element elementor-element-e4cc57f\" data-id=\"e4cc57f\" data-element_type=\"column\" data-e-type=\"column\">\n\t\t\t<div class=\"elementor-widget-wrap elementor-element-populated\">\n\t\t\t\t\t\t<div class=\"elementor-element elementor-element-6d668fe4 elementor-widget elementor-widget-heading\" data-id=\"6d668fe4\" data-element_type=\"widget\" data-e-type=\"widget\" data-widget_type=\"heading.default\">\n\t\t\t\t<div class=\"elementor-widget-container\">\n\t\t\t\t\t<h2 class=\"elementor-heading-title elementor-size-default\">DISQUE D'AVANCEMENT - \u2300280 - 33 CANNELURES.<\/h2>\t\t\t\t<\/div>\n\t\t\t\t<\/div>\n\t\t\t\t<div class=\"elementor-element elementor-element-609e1335 elementor-widget elementor-widget-heading\" data-id=\"609e1335\" data-element_type=\"widget\" data-e-type=\"widget\" data-widget_type=\"heading.default\">\n\t\t\t\t<div class=\"elementor-widget-container\">\n\t\t\t\t\t<h3 class=\"elementor-heading-title elementor-size-default\">Information du produit :<\/h3>\t\t\t\t<\/div>\n\t\t\t\t<\/div>\n\t\t\t\t\t<\/div>\n\t\t<\/div>\n\t\t\t\t\t<\/div>\n\t\t<\/section>\n\t\t\t\t<section class=\"elementor-section elementor-top-section elementor-element elementor-element-290ca7d1 elementor-section-boxed elementor-section-height-default elementor-section-height-default\" data-id=\"290ca7d1\" data-element_type=\"section\" data-e-type=\"section\">\n\t\t\t\t\t\t<div class=\"elementor-container elementor-column-gap-default\">\n\t\t\t\t\t<div class=\"elementor-column elementor-col-100 elementor-top-column elementor-element elementor-element-773f35b7\" data-id=\"773f35b7\" data-element_type=\"column\" data-e-type=\"column\">\n\t\t\t<div class=\"elementor-widget-wrap elementor-element-populated\">\n\t\t\t\t\t\t<div class=\"elementor-element elementor-element-7774c225 elementor-widget elementor-widget-text-editor\" data-id=\"7774c225\" data-element_type=\"widget\" data-e-type=\"widget\" data-widget_type=\"text-editor.default\">\n\t\t\t\t<div class=\"elementor-widget-container\">\n\t\t\t\t\t\t\t\t\t<div><span style=\"background-color: #ffffff;\">Moyeu : <\/span>33 cannelures \u00e0 amortisseur<\/div><div>\u00a0<\/div><div><p>Pour Renault\u00a0<a style=\"box-sizing: inherit; background-color: #ffffff; text-align: left;\" href=\"https:\/\/edel.fr\/en\/type-2\/86\/\" rel=\"tag\">86<\/a><span style=\"text-align: left;\">,\u00a0<\/span><a style=\"box-sizing: inherit; background-color: #ffffff; color: #1e73be; outline: 0px; text-align: left;\" href=\"https:\/\/edel.fr\/en\/type-2\/88\/\" rel=\"tag\">88<\/a><span style=\"text-align: left;\">,\u00a0<\/span><a style=\"box-sizing: inherit; background-color: #ffffff; text-align: left;\" href=\"https:\/\/edel.fr\/en\/type-2\/89\/\" rel=\"tag\">89<\/a><span style=\"text-align: left;\">,\u00a0<\/span><a style=\"box-sizing: inherit; background-color: #ffffff; text-align: left;\" href=\"https:\/\/edel.fr\/en\/type-2\/r51\/\" rel=\"tag\">R51<\/a><span style=\"text-align: left;\">,\u00a0<\/span><a style=\"box-sizing: inherit; background-color: #ffffff; text-align: left;\" href=\"https:\/\/edel.fr\/en\/type-2\/r52\/\" rel=\"tag\">R52<\/a><\/p><p style=\"text-align: start;\">Bien s\u00fbr, pour plus de renseignements, n\u2019h\u00e9sitez pas \u00e0 nous consulter !<\/p><p style=\"text-align: start;\">Votre m\u00e9canisme d\u2019embrayage est compos\u00e9 d\u2019un carter m\u00e9tallique circulaire comprenant des leviers ou un diaphragme, de ressorts ou d\u2019une rondelle belleville. Il peut \u00eatre de forme circulaire, triangulaire ou encore conique selon le mod\u00e8le. Il a pour r\u00f4le de comprimer ou lib\u00e9rer le disque d\u2019embrayage sur le volant moteur, afin de transmettre le mouvement du moteur \u00e0 la bo\u00eete de vitesses.<\/p><p style=\"text-align: start;\">Pour choisir le m\u00e9canisme qui s\u2019adapte parfaitement \u00e0 votre tracteur. Il faut se fier au mod\u00e8le et \u00e0 la marque de votre engin. Mais aussi au diam\u00e8tre et au nombre de cannelures de votre m\u00e9canisme. Le m\u00e9canisme d\u2019embrayage fait partie des pi\u00e8ces indispensables au bon fonctionnement de votre tracteur agricole. Il permet de transmettre la puissance entre le moteur et la transmission de votre tracteur. Si ce m\u00e9canisme vient \u00e0 \u00eatre endommag\u00e9, le fonctionnement de votre tracteur en sera d\u00e9t\u00e9rior\u00e9.<\/p><p style=\"text-align: start;\">Chez Edel Shop, nous vous proposons une gamme compl\u00e8te de m\u00e9canismes d\u2019embrayage pour tracteur agricole compatibles avec des v\u00e9hicules IHC, FORD, Renault, Fiat, Manitou, Valtra ou encore Deutz\u2026<\/p><\/div>\t\t\t\t\t\t\t\t<\/div>\n\t\t\t\t<\/div>\n\t\t\t\t\t<\/div>\n\t\t<\/div>\n\t\t\t\t\t<\/div>\n\t\t<\/section>\n\t\t\t\t<\/div>","protected":false},"excerpt":{"rendered":"<p>DISQUE D&rsquo;AVANCEMENT &#8211; \u2300280 &#8211; 33 CANNELURES. Information du produit : Moyeu : 33 cannelures \u00e0 amortisseur Pour Renault\u00a086,\u00a088,\u00a089,\u00a0R51,\u00a0R52 Bien s\u00fbr, pour plus de renseignements, n\u2019h\u00e9sitez pas \u00e0 nous consulter ! Votre m\u00e9canisme d\u2019embrayage est compos\u00e9 d\u2019un carter m\u00e9tallique circulaire comprenant des leviers ou un diaphragme, de ressorts ou d\u2019une rondelle belleville. Il peut \u00eatre<br \/><a class=\"more-link\" href=\"https:\/\/edel.fr\/en\/product\/disque-dembrayage-renault-av-o280-33-cannelures\/\"><br \/>\n        Read More<span class=\"screen-reader-text\"> \u00ab\u00a0Disque d&#8217;embrayage &#8211; Renault &#8211; AV &#8211; \u00d8280 &#8211; 33 cannelures\u00a0\u00bb<\/span><\/a><\/p>","protected":false},"featured_media":0,"template":"","meta":[],"product_brand":[],"product_cat":[126,3985,119,120],"product_tag":[2499],"tracteur":[],"class_list":{"0":"post-19420","1":"product","2":"type-product","3":"status-publish","5":"product_cat-disques-embrayage","6":"product_cat-renault-claas-disque","7":"product_cat-tracteurs-agricoles","8":"product_cat-transmissions","9":"product_tag-disque-dembrayage","10":"product_shipping_class-142","11":"pa_marque-tracteur-renault-claas","12":"pa_modele-tracteur-anciens","13":"pa_modele-tracteur-renault-anciens","14":"pa_type-2-1685","15":"pa_type-2-2725","16":"pa_type-2-2668","17":"pa_type-2-r51","18":"pa_type-2-r52","19":"badges-style-2","21":"first","22":"instock","23":"taxable","24":"shipping-taxable","25":"purchasable","26":"product-type-simple"},"acf":[],"yoast_head":"<!-- This site is optimized with the Yoast SEO plugin v27.3 - https:\/\/yoast.com\/product\/yoast-seo-wordpress\/ -->\n<title>Disque d&#039;embrayage - Renault - AV - \u00d8280 - 33 cannelures - Edel<\/title>\n<meta name=\"robots\" content=\"index, follow, max-snippet:-1, max-image-preview:large, max-video-preview:-1\" \/>\n<link rel=\"canonical\" href=\"https:\/\/edel.fr\/en\/product\/disque-dembrayage-renault-av-o280-33-cannelures\/\" \/>\n<meta property=\"og:locale\" content=\"en_US\" \/>\n<meta property=\"og:type\" content=\"article\" \/>\n<meta property=\"og:title\" content=\"Disque d&#039;embrayage - Renault - AV - \u00d8280 - 33 cannelures - Edel\" \/>\n<meta property=\"og:description\" content=\"DISQUE D&rsquo;AVANCEMENT &#8211; \u2300280 &#8211; 33 CANNELURES. Information du produit : Moyeu : 33 cannelures \u00e0 amortisseur Pour Renault\u00a086,\u00a088,\u00a089,\u00a0R51,\u00a0R52 Bien s\u00fbr, pour plus de renseignements, n\u2019h\u00e9sitez pas \u00e0 nous consulter ! Votre m\u00e9canisme d\u2019embrayage est compos\u00e9 d\u2019un carter m\u00e9tallique circulaire comprenant des leviers ou un diaphragme, de ressorts ou d\u2019une rondelle belleville. Il peut \u00eatre     Read More &quot;Disque d&#8217;embrayage &#8211; Renault &#8211; AV &#8211; \u00d8280 &#8211; 33 cannelures&quot;\" \/>\n<meta property=\"og:url\" content=\"https:\/\/edel.fr\/en\/product\/disque-dembrayage-renault-av-o280-33-cannelures\/\" \/>\n<meta property=\"og:site_name\" content=\"Edel\" \/>\n<meta property=\"article:modified_time\" content=\"2026-01-16T01:00:23+00:00\" \/>\n<meta name=\"twitter:card\" content=\"summary_large_image\" \/>\n<meta name=\"twitter:label1\" content=\"Est. reading time\" \/>\n\t<meta name=\"twitter:data1\" content=\"2 minutes\" \/>\n<script type=\"application\/ld+json\" class=\"yoast-schema-graph\">{\"@context\":\"https:\\\/\\\/schema.org\",\"@graph\":[{\"@type\":\"WebPage\",\"@id\":\"https:\\\/\\\/edel.fr\\\/produit\\\/disque-dembrayage-renault-av-o280-33-cannelures\\\/\",\"url\":\"https:\\\/\\\/edel.fr\\\/produit\\\/disque-dembrayage-renault-av-o280-33-cannelures\\\/\",\"name\":\"Disque d'embrayage - Renault - AV - \u00d8280 - 33 cannelures - Edel\",\"isPartOf\":{\"@id\":\"http:\\\/\\\/www.edel.fr\\\/en\\\/#website\"},\"datePublished\":\"2025-11-12T10:10:00+00:00\",\"dateModified\":\"2026-01-16T01:00:23+00:00\",\"breadcrumb\":{\"@id\":\"https:\\\/\\\/edel.fr\\\/produit\\\/disque-dembrayage-renault-av-o280-33-cannelures\\\/#breadcrumb\"},\"inLanguage\":\"en-US\",\"potentialAction\":[{\"@type\":\"ReadAction\",\"target\":[\"https:\\\/\\\/edel.fr\\\/produit\\\/disque-dembrayage-renault-av-o280-33-cannelures\\\/\"]}]},{\"@type\":\"BreadcrumbList\",\"@id\":\"https:\\\/\\\/edel.fr\\\/produit\\\/disque-dembrayage-renault-av-o280-33-cannelures\\\/#breadcrumb\",\"itemListElement\":[{\"@type\":\"ListItem\",\"position\":1,\"name\":\"Pi\u00e8ce Tracteur\",\"item\":\"http:\\\/\\\/www.edel.fr\\\/en\\\/\"},{\"@type\":\"ListItem\",\"position\":2,\"name\":\"Toutes nos pi\u00e8ces Tracteur\",\"item\":\"https:\\\/\\\/edel.fr\\\/shop\\\/\"},{\"@type\":\"ListItem\",\"position\":3,\"name\":\"Disque d&#8217;embrayage &#8211; Renault &#8211; AV &#8211; \u00d8280 &#8211; 33 cannelures\"}]},{\"@type\":\"WebSite\",\"@id\":\"http:\\\/\\\/www.edel.fr\\\/en\\\/#website\",\"url\":\"http:\\\/\\\/www.edel.fr\\\/en\\\/\",\"name\":\"Edel\",\"description\":\"Pi\u00e8ce d\u00e9tach\u00e9e de Tracteur Agricole\",\"publisher\":{\"@id\":\"http:\\\/\\\/www.edel.fr\\\/en\\\/#organization\"},\"potentialAction\":[{\"@type\":\"SearchAction\",\"target\":{\"@type\":\"EntryPoint\",\"urlTemplate\":\"http:\\\/\\\/www.edel.fr\\\/en\\\/?s={search_term_string}\"},\"query-input\":{\"@type\":\"PropertyValueSpecification\",\"valueRequired\":true,\"valueName\":\"search_term_string\"}}],\"inLanguage\":\"en-US\"},{\"@type\":\"Organization\",\"@id\":\"http:\\\/\\\/www.edel.fr\\\/en\\\/#organization\",\"name\":\"Edel\",\"url\":\"http:\\\/\\\/www.edel.fr\\\/en\\\/\",\"logo\":{\"@type\":\"ImageObject\",\"inLanguage\":\"en-US\",\"@id\":\"http:\\\/\\\/www.edel.fr\\\/en\\\/#\\\/schema\\\/logo\\\/image\\\/\",\"url\":\"https:\\\/\\\/www.edel.fr\\\/uploads\\\/2018\\\/11\\\/logo-edel.png\",\"contentUrl\":\"https:\\\/\\\/www.edel.fr\\\/uploads\\\/2018\\\/11\\\/logo-edel.png\",\"width\":257,\"height\":68,\"caption\":\"Edel\"},\"image\":{\"@id\":\"http:\\\/\\\/www.edel.fr\\\/en\\\/#\\\/schema\\\/logo\\\/image\\\/\"}}]}<\/script>\n<!-- \/ Yoast SEO plugin. -->","yoast_head_json":{"title":"Disque d'embrayage - Renault - AV - \u00d8280 - 33 cannelures - Edel","robots":{"index":"index","follow":"follow","max-snippet":"max-snippet:-1","max-image-preview":"max-image-preview:large","max-video-preview":"max-video-preview:-1"},"canonical":"https:\/\/edel.fr\/en\/product\/disque-dembrayage-renault-av-o280-33-cannelures\/","og_locale":"en_US","og_type":"article","og_title":"Disque d'embrayage - Renault - AV - \u00d8280 - 33 cannelures - Edel","og_description":"DISQUE D&rsquo;AVANCEMENT &#8211; \u2300280 &#8211; 33 CANNELURES. Information du produit : Moyeu : 33 cannelures \u00e0 amortisseur Pour Renault\u00a086,\u00a088,\u00a089,\u00a0R51,\u00a0R52 Bien s\u00fbr, pour plus de renseignements, n\u2019h\u00e9sitez pas \u00e0 nous consulter ! Votre m\u00e9canisme d\u2019embrayage est compos\u00e9 d\u2019un carter m\u00e9tallique circulaire comprenant des leviers ou un diaphragme, de ressorts ou d\u2019une rondelle belleville. Il peut \u00eatre     Read More \"Disque d&#8217;embrayage &#8211; Renault &#8211; AV &#8211; \u00d8280 &#8211; 33 cannelures\"","og_url":"https:\/\/edel.fr\/en\/product\/disque-dembrayage-renault-av-o280-33-cannelures\/","og_site_name":"Edel","article_modified_time":"2026-01-16T01:00:23+00:00","twitter_card":"summary_large_image","twitter_misc":{"Est. reading time":"2 minutes"},"schema":{"@context":"https:\/\/schema.org","@graph":[{"@type":"WebPage","@id":"https:\/\/edel.fr\/produit\/disque-dembrayage-renault-av-o280-33-cannelures\/","url":"https:\/\/edel.fr\/produit\/disque-dembrayage-renault-av-o280-33-cannelures\/","name":"Disque d'embrayage - Renault - AV - \u00d8280 - 33 cannelures - Edel","isPartOf":{"@id":"http:\/\/www.edel.fr\/en\/#website"},"datePublished":"2025-11-12T10:10:00+00:00","dateModified":"2026-01-16T01:00:23+00:00","breadcrumb":{"@id":"https:\/\/edel.fr\/produit\/disque-dembrayage-renault-av-o280-33-cannelures\/#breadcrumb"},"inLanguage":"en-US","potentialAction":[{"@type":"ReadAction","target":["https:\/\/edel.fr\/produit\/disque-dembrayage-renault-av-o280-33-cannelures\/"]}]},{"@type":"BreadcrumbList","@id":"https:\/\/edel.fr\/produit\/disque-dembrayage-renault-av-o280-33-cannelures\/#breadcrumb","itemListElement":[{"@type":"ListItem","position":1,"name":"Pi\u00e8ce Tracteur","item":"http:\/\/www.edel.fr\/en\/"},{"@type":"ListItem","position":2,"name":"Toutes nos pi\u00e8ces Tracteur","item":"https:\/\/edel.fr\/shop\/"},{"@type":"ListItem","position":3,"name":"Disque d&#8217;embrayage &#8211; Renault &#8211; AV &#8211; \u00d8280 &#8211; 33 cannelures"}]},{"@type":"WebSite","@id":"http:\/\/www.edel.fr\/en\/#website","url":"http:\/\/www.edel.fr\/en\/","name":"Edel","description":"Pi\u00e8ce d\u00e9tach\u00e9e de Tracteur Agricole","publisher":{"@id":"http:\/\/www.edel.fr\/en\/#organization"},"potentialAction":[{"@type":"SearchAction","target":{"@type":"EntryPoint","urlTemplate":"http:\/\/www.edel.fr\/en\/?s={search_term_string}"},"query-input":{"@type":"PropertyValueSpecification","valueRequired":true,"valueName":"search_term_string"}}],"inLanguage":"en-US"},{"@type":"Organization","@id":"http:\/\/www.edel.fr\/en\/#organization","name":"Edel","url":"http:\/\/www.edel.fr\/en\/","logo":{"@type":"ImageObject","inLanguage":"en-US","@id":"http:\/\/www.edel.fr\/en\/#\/schema\/logo\/image\/","url":"https:\/\/www.edel.fr\/uploads\/2018\/11\/logo-edel.png","contentUrl":"https:\/\/www.edel.fr\/uploads\/2018\/11\/logo-edel.png","width":257,"height":68,"caption":"Edel"},"image":{"@id":"http:\/\/www.edel.fr\/en\/#\/schema\/logo\/image\/"}}]}},"_links":{"self":[{"href":"https:\/\/edel.fr\/en\/wp-json\/wp\/v2\/product\/19420","targetHints":{"allow":["GET"]}}],"collection":[{"href":"https:\/\/edel.fr\/en\/wp-json\/wp\/v2\/product"}],"about":[{"href":"https:\/\/edel.fr\/en\/wp-json\/wp\/v2\/types\/product"}],"version-history":[{"count":3,"href":"https:\/\/edel.fr\/en\/wp-json\/wp\/v2\/product\/19420\/revisions"}],"predecessor-version":[{"id":19427,"href":"https:\/\/edel.fr\/en\/wp-json\/wp\/v2\/product\/19420\/revisions\/19427"}],"wp:attachment":[{"href":"https:\/\/edel.fr\/en\/wp-json\/wp\/v2\/media?parent=19420"}],"wp:term":[{"taxonomy":"product_brand","embeddable":true,"href":"https:\/\/edel.fr\/en\/wp-json\/wp\/v2\/product_brand?post=19420"},{"taxonomy":"product_cat","embeddable":true,"href":"https:\/\/edel.fr\/en\/wp-json\/wp\/v2\/product_cat?post=19420"},{"taxonomy":"product_tag","embeddable":true,"href":"https:\/\/edel.fr\/en\/wp-json\/wp\/v2\/product_tag?post=19420"},{"taxonomy":"tracteur","embeddable":true,"href":"https:\/\/edel.fr\/en\/wp-json\/wp\/v2\/tracteur?post=19420"}],"curies":[{"name":"wp","href":"https:\/\/api.w.org\/{rel}","templated":true}]}}