{"id":5841,"date":"2019-03-04T18:29:46","date_gmt":"2019-03-04T17:29:46","guid":{"rendered":"http:\/\/edel.stephanie.ct.webcd.lan\/shop\/alternateur-fiat-new-hollandlsh-lamborghini-same-hurlimann-volt-ampere-14-55-fiches-broches\/"},"modified":"2025-11-05T21:06:00","modified_gmt":"2025-11-05T20:06:00","slug":"alternateur-fiat-new-hollandlsh-lamborghini-same-hurlimann-volt-ampere-14-55-fiches-broches","status":"publish","type":"product","link":"https:\/\/edel.fr\/en\/product\/alternateur-fiat-new-hollandlsh-lamborghini-same-hurlimann-volt-ampere-14-55-fiches-broches\/","title":{"rendered":"Alternateur &#8211; Fiat, Lsh Lamborghini Same &#8211; 14V\/55A, Fiches broches"},"content":{"rendered":"<div data-elementor-type=\"wp-post\" data-elementor-id=\"5841\" class=\"elementor elementor-5841\">\n\t\t\t\t\t\t<section class=\"elementor-section elementor-top-section elementor-element elementor-element-2afa5308 elementor-section-boxed elementor-section-height-default elementor-section-height-default\" data-id=\"2afa5308\" data-element_type=\"section\" data-e-type=\"section\">\n\t\t\t\t\t\t<div class=\"elementor-container elementor-column-gap-default\">\n\t\t\t\t\t<div class=\"elementor-column elementor-col-100 elementor-top-column elementor-element elementor-element-473b3627\" data-id=\"473b3627\" data-element_type=\"column\" data-e-type=\"column\">\n\t\t\t<div class=\"elementor-widget-wrap elementor-element-populated\">\n\t\t\t\t\t\t<div class=\"elementor-element elementor-element-4ab35e2c elementor-widget elementor-widget-heading\" data-id=\"4ab35e2c\" data-element_type=\"widget\" data-e-type=\"widget\" data-widget_type=\"heading.default\">\n\t\t\t\t<div class=\"elementor-widget-container\">\n\t\t\t\t\t<h2 class=\"elementor-heading-title elementor-size-default\">Alternateur - Fiat New Holland, Lsh Lamborghini Same\u00a0- 14V\/55A, Fiches broches<\/h2>\t\t\t\t<\/div>\n\t\t\t\t<\/div>\n\t\t\t\t<div class=\"elementor-element elementor-element-fa9393b elementor-widget elementor-widget-heading\" data-id=\"fa9393b\" data-element_type=\"widget\" data-e-type=\"widget\" data-widget_type=\"heading.default\">\n\t\t\t\t<div class=\"elementor-widget-container\">\n\t\t\t\t\t<h3 class=\"elementor-heading-title elementor-size-default\">Information du produit :<\/h3>\t\t\t\t<\/div>\n\t\t\t\t<\/div>\n\t\t\t\t\t<\/div>\n\t\t<\/div>\n\t\t\t\t\t<\/div>\n\t\t<\/section>\n\t\t\t\t<section class=\"elementor-section elementor-top-section elementor-element elementor-element-c417e33 elementor-section-boxed elementor-section-height-default elementor-section-height-default\" data-id=\"c417e33\" data-element_type=\"section\" data-e-type=\"section\">\n\t\t\t\t\t\t<div class=\"elementor-container elementor-column-gap-default\">\n\t\t\t\t\t<div class=\"elementor-column elementor-col-100 elementor-top-column elementor-element elementor-element-517e86ef\" data-id=\"517e86ef\" data-element_type=\"column\" data-e-type=\"column\">\n\t\t\t<div class=\"elementor-widget-wrap elementor-element-populated\">\n\t\t\t\t\t\t<div class=\"elementor-element elementor-element-668f550d elementor-widget elementor-widget-text-editor\" data-id=\"668f550d\" data-element_type=\"widget\" data-e-type=\"widget\" data-widget_type=\"text-editor.default\">\n\t\t\t\t<div class=\"elementor-widget-container\">\n\t\t\t\t\t\t\t\t\t<p>Votre alternateur g\u00e9n\u00e8re de l\u2019\u00e9nergie \u00e9lectrique en convertissant l&rsquo;\u00e9nergie cin\u00e9tique. Cette \u00e9nergie est stock\u00e9e par la batterie et consomm\u00e9e par les diff\u00e9rents organes \u00e9lectriques et \u00e9lectroniques.<\/p><p>C&rsquo;est pourquoi nous vous proposons une pi\u00e8ce de marque <a href=\"https:\/\/edel.fr\/en\/constructeur\/mahle\/\">Mahle<\/a> \/ <a href=\"https:\/\/edel.fr\/en\/constructeur\/letrika\/\">Letrika<\/a> reconnue pour sa fiabilit\u00e9.<\/p><p>Fiat New Holland, Lsh Lamborghini Same : 1180, 1280, 1380, 1580, 1880, 480, 55.66, 580, 65.66, 66.35, 680, 780, 855, 880, 955, 980, L65, Leopard 85, Minitauro 60, Saturno 80, Tiger 100, TL90, TN65F.<\/p><p><strong>R\u00e9f\u00e9rences du constructeur :<\/strong><\/p><p>ALFA ROMEO : AT 05 060 01 08<\/p><p>CLAAS : 6005706646<\/p><p>DELCO REMY : DRA3880<\/p><p>EFEL : 10910<\/p><p>FIAT : 4787665, 77515410.<\/p><p>LESTER : 12583<\/p><p>SPAREX : 35960<\/p><p>Edel vous propose \u00e9galement une large gamme d&rsquo;alternateurs et d\u00e9marreurs pour des applications sp\u00e9cifiques, et de diff\u00e9rentes marques.<\/p><p>Donc, pour plus de renseignements, n&rsquo;h\u00e9sitez pas \u00e0 nous consulter !<\/p>\t\t\t\t\t\t\t\t<\/div>\n\t\t\t\t<\/div>\n\t\t\t\t\t<\/div>\n\t\t<\/div>\n\t\t\t\t\t<\/div>\n\t\t<\/section>\n\t\t\t\t<\/div>","protected":false},"excerpt":{"rendered":"<p>Alternateur &#8211; Fiat New Holland, Lsh Lamborghini Same\u00a0&#8211; 14V\/55A, Fiches broches Information du produit : Votre alternateur g\u00e9n\u00e8re de l\u2019\u00e9nergie \u00e9lectrique en convertissant l&rsquo;\u00e9nergie cin\u00e9tique. Cette \u00e9nergie est stock\u00e9e par la batterie et consomm\u00e9e par les diff\u00e9rents organes \u00e9lectriques et \u00e9lectroniques. C&rsquo;est pourquoi nous vous proposons une pi\u00e8ce de marque Mahle \/ Letrika reconnue pour<br \/><a class=\"more-link\" href=\"https:\/\/edel.fr\/en\/product\/alternateur-fiat-new-hollandlsh-lamborghini-same-hurlimann-volt-ampere-14-55-fiches-broches\/\"><br \/>\n        Read More<span class=\"screen-reader-text\"> \u00ab\u00a0Alternateur &#8211; Fiat, Lsh Lamborghini Same &#8211; 14V\/55A, Fiches broches\u00a0\u00bb<\/span><\/a><\/p>","protected":false},"featured_media":5587,"template":"","meta":[],"product_brand":[],"product_cat":[4019,4024,164,154,119],"product_tag":[2459,180],"tracteur":[],"class_list":{"0":"post-5841","1":"product","2":"type-product","3":"status-publish","4":"has-post-thumbnail","6":"product_cat-alternateur-fiat-new-holland","7":"product_cat-alternateur-lamborghini-same","8":"product_cat-alternateurs","9":"product_cat-electricite","10":"product_cat-tracteurs-agricoles","11":"product_tag-alternateurs","12":"product_tag-electricite","13":"product_shipping_class-142","14":"pa_fabriquant-mahle","15":"pa_marque-tracteur-fiat-new-holland","16":"pa_marque-tracteur-lsh","17":"pa_modele-tracteur-buffalo","18":"pa_modele-tracteur-leopard","19":"pa_modele-tracteur-minitauro","20":"pa_modele-tracteur-saturno","21":"pa_modele-tracteur-tiger","22":"pa_type-2-1175","23":"pa_type-2-1176","24":"pa_type-2-1177","25":"pa_type-2-1178","26":"pa_type-2-1179","27":"pa_type-2-1167","28":"pa_type-2-55-66","29":"pa_type-2-1168","30":"pa_type-2-65-66","31":"pa_type-2-66-35","32":"pa_type-2-1169","33":"pa_type-2-1170","34":"pa_type-2-1171","35":"pa_type-2-1172","36":"pa_type-2-1173","37":"pa_type-2-1174","38":"pa_type-2-l65","39":"pa_type-2-leopard-85","40":"pa_type-2-minitauro-60","41":"pa_type-2-saturno-80","42":"pa_type-2-tiger-100","43":"pa_type-2-tl90","44":"pa_type-2-tn65f","45":"badges-style-2","47":"first","48":"outofstock","49":"taxable","50":"shipping-taxable","51":"purchasable","52":"product-type-simple"},"acf":[],"yoast_head":"<!-- This site is optimized with the Yoast SEO plugin v27.3 - https:\/\/yoast.com\/product\/yoast-seo-wordpress\/ -->\n<title>Alternateur - Fiat, Lsh Lamborghini Same - 14V\/55A, Fiches broches - Edel<\/title>\n<meta name=\"description\" content=\"Alternateur - Fiat, Lsh Lamborghini Same - 14V\/55A, Fiches broches - 1180 1280 1380 1580 1880 480 55.66 580 65.66 680 780 855 880 955 980 L65 TL90 TN65F\" \/>\n<meta name=\"robots\" content=\"index, follow, max-snippet:-1, max-image-preview:large, max-video-preview:-1\" \/>\n<link rel=\"canonical\" href=\"https:\/\/edel.fr\/en\/product\/alternateur-fiat-new-hollandlsh-lamborghini-same-hurlimann-volt-ampere-14-55-fiches-broches\/\" \/>\n<meta property=\"og:locale\" content=\"en_US\" \/>\n<meta property=\"og:type\" content=\"article\" \/>\n<meta property=\"og:title\" content=\"Alternateur - Fiat, Lsh Lamborghini Same - 14V\/55A, Fiches broches - Edel\" \/>\n<meta property=\"og:description\" content=\"Alternateur - Fiat, Lsh Lamborghini Same - 14V\/55A, Fiches broches - 1180 1280 1380 1580 1880 480 55.66 580 65.66 680 780 855 880 955 980 L65 TL90 TN65F\" \/>\n<meta property=\"og:url\" content=\"https:\/\/edel.fr\/en\/product\/alternateur-fiat-new-hollandlsh-lamborghini-same-hurlimann-volt-ampere-14-55-fiches-broches\/\" \/>\n<meta property=\"og:site_name\" content=\"Edel\" \/>\n<meta property=\"article:modified_time\" content=\"2025-11-05T20:06:00+00:00\" \/>\n<meta property=\"og:image\" content=\"https:\/\/edel.fr\/uploads\/2019\/03\/A03.jpg\" \/>\n\t<meta property=\"og:image:width\" content=\"1920\" \/>\n\t<meta property=\"og:image:height\" content=\"1280\" \/>\n\t<meta property=\"og:image:type\" content=\"image\/jpeg\" \/>\n<meta name=\"twitter:card\" content=\"summary_large_image\" \/>\n<meta name=\"twitter:label1\" content=\"Est. reading time\" \/>\n\t<meta name=\"twitter:data1\" content=\"1 minute\" \/>\n<script type=\"application\/ld+json\" class=\"yoast-schema-graph\">{\"@context\":\"https:\\\/\\\/schema.org\",\"@graph\":[{\"@type\":\"WebPage\",\"@id\":\"https:\\\/\\\/edel.fr\\\/en\\\/product\\\/alternateur-fiat-new-hollandlsh-lamborghini-same-hurlimann-volt-ampere-14-55-fiches-broches\\\/\",\"url\":\"https:\\\/\\\/edel.fr\\\/en\\\/product\\\/alternateur-fiat-new-hollandlsh-lamborghini-same-hurlimann-volt-ampere-14-55-fiches-broches\\\/\",\"name\":\"Alternateur - Fiat, Lsh Lamborghini Same - 14V\\\/55A, Fiches broches - Edel\",\"isPartOf\":{\"@id\":\"https:\\\/\\\/www.edel.fr\\\/en\\\/#website\"},\"primaryImageOfPage\":{\"@id\":\"https:\\\/\\\/edel.fr\\\/en\\\/product\\\/alternateur-fiat-new-hollandlsh-lamborghini-same-hurlimann-volt-ampere-14-55-fiches-broches\\\/#primaryimage\"},\"image\":{\"@id\":\"https:\\\/\\\/edel.fr\\\/en\\\/product\\\/alternateur-fiat-new-hollandlsh-lamborghini-same-hurlimann-volt-ampere-14-55-fiches-broches\\\/#primaryimage\"},\"thumbnailUrl\":\"https:\\\/\\\/edel.fr\\\/uploads\\\/2019\\\/03\\\/A03.jpg\",\"datePublished\":\"2019-03-04T17:29:46+00:00\",\"dateModified\":\"2025-11-05T20:06:00+00:00\",\"description\":\"Alternateur - Fiat, Lsh Lamborghini Same - 14V\\\/55A, Fiches broches - 1180 1280 1380 1580 1880 480 55.66 580 65.66 680 780 855 880 955 980 L65 TL90 TN65F\",\"breadcrumb\":{\"@id\":\"https:\\\/\\\/edel.fr\\\/en\\\/product\\\/alternateur-fiat-new-hollandlsh-lamborghini-same-hurlimann-volt-ampere-14-55-fiches-broches\\\/#breadcrumb\"},\"inLanguage\":\"en-US\",\"potentialAction\":[{\"@type\":\"ReadAction\",\"target\":[\"https:\\\/\\\/edel.fr\\\/en\\\/product\\\/alternateur-fiat-new-hollandlsh-lamborghini-same-hurlimann-volt-ampere-14-55-fiches-broches\\\/\"]}]},{\"@type\":\"ImageObject\",\"inLanguage\":\"en-US\",\"@id\":\"https:\\\/\\\/edel.fr\\\/en\\\/product\\\/alternateur-fiat-new-hollandlsh-lamborghini-same-hurlimann-volt-ampere-14-55-fiches-broches\\\/#primaryimage\",\"url\":\"https:\\\/\\\/edel.fr\\\/uploads\\\/2019\\\/03\\\/A03.jpg\",\"contentUrl\":\"https:\\\/\\\/edel.fr\\\/uploads\\\/2019\\\/03\\\/A03.jpg\",\"width\":1920,\"height\":1280,\"caption\":\"Alternateur - Fiat New Holland, Lsh Lamborghini Same\u00a0- 14V\\\/55A, Fiches broches\"},{\"@type\":\"BreadcrumbList\",\"@id\":\"https:\\\/\\\/edel.fr\\\/en\\\/product\\\/alternateur-fiat-new-hollandlsh-lamborghini-same-hurlimann-volt-ampere-14-55-fiches-broches\\\/#breadcrumb\",\"itemListElement\":[{\"@type\":\"ListItem\",\"position\":1,\"name\":\"Pi\u00e8ce Tracteur\",\"item\":\"https:\\\/\\\/www.edel.fr\\\/en\\\/\"},{\"@type\":\"ListItem\",\"position\":2,\"name\":\"Toutes nos pi\u00e8ces Tracteur\",\"item\":\"https:\\\/\\\/edel.fr\\\/shop\\\/\"},{\"@type\":\"ListItem\",\"position\":3,\"name\":\"Alternateur &#8211; Fiat, Lsh Lamborghini Same &#8211; 14V\\\/55A, Fiches broches\"}]},{\"@type\":\"WebSite\",\"@id\":\"https:\\\/\\\/www.edel.fr\\\/en\\\/#website\",\"url\":\"https:\\\/\\\/www.edel.fr\\\/en\\\/\",\"name\":\"Edel\",\"description\":\"Pi\u00e8ce d\u00e9tach\u00e9e de Tracteur Agricole\",\"publisher\":{\"@id\":\"https:\\\/\\\/www.edel.fr\\\/en\\\/#organization\"},\"potentialAction\":[{\"@type\":\"SearchAction\",\"target\":{\"@type\":\"EntryPoint\",\"urlTemplate\":\"https:\\\/\\\/www.edel.fr\\\/en\\\/?s={search_term_string}\"},\"query-input\":{\"@type\":\"PropertyValueSpecification\",\"valueRequired\":true,\"valueName\":\"search_term_string\"}}],\"inLanguage\":\"en-US\"},{\"@type\":\"Organization\",\"@id\":\"https:\\\/\\\/www.edel.fr\\\/en\\\/#organization\",\"name\":\"Edel\",\"url\":\"https:\\\/\\\/www.edel.fr\\\/en\\\/\",\"logo\":{\"@type\":\"ImageObject\",\"inLanguage\":\"en-US\",\"@id\":\"https:\\\/\\\/www.edel.fr\\\/en\\\/#\\\/schema\\\/logo\\\/image\\\/\",\"url\":\"https:\\\/\\\/www.edel.fr\\\/uploads\\\/2018\\\/11\\\/logo-edel.png\",\"contentUrl\":\"https:\\\/\\\/www.edel.fr\\\/uploads\\\/2018\\\/11\\\/logo-edel.png\",\"width\":257,\"height\":68,\"caption\":\"Edel\"},\"image\":{\"@id\":\"https:\\\/\\\/www.edel.fr\\\/en\\\/#\\\/schema\\\/logo\\\/image\\\/\"}}]}<\/script>\n<!-- \/ Yoast SEO plugin. -->","yoast_head_json":{"title":"Alternateur - Fiat, Lsh Lamborghini Same - 14V\/55A, Fiches broches - Edel","description":"Alternateur - Fiat, Lsh Lamborghini Same - 14V\/55A, Fiches broches - 1180 1280 1380 1580 1880 480 55.66 580 65.66 680 780 855 880 955 980 L65 TL90 TN65F","robots":{"index":"index","follow":"follow","max-snippet":"max-snippet:-1","max-image-preview":"max-image-preview:large","max-video-preview":"max-video-preview:-1"},"canonical":"https:\/\/edel.fr\/en\/product\/alternateur-fiat-new-hollandlsh-lamborghini-same-hurlimann-volt-ampere-14-55-fiches-broches\/","og_locale":"en_US","og_type":"article","og_title":"Alternateur - Fiat, Lsh Lamborghini Same - 14V\/55A, Fiches broches - Edel","og_description":"Alternateur - Fiat, Lsh Lamborghini Same - 14V\/55A, Fiches broches - 1180 1280 1380 1580 1880 480 55.66 580 65.66 680 780 855 880 955 980 L65 TL90 TN65F","og_url":"https:\/\/edel.fr\/en\/product\/alternateur-fiat-new-hollandlsh-lamborghini-same-hurlimann-volt-ampere-14-55-fiches-broches\/","og_site_name":"Edel","article_modified_time":"2025-11-05T20:06:00+00:00","og_image":[{"width":1920,"height":1280,"url":"https:\/\/edel.fr\/uploads\/2019\/03\/A03.jpg","type":"image\/jpeg"}],"twitter_card":"summary_large_image","twitter_misc":{"Est. reading time":"1 minute"},"schema":{"@context":"https:\/\/schema.org","@graph":[{"@type":"WebPage","@id":"https:\/\/edel.fr\/en\/product\/alternateur-fiat-new-hollandlsh-lamborghini-same-hurlimann-volt-ampere-14-55-fiches-broches\/","url":"https:\/\/edel.fr\/en\/product\/alternateur-fiat-new-hollandlsh-lamborghini-same-hurlimann-volt-ampere-14-55-fiches-broches\/","name":"Alternateur - Fiat, Lsh Lamborghini Same - 14V\/55A, Fiches broches - Edel","isPartOf":{"@id":"https:\/\/www.edel.fr\/en\/#website"},"primaryImageOfPage":{"@id":"https:\/\/edel.fr\/en\/product\/alternateur-fiat-new-hollandlsh-lamborghini-same-hurlimann-volt-ampere-14-55-fiches-broches\/#primaryimage"},"image":{"@id":"https:\/\/edel.fr\/en\/product\/alternateur-fiat-new-hollandlsh-lamborghini-same-hurlimann-volt-ampere-14-55-fiches-broches\/#primaryimage"},"thumbnailUrl":"https:\/\/edel.fr\/uploads\/2019\/03\/A03.jpg","datePublished":"2019-03-04T17:29:46+00:00","dateModified":"2025-11-05T20:06:00+00:00","description":"Alternateur - Fiat, Lsh Lamborghini Same - 14V\/55A, Fiches broches - 1180 1280 1380 1580 1880 480 55.66 580 65.66 680 780 855 880 955 980 L65 TL90 TN65F","breadcrumb":{"@id":"https:\/\/edel.fr\/en\/product\/alternateur-fiat-new-hollandlsh-lamborghini-same-hurlimann-volt-ampere-14-55-fiches-broches\/#breadcrumb"},"inLanguage":"en-US","potentialAction":[{"@type":"ReadAction","target":["https:\/\/edel.fr\/en\/product\/alternateur-fiat-new-hollandlsh-lamborghini-same-hurlimann-volt-ampere-14-55-fiches-broches\/"]}]},{"@type":"ImageObject","inLanguage":"en-US","@id":"https:\/\/edel.fr\/en\/product\/alternateur-fiat-new-hollandlsh-lamborghini-same-hurlimann-volt-ampere-14-55-fiches-broches\/#primaryimage","url":"https:\/\/edel.fr\/uploads\/2019\/03\/A03.jpg","contentUrl":"https:\/\/edel.fr\/uploads\/2019\/03\/A03.jpg","width":1920,"height":1280,"caption":"Alternateur - Fiat New Holland, Lsh Lamborghini Same\u00a0- 14V\/55A, Fiches broches"},{"@type":"BreadcrumbList","@id":"https:\/\/edel.fr\/en\/product\/alternateur-fiat-new-hollandlsh-lamborghini-same-hurlimann-volt-ampere-14-55-fiches-broches\/#breadcrumb","itemListElement":[{"@type":"ListItem","position":1,"name":"Pi\u00e8ce Tracteur","item":"https:\/\/www.edel.fr\/en\/"},{"@type":"ListItem","position":2,"name":"Toutes nos pi\u00e8ces Tracteur","item":"https:\/\/edel.fr\/shop\/"},{"@type":"ListItem","position":3,"name":"Alternateur &#8211; Fiat, Lsh Lamborghini Same &#8211; 14V\/55A, Fiches broches"}]},{"@type":"WebSite","@id":"https:\/\/www.edel.fr\/en\/#website","url":"https:\/\/www.edel.fr\/en\/","name":"Edel","description":"Pi\u00e8ce d\u00e9tach\u00e9e de Tracteur Agricole","publisher":{"@id":"https:\/\/www.edel.fr\/en\/#organization"},"potentialAction":[{"@type":"SearchAction","target":{"@type":"EntryPoint","urlTemplate":"https:\/\/www.edel.fr\/en\/?s={search_term_string}"},"query-input":{"@type":"PropertyValueSpecification","valueRequired":true,"valueName":"search_term_string"}}],"inLanguage":"en-US"},{"@type":"Organization","@id":"https:\/\/www.edel.fr\/en\/#organization","name":"Edel","url":"https:\/\/www.edel.fr\/en\/","logo":{"@type":"ImageObject","inLanguage":"en-US","@id":"https:\/\/www.edel.fr\/en\/#\/schema\/logo\/image\/","url":"https:\/\/www.edel.fr\/uploads\/2018\/11\/logo-edel.png","contentUrl":"https:\/\/www.edel.fr\/uploads\/2018\/11\/logo-edel.png","width":257,"height":68,"caption":"Edel"},"image":{"@id":"https:\/\/www.edel.fr\/en\/#\/schema\/logo\/image\/"}}]}},"_links":{"self":[{"href":"https:\/\/edel.fr\/en\/wp-json\/wp\/v2\/product\/5841","targetHints":{"allow":["GET"]}}],"collection":[{"href":"https:\/\/edel.fr\/en\/wp-json\/wp\/v2\/product"}],"about":[{"href":"https:\/\/edel.fr\/en\/wp-json\/wp\/v2\/types\/product"}],"version-history":[{"count":2,"href":"https:\/\/edel.fr\/en\/wp-json\/wp\/v2\/product\/5841\/revisions"}],"predecessor-version":[{"id":15149,"href":"https:\/\/edel.fr\/en\/wp-json\/wp\/v2\/product\/5841\/revisions\/15149"}],"wp:featuredmedia":[{"embeddable":true,"href":"https:\/\/edel.fr\/en\/wp-json\/wp\/v2\/media\/5587"}],"wp:attachment":[{"href":"https:\/\/edel.fr\/en\/wp-json\/wp\/v2\/media?parent=5841"}],"wp:term":[{"taxonomy":"product_brand","embeddable":true,"href":"https:\/\/edel.fr\/en\/wp-json\/wp\/v2\/product_brand?post=5841"},{"taxonomy":"product_cat","embeddable":true,"href":"https:\/\/edel.fr\/en\/wp-json\/wp\/v2\/product_cat?post=5841"},{"taxonomy":"product_tag","embeddable":true,"href":"https:\/\/edel.fr\/en\/wp-json\/wp\/v2\/product_tag?post=5841"},{"taxonomy":"tracteur","embeddable":true,"href":"https:\/\/edel.fr\/en\/wp-json\/wp\/v2\/tracteur?post=5841"}],"curies":[{"name":"wp","href":"https:\/\/api.w.org\/{rel}","templated":true}]}}