{"id":5842,"date":"2019-03-04T18:29:46","date_gmt":"2019-03-04T17:29:46","guid":{"rendered":"http:\/\/edel.stephanie.ct.webcd.lan\/shop\/alternateur-massey-fergusonrenault-claas-volt-ampere-14-33volt-ampere-14-33-moteur-mwm\/"},"modified":"2026-04-01T03:00:29","modified_gmt":"2026-04-01T01:00:29","slug":"alternateur-massey-fergusonrenault-claas-volt-ampere-14-33moteur-mwm","status":"publish","type":"product","link":"https:\/\/edel.fr\/en\/product\/alternateur-massey-fergusonrenault-claas-volt-ampere-14-33moteur-mwm\/","title":{"rendered":"Alternateur &#8211; Massey Ferguson, Renault | 14V\/33A, Moteur MWM"},"content":{"rendered":"<div data-elementor-type=\"wp-post\" data-elementor-id=\"5842\" class=\"elementor elementor-5842\">\n\t\t\t\t\t\t<section class=\"elementor-section elementor-top-section elementor-element elementor-element-7ec933b5 elementor-section-boxed elementor-section-height-default elementor-section-height-default\" data-id=\"7ec933b5\" data-element_type=\"section\" data-e-type=\"section\">\n\t\t\t\t\t\t<div class=\"elementor-container elementor-column-gap-default\">\n\t\t\t\t\t<div class=\"elementor-column elementor-col-100 elementor-top-column elementor-element elementor-element-1aa27fda\" data-id=\"1aa27fda\" data-element_type=\"column\" data-e-type=\"column\">\n\t\t\t<div class=\"elementor-widget-wrap elementor-element-populated\">\n\t\t\t\t\t\t<div class=\"elementor-element elementor-element-78c2b61d elementor-widget elementor-widget-heading\" data-id=\"78c2b61d\" data-element_type=\"widget\" data-e-type=\"widget\" data-widget_type=\"heading.default\">\n\t\t\t\t<div class=\"elementor-widget-container\">\n\t\t\t\t\t<h2 class=\"elementor-heading-title elementor-size-default\">Alternateur Massey Ferguson 145 - Renault Claas | 14V\/33A, Moteur MWM<\/h2>\t\t\t\t<\/div>\n\t\t\t\t<\/div>\n\t\t\t\t<div class=\"elementor-element elementor-element-3c44439e elementor-widget elementor-widget-heading\" data-id=\"3c44439e\" data-element_type=\"widget\" data-e-type=\"widget\" data-widget_type=\"heading.default\">\n\t\t\t\t<div class=\"elementor-widget-container\">\n\t\t\t\t\t<h3 class=\"elementor-heading-title elementor-size-default\">Information du produit :<\/h3>\t\t\t\t<\/div>\n\t\t\t\t<\/div>\n\t\t\t\t\t<\/div>\n\t\t<\/div>\n\t\t\t\t\t<\/div>\n\t\t<\/section>\n\t\t\t\t<section class=\"elementor-section elementor-top-section elementor-element elementor-element-29377372 elementor-section-boxed elementor-section-height-default elementor-section-height-default\" data-id=\"29377372\" data-element_type=\"section\" data-e-type=\"section\">\n\t\t\t\t\t\t<div class=\"elementor-container elementor-column-gap-default\">\n\t\t\t\t\t<div class=\"elementor-column elementor-col-100 elementor-top-column elementor-element elementor-element-f0aafe2\" data-id=\"f0aafe2\" data-element_type=\"column\" data-e-type=\"column\">\n\t\t\t<div class=\"elementor-widget-wrap elementor-element-populated\">\n\t\t\t\t\t\t<div class=\"elementor-element elementor-element-26216bf3 elementor-widget elementor-widget-text-editor\" data-id=\"26216bf3\" data-element_type=\"widget\" data-e-type=\"widget\" data-widget_type=\"text-editor.default\">\n\t\t\t\t<div class=\"elementor-widget-container\">\n\t\t\t\t\t\t\t\t\t<p>Votre alternateur g\u00e9n\u00e8re de l\u2019\u00e9nergie \u00e9lectrique en convertissant l&rsquo;\u00e9nergie cin\u00e9tique. Cette \u00e9nergie est stock\u00e9e par la batterie et consomm\u00e9e par les diff\u00e9rents organes \u00e9lectriques et \u00e9lectroniques.<\/p><p>C&rsquo;est pourquoi nous vous proposons une pi\u00e8ce de marque <a href=\"https:\/\/edel.fr\/en\/constructeur\/mahle\/\">Mahle<\/a> \/ <a href=\"https:\/\/edel.fr\/en\/constructeur\/letrika\/\">Letrika<\/a> reconnue pour sa fiabilit\u00e9.<\/p><p>Massey Ferguson, Renault Claas : 135, 140, 145, 148, 155, 158, 165, 168, 178, 184, 188, 240, 245, 250, 260, 265, 275, 290, 421, 460, 462, 551, 56, 60S, 651, 652, 752, 782.<\/p><p><strong>R\u00e9f\u00e9rences du constructeur :<\/strong><\/p><p>AGCO : C000900010040<\/p><p>CLAAS : 6005701120<\/p><p>DELCO REMY : DRA3458<\/p><p>LESTER : 12038, 12173, 20181.<\/p><p>LUCAS : LRA00361<\/p><p>MASSEY-FERGUSON : 1618 473 M91, 1618 474 M91, 1618 477 M91, 1618 478 M91, 1699 871 T, 1874 681 M91, 1874 758 M92, 1875 955 M1, 1875 955 M91, 1895 271 M91, 1897 264 M91, 3637 264 R91.<\/p><p>MOTOROLA : 9 AR 2547 F, 9 AR 2566 G.<\/p><p>PERKINS : 24123R<\/p><p>SPAREX : 35955<\/p><p>VALEO : 432 983, 433 375, NA 118.<\/p><p>Edel vous propose \u00e9galement une large gamme d&rsquo;alternateurs et d\u00e9marreurs pour des applications sp\u00e9cifiques, et de diff\u00e9rentes marques.<\/p><p>Donc, pour plus de renseignements, n&rsquo;h\u00e9sitez pas \u00e0 nous consulter !<\/p>\t\t\t\t\t\t\t\t<\/div>\n\t\t\t\t<\/div>\n\t\t\t\t\t<\/div>\n\t\t<\/div>\n\t\t\t\t\t<\/div>\n\t\t<\/section>\n\t\t\t\t<\/div>","protected":false},"excerpt":{"rendered":"<p>Alternateur Massey Ferguson 145 &#8211; Renault Claas | 14V\/33A, Moteur MWM Information du produit : Votre alternateur g\u00e9n\u00e8re de l\u2019\u00e9nergie \u00e9lectrique en convertissant l&rsquo;\u00e9nergie cin\u00e9tique. Cette \u00e9nergie est stock\u00e9e par la batterie et consomm\u00e9e par les diff\u00e9rents organes \u00e9lectriques et \u00e9lectroniques. C&rsquo;est pourquoi nous vous proposons une pi\u00e8ce de marque Mahle \/ Letrika reconnue pour<br \/><a class=\"more-link\" href=\"https:\/\/edel.fr\/en\/product\/alternateur-massey-fergusonrenault-claas-volt-ampere-14-33moteur-mwm\/\"><br \/>\n        Read More<span class=\"screen-reader-text\"> \u00ab\u00a0Alternateur &#8211; Massey Ferguson, Renault | 14V\/33A, Moteur MWM\u00a0\u00bb<\/span><\/a><\/p>","protected":false},"featured_media":5588,"template":"","meta":[],"product_brand":[],"product_cat":[4029,4032,164,154,119],"product_tag":[2459,180],"tracteur":[],"class_list":{"0":"post-5842","1":"product","2":"type-product","3":"status-publish","4":"has-post-thumbnail","6":"product_cat-alternateur-massey-ferguson","7":"product_cat-alternateur-renault-claas","8":"product_cat-alternateurs","9":"product_cat-electricite","10":"product_cat-tracteurs-agricoles","11":"product_tag-alternateurs","12":"product_tag-electricite","13":"product_shipping_class-142","14":"pa_fabriquant-mahle","15":"pa_marque-tracteur-massey-ferguson","16":"pa_marque-tracteur-renault-claas","17":"pa_type-2-1190","18":"pa_type-2-1191","19":"pa_type-2-1192","20":"pa_type-2-1193","21":"pa_type-2-1194","22":"pa_type-2-1195","23":"pa_type-2-1196","24":"pa_type-2-1197","25":"pa_type-2-1198","26":"pa_type-2-1199","27":"pa_type-2-1200","28":"pa_type-2-1201","29":"pa_type-2-1202","30":"pa_type-2-1203","31":"pa_type-2-1204","32":"pa_type-2-1205","33":"pa_type-2-1206","34":"pa_type-2-1207","35":"pa_type-2-1210","36":"pa_type-2-1211","37":"pa_type-2-1212","38":"pa_type-2-1213","39":"pa_type-2-1208","40":"pa_type-2-60s","41":"pa_type-2-1214","42":"pa_type-2-1215","43":"pa_type-2-1216","44":"pa_type-2-1217","45":"badges-style-2","47":"first","48":"instock","49":"taxable","50":"shipping-taxable","51":"purchasable","52":"product-type-simple"},"acf":[],"yoast_head":"<!-- This site is optimized with the Yoast SEO plugin v27.3 - https:\/\/yoast.com\/product\/yoast-seo-wordpress\/ -->\n<title>Alternateur - Massey Ferguson, Renault | 14V\/33A, Moteur MWM - Edel<\/title>\n<meta name=\"description\" content=\"Alternateur - Massey Ferguson, Renault | 14V\/33A, Moteur MWM - 135 140 148 155 158 165 168 178 184 240 245 250 265 275 290 421 460 551 56 60S 651 752 782\" \/>\n<meta name=\"robots\" content=\"index, follow, max-snippet:-1, max-image-preview:large, max-video-preview:-1\" \/>\n<link rel=\"canonical\" href=\"http:\/\/www.edel.fr\/produit\/alternateur-massey-fergusonrenault-claas-volt-ampere-14-33moteur-mwm\/\" \/>\n<meta property=\"og:locale\" content=\"en_US\" \/>\n<meta property=\"og:type\" content=\"article\" \/>\n<meta property=\"og:title\" content=\"Alternateur - Massey Ferguson, Renault | 14V\/33A, Moteur MWM - Edel\" \/>\n<meta property=\"og:description\" content=\"Alternateur - Massey Ferguson, Renault | 14V\/33A, Moteur MWM - 135 140 148 155 158 165 168 178 184 240 245 250 265 275 290 421 460 551 56 60S 651 752 782\" \/>\n<meta property=\"og:url\" content=\"http:\/\/www.edel.fr\/produit\/alternateur-massey-fergusonrenault-claas-volt-ampere-14-33moteur-mwm\/\" \/>\n<meta property=\"og:site_name\" content=\"Edel\" \/>\n<meta property=\"article:modified_time\" content=\"2026-04-01T01:00:29+00:00\" \/>\n<meta property=\"og:image\" content=\"http:\/\/www.edel.fr\/uploads\/2019\/03\/A04.jpg\" \/>\n\t<meta property=\"og:image:width\" content=\"1920\" \/>\n\t<meta property=\"og:image:height\" content=\"1214\" \/>\n\t<meta property=\"og:image:type\" content=\"image\/jpeg\" \/>\n<meta name=\"twitter:card\" content=\"summary_large_image\" \/>\n<meta name=\"twitter:label1\" content=\"Est. reading time\" \/>\n\t<meta name=\"twitter:data1\" content=\"1 minute\" \/>\n<script type=\"application\/ld+json\" class=\"yoast-schema-graph\">{\"@context\":\"https:\\\/\\\/schema.org\",\"@graph\":[{\"@type\":\"WebPage\",\"@id\":\"http:\\\/\\\/www.edel.fr\\\/produit\\\/alternateur-massey-fergusonrenault-claas-volt-ampere-14-33moteur-mwm\\\/\",\"url\":\"http:\\\/\\\/www.edel.fr\\\/produit\\\/alternateur-massey-fergusonrenault-claas-volt-ampere-14-33moteur-mwm\\\/\",\"name\":\"Alternateur - Massey Ferguson, Renault | 14V\\\/33A, Moteur MWM - Edel\",\"isPartOf\":{\"@id\":\"https:\\\/\\\/www.edel.fr\\\/en\\\/#website\"},\"primaryImageOfPage\":{\"@id\":\"http:\\\/\\\/www.edel.fr\\\/produit\\\/alternateur-massey-fergusonrenault-claas-volt-ampere-14-33moteur-mwm\\\/#primaryimage\"},\"image\":{\"@id\":\"http:\\\/\\\/www.edel.fr\\\/produit\\\/alternateur-massey-fergusonrenault-claas-volt-ampere-14-33moteur-mwm\\\/#primaryimage\"},\"thumbnailUrl\":\"https:\\\/\\\/edel.fr\\\/uploads\\\/2019\\\/03\\\/A04.jpg\",\"datePublished\":\"2019-03-04T17:29:46+00:00\",\"dateModified\":\"2026-04-01T01:00:29+00:00\",\"description\":\"Alternateur - Massey Ferguson, Renault | 14V\\\/33A, Moteur MWM - 135 140 148 155 158 165 168 178 184 240 245 250 265 275 290 421 460 551 56 60S 651 752 782\",\"breadcrumb\":{\"@id\":\"http:\\\/\\\/www.edel.fr\\\/produit\\\/alternateur-massey-fergusonrenault-claas-volt-ampere-14-33moteur-mwm\\\/#breadcrumb\"},\"inLanguage\":\"en-US\",\"potentialAction\":[{\"@type\":\"ReadAction\",\"target\":[\"http:\\\/\\\/www.edel.fr\\\/produit\\\/alternateur-massey-fergusonrenault-claas-volt-ampere-14-33moteur-mwm\\\/\"]}]},{\"@type\":\"ImageObject\",\"inLanguage\":\"en-US\",\"@id\":\"http:\\\/\\\/www.edel.fr\\\/produit\\\/alternateur-massey-fergusonrenault-claas-volt-ampere-14-33moteur-mwm\\\/#primaryimage\",\"url\":\"https:\\\/\\\/edel.fr\\\/uploads\\\/2019\\\/03\\\/A04.jpg\",\"contentUrl\":\"https:\\\/\\\/edel.fr\\\/uploads\\\/2019\\\/03\\\/A04.jpg\",\"width\":1920,\"height\":1214,\"caption\":\"Alternateur Massey Ferguson - Renault | 14V\\\/33A, Moteur MWM\"},{\"@type\":\"BreadcrumbList\",\"@id\":\"http:\\\/\\\/www.edel.fr\\\/produit\\\/alternateur-massey-fergusonrenault-claas-volt-ampere-14-33moteur-mwm\\\/#breadcrumb\",\"itemListElement\":[{\"@type\":\"ListItem\",\"position\":1,\"name\":\"Pi\u00e8ce Tracteur\",\"item\":\"https:\\\/\\\/www.edel.fr\\\/en\\\/\"},{\"@type\":\"ListItem\",\"position\":2,\"name\":\"Toutes nos pi\u00e8ces Tracteur\",\"item\":\"https:\\\/\\\/edel.fr\\\/shop\\\/\"},{\"@type\":\"ListItem\",\"position\":3,\"name\":\"Alternateur &#8211; Massey Ferguson, Renault | 14V\\\/33A, Moteur MWM\"}]},{\"@type\":\"WebSite\",\"@id\":\"https:\\\/\\\/www.edel.fr\\\/en\\\/#website\",\"url\":\"https:\\\/\\\/www.edel.fr\\\/en\\\/\",\"name\":\"Edel\",\"description\":\"Pi\u00e8ce d\u00e9tach\u00e9e de Tracteur Agricole\",\"publisher\":{\"@id\":\"https:\\\/\\\/www.edel.fr\\\/en\\\/#organization\"},\"potentialAction\":[{\"@type\":\"SearchAction\",\"target\":{\"@type\":\"EntryPoint\",\"urlTemplate\":\"https:\\\/\\\/www.edel.fr\\\/en\\\/?s={search_term_string}\"},\"query-input\":{\"@type\":\"PropertyValueSpecification\",\"valueRequired\":true,\"valueName\":\"search_term_string\"}}],\"inLanguage\":\"en-US\"},{\"@type\":\"Organization\",\"@id\":\"https:\\\/\\\/www.edel.fr\\\/en\\\/#organization\",\"name\":\"Edel\",\"url\":\"https:\\\/\\\/www.edel.fr\\\/en\\\/\",\"logo\":{\"@type\":\"ImageObject\",\"inLanguage\":\"en-US\",\"@id\":\"https:\\\/\\\/www.edel.fr\\\/en\\\/#\\\/schema\\\/logo\\\/image\\\/\",\"url\":\"https:\\\/\\\/www.edel.fr\\\/uploads\\\/2018\\\/11\\\/logo-edel.png\",\"contentUrl\":\"https:\\\/\\\/www.edel.fr\\\/uploads\\\/2018\\\/11\\\/logo-edel.png\",\"width\":257,\"height\":68,\"caption\":\"Edel\"},\"image\":{\"@id\":\"https:\\\/\\\/www.edel.fr\\\/en\\\/#\\\/schema\\\/logo\\\/image\\\/\"}}]}<\/script>\n<!-- \/ Yoast SEO plugin. -->","yoast_head_json":{"title":"Alternateur - Massey Ferguson, Renault | 14V\/33A, Moteur MWM - Edel","description":"Alternateur - Massey Ferguson, Renault | 14V\/33A, Moteur MWM - 135 140 148 155 158 165 168 178 184 240 245 250 265 275 290 421 460 551 56 60S 651 752 782","robots":{"index":"index","follow":"follow","max-snippet":"max-snippet:-1","max-image-preview":"max-image-preview:large","max-video-preview":"max-video-preview:-1"},"canonical":"http:\/\/www.edel.fr\/produit\/alternateur-massey-fergusonrenault-claas-volt-ampere-14-33moteur-mwm\/","og_locale":"en_US","og_type":"article","og_title":"Alternateur - Massey Ferguson, Renault | 14V\/33A, Moteur MWM - Edel","og_description":"Alternateur - Massey Ferguson, Renault | 14V\/33A, Moteur MWM - 135 140 148 155 158 165 168 178 184 240 245 250 265 275 290 421 460 551 56 60S 651 752 782","og_url":"http:\/\/www.edel.fr\/produit\/alternateur-massey-fergusonrenault-claas-volt-ampere-14-33moteur-mwm\/","og_site_name":"Edel","article_modified_time":"2026-04-01T01:00:29+00:00","og_image":[{"width":1920,"height":1214,"url":"http:\/\/www.edel.fr\/uploads\/2019\/03\/A04.jpg","type":"image\/jpeg"}],"twitter_card":"summary_large_image","twitter_misc":{"Est. reading time":"1 minute"},"schema":{"@context":"https:\/\/schema.org","@graph":[{"@type":"WebPage","@id":"http:\/\/www.edel.fr\/produit\/alternateur-massey-fergusonrenault-claas-volt-ampere-14-33moteur-mwm\/","url":"http:\/\/www.edel.fr\/produit\/alternateur-massey-fergusonrenault-claas-volt-ampere-14-33moteur-mwm\/","name":"Alternateur - Massey Ferguson, Renault | 14V\/33A, Moteur MWM - Edel","isPartOf":{"@id":"https:\/\/www.edel.fr\/en\/#website"},"primaryImageOfPage":{"@id":"http:\/\/www.edel.fr\/produit\/alternateur-massey-fergusonrenault-claas-volt-ampere-14-33moteur-mwm\/#primaryimage"},"image":{"@id":"http:\/\/www.edel.fr\/produit\/alternateur-massey-fergusonrenault-claas-volt-ampere-14-33moteur-mwm\/#primaryimage"},"thumbnailUrl":"https:\/\/edel.fr\/uploads\/2019\/03\/A04.jpg","datePublished":"2019-03-04T17:29:46+00:00","dateModified":"2026-04-01T01:00:29+00:00","description":"Alternateur - Massey Ferguson, Renault | 14V\/33A, Moteur MWM - 135 140 148 155 158 165 168 178 184 240 245 250 265 275 290 421 460 551 56 60S 651 752 782","breadcrumb":{"@id":"http:\/\/www.edel.fr\/produit\/alternateur-massey-fergusonrenault-claas-volt-ampere-14-33moteur-mwm\/#breadcrumb"},"inLanguage":"en-US","potentialAction":[{"@type":"ReadAction","target":["http:\/\/www.edel.fr\/produit\/alternateur-massey-fergusonrenault-claas-volt-ampere-14-33moteur-mwm\/"]}]},{"@type":"ImageObject","inLanguage":"en-US","@id":"http:\/\/www.edel.fr\/produit\/alternateur-massey-fergusonrenault-claas-volt-ampere-14-33moteur-mwm\/#primaryimage","url":"https:\/\/edel.fr\/uploads\/2019\/03\/A04.jpg","contentUrl":"https:\/\/edel.fr\/uploads\/2019\/03\/A04.jpg","width":1920,"height":1214,"caption":"Alternateur Massey Ferguson - Renault | 14V\/33A, Moteur MWM"},{"@type":"BreadcrumbList","@id":"http:\/\/www.edel.fr\/produit\/alternateur-massey-fergusonrenault-claas-volt-ampere-14-33moteur-mwm\/#breadcrumb","itemListElement":[{"@type":"ListItem","position":1,"name":"Pi\u00e8ce Tracteur","item":"https:\/\/www.edel.fr\/en\/"},{"@type":"ListItem","position":2,"name":"Toutes nos pi\u00e8ces Tracteur","item":"https:\/\/edel.fr\/shop\/"},{"@type":"ListItem","position":3,"name":"Alternateur &#8211; Massey Ferguson, Renault | 14V\/33A, Moteur MWM"}]},{"@type":"WebSite","@id":"https:\/\/www.edel.fr\/en\/#website","url":"https:\/\/www.edel.fr\/en\/","name":"Edel","description":"Pi\u00e8ce d\u00e9tach\u00e9e de Tracteur Agricole","publisher":{"@id":"https:\/\/www.edel.fr\/en\/#organization"},"potentialAction":[{"@type":"SearchAction","target":{"@type":"EntryPoint","urlTemplate":"https:\/\/www.edel.fr\/en\/?s={search_term_string}"},"query-input":{"@type":"PropertyValueSpecification","valueRequired":true,"valueName":"search_term_string"}}],"inLanguage":"en-US"},{"@type":"Organization","@id":"https:\/\/www.edel.fr\/en\/#organization","name":"Edel","url":"https:\/\/www.edel.fr\/en\/","logo":{"@type":"ImageObject","inLanguage":"en-US","@id":"https:\/\/www.edel.fr\/en\/#\/schema\/logo\/image\/","url":"https:\/\/www.edel.fr\/uploads\/2018\/11\/logo-edel.png","contentUrl":"https:\/\/www.edel.fr\/uploads\/2018\/11\/logo-edel.png","width":257,"height":68,"caption":"Edel"},"image":{"@id":"https:\/\/www.edel.fr\/en\/#\/schema\/logo\/image\/"}}]}},"_links":{"self":[{"href":"https:\/\/edel.fr\/en\/wp-json\/wp\/v2\/product\/5842","targetHints":{"allow":["GET"]}}],"collection":[{"href":"https:\/\/edel.fr\/en\/wp-json\/wp\/v2\/product"}],"about":[{"href":"https:\/\/edel.fr\/en\/wp-json\/wp\/v2\/types\/product"}],"version-history":[{"count":2,"href":"https:\/\/edel.fr\/en\/wp-json\/wp\/v2\/product\/5842\/revisions"}],"predecessor-version":[{"id":15168,"href":"https:\/\/edel.fr\/en\/wp-json\/wp\/v2\/product\/5842\/revisions\/15168"}],"wp:featuredmedia":[{"embeddable":true,"href":"https:\/\/edel.fr\/en\/wp-json\/wp\/v2\/media\/5588"}],"wp:attachment":[{"href":"https:\/\/edel.fr\/en\/wp-json\/wp\/v2\/media?parent=5842"}],"wp:term":[{"taxonomy":"product_brand","embeddable":true,"href":"https:\/\/edel.fr\/en\/wp-json\/wp\/v2\/product_brand?post=5842"},{"taxonomy":"product_cat","embeddable":true,"href":"https:\/\/edel.fr\/en\/wp-json\/wp\/v2\/product_cat?post=5842"},{"taxonomy":"product_tag","embeddable":true,"href":"https:\/\/edel.fr\/en\/wp-json\/wp\/v2\/product_tag?post=5842"},{"taxonomy":"tracteur","embeddable":true,"href":"https:\/\/edel.fr\/en\/wp-json\/wp\/v2\/tracteur?post=5842"}],"curies":[{"name":"wp","href":"https:\/\/api.w.org\/{rel}","templated":true}]}}