{"id":5848,"date":"2019-03-11T09:24:02","date_gmt":"2019-03-11T08:24:02","guid":{"rendered":"http:\/\/edel.stephanie.ct.webcd.lan\/shop\/alternateur-case-ihdeutzfiat-new-hollandford-new-hollandlsh-lamborghini-same-hurlimann-volt-ampere-14-65\/"},"modified":"2026-04-01T03:00:31","modified_gmt":"2026-04-01T01:00:31","slug":"alternateur-case-ihdeutzfiat-new-hollandford-new-hollandlsh-lamborghini-same-hurlimann-volt-ampere-14-65","status":"publish","type":"product","link":"https:\/\/edel.fr\/en\/product\/alternateur-case-ihdeutzfiat-new-hollandford-new-hollandlsh-lamborghini-same-hurlimann-volt-ampere-14-65\/","title":{"rendered":"Alternateur Case Ih &#8211; Deutz, Fiat, Ford, Lsh &#8211; 14V\/65A"},"content":{"rendered":"<div data-elementor-type=\"wp-post\" data-elementor-id=\"5848\" class=\"elementor elementor-5848\">\n\t\t\t\t\t\t<section class=\"elementor-section elementor-top-section elementor-element elementor-element-6e9dc225 elementor-section-boxed elementor-section-height-default elementor-section-height-default\" data-id=\"6e9dc225\" data-element_type=\"section\" data-e-type=\"section\">\n\t\t\t\t\t\t<div class=\"elementor-container elementor-column-gap-default\">\n\t\t\t\t\t<div class=\"elementor-column elementor-col-100 elementor-top-column elementor-element elementor-element-4a703c51\" data-id=\"4a703c51\" data-element_type=\"column\" data-e-type=\"column\">\n\t\t\t<div class=\"elementor-widget-wrap elementor-element-populated\">\n\t\t\t\t\t\t<div class=\"elementor-element elementor-element-6238892 elementor-widget elementor-widget-heading\" data-id=\"6238892\" data-element_type=\"widget\" data-e-type=\"widget\" data-widget_type=\"heading.default\">\n\t\t\t\t<div class=\"elementor-widget-container\">\n\t\t\t\t\t<h2 class=\"elementor-heading-title elementor-size-default\">Alternateur Case Ih - Deutz, Fiat, Ford, Lsh - 14V\/65A<\/h2>\t\t\t\t<\/div>\n\t\t\t\t<\/div>\n\t\t\t\t<div class=\"elementor-element elementor-element-33e571e0 elementor-widget elementor-widget-heading\" data-id=\"33e571e0\" data-element_type=\"widget\" data-e-type=\"widget\" data-widget_type=\"heading.default\">\n\t\t\t\t<div class=\"elementor-widget-container\">\n\t\t\t\t\t<h3 class=\"elementor-heading-title elementor-size-default\">Information du produit :<\/h3>\t\t\t\t<\/div>\n\t\t\t\t<\/div>\n\t\t\t\t\t<\/div>\n\t\t<\/div>\n\t\t\t\t\t<\/div>\n\t\t<\/section>\n\t\t\t\t<section class=\"elementor-section elementor-top-section elementor-element elementor-element-3148e9f3 elementor-section-boxed elementor-section-height-default elementor-section-height-default\" data-id=\"3148e9f3\" data-element_type=\"section\" data-e-type=\"section\">\n\t\t\t\t\t\t<div class=\"elementor-container elementor-column-gap-default\">\n\t\t\t\t\t<div class=\"elementor-column elementor-col-100 elementor-top-column elementor-element elementor-element-1fe6684f\" data-id=\"1fe6684f\" data-element_type=\"column\" data-e-type=\"column\">\n\t\t\t<div class=\"elementor-widget-wrap elementor-element-populated\">\n\t\t\t\t\t\t<div class=\"elementor-element elementor-element-5ff10e93 elementor-widget elementor-widget-text-editor\" data-id=\"5ff10e93\" data-element_type=\"widget\" data-e-type=\"widget\" data-widget_type=\"text-editor.default\">\n\t\t\t\t<div class=\"elementor-widget-container\">\n\t\t\t\t\t\t\t\t\t<p>Votre alternateur g\u00e9n\u00e8re de l\u2019\u00e9nergie \u00e9lectrique en convertissant l&rsquo;\u00e9nergie cin\u00e9tique. Cette \u00e9nergie est stock\u00e9e par la batterie et consomm\u00e9e par les diff\u00e9rents organes \u00e9lectriques et \u00e9lectroniques.<\/p><p>C&rsquo;est pourquoi nous vous proposons une pi\u00e8ce de marque <a href=\"https:\/\/edel.fr\/en\/constructeur\/mahle\/\">Mahle<\/a> \/ <a href=\"https:\/\/edel.fr\/en\/constructeur\/letrika\/\">Letrika<\/a> reconnue pour sa fiabilit\u00e9.<\/p><p>Alternateur Case IH &#8211; Deutz, Fiat, Ford, Lsh : Formula 115, 110, 1106, 1180, 1280, 1306, 1380, 1506, 1580, 1880, 466, 480, 4835, 55.66, 5635, 580, 65, 65.66, 66.35, 6635, 680, 70, 75, 774, 780, 85, 855, 874, 880, 955, 956, 95TL90, 980, Agroplus 65, Agroplus 70, Antares 100, Explorer 55, Fruiteto 75, Galaxy, H463, Hurli H 6115, L65, SRX 8400, TL100, TN65F, TN75, TNV75.<\/p><p><strong>R\u00e9f\u00e9rences du constructeur :<\/strong><\/p><p>AGCO : 7227 731 9<\/p><p>BOSCH : 0120489152, 0120489219.<\/p><p>CLAAS : 6005712872<\/p><p>CNH \/ FIAT AGRI : 395250A1, 47906830, 84296693, 84296707, 84402416, 84402418, 84402419, 84522025, 99457034, 99478834.<\/p><p>DELCO REMY : DRA0970<\/p><p>FIAT : 99457034<\/p><p>HELLA : 8EL 730 007-001, 8EL 749 556-001, CA 1849 IR, CA 709 IR.<\/p><p>IVECO : 99457074, 99461495.<\/p><p>LESTER : 12048, 12281, 12581, 12583, 20750.<\/p><p>LUCAS : LRA01915<\/p><p>MAGNETI MARELLI : 633 200 13, 633 200 23, 633 200 37, 633 201 24, 633 201 37, 633 210 40, 633 210 42, 633 210 79, 633 214 24, 633 214 28, 633 214 58, 633 215 03, 633 945 51, 633 965 60, 633 965 66, 633 965 67, 63321502, MAN 283, MAN 770, MAN 795, MAN 946.<\/p><p>NEW HOLLAND : 994 788 34<\/p><p>SAME (DEUTZ- FAHR GROUP) : 2 9439 320 0, 2 9439 370 0, 2 9439 420 0, 2 9439 550 0, 2 9439 570 0.<\/p><p>SPAREX : 35924<\/p><p>Edel vous propose \u00e9galement une large gamme d&rsquo;alternateurs et d\u00e9marreurs pour des applications sp\u00e9cifiques, et de diff\u00e9rentes marques.<\/p><p>Donc, pour plus de renseignements, n&rsquo;h\u00e9sitez pas \u00e0 nous consulter !<\/p>\t\t\t\t\t\t\t\t<\/div>\n\t\t\t\t<\/div>\n\t\t\t\t\t<\/div>\n\t\t<\/div>\n\t\t\t\t\t<\/div>\n\t\t<\/section>\n\t\t\t\t<\/div>","protected":false},"excerpt":{"rendered":"<p>Alternateur Case Ih &#8211; Deutz, Fiat, Ford, Lsh &#8211; 14V\/65A Information du produit : Votre alternateur g\u00e9n\u00e8re de l\u2019\u00e9nergie \u00e9lectrique en convertissant l&rsquo;\u00e9nergie cin\u00e9tique. Cette \u00e9nergie est stock\u00e9e par la batterie et consomm\u00e9e par les diff\u00e9rents organes \u00e9lectriques et \u00e9lectroniques. C&rsquo;est pourquoi nous vous proposons une pi\u00e8ce de marque Mahle \/ Letrika reconnue pour sa<br \/><a class=\"more-link\" href=\"https:\/\/edel.fr\/en\/product\/alternateur-case-ihdeutzfiat-new-hollandford-new-hollandlsh-lamborghini-same-hurlimann-volt-ampere-14-65\/\"><br \/>\n        Read More<span class=\"screen-reader-text\"> \u00ab\u00a0Alternateur Case Ih &#8211; Deutz, Fiat, Ford, Lsh &#8211; 14V\/65A\u00a0\u00bb<\/span><\/a><\/p>","protected":false},"featured_media":5591,"template":"","meta":[],"product_brand":[],"product_cat":[4016,4023,4019,4020,4024,164,154,119],"product_tag":[2459,180],"tracteur":[],"class_list":{"0":"post-5848","1":"product","2":"type-product","3":"status-publish","4":"has-post-thumbnail","6":"product_cat-alternateur-case-ih","7":"product_cat-alternateur-deutz","8":"product_cat-alternateur-fiat-new-holland","9":"product_cat-alternateur-ford-new-holland","10":"product_cat-alternateur-lamborghini-same","11":"product_cat-alternateurs","12":"product_cat-electricite","13":"product_cat-tracteurs-agricoles","14":"product_tag-alternateurs","15":"product_tag-electricite","16":"product_shipping_class-142","17":"pa_fabriquant-mahle","18":"pa_marque-tracteur-case-ih","19":"pa_marque-tracteur-fiat-new-holland","20":"pa_marque-tracteur-ford-new-holland","21":"pa_marque-tracteur-khd-deutz","22":"pa_marque-tracteur-lsh","23":"pa_modele-tracteur-agroplus","24":"pa_modele-tracteur-antares","25":"pa_modele-tracteur-aster","26":"pa_modele-tracteur-carraro","27":"pa_modele-tracteur-delfino","28":"pa_modele-tracteur-explorer","29":"pa_modele-tracteur-formula-115","30":"pa_modele-tracteur-fruiteto","31":"pa_modele-tracteur-galaxy","32":"pa_modele-tracteur-hurli","33":"pa_modele-tracteur-laser","34":"pa_modele-tracteur-panther","35":"pa_modele-tracteur-tiger","36":"pa_type-2-formula-115","37":"pa_type-2-1285","38":"pa_type-2-1278","39":"pa_type-2-1175","40":"pa_type-2-1176","41":"pa_type-2-1279","42":"pa_type-2-1177","43":"pa_type-2-1280","44":"pa_type-2-1178","45":"pa_type-2-1179","46":"pa_type-2-1293","47":"pa_type-2-1167","48":"pa_type-2-1277","49":"pa_type-2-55-66","50":"pa_type-2-1274","51":"pa_type-2-1168","52":"pa_type-2-1287","53":"pa_type-2-65-66","54":"pa_type-2-66-35","55":"pa_type-2-1275","56":"pa_type-2-1169","57":"pa_type-2-1288","58":"pa_type-2-1270","59":"pa_type-2-1281","60":"pa_type-2-1170","61":"pa_type-2-1239","62":"pa_type-2-1171","63":"pa_type-2-1282","64":"pa_type-2-1172","65":"pa_type-2-1173","66":"pa_type-2-1265","67":"pa_type-2-95tl90","68":"pa_type-2-1174","69":"pa_type-2-agroplus-65","70":"pa_type-2-agroplus-70","71":"pa_type-2-antares-100","72":"pa_type-2-explorer-55","73":"pa_type-2-fruiteto-75","74":"pa_type-2-galaxy","75":"pa_type-2-h463","76":"pa_type-2-hurli-h-6115","77":"pa_type-2-l65","78":"pa_type-2-srx-8400","79":"pa_type-2-tl100","80":"pa_type-2-tn65f","81":"pa_type-2-tn75","82":"pa_type-2-tnv75","83":"badges-style-2","85":"first","86":"instock","87":"taxable","88":"shipping-taxable","89":"purchasable","90":"product-type-simple"},"acf":[],"yoast_head":"<!-- This site is optimized with the Yoast SEO plugin v27.3 - https:\/\/yoast.com\/product\/yoast-seo-wordpress\/ -->\n<title>Alternateur Case Ih - Deutz, Fiat, Ford, Lsh - 14V\/65A - Edel<\/title>\n<meta name=\"description\" content=\"Alternateur Case Ih - Deutz, Fiat, Ford, Lsh - 14V\/65A - Formula 110 1106 1180 1380 1880 480 4835 55.66 5635 580 65 680 70 780 880 955 Agroplus65 Agroplus70\" \/>\n<meta name=\"robots\" content=\"index, follow, max-snippet:-1, max-image-preview:large, max-video-preview:-1\" \/>\n<link rel=\"canonical\" href=\"https:\/\/edel.fr\/en\/product\/alternateur-case-ihdeutzfiat-new-hollandford-new-hollandlsh-lamborghini-same-hurlimann-volt-ampere-14-65\/\" \/>\n<meta property=\"og:locale\" content=\"en_US\" \/>\n<meta property=\"og:type\" content=\"article\" \/>\n<meta property=\"og:title\" content=\"Alternateur Case Ih - Deutz, Fiat, Ford, Lsh - 14V\/65A - Edel\" \/>\n<meta property=\"og:description\" content=\"Alternateur Case Ih - Deutz, Fiat, Ford, Lsh - 14V\/65A - Formula 110 1106 1180 1380 1880 480 4835 55.66 5635 580 65 680 70 780 880 955 Agroplus65 Agroplus70\" \/>\n<meta property=\"og:url\" content=\"https:\/\/edel.fr\/en\/product\/alternateur-case-ihdeutzfiat-new-hollandford-new-hollandlsh-lamborghini-same-hurlimann-volt-ampere-14-65\/\" \/>\n<meta property=\"og:site_name\" content=\"Edel\" \/>\n<meta property=\"article:modified_time\" content=\"2026-04-01T01:00:31+00:00\" \/>\n<meta property=\"og:image\" content=\"https:\/\/edel.fr\/uploads\/2019\/03\/A07.jpg\" \/>\n\t<meta property=\"og:image:width\" content=\"1920\" \/>\n\t<meta property=\"og:image:height\" content=\"1283\" \/>\n\t<meta property=\"og:image:type\" content=\"image\/jpeg\" \/>\n<meta name=\"twitter:card\" content=\"summary_large_image\" \/>\n<meta name=\"twitter:label1\" content=\"Est. reading time\" \/>\n\t<meta name=\"twitter:data1\" content=\"2 minutes\" \/>\n<script type=\"application\/ld+json\" class=\"yoast-schema-graph\">{\"@context\":\"https:\\\/\\\/schema.org\",\"@graph\":[{\"@type\":\"WebPage\",\"@id\":\"https:\\\/\\\/edel.fr\\\/en\\\/product\\\/alternateur-case-ihdeutzfiat-new-hollandford-new-hollandlsh-lamborghini-same-hurlimann-volt-ampere-14-65\\\/\",\"url\":\"https:\\\/\\\/edel.fr\\\/en\\\/product\\\/alternateur-case-ihdeutzfiat-new-hollandford-new-hollandlsh-lamborghini-same-hurlimann-volt-ampere-14-65\\\/\",\"name\":\"Alternateur Case Ih - Deutz, Fiat, Ford, Lsh - 14V\\\/65A - Edel\",\"isPartOf\":{\"@id\":\"https:\\\/\\\/www.edel.fr\\\/en\\\/#website\"},\"primaryImageOfPage\":{\"@id\":\"https:\\\/\\\/edel.fr\\\/en\\\/product\\\/alternateur-case-ihdeutzfiat-new-hollandford-new-hollandlsh-lamborghini-same-hurlimann-volt-ampere-14-65\\\/#primaryimage\"},\"image\":{\"@id\":\"https:\\\/\\\/edel.fr\\\/en\\\/product\\\/alternateur-case-ihdeutzfiat-new-hollandford-new-hollandlsh-lamborghini-same-hurlimann-volt-ampere-14-65\\\/#primaryimage\"},\"thumbnailUrl\":\"https:\\\/\\\/edel.fr\\\/uploads\\\/2019\\\/03\\\/A07.jpg\",\"datePublished\":\"2019-03-11T08:24:02+00:00\",\"dateModified\":\"2026-04-01T01:00:31+00:00\",\"description\":\"Alternateur Case Ih - Deutz, Fiat, Ford, Lsh - 14V\\\/65A - Formula 110 1106 1180 1380 1880 480 4835 55.66 5635 580 65 680 70 780 880 955 Agroplus65 Agroplus70\",\"breadcrumb\":{\"@id\":\"https:\\\/\\\/edel.fr\\\/en\\\/product\\\/alternateur-case-ihdeutzfiat-new-hollandford-new-hollandlsh-lamborghini-same-hurlimann-volt-ampere-14-65\\\/#breadcrumb\"},\"inLanguage\":\"en-US\",\"potentialAction\":[{\"@type\":\"ReadAction\",\"target\":[\"https:\\\/\\\/edel.fr\\\/en\\\/product\\\/alternateur-case-ihdeutzfiat-new-hollandford-new-hollandlsh-lamborghini-same-hurlimann-volt-ampere-14-65\\\/\"]}]},{\"@type\":\"ImageObject\",\"inLanguage\":\"en-US\",\"@id\":\"https:\\\/\\\/edel.fr\\\/en\\\/product\\\/alternateur-case-ihdeutzfiat-new-hollandford-new-hollandlsh-lamborghini-same-hurlimann-volt-ampere-14-65\\\/#primaryimage\",\"url\":\"https:\\\/\\\/edel.fr\\\/uploads\\\/2019\\\/03\\\/A07.jpg\",\"contentUrl\":\"https:\\\/\\\/edel.fr\\\/uploads\\\/2019\\\/03\\\/A07.jpg\",\"width\":1920,\"height\":1283,\"caption\":\"Alternateur Case Ih - Deutz, Fiat, Ford, Lsh - 14V\\\/65A\"},{\"@type\":\"BreadcrumbList\",\"@id\":\"https:\\\/\\\/edel.fr\\\/en\\\/product\\\/alternateur-case-ihdeutzfiat-new-hollandford-new-hollandlsh-lamborghini-same-hurlimann-volt-ampere-14-65\\\/#breadcrumb\",\"itemListElement\":[{\"@type\":\"ListItem\",\"position\":1,\"name\":\"Pi\u00e8ce Tracteur\",\"item\":\"https:\\\/\\\/www.edel.fr\\\/en\\\/\"},{\"@type\":\"ListItem\",\"position\":2,\"name\":\"Toutes nos pi\u00e8ces Tracteur\",\"item\":\"https:\\\/\\\/edel.fr\\\/shop\\\/\"},{\"@type\":\"ListItem\",\"position\":3,\"name\":\"Alternateur Case Ih &#8211; Deutz, Fiat, Ford, Lsh &#8211; 14V\\\/65A\"}]},{\"@type\":\"WebSite\",\"@id\":\"https:\\\/\\\/www.edel.fr\\\/en\\\/#website\",\"url\":\"https:\\\/\\\/www.edel.fr\\\/en\\\/\",\"name\":\"Edel\",\"description\":\"Pi\u00e8ce d\u00e9tach\u00e9e de Tracteur Agricole\",\"publisher\":{\"@id\":\"https:\\\/\\\/www.edel.fr\\\/en\\\/#organization\"},\"potentialAction\":[{\"@type\":\"SearchAction\",\"target\":{\"@type\":\"EntryPoint\",\"urlTemplate\":\"https:\\\/\\\/www.edel.fr\\\/en\\\/?s={search_term_string}\"},\"query-input\":{\"@type\":\"PropertyValueSpecification\",\"valueRequired\":true,\"valueName\":\"search_term_string\"}}],\"inLanguage\":\"en-US\"},{\"@type\":\"Organization\",\"@id\":\"https:\\\/\\\/www.edel.fr\\\/en\\\/#organization\",\"name\":\"Edel\",\"url\":\"https:\\\/\\\/www.edel.fr\\\/en\\\/\",\"logo\":{\"@type\":\"ImageObject\",\"inLanguage\":\"en-US\",\"@id\":\"https:\\\/\\\/www.edel.fr\\\/en\\\/#\\\/schema\\\/logo\\\/image\\\/\",\"url\":\"https:\\\/\\\/www.edel.fr\\\/uploads\\\/2018\\\/11\\\/logo-edel.png\",\"contentUrl\":\"https:\\\/\\\/www.edel.fr\\\/uploads\\\/2018\\\/11\\\/logo-edel.png\",\"width\":257,\"height\":68,\"caption\":\"Edel\"},\"image\":{\"@id\":\"https:\\\/\\\/www.edel.fr\\\/en\\\/#\\\/schema\\\/logo\\\/image\\\/\"}}]}<\/script>\n<!-- \/ Yoast SEO plugin. -->","yoast_head_json":{"title":"Alternateur Case Ih - Deutz, Fiat, Ford, Lsh - 14V\/65A - Edel","description":"Alternateur Case Ih - Deutz, Fiat, Ford, Lsh - 14V\/65A - Formula 110 1106 1180 1380 1880 480 4835 55.66 5635 580 65 680 70 780 880 955 Agroplus65 Agroplus70","robots":{"index":"index","follow":"follow","max-snippet":"max-snippet:-1","max-image-preview":"max-image-preview:large","max-video-preview":"max-video-preview:-1"},"canonical":"https:\/\/edel.fr\/en\/product\/alternateur-case-ihdeutzfiat-new-hollandford-new-hollandlsh-lamborghini-same-hurlimann-volt-ampere-14-65\/","og_locale":"en_US","og_type":"article","og_title":"Alternateur Case Ih - Deutz, Fiat, Ford, Lsh - 14V\/65A - Edel","og_description":"Alternateur Case Ih - Deutz, Fiat, Ford, Lsh - 14V\/65A - Formula 110 1106 1180 1380 1880 480 4835 55.66 5635 580 65 680 70 780 880 955 Agroplus65 Agroplus70","og_url":"https:\/\/edel.fr\/en\/product\/alternateur-case-ihdeutzfiat-new-hollandford-new-hollandlsh-lamborghini-same-hurlimann-volt-ampere-14-65\/","og_site_name":"Edel","article_modified_time":"2026-04-01T01:00:31+00:00","og_image":[{"width":1920,"height":1283,"url":"https:\/\/edel.fr\/uploads\/2019\/03\/A07.jpg","type":"image\/jpeg"}],"twitter_card":"summary_large_image","twitter_misc":{"Est. reading time":"2 minutes"},"schema":{"@context":"https:\/\/schema.org","@graph":[{"@type":"WebPage","@id":"https:\/\/edel.fr\/en\/product\/alternateur-case-ihdeutzfiat-new-hollandford-new-hollandlsh-lamborghini-same-hurlimann-volt-ampere-14-65\/","url":"https:\/\/edel.fr\/en\/product\/alternateur-case-ihdeutzfiat-new-hollandford-new-hollandlsh-lamborghini-same-hurlimann-volt-ampere-14-65\/","name":"Alternateur Case Ih - Deutz, Fiat, Ford, Lsh - 14V\/65A - Edel","isPartOf":{"@id":"https:\/\/www.edel.fr\/en\/#website"},"primaryImageOfPage":{"@id":"https:\/\/edel.fr\/en\/product\/alternateur-case-ihdeutzfiat-new-hollandford-new-hollandlsh-lamborghini-same-hurlimann-volt-ampere-14-65\/#primaryimage"},"image":{"@id":"https:\/\/edel.fr\/en\/product\/alternateur-case-ihdeutzfiat-new-hollandford-new-hollandlsh-lamborghini-same-hurlimann-volt-ampere-14-65\/#primaryimage"},"thumbnailUrl":"https:\/\/edel.fr\/uploads\/2019\/03\/A07.jpg","datePublished":"2019-03-11T08:24:02+00:00","dateModified":"2026-04-01T01:00:31+00:00","description":"Alternateur Case Ih - Deutz, Fiat, Ford, Lsh - 14V\/65A - Formula 110 1106 1180 1380 1880 480 4835 55.66 5635 580 65 680 70 780 880 955 Agroplus65 Agroplus70","breadcrumb":{"@id":"https:\/\/edel.fr\/en\/product\/alternateur-case-ihdeutzfiat-new-hollandford-new-hollandlsh-lamborghini-same-hurlimann-volt-ampere-14-65\/#breadcrumb"},"inLanguage":"en-US","potentialAction":[{"@type":"ReadAction","target":["https:\/\/edel.fr\/en\/product\/alternateur-case-ihdeutzfiat-new-hollandford-new-hollandlsh-lamborghini-same-hurlimann-volt-ampere-14-65\/"]}]},{"@type":"ImageObject","inLanguage":"en-US","@id":"https:\/\/edel.fr\/en\/product\/alternateur-case-ihdeutzfiat-new-hollandford-new-hollandlsh-lamborghini-same-hurlimann-volt-ampere-14-65\/#primaryimage","url":"https:\/\/edel.fr\/uploads\/2019\/03\/A07.jpg","contentUrl":"https:\/\/edel.fr\/uploads\/2019\/03\/A07.jpg","width":1920,"height":1283,"caption":"Alternateur Case Ih - Deutz, Fiat, Ford, Lsh - 14V\/65A"},{"@type":"BreadcrumbList","@id":"https:\/\/edel.fr\/en\/product\/alternateur-case-ihdeutzfiat-new-hollandford-new-hollandlsh-lamborghini-same-hurlimann-volt-ampere-14-65\/#breadcrumb","itemListElement":[{"@type":"ListItem","position":1,"name":"Pi\u00e8ce Tracteur","item":"https:\/\/www.edel.fr\/en\/"},{"@type":"ListItem","position":2,"name":"Toutes nos pi\u00e8ces Tracteur","item":"https:\/\/edel.fr\/shop\/"},{"@type":"ListItem","position":3,"name":"Alternateur Case Ih &#8211; Deutz, Fiat, Ford, Lsh &#8211; 14V\/65A"}]},{"@type":"WebSite","@id":"https:\/\/www.edel.fr\/en\/#website","url":"https:\/\/www.edel.fr\/en\/","name":"Edel","description":"Pi\u00e8ce d\u00e9tach\u00e9e de Tracteur Agricole","publisher":{"@id":"https:\/\/www.edel.fr\/en\/#organization"},"potentialAction":[{"@type":"SearchAction","target":{"@type":"EntryPoint","urlTemplate":"https:\/\/www.edel.fr\/en\/?s={search_term_string}"},"query-input":{"@type":"PropertyValueSpecification","valueRequired":true,"valueName":"search_term_string"}}],"inLanguage":"en-US"},{"@type":"Organization","@id":"https:\/\/www.edel.fr\/en\/#organization","name":"Edel","url":"https:\/\/www.edel.fr\/en\/","logo":{"@type":"ImageObject","inLanguage":"en-US","@id":"https:\/\/www.edel.fr\/en\/#\/schema\/logo\/image\/","url":"https:\/\/www.edel.fr\/uploads\/2018\/11\/logo-edel.png","contentUrl":"https:\/\/www.edel.fr\/uploads\/2018\/11\/logo-edel.png","width":257,"height":68,"caption":"Edel"},"image":{"@id":"https:\/\/www.edel.fr\/en\/#\/schema\/logo\/image\/"}}]}},"_links":{"self":[{"href":"https:\/\/edel.fr\/en\/wp-json\/wp\/v2\/product\/5848","targetHints":{"allow":["GET"]}}],"collection":[{"href":"https:\/\/edel.fr\/en\/wp-json\/wp\/v2\/product"}],"about":[{"href":"https:\/\/edel.fr\/en\/wp-json\/wp\/v2\/types\/product"}],"version-history":[{"count":2,"href":"https:\/\/edel.fr\/en\/wp-json\/wp\/v2\/product\/5848\/revisions"}],"predecessor-version":[{"id":15138,"href":"https:\/\/edel.fr\/en\/wp-json\/wp\/v2\/product\/5848\/revisions\/15138"}],"wp:featuredmedia":[{"embeddable":true,"href":"https:\/\/edel.fr\/en\/wp-json\/wp\/v2\/media\/5591"}],"wp:attachment":[{"href":"https:\/\/edel.fr\/en\/wp-json\/wp\/v2\/media?parent=5848"}],"wp:term":[{"taxonomy":"product_brand","embeddable":true,"href":"https:\/\/edel.fr\/en\/wp-json\/wp\/v2\/product_brand?post=5848"},{"taxonomy":"product_cat","embeddable":true,"href":"https:\/\/edel.fr\/en\/wp-json\/wp\/v2\/product_cat?post=5848"},{"taxonomy":"product_tag","embeddable":true,"href":"https:\/\/edel.fr\/en\/wp-json\/wp\/v2\/product_tag?post=5848"},{"taxonomy":"tracteur","embeddable":true,"href":"https:\/\/edel.fr\/en\/wp-json\/wp\/v2\/tracteur?post=5848"}],"curies":[{"name":"wp","href":"https:\/\/api.w.org\/{rel}","templated":true}]}}