{"id":5849,"date":"2019-03-11T09:24:02","date_gmt":"2019-03-11T08:24:02","guid":{"rendered":"http:\/\/edel.stephanie.ct.webcd.lan\/shop\/alternateur-case-ihfiat-new-hollandford-new-hollandjcbmanitoumassey-fergusonvalmet-volt-ampere-14-65\/"},"modified":"2026-02-04T02:00:29","modified_gmt":"2026-02-04T01:00:29","slug":"alternateur-case-ihfiat-new-hollandford-new-hollandjcbmanitoumassey-fergusonvalmet-volt-ampere-14-65","status":"publish","type":"product","link":"https:\/\/edel.fr\/en\/product\/alternateur-case-ihfiat-new-hollandford-new-hollandjcbmanitoumassey-fergusonvalmet-volt-ampere-14-65\/","title":{"rendered":"Alternateur tracteur Case Ih, Fiat, Ford, Manitou, Valmet &#8211; 14V\/65A"},"content":{"rendered":"<div data-elementor-type=\"wp-post\" data-elementor-id=\"5849\" class=\"elementor elementor-5849\">\n\t\t\t\t\t\t<section class=\"elementor-section elementor-top-section elementor-element elementor-element-6eca5d86 elementor-section-boxed elementor-section-height-default elementor-section-height-default\" data-id=\"6eca5d86\" data-element_type=\"section\" data-e-type=\"section\">\n\t\t\t\t\t\t<div class=\"elementor-container elementor-column-gap-default\">\n\t\t\t\t\t<div class=\"elementor-column elementor-col-100 elementor-top-column elementor-element elementor-element-34332a25\" data-id=\"34332a25\" data-element_type=\"column\" data-e-type=\"column\">\n\t\t\t<div class=\"elementor-widget-wrap elementor-element-populated\">\n\t\t\t\t\t\t<div class=\"elementor-element elementor-element-6228de64 elementor-widget elementor-widget-heading\" data-id=\"6228de64\" data-element_type=\"widget\" data-e-type=\"widget\" data-widget_type=\"heading.default\">\n\t\t\t\t<div class=\"elementor-widget-container\">\n\t\t\t\t\t<h2 class=\"elementor-heading-title elementor-size-default\">Alternateur tracteur Case Ih, Fiat New Holland, Ford New Holland, JCB, Manitou, Massey Ferguson, Valmet - 14 V \/ 65 A<\/h2>\t\t\t\t<\/div>\n\t\t\t\t<\/div>\n\t\t\t\t<div class=\"elementor-element elementor-element-57db10fb elementor-widget elementor-widget-heading\" data-id=\"57db10fb\" data-element_type=\"widget\" data-e-type=\"widget\" data-widget_type=\"heading.default\">\n\t\t\t\t<div class=\"elementor-widget-container\">\n\t\t\t\t\t<h3 class=\"elementor-heading-title elementor-size-default\">Information du produit :<\/h3>\t\t\t\t<\/div>\n\t\t\t\t<\/div>\n\t\t\t\t\t<\/div>\n\t\t<\/div>\n\t\t\t\t\t<\/div>\n\t\t<\/section>\n\t\t\t\t<section class=\"elementor-section elementor-top-section elementor-element elementor-element-36746a5e elementor-section-boxed elementor-section-height-default elementor-section-height-default\" data-id=\"36746a5e\" data-element_type=\"section\" data-e-type=\"section\">\n\t\t\t\t\t\t<div class=\"elementor-container elementor-column-gap-default\">\n\t\t\t\t\t<div class=\"elementor-column elementor-col-100 elementor-top-column elementor-element elementor-element-16bb6e80\" data-id=\"16bb6e80\" data-element_type=\"column\" data-e-type=\"column\">\n\t\t\t<div class=\"elementor-widget-wrap elementor-element-populated\">\n\t\t\t\t\t\t<div class=\"elementor-element elementor-element-61923371 elementor-widget elementor-widget-text-editor\" data-id=\"61923371\" data-element_type=\"widget\" data-e-type=\"widget\" data-widget_type=\"text-editor.default\">\n\t\t\t\t<div class=\"elementor-widget-container\">\n\t\t\t\t\t\t\t\t\t<p>Votre alternateur g\u00e9n\u00e8re de l\u2019\u00e9nergie \u00e9lectrique en convertissant l&rsquo;\u00e9nergie cin\u00e9tique. Cette \u00e9nergie est stock\u00e9e par la batterie et consomm\u00e9e par les diff\u00e9rents organes \u00e9lectriques et \u00e9lectroniques.<\/p><p>C&rsquo;est pourquoi nous vous proposons une pi\u00e8ce de marque <a href=\"https:\/\/edel.fr\/en\/constructeur\/mahle\/\">Mahle<\/a> \/ <a href=\"https:\/\/edel.fr\/en\/constructeur\/letrika\/\">Letrika<\/a> reconnue pour sa fiabilit\u00e9. Cet alternateur\u00a0est aussi compatible avec les tracteurs et les moissonneuses-batteuses \u00e9quip\u00e9s de moteurs Cummins Case.<\/p><p>Alternateur tracteur Case Ih, Fiat New Holland, Ford New Holland, JCB, Manitou, Massey Ferguson,Valmet : 1594, 2670, 3085, 3095, 3115, 3125, 3210, 3230, 360, 3635, 3645, 365, 3655, 374V, 375, 390, 398, 4210, 4220, 4230, 4235, 4240, 4245, 4255, 465, 505, 605, 6120, 6130, 6150, 6160, 6170, 6180, 6190, 6260, 633MLT, 699, 705, 725MLT, 7610, 7810, 805, 8060, 8110, 8120, 8130, 8160, 905, M 132 Laverda, MB8055, MLT 6.26, MLT 6.28, MT 1230 SCP, S\u00e9rie 4200, TP655C.<\/p>\t\t\t\t\t\t\t\t<\/div>\n\t\t\t\t<\/div>\n\t\t\t\t\t<\/div>\n\t\t<\/div>\n\t\t\t\t\t<\/div>\n\t\t<\/section>\n\t\t\t\t<\/div>","protected":false},"excerpt":{"rendered":"<p>Alternateur tracteur Case Ih, Fiat New Holland, Ford New Holland, JCB, Manitou, Massey Ferguson, Valmet &#8211; 14 V \/ 65 A Information du produit : Votre alternateur g\u00e9n\u00e8re de l\u2019\u00e9nergie \u00e9lectrique en convertissant l&rsquo;\u00e9nergie cin\u00e9tique. Cette \u00e9nergie est stock\u00e9e par la batterie et consomm\u00e9e par les diff\u00e9rents organes \u00e9lectriques et \u00e9lectroniques. C&rsquo;est pourquoi nous vous<br \/><a class=\"more-link\" href=\"https:\/\/edel.fr\/en\/product\/alternateur-case-ihfiat-new-hollandford-new-hollandjcbmanitoumassey-fergusonvalmet-volt-ampere-14-65\/\"><br \/>\n        Read More<span class=\"screen-reader-text\"> \u00ab\u00a0Alternateur tracteur Case Ih, Fiat, Ford, Manitou, Valmet &#8211; 14V\/65A\u00a0\u00bb<\/span><\/a><\/p>","protected":false},"featured_media":5592,"template":"","meta":[],"product_brand":[],"product_cat":[4016,4019,4020,4021,4028,4029,164,4035,154,119],"product_tag":[2459,180],"tracteur":[],"class_list":{"0":"post-5849","1":"product","2":"type-product","3":"status-publish","4":"has-post-thumbnail","6":"product_cat-alternateur-case-ih","7":"product_cat-alternateur-fiat-new-holland","8":"product_cat-alternateur-ford-new-holland","9":"product_cat-alternateur-jcb","10":"product_cat-alternateur-manitou","11":"product_cat-alternateur-massey-ferguson","12":"product_cat-alternateurs","13":"product_cat-alternateur-valmet","14":"product_cat-electricite","15":"product_cat-tracteurs-agricoles","16":"product_tag-alternateurs","17":"product_tag-electricite","18":"product_shipping_class-142","19":"pa_fabriquant-mahle","20":"pa_marque-tracteur-case-ih","21":"pa_marque-tracteur-fiat-new-holland","22":"pa_marque-tracteur-ford-new-holland","23":"pa_marque-tracteur-jcb","24":"pa_marque-tracteur-manitou","25":"pa_marque-tracteur-massey-ferguson","26":"pa_marque-tracteur-valtra-valmet","27":"pa_modele-tracteur-fastrack","28":"pa_modele-tracteur-maniscop","29":"pa_modele-tracteur-merlo","30":"pa_modele-tracteur-mlt","31":"pa_modele-tracteur-moissonneuse-batteuse","32":"pa_modele-tracteur-mt","33":"pa_type-2-1348","34":"pa_type-2-1317","35":"pa_type-2-1318","36":"pa_type-2-1319","37":"pa_type-2-1320","38":"pa_type-2-1321","39":"pa_type-2-1295","40":"pa_type-2-1296","41":"pa_type-2-1310","42":"pa_type-2-1322","43":"pa_type-2-1323","44":"pa_type-2-1311","45":"pa_type-2-1324","46":"pa_type-2-374v","47":"pa_type-2-1313","48":"pa_type-2-1314","49":"pa_type-2-1315","50":"pa_type-2-1297","51":"pa_type-2-1298","52":"pa_type-2-1299","53":"pa_type-2-1325","54":"pa_type-2-1300","55":"pa_type-2-1326","56":"pa_type-2-1327","57":"pa_type-2-1342","58":"pa_type-2-1343","59":"pa_type-2-1344","60":"pa_type-2-1328","61":"pa_type-2-1329","62":"pa_type-2-1330","63":"pa_type-2-1331","64":"pa_type-2-1332","65":"pa_type-2-1333","66":"pa_type-2-1334","67":"pa_type-2-1335","68":"pa_type-2-633mlt","69":"pa_type-2-1316","70":"pa_type-2-1345","71":"pa_type-2-725mlt","72":"pa_type-2-1304","73":"pa_type-2-1305","74":"pa_type-2-1346","75":"pa_type-2-1303","76":"pa_type-2-1252","77":"pa_type-2-1336","78":"pa_type-2-1337","79":"pa_type-2-1338","80":"pa_type-2-1347","81":"pa_type-2-m-132-laverda","82":"pa_type-2-mb8055","83":"pa_type-2-mlt-6-26","84":"pa_type-2-mlt-6-28","85":"pa_type-2-mt-1230-scp","86":"pa_type-2-serie-4200","87":"pa_type-2-tp655c","88":"badges-style-2","90":"first","91":"instock","92":"taxable","93":"shipping-taxable","94":"purchasable","95":"product-type-simple"},"acf":[],"yoast_head":"<!-- This site is optimized with the Yoast SEO plugin v27.3 - https:\/\/yoast.com\/product\/yoast-seo-wordpress\/ -->\n<title>Alternateur tracteur Case Ih, Fiat, Ford, Manitou, Valmet - 14V\/65A - Edel<\/title>\n<meta name=\"description\" content=\"Alternateur tracteur Case Ih, Fiat New Holland, Ford New Holland, JCB, Manitou, Massey Ferguson, Valmet - 14V\/65A - 1594 2670 3085 3095 3115 3125 3210 3230\" \/>\n<meta name=\"robots\" content=\"index, follow, max-snippet:-1, max-image-preview:large, max-video-preview:-1\" \/>\n<link rel=\"canonical\" href=\"https:\/\/edel.fr\/en\/product\/alternateur-case-ihfiat-new-hollandford-new-hollandjcbmanitoumassey-fergusonvalmet-volt-ampere-14-65\/\" \/>\n<meta property=\"og:locale\" content=\"en_US\" \/>\n<meta property=\"og:type\" content=\"article\" \/>\n<meta property=\"og:title\" content=\"Alternateur tracteur Case Ih, Fiat, Ford, Manitou, Valmet - 14V\/65A - Edel\" \/>\n<meta property=\"og:description\" content=\"Alternateur tracteur Case Ih, Fiat New Holland, Ford New Holland, JCB, Manitou, Massey Ferguson, Valmet - 14V\/65A - 1594 2670 3085 3095 3115 3125 3210 3230\" \/>\n<meta property=\"og:url\" content=\"https:\/\/edel.fr\/en\/product\/alternateur-case-ihfiat-new-hollandford-new-hollandjcbmanitoumassey-fergusonvalmet-volt-ampere-14-65\/\" \/>\n<meta property=\"og:site_name\" content=\"Edel\" \/>\n<meta property=\"article:modified_time\" content=\"2026-02-04T01:00:29+00:00\" \/>\n<meta property=\"og:image\" content=\"https:\/\/edel.fr\/uploads\/2019\/03\/A08.jpg\" \/>\n\t<meta property=\"og:image:width\" content=\"1920\" \/>\n\t<meta property=\"og:image:height\" content=\"1233\" \/>\n\t<meta property=\"og:image:type\" content=\"image\/jpeg\" \/>\n<meta name=\"twitter:card\" content=\"summary_large_image\" \/>\n<meta name=\"twitter:label1\" content=\"Est. reading time\" \/>\n\t<meta name=\"twitter:data1\" content=\"1 minute\" \/>\n<script type=\"application\/ld+json\" class=\"yoast-schema-graph\">{\"@context\":\"https:\\\/\\\/schema.org\",\"@graph\":[{\"@type\":\"WebPage\",\"@id\":\"https:\\\/\\\/edel.fr\\\/produit\\\/alternateur-case-ihfiat-new-hollandford-new-hollandjcbmanitoumassey-fergusonvalmet-volt-ampere-14-65\\\/\",\"url\":\"https:\\\/\\\/edel.fr\\\/produit\\\/alternateur-case-ihfiat-new-hollandford-new-hollandjcbmanitoumassey-fergusonvalmet-volt-ampere-14-65\\\/\",\"name\":\"Alternateur tracteur Case Ih, Fiat, Ford, Manitou, Valmet - 14V\\\/65A - Edel\",\"isPartOf\":{\"@id\":\"https:\\\/\\\/www.edel.fr\\\/en\\\/#website\"},\"primaryImageOfPage\":{\"@id\":\"https:\\\/\\\/edel.fr\\\/produit\\\/alternateur-case-ihfiat-new-hollandford-new-hollandjcbmanitoumassey-fergusonvalmet-volt-ampere-14-65\\\/#primaryimage\"},\"image\":{\"@id\":\"https:\\\/\\\/edel.fr\\\/produit\\\/alternateur-case-ihfiat-new-hollandford-new-hollandjcbmanitoumassey-fergusonvalmet-volt-ampere-14-65\\\/#primaryimage\"},\"thumbnailUrl\":\"https:\\\/\\\/edel.fr\\\/uploads\\\/2019\\\/03\\\/A08.jpg\",\"datePublished\":\"2019-03-11T08:24:02+00:00\",\"dateModified\":\"2026-02-04T01:00:29+00:00\",\"description\":\"Alternateur tracteur Case Ih, Fiat New Holland, Ford New Holland, JCB, Manitou, Massey Ferguson, Valmet - 14V\\\/65A - 1594 2670 3085 3095 3115 3125 3210 3230\",\"breadcrumb\":{\"@id\":\"https:\\\/\\\/edel.fr\\\/produit\\\/alternateur-case-ihfiat-new-hollandford-new-hollandjcbmanitoumassey-fergusonvalmet-volt-ampere-14-65\\\/#breadcrumb\"},\"inLanguage\":\"en-US\",\"potentialAction\":[{\"@type\":\"ReadAction\",\"target\":[\"https:\\\/\\\/edel.fr\\\/produit\\\/alternateur-case-ihfiat-new-hollandford-new-hollandjcbmanitoumassey-fergusonvalmet-volt-ampere-14-65\\\/\"]}]},{\"@type\":\"ImageObject\",\"inLanguage\":\"en-US\",\"@id\":\"https:\\\/\\\/edel.fr\\\/produit\\\/alternateur-case-ihfiat-new-hollandford-new-hollandjcbmanitoumassey-fergusonvalmet-volt-ampere-14-65\\\/#primaryimage\",\"url\":\"https:\\\/\\\/edel.fr\\\/uploads\\\/2019\\\/03\\\/A08.jpg\",\"contentUrl\":\"https:\\\/\\\/edel.fr\\\/uploads\\\/2019\\\/03\\\/A08.jpg\",\"width\":1920,\"height\":1233,\"caption\":\"Alternateur tracteur Case Ih Ford Fiat Valmet Massey Ferguson\"},{\"@type\":\"BreadcrumbList\",\"@id\":\"https:\\\/\\\/edel.fr\\\/produit\\\/alternateur-case-ihfiat-new-hollandford-new-hollandjcbmanitoumassey-fergusonvalmet-volt-ampere-14-65\\\/#breadcrumb\",\"itemListElement\":[{\"@type\":\"ListItem\",\"position\":1,\"name\":\"Pi\u00e8ce Tracteur\",\"item\":\"https:\\\/\\\/www.edel.fr\\\/en\\\/\"},{\"@type\":\"ListItem\",\"position\":2,\"name\":\"Toutes nos pi\u00e8ces Tracteur\",\"item\":\"https:\\\/\\\/edel.fr\\\/shop\\\/\"},{\"@type\":\"ListItem\",\"position\":3,\"name\":\"Alternateur tracteur Case Ih, Fiat, Ford, Manitou, Valmet &#8211; 14V\\\/65A\"}]},{\"@type\":\"WebSite\",\"@id\":\"https:\\\/\\\/www.edel.fr\\\/en\\\/#website\",\"url\":\"https:\\\/\\\/www.edel.fr\\\/en\\\/\",\"name\":\"Edel\",\"description\":\"Pi\u00e8ce d\u00e9tach\u00e9e de Tracteur Agricole\",\"publisher\":{\"@id\":\"https:\\\/\\\/www.edel.fr\\\/en\\\/#organization\"},\"potentialAction\":[{\"@type\":\"SearchAction\",\"target\":{\"@type\":\"EntryPoint\",\"urlTemplate\":\"https:\\\/\\\/www.edel.fr\\\/en\\\/?s={search_term_string}\"},\"query-input\":{\"@type\":\"PropertyValueSpecification\",\"valueRequired\":true,\"valueName\":\"search_term_string\"}}],\"inLanguage\":\"en-US\"},{\"@type\":\"Organization\",\"@id\":\"https:\\\/\\\/www.edel.fr\\\/en\\\/#organization\",\"name\":\"Edel\",\"url\":\"https:\\\/\\\/www.edel.fr\\\/en\\\/\",\"logo\":{\"@type\":\"ImageObject\",\"inLanguage\":\"en-US\",\"@id\":\"https:\\\/\\\/www.edel.fr\\\/en\\\/#\\\/schema\\\/logo\\\/image\\\/\",\"url\":\"https:\\\/\\\/www.edel.fr\\\/uploads\\\/2018\\\/11\\\/logo-edel.png\",\"contentUrl\":\"https:\\\/\\\/www.edel.fr\\\/uploads\\\/2018\\\/11\\\/logo-edel.png\",\"width\":257,\"height\":68,\"caption\":\"Edel\"},\"image\":{\"@id\":\"https:\\\/\\\/www.edel.fr\\\/en\\\/#\\\/schema\\\/logo\\\/image\\\/\"}}]}<\/script>\n<!-- \/ Yoast SEO plugin. -->","yoast_head_json":{"title":"Alternateur tracteur Case Ih, Fiat, Ford, Manitou, Valmet - 14V\/65A - Edel","description":"Alternateur tracteur Case Ih, Fiat New Holland, Ford New Holland, JCB, Manitou, Massey Ferguson, Valmet - 14V\/65A - 1594 2670 3085 3095 3115 3125 3210 3230","robots":{"index":"index","follow":"follow","max-snippet":"max-snippet:-1","max-image-preview":"max-image-preview:large","max-video-preview":"max-video-preview:-1"},"canonical":"https:\/\/edel.fr\/en\/product\/alternateur-case-ihfiat-new-hollandford-new-hollandjcbmanitoumassey-fergusonvalmet-volt-ampere-14-65\/","og_locale":"en_US","og_type":"article","og_title":"Alternateur tracteur Case Ih, Fiat, Ford, Manitou, Valmet - 14V\/65A - Edel","og_description":"Alternateur tracteur Case Ih, Fiat New Holland, Ford New Holland, JCB, Manitou, Massey Ferguson, Valmet - 14V\/65A - 1594 2670 3085 3095 3115 3125 3210 3230","og_url":"https:\/\/edel.fr\/en\/product\/alternateur-case-ihfiat-new-hollandford-new-hollandjcbmanitoumassey-fergusonvalmet-volt-ampere-14-65\/","og_site_name":"Edel","article_modified_time":"2026-02-04T01:00:29+00:00","og_image":[{"width":1920,"height":1233,"url":"https:\/\/edel.fr\/uploads\/2019\/03\/A08.jpg","type":"image\/jpeg"}],"twitter_card":"summary_large_image","twitter_misc":{"Est. reading time":"1 minute"},"schema":{"@context":"https:\/\/schema.org","@graph":[{"@type":"WebPage","@id":"https:\/\/edel.fr\/produit\/alternateur-case-ihfiat-new-hollandford-new-hollandjcbmanitoumassey-fergusonvalmet-volt-ampere-14-65\/","url":"https:\/\/edel.fr\/produit\/alternateur-case-ihfiat-new-hollandford-new-hollandjcbmanitoumassey-fergusonvalmet-volt-ampere-14-65\/","name":"Alternateur tracteur Case Ih, Fiat, Ford, Manitou, Valmet - 14V\/65A - Edel","isPartOf":{"@id":"https:\/\/www.edel.fr\/en\/#website"},"primaryImageOfPage":{"@id":"https:\/\/edel.fr\/produit\/alternateur-case-ihfiat-new-hollandford-new-hollandjcbmanitoumassey-fergusonvalmet-volt-ampere-14-65\/#primaryimage"},"image":{"@id":"https:\/\/edel.fr\/produit\/alternateur-case-ihfiat-new-hollandford-new-hollandjcbmanitoumassey-fergusonvalmet-volt-ampere-14-65\/#primaryimage"},"thumbnailUrl":"https:\/\/edel.fr\/uploads\/2019\/03\/A08.jpg","datePublished":"2019-03-11T08:24:02+00:00","dateModified":"2026-02-04T01:00:29+00:00","description":"Alternateur tracteur Case Ih, Fiat New Holland, Ford New Holland, JCB, Manitou, Massey Ferguson, Valmet - 14V\/65A - 1594 2670 3085 3095 3115 3125 3210 3230","breadcrumb":{"@id":"https:\/\/edel.fr\/produit\/alternateur-case-ihfiat-new-hollandford-new-hollandjcbmanitoumassey-fergusonvalmet-volt-ampere-14-65\/#breadcrumb"},"inLanguage":"en-US","potentialAction":[{"@type":"ReadAction","target":["https:\/\/edel.fr\/produit\/alternateur-case-ihfiat-new-hollandford-new-hollandjcbmanitoumassey-fergusonvalmet-volt-ampere-14-65\/"]}]},{"@type":"ImageObject","inLanguage":"en-US","@id":"https:\/\/edel.fr\/produit\/alternateur-case-ihfiat-new-hollandford-new-hollandjcbmanitoumassey-fergusonvalmet-volt-ampere-14-65\/#primaryimage","url":"https:\/\/edel.fr\/uploads\/2019\/03\/A08.jpg","contentUrl":"https:\/\/edel.fr\/uploads\/2019\/03\/A08.jpg","width":1920,"height":1233,"caption":"Alternateur tracteur Case Ih Ford Fiat Valmet Massey Ferguson"},{"@type":"BreadcrumbList","@id":"https:\/\/edel.fr\/produit\/alternateur-case-ihfiat-new-hollandford-new-hollandjcbmanitoumassey-fergusonvalmet-volt-ampere-14-65\/#breadcrumb","itemListElement":[{"@type":"ListItem","position":1,"name":"Pi\u00e8ce Tracteur","item":"https:\/\/www.edel.fr\/en\/"},{"@type":"ListItem","position":2,"name":"Toutes nos pi\u00e8ces Tracteur","item":"https:\/\/edel.fr\/shop\/"},{"@type":"ListItem","position":3,"name":"Alternateur tracteur Case Ih, Fiat, Ford, Manitou, Valmet &#8211; 14V\/65A"}]},{"@type":"WebSite","@id":"https:\/\/www.edel.fr\/en\/#website","url":"https:\/\/www.edel.fr\/en\/","name":"Edel","description":"Pi\u00e8ce d\u00e9tach\u00e9e de Tracteur Agricole","publisher":{"@id":"https:\/\/www.edel.fr\/en\/#organization"},"potentialAction":[{"@type":"SearchAction","target":{"@type":"EntryPoint","urlTemplate":"https:\/\/www.edel.fr\/en\/?s={search_term_string}"},"query-input":{"@type":"PropertyValueSpecification","valueRequired":true,"valueName":"search_term_string"}}],"inLanguage":"en-US"},{"@type":"Organization","@id":"https:\/\/www.edel.fr\/en\/#organization","name":"Edel","url":"https:\/\/www.edel.fr\/en\/","logo":{"@type":"ImageObject","inLanguage":"en-US","@id":"https:\/\/www.edel.fr\/en\/#\/schema\/logo\/image\/","url":"https:\/\/www.edel.fr\/uploads\/2018\/11\/logo-edel.png","contentUrl":"https:\/\/www.edel.fr\/uploads\/2018\/11\/logo-edel.png","width":257,"height":68,"caption":"Edel"},"image":{"@id":"https:\/\/www.edel.fr\/en\/#\/schema\/logo\/image\/"}}]}},"_links":{"self":[{"href":"https:\/\/edel.fr\/en\/wp-json\/wp\/v2\/product\/5849","targetHints":{"allow":["GET"]}}],"collection":[{"href":"https:\/\/edel.fr\/en\/wp-json\/wp\/v2\/product"}],"about":[{"href":"https:\/\/edel.fr\/en\/wp-json\/wp\/v2\/types\/product"}],"version-history":[{"count":2,"href":"https:\/\/edel.fr\/en\/wp-json\/wp\/v2\/product\/5849\/revisions"}],"predecessor-version":[{"id":15137,"href":"https:\/\/edel.fr\/en\/wp-json\/wp\/v2\/product\/5849\/revisions\/15137"}],"wp:featuredmedia":[{"embeddable":true,"href":"https:\/\/edel.fr\/en\/wp-json\/wp\/v2\/media\/5592"}],"wp:attachment":[{"href":"https:\/\/edel.fr\/en\/wp-json\/wp\/v2\/media?parent=5849"}],"wp:term":[{"taxonomy":"product_brand","embeddable":true,"href":"https:\/\/edel.fr\/en\/wp-json\/wp\/v2\/product_brand?post=5849"},{"taxonomy":"product_cat","embeddable":true,"href":"https:\/\/edel.fr\/en\/wp-json\/wp\/v2\/product_cat?post=5849"},{"taxonomy":"product_tag","embeddable":true,"href":"https:\/\/edel.fr\/en\/wp-json\/wp\/v2\/product_tag?post=5849"},{"taxonomy":"tracteur","embeddable":true,"href":"https:\/\/edel.fr\/en\/wp-json\/wp\/v2\/tracteur?post=5849"}],"curies":[{"name":"wp","href":"https:\/\/api.w.org\/{rel}","templated":true}]}}