{"id":5852,"date":"2019-03-11T09:24:02","date_gmt":"2019-03-11T08:24:02","guid":{"rendered":"http:\/\/edel.stephanie.ct.webcd.lan\/shop\/alternateur-fiat-new-holland-volt-ampere-14-65-entraxe-70-mm\/"},"modified":"2026-03-27T02:00:51","modified_gmt":"2026-03-27T01:00:51","slug":"alternateur-fiat-new-holland-volt-ampere-14-65-entraxe-70-mm","status":"publish","type":"product","link":"https:\/\/edel.fr\/en\/product\/alternateur-fiat-new-holland-volt-ampere-14-65-entraxe-70-mm\/","title":{"rendered":"Alternateur &#8211; Fiat New Holland &#8211; 14 Volt \/ 65 Amp\u00e8re Entraxe 70 mm"},"content":{"rendered":"<div data-elementor-type=\"wp-post\" data-elementor-id=\"5852\" class=\"elementor elementor-5852\">\n\t\t\t\t\t\t<section class=\"elementor-section elementor-top-section elementor-element elementor-element-3b1fe32c elementor-section-boxed elementor-section-height-default elementor-section-height-default\" data-id=\"3b1fe32c\" data-element_type=\"section\" data-e-type=\"section\">\n\t\t\t\t\t\t<div class=\"elementor-container elementor-column-gap-default\">\n\t\t\t\t\t<div class=\"elementor-column elementor-col-100 elementor-top-column elementor-element elementor-element-3676d5a5\" data-id=\"3676d5a5\" data-element_type=\"column\" data-e-type=\"column\">\n\t\t\t<div class=\"elementor-widget-wrap elementor-element-populated\">\n\t\t\t\t\t\t<div class=\"elementor-element elementor-element-701aea7a elementor-widget elementor-widget-heading\" data-id=\"701aea7a\" data-element_type=\"widget\" data-e-type=\"widget\" data-widget_type=\"heading.default\">\n\t\t\t\t<div class=\"elementor-widget-container\">\n\t\t\t\t\t<h2 class=\"elementor-heading-title elementor-size-default\">Alternateur - Fiat New Holland - 14 Volt \/ 65 Amp\u00e8re Entraxe 70 mm<\/h2>\t\t\t\t<\/div>\n\t\t\t\t<\/div>\n\t\t\t\t<div class=\"elementor-element elementor-element-414e1ef6 elementor-widget elementor-widget-heading\" data-id=\"414e1ef6\" data-element_type=\"widget\" data-e-type=\"widget\" data-widget_type=\"heading.default\">\n\t\t\t\t<div class=\"elementor-widget-container\">\n\t\t\t\t\t<h3 class=\"elementor-heading-title elementor-size-default\">Information du produit :<\/h3>\t\t\t\t<\/div>\n\t\t\t\t<\/div>\n\t\t\t\t\t<\/div>\n\t\t<\/div>\n\t\t\t\t\t<\/div>\n\t\t<\/section>\n\t\t\t\t<section class=\"elementor-section elementor-top-section elementor-element elementor-element-1187753d elementor-section-boxed elementor-section-height-default elementor-section-height-default\" data-id=\"1187753d\" data-element_type=\"section\" data-e-type=\"section\">\n\t\t\t\t\t\t<div class=\"elementor-container elementor-column-gap-default\">\n\t\t\t\t\t<div class=\"elementor-column elementor-col-100 elementor-top-column elementor-element elementor-element-37cb7831\" data-id=\"37cb7831\" data-element_type=\"column\" data-e-type=\"column\">\n\t\t\t<div class=\"elementor-widget-wrap elementor-element-populated\">\n\t\t\t\t\t\t<div class=\"elementor-element elementor-element-7d3efd76 elementor-widget elementor-widget-text-editor\" data-id=\"7d3efd76\" data-element_type=\"widget\" data-e-type=\"widget\" data-widget_type=\"text-editor.default\">\n\t\t\t\t<div class=\"elementor-widget-container\">\n\t\t\t\t\t\t\t\t\t<p>Votre alternateur g\u00e9n\u00e8re de l\u2019\u00e9nergie \u00e9lectrique en convertissant l&rsquo;\u00e9nergie cin\u00e9tique. Cette \u00e9nergie est stock\u00e9e par la batterie et consomm\u00e9e par les diff\u00e9rents organes \u00e9lectriques et \u00e9lectroniques.<\/p><p>C&rsquo;est pourquoi nous vous proposons une pi\u00e8ce de marque <a href=\"https:\/\/edel.fr\/en\/constructeur\/mahle\/\">Mahle<\/a> \/ <a href=\"https:\/\/edel.fr\/en\/constructeur\/letrika\/\">Letrika<\/a> reconnue pour sa fiabilit\u00e9.<\/p><p>Fiat New Holland : 115.90, 130.90, 1380, 1580, 16090DT, 1880, 80.90, F100, F115, L90.<\/p><p><strong>R\u00e9f\u00e9rences du constructeur :<\/strong><\/p><p>AGCO : C000900010060<\/p><p>BOSCH : 0120489152, 0120489153, 0120489212, 0120489219, 0120489338, 0986035630, 0986035631, AL 925 X.<\/p><p>DELCO REMY : DRA5630<\/p><p>FIAT : 2943925, 46231758, 4765931, 4765933, 4765934, 4787668, 4787671, 4798447, 4800504, 4808506, 4808510, 4808511, 4808517, 4808518, 77452410.<\/p><p>HELLA : 8EL 725 759-001, CA 355 IR.<\/p><p>LESTER : 12048, 12583, 12584.<\/p><p>LUCAS : LRA00929<\/p><p>MAGIRUS-DEUTZ : 476 3249<\/p><p>MAGNETI MARELLI : 633 058 02, 633 058 22, 633 058 32, 633 058 42, 633 078 01, 633 078 02, 633 078 22, 633 078 32, 633 078 62, 633 200 15, 633 200 49, 633 210 19, 633 210 31, 633 210 99, 9433 200 49, 9433 210 19, 9433 210 20, 9433 210 21, MAN 274, MAR 274.<\/p><p>SPAREX : 35962<\/p><p>VALEO : 436 237<\/p><p>Edel vous propose \u00e9galement une large gamme d&rsquo;alternateurs et d\u00e9marreurs pour des applications sp\u00e9cifiques, et de diff\u00e9rentes marques.<\/p><p>Donc, pour plus de renseignements, n&rsquo;h\u00e9sitez pas \u00e0 nous consulter !<\/p>\t\t\t\t\t\t\t\t<\/div>\n\t\t\t\t<\/div>\n\t\t\t\t\t<\/div>\n\t\t<\/div>\n\t\t\t\t\t<\/div>\n\t\t<\/section>\n\t\t\t\t<\/div>","protected":false},"excerpt":{"rendered":"<p>Alternateur &#8211; Fiat New Holland &#8211; 14 Volt \/ 65 Amp\u00e8re Entraxe 70 mm Information du produit : Votre alternateur g\u00e9n\u00e8re de l\u2019\u00e9nergie \u00e9lectrique en convertissant l&rsquo;\u00e9nergie cin\u00e9tique. Cette \u00e9nergie est stock\u00e9e par la batterie et consomm\u00e9e par les diff\u00e9rents organes \u00e9lectriques et \u00e9lectroniques. C&rsquo;est pourquoi nous vous proposons une pi\u00e8ce de marque Mahle \/<br \/><a class=\"more-link\" href=\"https:\/\/edel.fr\/en\/product\/alternateur-fiat-new-holland-volt-ampere-14-65-entraxe-70-mm\/\"><br \/>\n        Read More<span class=\"screen-reader-text\"> \u00ab\u00a0Alternateur &#8211; Fiat New Holland &#8211; 14 Volt \/ 65 Amp\u00e8re Entraxe 70 mm\u00a0\u00bb<\/span><\/a><\/p>","protected":false},"featured_media":5595,"template":"","meta":[],"product_brand":[],"product_cat":[4019,164,154,119],"product_tag":[2459,180],"tracteur":[],"class_list":{"0":"post-5852","1":"product","2":"type-product","3":"status-publish","4":"has-post-thumbnail","6":"product_cat-alternateur-fiat-new-holland","7":"product_cat-alternateurs","8":"product_cat-electricite","9":"product_cat-tracteurs-agricoles","10":"product_tag-alternateurs","11":"product_tag-electricite","12":"product_shipping_class-142","13":"pa_fabriquant-mahle","14":"pa_marque-tracteur-fiat-new-holland","15":"pa_modele-tracteur-winner","16":"pa_type-2-115-90","17":"pa_type-2-130-90","18":"pa_type-2-1177","19":"pa_type-2-1178","20":"pa_type-2-16090dt","21":"pa_type-2-1179","22":"pa_type-2-80-90","23":"pa_type-2-f100","24":"pa_type-2-f115","25":"pa_type-2-l90","26":"badges-style-2","28":"first","29":"instock","30":"taxable","31":"shipping-taxable","32":"purchasable","33":"product-type-simple"},"acf":[],"yoast_head":"<!-- This site is optimized with the Yoast SEO plugin v27.3 - https:\/\/yoast.com\/product\/yoast-seo-wordpress\/ -->\n<title>Alternateur - Fiat New Holland - 14 Volt \/ 65 Amp\u00e8re Entraxe 70 mm - Edel<\/title>\n<meta name=\"description\" content=\"Alternateur - Fiat New Holland - 14 Volt \/ 65 Amp\u00e8re - Entraxe 70 mm - 115.90 130.90 1380 1580 16090DT 1880 80.90 F100 F115 L90\" \/>\n<meta name=\"robots\" content=\"index, follow, max-snippet:-1, max-image-preview:large, max-video-preview:-1\" \/>\n<link rel=\"canonical\" href=\"https:\/\/edel.fr\/en\/product\/alternateur-fiat-new-holland-volt-ampere-14-65-entraxe-70-mm\/\" \/>\n<meta property=\"og:locale\" content=\"en_US\" \/>\n<meta property=\"og:type\" content=\"article\" \/>\n<meta property=\"og:title\" content=\"Alternateur - Fiat New Holland - 14 Volt \/ 65 Amp\u00e8re Entraxe 70 mm - Edel\" \/>\n<meta property=\"og:description\" content=\"Alternateur - Fiat New Holland - 14 Volt \/ 65 Amp\u00e8re - Entraxe 70 mm - 115.90 130.90 1380 1580 16090DT 1880 80.90 F100 F115 L90\" \/>\n<meta property=\"og:url\" content=\"https:\/\/edel.fr\/en\/product\/alternateur-fiat-new-holland-volt-ampere-14-65-entraxe-70-mm\/\" \/>\n<meta property=\"og:site_name\" content=\"Edel\" \/>\n<meta property=\"article:modified_time\" content=\"2026-03-27T01:00:51+00:00\" \/>\n<meta property=\"og:image\" content=\"https:\/\/edel.fr\/uploads\/2019\/03\/A11.jpg\" \/>\n\t<meta property=\"og:image:width\" content=\"1920\" \/>\n\t<meta property=\"og:image:height\" content=\"1280\" \/>\n\t<meta property=\"og:image:type\" content=\"image\/jpeg\" \/>\n<meta name=\"twitter:card\" content=\"summary_large_image\" \/>\n<meta name=\"twitter:label1\" content=\"Est. reading time\" \/>\n\t<meta name=\"twitter:data1\" content=\"2 minutes\" \/>\n<script type=\"application\/ld+json\" class=\"yoast-schema-graph\">{\"@context\":\"https:\\\/\\\/schema.org\",\"@graph\":[{\"@type\":\"WebPage\",\"@id\":\"https:\\\/\\\/edel.fr\\\/en\\\/product\\\/alternateur-fiat-new-holland-volt-ampere-14-65-entraxe-70-mm\\\/\",\"url\":\"https:\\\/\\\/edel.fr\\\/en\\\/product\\\/alternateur-fiat-new-holland-volt-ampere-14-65-entraxe-70-mm\\\/\",\"name\":\"Alternateur - Fiat New Holland - 14 Volt \\\/ 65 Amp\u00e8re Entraxe 70 mm - Edel\",\"isPartOf\":{\"@id\":\"https:\\\/\\\/www.edel.fr\\\/#website\"},\"primaryImageOfPage\":{\"@id\":\"https:\\\/\\\/edel.fr\\\/en\\\/product\\\/alternateur-fiat-new-holland-volt-ampere-14-65-entraxe-70-mm\\\/#primaryimage\"},\"image\":{\"@id\":\"https:\\\/\\\/edel.fr\\\/en\\\/product\\\/alternateur-fiat-new-holland-volt-ampere-14-65-entraxe-70-mm\\\/#primaryimage\"},\"thumbnailUrl\":\"https:\\\/\\\/edel.fr\\\/uploads\\\/2019\\\/03\\\/A11.jpg\",\"datePublished\":\"2019-03-11T08:24:02+00:00\",\"dateModified\":\"2026-03-27T01:00:51+00:00\",\"description\":\"Alternateur - Fiat New Holland - 14 Volt \\\/ 65 Amp\u00e8re - Entraxe 70 mm - 115.90 130.90 1380 1580 16090DT 1880 80.90 F100 F115 L90\",\"breadcrumb\":{\"@id\":\"https:\\\/\\\/edel.fr\\\/en\\\/product\\\/alternateur-fiat-new-holland-volt-ampere-14-65-entraxe-70-mm\\\/#breadcrumb\"},\"inLanguage\":\"en-US\",\"potentialAction\":[{\"@type\":\"ReadAction\",\"target\":[\"https:\\\/\\\/edel.fr\\\/en\\\/product\\\/alternateur-fiat-new-holland-volt-ampere-14-65-entraxe-70-mm\\\/\"]}]},{\"@type\":\"ImageObject\",\"inLanguage\":\"en-US\",\"@id\":\"https:\\\/\\\/edel.fr\\\/en\\\/product\\\/alternateur-fiat-new-holland-volt-ampere-14-65-entraxe-70-mm\\\/#primaryimage\",\"url\":\"https:\\\/\\\/edel.fr\\\/uploads\\\/2019\\\/03\\\/A11.jpg\",\"contentUrl\":\"https:\\\/\\\/edel.fr\\\/uploads\\\/2019\\\/03\\\/A11.jpg\",\"width\":1920,\"height\":1280,\"caption\":\"Alternateur - Fiat New Holland - 14 Volt \\\/ 65 Amp\u00e8re Entraxe 70 mm\"},{\"@type\":\"BreadcrumbList\",\"@id\":\"https:\\\/\\\/edel.fr\\\/en\\\/product\\\/alternateur-fiat-new-holland-volt-ampere-14-65-entraxe-70-mm\\\/#breadcrumb\",\"itemListElement\":[{\"@type\":\"ListItem\",\"position\":1,\"name\":\"Pi\u00e8ce Tracteur\",\"item\":\"https:\\\/\\\/www.edel.fr\\\/\"},{\"@type\":\"ListItem\",\"position\":2,\"name\":\"Toutes nos pi\u00e8ces Tracteur\",\"item\":\"https:\\\/\\\/www.edel.fr\\\/en\\\/shop\\\/\"},{\"@type\":\"ListItem\",\"position\":3,\"name\":\"Alternateur &#8211; Fiat New Holland &#8211; 14 Volt \\\/ 65 Amp\u00e8re Entraxe 70 mm\"}]},{\"@type\":\"WebSite\",\"@id\":\"https:\\\/\\\/www.edel.fr\\\/#website\",\"url\":\"https:\\\/\\\/www.edel.fr\\\/\",\"name\":\"Edel\",\"description\":\"Pi\u00e8ce d\u00e9tach\u00e9e de Tracteur Agricole\",\"publisher\":{\"@id\":\"https:\\\/\\\/www.edel.fr\\\/#organization\"},\"potentialAction\":[{\"@type\":\"SearchAction\",\"target\":{\"@type\":\"EntryPoint\",\"urlTemplate\":\"https:\\\/\\\/www.edel.fr\\\/?s={search_term_string}\"},\"query-input\":{\"@type\":\"PropertyValueSpecification\",\"valueRequired\":true,\"valueName\":\"search_term_string\"}}],\"inLanguage\":\"en-US\"},{\"@type\":\"Organization\",\"@id\":\"https:\\\/\\\/www.edel.fr\\\/#organization\",\"name\":\"Edel\",\"url\":\"https:\\\/\\\/www.edel.fr\\\/\",\"logo\":{\"@type\":\"ImageObject\",\"inLanguage\":\"en-US\",\"@id\":\"https:\\\/\\\/www.edel.fr\\\/#\\\/schema\\\/logo\\\/image\\\/\",\"url\":\"https:\\\/\\\/www.edel.fr\\\/uploads\\\/2018\\\/11\\\/logo-edel.png\",\"contentUrl\":\"https:\\\/\\\/www.edel.fr\\\/uploads\\\/2018\\\/11\\\/logo-edel.png\",\"width\":257,\"height\":68,\"caption\":\"Edel\"},\"image\":{\"@id\":\"https:\\\/\\\/www.edel.fr\\\/#\\\/schema\\\/logo\\\/image\\\/\"}}]}<\/script>\n<!-- \/ Yoast SEO plugin. -->","yoast_head_json":{"title":"Alternateur - Fiat New Holland - 14 Volt \/ 65 Amp\u00e8re Entraxe 70 mm - Edel","description":"Alternateur - Fiat New Holland - 14 Volt \/ 65 Amp\u00e8re - Entraxe 70 mm - 115.90 130.90 1380 1580 16090DT 1880 80.90 F100 F115 L90","robots":{"index":"index","follow":"follow","max-snippet":"max-snippet:-1","max-image-preview":"max-image-preview:large","max-video-preview":"max-video-preview:-1"},"canonical":"https:\/\/edel.fr\/en\/product\/alternateur-fiat-new-holland-volt-ampere-14-65-entraxe-70-mm\/","og_locale":"en_US","og_type":"article","og_title":"Alternateur - Fiat New Holland - 14 Volt \/ 65 Amp\u00e8re Entraxe 70 mm - Edel","og_description":"Alternateur - Fiat New Holland - 14 Volt \/ 65 Amp\u00e8re - Entraxe 70 mm - 115.90 130.90 1380 1580 16090DT 1880 80.90 F100 F115 L90","og_url":"https:\/\/edel.fr\/en\/product\/alternateur-fiat-new-holland-volt-ampere-14-65-entraxe-70-mm\/","og_site_name":"Edel","article_modified_time":"2026-03-27T01:00:51+00:00","og_image":[{"width":1920,"height":1280,"url":"https:\/\/edel.fr\/uploads\/2019\/03\/A11.jpg","type":"image\/jpeg"}],"twitter_card":"summary_large_image","twitter_misc":{"Est. reading time":"2 minutes"},"schema":{"@context":"https:\/\/schema.org","@graph":[{"@type":"WebPage","@id":"https:\/\/edel.fr\/en\/product\/alternateur-fiat-new-holland-volt-ampere-14-65-entraxe-70-mm\/","url":"https:\/\/edel.fr\/en\/product\/alternateur-fiat-new-holland-volt-ampere-14-65-entraxe-70-mm\/","name":"Alternateur - Fiat New Holland - 14 Volt \/ 65 Amp\u00e8re Entraxe 70 mm - Edel","isPartOf":{"@id":"https:\/\/www.edel.fr\/#website"},"primaryImageOfPage":{"@id":"https:\/\/edel.fr\/en\/product\/alternateur-fiat-new-holland-volt-ampere-14-65-entraxe-70-mm\/#primaryimage"},"image":{"@id":"https:\/\/edel.fr\/en\/product\/alternateur-fiat-new-holland-volt-ampere-14-65-entraxe-70-mm\/#primaryimage"},"thumbnailUrl":"https:\/\/edel.fr\/uploads\/2019\/03\/A11.jpg","datePublished":"2019-03-11T08:24:02+00:00","dateModified":"2026-03-27T01:00:51+00:00","description":"Alternateur - Fiat New Holland - 14 Volt \/ 65 Amp\u00e8re - Entraxe 70 mm - 115.90 130.90 1380 1580 16090DT 1880 80.90 F100 F115 L90","breadcrumb":{"@id":"https:\/\/edel.fr\/en\/product\/alternateur-fiat-new-holland-volt-ampere-14-65-entraxe-70-mm\/#breadcrumb"},"inLanguage":"en-US","potentialAction":[{"@type":"ReadAction","target":["https:\/\/edel.fr\/en\/product\/alternateur-fiat-new-holland-volt-ampere-14-65-entraxe-70-mm\/"]}]},{"@type":"ImageObject","inLanguage":"en-US","@id":"https:\/\/edel.fr\/en\/product\/alternateur-fiat-new-holland-volt-ampere-14-65-entraxe-70-mm\/#primaryimage","url":"https:\/\/edel.fr\/uploads\/2019\/03\/A11.jpg","contentUrl":"https:\/\/edel.fr\/uploads\/2019\/03\/A11.jpg","width":1920,"height":1280,"caption":"Alternateur - Fiat New Holland - 14 Volt \/ 65 Amp\u00e8re Entraxe 70 mm"},{"@type":"BreadcrumbList","@id":"https:\/\/edel.fr\/en\/product\/alternateur-fiat-new-holland-volt-ampere-14-65-entraxe-70-mm\/#breadcrumb","itemListElement":[{"@type":"ListItem","position":1,"name":"Pi\u00e8ce Tracteur","item":"https:\/\/www.edel.fr\/"},{"@type":"ListItem","position":2,"name":"Toutes nos pi\u00e8ces Tracteur","item":"https:\/\/www.edel.fr\/en\/shop\/"},{"@type":"ListItem","position":3,"name":"Alternateur &#8211; Fiat New Holland &#8211; 14 Volt \/ 65 Amp\u00e8re Entraxe 70 mm"}]},{"@type":"WebSite","@id":"https:\/\/www.edel.fr\/#website","url":"https:\/\/www.edel.fr\/","name":"Edel","description":"Pi\u00e8ce d\u00e9tach\u00e9e de Tracteur Agricole","publisher":{"@id":"https:\/\/www.edel.fr\/#organization"},"potentialAction":[{"@type":"SearchAction","target":{"@type":"EntryPoint","urlTemplate":"https:\/\/www.edel.fr\/?s={search_term_string}"},"query-input":{"@type":"PropertyValueSpecification","valueRequired":true,"valueName":"search_term_string"}}],"inLanguage":"en-US"},{"@type":"Organization","@id":"https:\/\/www.edel.fr\/#organization","name":"Edel","url":"https:\/\/www.edel.fr\/","logo":{"@type":"ImageObject","inLanguage":"en-US","@id":"https:\/\/www.edel.fr\/#\/schema\/logo\/image\/","url":"https:\/\/www.edel.fr\/uploads\/2018\/11\/logo-edel.png","contentUrl":"https:\/\/www.edel.fr\/uploads\/2018\/11\/logo-edel.png","width":257,"height":68,"caption":"Edel"},"image":{"@id":"https:\/\/www.edel.fr\/#\/schema\/logo\/image\/"}}]}},"_links":{"self":[{"href":"https:\/\/edel.fr\/en\/wp-json\/wp\/v2\/product\/5852","targetHints":{"allow":["GET"]}}],"collection":[{"href":"https:\/\/edel.fr\/en\/wp-json\/wp\/v2\/product"}],"about":[{"href":"https:\/\/edel.fr\/en\/wp-json\/wp\/v2\/types\/product"}],"version-history":[{"count":2,"href":"https:\/\/edel.fr\/en\/wp-json\/wp\/v2\/product\/5852\/revisions"}],"predecessor-version":[{"id":15148,"href":"https:\/\/edel.fr\/en\/wp-json\/wp\/v2\/product\/5852\/revisions\/15148"}],"wp:featuredmedia":[{"embeddable":true,"href":"https:\/\/edel.fr\/en\/wp-json\/wp\/v2\/media\/5595"}],"wp:attachment":[{"href":"https:\/\/edel.fr\/en\/wp-json\/wp\/v2\/media?parent=5852"}],"wp:term":[{"taxonomy":"product_brand","embeddable":true,"href":"https:\/\/edel.fr\/en\/wp-json\/wp\/v2\/product_brand?post=5852"},{"taxonomy":"product_cat","embeddable":true,"href":"https:\/\/edel.fr\/en\/wp-json\/wp\/v2\/product_cat?post=5852"},{"taxonomy":"product_tag","embeddable":true,"href":"https:\/\/edel.fr\/en\/wp-json\/wp\/v2\/product_tag?post=5852"},{"taxonomy":"tracteur","embeddable":true,"href":"https:\/\/edel.fr\/en\/wp-json\/wp\/v2\/tracteur?post=5852"}],"curies":[{"name":"wp","href":"https:\/\/api.w.org\/{rel}","templated":true}]}}