{"id":5854,"date":"2019-03-11T09:24:02","date_gmt":"2019-03-11T08:24:02","guid":{"rendered":"http:\/\/edel.stephanie.ct.webcd.lan\/shop\/alternateur-case-ihfendtford-new-hollandrenault-claassteyr-volt-ampere-14-65-tendeur-a-gauche\/"},"modified":"2026-04-02T03:00:40","modified_gmt":"2026-04-02T01:00:40","slug":"alternateur-case-ihfendtford-new-hollandrenault-claassteyr-volt-ampere-14-65-tendeur-a-gauche","status":"publish","type":"product","link":"https:\/\/edel.fr\/en\/product\/alternateur-case-ihfendtford-new-hollandrenault-claassteyr-volt-ampere-14-65-tendeur-a-gauche\/","title":{"rendered":"Alternateur Renault Claas &#8211; Case Ih, Fendt, Ford,\u00a0Steyr &#8211; 14V\/65A"},"content":{"rendered":"<div data-elementor-type=\"wp-post\" data-elementor-id=\"5854\" class=\"elementor elementor-5854\">\n\t\t\t\t\t\t<section class=\"elementor-section elementor-top-section elementor-element elementor-element-2e38a479 elementor-section-boxed elementor-section-height-default elementor-section-height-default\" data-id=\"2e38a479\" data-element_type=\"section\" data-e-type=\"section\">\n\t\t\t\t\t\t<div class=\"elementor-container elementor-column-gap-default\">\n\t\t\t\t\t<div class=\"elementor-column elementor-col-100 elementor-top-column elementor-element elementor-element-6f1da23b\" data-id=\"6f1da23b\" data-element_type=\"column\" data-e-type=\"column\">\n\t\t\t<div class=\"elementor-widget-wrap elementor-element-populated\">\n\t\t\t\t\t\t<div class=\"elementor-element elementor-element-4ee75e5a elementor-widget elementor-widget-heading\" data-id=\"4ee75e5a\" data-element_type=\"widget\" data-e-type=\"widget\" data-widget_type=\"heading.default\">\n\t\t\t\t<div class=\"elementor-widget-container\">\n\t\t\t\t\t<h2 class=\"elementor-heading-title elementor-size-default\">Alternateur Renault Claas, Fendt, Case Ih, Ford,\u00a0Steyr - 14V\/65A, Tendeur \u00e0 gauche<\/h2>\t\t\t\t<\/div>\n\t\t\t\t<\/div>\n\t\t\t\t<div class=\"elementor-element elementor-element-271f2f76 elementor-widget elementor-widget-heading\" data-id=\"271f2f76\" data-element_type=\"widget\" data-e-type=\"widget\" data-widget_type=\"heading.default\">\n\t\t\t\t<div class=\"elementor-widget-container\">\n\t\t\t\t\t<h3 class=\"elementor-heading-title elementor-size-default\">Information du produit :<\/h3>\t\t\t\t<\/div>\n\t\t\t\t<\/div>\n\t\t\t\t\t<\/div>\n\t\t<\/div>\n\t\t\t\t\t<\/div>\n\t\t<\/section>\n\t\t\t\t<section class=\"elementor-section elementor-top-section elementor-element elementor-element-24c4412d elementor-section-boxed elementor-section-height-default elementor-section-height-default\" data-id=\"24c4412d\" data-element_type=\"section\" data-e-type=\"section\">\n\t\t\t\t\t\t<div class=\"elementor-container elementor-column-gap-default\">\n\t\t\t\t\t<div class=\"elementor-column elementor-col-100 elementor-top-column elementor-element elementor-element-7d254726\" data-id=\"7d254726\" data-element_type=\"column\" data-e-type=\"column\">\n\t\t\t<div class=\"elementor-widget-wrap elementor-element-populated\">\n\t\t\t\t\t\t<div class=\"elementor-element elementor-element-56b32795 elementor-widget elementor-widget-text-editor\" data-id=\"56b32795\" data-element_type=\"widget\" data-e-type=\"widget\" data-widget_type=\"text-editor.default\">\n\t\t\t\t<div class=\"elementor-widget-container\">\n\t\t\t\t\t\t\t\t\t<p>Votre alternateur g\u00e9n\u00e8re de l\u2019\u00e9nergie \u00e9lectrique en convertissant l&rsquo;\u00e9nergie cin\u00e9tique. Cette \u00e9nergie est stock\u00e9e par la batterie et consomm\u00e9e par les diff\u00e9rents organes \u00e9lectriques et \u00e9lectroniques.<\/p><p>C&rsquo;est pourquoi nous vous proposons une pi\u00e8ce de marque <a href=\"https:\/\/edel.fr\/en\/constructeur\/mahle\/\">Mahle<\/a> \/ <a href=\"https:\/\/edel.fr\/en\/constructeur\/letrika\/\">Letrika<\/a> reconnue pour sa fiabilit\u00e9.<\/p><p>Alternateur Renault Claas &#8211; Case Ih, Fendt, Ford, Steyr : 1055, 1056, 1455, 270V, 280P, 308, 311LSA, 611, 612, 614, 8070, 8075, 8080, 8110, 856 XL, 9083, 9115, 955, 975, C70, CS68, CS75, MB8060.<\/p><p><strong>R\u00e9f\u00e9rences du constructeur :<\/strong><\/p><p>AGCO : C000900010200<\/p><p>BOSCH : 0120400639, 0120400679, 0120400680, 0120400789, 0120484134, 0120484233, 0120488134, 0120488138, 0120488233, 0120489022, 0120489710, 0120489711, 0986031270, 0986038050, 0986039800.<\/p><p>CASE : 3218 544 EX, 3218 544 R91.<\/p><p>CLAAS : 60 05 706 652, 685 498 0.<\/p><p>CNH \/ FIAT AGRI : 130100090744, 1532068C2, 84535280.<\/p><p>DELCO REMY : DRA1270<\/p><p>DEUTZ AG (KHD) : 0116 2339, 0116 3752, 0116 3753, 0117 1638, 1291 1594.<\/p><p>FENDT : G 345 900 011 010, X 830 060 020, X 830 060 022.<\/p><p>HATZ : 50366500, 5050440, 505044010913, 8EL 725 742-001, 8EL 725 774-001, 8EL 725 903-001, 8EL 725 936-001, 8EL 737 371-001, 8EL 737 651-001, CA 1242 IR, CA 1450 IR, CA 339 IR, CA 37 IR, CA 62 IR, CA 70 IR.<\/p><p>LESTER : 12835, 13147, 14389, 14390, 14809, 23672, 23712.<\/p><p>LIEBHERR : 610 70 10<\/p><p>LUCAS : LRA00617, LRA02712.<\/p><p>MAGNETON : 443113515693, 9516693.<\/p><p>MAN : 81 26101 6039<\/p><p>MERCEDES-BENZ : 006 154 16 02<\/p><p>MWM-DIESEL : 1 2270 186, 6 0571 01 0 0149, 6 0571 01 0 0161.<\/p><p>NIKKO : 1532 068 C1, 3218 544 EX, 3218 544 R91.<\/p><p>SPAREX : 35954<\/p><p>STEYR : 610 00 09 0072<\/p><p>VALEO : 2 522 976, 2 940 526, 432 989, 433 002, 436 135, 436 266, 436 269, 436 414.<\/p><p>VOLVO : 6205473<\/p><p>WILSON : 90-36-9508<\/p><p>Edel vous propose \u00e9galement une large gamme d&rsquo;alternateurs et d\u00e9marreurs pour des applications sp\u00e9cifiques, et de diff\u00e9rentes marques.<\/p><p>Donc, pour plus de renseignements, n&rsquo;h\u00e9sitez pas \u00e0 nous consulter !<\/p>\t\t\t\t\t\t\t\t<\/div>\n\t\t\t\t<\/div>\n\t\t\t\t\t<\/div>\n\t\t<\/div>\n\t\t\t\t\t<\/div>\n\t\t<\/section>\n\t\t\t\t<\/div>","protected":false},"excerpt":{"rendered":"<p>Alternateur Renault Claas, Fendt, Case Ih, Ford,\u00a0Steyr &#8211; 14V\/65A, Tendeur \u00e0 gauche Information du produit : Votre alternateur g\u00e9n\u00e8re de l\u2019\u00e9nergie \u00e9lectrique en convertissant l&rsquo;\u00e9nergie cin\u00e9tique. Cette \u00e9nergie est stock\u00e9e par la batterie et consomm\u00e9e par les diff\u00e9rents organes \u00e9lectriques et \u00e9lectroniques. C&rsquo;est pourquoi nous vous proposons une pi\u00e8ce de marque Mahle \/ Letrika reconnue<br \/><a class=\"more-link\" href=\"https:\/\/edel.fr\/en\/product\/alternateur-case-ihfendtford-new-hollandrenault-claassteyr-volt-ampere-14-65-tendeur-a-gauche\/\"><br \/>\n        Read More<span class=\"screen-reader-text\"> \u00ab\u00a0Alternateur Renault Claas &#8211; Case Ih, Fendt, Ford,\u00a0Steyr &#8211; 14V\/65A\u00a0\u00bb<\/span><\/a><\/p>","protected":false},"featured_media":5596,"template":"","meta":[],"product_brand":[],"product_cat":[4016,4018,4020,4032,4033,164,154,119],"product_tag":[2459,180],"tracteur":[],"class_list":{"0":"post-5854","1":"product","2":"type-product","3":"status-publish","4":"has-post-thumbnail","6":"product_cat-alternateur-case-ih","7":"product_cat-alternateur-fendt","8":"product_cat-alternateur-ford-new-holland","9":"product_cat-alternateur-renault-claas","10":"product_cat-alternateur-steyr","11":"product_cat-alternateurs","12":"product_cat-electricite","13":"product_cat-tracteurs-agricoles","14":"product_tag-alternateurs","15":"product_tag-electricite","16":"product_shipping_class-142","17":"pa_fabriquant-mahle","18":"pa_marque-tracteur-case-ih","19":"pa_marque-tracteur-fendt","20":"pa_marque-tracteur-ford-new-holland","21":"pa_marque-tracteur-renault-claas","22":"pa_marque-tracteur-steyr","23":"pa_modele-tracteur-c","24":"pa_modele-tracteur-cs","25":"pa_modele-tracteur-mercator","26":"pa_modele-tracteur-moissonneuse-batteuse","27":"pa_modele-tracteur-serie-40","28":"pa_modele-tracteur-tm","29":"pa_modele-tracteur-tous-types","30":"pa_modele-tracteur-ts","31":"pa_modele-tracteur-tsa","32":"pa_type-2-1267","33":"pa_type-2-1163","34":"pa_type-2-1266","35":"pa_type-2-270v","36":"pa_type-2-280p","37":"pa_type-2-1413","38":"pa_type-2-311lsa","39":"pa_type-2-1415","40":"pa_type-2-1416","41":"pa_type-2-1417","42":"pa_type-2-1419","43":"pa_type-2-1251","44":"pa_type-2-1420","45":"pa_type-2-1252","46":"pa_type-2-856-xl","47":"pa_type-2-1253","48":"pa_type-2-1254","49":"pa_type-2-1173","50":"pa_type-2-1250","51":"pa_type-2-c70","52":"pa_type-2-cs68","53":"pa_type-2-cs75","54":"pa_type-2-mb8060","55":"badges-style-2","57":"first","58":"instock","59":"taxable","60":"shipping-taxable","61":"purchasable","62":"product-type-simple"},"acf":[],"yoast_head":"<!-- This site is optimized with the Yoast SEO plugin v27.3 - https:\/\/yoast.com\/product\/yoast-seo-wordpress\/ -->\n<title>Alternateur Renault Claas - Case Ih, Fendt, Ford,\u00a0Steyr - 14V\/65A - Edel<\/title>\n<meta name=\"description\" content=\"Alternateur Renault Claas - Case Ih, Fendt, Ford,\u00a0Steyr - 14V\/65A Tendeur \u00e0 gauche - 1056 1455 270V 308 311LSA 611 614 8070 8080 8110 9083 9115 955 C70 CS68\" \/>\n<meta name=\"robots\" content=\"index, follow, max-snippet:-1, max-image-preview:large, max-video-preview:-1\" \/>\n<link rel=\"canonical\" href=\"https:\/\/edel.fr\/en\/product\/alternateur-case-ihfendtford-new-hollandrenault-claassteyr-volt-ampere-14-65-tendeur-a-gauche\/\" \/>\n<meta property=\"og:locale\" content=\"en_US\" \/>\n<meta property=\"og:type\" content=\"article\" \/>\n<meta property=\"og:title\" content=\"Alternateur Renault Claas - Case Ih, Fendt, Ford,\u00a0Steyr - 14V\/65A - Edel\" \/>\n<meta property=\"og:description\" content=\"Alternateur Renault Claas - Case Ih, Fendt, Ford,\u00a0Steyr - 14V\/65A Tendeur \u00e0 gauche - 1056 1455 270V 308 311LSA 611 614 8070 8080 8110 9083 9115 955 C70 CS68\" \/>\n<meta property=\"og:url\" content=\"https:\/\/edel.fr\/en\/product\/alternateur-case-ihfendtford-new-hollandrenault-claassteyr-volt-ampere-14-65-tendeur-a-gauche\/\" \/>\n<meta property=\"og:site_name\" content=\"Edel\" \/>\n<meta property=\"article:modified_time\" content=\"2026-04-02T01:00:40+00:00\" \/>\n<meta property=\"og:image\" content=\"https:\/\/edel.fr\/uploads\/2019\/03\/A13.jpg\" \/>\n\t<meta property=\"og:image:width\" content=\"1920\" \/>\n\t<meta property=\"og:image:height\" content=\"1280\" \/>\n\t<meta property=\"og:image:type\" content=\"image\/jpeg\" \/>\n<meta name=\"twitter:card\" content=\"summary_large_image\" \/>\n<meta name=\"twitter:label1\" content=\"Est. reading time\" \/>\n\t<meta name=\"twitter:data1\" content=\"2 minutes\" \/>\n<script type=\"application\/ld+json\" class=\"yoast-schema-graph\">{\"@context\":\"https:\\\/\\\/schema.org\",\"@graph\":[{\"@type\":\"WebPage\",\"@id\":\"https:\\\/\\\/edel.fr\\\/en\\\/product\\\/alternateur-case-ihfendtford-new-hollandrenault-claassteyr-volt-ampere-14-65-tendeur-a-gauche\\\/\",\"url\":\"https:\\\/\\\/edel.fr\\\/en\\\/product\\\/alternateur-case-ihfendtford-new-hollandrenault-claassteyr-volt-ampere-14-65-tendeur-a-gauche\\\/\",\"name\":\"Alternateur Renault Claas - Case Ih, Fendt, Ford,\u00a0Steyr - 14V\\\/65A - Edel\",\"isPartOf\":{\"@id\":\"https:\\\/\\\/www.edel.fr\\\/en\\\/#website\"},\"primaryImageOfPage\":{\"@id\":\"https:\\\/\\\/edel.fr\\\/en\\\/product\\\/alternateur-case-ihfendtford-new-hollandrenault-claassteyr-volt-ampere-14-65-tendeur-a-gauche\\\/#primaryimage\"},\"image\":{\"@id\":\"https:\\\/\\\/edel.fr\\\/en\\\/product\\\/alternateur-case-ihfendtford-new-hollandrenault-claassteyr-volt-ampere-14-65-tendeur-a-gauche\\\/#primaryimage\"},\"thumbnailUrl\":\"https:\\\/\\\/edel.fr\\\/uploads\\\/2019\\\/03\\\/A13.jpg\",\"datePublished\":\"2019-03-11T08:24:02+00:00\",\"dateModified\":\"2026-04-02T01:00:40+00:00\",\"description\":\"Alternateur Renault Claas - Case Ih, Fendt, Ford,\u00a0Steyr - 14V\\\/65A Tendeur \u00e0 gauche - 1056 1455 270V 308 311LSA 611 614 8070 8080 8110 9083 9115 955 C70 CS68\",\"breadcrumb\":{\"@id\":\"https:\\\/\\\/edel.fr\\\/en\\\/product\\\/alternateur-case-ihfendtford-new-hollandrenault-claassteyr-volt-ampere-14-65-tendeur-a-gauche\\\/#breadcrumb\"},\"inLanguage\":\"en-US\",\"potentialAction\":[{\"@type\":\"ReadAction\",\"target\":[\"https:\\\/\\\/edel.fr\\\/en\\\/product\\\/alternateur-case-ihfendtford-new-hollandrenault-claassteyr-volt-ampere-14-65-tendeur-a-gauche\\\/\"]}]},{\"@type\":\"ImageObject\",\"inLanguage\":\"en-US\",\"@id\":\"https:\\\/\\\/edel.fr\\\/en\\\/product\\\/alternateur-case-ihfendtford-new-hollandrenault-claassteyr-volt-ampere-14-65-tendeur-a-gauche\\\/#primaryimage\",\"url\":\"https:\\\/\\\/edel.fr\\\/uploads\\\/2019\\\/03\\\/A13.jpg\",\"contentUrl\":\"https:\\\/\\\/edel.fr\\\/uploads\\\/2019\\\/03\\\/A13.jpg\",\"width\":1920,\"height\":1280,\"caption\":\"Alternateur Renault Claas - Case Ih, Fendt, Ford,\u00a0Steyr - 14V\\\/65A\"},{\"@type\":\"BreadcrumbList\",\"@id\":\"https:\\\/\\\/edel.fr\\\/en\\\/product\\\/alternateur-case-ihfendtford-new-hollandrenault-claassteyr-volt-ampere-14-65-tendeur-a-gauche\\\/#breadcrumb\",\"itemListElement\":[{\"@type\":\"ListItem\",\"position\":1,\"name\":\"Pi\u00e8ce Tracteur\",\"item\":\"https:\\\/\\\/www.edel.fr\\\/en\\\/\"},{\"@type\":\"ListItem\",\"position\":2,\"name\":\"Toutes nos pi\u00e8ces Tracteur\",\"item\":\"https:\\\/\\\/edel.fr\\\/shop\\\/\"},{\"@type\":\"ListItem\",\"position\":3,\"name\":\"Alternateur Renault Claas &#8211; Case Ih, Fendt, Ford,\u00a0Steyr &#8211; 14V\\\/65A\"}]},{\"@type\":\"WebSite\",\"@id\":\"https:\\\/\\\/www.edel.fr\\\/en\\\/#website\",\"url\":\"https:\\\/\\\/www.edel.fr\\\/en\\\/\",\"name\":\"Edel\",\"description\":\"Pi\u00e8ce d\u00e9tach\u00e9e de Tracteur Agricole\",\"publisher\":{\"@id\":\"https:\\\/\\\/www.edel.fr\\\/en\\\/#organization\"},\"potentialAction\":[{\"@type\":\"SearchAction\",\"target\":{\"@type\":\"EntryPoint\",\"urlTemplate\":\"https:\\\/\\\/www.edel.fr\\\/en\\\/?s={search_term_string}\"},\"query-input\":{\"@type\":\"PropertyValueSpecification\",\"valueRequired\":true,\"valueName\":\"search_term_string\"}}],\"inLanguage\":\"en-US\"},{\"@type\":\"Organization\",\"@id\":\"https:\\\/\\\/www.edel.fr\\\/en\\\/#organization\",\"name\":\"Edel\",\"url\":\"https:\\\/\\\/www.edel.fr\\\/en\\\/\",\"logo\":{\"@type\":\"ImageObject\",\"inLanguage\":\"en-US\",\"@id\":\"https:\\\/\\\/www.edel.fr\\\/en\\\/#\\\/schema\\\/logo\\\/image\\\/\",\"url\":\"https:\\\/\\\/www.edel.fr\\\/uploads\\\/2018\\\/11\\\/logo-edel.png\",\"contentUrl\":\"https:\\\/\\\/www.edel.fr\\\/uploads\\\/2018\\\/11\\\/logo-edel.png\",\"width\":257,\"height\":68,\"caption\":\"Edel\"},\"image\":{\"@id\":\"https:\\\/\\\/www.edel.fr\\\/en\\\/#\\\/schema\\\/logo\\\/image\\\/\"}}]}<\/script>\n<!-- \/ Yoast SEO plugin. -->","yoast_head_json":{"title":"Alternateur Renault Claas - Case Ih, Fendt, Ford,\u00a0Steyr - 14V\/65A - Edel","description":"Alternateur Renault Claas - Case Ih, Fendt, Ford,\u00a0Steyr - 14V\/65A Tendeur \u00e0 gauche - 1056 1455 270V 308 311LSA 611 614 8070 8080 8110 9083 9115 955 C70 CS68","robots":{"index":"index","follow":"follow","max-snippet":"max-snippet:-1","max-image-preview":"max-image-preview:large","max-video-preview":"max-video-preview:-1"},"canonical":"https:\/\/edel.fr\/en\/product\/alternateur-case-ihfendtford-new-hollandrenault-claassteyr-volt-ampere-14-65-tendeur-a-gauche\/","og_locale":"en_US","og_type":"article","og_title":"Alternateur Renault Claas - Case Ih, Fendt, Ford,\u00a0Steyr - 14V\/65A - Edel","og_description":"Alternateur Renault Claas - Case Ih, Fendt, Ford,\u00a0Steyr - 14V\/65A Tendeur \u00e0 gauche - 1056 1455 270V 308 311LSA 611 614 8070 8080 8110 9083 9115 955 C70 CS68","og_url":"https:\/\/edel.fr\/en\/product\/alternateur-case-ihfendtford-new-hollandrenault-claassteyr-volt-ampere-14-65-tendeur-a-gauche\/","og_site_name":"Edel","article_modified_time":"2026-04-02T01:00:40+00:00","og_image":[{"width":1920,"height":1280,"url":"https:\/\/edel.fr\/uploads\/2019\/03\/A13.jpg","type":"image\/jpeg"}],"twitter_card":"summary_large_image","twitter_misc":{"Est. reading time":"2 minutes"},"schema":{"@context":"https:\/\/schema.org","@graph":[{"@type":"WebPage","@id":"https:\/\/edel.fr\/en\/product\/alternateur-case-ihfendtford-new-hollandrenault-claassteyr-volt-ampere-14-65-tendeur-a-gauche\/","url":"https:\/\/edel.fr\/en\/product\/alternateur-case-ihfendtford-new-hollandrenault-claassteyr-volt-ampere-14-65-tendeur-a-gauche\/","name":"Alternateur Renault Claas - Case Ih, Fendt, Ford,\u00a0Steyr - 14V\/65A - Edel","isPartOf":{"@id":"https:\/\/www.edel.fr\/en\/#website"},"primaryImageOfPage":{"@id":"https:\/\/edel.fr\/en\/product\/alternateur-case-ihfendtford-new-hollandrenault-claassteyr-volt-ampere-14-65-tendeur-a-gauche\/#primaryimage"},"image":{"@id":"https:\/\/edel.fr\/en\/product\/alternateur-case-ihfendtford-new-hollandrenault-claassteyr-volt-ampere-14-65-tendeur-a-gauche\/#primaryimage"},"thumbnailUrl":"https:\/\/edel.fr\/uploads\/2019\/03\/A13.jpg","datePublished":"2019-03-11T08:24:02+00:00","dateModified":"2026-04-02T01:00:40+00:00","description":"Alternateur Renault Claas - Case Ih, Fendt, Ford,\u00a0Steyr - 14V\/65A Tendeur \u00e0 gauche - 1056 1455 270V 308 311LSA 611 614 8070 8080 8110 9083 9115 955 C70 CS68","breadcrumb":{"@id":"https:\/\/edel.fr\/en\/product\/alternateur-case-ihfendtford-new-hollandrenault-claassteyr-volt-ampere-14-65-tendeur-a-gauche\/#breadcrumb"},"inLanguage":"en-US","potentialAction":[{"@type":"ReadAction","target":["https:\/\/edel.fr\/en\/product\/alternateur-case-ihfendtford-new-hollandrenault-claassteyr-volt-ampere-14-65-tendeur-a-gauche\/"]}]},{"@type":"ImageObject","inLanguage":"en-US","@id":"https:\/\/edel.fr\/en\/product\/alternateur-case-ihfendtford-new-hollandrenault-claassteyr-volt-ampere-14-65-tendeur-a-gauche\/#primaryimage","url":"https:\/\/edel.fr\/uploads\/2019\/03\/A13.jpg","contentUrl":"https:\/\/edel.fr\/uploads\/2019\/03\/A13.jpg","width":1920,"height":1280,"caption":"Alternateur Renault Claas - Case Ih, Fendt, Ford,\u00a0Steyr - 14V\/65A"},{"@type":"BreadcrumbList","@id":"https:\/\/edel.fr\/en\/product\/alternateur-case-ihfendtford-new-hollandrenault-claassteyr-volt-ampere-14-65-tendeur-a-gauche\/#breadcrumb","itemListElement":[{"@type":"ListItem","position":1,"name":"Pi\u00e8ce Tracteur","item":"https:\/\/www.edel.fr\/en\/"},{"@type":"ListItem","position":2,"name":"Toutes nos pi\u00e8ces Tracteur","item":"https:\/\/edel.fr\/shop\/"},{"@type":"ListItem","position":3,"name":"Alternateur Renault Claas &#8211; Case Ih, Fendt, Ford,\u00a0Steyr &#8211; 14V\/65A"}]},{"@type":"WebSite","@id":"https:\/\/www.edel.fr\/en\/#website","url":"https:\/\/www.edel.fr\/en\/","name":"Edel","description":"Pi\u00e8ce d\u00e9tach\u00e9e de Tracteur Agricole","publisher":{"@id":"https:\/\/www.edel.fr\/en\/#organization"},"potentialAction":[{"@type":"SearchAction","target":{"@type":"EntryPoint","urlTemplate":"https:\/\/www.edel.fr\/en\/?s={search_term_string}"},"query-input":{"@type":"PropertyValueSpecification","valueRequired":true,"valueName":"search_term_string"}}],"inLanguage":"en-US"},{"@type":"Organization","@id":"https:\/\/www.edel.fr\/en\/#organization","name":"Edel","url":"https:\/\/www.edel.fr\/en\/","logo":{"@type":"ImageObject","inLanguage":"en-US","@id":"https:\/\/www.edel.fr\/en\/#\/schema\/logo\/image\/","url":"https:\/\/www.edel.fr\/uploads\/2018\/11\/logo-edel.png","contentUrl":"https:\/\/www.edel.fr\/uploads\/2018\/11\/logo-edel.png","width":257,"height":68,"caption":"Edel"},"image":{"@id":"https:\/\/www.edel.fr\/en\/#\/schema\/logo\/image\/"}}]}},"_links":{"self":[{"href":"https:\/\/edel.fr\/en\/wp-json\/wp\/v2\/product\/5854","targetHints":{"allow":["GET"]}}],"collection":[{"href":"https:\/\/edel.fr\/en\/wp-json\/wp\/v2\/product"}],"about":[{"href":"https:\/\/edel.fr\/en\/wp-json\/wp\/v2\/types\/product"}],"version-history":[{"count":2,"href":"https:\/\/edel.fr\/en\/wp-json\/wp\/v2\/product\/5854\/revisions"}],"predecessor-version":[{"id":15136,"href":"https:\/\/edel.fr\/en\/wp-json\/wp\/v2\/product\/5854\/revisions\/15136"}],"wp:featuredmedia":[{"embeddable":true,"href":"https:\/\/edel.fr\/en\/wp-json\/wp\/v2\/media\/5596"}],"wp:attachment":[{"href":"https:\/\/edel.fr\/en\/wp-json\/wp\/v2\/media?parent=5854"}],"wp:term":[{"taxonomy":"product_brand","embeddable":true,"href":"https:\/\/edel.fr\/en\/wp-json\/wp\/v2\/product_brand?post=5854"},{"taxonomy":"product_cat","embeddable":true,"href":"https:\/\/edel.fr\/en\/wp-json\/wp\/v2\/product_cat?post=5854"},{"taxonomy":"product_tag","embeddable":true,"href":"https:\/\/edel.fr\/en\/wp-json\/wp\/v2\/product_tag?post=5854"},{"taxonomy":"tracteur","embeddable":true,"href":"https:\/\/edel.fr\/en\/wp-json\/wp\/v2\/tracteur?post=5854"}],"curies":[{"name":"wp","href":"https:\/\/api.w.org\/{rel}","templated":true}]}}