{"id":5856,"date":"2019-03-11T09:24:02","date_gmt":"2019-03-11T08:24:02","guid":{"rendered":"http:\/\/edel.stephanie.ct.webcd.lan\/shop\/alternateur-massey-fergusonrenault-claas-volt-ampere-14-65volt-ampere-14-65-moteur-mwm\/"},"modified":"2026-04-02T03:00:55","modified_gmt":"2026-04-02T01:00:55","slug":"alternateur-massey-fergusonrenault-claas-volt-ampere-14-65volt-ampere-14-65moteur-mwm","status":"publish","type":"product","link":"https:\/\/edel.fr\/en\/product\/alternateur-massey-fergusonrenault-claas-volt-ampere-14-65volt-ampere-14-65moteur-mwm\/","title":{"rendered":"Alternateur Renault &#8211; Massey Ferguson &#8211; 14V\/65A, Moteur MWM"},"content":{"rendered":"<div data-elementor-type=\"wp-post\" data-elementor-id=\"5856\" class=\"elementor elementor-5856\">\n\t\t\t\t\t\t<section class=\"elementor-section elementor-top-section elementor-element elementor-element-1a9c803a elementor-section-boxed elementor-section-height-default elementor-section-height-default\" data-id=\"1a9c803a\" data-element_type=\"section\" data-e-type=\"section\">\n\t\t\t\t\t\t<div class=\"elementor-container elementor-column-gap-default\">\n\t\t\t\t\t<div class=\"elementor-column elementor-col-100 elementor-top-column elementor-element elementor-element-11c041ca\" data-id=\"11c041ca\" data-element_type=\"column\" data-e-type=\"column\">\n\t\t\t<div class=\"elementor-widget-wrap elementor-element-populated\">\n\t\t\t\t\t\t<div class=\"elementor-element elementor-element-5b657073 elementor-widget elementor-widget-heading\" data-id=\"5b657073\" data-element_type=\"widget\" data-e-type=\"widget\" data-widget_type=\"heading.default\">\n\t\t\t\t<div class=\"elementor-widget-container\">\n\t\t\t\t\t<h2 class=\"elementor-heading-title elementor-size-default\">Alternateur Renault - Massey Ferguson - 14V\/65A, Moteur MWM<\/h2>\t\t\t\t<\/div>\n\t\t\t\t<\/div>\n\t\t\t\t<div class=\"elementor-element elementor-element-5a1b2884 elementor-widget elementor-widget-heading\" data-id=\"5a1b2884\" data-element_type=\"widget\" data-e-type=\"widget\" data-widget_type=\"heading.default\">\n\t\t\t\t<div class=\"elementor-widget-container\">\n\t\t\t\t\t<h3 class=\"elementor-heading-title elementor-size-default\">Information du produit :<\/h3>\t\t\t\t<\/div>\n\t\t\t\t<\/div>\n\t\t\t\t\t<\/div>\n\t\t<\/div>\n\t\t\t\t\t<\/div>\n\t\t<\/section>\n\t\t\t\t<section class=\"elementor-section elementor-top-section elementor-element elementor-element-7d0bea09 elementor-section-boxed elementor-section-height-default elementor-section-height-default\" data-id=\"7d0bea09\" data-element_type=\"section\" data-e-type=\"section\">\n\t\t\t\t\t\t<div class=\"elementor-container elementor-column-gap-default\">\n\t\t\t\t\t<div class=\"elementor-column elementor-col-100 elementor-top-column elementor-element elementor-element-2f873156\" data-id=\"2f873156\" data-element_type=\"column\" data-e-type=\"column\">\n\t\t\t<div class=\"elementor-widget-wrap elementor-element-populated\">\n\t\t\t\t\t\t<div class=\"elementor-element elementor-element-34917ff1 elementor-widget elementor-widget-text-editor\" data-id=\"34917ff1\" data-element_type=\"widget\" data-e-type=\"widget\" data-widget_type=\"text-editor.default\">\n\t\t\t\t<div class=\"elementor-widget-container\">\n\t\t\t\t\t\t\t\t\t<p>Votre alternateur g\u00e9n\u00e8re de l\u2019\u00e9nergie \u00e9lectrique en convertissant l&rsquo;\u00e9nergie cin\u00e9tique. Cette \u00e9nergie est stock\u00e9e par la batterie et consomm\u00e9e par les diff\u00e9rents organes \u00e9lectriques et \u00e9lectroniques.<\/p><p>C&rsquo;est pourquoi nous vous proposons une pi\u00e8ce de marque <a href=\"https:\/\/edel.fr\/en\/constructeur\/mahle\/\">Mahle<\/a> \/ <a href=\"https:\/\/edel.fr\/en\/constructeur\/letrika\/\">Letrika<\/a> reconnue pour sa fiabilit\u00e9.<\/p><p>Renault Claas, Massey Ferguson : 103.54, 106.54, 110.54, 113.54, 1151, 1181, 1451, 2000, 255, 260, 2620, 2640, 265, 2650, 2680, 2685, 275, 298, 3000, 3050, 3060, 3070, 3075, 3080, 3090, 3303, 3610, 3630, 3680, 390, 550, 551, 560, 565, 575, 590, 592, 595, 6110, 6130, 6140, 651\/4, 68.14, 690, 698, 750MI, 751, 781, 851\/4, 94TX, 951.<\/p><p><strong>R\u00e9f\u00e9rences du constructeur :<\/strong><\/p><p>AGCO : C000900010120<\/p><p>CLAAS : 6005700086<\/p><p>LESTER : 14565, 22318, 23118.<\/p><p>MOTOROLA : 2523458, 2541198, 2940119, 9 AR 2729 F.<\/p><p>PARIS-RHONE : A 13 N 277, A 13 N 278, A 13 N 69, A 13 R 173, A 13N 280, A 14 N 19.<\/p><p>RENAULT : 60 05 003 141, 60 05 003 142, 60 05 003 150, 60 05 011 695, 60 05 700 086, 60 05 700 723, 60 05 700 724, 77 00 008 742, 77 00 009 012, 77 00 012 722, 77 00 017 781, 77 00 034 493, 77 00 034 497, 77 00 034 498, 77 00 034 500, 77 00 591 911, 77 00 683 200, 77 04 001 233.<\/p><p>SPAREX : 35968<\/p><p>VALEO : 2 522 161, 2 541 744, 2 541 756, 2 940 119, 2 940 146, 432 977,<br \/>432 980, 433 472, 433 473, 433 478, 433 481, 436 709, 436 711.<\/p>\t\t\t\t\t\t\t\t<\/div>\n\t\t\t\t<\/div>\n\t\t\t\t\t<\/div>\n\t\t<\/div>\n\t\t\t\t\t<\/div>\n\t\t<\/section>\n\t\t\t\t<\/div>","protected":false},"excerpt":{"rendered":"<p>Alternateur Renault &#8211; Massey Ferguson &#8211; 14V\/65A, Moteur MWM Information du produit : Votre alternateur g\u00e9n\u00e8re de l\u2019\u00e9nergie \u00e9lectrique en convertissant l&rsquo;\u00e9nergie cin\u00e9tique. Cette \u00e9nergie est stock\u00e9e par la batterie et consomm\u00e9e par les diff\u00e9rents organes \u00e9lectriques et \u00e9lectroniques. C&rsquo;est pourquoi nous vous proposons une pi\u00e8ce de marque Mahle \/ Letrika reconnue pour sa fiabilit\u00e9.<br \/><a class=\"more-link\" href=\"https:\/\/edel.fr\/en\/product\/alternateur-massey-fergusonrenault-claas-volt-ampere-14-65volt-ampere-14-65moteur-mwm\/\"><br \/>\n        Read More<span class=\"screen-reader-text\"> \u00ab\u00a0Alternateur Renault &#8211; Massey Ferguson &#8211; 14V\/65A, Moteur MWM\u00a0\u00bb<\/span><\/a><\/p>","protected":false},"featured_media":5598,"template":"","meta":[],"product_brand":[],"product_cat":[4029,4032,164,154,119],"product_tag":[2459,180],"tracteur":[],"class_list":{"0":"post-5856","1":"product","2":"type-product","3":"status-publish","4":"has-post-thumbnail","6":"product_cat-alternateur-massey-ferguson","7":"product_cat-alternateur-renault-claas","8":"product_cat-alternateurs","9":"product_cat-electricite","10":"product_cat-tracteurs-agricoles","11":"product_tag-alternateurs","12":"product_tag-electricite","13":"product_shipping_class-142","14":"pa_fabriquant-mahle","15":"pa_marque-tracteur-massey-ferguson","16":"pa_marque-tracteur-renault-claas","17":"pa_type-2-103-54","18":"pa_type-2-106-54","19":"pa_type-2-110-54","20":"pa_type-2-113-54","21":"pa_type-2-1461","22":"pa_type-2-1462","23":"pa_type-2-1463","24":"pa_type-2-1439","25":"pa_type-2-1428","26":"pa_type-2-1204","27":"pa_type-2-1440","28":"pa_type-2-1441","29":"pa_type-2-1205","30":"pa_type-2-1442","31":"pa_type-2-1443","32":"pa_type-2-1444","33":"pa_type-2-1206","34":"pa_type-2-1429","35":"pa_type-2-1445","36":"pa_type-2-1446","37":"pa_type-2-1447","38":"pa_type-2-1448","39":"pa_type-2-1449","40":"pa_type-2-1450","41":"pa_type-2-1451","42":"pa_type-2-1452","43":"pa_type-2-1453","44":"pa_type-2-1454","45":"pa_type-2-1455","46":"pa_type-2-1314","47":"pa_type-2-1430","48":"pa_type-2-1213","49":"pa_type-2-1431","50":"pa_type-2-1432","51":"pa_type-2-1433","52":"pa_type-2-1434","53":"pa_type-2-1435","54":"pa_type-2-1436","55":"pa_type-2-1456","56":"pa_type-2-1329","57":"pa_type-2-1457","58":"pa_type-2-651-4","59":"pa_type-2-68-14","60":"pa_type-2-1437","61":"pa_type-2-1438","62":"pa_type-2-750mi","63":"pa_type-2-1458","64":"pa_type-2-1459","65":"pa_type-2-851-4","66":"pa_type-2-94tx","67":"pa_type-2-1460","68":"badges-style-2","70":"first","71":"instock","72":"taxable","73":"shipping-taxable","74":"purchasable","75":"product-type-simple"},"acf":[],"yoast_head":"<!-- This site is optimized with the Yoast SEO plugin v27.3 - https:\/\/yoast.com\/product\/yoast-seo-wordpress\/ -->\n<title>Alternateur Renault - Massey Ferguson - 14V\/65A, Moteur MWM - Edel<\/title>\n<meta name=\"description\" content=\"Alternateur Renault - Massey Ferguson - 14V\/65A, Moteur MWM - 103.54 110.54 1151 1451 2000 2620 2680 275 298 3000 3050 3303 3610 390 550 590 6110 690 750MI\" \/>\n<meta name=\"robots\" content=\"index, follow, max-snippet:-1, max-image-preview:large, max-video-preview:-1\" \/>\n<link rel=\"canonical\" href=\"http:\/\/edel.fr\/en\/product\/alternateur-massey-fergusonrenault-claas-volt-ampere-14-65volt-ampere-14-65moteur-mwm\/\" \/>\n<meta property=\"og:locale\" content=\"en_US\" \/>\n<meta property=\"og:type\" content=\"article\" \/>\n<meta property=\"og:title\" content=\"Alternateur Renault - Massey Ferguson - 14V\/65A, Moteur MWM - Edel\" \/>\n<meta property=\"og:description\" content=\"Alternateur Renault - Massey Ferguson - 14V\/65A, Moteur MWM - 103.54 110.54 1151 1451 2000 2620 2680 275 298 3000 3050 3303 3610 390 550 590 6110 690 750MI\" \/>\n<meta property=\"og:url\" content=\"http:\/\/edel.fr\/en\/product\/alternateur-massey-fergusonrenault-claas-volt-ampere-14-65volt-ampere-14-65moteur-mwm\/\" \/>\n<meta property=\"og:site_name\" content=\"Edel\" \/>\n<meta property=\"article:modified_time\" content=\"2026-04-02T01:00:55+00:00\" \/>\n<meta property=\"og:image\" content=\"http:\/\/edel.fr\/uploads\/2019\/03\/A15.jpg\" \/>\n\t<meta property=\"og:image:width\" content=\"1920\" \/>\n\t<meta property=\"og:image:height\" content=\"1280\" \/>\n\t<meta property=\"og:image:type\" content=\"image\/jpeg\" \/>\n<meta name=\"twitter:card\" content=\"summary_large_image\" \/>\n<meta name=\"twitter:label1\" content=\"Est. reading time\" \/>\n\t<meta name=\"twitter:data1\" content=\"2 minutes\" \/>\n<script type=\"application\/ld+json\" class=\"yoast-schema-graph\">{\"@context\":\"https:\\\/\\\/schema.org\",\"@graph\":[{\"@type\":\"WebPage\",\"@id\":\"http:\\\/\\\/edel.fr\\\/en\\\/product\\\/alternateur-massey-fergusonrenault-claas-volt-ampere-14-65volt-ampere-14-65moteur-mwm\\\/\",\"url\":\"http:\\\/\\\/edel.fr\\\/en\\\/product\\\/alternateur-massey-fergusonrenault-claas-volt-ampere-14-65volt-ampere-14-65moteur-mwm\\\/\",\"name\":\"Alternateur Renault - Massey Ferguson - 14V\\\/65A, Moteur MWM - Edel\",\"isPartOf\":{\"@id\":\"http:\\\/\\\/www.edel.fr\\\/en\\\/#website\"},\"primaryImageOfPage\":{\"@id\":\"http:\\\/\\\/edel.fr\\\/en\\\/product\\\/alternateur-massey-fergusonrenault-claas-volt-ampere-14-65volt-ampere-14-65moteur-mwm\\\/#primaryimage\"},\"image\":{\"@id\":\"http:\\\/\\\/edel.fr\\\/en\\\/product\\\/alternateur-massey-fergusonrenault-claas-volt-ampere-14-65volt-ampere-14-65moteur-mwm\\\/#primaryimage\"},\"thumbnailUrl\":\"https:\\\/\\\/edel.fr\\\/uploads\\\/2019\\\/03\\\/A15.jpg\",\"datePublished\":\"2019-03-11T08:24:02+00:00\",\"dateModified\":\"2026-04-02T01:00:55+00:00\",\"description\":\"Alternateur Renault - Massey Ferguson - 14V\\\/65A, Moteur MWM - 103.54 110.54 1151 1451 2000 2620 2680 275 298 3000 3050 3303 3610 390 550 590 6110 690 750MI\",\"breadcrumb\":{\"@id\":\"http:\\\/\\\/edel.fr\\\/en\\\/product\\\/alternateur-massey-fergusonrenault-claas-volt-ampere-14-65volt-ampere-14-65moteur-mwm\\\/#breadcrumb\"},\"inLanguage\":\"en-US\",\"potentialAction\":[{\"@type\":\"ReadAction\",\"target\":[\"http:\\\/\\\/edel.fr\\\/en\\\/product\\\/alternateur-massey-fergusonrenault-claas-volt-ampere-14-65volt-ampere-14-65moteur-mwm\\\/\"]}]},{\"@type\":\"ImageObject\",\"inLanguage\":\"en-US\",\"@id\":\"http:\\\/\\\/edel.fr\\\/en\\\/product\\\/alternateur-massey-fergusonrenault-claas-volt-ampere-14-65volt-ampere-14-65moteur-mwm\\\/#primaryimage\",\"url\":\"https:\\\/\\\/edel.fr\\\/uploads\\\/2019\\\/03\\\/A15.jpg\",\"contentUrl\":\"https:\\\/\\\/edel.fr\\\/uploads\\\/2019\\\/03\\\/A15.jpg\",\"width\":1920,\"height\":1280,\"caption\":\"Alternateur Renault - Massey Ferguson - 14V\\\/65A, Moteur MWM\"},{\"@type\":\"BreadcrumbList\",\"@id\":\"http:\\\/\\\/edel.fr\\\/en\\\/product\\\/alternateur-massey-fergusonrenault-claas-volt-ampere-14-65volt-ampere-14-65moteur-mwm\\\/#breadcrumb\",\"itemListElement\":[{\"@type\":\"ListItem\",\"position\":1,\"name\":\"Pi\u00e8ce Tracteur\",\"item\":\"http:\\\/\\\/www.edel.fr\\\/en\\\/\"},{\"@type\":\"ListItem\",\"position\":2,\"name\":\"Toutes nos pi\u00e8ces Tracteur\",\"item\":\"https:\\\/\\\/edel.fr\\\/shop\\\/\"},{\"@type\":\"ListItem\",\"position\":3,\"name\":\"Alternateur Renault &#8211; Massey Ferguson &#8211; 14V\\\/65A, Moteur MWM\"}]},{\"@type\":\"WebSite\",\"@id\":\"http:\\\/\\\/www.edel.fr\\\/en\\\/#website\",\"url\":\"http:\\\/\\\/www.edel.fr\\\/en\\\/\",\"name\":\"Edel\",\"description\":\"Pi\u00e8ce d\u00e9tach\u00e9e de Tracteur Agricole\",\"publisher\":{\"@id\":\"http:\\\/\\\/www.edel.fr\\\/en\\\/#organization\"},\"potentialAction\":[{\"@type\":\"SearchAction\",\"target\":{\"@type\":\"EntryPoint\",\"urlTemplate\":\"http:\\\/\\\/www.edel.fr\\\/en\\\/?s={search_term_string}\"},\"query-input\":{\"@type\":\"PropertyValueSpecification\",\"valueRequired\":true,\"valueName\":\"search_term_string\"}}],\"inLanguage\":\"en-US\"},{\"@type\":\"Organization\",\"@id\":\"http:\\\/\\\/www.edel.fr\\\/en\\\/#organization\",\"name\":\"Edel\",\"url\":\"http:\\\/\\\/www.edel.fr\\\/en\\\/\",\"logo\":{\"@type\":\"ImageObject\",\"inLanguage\":\"en-US\",\"@id\":\"http:\\\/\\\/www.edel.fr\\\/en\\\/#\\\/schema\\\/logo\\\/image\\\/\",\"url\":\"https:\\\/\\\/www.edel.fr\\\/uploads\\\/2018\\\/11\\\/logo-edel.png\",\"contentUrl\":\"https:\\\/\\\/www.edel.fr\\\/uploads\\\/2018\\\/11\\\/logo-edel.png\",\"width\":257,\"height\":68,\"caption\":\"Edel\"},\"image\":{\"@id\":\"http:\\\/\\\/www.edel.fr\\\/en\\\/#\\\/schema\\\/logo\\\/image\\\/\"}}]}<\/script>\n<!-- \/ Yoast SEO plugin. -->","yoast_head_json":{"title":"Alternateur Renault - Massey Ferguson - 14V\/65A, Moteur MWM - Edel","description":"Alternateur Renault - Massey Ferguson - 14V\/65A, Moteur MWM - 103.54 110.54 1151 1451 2000 2620 2680 275 298 3000 3050 3303 3610 390 550 590 6110 690 750MI","robots":{"index":"index","follow":"follow","max-snippet":"max-snippet:-1","max-image-preview":"max-image-preview:large","max-video-preview":"max-video-preview:-1"},"canonical":"http:\/\/edel.fr\/en\/product\/alternateur-massey-fergusonrenault-claas-volt-ampere-14-65volt-ampere-14-65moteur-mwm\/","og_locale":"en_US","og_type":"article","og_title":"Alternateur Renault - Massey Ferguson - 14V\/65A, Moteur MWM - Edel","og_description":"Alternateur Renault - Massey Ferguson - 14V\/65A, Moteur MWM - 103.54 110.54 1151 1451 2000 2620 2680 275 298 3000 3050 3303 3610 390 550 590 6110 690 750MI","og_url":"http:\/\/edel.fr\/en\/product\/alternateur-massey-fergusonrenault-claas-volt-ampere-14-65volt-ampere-14-65moteur-mwm\/","og_site_name":"Edel","article_modified_time":"2026-04-02T01:00:55+00:00","og_image":[{"width":1920,"height":1280,"url":"http:\/\/edel.fr\/uploads\/2019\/03\/A15.jpg","type":"image\/jpeg"}],"twitter_card":"summary_large_image","twitter_misc":{"Est. reading time":"2 minutes"},"schema":{"@context":"https:\/\/schema.org","@graph":[{"@type":"WebPage","@id":"http:\/\/edel.fr\/en\/product\/alternateur-massey-fergusonrenault-claas-volt-ampere-14-65volt-ampere-14-65moteur-mwm\/","url":"http:\/\/edel.fr\/en\/product\/alternateur-massey-fergusonrenault-claas-volt-ampere-14-65volt-ampere-14-65moteur-mwm\/","name":"Alternateur Renault - Massey Ferguson - 14V\/65A, Moteur MWM - Edel","isPartOf":{"@id":"http:\/\/www.edel.fr\/en\/#website"},"primaryImageOfPage":{"@id":"http:\/\/edel.fr\/en\/product\/alternateur-massey-fergusonrenault-claas-volt-ampere-14-65volt-ampere-14-65moteur-mwm\/#primaryimage"},"image":{"@id":"http:\/\/edel.fr\/en\/product\/alternateur-massey-fergusonrenault-claas-volt-ampere-14-65volt-ampere-14-65moteur-mwm\/#primaryimage"},"thumbnailUrl":"https:\/\/edel.fr\/uploads\/2019\/03\/A15.jpg","datePublished":"2019-03-11T08:24:02+00:00","dateModified":"2026-04-02T01:00:55+00:00","description":"Alternateur Renault - Massey Ferguson - 14V\/65A, Moteur MWM - 103.54 110.54 1151 1451 2000 2620 2680 275 298 3000 3050 3303 3610 390 550 590 6110 690 750MI","breadcrumb":{"@id":"http:\/\/edel.fr\/en\/product\/alternateur-massey-fergusonrenault-claas-volt-ampere-14-65volt-ampere-14-65moteur-mwm\/#breadcrumb"},"inLanguage":"en-US","potentialAction":[{"@type":"ReadAction","target":["http:\/\/edel.fr\/en\/product\/alternateur-massey-fergusonrenault-claas-volt-ampere-14-65volt-ampere-14-65moteur-mwm\/"]}]},{"@type":"ImageObject","inLanguage":"en-US","@id":"http:\/\/edel.fr\/en\/product\/alternateur-massey-fergusonrenault-claas-volt-ampere-14-65volt-ampere-14-65moteur-mwm\/#primaryimage","url":"https:\/\/edel.fr\/uploads\/2019\/03\/A15.jpg","contentUrl":"https:\/\/edel.fr\/uploads\/2019\/03\/A15.jpg","width":1920,"height":1280,"caption":"Alternateur Renault - Massey Ferguson - 14V\/65A, Moteur MWM"},{"@type":"BreadcrumbList","@id":"http:\/\/edel.fr\/en\/product\/alternateur-massey-fergusonrenault-claas-volt-ampere-14-65volt-ampere-14-65moteur-mwm\/#breadcrumb","itemListElement":[{"@type":"ListItem","position":1,"name":"Pi\u00e8ce Tracteur","item":"http:\/\/www.edel.fr\/en\/"},{"@type":"ListItem","position":2,"name":"Toutes nos pi\u00e8ces Tracteur","item":"https:\/\/edel.fr\/shop\/"},{"@type":"ListItem","position":3,"name":"Alternateur Renault &#8211; Massey Ferguson &#8211; 14V\/65A, Moteur MWM"}]},{"@type":"WebSite","@id":"http:\/\/www.edel.fr\/en\/#website","url":"http:\/\/www.edel.fr\/en\/","name":"Edel","description":"Pi\u00e8ce d\u00e9tach\u00e9e de Tracteur Agricole","publisher":{"@id":"http:\/\/www.edel.fr\/en\/#organization"},"potentialAction":[{"@type":"SearchAction","target":{"@type":"EntryPoint","urlTemplate":"http:\/\/www.edel.fr\/en\/?s={search_term_string}"},"query-input":{"@type":"PropertyValueSpecification","valueRequired":true,"valueName":"search_term_string"}}],"inLanguage":"en-US"},{"@type":"Organization","@id":"http:\/\/www.edel.fr\/en\/#organization","name":"Edel","url":"http:\/\/www.edel.fr\/en\/","logo":{"@type":"ImageObject","inLanguage":"en-US","@id":"http:\/\/www.edel.fr\/en\/#\/schema\/logo\/image\/","url":"https:\/\/www.edel.fr\/uploads\/2018\/11\/logo-edel.png","contentUrl":"https:\/\/www.edel.fr\/uploads\/2018\/11\/logo-edel.png","width":257,"height":68,"caption":"Edel"},"image":{"@id":"http:\/\/www.edel.fr\/en\/#\/schema\/logo\/image\/"}}]}},"_links":{"self":[{"href":"https:\/\/edel.fr\/en\/wp-json\/wp\/v2\/product\/5856","targetHints":{"allow":["GET"]}}],"collection":[{"href":"https:\/\/edel.fr\/en\/wp-json\/wp\/v2\/product"}],"about":[{"href":"https:\/\/edel.fr\/en\/wp-json\/wp\/v2\/types\/product"}],"version-history":[{"count":2,"href":"https:\/\/edel.fr\/en\/wp-json\/wp\/v2\/product\/5856\/revisions"}],"predecessor-version":[{"id":15166,"href":"https:\/\/edel.fr\/en\/wp-json\/wp\/v2\/product\/5856\/revisions\/15166"}],"wp:featuredmedia":[{"embeddable":true,"href":"https:\/\/edel.fr\/en\/wp-json\/wp\/v2\/media\/5598"}],"wp:attachment":[{"href":"https:\/\/edel.fr\/en\/wp-json\/wp\/v2\/media?parent=5856"}],"wp:term":[{"taxonomy":"product_brand","embeddable":true,"href":"https:\/\/edel.fr\/en\/wp-json\/wp\/v2\/product_brand?post=5856"},{"taxonomy":"product_cat","embeddable":true,"href":"https:\/\/edel.fr\/en\/wp-json\/wp\/v2\/product_cat?post=5856"},{"taxonomy":"product_tag","embeddable":true,"href":"https:\/\/edel.fr\/en\/wp-json\/wp\/v2\/product_tag?post=5856"},{"taxonomy":"tracteur","embeddable":true,"href":"https:\/\/edel.fr\/en\/wp-json\/wp\/v2\/tracteur?post=5856"}],"curies":[{"name":"wp","href":"https:\/\/api.w.org\/{rel}","templated":true}]}}