{"id":5859,"date":"2019-03-11T09:24:02","date_gmt":"2019-03-11T08:24:02","guid":{"rendered":"http:\/\/edel.stephanie.ct.webcd.lan\/shop\/alternateur-massey-fergusonrenault-claas-volt-ampere-14-65volt-ampere-14-65-a-broches-compte-tours-moteur-mwm\/"},"modified":"2026-02-11T02:00:26","modified_gmt":"2026-02-11T01:00:26","slug":"alternateur-massey-fergusonrenault-claas-volt-ampere-14-65volt-ampere-14-65-a-broches-compte-toursmoteur-mwm","status":"publish","type":"product","link":"https:\/\/edel.fr\/en\/product\/alternateur-massey-fergusonrenault-claas-volt-ampere-14-65volt-ampere-14-65-a-broches-compte-toursmoteur-mwm\/","title":{"rendered":"Alternateur Massey Ferguson, Renault &#8211; 14V65A compte tours MWM"},"content":{"rendered":"<div data-elementor-type=\"wp-post\" data-elementor-id=\"5859\" class=\"elementor elementor-5859\">\n\t\t\t\t\t\t<section class=\"elementor-section elementor-top-section elementor-element elementor-element-368aae33 elementor-section-boxed elementor-section-height-default elementor-section-height-default\" data-id=\"368aae33\" data-element_type=\"section\" data-e-type=\"section\">\n\t\t\t\t\t\t<div class=\"elementor-container elementor-column-gap-default\">\n\t\t\t\t\t<div class=\"elementor-column elementor-col-100 elementor-top-column elementor-element elementor-element-79596a21\" data-id=\"79596a21\" data-element_type=\"column\" data-e-type=\"column\">\n\t\t\t<div class=\"elementor-widget-wrap elementor-element-populated\">\n\t\t\t\t\t\t<div class=\"elementor-element elementor-element-262622c2 elementor-widget elementor-widget-heading\" data-id=\"262622c2\" data-element_type=\"widget\" data-e-type=\"widget\" data-widget_type=\"heading.default\">\n\t\t\t\t<div class=\"elementor-widget-container\">\n\t\t\t\t\t<h2 class=\"elementor-heading-title elementor-size-default\">Alternateur Massey Ferguson 145\/14, Renault Claas - 14V\/65A \u00e0 broches compte tours, Moteur MWM<\/h2>\t\t\t\t<\/div>\n\t\t\t\t<\/div>\n\t\t\t\t<div class=\"elementor-element elementor-element-3ad31e23 elementor-widget elementor-widget-heading\" data-id=\"3ad31e23\" data-element_type=\"widget\" data-e-type=\"widget\" data-widget_type=\"heading.default\">\n\t\t\t\t<div class=\"elementor-widget-container\">\n\t\t\t\t\t<h3 class=\"elementor-heading-title elementor-size-default\">Information du produit :<\/h3>\t\t\t\t<\/div>\n\t\t\t\t<\/div>\n\t\t\t\t\t<\/div>\n\t\t<\/div>\n\t\t\t\t\t<\/div>\n\t\t<\/section>\n\t\t\t\t<section class=\"elementor-section elementor-top-section elementor-element elementor-element-dde65a9 elementor-section-boxed elementor-section-height-default elementor-section-height-default\" data-id=\"dde65a9\" data-element_type=\"section\" data-e-type=\"section\">\n\t\t\t\t\t\t<div class=\"elementor-container elementor-column-gap-default\">\n\t\t\t\t\t<div class=\"elementor-column elementor-col-100 elementor-top-column elementor-element elementor-element-5823e607\" data-id=\"5823e607\" data-element_type=\"column\" data-e-type=\"column\">\n\t\t\t<div class=\"elementor-widget-wrap elementor-element-populated\">\n\t\t\t\t\t\t<div class=\"elementor-element elementor-element-50aa0214 elementor-widget elementor-widget-text-editor\" data-id=\"50aa0214\" data-element_type=\"widget\" data-e-type=\"widget\" data-widget_type=\"text-editor.default\">\n\t\t\t\t<div class=\"elementor-widget-container\">\n\t\t\t\t\t\t\t\t\t<p>Votre alternateur g\u00e9n\u00e8re de l\u2019\u00e9nergie \u00e9lectrique en convertissant l&rsquo;\u00e9nergie cin\u00e9tique. Cette \u00e9nergie est stock\u00e9e par la batterie et consomm\u00e9e par les diff\u00e9rents organes \u00e9lectriques et \u00e9lectroniques.<\/p><p>C&rsquo;est pourquoi nous vous proposons une pi\u00e8ce de marque <a href=\"https:\/\/edel.fr\/en\/constructeur\/mahle\/\">Mahle<\/a> \/ <a href=\"https:\/\/edel.fr\/en\/constructeur\/letrika\/\">Letrika<\/a> reconnue pour sa fiabilit\u00e9.<\/p><p>Massey Ferguson, Renault Claas : 10312, 110\/14, 11312, 12014, 13314, 145\/14, 1554.54, 160.94, 255, 260, 2620, 2640, 265, 2650, 2685, 275, 298, 3000, 3050, 3060, 3070, 3075, 3080, 3090, 3303, 3610, 3630, 3680, 390, 540MX, 550, 560, 565, 5812, 5832, 590, 592, 595, 6112, 6130, 6512, 6534, 690, 698, 700, 704, 720, 724, 7512, 7514, 8014, 85, 850MI, 85X, 90.34, 900MI, 9512, 9514, Ceres 75.<\/p><p><strong>R\u00e9f\u00e9rences du constructeur :<\/strong><\/p><p>CLAAS : 6005701123<\/p><p>DELCO REMY : DRA3549<\/p><p>HELLA : 8EL 725 653-001, 8EL 725 896-001, 8EL 737 572-001, 8EL 737 666-001, CA 1387 IR, CA 1461 IR, CA 23 V, CA 613 IR.<\/p><p>LESTER : 12043, 12099, 12103, 12122, 12173.<\/p><p>LUCAS : LRA00380, LRA00959, LRA00961, LRA00964.<\/p><p>MASSEY-FERGUSON : 1691 795 R92, 1699 872 R1, 1699 872 T, 3405 390 M1.<\/p><p>MOTOROLA : 2522401, 2541195.<\/p><p>RENAULT : 60 05 003 157, 60 05 701 123, 77 00 012 969, 77 00 017 041.<\/p><p>SPAREX : 359380<\/p><p>VALEO : 436 264, 541 131.<\/p><p>Edel vous propose \u00e9galement une large gamme d&rsquo;alternateurs et d\u00e9marreurs pour des applications sp\u00e9cifiques, et de diff\u00e9rentes marques.<\/p><p>Donc, pour plus de renseignements, n&rsquo;h\u00e9sitez pas \u00e0 nous consulter !<\/p>\t\t\t\t\t\t\t\t<\/div>\n\t\t\t\t<\/div>\n\t\t\t\t\t<\/div>\n\t\t<\/div>\n\t\t\t\t\t<\/div>\n\t\t<\/section>\n\t\t\t\t<\/div>","protected":false},"excerpt":{"rendered":"<p>Alternateur Massey Ferguson 145\/14, Renault Claas &#8211; 14V\/65A \u00e0 broches compte tours, Moteur MWM Information du produit : Votre alternateur g\u00e9n\u00e8re de l\u2019\u00e9nergie \u00e9lectrique en convertissant l&rsquo;\u00e9nergie cin\u00e9tique. Cette \u00e9nergie est stock\u00e9e par la batterie et consomm\u00e9e par les diff\u00e9rents organes \u00e9lectriques et \u00e9lectroniques. C&rsquo;est pourquoi nous vous proposons une pi\u00e8ce de marque Mahle \/<br \/><a class=\"more-link\" href=\"https:\/\/edel.fr\/en\/product\/alternateur-massey-fergusonrenault-claas-volt-ampere-14-65volt-ampere-14-65-a-broches-compte-toursmoteur-mwm\/\"><br \/>\n        Read More<span class=\"screen-reader-text\"> \u00ab\u00a0Alternateur Massey Ferguson, Renault &#8211; 14V65A compte tours MWM\u00a0\u00bb<\/span><\/a><\/p>","protected":false},"featured_media":5600,"template":"","meta":[],"product_brand":[],"product_cat":[4029,4032,164,154,119],"product_tag":[2459,180],"tracteur":[],"class_list":{"0":"post-5859","1":"product","2":"type-product","3":"status-publish","4":"has-post-thumbnail","6":"product_cat-alternateur-massey-ferguson","7":"product_cat-alternateur-renault-claas","8":"product_cat-alternateurs","9":"product_cat-electricite","10":"product_cat-tracteurs-agricoles","11":"product_tag-alternateurs","12":"product_tag-electricite","13":"product_shipping_class-142","14":"pa_fabriquant-mahle","15":"pa_marque-tracteur-massey-ferguson","16":"pa_marque-tracteur-renault-claas","17":"pa_modele-tracteur-ceres","18":"pa_type-2-1532","19":"pa_type-2-110-14","20":"pa_type-2-1533","21":"pa_type-2-1534","22":"pa_type-2-1535","23":"pa_type-2-145-14","24":"pa_type-2-1554-54","25":"pa_type-2-160-94","26":"pa_type-2-1428","27":"pa_type-2-1204","28":"pa_type-2-1440","29":"pa_type-2-1441","30":"pa_type-2-1205","31":"pa_type-2-1442","32":"pa_type-2-1444","33":"pa_type-2-1206","34":"pa_type-2-1429","35":"pa_type-2-1445","36":"pa_type-2-1446","37":"pa_type-2-1447","38":"pa_type-2-1448","39":"pa_type-2-1449","40":"pa_type-2-1450","41":"pa_type-2-1451","42":"pa_type-2-1452","43":"pa_type-2-1453","44":"pa_type-2-1454","45":"pa_type-2-1455","46":"pa_type-2-1314","47":"pa_type-2-540mx","48":"pa_type-2-1430","49":"pa_type-2-1431","50":"pa_type-2-1432","51":"pa_type-2-1517","52":"pa_type-2-1518","53":"pa_type-2-1434","54":"pa_type-2-1435","55":"pa_type-2-1436","56":"pa_type-2-1519","57":"pa_type-2-1329","58":"pa_type-2-1520","59":"pa_type-2-1521","60":"pa_type-2-1437","61":"pa_type-2-1438","62":"pa_type-2-1536","63":"pa_type-2-1537","64":"pa_type-2-1538","65":"pa_type-2-1221","66":"pa_type-2-1527","67":"pa_type-2-1528","68":"pa_type-2-1529","69":"pa_type-2-1239","70":"pa_type-2-850mi","71":"pa_type-2-85x","72":"pa_type-2-90-34","73":"pa_type-2-900mi","74":"pa_type-2-1530","75":"pa_type-2-1531","76":"pa_type-2-ceres-75","77":"badges-style-2","79":"first","80":"instock","81":"taxable","82":"shipping-taxable","83":"purchasable","84":"product-type-simple"},"acf":[],"yoast_head":"<!-- This site is optimized with the Yoast SEO plugin v27.3 - https:\/\/yoast.com\/product\/yoast-seo-wordpress\/ -->\n<title>Alternateur Massey Ferguson, Renault - 14V65A compte tours MWM - Edel<\/title>\n<meta name=\"description\" content=\"Alternateur Massey Ferguson, Renault - 14V65A compte tours, MWM- 10312 12014 260 2620 2640 2685 298 3000 3050 3303 3610 3680 145 540MX 560 6130 690 7512 85\" \/>\n<meta name=\"robots\" content=\"index, follow, max-snippet:-1, max-image-preview:large, max-video-preview:-1\" \/>\n<link rel=\"canonical\" href=\"http:\/\/www.edel.fr\/en\/product\/alternateur-massey-fergusonrenault-claas-volt-ampere-14-65volt-ampere-14-65-a-broches-compte-toursmoteur-mwm\/\" \/>\n<meta property=\"og:locale\" content=\"en_US\" \/>\n<meta property=\"og:type\" content=\"article\" \/>\n<meta property=\"og:title\" content=\"Alternateur Massey Ferguson, Renault - 14V65A compte tours MWM - Edel\" \/>\n<meta property=\"og:description\" content=\"Alternateur Massey Ferguson, Renault - 14V65A compte tours, MWM- 10312 12014 260 2620 2640 2685 298 3000 3050 3303 3610 3680 145 540MX 560 6130 690 7512 85\" \/>\n<meta property=\"og:url\" content=\"http:\/\/www.edel.fr\/en\/product\/alternateur-massey-fergusonrenault-claas-volt-ampere-14-65volt-ampere-14-65-a-broches-compte-toursmoteur-mwm\/\" \/>\n<meta property=\"og:site_name\" content=\"Edel\" \/>\n<meta property=\"article:modified_time\" content=\"2026-02-11T01:00:26+00:00\" \/>\n<meta property=\"og:image\" content=\"http:\/\/www.edel.fr\/uploads\/2019\/03\/A17.jpg\" \/>\n\t<meta property=\"og:image:width\" content=\"1920\" \/>\n\t<meta property=\"og:image:height\" content=\"1280\" \/>\n\t<meta property=\"og:image:type\" content=\"image\/jpeg\" \/>\n<meta name=\"twitter:card\" content=\"summary_large_image\" \/>\n<meta name=\"twitter:label1\" content=\"Est. reading time\" \/>\n\t<meta name=\"twitter:data1\" content=\"2 minutes\" \/>\n<script type=\"application\/ld+json\" class=\"yoast-schema-graph\">{\"@context\":\"https:\\\/\\\/schema.org\",\"@graph\":[{\"@type\":\"WebPage\",\"@id\":\"http:\\\/\\\/www.edel.fr\\\/en\\\/product\\\/alternateur-massey-fergusonrenault-claas-volt-ampere-14-65volt-ampere-14-65-a-broches-compte-toursmoteur-mwm\\\/\",\"url\":\"http:\\\/\\\/www.edel.fr\\\/en\\\/product\\\/alternateur-massey-fergusonrenault-claas-volt-ampere-14-65volt-ampere-14-65-a-broches-compte-toursmoteur-mwm\\\/\",\"name\":\"Alternateur Massey Ferguson, Renault - 14V65A compte tours MWM - Edel\",\"isPartOf\":{\"@id\":\"https:\\\/\\\/www.edel.fr\\\/en\\\/#website\"},\"primaryImageOfPage\":{\"@id\":\"http:\\\/\\\/www.edel.fr\\\/en\\\/product\\\/alternateur-massey-fergusonrenault-claas-volt-ampere-14-65volt-ampere-14-65-a-broches-compte-toursmoteur-mwm\\\/#primaryimage\"},\"image\":{\"@id\":\"http:\\\/\\\/www.edel.fr\\\/en\\\/product\\\/alternateur-massey-fergusonrenault-claas-volt-ampere-14-65volt-ampere-14-65-a-broches-compte-toursmoteur-mwm\\\/#primaryimage\"},\"thumbnailUrl\":\"https:\\\/\\\/edel.fr\\\/uploads\\\/2019\\\/03\\\/A17.jpg\",\"datePublished\":\"2019-03-11T08:24:02+00:00\",\"dateModified\":\"2026-02-11T01:00:26+00:00\",\"description\":\"Alternateur Massey Ferguson, Renault - 14V65A compte tours, MWM- 10312 12014 260 2620 2640 2685 298 3000 3050 3303 3610 3680 145 540MX 560 6130 690 7512 85\",\"breadcrumb\":{\"@id\":\"http:\\\/\\\/www.edel.fr\\\/en\\\/product\\\/alternateur-massey-fergusonrenault-claas-volt-ampere-14-65volt-ampere-14-65-a-broches-compte-toursmoteur-mwm\\\/#breadcrumb\"},\"inLanguage\":\"en-US\",\"potentialAction\":[{\"@type\":\"ReadAction\",\"target\":[\"http:\\\/\\\/www.edel.fr\\\/en\\\/product\\\/alternateur-massey-fergusonrenault-claas-volt-ampere-14-65volt-ampere-14-65-a-broches-compte-toursmoteur-mwm\\\/\"]}]},{\"@type\":\"ImageObject\",\"inLanguage\":\"en-US\",\"@id\":\"http:\\\/\\\/www.edel.fr\\\/en\\\/product\\\/alternateur-massey-fergusonrenault-claas-volt-ampere-14-65volt-ampere-14-65-a-broches-compte-toursmoteur-mwm\\\/#primaryimage\",\"url\":\"https:\\\/\\\/edel.fr\\\/uploads\\\/2019\\\/03\\\/A17.jpg\",\"contentUrl\":\"https:\\\/\\\/edel.fr\\\/uploads\\\/2019\\\/03\\\/A17.jpg\",\"width\":1920,\"height\":1280,\"caption\":\"Alternateur Massey Ferguson - Renault Claas - 14V\\\/65A \u00e0 broches compte tours, Moteur MWM\"},{\"@type\":\"BreadcrumbList\",\"@id\":\"http:\\\/\\\/www.edel.fr\\\/en\\\/product\\\/alternateur-massey-fergusonrenault-claas-volt-ampere-14-65volt-ampere-14-65-a-broches-compte-toursmoteur-mwm\\\/#breadcrumb\",\"itemListElement\":[{\"@type\":\"ListItem\",\"position\":1,\"name\":\"Pi\u00e8ce Tracteur\",\"item\":\"https:\\\/\\\/www.edel.fr\\\/en\\\/\"},{\"@type\":\"ListItem\",\"position\":2,\"name\":\"Toutes nos pi\u00e8ces Tracteur\",\"item\":\"https:\\\/\\\/edel.fr\\\/shop\\\/\"},{\"@type\":\"ListItem\",\"position\":3,\"name\":\"Alternateur Massey Ferguson, Renault &#8211; 14V65A compte tours MWM\"}]},{\"@type\":\"WebSite\",\"@id\":\"https:\\\/\\\/www.edel.fr\\\/en\\\/#website\",\"url\":\"https:\\\/\\\/www.edel.fr\\\/en\\\/\",\"name\":\"Edel\",\"description\":\"Pi\u00e8ce d\u00e9tach\u00e9e de Tracteur Agricole\",\"publisher\":{\"@id\":\"https:\\\/\\\/www.edel.fr\\\/en\\\/#organization\"},\"potentialAction\":[{\"@type\":\"SearchAction\",\"target\":{\"@type\":\"EntryPoint\",\"urlTemplate\":\"https:\\\/\\\/www.edel.fr\\\/en\\\/?s={search_term_string}\"},\"query-input\":{\"@type\":\"PropertyValueSpecification\",\"valueRequired\":true,\"valueName\":\"search_term_string\"}}],\"inLanguage\":\"en-US\"},{\"@type\":\"Organization\",\"@id\":\"https:\\\/\\\/www.edel.fr\\\/en\\\/#organization\",\"name\":\"Edel\",\"url\":\"https:\\\/\\\/www.edel.fr\\\/en\\\/\",\"logo\":{\"@type\":\"ImageObject\",\"inLanguage\":\"en-US\",\"@id\":\"https:\\\/\\\/www.edel.fr\\\/en\\\/#\\\/schema\\\/logo\\\/image\\\/\",\"url\":\"https:\\\/\\\/www.edel.fr\\\/uploads\\\/2018\\\/11\\\/logo-edel.png\",\"contentUrl\":\"https:\\\/\\\/www.edel.fr\\\/uploads\\\/2018\\\/11\\\/logo-edel.png\",\"width\":257,\"height\":68,\"caption\":\"Edel\"},\"image\":{\"@id\":\"https:\\\/\\\/www.edel.fr\\\/en\\\/#\\\/schema\\\/logo\\\/image\\\/\"}}]}<\/script>\n<!-- \/ Yoast SEO plugin. -->","yoast_head_json":{"title":"Alternateur Massey Ferguson, Renault - 14V65A compte tours MWM - Edel","description":"Alternateur Massey Ferguson, Renault - 14V65A compte tours, MWM- 10312 12014 260 2620 2640 2685 298 3000 3050 3303 3610 3680 145 540MX 560 6130 690 7512 85","robots":{"index":"index","follow":"follow","max-snippet":"max-snippet:-1","max-image-preview":"max-image-preview:large","max-video-preview":"max-video-preview:-1"},"canonical":"http:\/\/www.edel.fr\/en\/product\/alternateur-massey-fergusonrenault-claas-volt-ampere-14-65volt-ampere-14-65-a-broches-compte-toursmoteur-mwm\/","og_locale":"en_US","og_type":"article","og_title":"Alternateur Massey Ferguson, Renault - 14V65A compte tours MWM - Edel","og_description":"Alternateur Massey Ferguson, Renault - 14V65A compte tours, MWM- 10312 12014 260 2620 2640 2685 298 3000 3050 3303 3610 3680 145 540MX 560 6130 690 7512 85","og_url":"http:\/\/www.edel.fr\/en\/product\/alternateur-massey-fergusonrenault-claas-volt-ampere-14-65volt-ampere-14-65-a-broches-compte-toursmoteur-mwm\/","og_site_name":"Edel","article_modified_time":"2026-02-11T01:00:26+00:00","og_image":[{"width":1920,"height":1280,"url":"http:\/\/www.edel.fr\/uploads\/2019\/03\/A17.jpg","type":"image\/jpeg"}],"twitter_card":"summary_large_image","twitter_misc":{"Est. reading time":"2 minutes"},"schema":{"@context":"https:\/\/schema.org","@graph":[{"@type":"WebPage","@id":"http:\/\/www.edel.fr\/en\/product\/alternateur-massey-fergusonrenault-claas-volt-ampere-14-65volt-ampere-14-65-a-broches-compte-toursmoteur-mwm\/","url":"http:\/\/www.edel.fr\/en\/product\/alternateur-massey-fergusonrenault-claas-volt-ampere-14-65volt-ampere-14-65-a-broches-compte-toursmoteur-mwm\/","name":"Alternateur Massey Ferguson, Renault - 14V65A compte tours MWM - Edel","isPartOf":{"@id":"https:\/\/www.edel.fr\/en\/#website"},"primaryImageOfPage":{"@id":"http:\/\/www.edel.fr\/en\/product\/alternateur-massey-fergusonrenault-claas-volt-ampere-14-65volt-ampere-14-65-a-broches-compte-toursmoteur-mwm\/#primaryimage"},"image":{"@id":"http:\/\/www.edel.fr\/en\/product\/alternateur-massey-fergusonrenault-claas-volt-ampere-14-65volt-ampere-14-65-a-broches-compte-toursmoteur-mwm\/#primaryimage"},"thumbnailUrl":"https:\/\/edel.fr\/uploads\/2019\/03\/A17.jpg","datePublished":"2019-03-11T08:24:02+00:00","dateModified":"2026-02-11T01:00:26+00:00","description":"Alternateur Massey Ferguson, Renault - 14V65A compte tours, MWM- 10312 12014 260 2620 2640 2685 298 3000 3050 3303 3610 3680 145 540MX 560 6130 690 7512 85","breadcrumb":{"@id":"http:\/\/www.edel.fr\/en\/product\/alternateur-massey-fergusonrenault-claas-volt-ampere-14-65volt-ampere-14-65-a-broches-compte-toursmoteur-mwm\/#breadcrumb"},"inLanguage":"en-US","potentialAction":[{"@type":"ReadAction","target":["http:\/\/www.edel.fr\/en\/product\/alternateur-massey-fergusonrenault-claas-volt-ampere-14-65volt-ampere-14-65-a-broches-compte-toursmoteur-mwm\/"]}]},{"@type":"ImageObject","inLanguage":"en-US","@id":"http:\/\/www.edel.fr\/en\/product\/alternateur-massey-fergusonrenault-claas-volt-ampere-14-65volt-ampere-14-65-a-broches-compte-toursmoteur-mwm\/#primaryimage","url":"https:\/\/edel.fr\/uploads\/2019\/03\/A17.jpg","contentUrl":"https:\/\/edel.fr\/uploads\/2019\/03\/A17.jpg","width":1920,"height":1280,"caption":"Alternateur Massey Ferguson - Renault Claas - 14V\/65A \u00e0 broches compte tours, Moteur MWM"},{"@type":"BreadcrumbList","@id":"http:\/\/www.edel.fr\/en\/product\/alternateur-massey-fergusonrenault-claas-volt-ampere-14-65volt-ampere-14-65-a-broches-compte-toursmoteur-mwm\/#breadcrumb","itemListElement":[{"@type":"ListItem","position":1,"name":"Pi\u00e8ce Tracteur","item":"https:\/\/www.edel.fr\/en\/"},{"@type":"ListItem","position":2,"name":"Toutes nos pi\u00e8ces Tracteur","item":"https:\/\/edel.fr\/shop\/"},{"@type":"ListItem","position":3,"name":"Alternateur Massey Ferguson, Renault &#8211; 14V65A compte tours MWM"}]},{"@type":"WebSite","@id":"https:\/\/www.edel.fr\/en\/#website","url":"https:\/\/www.edel.fr\/en\/","name":"Edel","description":"Pi\u00e8ce d\u00e9tach\u00e9e de Tracteur Agricole","publisher":{"@id":"https:\/\/www.edel.fr\/en\/#organization"},"potentialAction":[{"@type":"SearchAction","target":{"@type":"EntryPoint","urlTemplate":"https:\/\/www.edel.fr\/en\/?s={search_term_string}"},"query-input":{"@type":"PropertyValueSpecification","valueRequired":true,"valueName":"search_term_string"}}],"inLanguage":"en-US"},{"@type":"Organization","@id":"https:\/\/www.edel.fr\/en\/#organization","name":"Edel","url":"https:\/\/www.edel.fr\/en\/","logo":{"@type":"ImageObject","inLanguage":"en-US","@id":"https:\/\/www.edel.fr\/en\/#\/schema\/logo\/image\/","url":"https:\/\/www.edel.fr\/uploads\/2018\/11\/logo-edel.png","contentUrl":"https:\/\/www.edel.fr\/uploads\/2018\/11\/logo-edel.png","width":257,"height":68,"caption":"Edel"},"image":{"@id":"https:\/\/www.edel.fr\/en\/#\/schema\/logo\/image\/"}}]}},"_links":{"self":[{"href":"https:\/\/edel.fr\/en\/wp-json\/wp\/v2\/product\/5859","targetHints":{"allow":["GET"]}}],"collection":[{"href":"https:\/\/edel.fr\/en\/wp-json\/wp\/v2\/product"}],"about":[{"href":"https:\/\/edel.fr\/en\/wp-json\/wp\/v2\/types\/product"}],"version-history":[{"count":2,"href":"https:\/\/edel.fr\/en\/wp-json\/wp\/v2\/product\/5859\/revisions"}],"predecessor-version":[{"id":15165,"href":"https:\/\/edel.fr\/en\/wp-json\/wp\/v2\/product\/5859\/revisions\/15165"}],"wp:featuredmedia":[{"embeddable":true,"href":"https:\/\/edel.fr\/en\/wp-json\/wp\/v2\/media\/5600"}],"wp:attachment":[{"href":"https:\/\/edel.fr\/en\/wp-json\/wp\/v2\/media?parent=5859"}],"wp:term":[{"taxonomy":"product_brand","embeddable":true,"href":"https:\/\/edel.fr\/en\/wp-json\/wp\/v2\/product_brand?post=5859"},{"taxonomy":"product_cat","embeddable":true,"href":"https:\/\/edel.fr\/en\/wp-json\/wp\/v2\/product_cat?post=5859"},{"taxonomy":"product_tag","embeddable":true,"href":"https:\/\/edel.fr\/en\/wp-json\/wp\/v2\/product_tag?post=5859"},{"taxonomy":"tracteur","embeddable":true,"href":"https:\/\/edel.fr\/en\/wp-json\/wp\/v2\/tracteur?post=5859"}],"curies":[{"name":"wp","href":"https:\/\/api.w.org\/{rel}","templated":true}]}}