{"id":5860,"date":"2019-03-11T09:24:02","date_gmt":"2019-03-11T08:24:02","guid":{"rendered":"http:\/\/edel.stephanie.ct.webcd.lan\/shop\/alternateur-renault-claas-volt-ampere-14-80-cosses-rondes-moteur-deutz\/"},"modified":"2026-02-04T02:00:31","modified_gmt":"2026-02-04T01:00:31","slug":"alternateur-renault-claas-volt-ampere-14-80-cosses-rondes-moteur-deutz","status":"publish","type":"product","link":"https:\/\/edel.fr\/en\/product\/alternateur-renault-claas-volt-ampere-14-80-cosses-rondes-moteur-deutz\/","title":{"rendered":"Alternateur Renault Claas &#8211; 14V\/80A | Cosses rondes, Moteur Deutz"},"content":{"rendered":"<div data-elementor-type=\"wp-post\" data-elementor-id=\"5860\" class=\"elementor elementor-5860\">\n\t\t\t\t\t\t<section class=\"elementor-section elementor-top-section elementor-element elementor-element-1d07fc7a elementor-section-boxed elementor-section-height-default elementor-section-height-default\" data-id=\"1d07fc7a\" data-element_type=\"section\" data-e-type=\"section\">\n\t\t\t\t\t\t<div class=\"elementor-container elementor-column-gap-default\">\n\t\t\t\t\t<div class=\"elementor-column elementor-col-100 elementor-top-column elementor-element elementor-element-4e34e8e0\" data-id=\"4e34e8e0\" data-element_type=\"column\" data-e-type=\"column\">\n\t\t\t<div class=\"elementor-widget-wrap elementor-element-populated\">\n\t\t\t\t\t\t<div class=\"elementor-element elementor-element-3434a087 elementor-widget elementor-widget-heading\" data-id=\"3434a087\" data-element_type=\"widget\" data-e-type=\"widget\" data-widget_type=\"heading.default\">\n\t\t\t\t<div class=\"elementor-widget-container\">\n\t\t\t\t\t<h2 class=\"elementor-heading-title elementor-size-default\">Alternateur Renault Claas - 14V \/ 80A | Cosses rondes, Moteur Deutz<\/h2>\t\t\t\t<\/div>\n\t\t\t\t<\/div>\n\t\t\t\t<div class=\"elementor-element elementor-element-507db720 elementor-widget elementor-widget-heading\" data-id=\"507db720\" data-element_type=\"widget\" data-e-type=\"widget\" data-widget_type=\"heading.default\">\n\t\t\t\t<div class=\"elementor-widget-container\">\n\t\t\t\t\t<h3 class=\"elementor-heading-title elementor-size-default\">Information du produit :<\/h3>\t\t\t\t<\/div>\n\t\t\t\t<\/div>\n\t\t\t\t\t<\/div>\n\t\t<\/div>\n\t\t\t\t\t<\/div>\n\t\t<\/section>\n\t\t\t\t<section class=\"elementor-section elementor-top-section elementor-element elementor-element-4cf19dde elementor-section-boxed elementor-section-height-default elementor-section-height-default\" data-id=\"4cf19dde\" data-element_type=\"section\" data-e-type=\"section\">\n\t\t\t\t\t\t<div class=\"elementor-container elementor-column-gap-default\">\n\t\t\t\t\t<div class=\"elementor-column elementor-col-100 elementor-top-column elementor-element elementor-element-2ee4e4cc\" data-id=\"2ee4e4cc\" data-element_type=\"column\" data-e-type=\"column\">\n\t\t\t<div class=\"elementor-widget-wrap elementor-element-populated\">\n\t\t\t\t\t\t<div class=\"elementor-element elementor-element-5a31921b elementor-widget elementor-widget-text-editor\" data-id=\"5a31921b\" data-element_type=\"widget\" data-e-type=\"widget\" data-widget_type=\"text-editor.default\">\n\t\t\t\t<div class=\"elementor-widget-container\">\n\t\t\t\t\t\t\t\t\t<p>Votre alternateur g\u00e9n\u00e8re de l\u2019\u00e9nergie \u00e9lectrique en convertissant l&rsquo;\u00e9nergie cin\u00e9tique. Cette \u00e9nergie est stock\u00e9e par la batterie et consomm\u00e9e par les diff\u00e9rents organes \u00e9lectriques et \u00e9lectroniques.<\/p><p>C&rsquo;est pourquoi nous vous proposons une pi\u00e8ce de marque <a href=\"https:\/\/edel.fr\/en\/constructeur\/mahle\/\">Mahle<\/a> \/ <a href=\"https:\/\/edel.fr\/en\/constructeur\/letrika\/\">Letrika<\/a> reconnue pour sa fiabilit\u00e9.<\/p><p>Renault Claas : 5512, 5514, 65.12, 7012, 7014, 75.12, 80.14 F, 8012, 8014, Dionis 140, Pales 240.<\/p><p><strong>R\u00e9f\u00e9rences du constructeur :<\/strong><\/p><p>AGRITALIA (CARRARO) : 202511<\/p><p>CLAAS : 6005028991<\/p><p>Edel vous propose \u00e9galement une large gamme d&rsquo;alternateurs et d\u00e9marreurs pour des applications sp\u00e9cifiques, et de diff\u00e9rentes marques.<\/p><p>Donc, pour plus de renseignements, n&rsquo;h\u00e9sitez pas \u00e0 nous consulter !<\/p>\t\t\t\t\t\t\t\t<\/div>\n\t\t\t\t<\/div>\n\t\t\t\t\t<\/div>\n\t\t<\/div>\n\t\t\t\t\t<\/div>\n\t\t<\/section>\n\t\t\t\t<\/div>","protected":false},"excerpt":{"rendered":"<p>Alternateur Renault Claas &#8211; 14V \/ 80A | Cosses rondes, Moteur Deutz Information du produit : Votre alternateur g\u00e9n\u00e8re de l\u2019\u00e9nergie \u00e9lectrique en convertissant l&rsquo;\u00e9nergie cin\u00e9tique. Cette \u00e9nergie est stock\u00e9e par la batterie et consomm\u00e9e par les diff\u00e9rents organes \u00e9lectriques et \u00e9lectroniques. C&rsquo;est pourquoi nous vous proposons une pi\u00e8ce de marque Mahle \/ Letrika reconnue<br \/><a class=\"more-link\" href=\"https:\/\/edel.fr\/en\/product\/alternateur-renault-claas-volt-ampere-14-80-cosses-rondes-moteur-deutz\/\"><br \/>\n        Read More<span class=\"screen-reader-text\"> \u00ab\u00a0Alternateur Renault Claas &#8211; 14V\/80A | Cosses rondes, Moteur Deutz\u00a0\u00bb<\/span><\/a><\/p>","protected":false},"featured_media":5601,"template":"","meta":[],"product_brand":[],"product_cat":[4032,164,154,119],"product_tag":[2459,180],"tracteur":[],"class_list":{"0":"post-5860","1":"product","2":"type-product","3":"status-publish","4":"has-post-thumbnail","6":"product_cat-alternateur-renault-claas","7":"product_cat-alternateurs","8":"product_cat-electricite","9":"product_cat-tracteurs-agricoles","10":"product_tag-alternateurs","11":"product_tag-electricite","12":"product_shipping_class-142","13":"pa_fabriquant-mahle","14":"pa_marque-tracteur-renault-claas","15":"pa_modele-tracteur-dionis","16":"pa_modele-tracteur-fruitiers","17":"pa_modele-tracteur-pales","18":"pa_modele-tracteur-vignerons","19":"pa_type-2-1547","20":"pa_type-2-1548","21":"pa_type-2-65-12","22":"pa_type-2-1384","23":"pa_type-2-1385","24":"pa_type-2-75-12","25":"pa_type-2-80-14-f","26":"pa_type-2-1549","27":"pa_type-2-1529","28":"pa_type-2-dionis-140","29":"pa_type-2-pales-240","30":"badges-style-2","32":"first","33":"instock","34":"taxable","35":"shipping-taxable","36":"purchasable","37":"product-type-simple"},"acf":[],"yoast_head":"<!-- This site is optimized with the Yoast SEO plugin v27.3 - https:\/\/yoast.com\/product\/yoast-seo-wordpress\/ -->\n<title>Alternateur Renault Claas - 14V\/80A | Cosses rondes, Moteur Deutz - Edel<\/title>\n<meta name=\"description\" content=\"Alternateur Renault Claas - 14V \/ 80A | Cosses rondes, Moteur Deutz - 5512 5514 65.12 7012 7014 75.12 80.14 F 8012 8014 Dionis 140 Pales 240\" \/>\n<meta name=\"robots\" content=\"index, follow, max-snippet:-1, max-image-preview:large, max-video-preview:-1\" \/>\n<link rel=\"canonical\" href=\"http:\/\/www.edel.fr\/produit\/alternateur-renault-claas-volt-ampere-14-80-cosses-rondes-moteur-deutz\/\" \/>\n<meta property=\"og:locale\" content=\"en_US\" \/>\n<meta property=\"og:type\" content=\"article\" \/>\n<meta property=\"og:title\" content=\"Alternateur Renault Claas - 14V\/80A | Cosses rondes, Moteur Deutz - Edel\" \/>\n<meta property=\"og:description\" content=\"Alternateur Renault Claas - 14V \/ 80A | Cosses rondes, Moteur Deutz - 5512 5514 65.12 7012 7014 75.12 80.14 F 8012 8014 Dionis 140 Pales 240\" \/>\n<meta property=\"og:url\" content=\"http:\/\/www.edel.fr\/produit\/alternateur-renault-claas-volt-ampere-14-80-cosses-rondes-moteur-deutz\/\" \/>\n<meta property=\"og:site_name\" content=\"Edel\" \/>\n<meta property=\"article:modified_time\" content=\"2026-02-04T01:00:31+00:00\" \/>\n<meta property=\"og:image\" content=\"http:\/\/www.edel.fr\/uploads\/2019\/03\/A18.jpg\" \/>\n\t<meta property=\"og:image:width\" content=\"1920\" \/>\n\t<meta property=\"og:image:height\" content=\"1280\" \/>\n\t<meta property=\"og:image:type\" content=\"image\/jpeg\" \/>\n<meta name=\"twitter:card\" content=\"summary_large_image\" \/>\n<meta name=\"twitter:label1\" content=\"Est. reading time\" \/>\n\t<meta name=\"twitter:data1\" content=\"1 minute\" \/>\n<script type=\"application\/ld+json\" class=\"yoast-schema-graph\">{\"@context\":\"https:\\\/\\\/schema.org\",\"@graph\":[{\"@type\":\"WebPage\",\"@id\":\"http:\\\/\\\/www.edel.fr\\\/produit\\\/alternateur-renault-claas-volt-ampere-14-80-cosses-rondes-moteur-deutz\\\/\",\"url\":\"http:\\\/\\\/www.edel.fr\\\/produit\\\/alternateur-renault-claas-volt-ampere-14-80-cosses-rondes-moteur-deutz\\\/\",\"name\":\"Alternateur Renault Claas - 14V\\\/80A | Cosses rondes, Moteur Deutz - Edel\",\"isPartOf\":{\"@id\":\"https:\\\/\\\/www.edel.fr\\\/en\\\/#website\"},\"primaryImageOfPage\":{\"@id\":\"http:\\\/\\\/www.edel.fr\\\/produit\\\/alternateur-renault-claas-volt-ampere-14-80-cosses-rondes-moteur-deutz\\\/#primaryimage\"},\"image\":{\"@id\":\"http:\\\/\\\/www.edel.fr\\\/produit\\\/alternateur-renault-claas-volt-ampere-14-80-cosses-rondes-moteur-deutz\\\/#primaryimage\"},\"thumbnailUrl\":\"https:\\\/\\\/edel.fr\\\/uploads\\\/2019\\\/03\\\/A18.jpg\",\"datePublished\":\"2019-03-11T08:24:02+00:00\",\"dateModified\":\"2026-02-04T01:00:31+00:00\",\"description\":\"Alternateur Renault Claas - 14V \\\/ 80A | Cosses rondes, Moteur Deutz - 5512 5514 65.12 7012 7014 75.12 80.14 F 8012 8014 Dionis 140 Pales 240\",\"breadcrumb\":{\"@id\":\"http:\\\/\\\/www.edel.fr\\\/produit\\\/alternateur-renault-claas-volt-ampere-14-80-cosses-rondes-moteur-deutz\\\/#breadcrumb\"},\"inLanguage\":\"en-US\",\"potentialAction\":[{\"@type\":\"ReadAction\",\"target\":[\"http:\\\/\\\/www.edel.fr\\\/produit\\\/alternateur-renault-claas-volt-ampere-14-80-cosses-rondes-moteur-deutz\\\/\"]}]},{\"@type\":\"ImageObject\",\"inLanguage\":\"en-US\",\"@id\":\"http:\\\/\\\/www.edel.fr\\\/produit\\\/alternateur-renault-claas-volt-ampere-14-80-cosses-rondes-moteur-deutz\\\/#primaryimage\",\"url\":\"https:\\\/\\\/edel.fr\\\/uploads\\\/2019\\\/03\\\/A18.jpg\",\"contentUrl\":\"https:\\\/\\\/edel.fr\\\/uploads\\\/2019\\\/03\\\/A18.jpg\",\"width\":1920,\"height\":1280,\"caption\":\"Alternateur Renault Claas - 14V\\\/ 80A | Cosses rondes, Moteur Deutz\"},{\"@type\":\"BreadcrumbList\",\"@id\":\"http:\\\/\\\/www.edel.fr\\\/produit\\\/alternateur-renault-claas-volt-ampere-14-80-cosses-rondes-moteur-deutz\\\/#breadcrumb\",\"itemListElement\":[{\"@type\":\"ListItem\",\"position\":1,\"name\":\"Pi\u00e8ce Tracteur\",\"item\":\"https:\\\/\\\/www.edel.fr\\\/en\\\/\"},{\"@type\":\"ListItem\",\"position\":2,\"name\":\"Toutes nos pi\u00e8ces Tracteur\",\"item\":\"https:\\\/\\\/edel.fr\\\/shop\\\/\"},{\"@type\":\"ListItem\",\"position\":3,\"name\":\"Alternateur Renault Claas &#8211; 14V\\\/80A | Cosses rondes, Moteur Deutz\"}]},{\"@type\":\"WebSite\",\"@id\":\"https:\\\/\\\/www.edel.fr\\\/en\\\/#website\",\"url\":\"https:\\\/\\\/www.edel.fr\\\/en\\\/\",\"name\":\"Edel\",\"description\":\"Pi\u00e8ce d\u00e9tach\u00e9e de Tracteur Agricole\",\"publisher\":{\"@id\":\"https:\\\/\\\/www.edel.fr\\\/en\\\/#organization\"},\"potentialAction\":[{\"@type\":\"SearchAction\",\"target\":{\"@type\":\"EntryPoint\",\"urlTemplate\":\"https:\\\/\\\/www.edel.fr\\\/en\\\/?s={search_term_string}\"},\"query-input\":{\"@type\":\"PropertyValueSpecification\",\"valueRequired\":true,\"valueName\":\"search_term_string\"}}],\"inLanguage\":\"en-US\"},{\"@type\":\"Organization\",\"@id\":\"https:\\\/\\\/www.edel.fr\\\/en\\\/#organization\",\"name\":\"Edel\",\"url\":\"https:\\\/\\\/www.edel.fr\\\/en\\\/\",\"logo\":{\"@type\":\"ImageObject\",\"inLanguage\":\"en-US\",\"@id\":\"https:\\\/\\\/www.edel.fr\\\/en\\\/#\\\/schema\\\/logo\\\/image\\\/\",\"url\":\"https:\\\/\\\/www.edel.fr\\\/uploads\\\/2018\\\/11\\\/logo-edel.png\",\"contentUrl\":\"https:\\\/\\\/www.edel.fr\\\/uploads\\\/2018\\\/11\\\/logo-edel.png\",\"width\":257,\"height\":68,\"caption\":\"Edel\"},\"image\":{\"@id\":\"https:\\\/\\\/www.edel.fr\\\/en\\\/#\\\/schema\\\/logo\\\/image\\\/\"}}]}<\/script>\n<!-- \/ Yoast SEO plugin. -->","yoast_head_json":{"title":"Alternateur Renault Claas - 14V\/80A | Cosses rondes, Moteur Deutz - Edel","description":"Alternateur Renault Claas - 14V \/ 80A | Cosses rondes, Moteur Deutz - 5512 5514 65.12 7012 7014 75.12 80.14 F 8012 8014 Dionis 140 Pales 240","robots":{"index":"index","follow":"follow","max-snippet":"max-snippet:-1","max-image-preview":"max-image-preview:large","max-video-preview":"max-video-preview:-1"},"canonical":"http:\/\/www.edel.fr\/produit\/alternateur-renault-claas-volt-ampere-14-80-cosses-rondes-moteur-deutz\/","og_locale":"en_US","og_type":"article","og_title":"Alternateur Renault Claas - 14V\/80A | Cosses rondes, Moteur Deutz - Edel","og_description":"Alternateur Renault Claas - 14V \/ 80A | Cosses rondes, Moteur Deutz - 5512 5514 65.12 7012 7014 75.12 80.14 F 8012 8014 Dionis 140 Pales 240","og_url":"http:\/\/www.edel.fr\/produit\/alternateur-renault-claas-volt-ampere-14-80-cosses-rondes-moteur-deutz\/","og_site_name":"Edel","article_modified_time":"2026-02-04T01:00:31+00:00","og_image":[{"width":1920,"height":1280,"url":"http:\/\/www.edel.fr\/uploads\/2019\/03\/A18.jpg","type":"image\/jpeg"}],"twitter_card":"summary_large_image","twitter_misc":{"Est. reading time":"1 minute"},"schema":{"@context":"https:\/\/schema.org","@graph":[{"@type":"WebPage","@id":"http:\/\/www.edel.fr\/produit\/alternateur-renault-claas-volt-ampere-14-80-cosses-rondes-moteur-deutz\/","url":"http:\/\/www.edel.fr\/produit\/alternateur-renault-claas-volt-ampere-14-80-cosses-rondes-moteur-deutz\/","name":"Alternateur Renault Claas - 14V\/80A | Cosses rondes, Moteur Deutz - Edel","isPartOf":{"@id":"https:\/\/www.edel.fr\/en\/#website"},"primaryImageOfPage":{"@id":"http:\/\/www.edel.fr\/produit\/alternateur-renault-claas-volt-ampere-14-80-cosses-rondes-moteur-deutz\/#primaryimage"},"image":{"@id":"http:\/\/www.edel.fr\/produit\/alternateur-renault-claas-volt-ampere-14-80-cosses-rondes-moteur-deutz\/#primaryimage"},"thumbnailUrl":"https:\/\/edel.fr\/uploads\/2019\/03\/A18.jpg","datePublished":"2019-03-11T08:24:02+00:00","dateModified":"2026-02-04T01:00:31+00:00","description":"Alternateur Renault Claas - 14V \/ 80A | Cosses rondes, Moteur Deutz - 5512 5514 65.12 7012 7014 75.12 80.14 F 8012 8014 Dionis 140 Pales 240","breadcrumb":{"@id":"http:\/\/www.edel.fr\/produit\/alternateur-renault-claas-volt-ampere-14-80-cosses-rondes-moteur-deutz\/#breadcrumb"},"inLanguage":"en-US","potentialAction":[{"@type":"ReadAction","target":["http:\/\/www.edel.fr\/produit\/alternateur-renault-claas-volt-ampere-14-80-cosses-rondes-moteur-deutz\/"]}]},{"@type":"ImageObject","inLanguage":"en-US","@id":"http:\/\/www.edel.fr\/produit\/alternateur-renault-claas-volt-ampere-14-80-cosses-rondes-moteur-deutz\/#primaryimage","url":"https:\/\/edel.fr\/uploads\/2019\/03\/A18.jpg","contentUrl":"https:\/\/edel.fr\/uploads\/2019\/03\/A18.jpg","width":1920,"height":1280,"caption":"Alternateur Renault Claas - 14V\/ 80A | Cosses rondes, Moteur Deutz"},{"@type":"BreadcrumbList","@id":"http:\/\/www.edel.fr\/produit\/alternateur-renault-claas-volt-ampere-14-80-cosses-rondes-moteur-deutz\/#breadcrumb","itemListElement":[{"@type":"ListItem","position":1,"name":"Pi\u00e8ce Tracteur","item":"https:\/\/www.edel.fr\/en\/"},{"@type":"ListItem","position":2,"name":"Toutes nos pi\u00e8ces Tracteur","item":"https:\/\/edel.fr\/shop\/"},{"@type":"ListItem","position":3,"name":"Alternateur Renault Claas &#8211; 14V\/80A | Cosses rondes, Moteur Deutz"}]},{"@type":"WebSite","@id":"https:\/\/www.edel.fr\/en\/#website","url":"https:\/\/www.edel.fr\/en\/","name":"Edel","description":"Pi\u00e8ce d\u00e9tach\u00e9e de Tracteur Agricole","publisher":{"@id":"https:\/\/www.edel.fr\/en\/#organization"},"potentialAction":[{"@type":"SearchAction","target":{"@type":"EntryPoint","urlTemplate":"https:\/\/www.edel.fr\/en\/?s={search_term_string}"},"query-input":{"@type":"PropertyValueSpecification","valueRequired":true,"valueName":"search_term_string"}}],"inLanguage":"en-US"},{"@type":"Organization","@id":"https:\/\/www.edel.fr\/en\/#organization","name":"Edel","url":"https:\/\/www.edel.fr\/en\/","logo":{"@type":"ImageObject","inLanguage":"en-US","@id":"https:\/\/www.edel.fr\/en\/#\/schema\/logo\/image\/","url":"https:\/\/www.edel.fr\/uploads\/2018\/11\/logo-edel.png","contentUrl":"https:\/\/www.edel.fr\/uploads\/2018\/11\/logo-edel.png","width":257,"height":68,"caption":"Edel"},"image":{"@id":"https:\/\/www.edel.fr\/en\/#\/schema\/logo\/image\/"}}]}},"_links":{"self":[{"href":"https:\/\/edel.fr\/en\/wp-json\/wp\/v2\/product\/5860","targetHints":{"allow":["GET"]}}],"collection":[{"href":"https:\/\/edel.fr\/en\/wp-json\/wp\/v2\/product"}],"about":[{"href":"https:\/\/edel.fr\/en\/wp-json\/wp\/v2\/types\/product"}],"version-history":[{"count":2,"href":"https:\/\/edel.fr\/en\/wp-json\/wp\/v2\/product\/5860\/revisions"}],"predecessor-version":[{"id":15172,"href":"https:\/\/edel.fr\/en\/wp-json\/wp\/v2\/product\/5860\/revisions\/15172"}],"wp:featuredmedia":[{"embeddable":true,"href":"https:\/\/edel.fr\/en\/wp-json\/wp\/v2\/media\/5601"}],"wp:attachment":[{"href":"https:\/\/edel.fr\/en\/wp-json\/wp\/v2\/media?parent=5860"}],"wp:term":[{"taxonomy":"product_brand","embeddable":true,"href":"https:\/\/edel.fr\/en\/wp-json\/wp\/v2\/product_brand?post=5860"},{"taxonomy":"product_cat","embeddable":true,"href":"https:\/\/edel.fr\/en\/wp-json\/wp\/v2\/product_cat?post=5860"},{"taxonomy":"product_tag","embeddable":true,"href":"https:\/\/edel.fr\/en\/wp-json\/wp\/v2\/product_tag?post=5860"},{"taxonomy":"tracteur","embeddable":true,"href":"https:\/\/edel.fr\/en\/wp-json\/wp\/v2\/tracteur?post=5860"}],"curies":[{"name":"wp","href":"https:\/\/api.w.org\/{rel}","templated":true}]}}