{"id":5861,"date":"2019-03-11T09:24:02","date_gmt":"2019-03-11T08:24:02","guid":{"rendered":"http:\/\/edel.stephanie.ct.webcd.lan\/shop\/alternateur-deutzfendtsteyr-volt-ampere-14-65-tendeur-a-droite\/"},"modified":"2026-02-06T02:00:16","modified_gmt":"2026-02-06T01:00:16","slug":"alternateur-deutzfendtsteyr-volt-ampere-14-65-tendeur-a-droite","status":"publish","type":"product","link":"https:\/\/edel.fr\/en\/product\/alternateur-deutzfendtsteyr-volt-ampere-14-65-tendeur-a-droite\/","title":{"rendered":"Alternateur Deutz &#8211; Fendt &#8211; Steyr &#8211; 14V \/ 65Amp\u00e8re, Tendeur \u00e0 droite"},"content":{"rendered":"<div data-elementor-type=\"wp-post\" data-elementor-id=\"5861\" class=\"elementor elementor-5861\">\n\t\t\t\t\t\t<section class=\"elementor-section elementor-top-section elementor-element elementor-element-44fceb03 elementor-section-boxed elementor-section-height-default elementor-section-height-default\" data-id=\"44fceb03\" data-element_type=\"section\" data-e-type=\"section\">\n\t\t\t\t\t\t<div class=\"elementor-container elementor-column-gap-default\">\n\t\t\t\t\t<div class=\"elementor-column elementor-col-100 elementor-top-column elementor-element elementor-element-55f4eb63\" data-id=\"55f4eb63\" data-element_type=\"column\" data-e-type=\"column\">\n\t\t\t<div class=\"elementor-widget-wrap elementor-element-populated\">\n\t\t\t\t\t\t<div class=\"elementor-element elementor-element-135eab6 elementor-widget elementor-widget-heading\" data-id=\"135eab6\" data-element_type=\"widget\" data-e-type=\"widget\" data-widget_type=\"heading.default\">\n\t\t\t\t<div class=\"elementor-widget-container\">\n\t\t\t\t\t<h2 class=\"elementor-heading-title elementor-size-default\">Alternateur Deutz - Fendt - Steyr - 14V \/ 65Amp\u00e8re, Tendeur \u00e0 droite<\/h2>\t\t\t\t<\/div>\n\t\t\t\t<\/div>\n\t\t\t\t<div class=\"elementor-element elementor-element-588d52f6 elementor-widget elementor-widget-heading\" data-id=\"588d52f6\" data-element_type=\"widget\" data-e-type=\"widget\" data-widget_type=\"heading.default\">\n\t\t\t\t<div class=\"elementor-widget-container\">\n\t\t\t\t\t<h3 class=\"elementor-heading-title elementor-size-default\">Information du produit :<\/h3>\t\t\t\t<\/div>\n\t\t\t\t<\/div>\n\t\t\t\t\t<\/div>\n\t\t<\/div>\n\t\t\t\t\t<\/div>\n\t\t<\/section>\n\t\t\t\t<section class=\"elementor-section elementor-top-section elementor-element elementor-element-4adf8977 elementor-section-boxed elementor-section-height-default elementor-section-height-default\" data-id=\"4adf8977\" data-element_type=\"section\" data-e-type=\"section\">\n\t\t\t\t\t\t<div class=\"elementor-container elementor-column-gap-default\">\n\t\t\t\t\t<div class=\"elementor-column elementor-col-100 elementor-top-column elementor-element elementor-element-11b52fd8\" data-id=\"11b52fd8\" data-element_type=\"column\" data-e-type=\"column\">\n\t\t\t<div class=\"elementor-widget-wrap elementor-element-populated\">\n\t\t\t\t\t\t<div class=\"elementor-element elementor-element-25fcb694 elementor-widget elementor-widget-text-editor\" data-id=\"25fcb694\" data-element_type=\"widget\" data-e-type=\"widget\" data-widget_type=\"text-editor.default\">\n\t\t\t\t<div class=\"elementor-widget-container\">\n\t\t\t\t\t\t\t\t\t<p>Votre alternateur g\u00e9n\u00e8re de l\u2019\u00e9nergie \u00e9lectrique en convertissant l&rsquo;\u00e9nergie cin\u00e9tique. Cette \u00e9nergie est stock\u00e9e par la batterie et consomm\u00e9e par les diff\u00e9rents organes \u00e9lectriques et \u00e9lectroniques.<\/p><p>C&rsquo;est pourquoi nous vous proposons une pi\u00e8ce de marque <a href=\"https:\/\/edel.fr\/en\/constructeur\/mahle\/\">Mahle<\/a> \/ <a href=\"https:\/\/edel.fr\/en\/constructeur\/letrika\/\">Letrika<\/a> reconnue pour sa fiabilit\u00e9<\/p><p>Deutz, Fendt, Steyr : 120, 270V, 280P, 308, 311LSA, 3700, 390, 4.57, 450, 4506, 4807, 5206, 5207, 6.11, 6.38, 6007, 610, 611, 612, 614, 6206, 6207, 6806, 7206, 7207, 7807, 80, 8075, 8110, 85, 90, 9083, 9115, 92, 975, Agrotron 4.47, DX110.<\/p><p><strong>R\u00e9f\u00e9rences du constructeur :<\/strong><\/p><p>BMW : 12 31 1 277 232, 12 31 1 277 502, 12 31 1 361 373, 12 31 1 361 824.<\/p><p>BOSCH : 0120489043, 0120489044, 0120489057, 0120489058, 0120489685, 0120489686, 0120489687, 0120489688, 0986030710, 0986031240.<\/p><p>CLAAS : 6005719368<\/p><p>HELLA : 8EL 725 578-001, 8EL 725 579-001, CA 124 IR, CA 125 IR.<\/p><p>LESTER : 14332, 20287, 20982, 20983.<\/p><p>LUCAS : LRA00981, LRA00982.<\/p><p>MAGNETI MARELLI : 9433 565 47, 9433 567 27, MAR 499, MAR 872.<\/p><p>MOTOROLA : 9 AR 2638 P, 9 AR 2810 L.<\/p><p>SPAREX : 359410<\/p><p>VALEO : 432 843, 436 136, 436 137, 436 286, NA 051.<\/p><p>Edel vous propose \u00e9galement une large gamme d&rsquo;alternateurs et d\u00e9marreurs pour des applications sp\u00e9cifiques, et de diff\u00e9rentes marques.<\/p><p>Donc, pour plus de renseignements, n&rsquo;h\u00e9sitez pas \u00e0 nous consulter !<\/p>\t\t\t\t\t\t\t\t<\/div>\n\t\t\t\t<\/div>\n\t\t\t\t\t<\/div>\n\t\t<\/div>\n\t\t\t\t\t<\/div>\n\t\t<\/section>\n\t\t\t\t<\/div>","protected":false},"excerpt":{"rendered":"<p>Alternateur Deutz &#8211; Fendt &#8211; Steyr &#8211; 14V \/ 65Amp\u00e8re, Tendeur \u00e0 droite Information du produit : Votre alternateur g\u00e9n\u00e8re de l\u2019\u00e9nergie \u00e9lectrique en convertissant l&rsquo;\u00e9nergie cin\u00e9tique. Cette \u00e9nergie est stock\u00e9e par la batterie et consomm\u00e9e par les diff\u00e9rents organes \u00e9lectriques et \u00e9lectroniques. C&rsquo;est pourquoi nous vous proposons une pi\u00e8ce de marque Mahle \/ Letrika<br \/><a class=\"more-link\" href=\"https:\/\/edel.fr\/en\/product\/alternateur-deutzfendtsteyr-volt-ampere-14-65-tendeur-a-droite\/\"><br \/>\n        Read More<span class=\"screen-reader-text\"> \u00ab\u00a0Alternateur Deutz &#8211; Fendt &#8211; Steyr &#8211; 14V \/ 65Amp\u00e8re, Tendeur \u00e0 droite\u00a0\u00bb<\/span><\/a><\/p>","protected":false},"featured_media":5602,"template":"","meta":[],"product_brand":[],"product_cat":[4023,4018,4033,164,154,119],"product_tag":[2459,180],"tracteur":[],"class_list":{"0":"post-5861","1":"product","2":"type-product","3":"status-publish","4":"has-post-thumbnail","6":"product_cat-alternateur-deutz","7":"product_cat-alternateur-fendt","8":"product_cat-alternateur-steyr","9":"product_cat-alternateurs","10":"product_cat-electricite","11":"product_cat-tracteurs-agricoles","12":"product_tag-alternateurs","13":"product_tag-electricite","14":"product_shipping_class-142","15":"pa_fabriquant-mahle","16":"pa_marque-tracteur-fendt","17":"pa_marque-tracteur-khd-deutz","18":"pa_marque-tracteur-steyr","19":"pa_modele-tracteur-agrotron","20":"pa_modele-tracteur-dx","21":"pa_modele-tracteur-tous-types","22":"pa_type-2-1237","23":"pa_type-2-270v","24":"pa_type-2-280p","25":"pa_type-2-1413","26":"pa_type-2-311lsa","27":"pa_type-2-1552","28":"pa_type-2-1314","29":"pa_type-2-4-57","30":"pa_type-2-1146","31":"pa_type-2-1225","32":"pa_type-2-1226","33":"pa_type-2-1227","34":"pa_type-2-1228","35":"pa_type-2-6-11","36":"pa_type-2-6-38","37":"pa_type-2-1229","38":"pa_type-2-1551","39":"pa_type-2-1415","40":"pa_type-2-1416","41":"pa_type-2-1417","42":"pa_type-2-1230","43":"pa_type-2-1231","44":"pa_type-2-1232","45":"pa_type-2-1233","46":"pa_type-2-1234","47":"pa_type-2-1235","48":"pa_type-2-1238","49":"pa_type-2-1251","50":"pa_type-2-1252","51":"pa_type-2-1239","52":"pa_type-2-1240","53":"pa_type-2-1253","54":"pa_type-2-1254","55":"pa_type-2-1241","56":"pa_type-2-1250","57":"pa_type-2-agrotron-4-47","58":"pa_type-2-dx110","59":"badges-style-2","61":"first","62":"instock","63":"taxable","64":"shipping-taxable","65":"purchasable","66":"product-type-simple"},"acf":[],"yoast_head":"<!-- This site is optimized with the Yoast SEO plugin v27.3 - https:\/\/yoast.com\/product\/yoast-seo-wordpress\/ -->\n<title>Alternateur Deutz - Fendt - Steyr - 14V \/ 65Amp\u00e8re, Tendeur \u00e0 droite - Edel<\/title>\n<meta name=\"description\" content=\"Alternateur Deutz - Fendt - Steyr - 14V\/65A, Tendeur \u00e0 droite - 120 270V 280P 308 3700 390 450 4807 5206 6.11 6007 610 612 6206 6806 7207 80 8110 975 DX110\" \/>\n<meta name=\"robots\" content=\"index, follow, max-snippet:-1, max-image-preview:large, max-video-preview:-1\" \/>\n<link rel=\"canonical\" href=\"https:\/\/edel.fr\/en\/product\/alternateur-deutzfendtsteyr-volt-ampere-14-65-tendeur-a-droite\/\" \/>\n<meta property=\"og:locale\" content=\"en_US\" \/>\n<meta property=\"og:type\" content=\"article\" \/>\n<meta property=\"og:title\" content=\"Alternateur Deutz - Fendt - Steyr - 14V \/ 65Amp\u00e8re, Tendeur \u00e0 droite - Edel\" \/>\n<meta property=\"og:description\" content=\"Alternateur Deutz - Fendt - Steyr - 14V\/65A, Tendeur \u00e0 droite - 120 270V 280P 308 3700 390 450 4807 5206 6.11 6007 610 612 6206 6806 7207 80 8110 975 DX110\" \/>\n<meta property=\"og:url\" content=\"https:\/\/edel.fr\/en\/product\/alternateur-deutzfendtsteyr-volt-ampere-14-65-tendeur-a-droite\/\" \/>\n<meta property=\"og:site_name\" content=\"Edel\" \/>\n<meta property=\"article:modified_time\" content=\"2026-02-06T01:00:16+00:00\" \/>\n<meta property=\"og:image\" content=\"https:\/\/edel.fr\/uploads\/2019\/03\/A19.jpg\" \/>\n\t<meta property=\"og:image:width\" content=\"1920\" \/>\n\t<meta property=\"og:image:height\" content=\"1280\" \/>\n\t<meta property=\"og:image:type\" content=\"image\/jpeg\" \/>\n<meta name=\"twitter:card\" content=\"summary_large_image\" \/>\n<meta name=\"twitter:label1\" content=\"Est. reading time\" \/>\n\t<meta name=\"twitter:data1\" content=\"2 minutes\" \/>\n<script type=\"application\/ld+json\" class=\"yoast-schema-graph\">{\"@context\":\"https:\\\/\\\/schema.org\",\"@graph\":[{\"@type\":\"WebPage\",\"@id\":\"https:\\\/\\\/edel.fr\\\/produit\\\/alternateur-deutzfendtsteyr-volt-ampere-14-65-tendeur-a-droite\\\/\",\"url\":\"https:\\\/\\\/edel.fr\\\/produit\\\/alternateur-deutzfendtsteyr-volt-ampere-14-65-tendeur-a-droite\\\/\",\"name\":\"Alternateur Deutz - Fendt - Steyr - 14V \\\/ 65Amp\u00e8re, Tendeur \u00e0 droite - Edel\",\"isPartOf\":{\"@id\":\"https:\\\/\\\/www.edel.fr\\\/en\\\/#website\"},\"primaryImageOfPage\":{\"@id\":\"https:\\\/\\\/edel.fr\\\/produit\\\/alternateur-deutzfendtsteyr-volt-ampere-14-65-tendeur-a-droite\\\/#primaryimage\"},\"image\":{\"@id\":\"https:\\\/\\\/edel.fr\\\/produit\\\/alternateur-deutzfendtsteyr-volt-ampere-14-65-tendeur-a-droite\\\/#primaryimage\"},\"thumbnailUrl\":\"https:\\\/\\\/edel.fr\\\/uploads\\\/2019\\\/03\\\/A19.jpg\",\"datePublished\":\"2019-03-11T08:24:02+00:00\",\"dateModified\":\"2026-02-06T01:00:16+00:00\",\"description\":\"Alternateur Deutz - Fendt - Steyr - 14V\\\/65A, Tendeur \u00e0 droite - 120 270V 280P 308 3700 390 450 4807 5206 6.11 6007 610 612 6206 6806 7207 80 8110 975 DX110\",\"breadcrumb\":{\"@id\":\"https:\\\/\\\/edel.fr\\\/produit\\\/alternateur-deutzfendtsteyr-volt-ampere-14-65-tendeur-a-droite\\\/#breadcrumb\"},\"inLanguage\":\"en-US\",\"potentialAction\":[{\"@type\":\"ReadAction\",\"target\":[\"https:\\\/\\\/edel.fr\\\/produit\\\/alternateur-deutzfendtsteyr-volt-ampere-14-65-tendeur-a-droite\\\/\"]}]},{\"@type\":\"ImageObject\",\"inLanguage\":\"en-US\",\"@id\":\"https:\\\/\\\/edel.fr\\\/produit\\\/alternateur-deutzfendtsteyr-volt-ampere-14-65-tendeur-a-droite\\\/#primaryimage\",\"url\":\"https:\\\/\\\/edel.fr\\\/uploads\\\/2019\\\/03\\\/A19.jpg\",\"contentUrl\":\"https:\\\/\\\/edel.fr\\\/uploads\\\/2019\\\/03\\\/A19.jpg\",\"width\":1920,\"height\":1280,\"caption\":\"Alternateur Deutz - Fendt - Steyr - 14V \\\/ 65Amp\u00e8re, Tendeur \u00e0 droite\"},{\"@type\":\"BreadcrumbList\",\"@id\":\"https:\\\/\\\/edel.fr\\\/produit\\\/alternateur-deutzfendtsteyr-volt-ampere-14-65-tendeur-a-droite\\\/#breadcrumb\",\"itemListElement\":[{\"@type\":\"ListItem\",\"position\":1,\"name\":\"Pi\u00e8ce Tracteur\",\"item\":\"https:\\\/\\\/www.edel.fr\\\/en\\\/\"},{\"@type\":\"ListItem\",\"position\":2,\"name\":\"Toutes nos pi\u00e8ces Tracteur\",\"item\":\"https:\\\/\\\/edel.fr\\\/shop\\\/\"},{\"@type\":\"ListItem\",\"position\":3,\"name\":\"Alternateur Deutz &#8211; Fendt &#8211; Steyr &#8211; 14V \\\/ 65Amp\u00e8re, Tendeur \u00e0 droite\"}]},{\"@type\":\"WebSite\",\"@id\":\"https:\\\/\\\/www.edel.fr\\\/en\\\/#website\",\"url\":\"https:\\\/\\\/www.edel.fr\\\/en\\\/\",\"name\":\"Edel\",\"description\":\"Pi\u00e8ce d\u00e9tach\u00e9e de Tracteur Agricole\",\"publisher\":{\"@id\":\"https:\\\/\\\/www.edel.fr\\\/en\\\/#organization\"},\"potentialAction\":[{\"@type\":\"SearchAction\",\"target\":{\"@type\":\"EntryPoint\",\"urlTemplate\":\"https:\\\/\\\/www.edel.fr\\\/en\\\/?s={search_term_string}\"},\"query-input\":{\"@type\":\"PropertyValueSpecification\",\"valueRequired\":true,\"valueName\":\"search_term_string\"}}],\"inLanguage\":\"en-US\"},{\"@type\":\"Organization\",\"@id\":\"https:\\\/\\\/www.edel.fr\\\/en\\\/#organization\",\"name\":\"Edel\",\"url\":\"https:\\\/\\\/www.edel.fr\\\/en\\\/\",\"logo\":{\"@type\":\"ImageObject\",\"inLanguage\":\"en-US\",\"@id\":\"https:\\\/\\\/www.edel.fr\\\/en\\\/#\\\/schema\\\/logo\\\/image\\\/\",\"url\":\"https:\\\/\\\/www.edel.fr\\\/uploads\\\/2018\\\/11\\\/logo-edel.png\",\"contentUrl\":\"https:\\\/\\\/www.edel.fr\\\/uploads\\\/2018\\\/11\\\/logo-edel.png\",\"width\":257,\"height\":68,\"caption\":\"Edel\"},\"image\":{\"@id\":\"https:\\\/\\\/www.edel.fr\\\/en\\\/#\\\/schema\\\/logo\\\/image\\\/\"}}]}<\/script>\n<!-- \/ Yoast SEO plugin. -->","yoast_head_json":{"title":"Alternateur Deutz - Fendt - Steyr - 14V \/ 65Amp\u00e8re, Tendeur \u00e0 droite - Edel","description":"Alternateur Deutz - Fendt - Steyr - 14V\/65A, Tendeur \u00e0 droite - 120 270V 280P 308 3700 390 450 4807 5206 6.11 6007 610 612 6206 6806 7207 80 8110 975 DX110","robots":{"index":"index","follow":"follow","max-snippet":"max-snippet:-1","max-image-preview":"max-image-preview:large","max-video-preview":"max-video-preview:-1"},"canonical":"https:\/\/edel.fr\/en\/product\/alternateur-deutzfendtsteyr-volt-ampere-14-65-tendeur-a-droite\/","og_locale":"en_US","og_type":"article","og_title":"Alternateur Deutz - Fendt - Steyr - 14V \/ 65Amp\u00e8re, Tendeur \u00e0 droite - Edel","og_description":"Alternateur Deutz - Fendt - Steyr - 14V\/65A, Tendeur \u00e0 droite - 120 270V 280P 308 3700 390 450 4807 5206 6.11 6007 610 612 6206 6806 7207 80 8110 975 DX110","og_url":"https:\/\/edel.fr\/en\/product\/alternateur-deutzfendtsteyr-volt-ampere-14-65-tendeur-a-droite\/","og_site_name":"Edel","article_modified_time":"2026-02-06T01:00:16+00:00","og_image":[{"width":1920,"height":1280,"url":"https:\/\/edel.fr\/uploads\/2019\/03\/A19.jpg","type":"image\/jpeg"}],"twitter_card":"summary_large_image","twitter_misc":{"Est. reading time":"2 minutes"},"schema":{"@context":"https:\/\/schema.org","@graph":[{"@type":"WebPage","@id":"https:\/\/edel.fr\/produit\/alternateur-deutzfendtsteyr-volt-ampere-14-65-tendeur-a-droite\/","url":"https:\/\/edel.fr\/produit\/alternateur-deutzfendtsteyr-volt-ampere-14-65-tendeur-a-droite\/","name":"Alternateur Deutz - Fendt - Steyr - 14V \/ 65Amp\u00e8re, Tendeur \u00e0 droite - Edel","isPartOf":{"@id":"https:\/\/www.edel.fr\/en\/#website"},"primaryImageOfPage":{"@id":"https:\/\/edel.fr\/produit\/alternateur-deutzfendtsteyr-volt-ampere-14-65-tendeur-a-droite\/#primaryimage"},"image":{"@id":"https:\/\/edel.fr\/produit\/alternateur-deutzfendtsteyr-volt-ampere-14-65-tendeur-a-droite\/#primaryimage"},"thumbnailUrl":"https:\/\/edel.fr\/uploads\/2019\/03\/A19.jpg","datePublished":"2019-03-11T08:24:02+00:00","dateModified":"2026-02-06T01:00:16+00:00","description":"Alternateur Deutz - Fendt - Steyr - 14V\/65A, Tendeur \u00e0 droite - 120 270V 280P 308 3700 390 450 4807 5206 6.11 6007 610 612 6206 6806 7207 80 8110 975 DX110","breadcrumb":{"@id":"https:\/\/edel.fr\/produit\/alternateur-deutzfendtsteyr-volt-ampere-14-65-tendeur-a-droite\/#breadcrumb"},"inLanguage":"en-US","potentialAction":[{"@type":"ReadAction","target":["https:\/\/edel.fr\/produit\/alternateur-deutzfendtsteyr-volt-ampere-14-65-tendeur-a-droite\/"]}]},{"@type":"ImageObject","inLanguage":"en-US","@id":"https:\/\/edel.fr\/produit\/alternateur-deutzfendtsteyr-volt-ampere-14-65-tendeur-a-droite\/#primaryimage","url":"https:\/\/edel.fr\/uploads\/2019\/03\/A19.jpg","contentUrl":"https:\/\/edel.fr\/uploads\/2019\/03\/A19.jpg","width":1920,"height":1280,"caption":"Alternateur Deutz - Fendt - Steyr - 14V \/ 65Amp\u00e8re, Tendeur \u00e0 droite"},{"@type":"BreadcrumbList","@id":"https:\/\/edel.fr\/produit\/alternateur-deutzfendtsteyr-volt-ampere-14-65-tendeur-a-droite\/#breadcrumb","itemListElement":[{"@type":"ListItem","position":1,"name":"Pi\u00e8ce Tracteur","item":"https:\/\/www.edel.fr\/en\/"},{"@type":"ListItem","position":2,"name":"Toutes nos pi\u00e8ces Tracteur","item":"https:\/\/edel.fr\/shop\/"},{"@type":"ListItem","position":3,"name":"Alternateur Deutz &#8211; Fendt &#8211; Steyr &#8211; 14V \/ 65Amp\u00e8re, Tendeur \u00e0 droite"}]},{"@type":"WebSite","@id":"https:\/\/www.edel.fr\/en\/#website","url":"https:\/\/www.edel.fr\/en\/","name":"Edel","description":"Pi\u00e8ce d\u00e9tach\u00e9e de Tracteur Agricole","publisher":{"@id":"https:\/\/www.edel.fr\/en\/#organization"},"potentialAction":[{"@type":"SearchAction","target":{"@type":"EntryPoint","urlTemplate":"https:\/\/www.edel.fr\/en\/?s={search_term_string}"},"query-input":{"@type":"PropertyValueSpecification","valueRequired":true,"valueName":"search_term_string"}}],"inLanguage":"en-US"},{"@type":"Organization","@id":"https:\/\/www.edel.fr\/en\/#organization","name":"Edel","url":"https:\/\/www.edel.fr\/en\/","logo":{"@type":"ImageObject","inLanguage":"en-US","@id":"https:\/\/www.edel.fr\/en\/#\/schema\/logo\/image\/","url":"https:\/\/www.edel.fr\/uploads\/2018\/11\/logo-edel.png","contentUrl":"https:\/\/www.edel.fr\/uploads\/2018\/11\/logo-edel.png","width":257,"height":68,"caption":"Edel"},"image":{"@id":"https:\/\/www.edel.fr\/en\/#\/schema\/logo\/image\/"}}]}},"_links":{"self":[{"href":"https:\/\/edel.fr\/en\/wp-json\/wp\/v2\/product\/5861","targetHints":{"allow":["GET"]}}],"collection":[{"href":"https:\/\/edel.fr\/en\/wp-json\/wp\/v2\/product"}],"about":[{"href":"https:\/\/edel.fr\/en\/wp-json\/wp\/v2\/types\/product"}],"version-history":[{"count":2,"href":"https:\/\/edel.fr\/en\/wp-json\/wp\/v2\/product\/5861\/revisions"}],"predecessor-version":[{"id":15146,"href":"https:\/\/edel.fr\/en\/wp-json\/wp\/v2\/product\/5861\/revisions\/15146"}],"wp:featuredmedia":[{"embeddable":true,"href":"https:\/\/edel.fr\/en\/wp-json\/wp\/v2\/media\/5602"}],"wp:attachment":[{"href":"https:\/\/edel.fr\/en\/wp-json\/wp\/v2\/media?parent=5861"}],"wp:term":[{"taxonomy":"product_brand","embeddable":true,"href":"https:\/\/edel.fr\/en\/wp-json\/wp\/v2\/product_brand?post=5861"},{"taxonomy":"product_cat","embeddable":true,"href":"https:\/\/edel.fr\/en\/wp-json\/wp\/v2\/product_cat?post=5861"},{"taxonomy":"product_tag","embeddable":true,"href":"https:\/\/edel.fr\/en\/wp-json\/wp\/v2\/product_tag?post=5861"},{"taxonomy":"tracteur","embeddable":true,"href":"https:\/\/edel.fr\/en\/wp-json\/wp\/v2\/tracteur?post=5861"}],"curies":[{"name":"wp","href":"https:\/\/api.w.org\/{rel}","templated":true}]}}