{"id":5862,"date":"2019-03-11T09:24:09","date_gmt":"2019-03-11T08:24:09","guid":{"rendered":"http:\/\/edel.stephanie.ct.webcd.lan\/shop\/alternateur-john-deererenault-claas-volt-ampere-14-95\/"},"modified":"2026-03-11T02:00:28","modified_gmt":"2026-03-11T01:00:28","slug":"alternateur-john-deererenault-claas-volt-ampere-14-95","status":"publish","type":"product","link":"https:\/\/edel.fr\/en\/product\/alternateur-john-deererenault-claas-volt-ampere-14-95\/","title":{"rendered":"Alternateur John Deere, Renault Claas &#8211; 14 Volt \/ 95 Amp\u00e8re"},"content":{"rendered":"<div data-elementor-type=\"wp-post\" data-elementor-id=\"5862\" class=\"elementor elementor-5862\">\n\t\t\t\t\t\t<section class=\"elementor-section elementor-top-section elementor-element elementor-element-65a860dd elementor-section-boxed elementor-section-height-default elementor-section-height-default\" data-id=\"65a860dd\" data-element_type=\"section\" data-e-type=\"section\">\n\t\t\t\t\t\t<div class=\"elementor-container elementor-column-gap-default\">\n\t\t\t\t\t<div class=\"elementor-column elementor-col-100 elementor-top-column elementor-element elementor-element-c0e2de6\" data-id=\"c0e2de6\" data-element_type=\"column\" data-e-type=\"column\">\n\t\t\t<div class=\"elementor-widget-wrap elementor-element-populated\">\n\t\t\t\t\t\t<div class=\"elementor-element elementor-element-41a29bb9 elementor-widget elementor-widget-heading\" data-id=\"41a29bb9\" data-element_type=\"widget\" data-e-type=\"widget\" data-widget_type=\"heading.default\">\n\t\t\t\t<div class=\"elementor-widget-container\">\n\t\t\t\t\t<h2 class=\"elementor-heading-title elementor-size-default\">Alternateur John Deere, Renault Claas - 14 Volt \/ 95 Amp\u00e8re<\/h2>\t\t\t\t<\/div>\n\t\t\t\t<\/div>\n\t\t\t\t<div class=\"elementor-element elementor-element-7d77c331 elementor-widget elementor-widget-heading\" data-id=\"7d77c331\" data-element_type=\"widget\" data-e-type=\"widget\" data-widget_type=\"heading.default\">\n\t\t\t\t<div class=\"elementor-widget-container\">\n\t\t\t\t\t<h3 class=\"elementor-heading-title elementor-size-default\">Information du produit :<\/h3>\t\t\t\t<\/div>\n\t\t\t\t<\/div>\n\t\t\t\t\t<\/div>\n\t\t<\/div>\n\t\t\t\t\t<\/div>\n\t\t<\/section>\n\t\t\t\t<section class=\"elementor-section elementor-top-section elementor-element elementor-element-5827a13e elementor-section-boxed elementor-section-height-default elementor-section-height-default\" data-id=\"5827a13e\" data-element_type=\"section\" data-e-type=\"section\">\n\t\t\t\t\t\t<div class=\"elementor-container elementor-column-gap-default\">\n\t\t\t\t\t<div class=\"elementor-column elementor-col-100 elementor-top-column elementor-element elementor-element-63935252\" data-id=\"63935252\" data-element_type=\"column\" data-e-type=\"column\">\n\t\t\t<div class=\"elementor-widget-wrap elementor-element-populated\">\n\t\t\t\t\t\t<div class=\"elementor-element elementor-element-35807ee5 elementor-widget elementor-widget-text-editor\" data-id=\"35807ee5\" data-element_type=\"widget\" data-e-type=\"widget\" data-widget_type=\"text-editor.default\">\n\t\t\t\t<div class=\"elementor-widget-container\">\n\t\t\t\t\t\t\t\t\t<p>Votre alternateur g\u00e9n\u00e8re de l\u2019\u00e9nergie \u00e9lectrique en convertissant l&rsquo;\u00e9nergie cin\u00e9tique. Cette \u00e9nergie est stock\u00e9e par la batterie et consomm\u00e9e par les diff\u00e9rents organes \u00e9lectriques et \u00e9lectroniques.<\/p><p>C&rsquo;est pourquoi nous vous proposons une pi\u00e8ce de marque <a href=\"https:\/\/edel.fr\/en\/constructeur\/mahle\/\">Mahle<\/a> \/ <a href=\"https:\/\/edel.fr\/en\/constructeur\/letrika\/\">Letrika<\/a> reconnue pour sa fiabilit\u00e9.<\/p><p>John Deere, Renault Claas : 2064, 2066, 2650, 2850 CLIM, 3100, 3200, 3300, 335, 3350, 3400, 345, 3650, 4040, 4055, 4230, 4240, 4255, 4350, 4680 US, 540MX, 556, 6100, 620, 6200, 630, 6300, 6400, 650, 6500, 656, 6800, 6900, Ares 550X, Celtis 456, Ceres 325, MB2000, Temis 550.<\/p><p><strong>R\u00e9f\u00e9rences du constructeur :<\/strong><\/p><p>CLAAS : 6005706660<\/p><p>CNH \/ FIAT AGRI : 73327980<\/p><p>LESTER : 12547<\/p><p>RENAULT : 77 00 036 536<\/p><p>SPAREX : 36164<\/p><p>Edel vous propose \u00e9galement une large gamme d&rsquo;alternateurs et d\u00e9marreurs pour des applications sp\u00e9cifiques, et de diff\u00e9rentes marques.<\/p><p>Donc, pour plus de renseignements, n&rsquo;h\u00e9sitez pas \u00e0 nous consulter !<\/p>\t\t\t\t\t\t\t\t<\/div>\n\t\t\t\t<\/div>\n\t\t\t\t\t<\/div>\n\t\t<\/div>\n\t\t\t\t\t<\/div>\n\t\t<\/section>\n\t\t\t\t<\/div>","protected":false},"excerpt":{"rendered":"<p>Alternateur John Deere, Renault Claas &#8211; 14 Volt \/ 95 Amp\u00e8re Information du produit : Votre alternateur g\u00e9n\u00e8re de l\u2019\u00e9nergie \u00e9lectrique en convertissant l&rsquo;\u00e9nergie cin\u00e9tique. Cette \u00e9nergie est stock\u00e9e par la batterie et consomm\u00e9e par les diff\u00e9rents organes \u00e9lectriques et \u00e9lectroniques. C&rsquo;est pourquoi nous vous proposons une pi\u00e8ce de marque Mahle \/ Letrika reconnue pour<br \/><a class=\"more-link\" href=\"https:\/\/edel.fr\/en\/product\/alternateur-john-deererenault-claas-volt-ampere-14-95\/\"><br \/>\n        Read More<span class=\"screen-reader-text\"> \u00ab\u00a0Alternateur John Deere, Renault Claas &#8211; 14 Volt \/ 95 Amp\u00e8re\u00a0\u00bb<\/span><\/a><\/p>","protected":false},"featured_media":5603,"template":"","meta":[],"product_brand":[],"product_cat":[4022,4032,164,154,119],"product_tag":[2459,180],"tracteur":[],"class_list":{"0":"post-5862","1":"product","2":"type-product","3":"status-publish","4":"has-post-thumbnail","6":"product_cat-alternateur-john-deere","7":"product_cat-alternateur-renault-claas","8":"product_cat-alternateurs","9":"product_cat-electricite","10":"product_cat-tracteurs-agricoles","11":"product_tag-alternateurs","12":"product_tag-electricite","13":"product_shipping_class-142","14":"pa_fabriquant-mahle","15":"pa_marque-tracteur-john-deere","16":"pa_marque-tracteur-renault-claas","17":"pa_modele-tracteur-ares","18":"pa_modele-tracteur-celtis","19":"pa_modele-tracteur-ceres","20":"pa_modele-tracteur-cergos","21":"pa_modele-tracteur-ergos","22":"pa_modele-tracteur-moteur-john-deere","23":"pa_modele-tracteur-temis","24":"pa_type-2-1576","25":"pa_type-2-1577","26":"pa_type-2-1442","27":"pa_type-2-2850-clim","28":"pa_type-2-1558","29":"pa_type-2-1559","30":"pa_type-2-1560","31":"pa_type-2-1579","32":"pa_type-2-1561","33":"pa_type-2-1562","34":"pa_type-2-1580","35":"pa_type-2-1563","36":"pa_type-2-1564","37":"pa_type-2-1565","38":"pa_type-2-1299","39":"pa_type-2-1300","40":"pa_type-2-1327","41":"pa_type-2-1566","42":"pa_type-2-4680-us","43":"pa_type-2-540mx","44":"pa_type-2-1582","45":"pa_type-2-1568","46":"pa_type-2-1584","47":"pa_type-2-1569","48":"pa_type-2-1585","49":"pa_type-2-1570","50":"pa_type-2-1571","51":"pa_type-2-1586","52":"pa_type-2-1572","53":"pa_type-2-1583","54":"pa_type-2-1573","55":"pa_type-2-1574","56":"pa_type-2-ares-550x","57":"pa_type-2-celtis-456","58":"pa_type-2-ceres-325","59":"pa_type-2-mb2000","60":"pa_type-2-temis-550","61":"badges-style-2","63":"first","64":"instock","65":"taxable","66":"shipping-taxable","67":"purchasable","68":"product-type-simple"},"acf":[],"yoast_head":"<!-- This site is optimized with the Yoast SEO plugin v27.3 - https:\/\/yoast.com\/product\/yoast-seo-wordpress\/ -->\n<title>Alternateur John Deere, Renault Claas - 14 Volt \/ 95 Amp\u00e8re - Edel<\/title>\n<meta name=\"description\" content=\"Alternateur John Deere, Renault Claas - 14 Volt \/ 95 Amp\u00e8re - 2064 2650 3100 335 3400 345 3650 4040 4230 4255 4350 540MX 556 6100 620 6300 650 6900\" \/>\n<meta name=\"robots\" content=\"index, follow, max-snippet:-1, max-image-preview:large, max-video-preview:-1\" \/>\n<link rel=\"canonical\" href=\"https:\/\/edel.fr\/en\/product\/alternateur-john-deererenault-claas-volt-ampere-14-95\/\" \/>\n<meta property=\"og:locale\" content=\"en_US\" \/>\n<meta property=\"og:type\" content=\"article\" \/>\n<meta property=\"og:title\" content=\"Alternateur John Deere, Renault Claas - 14 Volt \/ 95 Amp\u00e8re - Edel\" \/>\n<meta property=\"og:description\" content=\"Alternateur John Deere, Renault Claas - 14 Volt \/ 95 Amp\u00e8re - 2064 2650 3100 335 3400 345 3650 4040 4230 4255 4350 540MX 556 6100 620 6300 650 6900\" \/>\n<meta property=\"og:url\" content=\"https:\/\/edel.fr\/en\/product\/alternateur-john-deererenault-claas-volt-ampere-14-95\/\" \/>\n<meta property=\"og:site_name\" content=\"Edel\" \/>\n<meta property=\"article:modified_time\" content=\"2026-03-11T01:00:28+00:00\" \/>\n<meta property=\"og:image\" content=\"https:\/\/edel.fr\/uploads\/2019\/03\/A20.jpg\" \/>\n\t<meta property=\"og:image:width\" content=\"1920\" \/>\n\t<meta property=\"og:image:height\" content=\"1280\" \/>\n\t<meta property=\"og:image:type\" content=\"image\/jpeg\" \/>\n<meta name=\"twitter:card\" content=\"summary_large_image\" \/>\n<meta name=\"twitter:label1\" content=\"Est. reading time\" \/>\n\t<meta name=\"twitter:data1\" content=\"1 minute\" \/>\n<script type=\"application\/ld+json\" class=\"yoast-schema-graph\">{\"@context\":\"https:\\\/\\\/schema.org\",\"@graph\":[{\"@type\":\"WebPage\",\"@id\":\"https:\\\/\\\/edel.fr\\\/produit\\\/alternateur-john-deererenault-claas-volt-ampere-14-95\\\/\",\"url\":\"https:\\\/\\\/edel.fr\\\/produit\\\/alternateur-john-deererenault-claas-volt-ampere-14-95\\\/\",\"name\":\"Alternateur John Deere, Renault Claas - 14 Volt \\\/ 95 Amp\u00e8re - Edel\",\"isPartOf\":{\"@id\":\"https:\\\/\\\/www.edel.fr\\\/en\\\/#website\"},\"primaryImageOfPage\":{\"@id\":\"https:\\\/\\\/edel.fr\\\/produit\\\/alternateur-john-deererenault-claas-volt-ampere-14-95\\\/#primaryimage\"},\"image\":{\"@id\":\"https:\\\/\\\/edel.fr\\\/produit\\\/alternateur-john-deererenault-claas-volt-ampere-14-95\\\/#primaryimage\"},\"thumbnailUrl\":\"https:\\\/\\\/edel.fr\\\/uploads\\\/2019\\\/03\\\/A20.jpg\",\"datePublished\":\"2019-03-11T08:24:09+00:00\",\"dateModified\":\"2026-03-11T01:00:28+00:00\",\"description\":\"Alternateur John Deere, Renault Claas - 14 Volt \\\/ 95 Amp\u00e8re - 2064 2650 3100 335 3400 345 3650 4040 4230 4255 4350 540MX 556 6100 620 6300 650 6900\",\"breadcrumb\":{\"@id\":\"https:\\\/\\\/edel.fr\\\/produit\\\/alternateur-john-deererenault-claas-volt-ampere-14-95\\\/#breadcrumb\"},\"inLanguage\":\"en-US\",\"potentialAction\":[{\"@type\":\"ReadAction\",\"target\":[\"https:\\\/\\\/edel.fr\\\/produit\\\/alternateur-john-deererenault-claas-volt-ampere-14-95\\\/\"]}]},{\"@type\":\"ImageObject\",\"inLanguage\":\"en-US\",\"@id\":\"https:\\\/\\\/edel.fr\\\/produit\\\/alternateur-john-deererenault-claas-volt-ampere-14-95\\\/#primaryimage\",\"url\":\"https:\\\/\\\/edel.fr\\\/uploads\\\/2019\\\/03\\\/A20.jpg\",\"contentUrl\":\"https:\\\/\\\/edel.fr\\\/uploads\\\/2019\\\/03\\\/A20.jpg\",\"width\":1920,\"height\":1280,\"caption\":\"Alternateur - John Deere, Renault Claas - 14 Volt \\\/ 95 Amp\u00e8re\"},{\"@type\":\"BreadcrumbList\",\"@id\":\"https:\\\/\\\/edel.fr\\\/produit\\\/alternateur-john-deererenault-claas-volt-ampere-14-95\\\/#breadcrumb\",\"itemListElement\":[{\"@type\":\"ListItem\",\"position\":1,\"name\":\"Pi\u00e8ce Tracteur\",\"item\":\"https:\\\/\\\/www.edel.fr\\\/en\\\/\"},{\"@type\":\"ListItem\",\"position\":2,\"name\":\"Toutes nos pi\u00e8ces Tracteur\",\"item\":\"https:\\\/\\\/edel.fr\\\/shop\\\/\"},{\"@type\":\"ListItem\",\"position\":3,\"name\":\"Alternateur John Deere, Renault Claas &#8211; 14 Volt \\\/ 95 Amp\u00e8re\"}]},{\"@type\":\"WebSite\",\"@id\":\"https:\\\/\\\/www.edel.fr\\\/en\\\/#website\",\"url\":\"https:\\\/\\\/www.edel.fr\\\/en\\\/\",\"name\":\"Edel\",\"description\":\"Pi\u00e8ce d\u00e9tach\u00e9e de Tracteur Agricole\",\"publisher\":{\"@id\":\"https:\\\/\\\/www.edel.fr\\\/en\\\/#organization\"},\"potentialAction\":[{\"@type\":\"SearchAction\",\"target\":{\"@type\":\"EntryPoint\",\"urlTemplate\":\"https:\\\/\\\/www.edel.fr\\\/en\\\/?s={search_term_string}\"},\"query-input\":{\"@type\":\"PropertyValueSpecification\",\"valueRequired\":true,\"valueName\":\"search_term_string\"}}],\"inLanguage\":\"en-US\"},{\"@type\":\"Organization\",\"@id\":\"https:\\\/\\\/www.edel.fr\\\/en\\\/#organization\",\"name\":\"Edel\",\"url\":\"https:\\\/\\\/www.edel.fr\\\/en\\\/\",\"logo\":{\"@type\":\"ImageObject\",\"inLanguage\":\"en-US\",\"@id\":\"https:\\\/\\\/www.edel.fr\\\/en\\\/#\\\/schema\\\/logo\\\/image\\\/\",\"url\":\"https:\\\/\\\/www.edel.fr\\\/uploads\\\/2018\\\/11\\\/logo-edel.png\",\"contentUrl\":\"https:\\\/\\\/www.edel.fr\\\/uploads\\\/2018\\\/11\\\/logo-edel.png\",\"width\":257,\"height\":68,\"caption\":\"Edel\"},\"image\":{\"@id\":\"https:\\\/\\\/www.edel.fr\\\/en\\\/#\\\/schema\\\/logo\\\/image\\\/\"}}]}<\/script>\n<!-- \/ Yoast SEO plugin. -->","yoast_head_json":{"title":"Alternateur John Deere, Renault Claas - 14 Volt \/ 95 Amp\u00e8re - Edel","description":"Alternateur John Deere, Renault Claas - 14 Volt \/ 95 Amp\u00e8re - 2064 2650 3100 335 3400 345 3650 4040 4230 4255 4350 540MX 556 6100 620 6300 650 6900","robots":{"index":"index","follow":"follow","max-snippet":"max-snippet:-1","max-image-preview":"max-image-preview:large","max-video-preview":"max-video-preview:-1"},"canonical":"https:\/\/edel.fr\/en\/product\/alternateur-john-deererenault-claas-volt-ampere-14-95\/","og_locale":"en_US","og_type":"article","og_title":"Alternateur John Deere, Renault Claas - 14 Volt \/ 95 Amp\u00e8re - Edel","og_description":"Alternateur John Deere, Renault Claas - 14 Volt \/ 95 Amp\u00e8re - 2064 2650 3100 335 3400 345 3650 4040 4230 4255 4350 540MX 556 6100 620 6300 650 6900","og_url":"https:\/\/edel.fr\/en\/product\/alternateur-john-deererenault-claas-volt-ampere-14-95\/","og_site_name":"Edel","article_modified_time":"2026-03-11T01:00:28+00:00","og_image":[{"width":1920,"height":1280,"url":"https:\/\/edel.fr\/uploads\/2019\/03\/A20.jpg","type":"image\/jpeg"}],"twitter_card":"summary_large_image","twitter_misc":{"Est. reading time":"1 minute"},"schema":{"@context":"https:\/\/schema.org","@graph":[{"@type":"WebPage","@id":"https:\/\/edel.fr\/produit\/alternateur-john-deererenault-claas-volt-ampere-14-95\/","url":"https:\/\/edel.fr\/produit\/alternateur-john-deererenault-claas-volt-ampere-14-95\/","name":"Alternateur John Deere, Renault Claas - 14 Volt \/ 95 Amp\u00e8re - Edel","isPartOf":{"@id":"https:\/\/www.edel.fr\/en\/#website"},"primaryImageOfPage":{"@id":"https:\/\/edel.fr\/produit\/alternateur-john-deererenault-claas-volt-ampere-14-95\/#primaryimage"},"image":{"@id":"https:\/\/edel.fr\/produit\/alternateur-john-deererenault-claas-volt-ampere-14-95\/#primaryimage"},"thumbnailUrl":"https:\/\/edel.fr\/uploads\/2019\/03\/A20.jpg","datePublished":"2019-03-11T08:24:09+00:00","dateModified":"2026-03-11T01:00:28+00:00","description":"Alternateur John Deere, Renault Claas - 14 Volt \/ 95 Amp\u00e8re - 2064 2650 3100 335 3400 345 3650 4040 4230 4255 4350 540MX 556 6100 620 6300 650 6900","breadcrumb":{"@id":"https:\/\/edel.fr\/produit\/alternateur-john-deererenault-claas-volt-ampere-14-95\/#breadcrumb"},"inLanguage":"en-US","potentialAction":[{"@type":"ReadAction","target":["https:\/\/edel.fr\/produit\/alternateur-john-deererenault-claas-volt-ampere-14-95\/"]}]},{"@type":"ImageObject","inLanguage":"en-US","@id":"https:\/\/edel.fr\/produit\/alternateur-john-deererenault-claas-volt-ampere-14-95\/#primaryimage","url":"https:\/\/edel.fr\/uploads\/2019\/03\/A20.jpg","contentUrl":"https:\/\/edel.fr\/uploads\/2019\/03\/A20.jpg","width":1920,"height":1280,"caption":"Alternateur - John Deere, Renault Claas - 14 Volt \/ 95 Amp\u00e8re"},{"@type":"BreadcrumbList","@id":"https:\/\/edel.fr\/produit\/alternateur-john-deererenault-claas-volt-ampere-14-95\/#breadcrumb","itemListElement":[{"@type":"ListItem","position":1,"name":"Pi\u00e8ce Tracteur","item":"https:\/\/www.edel.fr\/en\/"},{"@type":"ListItem","position":2,"name":"Toutes nos pi\u00e8ces Tracteur","item":"https:\/\/edel.fr\/shop\/"},{"@type":"ListItem","position":3,"name":"Alternateur John Deere, Renault Claas &#8211; 14 Volt \/ 95 Amp\u00e8re"}]},{"@type":"WebSite","@id":"https:\/\/www.edel.fr\/en\/#website","url":"https:\/\/www.edel.fr\/en\/","name":"Edel","description":"Pi\u00e8ce d\u00e9tach\u00e9e de Tracteur Agricole","publisher":{"@id":"https:\/\/www.edel.fr\/en\/#organization"},"potentialAction":[{"@type":"SearchAction","target":{"@type":"EntryPoint","urlTemplate":"https:\/\/www.edel.fr\/en\/?s={search_term_string}"},"query-input":{"@type":"PropertyValueSpecification","valueRequired":true,"valueName":"search_term_string"}}],"inLanguage":"en-US"},{"@type":"Organization","@id":"https:\/\/www.edel.fr\/en\/#organization","name":"Edel","url":"https:\/\/www.edel.fr\/en\/","logo":{"@type":"ImageObject","inLanguage":"en-US","@id":"https:\/\/www.edel.fr\/en\/#\/schema\/logo\/image\/","url":"https:\/\/www.edel.fr\/uploads\/2018\/11\/logo-edel.png","contentUrl":"https:\/\/www.edel.fr\/uploads\/2018\/11\/logo-edel.png","width":257,"height":68,"caption":"Edel"},"image":{"@id":"https:\/\/www.edel.fr\/en\/#\/schema\/logo\/image\/"}}]}},"_links":{"self":[{"href":"https:\/\/edel.fr\/en\/wp-json\/wp\/v2\/product\/5862","targetHints":{"allow":["GET"]}}],"collection":[{"href":"https:\/\/edel.fr\/en\/wp-json\/wp\/v2\/product"}],"about":[{"href":"https:\/\/edel.fr\/en\/wp-json\/wp\/v2\/types\/product"}],"version-history":[{"count":2,"href":"https:\/\/edel.fr\/en\/wp-json\/wp\/v2\/product\/5862\/revisions"}],"predecessor-version":[{"id":15154,"href":"https:\/\/edel.fr\/en\/wp-json\/wp\/v2\/product\/5862\/revisions\/15154"}],"wp:featuredmedia":[{"embeddable":true,"href":"https:\/\/edel.fr\/en\/wp-json\/wp\/v2\/media\/5603"}],"wp:attachment":[{"href":"https:\/\/edel.fr\/en\/wp-json\/wp\/v2\/media?parent=5862"}],"wp:term":[{"taxonomy":"product_brand","embeddable":true,"href":"https:\/\/edel.fr\/en\/wp-json\/wp\/v2\/product_brand?post=5862"},{"taxonomy":"product_cat","embeddable":true,"href":"https:\/\/edel.fr\/en\/wp-json\/wp\/v2\/product_cat?post=5862"},{"taxonomy":"product_tag","embeddable":true,"href":"https:\/\/edel.fr\/en\/wp-json\/wp\/v2\/product_tag?post=5862"},{"taxonomy":"tracteur","embeddable":true,"href":"https:\/\/edel.fr\/en\/wp-json\/wp\/v2\/tracteur?post=5862"}],"curies":[{"name":"wp","href":"https:\/\/api.w.org\/{rel}","templated":true}]}}