{"id":5864,"date":"2019-03-11T09:24:09","date_gmt":"2019-03-11T08:24:09","guid":{"rendered":"http:\/\/edel.stephanie.ct.webcd.lan\/shop\/alternateur-case-ihdavid-brownford-new-hollandlandinimassey-fergusonsteyrzetor-volt-ampere-14-70\/"},"modified":"2026-02-04T02:00:41","modified_gmt":"2026-02-04T01:00:41","slug":"alternateur-case-ihdavid-brownford-new-hollandlandinimassey-fergusonsteyrzetor-volt-ampere-14-70","status":"publish","type":"product","link":"https:\/\/edel.fr\/en\/product\/alternateur-case-ihdavid-brownford-new-hollandlandinimassey-fergusonsteyrzetor-volt-ampere-14-70\/","title":{"rendered":"Alternateur &#8211; Ford, Case IH, Landini, MF, Steyr, Zetor &#8211; 14V\/70A"},"content":{"rendered":"<div data-elementor-type=\"wp-post\" data-elementor-id=\"5864\" class=\"elementor elementor-5864\">\n\t\t\t\t\t\t<section class=\"elementor-section elementor-top-section elementor-element elementor-element-2241470d elementor-section-boxed elementor-section-height-default elementor-section-height-default\" data-id=\"2241470d\" data-element_type=\"section\" data-e-type=\"section\">\n\t\t\t\t\t\t<div class=\"elementor-container elementor-column-gap-default\">\n\t\t\t\t\t<div class=\"elementor-column elementor-col-100 elementor-top-column elementor-element elementor-element-30f07666\" data-id=\"30f07666\" data-element_type=\"column\" data-e-type=\"column\">\n\t\t\t<div class=\"elementor-widget-wrap elementor-element-populated\">\n\t\t\t\t\t\t<div class=\"elementor-element elementor-element-6bcf23a6 elementor-widget elementor-widget-heading\" data-id=\"6bcf23a6\" data-element_type=\"widget\" data-e-type=\"widget\" data-widget_type=\"heading.default\">\n\t\t\t\t<div class=\"elementor-widget-container\">\n\t\t\t\t\t<h2 class=\"elementor-heading-title elementor-size-default\">Alternateur - Ford, Case IH, David Brown, Landini, MF, Steyr, Zetor - 14V\/70A<\/h2>\t\t\t\t<\/div>\n\t\t\t\t<\/div>\n\t\t\t\t<div class=\"elementor-element elementor-element-2ee24fa8 elementor-widget elementor-widget-heading\" data-id=\"2ee24fa8\" data-element_type=\"widget\" data-e-type=\"widget\" data-widget_type=\"heading.default\">\n\t\t\t\t<div class=\"elementor-widget-container\">\n\t\t\t\t\t<h3 class=\"elementor-heading-title elementor-size-default\">Information du produit :<\/h3>\t\t\t\t<\/div>\n\t\t\t\t<\/div>\n\t\t\t\t\t<\/div>\n\t\t<\/div>\n\t\t\t\t\t<\/div>\n\t\t<\/section>\n\t\t\t\t<section class=\"elementor-section elementor-top-section elementor-element elementor-element-6efe58a5 elementor-section-boxed elementor-section-height-default elementor-section-height-default\" data-id=\"6efe58a5\" data-element_type=\"section\" data-e-type=\"section\">\n\t\t\t\t\t\t<div class=\"elementor-container elementor-column-gap-default\">\n\t\t\t\t\t<div class=\"elementor-column elementor-col-100 elementor-top-column elementor-element elementor-element-3bcf1ebe\" data-id=\"3bcf1ebe\" data-element_type=\"column\" data-e-type=\"column\">\n\t\t\t<div class=\"elementor-widget-wrap elementor-element-populated\">\n\t\t\t\t\t\t<div class=\"elementor-element elementor-element-50159c84 elementor-widget elementor-widget-text-editor\" data-id=\"50159c84\" data-element_type=\"widget\" data-e-type=\"widget\" data-widget_type=\"text-editor.default\">\n\t\t\t\t<div class=\"elementor-widget-container\">\n\t\t\t\t\t\t\t\t\t<p>Votre alternateur g\u00e9n\u00e8re de l\u2019\u00e9nergie \u00e9lectrique en convertissant l&rsquo;\u00e9nergie cin\u00e9tique. Cette \u00e9nergie est stock\u00e9e par la batterie et consomm\u00e9e par les diff\u00e9rents organes \u00e9lectriques et \u00e9lectroniques.<\/p><p>C&rsquo;est pourquoi nous vous proposons une pi\u00e8ce de marque <a href=\"https:\/\/edel.fr\/en\/constructeur\/mahle\/\">Mahle<\/a> \/ <a href=\"https:\/\/edel.fr\/en\/constructeur\/letrika\/\">Letrika<\/a> reconnue pour sa fiabilit\u00e9. Cet alternateur\u00a0est aussi compatible avec les tracteurs et les moissonneuses-batteuses \u00e9quip\u00e9s de moteurs Cummins Case.<\/p><p>Alternateur Ford, Case IH, David Brown, Landini, MF, Steyr, Zetor : 1390, 1394, 1490, 194, 235, 264, 274, 284, 354, 364, 3670 Moteur Sisu, 368, 374, 384, 394, 6140, 6500, 6550, 6640, 6880, 698T, 7341.7441, 795, 8550, 968, Chargeur FX60, CX100, CX50, CX70, CX80, CX90, CX95, MF 50.<\/p><p><strong>R\u00e9f\u00e9rences du constructeur :<\/strong><\/p><p>CASE : 229 301 A1<\/p><p>CLAAS : 6005706664<\/p><p>CUMMINS : 3907749<\/p><p>HELLA : 8EL 725 911-001, 8EL 725 913-001, 8EL 726 546-001, 8EL 737 507-001, CA 1330 IR, CA 627 IR, CA 629 IR, CA 650 IR.<\/p><p>JUNGHEINRICH : 50043938<\/p><p>LAND ROVER : ADU1148, AUU1053, AUU1184, RTC5846, YLE101560, YLE101700.<\/p><p>LESTER : 12072, 12074, 12239, 14054.<\/p><p>LISTER PETER : 382-08919<\/p><p>LUCAS : 24 297, LRA00462, LRA00463, LRA00653, LRA00693.<\/p><p>MAGNETI MARELLI : 540 220 58A, 540 220 58B.<\/p><p>Edel vous propose \u00e9galement une large gamme d&rsquo;alternateurs et d\u00e9marreurs pour des applications sp\u00e9cifiques, et de diff\u00e9rentes marques.<\/p><p>Donc, pour plus de renseignements, n&rsquo;h\u00e9sitez pas \u00e0 nous consulter !<\/p>\t\t\t\t\t\t\t\t<\/div>\n\t\t\t\t<\/div>\n\t\t\t\t\t<\/div>\n\t\t<\/div>\n\t\t\t\t\t<\/div>\n\t\t<\/section>\n\t\t\t\t<\/div>","protected":false},"excerpt":{"rendered":"<p>Alternateur &#8211; Ford, Case IH, David Brown, Landini, MF, Steyr, Zetor &#8211; 14V\/70A Information du produit : Votre alternateur g\u00e9n\u00e8re de l\u2019\u00e9nergie \u00e9lectrique en convertissant l&rsquo;\u00e9nergie cin\u00e9tique. Cette \u00e9nergie est stock\u00e9e par la batterie et consomm\u00e9e par les diff\u00e9rents organes \u00e9lectriques et \u00e9lectroniques. C&rsquo;est pourquoi nous vous proposons une pi\u00e8ce de marque Mahle \/ Letrika<br \/><a class=\"more-link\" href=\"https:\/\/edel.fr\/en\/product\/alternateur-case-ihdavid-brownford-new-hollandlandinimassey-fergusonsteyrzetor-volt-ampere-14-70\/\"><br \/>\n        Read More<span class=\"screen-reader-text\"> \u00ab\u00a0Alternateur &#8211; Ford, Case IH, Landini, MF, Steyr, Zetor &#8211; 14V\/70A\u00a0\u00bb<\/span><\/a><\/p>","protected":false},"featured_media":5605,"template":"","meta":[],"product_brand":[],"product_cat":[4016,4017,4020,4025,4029,4033,164,4036,154,119],"product_tag":[2459,180],"tracteur":[],"class_list":{"0":"post-5864","1":"product","2":"type-product","3":"status-publish","4":"has-post-thumbnail","6":"product_cat-alternateur-case-ih","7":"product_cat-alternateur-david-brown","8":"product_cat-alternateur-ford-new-holland","9":"product_cat-alternateur-landini","10":"product_cat-alternateur-massey-ferguson","11":"product_cat-alternateur-steyr","12":"product_cat-alternateurs","13":"product_cat-alternateur-zetor","14":"product_cat-electricite","15":"product_cat-tracteurs-agricoles","16":"product_tag-alternateurs","17":"product_tag-electricite","18":"product_shipping_class-142","19":"pa_fabriquant-mahle","20":"pa_marque-tracteur-case-ih","21":"pa_marque-tracteur-david-brown","22":"pa_marque-tracteur-ford-new-holland","23":"pa_marque-tracteur-landini","24":"pa_marque-tracteur-massey-ferguson","25":"pa_marque-tracteur-steyr","26":"pa_marque-tracteur-zetor","27":"pa_modele-tracteur-blizard","28":"pa_modele-tracteur-chargeur","29":"pa_modele-tracteur-cs","30":"pa_modele-tracteur-cx","31":"pa_modele-tracteur-serie-40-60","32":"pa_modele-tracteur-serie-80","33":"pa_type-2-1360","34":"pa_type-2-1601","35":"pa_type-2-1361","36":"pa_type-2-1371","37":"pa_type-2-1372","38":"pa_type-2-1373","39":"pa_type-2-1374","40":"pa_type-2-1350","41":"pa_type-2-1375","42":"pa_type-2-1376","43":"pa_type-2-3670-moteur-sisu","44":"pa_type-2-1607","45":"pa_type-2-1377","46":"pa_type-2-1378","47":"pa_type-2-1379","48":"pa_type-2-1457","49":"pa_type-2-1572","50":"pa_type-2-1603","51":"pa_type-2-1602","52":"pa_type-2-1604","53":"pa_type-2-698t","54":"pa_type-2-7341-7441","55":"pa_type-2-1356","56":"pa_type-2-1364","57":"pa_type-2-1610","58":"pa_type-2-chargeur-fx60","59":"pa_type-2-cx100","60":"pa_type-2-cx50","61":"pa_type-2-cx70","62":"pa_type-2-cx80","63":"pa_type-2-cx90","64":"pa_type-2-cx95","65":"pa_type-2-mf-50","66":"badges-style-2","68":"first","69":"instock","70":"taxable","71":"shipping-taxable","72":"purchasable","73":"product-type-simple"},"acf":[],"yoast_head":"<!-- This site is optimized with the Yoast SEO plugin v27.3 - https:\/\/yoast.com\/product\/yoast-seo-wordpress\/ -->\n<title>Alternateur - Ford, Case IH, Landini, MF, Steyr, Zetor - 14V\/70A - Edel<\/title>\n<meta name=\"description\" content=\"Alternateur - Ford, Case IH, Landini, MF, Steyr, Zetor - 14V\/70A - 1390 1490 194 235 264 368 374 384 394 6140 6500 6880 698T 795 8550 968 CX100 CX50 CX70\" \/>\n<meta name=\"robots\" content=\"index, follow, max-snippet:-1, max-image-preview:large, max-video-preview:-1\" \/>\n<link rel=\"canonical\" href=\"https:\/\/edel.fr\/en\/product\/alternateur-case-ihdavid-brownford-new-hollandlandinimassey-fergusonsteyrzetor-volt-ampere-14-70\/\" \/>\n<meta property=\"og:locale\" content=\"en_US\" \/>\n<meta property=\"og:type\" content=\"article\" \/>\n<meta property=\"og:title\" content=\"Alternateur - Ford, Case IH, Landini, MF, Steyr, Zetor - 14V\/70A - Edel\" \/>\n<meta property=\"og:description\" content=\"Alternateur - Ford, Case IH, Landini, MF, Steyr, Zetor - 14V\/70A - 1390 1490 194 235 264 368 374 384 394 6140 6500 6880 698T 795 8550 968 CX100 CX50 CX70\" \/>\n<meta property=\"og:url\" content=\"https:\/\/edel.fr\/en\/product\/alternateur-case-ihdavid-brownford-new-hollandlandinimassey-fergusonsteyrzetor-volt-ampere-14-70\/\" \/>\n<meta property=\"og:site_name\" content=\"Edel\" \/>\n<meta property=\"article:modified_time\" content=\"2026-02-04T01:00:41+00:00\" \/>\n<meta property=\"og:image\" content=\"https:\/\/edel.fr\/uploads\/2019\/03\/A22.jpg\" \/>\n\t<meta property=\"og:image:width\" content=\"1920\" \/>\n\t<meta property=\"og:image:height\" content=\"1280\" \/>\n\t<meta property=\"og:image:type\" content=\"image\/jpeg\" \/>\n<meta name=\"twitter:card\" content=\"summary_large_image\" \/>\n<meta name=\"twitter:label1\" content=\"Est. reading time\" \/>\n\t<meta name=\"twitter:data1\" content=\"2 minutes\" \/>\n<script type=\"application\/ld+json\" class=\"yoast-schema-graph\">{\"@context\":\"https:\\\/\\\/schema.org\",\"@graph\":[{\"@type\":\"WebPage\",\"@id\":\"https:\\\/\\\/edel.fr\\\/produit\\\/alternateur-case-ihdavid-brownford-new-hollandlandinimassey-fergusonsteyrzetor-volt-ampere-14-70\\\/\",\"url\":\"https:\\\/\\\/edel.fr\\\/produit\\\/alternateur-case-ihdavid-brownford-new-hollandlandinimassey-fergusonsteyrzetor-volt-ampere-14-70\\\/\",\"name\":\"Alternateur - Ford, Case IH, Landini, MF, Steyr, Zetor - 14V\\\/70A - Edel\",\"isPartOf\":{\"@id\":\"https:\\\/\\\/www.edel.fr\\\/en\\\/#website\"},\"primaryImageOfPage\":{\"@id\":\"https:\\\/\\\/edel.fr\\\/produit\\\/alternateur-case-ihdavid-brownford-new-hollandlandinimassey-fergusonsteyrzetor-volt-ampere-14-70\\\/#primaryimage\"},\"image\":{\"@id\":\"https:\\\/\\\/edel.fr\\\/produit\\\/alternateur-case-ihdavid-brownford-new-hollandlandinimassey-fergusonsteyrzetor-volt-ampere-14-70\\\/#primaryimage\"},\"thumbnailUrl\":\"https:\\\/\\\/edel.fr\\\/uploads\\\/2019\\\/03\\\/A22.jpg\",\"datePublished\":\"2019-03-11T08:24:09+00:00\",\"dateModified\":\"2026-02-04T01:00:41+00:00\",\"description\":\"Alternateur - Ford, Case IH, Landini, MF, Steyr, Zetor - 14V\\\/70A - 1390 1490 194 235 264 368 374 384 394 6140 6500 6880 698T 795 8550 968 CX100 CX50 CX70\",\"breadcrumb\":{\"@id\":\"https:\\\/\\\/edel.fr\\\/produit\\\/alternateur-case-ihdavid-brownford-new-hollandlandinimassey-fergusonsteyrzetor-volt-ampere-14-70\\\/#breadcrumb\"},\"inLanguage\":\"en-US\",\"potentialAction\":[{\"@type\":\"ReadAction\",\"target\":[\"https:\\\/\\\/edel.fr\\\/produit\\\/alternateur-case-ihdavid-brownford-new-hollandlandinimassey-fergusonsteyrzetor-volt-ampere-14-70\\\/\"]}]},{\"@type\":\"ImageObject\",\"inLanguage\":\"en-US\",\"@id\":\"https:\\\/\\\/edel.fr\\\/produit\\\/alternateur-case-ihdavid-brownford-new-hollandlandinimassey-fergusonsteyrzetor-volt-ampere-14-70\\\/#primaryimage\",\"url\":\"https:\\\/\\\/edel.fr\\\/uploads\\\/2019\\\/03\\\/A22.jpg\",\"contentUrl\":\"https:\\\/\\\/edel.fr\\\/uploads\\\/2019\\\/03\\\/A22.jpg\",\"width\":1920,\"height\":1280,\"caption\":\"Alternateur - Ford, Case IH, Landini, MF, Steyr, Zetor - 14V\\\/70A\"},{\"@type\":\"BreadcrumbList\",\"@id\":\"https:\\\/\\\/edel.fr\\\/produit\\\/alternateur-case-ihdavid-brownford-new-hollandlandinimassey-fergusonsteyrzetor-volt-ampere-14-70\\\/#breadcrumb\",\"itemListElement\":[{\"@type\":\"ListItem\",\"position\":1,\"name\":\"Pi\u00e8ce Tracteur\",\"item\":\"https:\\\/\\\/www.edel.fr\\\/en\\\/\"},{\"@type\":\"ListItem\",\"position\":2,\"name\":\"Toutes nos pi\u00e8ces Tracteur\",\"item\":\"https:\\\/\\\/edel.fr\\\/shop\\\/\"},{\"@type\":\"ListItem\",\"position\":3,\"name\":\"Alternateur &#8211; Ford, Case IH, Landini, MF, Steyr, Zetor &#8211; 14V\\\/70A\"}]},{\"@type\":\"WebSite\",\"@id\":\"https:\\\/\\\/www.edel.fr\\\/en\\\/#website\",\"url\":\"https:\\\/\\\/www.edel.fr\\\/en\\\/\",\"name\":\"Edel\",\"description\":\"Pi\u00e8ce d\u00e9tach\u00e9e de Tracteur Agricole\",\"publisher\":{\"@id\":\"https:\\\/\\\/www.edel.fr\\\/en\\\/#organization\"},\"potentialAction\":[{\"@type\":\"SearchAction\",\"target\":{\"@type\":\"EntryPoint\",\"urlTemplate\":\"https:\\\/\\\/www.edel.fr\\\/en\\\/?s={search_term_string}\"},\"query-input\":{\"@type\":\"PropertyValueSpecification\",\"valueRequired\":true,\"valueName\":\"search_term_string\"}}],\"inLanguage\":\"en-US\"},{\"@type\":\"Organization\",\"@id\":\"https:\\\/\\\/www.edel.fr\\\/en\\\/#organization\",\"name\":\"Edel\",\"url\":\"https:\\\/\\\/www.edel.fr\\\/en\\\/\",\"logo\":{\"@type\":\"ImageObject\",\"inLanguage\":\"en-US\",\"@id\":\"https:\\\/\\\/www.edel.fr\\\/en\\\/#\\\/schema\\\/logo\\\/image\\\/\",\"url\":\"https:\\\/\\\/www.edel.fr\\\/uploads\\\/2018\\\/11\\\/logo-edel.png\",\"contentUrl\":\"https:\\\/\\\/www.edel.fr\\\/uploads\\\/2018\\\/11\\\/logo-edel.png\",\"width\":257,\"height\":68,\"caption\":\"Edel\"},\"image\":{\"@id\":\"https:\\\/\\\/www.edel.fr\\\/en\\\/#\\\/schema\\\/logo\\\/image\\\/\"}}]}<\/script>\n<!-- \/ Yoast SEO plugin. -->","yoast_head_json":{"title":"Alternateur - Ford, Case IH, Landini, MF, Steyr, Zetor - 14V\/70A - Edel","description":"Alternateur - Ford, Case IH, Landini, MF, Steyr, Zetor - 14V\/70A - 1390 1490 194 235 264 368 374 384 394 6140 6500 6880 698T 795 8550 968 CX100 CX50 CX70","robots":{"index":"index","follow":"follow","max-snippet":"max-snippet:-1","max-image-preview":"max-image-preview:large","max-video-preview":"max-video-preview:-1"},"canonical":"https:\/\/edel.fr\/en\/product\/alternateur-case-ihdavid-brownford-new-hollandlandinimassey-fergusonsteyrzetor-volt-ampere-14-70\/","og_locale":"en_US","og_type":"article","og_title":"Alternateur - Ford, Case IH, Landini, MF, Steyr, Zetor - 14V\/70A - Edel","og_description":"Alternateur - Ford, Case IH, Landini, MF, Steyr, Zetor - 14V\/70A - 1390 1490 194 235 264 368 374 384 394 6140 6500 6880 698T 795 8550 968 CX100 CX50 CX70","og_url":"https:\/\/edel.fr\/en\/product\/alternateur-case-ihdavid-brownford-new-hollandlandinimassey-fergusonsteyrzetor-volt-ampere-14-70\/","og_site_name":"Edel","article_modified_time":"2026-02-04T01:00:41+00:00","og_image":[{"width":1920,"height":1280,"url":"https:\/\/edel.fr\/uploads\/2019\/03\/A22.jpg","type":"image\/jpeg"}],"twitter_card":"summary_large_image","twitter_misc":{"Est. reading time":"2 minutes"},"schema":{"@context":"https:\/\/schema.org","@graph":[{"@type":"WebPage","@id":"https:\/\/edel.fr\/produit\/alternateur-case-ihdavid-brownford-new-hollandlandinimassey-fergusonsteyrzetor-volt-ampere-14-70\/","url":"https:\/\/edel.fr\/produit\/alternateur-case-ihdavid-brownford-new-hollandlandinimassey-fergusonsteyrzetor-volt-ampere-14-70\/","name":"Alternateur - Ford, Case IH, Landini, MF, Steyr, Zetor - 14V\/70A - Edel","isPartOf":{"@id":"https:\/\/www.edel.fr\/en\/#website"},"primaryImageOfPage":{"@id":"https:\/\/edel.fr\/produit\/alternateur-case-ihdavid-brownford-new-hollandlandinimassey-fergusonsteyrzetor-volt-ampere-14-70\/#primaryimage"},"image":{"@id":"https:\/\/edel.fr\/produit\/alternateur-case-ihdavid-brownford-new-hollandlandinimassey-fergusonsteyrzetor-volt-ampere-14-70\/#primaryimage"},"thumbnailUrl":"https:\/\/edel.fr\/uploads\/2019\/03\/A22.jpg","datePublished":"2019-03-11T08:24:09+00:00","dateModified":"2026-02-04T01:00:41+00:00","description":"Alternateur - Ford, Case IH, Landini, MF, Steyr, Zetor - 14V\/70A - 1390 1490 194 235 264 368 374 384 394 6140 6500 6880 698T 795 8550 968 CX100 CX50 CX70","breadcrumb":{"@id":"https:\/\/edel.fr\/produit\/alternateur-case-ihdavid-brownford-new-hollandlandinimassey-fergusonsteyrzetor-volt-ampere-14-70\/#breadcrumb"},"inLanguage":"en-US","potentialAction":[{"@type":"ReadAction","target":["https:\/\/edel.fr\/produit\/alternateur-case-ihdavid-brownford-new-hollandlandinimassey-fergusonsteyrzetor-volt-ampere-14-70\/"]}]},{"@type":"ImageObject","inLanguage":"en-US","@id":"https:\/\/edel.fr\/produit\/alternateur-case-ihdavid-brownford-new-hollandlandinimassey-fergusonsteyrzetor-volt-ampere-14-70\/#primaryimage","url":"https:\/\/edel.fr\/uploads\/2019\/03\/A22.jpg","contentUrl":"https:\/\/edel.fr\/uploads\/2019\/03\/A22.jpg","width":1920,"height":1280,"caption":"Alternateur - Ford, Case IH, Landini, MF, Steyr, Zetor - 14V\/70A"},{"@type":"BreadcrumbList","@id":"https:\/\/edel.fr\/produit\/alternateur-case-ihdavid-brownford-new-hollandlandinimassey-fergusonsteyrzetor-volt-ampere-14-70\/#breadcrumb","itemListElement":[{"@type":"ListItem","position":1,"name":"Pi\u00e8ce Tracteur","item":"https:\/\/www.edel.fr\/en\/"},{"@type":"ListItem","position":2,"name":"Toutes nos pi\u00e8ces Tracteur","item":"https:\/\/edel.fr\/shop\/"},{"@type":"ListItem","position":3,"name":"Alternateur &#8211; Ford, Case IH, Landini, MF, Steyr, Zetor &#8211; 14V\/70A"}]},{"@type":"WebSite","@id":"https:\/\/www.edel.fr\/en\/#website","url":"https:\/\/www.edel.fr\/en\/","name":"Edel","description":"Pi\u00e8ce d\u00e9tach\u00e9e de Tracteur Agricole","publisher":{"@id":"https:\/\/www.edel.fr\/en\/#organization"},"potentialAction":[{"@type":"SearchAction","target":{"@type":"EntryPoint","urlTemplate":"https:\/\/www.edel.fr\/en\/?s={search_term_string}"},"query-input":{"@type":"PropertyValueSpecification","valueRequired":true,"valueName":"search_term_string"}}],"inLanguage":"en-US"},{"@type":"Organization","@id":"https:\/\/www.edel.fr\/en\/#organization","name":"Edel","url":"https:\/\/www.edel.fr\/en\/","logo":{"@type":"ImageObject","inLanguage":"en-US","@id":"https:\/\/www.edel.fr\/en\/#\/schema\/logo\/image\/","url":"https:\/\/www.edel.fr\/uploads\/2018\/11\/logo-edel.png","contentUrl":"https:\/\/www.edel.fr\/uploads\/2018\/11\/logo-edel.png","width":257,"height":68,"caption":"Edel"},"image":{"@id":"https:\/\/www.edel.fr\/en\/#\/schema\/logo\/image\/"}}]}},"_links":{"self":[{"href":"https:\/\/edel.fr\/en\/wp-json\/wp\/v2\/product\/5864","targetHints":{"allow":["GET"]}}],"collection":[{"href":"https:\/\/edel.fr\/en\/wp-json\/wp\/v2\/product"}],"about":[{"href":"https:\/\/edel.fr\/en\/wp-json\/wp\/v2\/types\/product"}],"version-history":[{"count":2,"href":"https:\/\/edel.fr\/en\/wp-json\/wp\/v2\/product\/5864\/revisions"}],"predecessor-version":[{"id":15132,"href":"https:\/\/edel.fr\/en\/wp-json\/wp\/v2\/product\/5864\/revisions\/15132"}],"wp:featuredmedia":[{"embeddable":true,"href":"https:\/\/edel.fr\/en\/wp-json\/wp\/v2\/media\/5605"}],"wp:attachment":[{"href":"https:\/\/edel.fr\/en\/wp-json\/wp\/v2\/media?parent=5864"}],"wp:term":[{"taxonomy":"product_brand","embeddable":true,"href":"https:\/\/edel.fr\/en\/wp-json\/wp\/v2\/product_brand?post=5864"},{"taxonomy":"product_cat","embeddable":true,"href":"https:\/\/edel.fr\/en\/wp-json\/wp\/v2\/product_cat?post=5864"},{"taxonomy":"product_tag","embeddable":true,"href":"https:\/\/edel.fr\/en\/wp-json\/wp\/v2\/product_tag?post=5864"},{"taxonomy":"tracteur","embeddable":true,"href":"https:\/\/edel.fr\/en\/wp-json\/wp\/v2\/tracteur?post=5864"}],"curies":[{"name":"wp","href":"https:\/\/api.w.org\/{rel}","templated":true}]}}