{"id":5865,"date":"2019-03-11T09:24:09","date_gmt":"2019-03-11T08:24:09","guid":{"rendered":"http:\/\/edel.stephanie.ct.webcd.lan\/shop\/alternateur-landinivalmet-volt-ampere-14-80volt-ampere-14-95-avec-clim\/"},"modified":"2026-02-04T02:00:50","modified_gmt":"2026-02-04T01:00:50","slug":"alternateur-landinivalmet-volt-ampere-14-80volt-ampere-14-95-avec-clim","status":"publish","type":"product","link":"https:\/\/edel.fr\/en\/product\/alternateur-landinivalmet-volt-ampere-14-80volt-ampere-14-95-avec-clim\/","title":{"rendered":"Alternateur Landini, Valmet &#8211; 14 Volt \/ 95 Amp\u00e8re avec clim"},"content":{"rendered":"<div data-elementor-type=\"wp-post\" data-elementor-id=\"5865\" class=\"elementor elementor-5865\">\n\t\t\t\t\t\t<section class=\"elementor-section elementor-top-section elementor-element elementor-element-3cd133ce elementor-section-boxed elementor-section-height-default elementor-section-height-default\" data-id=\"3cd133ce\" data-element_type=\"section\" data-e-type=\"section\">\n\t\t\t\t\t\t<div class=\"elementor-container elementor-column-gap-default\">\n\t\t\t\t\t<div class=\"elementor-column elementor-col-100 elementor-top-column elementor-element elementor-element-6cd04a8c\" data-id=\"6cd04a8c\" data-element_type=\"column\" data-e-type=\"column\">\n\t\t\t<div class=\"elementor-widget-wrap elementor-element-populated\">\n\t\t\t\t\t\t<div class=\"elementor-element elementor-element-794c6143 elementor-widget elementor-widget-heading\" data-id=\"794c6143\" data-element_type=\"widget\" data-e-type=\"widget\" data-widget_type=\"heading.default\">\n\t\t\t\t<div class=\"elementor-widget-container\">\n\t\t\t\t\t<h2 class=\"elementor-heading-title elementor-size-default\">Alternateur Landini, Valmet - 14 Volt \/ 95 Amp\u00e8re avec clim<\/h2>\t\t\t\t<\/div>\n\t\t\t\t<\/div>\n\t\t\t\t<div class=\"elementor-element elementor-element-674820a7 elementor-widget elementor-widget-heading\" data-id=\"674820a7\" data-element_type=\"widget\" data-e-type=\"widget\" data-widget_type=\"heading.default\">\n\t\t\t\t<div class=\"elementor-widget-container\">\n\t\t\t\t\t<h3 class=\"elementor-heading-title elementor-size-default\">Information du produit :<\/h3>\t\t\t\t<\/div>\n\t\t\t\t<\/div>\n\t\t\t\t\t<\/div>\n\t\t<\/div>\n\t\t\t\t\t<\/div>\n\t\t<\/section>\n\t\t\t\t<section class=\"elementor-section elementor-top-section elementor-element elementor-element-700ff0c9 elementor-section-boxed elementor-section-height-default elementor-section-height-default\" data-id=\"700ff0c9\" data-element_type=\"section\" data-e-type=\"section\">\n\t\t\t\t\t\t<div class=\"elementor-container elementor-column-gap-default\">\n\t\t\t\t\t<div class=\"elementor-column elementor-col-100 elementor-top-column elementor-element elementor-element-f2f2076\" data-id=\"f2f2076\" data-element_type=\"column\" data-e-type=\"column\">\n\t\t\t<div class=\"elementor-widget-wrap elementor-element-populated\">\n\t\t\t\t\t\t<div class=\"elementor-element elementor-element-669236b1 elementor-widget elementor-widget-text-editor\" data-id=\"669236b1\" data-element_type=\"widget\" data-e-type=\"widget\" data-widget_type=\"text-editor.default\">\n\t\t\t\t<div class=\"elementor-widget-container\">\n\t\t\t\t\t\t\t\t\t<p>Votre alternateur g\u00e9n\u00e8re de l\u2019\u00e9nergie \u00e9lectrique en convertissant l&rsquo;\u00e9nergie cin\u00e9tique. Cette \u00e9nergie est stock\u00e9e par la batterie et consomm\u00e9e par les diff\u00e9rents organes \u00e9lectriques et \u00e9lectroniques.<\/p><p>C&rsquo;est pourquoi nous vous proposons une pi\u00e8ce de marque <a href=\"https:\/\/edel.fr\/en\/constructeur\/mahle\/\">Mahle<\/a> \/ <a href=\"https:\/\/edel.fr\/en\/constructeur\/letrika\/\">Letrika<\/a> reconnue pour sa fiabilit\u00e9.<\/p><p>Landini, Valmet : 465, 605, 6250, 6300, 6600, 665, 6800, 805, 8050, 8150, 8400, 8450, 8550, 865, 8750, 905.<\/p><p><strong>R\u00e9f\u00e9rences du constructeur :<\/strong><\/p><p>AGCO : 8366 409 27, 8366 667 20, V836666720.<\/p><p>AGCO POWER (SISU DIESEL) : 8366 662 25, V8366 667 20.<\/p><p>CLAAS : 11331960<\/p><p>DELCO REMY : DRA0070<\/p><p>HELLA : 8EL 737 907-001, CA 1629 IR.<\/p><p>LESTER : 12682<\/p><p>LUCAS : LRA02147<\/p><p>SPAREX : 36166<\/p><p>VALTRA (VALMET) : 836640927, VPF8178.<\/p><p>Edel vous propose \u00e9galement une large gamme d&rsquo;alternateurs et d\u00e9marreurs pour des applications sp\u00e9cifiques, et de diff\u00e9rentes marques.<\/p><p>Donc, pour plus de renseignements, n&rsquo;h\u00e9sitez pas \u00e0 nous consulter !<\/p>\t\t\t\t\t\t\t\t<\/div>\n\t\t\t\t<\/div>\n\t\t\t\t\t<\/div>\n\t\t<\/div>\n\t\t\t\t\t<\/div>\n\t\t<\/section>\n\t\t\t\t<\/div>","protected":false},"excerpt":{"rendered":"<p>Alternateur Landini, Valmet &#8211; 14 Volt \/ 95 Amp\u00e8re avec clim Information du produit : Votre alternateur g\u00e9n\u00e8re de l\u2019\u00e9nergie \u00e9lectrique en convertissant l&rsquo;\u00e9nergie cin\u00e9tique. Cette \u00e9nergie est stock\u00e9e par la batterie et consomm\u00e9e par les diff\u00e9rents organes \u00e9lectriques et \u00e9lectroniques. C&rsquo;est pourquoi nous vous proposons une pi\u00e8ce de marque Mahle \/ Letrika reconnue pour<br \/><a class=\"more-link\" href=\"https:\/\/edel.fr\/en\/product\/alternateur-landinivalmet-volt-ampere-14-80volt-ampere-14-95-avec-clim\/\"><br \/>\n        Read More<span class=\"screen-reader-text\"> \u00ab\u00a0Alternateur Landini, Valmet &#8211; 14 Volt \/ 95 Amp\u00e8re avec clim\u00a0\u00bb<\/span><\/a><\/p>","protected":false},"featured_media":5606,"template":"","meta":[],"product_brand":[],"product_cat":[4025,164,4035,154,119],"product_tag":[2459,180],"tracteur":[],"class_list":{"0":"post-5865","1":"product","2":"type-product","3":"status-publish","4":"has-post-thumbnail","6":"product_cat-alternateur-landini","7":"product_cat-alternateurs","8":"product_cat-alternateur-valmet","9":"product_cat-electricite","10":"product_cat-tracteurs-agricoles","11":"product_tag-alternateurs","12":"product_tag-electricite","13":"product_shipping_class-142","14":"pa_fabriquant-mahle","15":"pa_marque-tracteur-landini","16":"pa_marque-tracteur-valtra-valmet","17":"pa_modele-tracteur-mythos","18":"pa_type-2-1342","19":"pa_type-2-1344","20":"pa_type-2-1614","21":"pa_type-2-1570","22":"pa_type-2-1615","23":"pa_type-2-1612","24":"pa_type-2-1573","25":"pa_type-2-1346","26":"pa_type-2-1616","27":"pa_type-2-1617","28":"pa_type-2-1618","29":"pa_type-2-1619","30":"pa_type-2-1364","31":"pa_type-2-1613","32":"pa_type-2-1620","33":"pa_type-2-1347","34":"badges-style-2","36":"first","37":"outofstock","38":"taxable","39":"shipping-taxable","40":"product-type-simple"},"acf":[],"yoast_head":"<!-- This site is optimized with the Yoast SEO plugin v27.3 - https:\/\/yoast.com\/product\/yoast-seo-wordpress\/ -->\n<title>Alternateur Landini, Valmet - 14 Volt \/ 95 Amp\u00e8re avec clim - Edel<\/title>\n<meta name=\"description\" content=\"Alternateur Landini, Valmet - 14 Volt \/ 95 Amp\u00e8re avec clim - 465 605 6250 6300 6600 665 6800 805 8050 8150 8400 8450 8550 865 8750 905\" \/>\n<meta name=\"robots\" content=\"index, follow, max-snippet:-1, max-image-preview:large, max-video-preview:-1\" \/>\n<link rel=\"canonical\" href=\"http:\/\/edel.fr\/en\/product\/alternateur-landinivalmet-volt-ampere-14-80volt-ampere-14-95-avec-clim\/\" \/>\n<meta property=\"og:locale\" content=\"en_US\" \/>\n<meta property=\"og:type\" content=\"article\" \/>\n<meta property=\"og:title\" content=\"Alternateur Landini, Valmet - 14 Volt \/ 95 Amp\u00e8re avec clim - Edel\" \/>\n<meta property=\"og:description\" content=\"Alternateur Landini, Valmet - 14 Volt \/ 95 Amp\u00e8re avec clim - 465 605 6250 6300 6600 665 6800 805 8050 8150 8400 8450 8550 865 8750 905\" \/>\n<meta property=\"og:url\" content=\"http:\/\/edel.fr\/en\/product\/alternateur-landinivalmet-volt-ampere-14-80volt-ampere-14-95-avec-clim\/\" \/>\n<meta property=\"og:site_name\" content=\"Edel\" \/>\n<meta property=\"article:modified_time\" content=\"2026-02-04T01:00:50+00:00\" \/>\n<meta property=\"og:image\" content=\"http:\/\/edel.fr\/uploads\/2019\/03\/A23.jpg\" \/>\n\t<meta property=\"og:image:width\" content=\"1920\" \/>\n\t<meta property=\"og:image:height\" content=\"1287\" \/>\n\t<meta property=\"og:image:type\" content=\"image\/jpeg\" \/>\n<meta name=\"twitter:card\" content=\"summary_large_image\" \/>\n<meta name=\"twitter:label1\" content=\"Est. reading time\" \/>\n\t<meta name=\"twitter:data1\" content=\"1 minute\" \/>\n<script type=\"application\/ld+json\" class=\"yoast-schema-graph\">{\"@context\":\"https:\\\/\\\/schema.org\",\"@graph\":[{\"@type\":\"WebPage\",\"@id\":\"http:\\\/\\\/edel.fr\\\/en\\\/product\\\/alternateur-landinivalmet-volt-ampere-14-80volt-ampere-14-95-avec-clim\\\/\",\"url\":\"http:\\\/\\\/edel.fr\\\/en\\\/product\\\/alternateur-landinivalmet-volt-ampere-14-80volt-ampere-14-95-avec-clim\\\/\",\"name\":\"Alternateur Landini, Valmet - 14 Volt \\\/ 95 Amp\u00e8re avec clim - Edel\",\"isPartOf\":{\"@id\":\"https:\\\/\\\/www.edel.fr\\\/en\\\/#website\"},\"primaryImageOfPage\":{\"@id\":\"http:\\\/\\\/edel.fr\\\/en\\\/product\\\/alternateur-landinivalmet-volt-ampere-14-80volt-ampere-14-95-avec-clim\\\/#primaryimage\"},\"image\":{\"@id\":\"http:\\\/\\\/edel.fr\\\/en\\\/product\\\/alternateur-landinivalmet-volt-ampere-14-80volt-ampere-14-95-avec-clim\\\/#primaryimage\"},\"thumbnailUrl\":\"https:\\\/\\\/edel.fr\\\/uploads\\\/2019\\\/03\\\/A23.jpg\",\"datePublished\":\"2019-03-11T08:24:09+00:00\",\"dateModified\":\"2026-02-04T01:00:50+00:00\",\"description\":\"Alternateur Landini, Valmet - 14 Volt \\\/ 95 Amp\u00e8re avec clim - 465 605 6250 6300 6600 665 6800 805 8050 8150 8400 8450 8550 865 8750 905\",\"breadcrumb\":{\"@id\":\"http:\\\/\\\/edel.fr\\\/en\\\/product\\\/alternateur-landinivalmet-volt-ampere-14-80volt-ampere-14-95-avec-clim\\\/#breadcrumb\"},\"inLanguage\":\"en-US\",\"potentialAction\":[{\"@type\":\"ReadAction\",\"target\":[\"http:\\\/\\\/edel.fr\\\/en\\\/product\\\/alternateur-landinivalmet-volt-ampere-14-80volt-ampere-14-95-avec-clim\\\/\"]}]},{\"@type\":\"ImageObject\",\"inLanguage\":\"en-US\",\"@id\":\"http:\\\/\\\/edel.fr\\\/en\\\/product\\\/alternateur-landinivalmet-volt-ampere-14-80volt-ampere-14-95-avec-clim\\\/#primaryimage\",\"url\":\"https:\\\/\\\/edel.fr\\\/uploads\\\/2019\\\/03\\\/A23.jpg\",\"contentUrl\":\"https:\\\/\\\/edel.fr\\\/uploads\\\/2019\\\/03\\\/A23.jpg\",\"width\":1920,\"height\":1287,\"caption\":\"Alternateur Landini, Valmet - 14 Volt \\\/ 95 Amp\u00e8re avec clim\"},{\"@type\":\"BreadcrumbList\",\"@id\":\"http:\\\/\\\/edel.fr\\\/en\\\/product\\\/alternateur-landinivalmet-volt-ampere-14-80volt-ampere-14-95-avec-clim\\\/#breadcrumb\",\"itemListElement\":[{\"@type\":\"ListItem\",\"position\":1,\"name\":\"Pi\u00e8ce Tracteur\",\"item\":\"https:\\\/\\\/www.edel.fr\\\/en\\\/\"},{\"@type\":\"ListItem\",\"position\":2,\"name\":\"Toutes nos pi\u00e8ces Tracteur\",\"item\":\"https:\\\/\\\/edel.fr\\\/shop\\\/\"},{\"@type\":\"ListItem\",\"position\":3,\"name\":\"Alternateur Landini, Valmet &#8211; 14 Volt \\\/ 95 Amp\u00e8re avec clim\"}]},{\"@type\":\"WebSite\",\"@id\":\"https:\\\/\\\/www.edel.fr\\\/en\\\/#website\",\"url\":\"https:\\\/\\\/www.edel.fr\\\/en\\\/\",\"name\":\"Edel\",\"description\":\"Pi\u00e8ce d\u00e9tach\u00e9e de Tracteur Agricole\",\"publisher\":{\"@id\":\"https:\\\/\\\/www.edel.fr\\\/en\\\/#organization\"},\"potentialAction\":[{\"@type\":\"SearchAction\",\"target\":{\"@type\":\"EntryPoint\",\"urlTemplate\":\"https:\\\/\\\/www.edel.fr\\\/en\\\/?s={search_term_string}\"},\"query-input\":{\"@type\":\"PropertyValueSpecification\",\"valueRequired\":true,\"valueName\":\"search_term_string\"}}],\"inLanguage\":\"en-US\"},{\"@type\":\"Organization\",\"@id\":\"https:\\\/\\\/www.edel.fr\\\/en\\\/#organization\",\"name\":\"Edel\",\"url\":\"https:\\\/\\\/www.edel.fr\\\/en\\\/\",\"logo\":{\"@type\":\"ImageObject\",\"inLanguage\":\"en-US\",\"@id\":\"https:\\\/\\\/www.edel.fr\\\/en\\\/#\\\/schema\\\/logo\\\/image\\\/\",\"url\":\"https:\\\/\\\/www.edel.fr\\\/uploads\\\/2018\\\/11\\\/logo-edel.png\",\"contentUrl\":\"https:\\\/\\\/www.edel.fr\\\/uploads\\\/2018\\\/11\\\/logo-edel.png\",\"width\":257,\"height\":68,\"caption\":\"Edel\"},\"image\":{\"@id\":\"https:\\\/\\\/www.edel.fr\\\/en\\\/#\\\/schema\\\/logo\\\/image\\\/\"}}]}<\/script>\n<!-- \/ Yoast SEO plugin. -->","yoast_head_json":{"title":"Alternateur Landini, Valmet - 14 Volt \/ 95 Amp\u00e8re avec clim - Edel","description":"Alternateur Landini, Valmet - 14 Volt \/ 95 Amp\u00e8re avec clim - 465 605 6250 6300 6600 665 6800 805 8050 8150 8400 8450 8550 865 8750 905","robots":{"index":"index","follow":"follow","max-snippet":"max-snippet:-1","max-image-preview":"max-image-preview:large","max-video-preview":"max-video-preview:-1"},"canonical":"http:\/\/edel.fr\/en\/product\/alternateur-landinivalmet-volt-ampere-14-80volt-ampere-14-95-avec-clim\/","og_locale":"en_US","og_type":"article","og_title":"Alternateur Landini, Valmet - 14 Volt \/ 95 Amp\u00e8re avec clim - Edel","og_description":"Alternateur Landini, Valmet - 14 Volt \/ 95 Amp\u00e8re avec clim - 465 605 6250 6300 6600 665 6800 805 8050 8150 8400 8450 8550 865 8750 905","og_url":"http:\/\/edel.fr\/en\/product\/alternateur-landinivalmet-volt-ampere-14-80volt-ampere-14-95-avec-clim\/","og_site_name":"Edel","article_modified_time":"2026-02-04T01:00:50+00:00","og_image":[{"width":1920,"height":1287,"url":"http:\/\/edel.fr\/uploads\/2019\/03\/A23.jpg","type":"image\/jpeg"}],"twitter_card":"summary_large_image","twitter_misc":{"Est. reading time":"1 minute"},"schema":{"@context":"https:\/\/schema.org","@graph":[{"@type":"WebPage","@id":"http:\/\/edel.fr\/en\/product\/alternateur-landinivalmet-volt-ampere-14-80volt-ampere-14-95-avec-clim\/","url":"http:\/\/edel.fr\/en\/product\/alternateur-landinivalmet-volt-ampere-14-80volt-ampere-14-95-avec-clim\/","name":"Alternateur Landini, Valmet - 14 Volt \/ 95 Amp\u00e8re avec clim - Edel","isPartOf":{"@id":"https:\/\/www.edel.fr\/en\/#website"},"primaryImageOfPage":{"@id":"http:\/\/edel.fr\/en\/product\/alternateur-landinivalmet-volt-ampere-14-80volt-ampere-14-95-avec-clim\/#primaryimage"},"image":{"@id":"http:\/\/edel.fr\/en\/product\/alternateur-landinivalmet-volt-ampere-14-80volt-ampere-14-95-avec-clim\/#primaryimage"},"thumbnailUrl":"https:\/\/edel.fr\/uploads\/2019\/03\/A23.jpg","datePublished":"2019-03-11T08:24:09+00:00","dateModified":"2026-02-04T01:00:50+00:00","description":"Alternateur Landini, Valmet - 14 Volt \/ 95 Amp\u00e8re avec clim - 465 605 6250 6300 6600 665 6800 805 8050 8150 8400 8450 8550 865 8750 905","breadcrumb":{"@id":"http:\/\/edel.fr\/en\/product\/alternateur-landinivalmet-volt-ampere-14-80volt-ampere-14-95-avec-clim\/#breadcrumb"},"inLanguage":"en-US","potentialAction":[{"@type":"ReadAction","target":["http:\/\/edel.fr\/en\/product\/alternateur-landinivalmet-volt-ampere-14-80volt-ampere-14-95-avec-clim\/"]}]},{"@type":"ImageObject","inLanguage":"en-US","@id":"http:\/\/edel.fr\/en\/product\/alternateur-landinivalmet-volt-ampere-14-80volt-ampere-14-95-avec-clim\/#primaryimage","url":"https:\/\/edel.fr\/uploads\/2019\/03\/A23.jpg","contentUrl":"https:\/\/edel.fr\/uploads\/2019\/03\/A23.jpg","width":1920,"height":1287,"caption":"Alternateur Landini, Valmet - 14 Volt \/ 95 Amp\u00e8re avec clim"},{"@type":"BreadcrumbList","@id":"http:\/\/edel.fr\/en\/product\/alternateur-landinivalmet-volt-ampere-14-80volt-ampere-14-95-avec-clim\/#breadcrumb","itemListElement":[{"@type":"ListItem","position":1,"name":"Pi\u00e8ce Tracteur","item":"https:\/\/www.edel.fr\/en\/"},{"@type":"ListItem","position":2,"name":"Toutes nos pi\u00e8ces Tracteur","item":"https:\/\/edel.fr\/shop\/"},{"@type":"ListItem","position":3,"name":"Alternateur Landini, Valmet &#8211; 14 Volt \/ 95 Amp\u00e8re avec clim"}]},{"@type":"WebSite","@id":"https:\/\/www.edel.fr\/en\/#website","url":"https:\/\/www.edel.fr\/en\/","name":"Edel","description":"Pi\u00e8ce d\u00e9tach\u00e9e de Tracteur Agricole","publisher":{"@id":"https:\/\/www.edel.fr\/en\/#organization"},"potentialAction":[{"@type":"SearchAction","target":{"@type":"EntryPoint","urlTemplate":"https:\/\/www.edel.fr\/en\/?s={search_term_string}"},"query-input":{"@type":"PropertyValueSpecification","valueRequired":true,"valueName":"search_term_string"}}],"inLanguage":"en-US"},{"@type":"Organization","@id":"https:\/\/www.edel.fr\/en\/#organization","name":"Edel","url":"https:\/\/www.edel.fr\/en\/","logo":{"@type":"ImageObject","inLanguage":"en-US","@id":"https:\/\/www.edel.fr\/en\/#\/schema\/logo\/image\/","url":"https:\/\/www.edel.fr\/uploads\/2018\/11\/logo-edel.png","contentUrl":"https:\/\/www.edel.fr\/uploads\/2018\/11\/logo-edel.png","width":257,"height":68,"caption":"Edel"},"image":{"@id":"https:\/\/www.edel.fr\/en\/#\/schema\/logo\/image\/"}}]}},"_links":{"self":[{"href":"https:\/\/edel.fr\/en\/wp-json\/wp\/v2\/product\/5865","targetHints":{"allow":["GET"]}}],"collection":[{"href":"https:\/\/edel.fr\/en\/wp-json\/wp\/v2\/product"}],"about":[{"href":"https:\/\/edel.fr\/en\/wp-json\/wp\/v2\/types\/product"}],"version-history":[{"count":2,"href":"https:\/\/edel.fr\/en\/wp-json\/wp\/v2\/product\/5865\/revisions"}],"predecessor-version":[{"id":15158,"href":"https:\/\/edel.fr\/en\/wp-json\/wp\/v2\/product\/5865\/revisions\/15158"}],"wp:featuredmedia":[{"embeddable":true,"href":"https:\/\/edel.fr\/en\/wp-json\/wp\/v2\/media\/5606"}],"wp:attachment":[{"href":"https:\/\/edel.fr\/en\/wp-json\/wp\/v2\/media?parent=5865"}],"wp:term":[{"taxonomy":"product_brand","embeddable":true,"href":"https:\/\/edel.fr\/en\/wp-json\/wp\/v2\/product_brand?post=5865"},{"taxonomy":"product_cat","embeddable":true,"href":"https:\/\/edel.fr\/en\/wp-json\/wp\/v2\/product_cat?post=5865"},{"taxonomy":"product_tag","embeddable":true,"href":"https:\/\/edel.fr\/en\/wp-json\/wp\/v2\/product_tag?post=5865"},{"taxonomy":"tracteur","embeddable":true,"href":"https:\/\/edel.fr\/en\/wp-json\/wp\/v2\/tracteur?post=5865"}],"curies":[{"name":"wp","href":"https:\/\/api.w.org\/{rel}","templated":true}]}}