{"id":5867,"date":"2019-03-11T09:24:09","date_gmt":"2019-03-11T08:24:09","guid":{"rendered":"http:\/\/edel.stephanie.ct.webcd.lan\/shop\/alternateur-case-ihdavid-brownford-new-holland-volt-ampere-14-65\/"},"modified":"2026-02-04T02:00:22","modified_gmt":"2026-02-04T01:00:22","slug":"alternateur-case-ihdavid-brownford-new-holland-volt-ampere-14-65","status":"publish","type":"product","link":"https:\/\/edel.fr\/en\/product\/alternateur-case-ihdavid-brownford-new-holland-volt-ampere-14-65\/","title":{"rendered":"Alternateur David Brown, Case Ih, Ford New Holland &#8211; 14V \/ 65A"},"content":{"rendered":"<div data-elementor-type=\"wp-post\" data-elementor-id=\"5867\" class=\"elementor elementor-5867\">\n\t\t\t\t\t\t<section class=\"elementor-section elementor-top-section elementor-element elementor-element-5a79ef2d elementor-section-boxed elementor-section-height-default elementor-section-height-default\" data-id=\"5a79ef2d\" data-element_type=\"section\" data-e-type=\"section\">\n\t\t\t\t\t\t<div class=\"elementor-container elementor-column-gap-default\">\n\t\t\t\t\t<div class=\"elementor-column elementor-col-100 elementor-top-column elementor-element elementor-element-428bb9c8\" data-id=\"428bb9c8\" data-element_type=\"column\" data-e-type=\"column\">\n\t\t\t<div class=\"elementor-widget-wrap elementor-element-populated\">\n\t\t\t\t\t\t<div class=\"elementor-element elementor-element-2c4ade30 elementor-widget elementor-widget-heading\" data-id=\"2c4ade30\" data-element_type=\"widget\" data-e-type=\"widget\" data-widget_type=\"heading.default\">\n\t\t\t\t<div class=\"elementor-widget-container\">\n\t\t\t\t\t<h2 class=\"elementor-heading-title elementor-size-default\">Alternateur David Brown, Case Ih, Ford New Holland - 14V \/ 65A<\/h2>\t\t\t\t<\/div>\n\t\t\t\t<\/div>\n\t\t\t\t<div class=\"elementor-element elementor-element-65e3fa9c elementor-widget elementor-widget-heading\" data-id=\"65e3fa9c\" data-element_type=\"widget\" data-e-type=\"widget\" data-widget_type=\"heading.default\">\n\t\t\t\t<div class=\"elementor-widget-container\">\n\t\t\t\t\t<h3 class=\"elementor-heading-title elementor-size-default\">Information du produit :<\/h3>\t\t\t\t<\/div>\n\t\t\t\t<\/div>\n\t\t\t\t\t<\/div>\n\t\t<\/div>\n\t\t\t\t\t<\/div>\n\t\t<\/section>\n\t\t\t\t<section class=\"elementor-section elementor-top-section elementor-element elementor-element-4b1aa93f elementor-section-boxed elementor-section-height-default elementor-section-height-default\" data-id=\"4b1aa93f\" data-element_type=\"section\" data-e-type=\"section\">\n\t\t\t\t\t\t<div class=\"elementor-container elementor-column-gap-default\">\n\t\t\t\t\t<div class=\"elementor-column elementor-col-100 elementor-top-column elementor-element elementor-element-6f602555\" data-id=\"6f602555\" data-element_type=\"column\" data-e-type=\"column\">\n\t\t\t<div class=\"elementor-widget-wrap elementor-element-populated\">\n\t\t\t\t\t\t<div class=\"elementor-element elementor-element-2148d0f9 elementor-widget elementor-widget-text-editor\" data-id=\"2148d0f9\" data-element_type=\"widget\" data-e-type=\"widget\" data-widget_type=\"text-editor.default\">\n\t\t\t\t<div class=\"elementor-widget-container\">\n\t\t\t\t\t\t\t\t\t<p>Votre alternateur g\u00e9n\u00e8re de l\u2019\u00e9nergie \u00e9lectrique en convertissant l&rsquo;\u00e9nergie cin\u00e9tique. Cette \u00e9nergie est stock\u00e9e par la batterie et consomm\u00e9e par les diff\u00e9rents organes \u00e9lectriques et \u00e9lectroniques.<\/p><p>C&rsquo;est pourquoi nous vous proposons une pi\u00e8ce de marque <a href=\"https:\/\/edel.fr\/en\/constructeur\/mahle\/\">Mahle<\/a> \/ <a href=\"https:\/\/edel.fr\/en\/constructeur\/letrika\/\">Letrika<\/a> reconnue pour sa fiabilit\u00e9. Cet alternateur\u00a0est aussi compatible avec les tracteurs et les moissonneuses-batteuses \u00e9quip\u00e9s de moteurs Cummins Case.<\/p><p>Alternateur David Brown, Case Ih, Ford New Holland : 110, 1150, 1155, 120, 135, 1550, 1640, 455, 480, 5610, 5910, 7610, 7910, 850, 855, 8630, 8700, 9700, CASE 580 TRACTOPELLE, Maxum 5120, Maxum 5130, Maxum 5140, MC 105, TW25.<\/p><p><strong>R\u00e9f\u00e9rences du constructeur :<\/strong><\/p><p>AGCO : C000900010150<\/p><p>AHLMANN (MECALAC) : 3921009, 3921009X.<\/p><p>BOSCH : 0120488125, 0120488205, 0120488285, 0120488293, 0120489387, 0120489475, 0986040290, AL 9959 X.<\/p><p>CASE : A 186 125, A 187 873.<\/p><p>CATERPILLAR : 3E 7285, 3E 7295.<\/p><p>CLAAS : 6005706657<\/p><p>CNH \/ FIAT AGRI : B512112<\/p><p>CUMMINS : 3 920 679, 360448RX.<\/p><p>DELCO REMY : 10459500, 19020536, DRB0290.<\/p><p>FORD NEW HOLLAND : 10 120 160<\/p><p>HELLA : 8EL 737 217-001, CA 1197 IR.<\/p><p>JOHN DEERE : 69X 566 77B, AT173624, RE553516, SE501387, SE501835.<\/p><p>Edel vous propose \u00e9galement une large gamme d&rsquo;alternateurs et d\u00e9marreurs pour des applications sp\u00e9cifiques, et de diff\u00e9rentes marques.<\/p><p>Donc, pour plus de renseignements, n&rsquo;h\u00e9sitez pas \u00e0 nous consulter !<\/p>\t\t\t\t\t\t\t\t<\/div>\n\t\t\t\t<\/div>\n\t\t\t\t\t<\/div>\n\t\t<\/div>\n\t\t\t\t\t<\/div>\n\t\t<\/section>\n\t\t\t\t<\/div>","protected":false},"excerpt":{"rendered":"<p>Alternateur David Brown, Case Ih, Ford New Holland &#8211; 14V \/ 65A Information du produit : Votre alternateur g\u00e9n\u00e8re de l\u2019\u00e9nergie \u00e9lectrique en convertissant l&rsquo;\u00e9nergie cin\u00e9tique. Cette \u00e9nergie est stock\u00e9e par la batterie et consomm\u00e9e par les diff\u00e9rents organes \u00e9lectriques et \u00e9lectroniques. C&rsquo;est pourquoi nous vous proposons une pi\u00e8ce de marque Mahle \/ Letrika reconnue<br \/><a class=\"more-link\" href=\"https:\/\/edel.fr\/en\/product\/alternateur-case-ihdavid-brownford-new-holland-volt-ampere-14-65\/\"><br \/>\n        Read More<span class=\"screen-reader-text\"> \u00ab\u00a0Alternateur David Brown, Case Ih, Ford New Holland &#8211; 14V \/ 65A\u00a0\u00bb<\/span><\/a><\/p>","protected":false},"featured_media":5608,"template":"","meta":[],"product_brand":[],"product_cat":[4016,4017,4020,164,154,119],"product_tag":[2459,180],"tracteur":[],"class_list":{"0":"post-5867","1":"product","2":"type-product","3":"status-publish","4":"has-post-thumbnail","6":"product_cat-alternateur-case-ih","7":"product_cat-alternateur-david-brown","8":"product_cat-alternateur-ford-new-holland","9":"product_cat-alternateurs","10":"product_cat-electricite","11":"product_cat-tracteurs-agricoles","12":"product_tag-alternateurs","13":"product_tag-electricite","14":"product_shipping_class-142","15":"pa_fabriquant-mahle","16":"pa_marque-tracteur-case-ih","17":"pa_marque-tracteur-david-brown","18":"pa_marque-tracteur-ford-new-holland","19":"pa_modele-tracteur-maxum","20":"pa_modele-tracteur-mc","21":"pa_type-2-1285","22":"pa_type-2-1633","23":"pa_type-2-1634","24":"pa_type-2-1237","25":"pa_type-2-1190","26":"pa_type-2-1635","27":"pa_type-2-1636","28":"pa_type-2-1631","29":"pa_type-2-1167","30":"pa_type-2-1639","31":"pa_type-2-1640","32":"pa_type-2-1304","33":"pa_type-2-1641","34":"pa_type-2-1632","35":"pa_type-2-1171","36":"pa_type-2-1642","37":"pa_type-2-1643","38":"pa_type-2-1644","39":"pa_type-2-case-580-tractopelle","40":"pa_type-2-maxum-5120","41":"pa_type-2-maxum-5130","42":"pa_type-2-maxum-5140","43":"pa_type-2-mc-105","44":"pa_type-2-tw25","45":"badges-style-2","47":"first","48":"instock","49":"taxable","50":"shipping-taxable","51":"purchasable","52":"product-type-simple"},"acf":[],"yoast_head":"<!-- This site is optimized with the Yoast SEO plugin v27.3 - https:\/\/yoast.com\/product\/yoast-seo-wordpress\/ -->\n<title>Alternateur David Brown, Case Ih, Ford New Holland - 14V \/ 65A - Edel<\/title>\n<meta name=\"description\" content=\"Alternateur David Brown, Case Ih, Ford New Holland - 14V \/ 65A - 110 1150 120 135 1550 1640 455 480 5610 5910 7610 7910 850 8630 8700 Maxum 5120 MC 105 TW25\" \/>\n<meta name=\"robots\" content=\"index, follow, max-snippet:-1, max-image-preview:large, max-video-preview:-1\" \/>\n<link rel=\"canonical\" href=\"https:\/\/edel.fr\/en\/product\/alternateur-case-ihdavid-brownford-new-holland-volt-ampere-14-65\/\" \/>\n<meta property=\"og:locale\" content=\"en_US\" \/>\n<meta property=\"og:type\" content=\"article\" \/>\n<meta property=\"og:title\" content=\"Alternateur David Brown, Case Ih, Ford New Holland - 14V \/ 65A - Edel\" \/>\n<meta property=\"og:description\" content=\"Alternateur David Brown, Case Ih, Ford New Holland - 14V \/ 65A - 110 1150 120 135 1550 1640 455 480 5610 5910 7610 7910 850 8630 8700 Maxum 5120 MC 105 TW25\" \/>\n<meta property=\"og:url\" content=\"https:\/\/edel.fr\/en\/product\/alternateur-case-ihdavid-brownford-new-holland-volt-ampere-14-65\/\" \/>\n<meta property=\"og:site_name\" content=\"Edel\" \/>\n<meta property=\"article:modified_time\" content=\"2026-02-04T01:00:22+00:00\" \/>\n<meta property=\"og:image\" content=\"https:\/\/edel.fr\/uploads\/2019\/03\/A25.jpg\" \/>\n\t<meta property=\"og:image:width\" content=\"1920\" \/>\n\t<meta property=\"og:image:height\" content=\"1280\" \/>\n\t<meta property=\"og:image:type\" content=\"image\/jpeg\" \/>\n<meta name=\"twitter:card\" content=\"summary_large_image\" \/>\n<meta name=\"twitter:label1\" content=\"Est. reading time\" \/>\n\t<meta name=\"twitter:data1\" content=\"2 minutes\" \/>\n<script type=\"application\/ld+json\" class=\"yoast-schema-graph\">{\"@context\":\"https:\\\/\\\/schema.org\",\"@graph\":[{\"@type\":\"WebPage\",\"@id\":\"https:\\\/\\\/edel.fr\\\/produit\\\/alternateur-case-ihdavid-brownford-new-holland-volt-ampere-14-65\\\/\",\"url\":\"https:\\\/\\\/edel.fr\\\/produit\\\/alternateur-case-ihdavid-brownford-new-holland-volt-ampere-14-65\\\/\",\"name\":\"Alternateur David Brown, Case Ih, Ford New Holland - 14V \\\/ 65A - Edel\",\"isPartOf\":{\"@id\":\"https:\\\/\\\/www.edel.fr\\\/en\\\/#website\"},\"primaryImageOfPage\":{\"@id\":\"https:\\\/\\\/edel.fr\\\/produit\\\/alternateur-case-ihdavid-brownford-new-holland-volt-ampere-14-65\\\/#primaryimage\"},\"image\":{\"@id\":\"https:\\\/\\\/edel.fr\\\/produit\\\/alternateur-case-ihdavid-brownford-new-holland-volt-ampere-14-65\\\/#primaryimage\"},\"thumbnailUrl\":\"https:\\\/\\\/edel.fr\\\/uploads\\\/2019\\\/03\\\/A25.jpg\",\"datePublished\":\"2019-03-11T08:24:09+00:00\",\"dateModified\":\"2026-02-04T01:00:22+00:00\",\"description\":\"Alternateur David Brown, Case Ih, Ford New Holland - 14V \\\/ 65A - 110 1150 120 135 1550 1640 455 480 5610 5910 7610 7910 850 8630 8700 Maxum 5120 MC 105 TW25\",\"breadcrumb\":{\"@id\":\"https:\\\/\\\/edel.fr\\\/produit\\\/alternateur-case-ihdavid-brownford-new-holland-volt-ampere-14-65\\\/#breadcrumb\"},\"inLanguage\":\"en-US\",\"potentialAction\":[{\"@type\":\"ReadAction\",\"target\":[\"https:\\\/\\\/edel.fr\\\/produit\\\/alternateur-case-ihdavid-brownford-new-holland-volt-ampere-14-65\\\/\"]}]},{\"@type\":\"ImageObject\",\"inLanguage\":\"en-US\",\"@id\":\"https:\\\/\\\/edel.fr\\\/produit\\\/alternateur-case-ihdavid-brownford-new-holland-volt-ampere-14-65\\\/#primaryimage\",\"url\":\"https:\\\/\\\/edel.fr\\\/uploads\\\/2019\\\/03\\\/A25.jpg\",\"contentUrl\":\"https:\\\/\\\/edel.fr\\\/uploads\\\/2019\\\/03\\\/A25.jpg\",\"width\":1920,\"height\":1280,\"caption\":\"Alternateur David Brown, Case Ih, Ford New Holland - 14V \\\/ 65A\"},{\"@type\":\"BreadcrumbList\",\"@id\":\"https:\\\/\\\/edel.fr\\\/produit\\\/alternateur-case-ihdavid-brownford-new-holland-volt-ampere-14-65\\\/#breadcrumb\",\"itemListElement\":[{\"@type\":\"ListItem\",\"position\":1,\"name\":\"Pi\u00e8ce Tracteur\",\"item\":\"https:\\\/\\\/www.edel.fr\\\/en\\\/\"},{\"@type\":\"ListItem\",\"position\":2,\"name\":\"Toutes nos pi\u00e8ces Tracteur\",\"item\":\"https:\\\/\\\/edel.fr\\\/shop\\\/\"},{\"@type\":\"ListItem\",\"position\":3,\"name\":\"Alternateur David Brown, Case Ih, Ford New Holland &#8211; 14V \\\/ 65A\"}]},{\"@type\":\"WebSite\",\"@id\":\"https:\\\/\\\/www.edel.fr\\\/en\\\/#website\",\"url\":\"https:\\\/\\\/www.edel.fr\\\/en\\\/\",\"name\":\"Edel\",\"description\":\"Pi\u00e8ce d\u00e9tach\u00e9e de Tracteur Agricole\",\"publisher\":{\"@id\":\"https:\\\/\\\/www.edel.fr\\\/en\\\/#organization\"},\"potentialAction\":[{\"@type\":\"SearchAction\",\"target\":{\"@type\":\"EntryPoint\",\"urlTemplate\":\"https:\\\/\\\/www.edel.fr\\\/en\\\/?s={search_term_string}\"},\"query-input\":{\"@type\":\"PropertyValueSpecification\",\"valueRequired\":true,\"valueName\":\"search_term_string\"}}],\"inLanguage\":\"en-US\"},{\"@type\":\"Organization\",\"@id\":\"https:\\\/\\\/www.edel.fr\\\/en\\\/#organization\",\"name\":\"Edel\",\"url\":\"https:\\\/\\\/www.edel.fr\\\/en\\\/\",\"logo\":{\"@type\":\"ImageObject\",\"inLanguage\":\"en-US\",\"@id\":\"https:\\\/\\\/www.edel.fr\\\/en\\\/#\\\/schema\\\/logo\\\/image\\\/\",\"url\":\"https:\\\/\\\/www.edel.fr\\\/uploads\\\/2018\\\/11\\\/logo-edel.png\",\"contentUrl\":\"https:\\\/\\\/www.edel.fr\\\/uploads\\\/2018\\\/11\\\/logo-edel.png\",\"width\":257,\"height\":68,\"caption\":\"Edel\"},\"image\":{\"@id\":\"https:\\\/\\\/www.edel.fr\\\/en\\\/#\\\/schema\\\/logo\\\/image\\\/\"}}]}<\/script>\n<!-- \/ Yoast SEO plugin. -->","yoast_head_json":{"title":"Alternateur David Brown, Case Ih, Ford New Holland - 14V \/ 65A - Edel","description":"Alternateur David Brown, Case Ih, Ford New Holland - 14V \/ 65A - 110 1150 120 135 1550 1640 455 480 5610 5910 7610 7910 850 8630 8700 Maxum 5120 MC 105 TW25","robots":{"index":"index","follow":"follow","max-snippet":"max-snippet:-1","max-image-preview":"max-image-preview:large","max-video-preview":"max-video-preview:-1"},"canonical":"https:\/\/edel.fr\/en\/product\/alternateur-case-ihdavid-brownford-new-holland-volt-ampere-14-65\/","og_locale":"en_US","og_type":"article","og_title":"Alternateur David Brown, Case Ih, Ford New Holland - 14V \/ 65A - Edel","og_description":"Alternateur David Brown, Case Ih, Ford New Holland - 14V \/ 65A - 110 1150 120 135 1550 1640 455 480 5610 5910 7610 7910 850 8630 8700 Maxum 5120 MC 105 TW25","og_url":"https:\/\/edel.fr\/en\/product\/alternateur-case-ihdavid-brownford-new-holland-volt-ampere-14-65\/","og_site_name":"Edel","article_modified_time":"2026-02-04T01:00:22+00:00","og_image":[{"width":1920,"height":1280,"url":"https:\/\/edel.fr\/uploads\/2019\/03\/A25.jpg","type":"image\/jpeg"}],"twitter_card":"summary_large_image","twitter_misc":{"Est. reading time":"2 minutes"},"schema":{"@context":"https:\/\/schema.org","@graph":[{"@type":"WebPage","@id":"https:\/\/edel.fr\/produit\/alternateur-case-ihdavid-brownford-new-holland-volt-ampere-14-65\/","url":"https:\/\/edel.fr\/produit\/alternateur-case-ihdavid-brownford-new-holland-volt-ampere-14-65\/","name":"Alternateur David Brown, Case Ih, Ford New Holland - 14V \/ 65A - Edel","isPartOf":{"@id":"https:\/\/www.edel.fr\/en\/#website"},"primaryImageOfPage":{"@id":"https:\/\/edel.fr\/produit\/alternateur-case-ihdavid-brownford-new-holland-volt-ampere-14-65\/#primaryimage"},"image":{"@id":"https:\/\/edel.fr\/produit\/alternateur-case-ihdavid-brownford-new-holland-volt-ampere-14-65\/#primaryimage"},"thumbnailUrl":"https:\/\/edel.fr\/uploads\/2019\/03\/A25.jpg","datePublished":"2019-03-11T08:24:09+00:00","dateModified":"2026-02-04T01:00:22+00:00","description":"Alternateur David Brown, Case Ih, Ford New Holland - 14V \/ 65A - 110 1150 120 135 1550 1640 455 480 5610 5910 7610 7910 850 8630 8700 Maxum 5120 MC 105 TW25","breadcrumb":{"@id":"https:\/\/edel.fr\/produit\/alternateur-case-ihdavid-brownford-new-holland-volt-ampere-14-65\/#breadcrumb"},"inLanguage":"en-US","potentialAction":[{"@type":"ReadAction","target":["https:\/\/edel.fr\/produit\/alternateur-case-ihdavid-brownford-new-holland-volt-ampere-14-65\/"]}]},{"@type":"ImageObject","inLanguage":"en-US","@id":"https:\/\/edel.fr\/produit\/alternateur-case-ihdavid-brownford-new-holland-volt-ampere-14-65\/#primaryimage","url":"https:\/\/edel.fr\/uploads\/2019\/03\/A25.jpg","contentUrl":"https:\/\/edel.fr\/uploads\/2019\/03\/A25.jpg","width":1920,"height":1280,"caption":"Alternateur David Brown, Case Ih, Ford New Holland - 14V \/ 65A"},{"@type":"BreadcrumbList","@id":"https:\/\/edel.fr\/produit\/alternateur-case-ihdavid-brownford-new-holland-volt-ampere-14-65\/#breadcrumb","itemListElement":[{"@type":"ListItem","position":1,"name":"Pi\u00e8ce Tracteur","item":"https:\/\/www.edel.fr\/en\/"},{"@type":"ListItem","position":2,"name":"Toutes nos pi\u00e8ces Tracteur","item":"https:\/\/edel.fr\/shop\/"},{"@type":"ListItem","position":3,"name":"Alternateur David Brown, Case Ih, Ford New Holland &#8211; 14V \/ 65A"}]},{"@type":"WebSite","@id":"https:\/\/www.edel.fr\/en\/#website","url":"https:\/\/www.edel.fr\/en\/","name":"Edel","description":"Pi\u00e8ce d\u00e9tach\u00e9e de Tracteur Agricole","publisher":{"@id":"https:\/\/www.edel.fr\/en\/#organization"},"potentialAction":[{"@type":"SearchAction","target":{"@type":"EntryPoint","urlTemplate":"https:\/\/www.edel.fr\/en\/?s={search_term_string}"},"query-input":{"@type":"PropertyValueSpecification","valueRequired":true,"valueName":"search_term_string"}}],"inLanguage":"en-US"},{"@type":"Organization","@id":"https:\/\/www.edel.fr\/en\/#organization","name":"Edel","url":"https:\/\/www.edel.fr\/en\/","logo":{"@type":"ImageObject","inLanguage":"en-US","@id":"https:\/\/www.edel.fr\/en\/#\/schema\/logo\/image\/","url":"https:\/\/www.edel.fr\/uploads\/2018\/11\/logo-edel.png","contentUrl":"https:\/\/www.edel.fr\/uploads\/2018\/11\/logo-edel.png","width":257,"height":68,"caption":"Edel"},"image":{"@id":"https:\/\/www.edel.fr\/en\/#\/schema\/logo\/image\/"}}]}},"_links":{"self":[{"href":"https:\/\/edel.fr\/en\/wp-json\/wp\/v2\/product\/5867","targetHints":{"allow":["GET"]}}],"collection":[{"href":"https:\/\/edel.fr\/en\/wp-json\/wp\/v2\/product"}],"about":[{"href":"https:\/\/edel.fr\/en\/wp-json\/wp\/v2\/types\/product"}],"version-history":[{"count":2,"href":"https:\/\/edel.fr\/en\/wp-json\/wp\/v2\/product\/5867\/revisions"}],"predecessor-version":[{"id":15131,"href":"https:\/\/edel.fr\/en\/wp-json\/wp\/v2\/product\/5867\/revisions\/15131"}],"wp:featuredmedia":[{"embeddable":true,"href":"https:\/\/edel.fr\/en\/wp-json\/wp\/v2\/media\/5608"}],"wp:attachment":[{"href":"https:\/\/edel.fr\/en\/wp-json\/wp\/v2\/media?parent=5867"}],"wp:term":[{"taxonomy":"product_brand","embeddable":true,"href":"https:\/\/edel.fr\/en\/wp-json\/wp\/v2\/product_brand?post=5867"},{"taxonomy":"product_cat","embeddable":true,"href":"https:\/\/edel.fr\/en\/wp-json\/wp\/v2\/product_cat?post=5867"},{"taxonomy":"product_tag","embeddable":true,"href":"https:\/\/edel.fr\/en\/wp-json\/wp\/v2\/product_tag?post=5867"},{"taxonomy":"tracteur","embeddable":true,"href":"https:\/\/edel.fr\/en\/wp-json\/wp\/v2\/tracteur?post=5867"}],"curies":[{"name":"wp","href":"https:\/\/api.w.org\/{rel}","templated":true}]}}