{"id":5869,"date":"2019-03-11T09:24:09","date_gmt":"2019-03-11T08:24:09","guid":{"rendered":"http:\/\/edel.stephanie.ct.webcd.lan\/shop\/alternateur-ford-new-hollandjohn-deererenault-claas-volt-ampere-14-65volt-ampere-14-65-moteur-john-deere\/"},"modified":"2026-04-02T03:00:40","modified_gmt":"2026-04-02T01:00:40","slug":"alternateur-ford-new-hollandjohn-deererenault-claas-volt-ampere-14-65moteur-john-deere","status":"publish","type":"product","link":"https:\/\/edel.fr\/en\/product\/alternateur-ford-new-hollandjohn-deererenault-claas-volt-ampere-14-65moteur-john-deere\/","title":{"rendered":"Alternateur Ford New Holland, John Deere, Renault &#8211; 14V\/65A"},"content":{"rendered":"<div data-elementor-type=\"wp-post\" data-elementor-id=\"5869\" class=\"elementor elementor-5869\">\n\t\t\t\t\t\t<section class=\"elementor-section elementor-top-section elementor-element elementor-element-336b0c02 elementor-section-boxed elementor-section-height-default elementor-section-height-default\" data-id=\"336b0c02\" data-element_type=\"section\" data-e-type=\"section\">\n\t\t\t\t\t\t<div class=\"elementor-container elementor-column-gap-default\">\n\t\t\t\t\t<div class=\"elementor-column elementor-col-100 elementor-top-column elementor-element elementor-element-19681f89\" data-id=\"19681f89\" data-element_type=\"column\" data-e-type=\"column\">\n\t\t\t<div class=\"elementor-widget-wrap elementor-element-populated\">\n\t\t\t\t\t\t<div class=\"elementor-element elementor-element-779707e1 elementor-widget elementor-widget-heading\" data-id=\"779707e1\" data-element_type=\"widget\" data-e-type=\"widget\" data-widget_type=\"heading.default\">\n\t\t\t\t<div class=\"elementor-widget-container\">\n\t\t\t\t\t<h2 class=\"elementor-heading-title elementor-size-default\">Alternateur Ford New Holland, John Deere, Renault - 14V\/65A, Moteur John Deere<\/h2>\t\t\t\t<\/div>\n\t\t\t\t<\/div>\n\t\t\t\t<div class=\"elementor-element elementor-element-1517e81c elementor-widget elementor-widget-heading\" data-id=\"1517e81c\" data-element_type=\"widget\" data-e-type=\"widget\" data-widget_type=\"heading.default\">\n\t\t\t\t<div class=\"elementor-widget-container\">\n\t\t\t\t\t<h3 class=\"elementor-heading-title elementor-size-default\">Information du produit :<\/h3>\t\t\t\t<\/div>\n\t\t\t\t<\/div>\n\t\t\t\t\t<\/div>\n\t\t<\/div>\n\t\t\t\t\t<\/div>\n\t\t<\/section>\n\t\t\t\t<section class=\"elementor-section elementor-top-section elementor-element elementor-element-44d4da2f elementor-section-boxed elementor-section-height-default elementor-section-height-default\" data-id=\"44d4da2f\" data-element_type=\"section\" data-e-type=\"section\">\n\t\t\t\t\t\t<div class=\"elementor-container elementor-column-gap-default\">\n\t\t\t\t\t<div class=\"elementor-column elementor-col-100 elementor-top-column elementor-element elementor-element-20379dc1\" data-id=\"20379dc1\" data-element_type=\"column\" data-e-type=\"column\">\n\t\t\t<div class=\"elementor-widget-wrap elementor-element-populated\">\n\t\t\t\t\t\t<div class=\"elementor-element elementor-element-4bd87444 elementor-widget elementor-widget-text-editor\" data-id=\"4bd87444\" data-element_type=\"widget\" data-e-type=\"widget\" data-widget_type=\"text-editor.default\">\n\t\t\t\t<div class=\"elementor-widget-container\">\n\t\t\t\t\t\t\t\t\t<p>Votre alternateur g\u00e9n\u00e8re de l\u2019\u00e9nergie \u00e9lectrique en convertissant l&rsquo;\u00e9nergie cin\u00e9tique. Cette \u00e9nergie est stock\u00e9e par la batterie et consomm\u00e9e par les diff\u00e9rents organes \u00e9lectriques et \u00e9lectroniques.<\/p><p>C&rsquo;est pourquoi nous vous proposons une pi\u00e8ce de marque <a href=\"https:\/\/edel.fr\/en\/constructeur\/mahle\/\">Mahle<\/a> \/ <a href=\"https:\/\/edel.fr\/en\/constructeur\/letrika\/\">Letrika<\/a> reconnue pour sa fiabilit\u00e9.<\/p><p>Ford New Holland, John Deere, Renault Claas : 1032, 1040, 1055, 1140, 1640, 2040, 2140, 2850, 3040, 3100, 3140, 320X Ergos, 4230, 6800, 930, 95, Ares, Ceres 85, JD 3100, Temis 6.10, TX34.<\/p><p><strong>R\u00e9f\u00e9rences du constructeur :<\/strong><\/p><p>CLAAS : 6005027729, 7700036535.<\/p><p>LESTER : 12548<\/p><p>RENAULT : 77 00 036 535, 77 00 058 809.<\/p><p>SPAREX : 36087<\/p>\t\t\t\t\t\t\t\t<\/div>\n\t\t\t\t<\/div>\n\t\t\t\t\t<\/div>\n\t\t<\/div>\n\t\t\t\t\t<\/div>\n\t\t<\/section>\n\t\t\t\t<\/div>","protected":false},"excerpt":{"rendered":"<p>Alternateur Ford New Holland, John Deere, Renault &#8211; 14V\/65A, Moteur John Deere Information du produit : Votre alternateur g\u00e9n\u00e8re de l\u2019\u00e9nergie \u00e9lectrique en convertissant l&rsquo;\u00e9nergie cin\u00e9tique. Cette \u00e9nergie est stock\u00e9e par la batterie et consomm\u00e9e par les diff\u00e9rents organes \u00e9lectriques et \u00e9lectroniques. C&rsquo;est pourquoi nous vous proposons une pi\u00e8ce de marque Mahle \/ Letrika reconnue<br \/><a class=\"more-link\" href=\"https:\/\/edel.fr\/en\/product\/alternateur-ford-new-hollandjohn-deererenault-claas-volt-ampere-14-65moteur-john-deere\/\"><br \/>\n        Read More<span class=\"screen-reader-text\"> \u00ab\u00a0Alternateur Ford New Holland, John Deere, Renault &#8211; 14V\/65A\u00a0\u00bb<\/span><\/a><\/p>","protected":false},"featured_media":5609,"template":"","meta":[],"product_brand":[],"product_cat":[4020,4022,4032,164,154,119],"product_tag":[2459,180],"tracteur":[],"class_list":{"0":"post-5869","1":"product","2":"type-product","3":"status-publish","4":"has-post-thumbnail","6":"product_cat-alternateur-ford-new-holland","7":"product_cat-alternateur-john-deere","8":"product_cat-alternateur-renault-claas","9":"product_cat-alternateurs","10":"product_cat-electricite","11":"product_cat-tracteurs-agricoles","12":"product_tag-alternateurs","13":"product_tag-electricite","14":"product_shipping_class-142","15":"pa_fabriquant-mahle","16":"pa_marque-tracteur-ford-new-holland","17":"pa_marque-tracteur-john-deere","18":"pa_marque-tracteur-renault-claas","19":"pa_modele-tracteur-ares","20":"pa_modele-tracteur-ceres","21":"pa_modele-tracteur-ergos","22":"pa_modele-tracteur-moissonneuse-batteuse","23":"pa_modele-tracteur-temis","24":"pa_type-2-1649","25":"pa_type-2-1650","26":"pa_type-2-1267","27":"pa_type-2-1651","28":"pa_type-2-1636","29":"pa_type-2-1652","30":"pa_type-2-1474","31":"pa_type-2-1653","32":"pa_type-2-1654","33":"pa_type-2-1558","34":"pa_type-2-1655","35":"pa_type-2-320x-ergos","36":"pa_type-2-1299","37":"pa_type-2-1573","38":"pa_type-2-1648","39":"pa_type-2-1657","40":"pa_type-2-ares","41":"pa_type-2-ceres-85","42":"pa_type-2-jd-3100","43":"pa_type-2-temis-6-10","44":"pa_type-2-tx-34","45":"badges-style-2","47":"first","48":"instock","49":"taxable","50":"shipping-taxable","51":"purchasable","52":"product-type-simple"},"acf":[],"yoast_head":"<!-- This site is optimized with the Yoast SEO plugin v27.3 - https:\/\/yoast.com\/product\/yoast-seo-wordpress\/ -->\n<title>Alternateur Ford New Holland, John Deere, Renault - 14V\/65A - Edel<\/title>\n<meta name=\"description\" content=\"Alternateur Ford New Holland, John Deere, Renault - 14V\/65A, Moteur John Deere - 1032 1040 1055 1140 1640 2040 2140 2850 3040 3100 3140 4230 6800 930 95\" \/>\n<meta name=\"robots\" content=\"index, follow, max-snippet:-1, max-image-preview:large, max-video-preview:-1\" \/>\n<link rel=\"canonical\" href=\"https:\/\/edel.fr\/en\/product\/alternateur-ford-new-hollandjohn-deererenault-claas-volt-ampere-14-65moteur-john-deere\/\" \/>\n<meta property=\"og:locale\" content=\"en_US\" \/>\n<meta property=\"og:type\" content=\"article\" \/>\n<meta property=\"og:title\" content=\"Alternateur Ford New Holland, John Deere, Renault - 14V\/65A - Edel\" \/>\n<meta property=\"og:description\" content=\"Alternateur Ford New Holland, John Deere, Renault - 14V\/65A, Moteur John Deere - 1032 1040 1055 1140 1640 2040 2140 2850 3040 3100 3140 4230 6800 930 95\" \/>\n<meta property=\"og:url\" content=\"https:\/\/edel.fr\/en\/product\/alternateur-ford-new-hollandjohn-deererenault-claas-volt-ampere-14-65moteur-john-deere\/\" \/>\n<meta property=\"og:site_name\" content=\"Edel\" \/>\n<meta property=\"article:modified_time\" content=\"2026-04-02T01:00:40+00:00\" \/>\n<meta property=\"og:image\" content=\"https:\/\/edel.fr\/uploads\/2019\/03\/A26.jpg\" \/>\n\t<meta property=\"og:image:width\" content=\"1920\" \/>\n\t<meta property=\"og:image:height\" content=\"1280\" \/>\n\t<meta property=\"og:image:type\" content=\"image\/jpeg\" \/>\n<meta name=\"twitter:card\" content=\"summary_large_image\" \/>\n<meta name=\"twitter:label1\" content=\"Est. reading time\" \/>\n\t<meta name=\"twitter:data1\" content=\"1 minute\" \/>\n<script type=\"application\/ld+json\" class=\"yoast-schema-graph\">{\"@context\":\"https:\\\/\\\/schema.org\",\"@graph\":[{\"@type\":\"WebPage\",\"@id\":\"https:\\\/\\\/edel.fr\\\/produit\\\/alternateur-ford-new-hollandjohn-deererenault-claas-volt-ampere-14-65moteur-john-deere\\\/\",\"url\":\"https:\\\/\\\/edel.fr\\\/produit\\\/alternateur-ford-new-hollandjohn-deererenault-claas-volt-ampere-14-65moteur-john-deere\\\/\",\"name\":\"Alternateur Ford New Holland, John Deere, Renault - 14V\\\/65A - Edel\",\"isPartOf\":{\"@id\":\"https:\\\/\\\/www.edel.fr\\\/en\\\/#website\"},\"primaryImageOfPage\":{\"@id\":\"https:\\\/\\\/edel.fr\\\/produit\\\/alternateur-ford-new-hollandjohn-deererenault-claas-volt-ampere-14-65moteur-john-deere\\\/#primaryimage\"},\"image\":{\"@id\":\"https:\\\/\\\/edel.fr\\\/produit\\\/alternateur-ford-new-hollandjohn-deererenault-claas-volt-ampere-14-65moteur-john-deere\\\/#primaryimage\"},\"thumbnailUrl\":\"https:\\\/\\\/edel.fr\\\/uploads\\\/2019\\\/03\\\/A26.jpg\",\"datePublished\":\"2019-03-11T08:24:09+00:00\",\"dateModified\":\"2026-04-02T01:00:40+00:00\",\"description\":\"Alternateur Ford New Holland, John Deere, Renault - 14V\\\/65A, Moteur John Deere - 1032 1040 1055 1140 1640 2040 2140 2850 3040 3100 3140 4230 6800 930 95\",\"breadcrumb\":{\"@id\":\"https:\\\/\\\/edel.fr\\\/produit\\\/alternateur-ford-new-hollandjohn-deererenault-claas-volt-ampere-14-65moteur-john-deere\\\/#breadcrumb\"},\"inLanguage\":\"en-US\",\"potentialAction\":[{\"@type\":\"ReadAction\",\"target\":[\"https:\\\/\\\/edel.fr\\\/produit\\\/alternateur-ford-new-hollandjohn-deererenault-claas-volt-ampere-14-65moteur-john-deere\\\/\"]}]},{\"@type\":\"ImageObject\",\"inLanguage\":\"en-US\",\"@id\":\"https:\\\/\\\/edel.fr\\\/produit\\\/alternateur-ford-new-hollandjohn-deererenault-claas-volt-ampere-14-65moteur-john-deere\\\/#primaryimage\",\"url\":\"https:\\\/\\\/edel.fr\\\/uploads\\\/2019\\\/03\\\/A26.jpg\",\"contentUrl\":\"https:\\\/\\\/edel.fr\\\/uploads\\\/2019\\\/03\\\/A26.jpg\",\"width\":1920,\"height\":1280,\"caption\":\"Alternateur Ford New Holland, John Deere, Renault - 14V\\\/65A\"},{\"@type\":\"BreadcrumbList\",\"@id\":\"https:\\\/\\\/edel.fr\\\/produit\\\/alternateur-ford-new-hollandjohn-deererenault-claas-volt-ampere-14-65moteur-john-deere\\\/#breadcrumb\",\"itemListElement\":[{\"@type\":\"ListItem\",\"position\":1,\"name\":\"Pi\u00e8ce Tracteur\",\"item\":\"https:\\\/\\\/www.edel.fr\\\/en\\\/\"},{\"@type\":\"ListItem\",\"position\":2,\"name\":\"Toutes nos pi\u00e8ces Tracteur\",\"item\":\"https:\\\/\\\/edel.fr\\\/shop\\\/\"},{\"@type\":\"ListItem\",\"position\":3,\"name\":\"Alternateur Ford New Holland, John Deere, Renault &#8211; 14V\\\/65A\"}]},{\"@type\":\"WebSite\",\"@id\":\"https:\\\/\\\/www.edel.fr\\\/en\\\/#website\",\"url\":\"https:\\\/\\\/www.edel.fr\\\/en\\\/\",\"name\":\"Edel\",\"description\":\"Pi\u00e8ce d\u00e9tach\u00e9e de Tracteur Agricole\",\"publisher\":{\"@id\":\"https:\\\/\\\/www.edel.fr\\\/en\\\/#organization\"},\"potentialAction\":[{\"@type\":\"SearchAction\",\"target\":{\"@type\":\"EntryPoint\",\"urlTemplate\":\"https:\\\/\\\/www.edel.fr\\\/en\\\/?s={search_term_string}\"},\"query-input\":{\"@type\":\"PropertyValueSpecification\",\"valueRequired\":true,\"valueName\":\"search_term_string\"}}],\"inLanguage\":\"en-US\"},{\"@type\":\"Organization\",\"@id\":\"https:\\\/\\\/www.edel.fr\\\/en\\\/#organization\",\"name\":\"Edel\",\"url\":\"https:\\\/\\\/www.edel.fr\\\/en\\\/\",\"logo\":{\"@type\":\"ImageObject\",\"inLanguage\":\"en-US\",\"@id\":\"https:\\\/\\\/www.edel.fr\\\/en\\\/#\\\/schema\\\/logo\\\/image\\\/\",\"url\":\"https:\\\/\\\/www.edel.fr\\\/uploads\\\/2018\\\/11\\\/logo-edel.png\",\"contentUrl\":\"https:\\\/\\\/www.edel.fr\\\/uploads\\\/2018\\\/11\\\/logo-edel.png\",\"width\":257,\"height\":68,\"caption\":\"Edel\"},\"image\":{\"@id\":\"https:\\\/\\\/www.edel.fr\\\/en\\\/#\\\/schema\\\/logo\\\/image\\\/\"}}]}<\/script>\n<!-- \/ Yoast SEO plugin. -->","yoast_head_json":{"title":"Alternateur Ford New Holland, John Deere, Renault - 14V\/65A - Edel","description":"Alternateur Ford New Holland, John Deere, Renault - 14V\/65A, Moteur John Deere - 1032 1040 1055 1140 1640 2040 2140 2850 3040 3100 3140 4230 6800 930 95","robots":{"index":"index","follow":"follow","max-snippet":"max-snippet:-1","max-image-preview":"max-image-preview:large","max-video-preview":"max-video-preview:-1"},"canonical":"https:\/\/edel.fr\/en\/product\/alternateur-ford-new-hollandjohn-deererenault-claas-volt-ampere-14-65moteur-john-deere\/","og_locale":"en_US","og_type":"article","og_title":"Alternateur Ford New Holland, John Deere, Renault - 14V\/65A - Edel","og_description":"Alternateur Ford New Holland, John Deere, Renault - 14V\/65A, Moteur John Deere - 1032 1040 1055 1140 1640 2040 2140 2850 3040 3100 3140 4230 6800 930 95","og_url":"https:\/\/edel.fr\/en\/product\/alternateur-ford-new-hollandjohn-deererenault-claas-volt-ampere-14-65moteur-john-deere\/","og_site_name":"Edel","article_modified_time":"2026-04-02T01:00:40+00:00","og_image":[{"width":1920,"height":1280,"url":"https:\/\/edel.fr\/uploads\/2019\/03\/A26.jpg","type":"image\/jpeg"}],"twitter_card":"summary_large_image","twitter_misc":{"Est. reading time":"1 minute"},"schema":{"@context":"https:\/\/schema.org","@graph":[{"@type":"WebPage","@id":"https:\/\/edel.fr\/produit\/alternateur-ford-new-hollandjohn-deererenault-claas-volt-ampere-14-65moteur-john-deere\/","url":"https:\/\/edel.fr\/produit\/alternateur-ford-new-hollandjohn-deererenault-claas-volt-ampere-14-65moteur-john-deere\/","name":"Alternateur Ford New Holland, John Deere, Renault - 14V\/65A - Edel","isPartOf":{"@id":"https:\/\/www.edel.fr\/en\/#website"},"primaryImageOfPage":{"@id":"https:\/\/edel.fr\/produit\/alternateur-ford-new-hollandjohn-deererenault-claas-volt-ampere-14-65moteur-john-deere\/#primaryimage"},"image":{"@id":"https:\/\/edel.fr\/produit\/alternateur-ford-new-hollandjohn-deererenault-claas-volt-ampere-14-65moteur-john-deere\/#primaryimage"},"thumbnailUrl":"https:\/\/edel.fr\/uploads\/2019\/03\/A26.jpg","datePublished":"2019-03-11T08:24:09+00:00","dateModified":"2026-04-02T01:00:40+00:00","description":"Alternateur Ford New Holland, John Deere, Renault - 14V\/65A, Moteur John Deere - 1032 1040 1055 1140 1640 2040 2140 2850 3040 3100 3140 4230 6800 930 95","breadcrumb":{"@id":"https:\/\/edel.fr\/produit\/alternateur-ford-new-hollandjohn-deererenault-claas-volt-ampere-14-65moteur-john-deere\/#breadcrumb"},"inLanguage":"en-US","potentialAction":[{"@type":"ReadAction","target":["https:\/\/edel.fr\/produit\/alternateur-ford-new-hollandjohn-deererenault-claas-volt-ampere-14-65moteur-john-deere\/"]}]},{"@type":"ImageObject","inLanguage":"en-US","@id":"https:\/\/edel.fr\/produit\/alternateur-ford-new-hollandjohn-deererenault-claas-volt-ampere-14-65moteur-john-deere\/#primaryimage","url":"https:\/\/edel.fr\/uploads\/2019\/03\/A26.jpg","contentUrl":"https:\/\/edel.fr\/uploads\/2019\/03\/A26.jpg","width":1920,"height":1280,"caption":"Alternateur Ford New Holland, John Deere, Renault - 14V\/65A"},{"@type":"BreadcrumbList","@id":"https:\/\/edel.fr\/produit\/alternateur-ford-new-hollandjohn-deererenault-claas-volt-ampere-14-65moteur-john-deere\/#breadcrumb","itemListElement":[{"@type":"ListItem","position":1,"name":"Pi\u00e8ce Tracteur","item":"https:\/\/www.edel.fr\/en\/"},{"@type":"ListItem","position":2,"name":"Toutes nos pi\u00e8ces Tracteur","item":"https:\/\/edel.fr\/shop\/"},{"@type":"ListItem","position":3,"name":"Alternateur Ford New Holland, John Deere, Renault &#8211; 14V\/65A"}]},{"@type":"WebSite","@id":"https:\/\/www.edel.fr\/en\/#website","url":"https:\/\/www.edel.fr\/en\/","name":"Edel","description":"Pi\u00e8ce d\u00e9tach\u00e9e de Tracteur Agricole","publisher":{"@id":"https:\/\/www.edel.fr\/en\/#organization"},"potentialAction":[{"@type":"SearchAction","target":{"@type":"EntryPoint","urlTemplate":"https:\/\/www.edel.fr\/en\/?s={search_term_string}"},"query-input":{"@type":"PropertyValueSpecification","valueRequired":true,"valueName":"search_term_string"}}],"inLanguage":"en-US"},{"@type":"Organization","@id":"https:\/\/www.edel.fr\/en\/#organization","name":"Edel","url":"https:\/\/www.edel.fr\/en\/","logo":{"@type":"ImageObject","inLanguage":"en-US","@id":"https:\/\/www.edel.fr\/en\/#\/schema\/logo\/image\/","url":"https:\/\/www.edel.fr\/uploads\/2018\/11\/logo-edel.png","contentUrl":"https:\/\/www.edel.fr\/uploads\/2018\/11\/logo-edel.png","width":257,"height":68,"caption":"Edel"},"image":{"@id":"https:\/\/www.edel.fr\/en\/#\/schema\/logo\/image\/"}}]}},"_links":{"self":[{"href":"https:\/\/edel.fr\/en\/wp-json\/wp\/v2\/product\/5869","targetHints":{"allow":["GET"]}}],"collection":[{"href":"https:\/\/edel.fr\/en\/wp-json\/wp\/v2\/product"}],"about":[{"href":"https:\/\/edel.fr\/en\/wp-json\/wp\/v2\/types\/product"}],"version-history":[{"count":2,"href":"https:\/\/edel.fr\/en\/wp-json\/wp\/v2\/product\/5869\/revisions"}],"predecessor-version":[{"id":15151,"href":"https:\/\/edel.fr\/en\/wp-json\/wp\/v2\/product\/5869\/revisions\/15151"}],"wp:featuredmedia":[{"embeddable":true,"href":"https:\/\/edel.fr\/en\/wp-json\/wp\/v2\/media\/5609"}],"wp:attachment":[{"href":"https:\/\/edel.fr\/en\/wp-json\/wp\/v2\/media?parent=5869"}],"wp:term":[{"taxonomy":"product_brand","embeddable":true,"href":"https:\/\/edel.fr\/en\/wp-json\/wp\/v2\/product_brand?post=5869"},{"taxonomy":"product_cat","embeddable":true,"href":"https:\/\/edel.fr\/en\/wp-json\/wp\/v2\/product_cat?post=5869"},{"taxonomy":"product_tag","embeddable":true,"href":"https:\/\/edel.fr\/en\/wp-json\/wp\/v2\/product_tag?post=5869"},{"taxonomy":"tracteur","embeddable":true,"href":"https:\/\/edel.fr\/en\/wp-json\/wp\/v2\/tracteur?post=5869"}],"curies":[{"name":"wp","href":"https:\/\/api.w.org\/{rel}","templated":true}]}}