{"id":5870,"date":"2019-03-11T09:24:09","date_gmt":"2019-03-11T08:24:09","guid":{"rendered":"http:\/\/edel.stephanie.ct.webcd.lan\/shop\/alternateur-case-ihdavid-brownford-new-hollandmanitoumassey-fergusonrenault-claasvalmet-volt-ampere-14-70volt-ampere-14-70-moteur-perkins\/"},"modified":"2026-04-02T03:00:58","modified_gmt":"2026-04-02T01:00:58","slug":"alternateur-case-ihdavid-brownford-new-hollandmanitoumassey-fergusonrenault-claasvalmet-volt-ampere-14-70moteur-perkins","status":"publish","type":"product","link":"https:\/\/edel.fr\/en\/product\/alternateur-case-ihdavid-brownford-new-hollandmanitoumassey-fergusonrenault-claasvalmet-volt-ampere-14-70moteur-perkins\/","title":{"rendered":"Alternateur Perkins, Manitou, Massey Ferguson, Renault &#8211; 14V\/70A"},"content":{"rendered":"<div data-elementor-type=\"wp-post\" data-elementor-id=\"5870\" class=\"elementor elementor-5870\">\n\t\t\t\t\t\t<section class=\"elementor-section elementor-top-section elementor-element elementor-element-5622749 elementor-section-boxed elementor-section-height-default elementor-section-height-default\" data-id=\"5622749\" data-element_type=\"section\" data-e-type=\"section\">\n\t\t\t\t\t\t<div class=\"elementor-container elementor-column-gap-default\">\n\t\t\t\t\t<div class=\"elementor-column elementor-col-100 elementor-top-column elementor-element elementor-element-1b63e0f4\" data-id=\"1b63e0f4\" data-element_type=\"column\" data-e-type=\"column\">\n\t\t\t<div class=\"elementor-widget-wrap elementor-element-populated\">\n\t\t\t\t\t\t<div class=\"elementor-element elementor-element-7ac4de8e elementor-widget elementor-widget-heading\" data-id=\"7ac4de8e\" data-element_type=\"widget\" data-e-type=\"widget\" data-widget_type=\"heading.default\">\n\t\t\t\t<div class=\"elementor-widget-container\">\n\t\t\t\t\t<h2 class=\"elementor-heading-title elementor-size-default\">Alternateur\u00a0 Perkins - Case Ih, David Brown, Ford, Manitou, Massey Ferguson, Renault, Valmet - 14V\/70A, Moteur Perkins <\/h2>\t\t\t\t<\/div>\n\t\t\t\t<\/div>\n\t\t\t\t<div class=\"elementor-element elementor-element-716fc49d elementor-widget elementor-widget-heading\" data-id=\"716fc49d\" data-element_type=\"widget\" data-e-type=\"widget\" data-widget_type=\"heading.default\">\n\t\t\t\t<div class=\"elementor-widget-container\">\n\t\t\t\t\t<h3 class=\"elementor-heading-title elementor-size-default\">Information du produit :<\/h3>\t\t\t\t<\/div>\n\t\t\t\t<\/div>\n\t\t\t\t\t<\/div>\n\t\t<\/div>\n\t\t\t\t\t<\/div>\n\t\t<\/section>\n\t\t\t\t<section class=\"elementor-section elementor-top-section elementor-element elementor-element-5973f158 elementor-section-boxed elementor-section-height-default elementor-section-height-default\" data-id=\"5973f158\" data-element_type=\"section\" data-e-type=\"section\">\n\t\t\t\t\t\t<div class=\"elementor-container elementor-column-gap-default\">\n\t\t\t\t\t<div class=\"elementor-column elementor-col-100 elementor-top-column elementor-element elementor-element-78521301\" data-id=\"78521301\" data-element_type=\"column\" data-e-type=\"column\">\n\t\t\t<div class=\"elementor-widget-wrap elementor-element-populated\">\n\t\t\t\t\t\t<div class=\"elementor-element elementor-element-6b71586e elementor-widget elementor-widget-text-editor\" data-id=\"6b71586e\" data-element_type=\"widget\" data-e-type=\"widget\" data-widget_type=\"text-editor.default\">\n\t\t\t\t<div class=\"elementor-widget-container\">\n\t\t\t\t\t\t\t\t\t<p>Votre alternateur g\u00e9n\u00e8re de l\u2019\u00e9nergie \u00e9lectrique en convertissant l&rsquo;\u00e9nergie cin\u00e9tique. Cette \u00e9nergie est stock\u00e9e par la batterie et consomm\u00e9e par les diff\u00e9rents organes \u00e9lectriques et \u00e9lectroniques.<\/p><p>C&rsquo;est pourquoi nous vous proposons une pi\u00e8ce de marque <a href=\"https:\/\/edel.fr\/en\/constructeur\/mahle\/\">Mahle<\/a> \/ <a href=\"https:\/\/edel.fr\/en\/constructeur\/letrika\/\">Letrika<\/a> reconnue pour sa fiabilit\u00e9.<\/p><p>Alternateur Perkins &#8211; Case Ih, David Brown, Ford, Manitou, Massey Ferguson, Renault, Valmet : 1390, 1394, 1490, 2610, 2670, 3085, 3095, 3115, 3125, 3200, 360, 3610, 3635, 3645, 365, 3655, 374V, 375, 390, 3910, 398, 4200, 4210, 4220, 4235, 4245, 4255, 4610, 4630, 5000, 501, 5110, 5610, 58.34, 5830, 601, 6120, 6130, 6150, 6160, 6170, 6180, 6190, 6260, 6300, 633MLT, 6400, 6410, 6600, 6610, 6700, 6710, 6800, 6810, 6860, 695 XL, 699, 70.34, 701, 7012, 7012\/34, 7014, 725MLT, 7410, 7610, 7710, 7810, 795, 8012\/34, 8060, 8070, 8100, 8110, 8120, 8130, 8160, 8550, 8880, 905, 9880 Clim, Ceres 75, CS58, Ghibli 90MLT 6.28, Landini 6830, Legend 130, MB8055, MLT 6.26, MT 1230 SCP, S\u00e9rie 4200, TP655C.<\/p><p><strong>R\u00e9f\u00e9rences du constructeur :<\/strong><\/p><p>AGCO : 701 910 M91, 8363 280 0, C000900010190.<\/p><p>BOSCH : 0120489384<\/p><p>CASE : 922 81 C1, 922 92 C1, K 311 696, K 311 697, K 311 698.<\/p><p>CNH \/ FIAT AGRI : 66021636, 84530361.<\/p><p>HELLA : 8EL 725 855-001, 8EL 725 882-001, 8EL 737 740-001, CA 1494 IR, CA 564 IR, CA 600 IR.<\/p><p>JCB : 714\/01003, 714\/10800, 714\/40148, 714\/40476, 71426100.<\/p><p>KRAMER : 1000085781, 1000133958.<\/p><p>LAND ROVER : ADU 8880, ADU 9548, ADU 9750, ASU 1693.<\/p><p>LANDINI : 3477 851 M91<\/p><p>LESTER : 12045, 12046, 12086, 12088, 12306, 12307, 12365, 12699, 24 129, LRA00460, LRA00461, LRA00602, LRA00958, LRA01669, LRA01888, LRA02690, LRB00290.<\/p><p>MAGNETI MARELLI : 540 220 97A, 540 220 97B, 540 221 91, 540 221 93, 540 222 29, 540 222 42, 540 222 42B, 540 222 44, 540 222 55, 540 222 62, 540 222 62A, 540 222 82, 540 223 06, 540 223 06B, 540 223 36D, 540 224 83, 540 225 29A, 540 225 80, 540 226 16, 633 242 45, 633 242 94, 633 244 00, 633 244 07, MAN 131.<\/p><p>MARUTI : 1447 701 R91, 1897 695 R91, 3478 360 M91, 3611 576 M91, 3611 931 M91, 3930 501 R91.<\/p><p>MASSEY-FERGUSON : 3478 360 M91, 3611 576 M91, 3611 931 M91, 3930 504 R1, 3930 504 R91.<\/p><p>PERKINS : 1475 922 N91, 2871A141, 2871A148, 2871A154, 2871A160, 2871A163.<\/p><p>PRESTOLITE : 66021136<\/p><p>ROVER : ADU 8090, ADU 8880, YLE 101570, YLE 101580.<\/p><p>SPAREX : 36168<\/p><p>VALEO : 433 415, 436 692, VA 140.<\/p><p>VALTRA (VALMET) : 50273, 83632800.<\/p><p>WILSON : 90-17-8048<\/p><p>Edel vous propose \u00e9galement une large gamme d&rsquo;alternateurs et d\u00e9marreurs pour des applications sp\u00e9cifiques, et de diff\u00e9rentes marques.<\/p><p>Donc, pour plus de renseignements, n&rsquo;h\u00e9sitez pas \u00e0 nous consulter !<\/p>\t\t\t\t\t\t\t\t<\/div>\n\t\t\t\t<\/div>\n\t\t\t\t\t<\/div>\n\t\t<\/div>\n\t\t\t\t\t<\/div>\n\t\t<\/section>\n\t\t\t\t<\/div>","protected":false},"excerpt":{"rendered":"<p>Alternateur\u00a0 Perkins &#8211; Case Ih, David Brown, Ford, Manitou, Massey Ferguson, Renault, Valmet &#8211; 14V\/70A, Moteur Perkins Information du produit : Votre alternateur g\u00e9n\u00e8re de l\u2019\u00e9nergie \u00e9lectrique en convertissant l&rsquo;\u00e9nergie cin\u00e9tique. Cette \u00e9nergie est stock\u00e9e par la batterie et consomm\u00e9e par les diff\u00e9rents organes \u00e9lectriques et \u00e9lectroniques. C&rsquo;est pourquoi nous vous proposons une pi\u00e8ce de<br \/><a class=\"more-link\" href=\"https:\/\/edel.fr\/en\/product\/alternateur-case-ihdavid-brownford-new-hollandmanitoumassey-fergusonrenault-claasvalmet-volt-ampere-14-70moteur-perkins\/\"><br \/>\n        Read More<span class=\"screen-reader-text\"> \u00ab\u00a0Alternateur Perkins, Manitou, Massey Ferguson, Renault &#8211; 14V\/70A\u00a0\u00bb<\/span><\/a><\/p>","protected":false},"featured_media":5610,"template":"","meta":[],"product_brand":[],"product_cat":[4016,4017,4020,4028,4029,4032,164,4035,154,119],"product_tag":[2459,180],"tracteur":[],"class_list":{"0":"post-5870","1":"product","2":"type-product","3":"status-publish","4":"has-post-thumbnail","6":"product_cat-alternateur-case-ih","7":"product_cat-alternateur-david-brown","8":"product_cat-alternateur-ford-new-holland","9":"product_cat-alternateur-manitou","10":"product_cat-alternateur-massey-ferguson","11":"product_cat-alternateur-renault-claas","12":"product_cat-alternateurs","13":"product_cat-alternateur-valmet","14":"product_cat-electricite","15":"product_cat-tracteurs-agricoles","16":"product_tag-alternateurs","17":"product_tag-electricite","18":"product_shipping_class-142","19":"pa_fabriquant-mahle","20":"pa_marque-tracteur-case-ih","21":"pa_marque-tracteur-david-brown","22":"pa_marque-tracteur-ford-new-holland","23":"pa_marque-tracteur-manitou","24":"pa_marque-tracteur-massey-ferguson","25":"pa_marque-tracteur-renault-claas","26":"pa_marque-tracteur-valtra-valmet","27":"pa_modele-tracteur-ceres","28":"pa_modele-tracteur-cs","29":"pa_modele-tracteur-divers","30":"pa_modele-tracteur-ghibli","31":"pa_modele-tracteur-jcb-fastrack","32":"pa_modele-tracteur-legend","33":"pa_modele-tracteur-maniscop","34":"pa_modele-tracteur-merlo","35":"pa_modele-tracteur-mlt","36":"pa_modele-tracteur-moissonneuse-batteuse","37":"pa_modele-tracteur-mt","38":"pa_modele-tracteur-mx","39":"pa_type-2-1360","40":"pa_type-2-1601","41":"pa_type-2-1361","42":"pa_type-2-1665","43":"pa_type-2-1317","44":"pa_type-2-1318","45":"pa_type-2-1319","46":"pa_type-2-1320","47":"pa_type-2-1321","48":"pa_type-2-1559","49":"pa_type-2-1310","50":"pa_type-2-1453","51":"pa_type-2-1322","52":"pa_type-2-1323","53":"pa_type-2-1311","54":"pa_type-2-1324","55":"pa_type-2-374v","56":"pa_type-2-1313","57":"pa_type-2-1314","58":"pa_type-2-1666","59":"pa_type-2-1315","60":"pa_type-2-1662","61":"pa_type-2-1297","62":"pa_type-2-1298","63":"pa_type-2-1325","64":"pa_type-2-1326","65":"pa_type-2-1327","66":"pa_type-2-1667","67":"pa_type-2-1668","68":"pa_type-2-1669","69":"pa_type-2-1381","70":"pa_type-2-1670","71":"pa_type-2-1639","72":"pa_type-2-58-34","73":"pa_type-2-1671","74":"pa_type-2-1382","75":"pa_type-2-1328","76":"pa_type-2-1329","77":"pa_type-2-1330","78":"pa_type-2-1331","79":"pa_type-2-1332","80":"pa_type-2-1333","81":"pa_type-2-1334","82":"pa_type-2-1335","83":"pa_type-2-1570","84":"pa_type-2-633mlt","85":"pa_type-2-1571","86":"pa_type-2-1672","87":"pa_type-2-1615","88":"pa_type-2-1673","89":"pa_type-2-1674","90":"pa_type-2-1675","91":"pa_type-2-1573","92":"pa_type-2-1676","93":"pa_type-2-1680","94":"pa_type-2-695-xl","95":"pa_type-2-1316","96":"pa_type-2-70-34","97":"pa_type-2-1383","98":"pa_type-2-1384","99":"pa_type-2-7012-34","100":"pa_type-2-1385","101":"pa_type-2-725mlt","102":"pa_type-2-1677","103":"pa_type-2-1304","104":"pa_type-2-1678","105":"pa_type-2-1305","106":"pa_type-2-1356","107":"pa_type-2-8012-34","108":"pa_type-2-1303","109":"pa_type-2-1419","110":"pa_type-2-1684","111":"pa_type-2-1252","112":"pa_type-2-1336","113":"pa_type-2-1337","114":"pa_type-2-1338","115":"pa_type-2-1364","116":"pa_type-2-1392","117":"pa_type-2-1347","118":"pa_type-2-9880-clim","119":"pa_type-2-ceres-75","120":"pa_type-2-cs58","121":"pa_type-2-ghibli-90mlt-6-28","122":"pa_type-2-landini-6830","123":"pa_type-2-legend-130","124":"pa_type-2-mb8055","125":"pa_type-2-mlt-6-26","126":"pa_type-2-mt-1230-scp","127":"pa_type-2-serie-4200","128":"pa_type-2-tp655c","129":"badges-style-2","131":"first","132":"instock","133":"taxable","134":"shipping-taxable","135":"purchasable","136":"product-type-simple"},"acf":[],"yoast_head":"<!-- This site is optimized with the Yoast SEO plugin v27.3 - https:\/\/yoast.com\/product\/yoast-seo-wordpress\/ -->\n<title>Alternateur Perkins, Manitou, Massey Ferguson, Renault - 14V\/70A - Edel<\/title>\n<meta name=\"description\" content=\"Alternateur Perkins - Case Ih, David Brown, Ford, Manitou, Massey Ferguson, Renault, Valmet - 14V\/70A - 1390 1394 1490 2610 2670 3085 3095 3115 3125\" \/>\n<meta name=\"robots\" content=\"index, follow, max-snippet:-1, max-image-preview:large, max-video-preview:-1\" \/>\n<link rel=\"canonical\" href=\"https:\/\/edel.fr\/en\/product\/alternateur-case-ihdavid-brownford-new-hollandmanitoumassey-fergusonrenault-claasvalmet-volt-ampere-14-70moteur-perkins\/\" \/>\n<meta property=\"og:locale\" content=\"en_US\" \/>\n<meta property=\"og:type\" content=\"article\" \/>\n<meta property=\"og:title\" content=\"Alternateur Perkins, Manitou, Massey Ferguson, Renault - 14V\/70A - Edel\" \/>\n<meta property=\"og:description\" content=\"Alternateur Perkins - Case Ih, David Brown, Ford, Manitou, Massey Ferguson, Renault, Valmet - 14V\/70A - 1390 1394 1490 2610 2670 3085 3095 3115 3125\" \/>\n<meta property=\"og:url\" content=\"https:\/\/edel.fr\/en\/product\/alternateur-case-ihdavid-brownford-new-hollandmanitoumassey-fergusonrenault-claasvalmet-volt-ampere-14-70moteur-perkins\/\" \/>\n<meta property=\"og:site_name\" content=\"Edel\" \/>\n<meta property=\"article:modified_time\" content=\"2026-04-02T01:00:58+00:00\" \/>\n<meta property=\"og:image\" content=\"https:\/\/edel.fr\/uploads\/2019\/03\/A27.jpg\" \/>\n\t<meta property=\"og:image:width\" content=\"1920\" \/>\n\t<meta property=\"og:image:height\" content=\"1280\" \/>\n\t<meta property=\"og:image:type\" content=\"image\/jpeg\" \/>\n<meta name=\"twitter:card\" content=\"summary_large_image\" \/>\n<meta name=\"twitter:label1\" content=\"Est. reading time\" \/>\n\t<meta name=\"twitter:data1\" content=\"3 minutes\" \/>\n<script type=\"application\/ld+json\" class=\"yoast-schema-graph\">{\"@context\":\"https:\\\/\\\/schema.org\",\"@graph\":[{\"@type\":\"WebPage\",\"@id\":\"https:\\\/\\\/edel.fr\\\/produit\\\/alternateur-case-ihdavid-brownford-new-hollandmanitoumassey-fergusonrenault-claasvalmet-volt-ampere-14-70moteur-perkins\\\/\",\"url\":\"https:\\\/\\\/edel.fr\\\/produit\\\/alternateur-case-ihdavid-brownford-new-hollandmanitoumassey-fergusonrenault-claasvalmet-volt-ampere-14-70moteur-perkins\\\/\",\"name\":\"Alternateur Perkins, Manitou, Massey Ferguson, Renault - 14V\\\/70A - Edel\",\"isPartOf\":{\"@id\":\"https:\\\/\\\/www.edel.fr\\\/en\\\/#website\"},\"primaryImageOfPage\":{\"@id\":\"https:\\\/\\\/edel.fr\\\/produit\\\/alternateur-case-ihdavid-brownford-new-hollandmanitoumassey-fergusonrenault-claasvalmet-volt-ampere-14-70moteur-perkins\\\/#primaryimage\"},\"image\":{\"@id\":\"https:\\\/\\\/edel.fr\\\/produit\\\/alternateur-case-ihdavid-brownford-new-hollandmanitoumassey-fergusonrenault-claasvalmet-volt-ampere-14-70moteur-perkins\\\/#primaryimage\"},\"thumbnailUrl\":\"https:\\\/\\\/edel.fr\\\/uploads\\\/2019\\\/03\\\/A27.jpg\",\"datePublished\":\"2019-03-11T08:24:09+00:00\",\"dateModified\":\"2026-04-02T01:00:58+00:00\",\"description\":\"Alternateur Perkins - Case Ih, David Brown, Ford, Manitou, Massey Ferguson, Renault, Valmet - 14V\\\/70A - 1390 1394 1490 2610 2670 3085 3095 3115 3125\",\"breadcrumb\":{\"@id\":\"https:\\\/\\\/edel.fr\\\/produit\\\/alternateur-case-ihdavid-brownford-new-hollandmanitoumassey-fergusonrenault-claasvalmet-volt-ampere-14-70moteur-perkins\\\/#breadcrumb\"},\"inLanguage\":\"en-US\",\"potentialAction\":[{\"@type\":\"ReadAction\",\"target\":[\"https:\\\/\\\/edel.fr\\\/produit\\\/alternateur-case-ihdavid-brownford-new-hollandmanitoumassey-fergusonrenault-claasvalmet-volt-ampere-14-70moteur-perkins\\\/\"]}]},{\"@type\":\"ImageObject\",\"inLanguage\":\"en-US\",\"@id\":\"https:\\\/\\\/edel.fr\\\/produit\\\/alternateur-case-ihdavid-brownford-new-hollandmanitoumassey-fergusonrenault-claasvalmet-volt-ampere-14-70moteur-perkins\\\/#primaryimage\",\"url\":\"https:\\\/\\\/edel.fr\\\/uploads\\\/2019\\\/03\\\/A27.jpg\",\"contentUrl\":\"https:\\\/\\\/edel.fr\\\/uploads\\\/2019\\\/03\\\/A27.jpg\",\"width\":1920,\"height\":1280,\"caption\":\"Alternateur - Case Ih, David Brown, Ford, Manitou, Massey Ferguson, Renault, Valmet - 14V\\\/70A, Moteur Perkins\"},{\"@type\":\"BreadcrumbList\",\"@id\":\"https:\\\/\\\/edel.fr\\\/produit\\\/alternateur-case-ihdavid-brownford-new-hollandmanitoumassey-fergusonrenault-claasvalmet-volt-ampere-14-70moteur-perkins\\\/#breadcrumb\",\"itemListElement\":[{\"@type\":\"ListItem\",\"position\":1,\"name\":\"Pi\u00e8ce Tracteur\",\"item\":\"https:\\\/\\\/www.edel.fr\\\/en\\\/\"},{\"@type\":\"ListItem\",\"position\":2,\"name\":\"Toutes nos pi\u00e8ces Tracteur\",\"item\":\"https:\\\/\\\/edel.fr\\\/shop\\\/\"},{\"@type\":\"ListItem\",\"position\":3,\"name\":\"Alternateur Perkins, Manitou, Massey Ferguson, Renault &#8211; 14V\\\/70A\"}]},{\"@type\":\"WebSite\",\"@id\":\"https:\\\/\\\/www.edel.fr\\\/en\\\/#website\",\"url\":\"https:\\\/\\\/www.edel.fr\\\/en\\\/\",\"name\":\"Edel\",\"description\":\"Pi\u00e8ce d\u00e9tach\u00e9e de Tracteur Agricole\",\"publisher\":{\"@id\":\"https:\\\/\\\/www.edel.fr\\\/en\\\/#organization\"},\"potentialAction\":[{\"@type\":\"SearchAction\",\"target\":{\"@type\":\"EntryPoint\",\"urlTemplate\":\"https:\\\/\\\/www.edel.fr\\\/en\\\/?s={search_term_string}\"},\"query-input\":{\"@type\":\"PropertyValueSpecification\",\"valueRequired\":true,\"valueName\":\"search_term_string\"}}],\"inLanguage\":\"en-US\"},{\"@type\":\"Organization\",\"@id\":\"https:\\\/\\\/www.edel.fr\\\/en\\\/#organization\",\"name\":\"Edel\",\"url\":\"https:\\\/\\\/www.edel.fr\\\/en\\\/\",\"logo\":{\"@type\":\"ImageObject\",\"inLanguage\":\"en-US\",\"@id\":\"https:\\\/\\\/www.edel.fr\\\/en\\\/#\\\/schema\\\/logo\\\/image\\\/\",\"url\":\"https:\\\/\\\/www.edel.fr\\\/uploads\\\/2018\\\/11\\\/logo-edel.png\",\"contentUrl\":\"https:\\\/\\\/www.edel.fr\\\/uploads\\\/2018\\\/11\\\/logo-edel.png\",\"width\":257,\"height\":68,\"caption\":\"Edel\"},\"image\":{\"@id\":\"https:\\\/\\\/www.edel.fr\\\/en\\\/#\\\/schema\\\/logo\\\/image\\\/\"}}]}<\/script>\n<!-- \/ Yoast SEO plugin. -->","yoast_head_json":{"title":"Alternateur Perkins, Manitou, Massey Ferguson, Renault - 14V\/70A - Edel","description":"Alternateur Perkins - Case Ih, David Brown, Ford, Manitou, Massey Ferguson, Renault, Valmet - 14V\/70A - 1390 1394 1490 2610 2670 3085 3095 3115 3125","robots":{"index":"index","follow":"follow","max-snippet":"max-snippet:-1","max-image-preview":"max-image-preview:large","max-video-preview":"max-video-preview:-1"},"canonical":"https:\/\/edel.fr\/en\/product\/alternateur-case-ihdavid-brownford-new-hollandmanitoumassey-fergusonrenault-claasvalmet-volt-ampere-14-70moteur-perkins\/","og_locale":"en_US","og_type":"article","og_title":"Alternateur Perkins, Manitou, Massey Ferguson, Renault - 14V\/70A - Edel","og_description":"Alternateur Perkins - Case Ih, David Brown, Ford, Manitou, Massey Ferguson, Renault, Valmet - 14V\/70A - 1390 1394 1490 2610 2670 3085 3095 3115 3125","og_url":"https:\/\/edel.fr\/en\/product\/alternateur-case-ihdavid-brownford-new-hollandmanitoumassey-fergusonrenault-claasvalmet-volt-ampere-14-70moteur-perkins\/","og_site_name":"Edel","article_modified_time":"2026-04-02T01:00:58+00:00","og_image":[{"width":1920,"height":1280,"url":"https:\/\/edel.fr\/uploads\/2019\/03\/A27.jpg","type":"image\/jpeg"}],"twitter_card":"summary_large_image","twitter_misc":{"Est. reading time":"3 minutes"},"schema":{"@context":"https:\/\/schema.org","@graph":[{"@type":"WebPage","@id":"https:\/\/edel.fr\/produit\/alternateur-case-ihdavid-brownford-new-hollandmanitoumassey-fergusonrenault-claasvalmet-volt-ampere-14-70moteur-perkins\/","url":"https:\/\/edel.fr\/produit\/alternateur-case-ihdavid-brownford-new-hollandmanitoumassey-fergusonrenault-claasvalmet-volt-ampere-14-70moteur-perkins\/","name":"Alternateur Perkins, Manitou, Massey Ferguson, Renault - 14V\/70A - Edel","isPartOf":{"@id":"https:\/\/www.edel.fr\/en\/#website"},"primaryImageOfPage":{"@id":"https:\/\/edel.fr\/produit\/alternateur-case-ihdavid-brownford-new-hollandmanitoumassey-fergusonrenault-claasvalmet-volt-ampere-14-70moteur-perkins\/#primaryimage"},"image":{"@id":"https:\/\/edel.fr\/produit\/alternateur-case-ihdavid-brownford-new-hollandmanitoumassey-fergusonrenault-claasvalmet-volt-ampere-14-70moteur-perkins\/#primaryimage"},"thumbnailUrl":"https:\/\/edel.fr\/uploads\/2019\/03\/A27.jpg","datePublished":"2019-03-11T08:24:09+00:00","dateModified":"2026-04-02T01:00:58+00:00","description":"Alternateur Perkins - Case Ih, David Brown, Ford, Manitou, Massey Ferguson, Renault, Valmet - 14V\/70A - 1390 1394 1490 2610 2670 3085 3095 3115 3125","breadcrumb":{"@id":"https:\/\/edel.fr\/produit\/alternateur-case-ihdavid-brownford-new-hollandmanitoumassey-fergusonrenault-claasvalmet-volt-ampere-14-70moteur-perkins\/#breadcrumb"},"inLanguage":"en-US","potentialAction":[{"@type":"ReadAction","target":["https:\/\/edel.fr\/produit\/alternateur-case-ihdavid-brownford-new-hollandmanitoumassey-fergusonrenault-claasvalmet-volt-ampere-14-70moteur-perkins\/"]}]},{"@type":"ImageObject","inLanguage":"en-US","@id":"https:\/\/edel.fr\/produit\/alternateur-case-ihdavid-brownford-new-hollandmanitoumassey-fergusonrenault-claasvalmet-volt-ampere-14-70moteur-perkins\/#primaryimage","url":"https:\/\/edel.fr\/uploads\/2019\/03\/A27.jpg","contentUrl":"https:\/\/edel.fr\/uploads\/2019\/03\/A27.jpg","width":1920,"height":1280,"caption":"Alternateur - Case Ih, David Brown, Ford, Manitou, Massey Ferguson, Renault, Valmet - 14V\/70A, Moteur Perkins"},{"@type":"BreadcrumbList","@id":"https:\/\/edel.fr\/produit\/alternateur-case-ihdavid-brownford-new-hollandmanitoumassey-fergusonrenault-claasvalmet-volt-ampere-14-70moteur-perkins\/#breadcrumb","itemListElement":[{"@type":"ListItem","position":1,"name":"Pi\u00e8ce Tracteur","item":"https:\/\/www.edel.fr\/en\/"},{"@type":"ListItem","position":2,"name":"Toutes nos pi\u00e8ces Tracteur","item":"https:\/\/edel.fr\/shop\/"},{"@type":"ListItem","position":3,"name":"Alternateur Perkins, Manitou, Massey Ferguson, Renault &#8211; 14V\/70A"}]},{"@type":"WebSite","@id":"https:\/\/www.edel.fr\/en\/#website","url":"https:\/\/www.edel.fr\/en\/","name":"Edel","description":"Pi\u00e8ce d\u00e9tach\u00e9e de Tracteur Agricole","publisher":{"@id":"https:\/\/www.edel.fr\/en\/#organization"},"potentialAction":[{"@type":"SearchAction","target":{"@type":"EntryPoint","urlTemplate":"https:\/\/www.edel.fr\/en\/?s={search_term_string}"},"query-input":{"@type":"PropertyValueSpecification","valueRequired":true,"valueName":"search_term_string"}}],"inLanguage":"en-US"},{"@type":"Organization","@id":"https:\/\/www.edel.fr\/en\/#organization","name":"Edel","url":"https:\/\/www.edel.fr\/en\/","logo":{"@type":"ImageObject","inLanguage":"en-US","@id":"https:\/\/www.edel.fr\/en\/#\/schema\/logo\/image\/","url":"https:\/\/www.edel.fr\/uploads\/2018\/11\/logo-edel.png","contentUrl":"https:\/\/www.edel.fr\/uploads\/2018\/11\/logo-edel.png","width":257,"height":68,"caption":"Edel"},"image":{"@id":"https:\/\/www.edel.fr\/en\/#\/schema\/logo\/image\/"}}]}},"_links":{"self":[{"href":"https:\/\/edel.fr\/en\/wp-json\/wp\/v2\/product\/5870","targetHints":{"allow":["GET"]}}],"collection":[{"href":"https:\/\/edel.fr\/en\/wp-json\/wp\/v2\/product"}],"about":[{"href":"https:\/\/edel.fr\/en\/wp-json\/wp\/v2\/types\/product"}],"version-history":[{"count":2,"href":"https:\/\/edel.fr\/en\/wp-json\/wp\/v2\/product\/5870\/revisions"}],"predecessor-version":[{"id":15130,"href":"https:\/\/edel.fr\/en\/wp-json\/wp\/v2\/product\/5870\/revisions\/15130"}],"wp:featuredmedia":[{"embeddable":true,"href":"https:\/\/edel.fr\/en\/wp-json\/wp\/v2\/media\/5610"}],"wp:attachment":[{"href":"https:\/\/edel.fr\/en\/wp-json\/wp\/v2\/media?parent=5870"}],"wp:term":[{"taxonomy":"product_brand","embeddable":true,"href":"https:\/\/edel.fr\/en\/wp-json\/wp\/v2\/product_brand?post=5870"},{"taxonomy":"product_cat","embeddable":true,"href":"https:\/\/edel.fr\/en\/wp-json\/wp\/v2\/product_cat?post=5870"},{"taxonomy":"product_tag","embeddable":true,"href":"https:\/\/edel.fr\/en\/wp-json\/wp\/v2\/product_tag?post=5870"},{"taxonomy":"tracteur","embeddable":true,"href":"https:\/\/edel.fr\/en\/wp-json\/wp\/v2\/tracteur?post=5870"}],"curies":[{"name":"wp","href":"https:\/\/api.w.org\/{rel}","templated":true}]}}