{"id":5873,"date":"2019-03-11T09:24:09","date_gmt":"2019-03-11T08:24:09","guid":{"rendered":"http:\/\/edel.stephanie.ct.webcd.lan\/shop\/alternateur-massey-fergusonrenault-claas-volt-ampere-14-34volt-ampere-14-3-4moteur-perkins\/"},"modified":"2026-02-20T02:00:35","modified_gmt":"2026-02-20T01:00:35","slug":"alternateur-massey-fergusonrenault-claas-volt-ampere-14-34volt-ampere-14-34moteur-perkins","status":"publish","type":"product","link":"https:\/\/edel.fr\/en\/product\/alternateur-massey-fergusonrenault-claas-volt-ampere-14-34volt-ampere-14-34moteur-perkins\/","title":{"rendered":"Alternateur Massey Ferguson &#8211; Renault Claas &#8211; 14 Volt \/ 34 Amp\u00e8re"},"content":{"rendered":"<div data-elementor-type=\"wp-post\" data-elementor-id=\"5873\" class=\"elementor elementor-5873\">\n\t\t\t\t\t\t<section class=\"elementor-section elementor-top-section elementor-element elementor-element-1f1a4bef elementor-section-boxed elementor-section-height-default elementor-section-height-default\" data-id=\"1f1a4bef\" data-element_type=\"section\" data-e-type=\"section\">\n\t\t\t\t\t\t<div class=\"elementor-container elementor-column-gap-default\">\n\t\t\t\t\t<div class=\"elementor-column elementor-col-100 elementor-top-column elementor-element elementor-element-211fcc2\" data-id=\"211fcc2\" data-element_type=\"column\" data-e-type=\"column\">\n\t\t\t<div class=\"elementor-widget-wrap elementor-element-populated\">\n\t\t\t\t\t\t<div class=\"elementor-element elementor-element-3a6ea539 elementor-widget elementor-widget-heading\" data-id=\"3a6ea539\" data-element_type=\"widget\" data-e-type=\"widget\" data-widget_type=\"heading.default\">\n\t\t\t\t<div class=\"elementor-widget-container\">\n\t\t\t\t\t<h2 class=\"elementor-heading-title elementor-size-default\">Alternateur Massey Ferguson - Renault Claas - 14 Volt \/ 34 Amp\u00e8re Moteur Perkins<\/h2>\t\t\t\t<\/div>\n\t\t\t\t<\/div>\n\t\t\t\t<div class=\"elementor-element elementor-element-41ce2587 elementor-widget elementor-widget-heading\" data-id=\"41ce2587\" data-element_type=\"widget\" data-e-type=\"widget\" data-widget_type=\"heading.default\">\n\t\t\t\t<div class=\"elementor-widget-container\">\n\t\t\t\t\t<h3 class=\"elementor-heading-title elementor-size-default\">Information du produit :<\/h3>\t\t\t\t<\/div>\n\t\t\t\t<\/div>\n\t\t\t\t\t<\/div>\n\t\t<\/div>\n\t\t\t\t\t<\/div>\n\t\t<\/section>\n\t\t\t\t<section class=\"elementor-section elementor-top-section elementor-element elementor-element-1225ca0a elementor-section-boxed elementor-section-height-default elementor-section-height-default\" data-id=\"1225ca0a\" data-element_type=\"section\" data-e-type=\"section\">\n\t\t\t\t\t\t<div class=\"elementor-container elementor-column-gap-default\">\n\t\t\t\t\t<div class=\"elementor-column elementor-col-100 elementor-top-column elementor-element elementor-element-6c65f72e\" data-id=\"6c65f72e\" data-element_type=\"column\" data-e-type=\"column\">\n\t\t\t<div class=\"elementor-widget-wrap elementor-element-populated\">\n\t\t\t\t\t\t<div class=\"elementor-element elementor-element-3da839f6 elementor-widget elementor-widget-text-editor\" data-id=\"3da839f6\" data-element_type=\"widget\" data-e-type=\"widget\" data-widget_type=\"text-editor.default\">\n\t\t\t\t<div class=\"elementor-widget-container\">\n\t\t\t\t\t\t\t\t\t<p>Votre alternateur g\u00e9n\u00e8re de l\u2019\u00e9nergie \u00e9lectrique en convertissant l&rsquo;\u00e9nergie cin\u00e9tique. Cette \u00e9nergie est stock\u00e9e par la batterie et consomm\u00e9e par les diff\u00e9rents organes \u00e9lectriques et \u00e9lectroniques.<\/p><p>C&rsquo;est pourquoi nous vous proposons une pi\u00e8ce de marque <a href=\"https:\/\/edel.fr\/en\/constructeur\/mahle\/\">Mahle<\/a> \/ <a href=\"https:\/\/edel.fr\/en\/constructeur\/letrika\/\">Letrika<\/a> reconnue pour sa fiabilit\u00e9.<\/p><p>Alternateur Massey Ferguson &#8211; Renault Claas : 501, 58.34, 601, 70.34, 701, 7012, 7012\/34, 7014, 8012\/34, Ceres 75.<\/p><p><strong>R\u00e9f\u00e9rences du constructeur :<\/strong><\/p><p>AGCO : C000900010020<\/p><p>BOSCH : 0986031691, 0986031700, 0986031701, 9120331502, 9120331901, 9120331913.<\/p><p>DELCO REMY : DRA1691<\/p><p>DUCELLIER : 516011<\/p><p>FEMSA : ALP12N-2<\/p><p>HELLA : 8EL 725 606-001, 8EL 725 620-001, CA 15 H, CA 17 H.<\/p><p>LESTER : 12039, 12152, 14008, 14013, 14014, 14023, 14025, 14029, 14037, 14049, 20274, 21103.<\/p><p>LUCAS : 23 544, 23 548, 23 565, 23 570, 23 584, 23 593, 23 595, 23 597, 23 598, 23 602, 23 605, 23 606, 23 610, 23 625, 23 635, 23 637, 23 642, 23 647, 23 649, 23 650, 23 651, 23 658, 23 660, 23 664, 23 666, 23 674, 23 678, 23 685, 23 694, 23 695, 23 703, 23 708, 23 713, 23 715, 23 717, 23 718, 23 726, 23 730, 23 731, 23 734, 23 742, 23 745, 23 747, 23 748, 23 750, 23 753, 23 755, 23 769, 23 777, 23 795, 23 796, 23 797, 23 802, 23 804, 23 805, 23 813, 23 814, 23 843, 23 844, 23 847, 23 874, 23 878, 23 886, 23 895, 23 903, 23 904, 23 911, 23 918, 23 919, 23 920, 23 944, 23 990, LRA00100.<\/p><p>MARSHALL (MARSHALL TRACTORS) : GEU216<\/p><p>MASSEY-FERGUSON : 3637 261 R91<\/p><p>MOTOROLA : 2523234, 2541194, 29409930, 510-104, 510-105, 9 AR 2612 G, 9 AR 2613 F.<\/p><p>RENAULT : 60 05 007 750, 60 05 700 083, 77 00 010 614, 77 00 017 032, 77 01 028 801.<\/p><p>SPAREX : 359590<\/p><p>VALEO : 433 480, 436 140, 436 165, VA 100, VA 112, VA 98.<\/p><p>Edel vous propose \u00e9galement une large gamme d&rsquo;alternateurs et d\u00e9marreurs pour des applications sp\u00e9cifiques, et de diff\u00e9rentes marques.<\/p><p>Donc, pour plus de renseignements, n&rsquo;h\u00e9sitez pas \u00e0 nous consulter !<\/p>\t\t\t\t\t\t\t\t<\/div>\n\t\t\t\t<\/div>\n\t\t\t\t\t<\/div>\n\t\t<\/div>\n\t\t\t\t\t<\/div>\n\t\t<\/section>\n\t\t\t\t<\/div>","protected":false},"excerpt":{"rendered":"<p>Alternateur Massey Ferguson &#8211; Renault Claas &#8211; 14 Volt \/ 34 Amp\u00e8re Moteur Perkins Information du produit : Votre alternateur g\u00e9n\u00e8re de l\u2019\u00e9nergie \u00e9lectrique en convertissant l&rsquo;\u00e9nergie cin\u00e9tique. Cette \u00e9nergie est stock\u00e9e par la batterie et consomm\u00e9e par les diff\u00e9rents organes \u00e9lectriques et \u00e9lectroniques. C&rsquo;est pourquoi nous vous proposons une pi\u00e8ce de marque Mahle \/<br \/><a class=\"more-link\" href=\"https:\/\/edel.fr\/en\/product\/alternateur-massey-fergusonrenault-claas-volt-ampere-14-34volt-ampere-14-34moteur-perkins\/\"><br \/>\n        Read More<span class=\"screen-reader-text\"> \u00ab\u00a0Alternateur Massey Ferguson &#8211; Renault Claas &#8211; 14 Volt \/ 34 Amp\u00e8re\u00a0\u00bb<\/span><\/a><\/p>","protected":false},"featured_media":5612,"template":"","meta":[],"product_brand":[],"product_cat":[4029,4032,164,154,119],"product_tag":[2459,180],"tracteur":[],"class_list":{"0":"post-5873","1":"product","2":"type-product","3":"status-publish","4":"has-post-thumbnail","6":"product_cat-alternateur-massey-ferguson","7":"product_cat-alternateur-renault-claas","8":"product_cat-alternateurs","9":"product_cat-electricite","10":"product_cat-tracteurs-agricoles","11":"product_tag-alternateurs","12":"product_tag-electricite","13":"product_shipping_class-142","14":"pa_fabriquant-mahle","15":"pa_marque-tracteur-massey-ferguson","16":"pa_marque-tracteur-renault-claas","17":"pa_modele-tracteur-ceres","18":"pa_type-2-1381","19":"pa_type-2-58-34","20":"pa_type-2-1382","21":"pa_type-2-70-34","22":"pa_type-2-1383","23":"pa_type-2-1384","24":"pa_type-2-7012-34","25":"pa_type-2-1385","26":"pa_type-2-8012-34","27":"pa_type-2-ceres-75","28":"badges-style-2","30":"first","31":"instock","32":"taxable","33":"shipping-taxable","34":"purchasable","35":"product-type-simple"},"acf":[],"yoast_head":"<!-- This site is optimized with the Yoast SEO plugin v27.3 - https:\/\/yoast.com\/product\/yoast-seo-wordpress\/ -->\n<title>Alternateur Massey Ferguson - Renault Claas - 14 Volt \/ 34 Amp\u00e8re - Edel<\/title>\n<meta name=\"description\" content=\"Alternateur Massey Ferguson - Renault Claas - 14 Volt \/ 34 Amp\u00e8re Moteur Perkins - 501, 58.34, 601, 70.34, 701, 7012, 7012\/34, 7014, 8012\/34, Ceres 75\" \/>\n<meta name=\"robots\" content=\"index, follow, max-snippet:-1, max-image-preview:large, max-video-preview:-1\" \/>\n<link rel=\"canonical\" href=\"https:\/\/edel.fr\/en\/product\/alternateur-massey-fergusonrenault-claas-volt-ampere-14-34volt-ampere-14-34moteur-perkins\/\" \/>\n<meta property=\"og:locale\" content=\"en_US\" \/>\n<meta property=\"og:type\" content=\"article\" \/>\n<meta property=\"og:title\" content=\"Alternateur Massey Ferguson - Renault Claas - 14 Volt \/ 34 Amp\u00e8re - Edel\" \/>\n<meta property=\"og:description\" content=\"Alternateur Massey Ferguson - Renault Claas - 14 Volt \/ 34 Amp\u00e8re Moteur Perkins - 501, 58.34, 601, 70.34, 701, 7012, 7012\/34, 7014, 8012\/34, Ceres 75\" \/>\n<meta property=\"og:url\" content=\"https:\/\/edel.fr\/en\/product\/alternateur-massey-fergusonrenault-claas-volt-ampere-14-34volt-ampere-14-34moteur-perkins\/\" \/>\n<meta property=\"og:site_name\" content=\"Edel\" \/>\n<meta property=\"article:modified_time\" content=\"2026-02-20T01:00:35+00:00\" \/>\n<meta property=\"og:image\" content=\"https:\/\/edel.fr\/uploads\/2019\/03\/A29.jpg\" \/>\n\t<meta property=\"og:image:width\" content=\"1920\" \/>\n\t<meta property=\"og:image:height\" content=\"1281\" \/>\n\t<meta property=\"og:image:type\" content=\"image\/jpeg\" \/>\n<meta name=\"twitter:card\" content=\"summary_large_image\" \/>\n<meta name=\"twitter:label1\" content=\"Est. reading time\" \/>\n\t<meta name=\"twitter:data1\" content=\"2 minutes\" \/>\n<script type=\"application\/ld+json\" class=\"yoast-schema-graph\">{\"@context\":\"https:\\\/\\\/schema.org\",\"@graph\":[{\"@type\":\"WebPage\",\"@id\":\"https:\\\/\\\/edel.fr\\\/produit\\\/alternateur-massey-fergusonrenault-claas-volt-ampere-14-34volt-ampere-14-34moteur-perkins\\\/\",\"url\":\"https:\\\/\\\/edel.fr\\\/produit\\\/alternateur-massey-fergusonrenault-claas-volt-ampere-14-34volt-ampere-14-34moteur-perkins\\\/\",\"name\":\"Alternateur Massey Ferguson - Renault Claas - 14 Volt \\\/ 34 Amp\u00e8re - Edel\",\"isPartOf\":{\"@id\":\"https:\\\/\\\/www.edel.fr\\\/en\\\/#website\"},\"primaryImageOfPage\":{\"@id\":\"https:\\\/\\\/edel.fr\\\/produit\\\/alternateur-massey-fergusonrenault-claas-volt-ampere-14-34volt-ampere-14-34moteur-perkins\\\/#primaryimage\"},\"image\":{\"@id\":\"https:\\\/\\\/edel.fr\\\/produit\\\/alternateur-massey-fergusonrenault-claas-volt-ampere-14-34volt-ampere-14-34moteur-perkins\\\/#primaryimage\"},\"thumbnailUrl\":\"https:\\\/\\\/edel.fr\\\/uploads\\\/2019\\\/03\\\/A29.jpg\",\"datePublished\":\"2019-03-11T08:24:09+00:00\",\"dateModified\":\"2026-02-20T01:00:35+00:00\",\"description\":\"Alternateur Massey Ferguson - Renault Claas - 14 Volt \\\/ 34 Amp\u00e8re Moteur Perkins - 501, 58.34, 601, 70.34, 701, 7012, 7012\\\/34, 7014, 8012\\\/34, Ceres 75\",\"breadcrumb\":{\"@id\":\"https:\\\/\\\/edel.fr\\\/produit\\\/alternateur-massey-fergusonrenault-claas-volt-ampere-14-34volt-ampere-14-34moteur-perkins\\\/#breadcrumb\"},\"inLanguage\":\"en-US\",\"potentialAction\":[{\"@type\":\"ReadAction\",\"target\":[\"https:\\\/\\\/edel.fr\\\/produit\\\/alternateur-massey-fergusonrenault-claas-volt-ampere-14-34volt-ampere-14-34moteur-perkins\\\/\"]}]},{\"@type\":\"ImageObject\",\"inLanguage\":\"en-US\",\"@id\":\"https:\\\/\\\/edel.fr\\\/produit\\\/alternateur-massey-fergusonrenault-claas-volt-ampere-14-34volt-ampere-14-34moteur-perkins\\\/#primaryimage\",\"url\":\"https:\\\/\\\/edel.fr\\\/uploads\\\/2019\\\/03\\\/A29.jpg\",\"contentUrl\":\"https:\\\/\\\/edel.fr\\\/uploads\\\/2019\\\/03\\\/A29.jpg\",\"width\":1920,\"height\":1281,\"caption\":\"Alternateur Massey Ferguson - Renault Claas - 14 Volt \\\/ 34 Amp\u00e8re\"},{\"@type\":\"BreadcrumbList\",\"@id\":\"https:\\\/\\\/edel.fr\\\/produit\\\/alternateur-massey-fergusonrenault-claas-volt-ampere-14-34volt-ampere-14-34moteur-perkins\\\/#breadcrumb\",\"itemListElement\":[{\"@type\":\"ListItem\",\"position\":1,\"name\":\"Pi\u00e8ce Tracteur\",\"item\":\"https:\\\/\\\/www.edel.fr\\\/en\\\/\"},{\"@type\":\"ListItem\",\"position\":2,\"name\":\"Toutes nos pi\u00e8ces Tracteur\",\"item\":\"https:\\\/\\\/edel.fr\\\/shop\\\/\"},{\"@type\":\"ListItem\",\"position\":3,\"name\":\"Alternateur Massey Ferguson &#8211; Renault Claas &#8211; 14 Volt \\\/ 34 Amp\u00e8re\"}]},{\"@type\":\"WebSite\",\"@id\":\"https:\\\/\\\/www.edel.fr\\\/en\\\/#website\",\"url\":\"https:\\\/\\\/www.edel.fr\\\/en\\\/\",\"name\":\"Edel\",\"description\":\"Pi\u00e8ce d\u00e9tach\u00e9e de Tracteur Agricole\",\"publisher\":{\"@id\":\"https:\\\/\\\/www.edel.fr\\\/en\\\/#organization\"},\"potentialAction\":[{\"@type\":\"SearchAction\",\"target\":{\"@type\":\"EntryPoint\",\"urlTemplate\":\"https:\\\/\\\/www.edel.fr\\\/en\\\/?s={search_term_string}\"},\"query-input\":{\"@type\":\"PropertyValueSpecification\",\"valueRequired\":true,\"valueName\":\"search_term_string\"}}],\"inLanguage\":\"en-US\"},{\"@type\":\"Organization\",\"@id\":\"https:\\\/\\\/www.edel.fr\\\/en\\\/#organization\",\"name\":\"Edel\",\"url\":\"https:\\\/\\\/www.edel.fr\\\/en\\\/\",\"logo\":{\"@type\":\"ImageObject\",\"inLanguage\":\"en-US\",\"@id\":\"https:\\\/\\\/www.edel.fr\\\/en\\\/#\\\/schema\\\/logo\\\/image\\\/\",\"url\":\"https:\\\/\\\/www.edel.fr\\\/uploads\\\/2018\\\/11\\\/logo-edel.png\",\"contentUrl\":\"https:\\\/\\\/www.edel.fr\\\/uploads\\\/2018\\\/11\\\/logo-edel.png\",\"width\":257,\"height\":68,\"caption\":\"Edel\"},\"image\":{\"@id\":\"https:\\\/\\\/www.edel.fr\\\/en\\\/#\\\/schema\\\/logo\\\/image\\\/\"}}]}<\/script>\n<!-- \/ Yoast SEO plugin. -->","yoast_head_json":{"title":"Alternateur Massey Ferguson - Renault Claas - 14 Volt \/ 34 Amp\u00e8re - Edel","description":"Alternateur Massey Ferguson - Renault Claas - 14 Volt \/ 34 Amp\u00e8re Moteur Perkins - 501, 58.34, 601, 70.34, 701, 7012, 7012\/34, 7014, 8012\/34, Ceres 75","robots":{"index":"index","follow":"follow","max-snippet":"max-snippet:-1","max-image-preview":"max-image-preview:large","max-video-preview":"max-video-preview:-1"},"canonical":"https:\/\/edel.fr\/en\/product\/alternateur-massey-fergusonrenault-claas-volt-ampere-14-34volt-ampere-14-34moteur-perkins\/","og_locale":"en_US","og_type":"article","og_title":"Alternateur Massey Ferguson - Renault Claas - 14 Volt \/ 34 Amp\u00e8re - Edel","og_description":"Alternateur Massey Ferguson - Renault Claas - 14 Volt \/ 34 Amp\u00e8re Moteur Perkins - 501, 58.34, 601, 70.34, 701, 7012, 7012\/34, 7014, 8012\/34, Ceres 75","og_url":"https:\/\/edel.fr\/en\/product\/alternateur-massey-fergusonrenault-claas-volt-ampere-14-34volt-ampere-14-34moteur-perkins\/","og_site_name":"Edel","article_modified_time":"2026-02-20T01:00:35+00:00","og_image":[{"width":1920,"height":1281,"url":"https:\/\/edel.fr\/uploads\/2019\/03\/A29.jpg","type":"image\/jpeg"}],"twitter_card":"summary_large_image","twitter_misc":{"Est. reading time":"2 minutes"},"schema":{"@context":"https:\/\/schema.org","@graph":[{"@type":"WebPage","@id":"https:\/\/edel.fr\/produit\/alternateur-massey-fergusonrenault-claas-volt-ampere-14-34volt-ampere-14-34moteur-perkins\/","url":"https:\/\/edel.fr\/produit\/alternateur-massey-fergusonrenault-claas-volt-ampere-14-34volt-ampere-14-34moteur-perkins\/","name":"Alternateur Massey Ferguson - Renault Claas - 14 Volt \/ 34 Amp\u00e8re - Edel","isPartOf":{"@id":"https:\/\/www.edel.fr\/en\/#website"},"primaryImageOfPage":{"@id":"https:\/\/edel.fr\/produit\/alternateur-massey-fergusonrenault-claas-volt-ampere-14-34volt-ampere-14-34moteur-perkins\/#primaryimage"},"image":{"@id":"https:\/\/edel.fr\/produit\/alternateur-massey-fergusonrenault-claas-volt-ampere-14-34volt-ampere-14-34moteur-perkins\/#primaryimage"},"thumbnailUrl":"https:\/\/edel.fr\/uploads\/2019\/03\/A29.jpg","datePublished":"2019-03-11T08:24:09+00:00","dateModified":"2026-02-20T01:00:35+00:00","description":"Alternateur Massey Ferguson - Renault Claas - 14 Volt \/ 34 Amp\u00e8re Moteur Perkins - 501, 58.34, 601, 70.34, 701, 7012, 7012\/34, 7014, 8012\/34, Ceres 75","breadcrumb":{"@id":"https:\/\/edel.fr\/produit\/alternateur-massey-fergusonrenault-claas-volt-ampere-14-34volt-ampere-14-34moteur-perkins\/#breadcrumb"},"inLanguage":"en-US","potentialAction":[{"@type":"ReadAction","target":["https:\/\/edel.fr\/produit\/alternateur-massey-fergusonrenault-claas-volt-ampere-14-34volt-ampere-14-34moteur-perkins\/"]}]},{"@type":"ImageObject","inLanguage":"en-US","@id":"https:\/\/edel.fr\/produit\/alternateur-massey-fergusonrenault-claas-volt-ampere-14-34volt-ampere-14-34moteur-perkins\/#primaryimage","url":"https:\/\/edel.fr\/uploads\/2019\/03\/A29.jpg","contentUrl":"https:\/\/edel.fr\/uploads\/2019\/03\/A29.jpg","width":1920,"height":1281,"caption":"Alternateur Massey Ferguson - Renault Claas - 14 Volt \/ 34 Amp\u00e8re"},{"@type":"BreadcrumbList","@id":"https:\/\/edel.fr\/produit\/alternateur-massey-fergusonrenault-claas-volt-ampere-14-34volt-ampere-14-34moteur-perkins\/#breadcrumb","itemListElement":[{"@type":"ListItem","position":1,"name":"Pi\u00e8ce Tracteur","item":"https:\/\/www.edel.fr\/en\/"},{"@type":"ListItem","position":2,"name":"Toutes nos pi\u00e8ces Tracteur","item":"https:\/\/edel.fr\/shop\/"},{"@type":"ListItem","position":3,"name":"Alternateur Massey Ferguson &#8211; Renault Claas &#8211; 14 Volt \/ 34 Amp\u00e8re"}]},{"@type":"WebSite","@id":"https:\/\/www.edel.fr\/en\/#website","url":"https:\/\/www.edel.fr\/en\/","name":"Edel","description":"Pi\u00e8ce d\u00e9tach\u00e9e de Tracteur Agricole","publisher":{"@id":"https:\/\/www.edel.fr\/en\/#organization"},"potentialAction":[{"@type":"SearchAction","target":{"@type":"EntryPoint","urlTemplate":"https:\/\/www.edel.fr\/en\/?s={search_term_string}"},"query-input":{"@type":"PropertyValueSpecification","valueRequired":true,"valueName":"search_term_string"}}],"inLanguage":"en-US"},{"@type":"Organization","@id":"https:\/\/www.edel.fr\/en\/#organization","name":"Edel","url":"https:\/\/www.edel.fr\/en\/","logo":{"@type":"ImageObject","inLanguage":"en-US","@id":"https:\/\/www.edel.fr\/en\/#\/schema\/logo\/image\/","url":"https:\/\/www.edel.fr\/uploads\/2018\/11\/logo-edel.png","contentUrl":"https:\/\/www.edel.fr\/uploads\/2018\/11\/logo-edel.png","width":257,"height":68,"caption":"Edel"},"image":{"@id":"https:\/\/www.edel.fr\/en\/#\/schema\/logo\/image\/"}}]}},"_links":{"self":[{"href":"https:\/\/edel.fr\/en\/wp-json\/wp\/v2\/product\/5873","targetHints":{"allow":["GET"]}}],"collection":[{"href":"https:\/\/edel.fr\/en\/wp-json\/wp\/v2\/product"}],"about":[{"href":"https:\/\/edel.fr\/en\/wp-json\/wp\/v2\/types\/product"}],"version-history":[{"count":2,"href":"https:\/\/edel.fr\/en\/wp-json\/wp\/v2\/product\/5873\/revisions"}],"predecessor-version":[{"id":15164,"href":"https:\/\/edel.fr\/en\/wp-json\/wp\/v2\/product\/5873\/revisions\/15164"}],"wp:featuredmedia":[{"embeddable":true,"href":"https:\/\/edel.fr\/en\/wp-json\/wp\/v2\/media\/5612"}],"wp:attachment":[{"href":"https:\/\/edel.fr\/en\/wp-json\/wp\/v2\/media?parent=5873"}],"wp:term":[{"taxonomy":"product_brand","embeddable":true,"href":"https:\/\/edel.fr\/en\/wp-json\/wp\/v2\/product_brand?post=5873"},{"taxonomy":"product_cat","embeddable":true,"href":"https:\/\/edel.fr\/en\/wp-json\/wp\/v2\/product_cat?post=5873"},{"taxonomy":"product_tag","embeddable":true,"href":"https:\/\/edel.fr\/en\/wp-json\/wp\/v2\/product_tag?post=5873"},{"taxonomy":"tracteur","embeddable":true,"href":"https:\/\/edel.fr\/en\/wp-json\/wp\/v2\/tracteur?post=5873"}],"curies":[{"name":"wp","href":"https:\/\/api.w.org\/{rel}","templated":true}]}}