{"id":5875,"date":"2019-03-11T09:24:09","date_gmt":"2019-03-11T08:24:09","guid":{"rendered":"http:\/\/edel.stephanie.ct.webcd.lan\/shop\/alternateur-case-ihfiat-new-hollandford-new-hollandmassey-ferguson-volt-ampere-14-120\/"},"modified":"2026-04-01T03:00:22","modified_gmt":"2026-04-01T01:00:22","slug":"alternateur-case-ihfiat-new-hollandford-new-hollandmassey-ferguson-volt-ampere-14-120","status":"publish","type":"product","link":"https:\/\/edel.fr\/en\/product\/alternateur-case-ihfiat-new-hollandford-new-hollandmassey-ferguson-volt-ampere-14-120\/","title":{"rendered":"Alternateur Case Ih Fiat NH, Ford NH, Massey Ferguson 14V\/120A"},"content":{"rendered":"<div data-elementor-type=\"wp-post\" data-elementor-id=\"5875\" class=\"elementor elementor-5875\">\n\t\t\t\t\t\t<section class=\"elementor-section elementor-top-section elementor-element elementor-element-1274502c elementor-section-boxed elementor-section-height-default elementor-section-height-default\" data-id=\"1274502c\" data-element_type=\"section\" data-e-type=\"section\">\n\t\t\t\t\t\t<div class=\"elementor-container elementor-column-gap-default\">\n\t\t\t\t\t<div class=\"elementor-column elementor-col-100 elementor-top-column elementor-element elementor-element-176c57a\" data-id=\"176c57a\" data-element_type=\"column\" data-e-type=\"column\">\n\t\t\t<div class=\"elementor-widget-wrap elementor-element-populated\">\n\t\t\t\t\t\t<div class=\"elementor-element elementor-element-70eb6f78 elementor-widget elementor-widget-heading\" data-id=\"70eb6f78\" data-element_type=\"widget\" data-e-type=\"widget\" data-widget_type=\"heading.default\">\n\t\t\t\t<div class=\"elementor-widget-container\">\n\t\t\t\t\t<h2 class=\"elementor-heading-title elementor-size-default\">Alternateur Case Ih Fiat NH, Ford NH, Massey Ferguson 14V\/120A<\/h2>\t\t\t\t<\/div>\n\t\t\t\t<\/div>\n\t\t\t\t<div class=\"elementor-element elementor-element-5e4cfaf9 elementor-widget elementor-widget-heading\" data-id=\"5e4cfaf9\" data-element_type=\"widget\" data-e-type=\"widget\" data-widget_type=\"heading.default\">\n\t\t\t\t<div class=\"elementor-widget-container\">\n\t\t\t\t\t<h3 class=\"elementor-heading-title elementor-size-default\">Information du produit :<\/h3>\t\t\t\t<\/div>\n\t\t\t\t<\/div>\n\t\t\t\t\t<\/div>\n\t\t<\/div>\n\t\t\t\t\t<\/div>\n\t\t<\/section>\n\t\t\t\t<section class=\"elementor-section elementor-top-section elementor-element elementor-element-6e093fa6 elementor-section-boxed elementor-section-height-default elementor-section-height-default\" data-id=\"6e093fa6\" data-element_type=\"section\" data-e-type=\"section\">\n\t\t\t\t\t\t<div class=\"elementor-container elementor-column-gap-default\">\n\t\t\t\t\t<div class=\"elementor-column elementor-col-100 elementor-top-column elementor-element elementor-element-5fc26b6\" data-id=\"5fc26b6\" data-element_type=\"column\" data-e-type=\"column\">\n\t\t\t<div class=\"elementor-widget-wrap elementor-element-populated\">\n\t\t\t\t\t\t<div class=\"elementor-element elementor-element-4e3418a3 elementor-widget elementor-widget-text-editor\" data-id=\"4e3418a3\" data-element_type=\"widget\" data-e-type=\"widget\" data-widget_type=\"text-editor.default\">\n\t\t\t\t<div class=\"elementor-widget-container\">\n\t\t\t\t\t\t\t\t\t<p>Votre alternateur g\u00e9n\u00e8re de l\u2019\u00e9nergie \u00e9lectrique en convertissant l&rsquo;\u00e9nergie cin\u00e9tique. Cette \u00e9nergie est stock\u00e9e par la batterie et consomm\u00e9e par les diff\u00e9rents organes \u00e9lectriques et \u00e9lectroniques.<\/p><p>C&rsquo;est pourquoi nous vous proposons une pi\u00e8ce de marque <a href=\"https:\/\/edel.fr\/en\/constructeur\/mahle\/\">Mahle<\/a> \/ <a href=\"https:\/\/edel.fr\/en\/constructeur\/letrika\/\">Letrika<\/a> reconnue pour sa fiabilit\u00e9.<\/p><p>Alternateur Case Ih, Fiat NH, Ford NH, Massey Ferguson : 5640, 6160, 6435, 6465, 6470, 6490, 6640, 7430, 7485, 7490, 7495, 7740, 7840, 8200, 8240, 8250, 8260, 8260T, 8340, M100, MXM120, MXM130, MXM140, MXM155, MXM175, MXM190, MXU, TM100, TM110, TM115, TM120, TM125, TM135, TM150, TM190, TS110, TSA.<\/p><p><strong>R\u00e9f\u00e9rences constructeur\u00a0<\/strong><\/p><p>CARGAISON : 113529<\/p><p>CAS : 820 145 08<\/p><p>CNH \/ FIAT AGRI : 820157231, 73401608, 820157231, 82020011, 87361085.<\/p><p>DELCO REMY : DRA0262<\/p><p>GU\u00c9 : 1 072 455, 4 170 444.<\/p><p>FORD NEW HOLLAND : 1C 1T 10300 BB, 65 Go 10300 LA, F2 NN 10B376 AA, R95 VB 10300 BB.<\/p><p>LESTER : 12427<\/p><p>LUCAS : LRA02862<\/p><p>MAGNETI MARELLI : 633 217 33, 633 217 53, 633218 17, HOMME 1172.<\/p><p>NOUVELLE HOLLANDE : 820 145 08<\/p><p>NIPPARTS : 734016 08<\/p><p>SPAREX : 36145<\/p><p>WILSON : 90-17-8090<\/p><p>\u00a0<\/p><p>Edel vous propose \u00e9galement une large gamme d&rsquo;alternateurs et d\u00e9marreurs pour des applications sp\u00e9cifiques, et de diff\u00e9rentes marques.<\/p><p>Donc, pour plus de renseignements, n&rsquo;h\u00e9sitez pas \u00e0 nous consulter !<\/p>\t\t\t\t\t\t\t\t<\/div>\n\t\t\t\t<\/div>\n\t\t\t\t\t<\/div>\n\t\t<\/div>\n\t\t\t\t\t<\/div>\n\t\t<\/section>\n\t\t\t\t<\/div>","protected":false},"excerpt":{"rendered":"<p>Alternateur Case Ih Fiat NH, Ford NH, Massey Ferguson 14V\/120A Information du produit : Votre alternateur g\u00e9n\u00e8re de l\u2019\u00e9nergie \u00e9lectrique en convertissant l&rsquo;\u00e9nergie cin\u00e9tique. Cette \u00e9nergie est stock\u00e9e par la batterie et consomm\u00e9e par les diff\u00e9rents organes \u00e9lectriques et \u00e9lectroniques. C&rsquo;est pourquoi nous vous proposons une pi\u00e8ce de marque Mahle \/ Letrika reconnue pour sa<br \/><a class=\"more-link\" href=\"https:\/\/edel.fr\/en\/product\/alternateur-case-ihfiat-new-hollandford-new-hollandmassey-ferguson-volt-ampere-14-120\/\"><br \/>\n        Read More<span class=\"screen-reader-text\"> \u00ab\u00a0Alternateur Case Ih Fiat NH, Ford NH, Massey Ferguson 14V\/120A\u00a0\u00bb<\/span><\/a><\/p>","protected":false},"featured_media":5613,"template":"","meta":[],"product_brand":[],"product_cat":[4016,4019,4020,4029,164,154,119],"product_tag":[2459,180],"tracteur":[],"class_list":{"0":"post-5875","1":"product","2":"type-product","3":"status-publish","4":"has-post-thumbnail","6":"product_cat-alternateur-case-ih","7":"product_cat-alternateur-fiat-new-holland","8":"product_cat-alternateur-ford-new-holland","9":"product_cat-alternateur-massey-ferguson","10":"product_cat-alternateurs","11":"product_cat-electricite","12":"product_cat-tracteurs-agricoles","13":"product_tag-alternateurs","14":"product_tag-electricite","15":"product_shipping_class-142","16":"pa_fabriquant-mahle","17":"pa_marque-tracteur-case-ih","18":"pa_marque-tracteur-fiat-new-holland","19":"pa_marque-tracteur-ford-new-holland","20":"pa_marque-tracteur-massey-ferguson","21":"pa_modele-tracteur-mxm","22":"pa_modele-tracteur-mxu","23":"pa_modele-tracteur-serie-40","24":"pa_modele-tracteur-tm","25":"pa_modele-tracteur-ts","26":"pa_modele-tracteur-tsa","27":"pa_type-2-1699","28":"pa_type-2-1331","29":"pa_type-2-1715","30":"pa_type-2-1716","31":"pa_type-2-1700","32":"pa_type-2-1717","33":"pa_type-2-1602","34":"pa_type-2-1718","35":"pa_type-2-1719","36":"pa_type-2-1720","37":"pa_type-2-1721","38":"pa_type-2-1701","39":"pa_type-2-1702","40":"pa_type-2-1722","41":"pa_type-2-1723","42":"pa_type-2-1724","43":"pa_type-2-1703","44":"pa_type-2-8260t","45":"pa_type-2-1704","46":"pa_type-2-m100","47":"pa_type-2-mxm120","48":"pa_type-2-mxm130","49":"pa_type-2-mxm140","50":"pa_type-2-mxm155","51":"pa_type-2-mxm175","52":"pa_type-2-mxm190","53":"pa_type-2-mxu","54":"pa_type-2-tm100","55":"pa_type-2-tm110","56":"pa_type-2-tm115","57":"pa_type-2-tm120","58":"pa_type-2-tm125","59":"pa_type-2-tm135","60":"pa_type-2-tm150","61":"pa_type-2-tm190","62":"pa_type-2-ts110","63":"pa_type-2-tsa","64":"badges-style-2","66":"first","67":"instock","68":"taxable","69":"shipping-taxable","70":"purchasable","71":"product-type-simple"},"acf":[],"yoast_head":"<!-- This site is optimized with the Yoast SEO plugin v27.3 - https:\/\/yoast.com\/product\/yoast-seo-wordpress\/ -->\n<title>Alternateur Case Ih Fiat NH, Ford NH, Massey Ferguson 14V\/120A - Edel<\/title>\n<meta name=\"description\" content=\"Alternateur Case Ih Fiat NH, Ford NH, Massey Ferguson 14V\/120A - 5640 6160 6490 664 7740 7840 8200 8240 8250 8260 8340 M100 MXM120 MXM130 TM100 TM110 TM120\" \/>\n<meta name=\"robots\" content=\"index, follow, max-snippet:-1, max-image-preview:large, max-video-preview:-1\" \/>\n<link rel=\"canonical\" href=\"https:\/\/edel.fr\/en\/product\/alternateur-case-ihfiat-new-hollandford-new-hollandmassey-ferguson-volt-ampere-14-120\/\" \/>\n<meta property=\"og:locale\" content=\"en_US\" \/>\n<meta property=\"og:type\" content=\"article\" \/>\n<meta property=\"og:title\" content=\"Alternateur Case Ih Fiat NH, Ford NH, Massey Ferguson 14V\/120A - Edel\" \/>\n<meta property=\"og:description\" content=\"Alternateur Case Ih Fiat NH, Ford NH, Massey Ferguson 14V\/120A - 5640 6160 6490 664 7740 7840 8200 8240 8250 8260 8340 M100 MXM120 MXM130 TM100 TM110 TM120\" \/>\n<meta property=\"og:url\" content=\"https:\/\/edel.fr\/en\/product\/alternateur-case-ihfiat-new-hollandford-new-hollandmassey-ferguson-volt-ampere-14-120\/\" \/>\n<meta property=\"og:site_name\" content=\"Edel\" \/>\n<meta property=\"article:modified_time\" content=\"2026-04-01T01:00:22+00:00\" \/>\n<meta property=\"og:image\" content=\"https:\/\/edel.fr\/uploads\/2019\/03\/A31.jpg\" \/>\n\t<meta property=\"og:image:width\" content=\"1920\" \/>\n\t<meta property=\"og:image:height\" content=\"1280\" \/>\n\t<meta property=\"og:image:type\" content=\"image\/jpeg\" \/>\n<meta name=\"twitter:card\" content=\"summary_large_image\" \/>\n<meta name=\"twitter:label1\" content=\"Est. reading time\" \/>\n\t<meta name=\"twitter:data1\" content=\"2 minutes\" \/>\n<script type=\"application\/ld+json\" class=\"yoast-schema-graph\">{\"@context\":\"https:\\\/\\\/schema.org\",\"@graph\":[{\"@type\":\"WebPage\",\"@id\":\"https:\\\/\\\/edel.fr\\\/en\\\/product\\\/alternateur-case-ihfiat-new-hollandford-new-hollandmassey-ferguson-volt-ampere-14-120\\\/\",\"url\":\"https:\\\/\\\/edel.fr\\\/en\\\/product\\\/alternateur-case-ihfiat-new-hollandford-new-hollandmassey-ferguson-volt-ampere-14-120\\\/\",\"name\":\"Alternateur Case Ih Fiat NH, Ford NH, Massey Ferguson 14V\\\/120A - Edel\",\"isPartOf\":{\"@id\":\"https:\\\/\\\/www.edel.fr\\\/en\\\/#website\"},\"primaryImageOfPage\":{\"@id\":\"https:\\\/\\\/edel.fr\\\/en\\\/product\\\/alternateur-case-ihfiat-new-hollandford-new-hollandmassey-ferguson-volt-ampere-14-120\\\/#primaryimage\"},\"image\":{\"@id\":\"https:\\\/\\\/edel.fr\\\/en\\\/product\\\/alternateur-case-ihfiat-new-hollandford-new-hollandmassey-ferguson-volt-ampere-14-120\\\/#primaryimage\"},\"thumbnailUrl\":\"https:\\\/\\\/edel.fr\\\/uploads\\\/2019\\\/03\\\/A31.jpg\",\"datePublished\":\"2019-03-11T08:24:09+00:00\",\"dateModified\":\"2026-04-01T01:00:22+00:00\",\"description\":\"Alternateur Case Ih Fiat NH, Ford NH, Massey Ferguson 14V\\\/120A - 5640 6160 6490 664 7740 7840 8200 8240 8250 8260 8340 M100 MXM120 MXM130 TM100 TM110 TM120\",\"breadcrumb\":{\"@id\":\"https:\\\/\\\/edel.fr\\\/en\\\/product\\\/alternateur-case-ihfiat-new-hollandford-new-hollandmassey-ferguson-volt-ampere-14-120\\\/#breadcrumb\"},\"inLanguage\":\"en-US\",\"potentialAction\":[{\"@type\":\"ReadAction\",\"target\":[\"https:\\\/\\\/edel.fr\\\/en\\\/product\\\/alternateur-case-ihfiat-new-hollandford-new-hollandmassey-ferguson-volt-ampere-14-120\\\/\"]}]},{\"@type\":\"ImageObject\",\"inLanguage\":\"en-US\",\"@id\":\"https:\\\/\\\/edel.fr\\\/en\\\/product\\\/alternateur-case-ihfiat-new-hollandford-new-hollandmassey-ferguson-volt-ampere-14-120\\\/#primaryimage\",\"url\":\"https:\\\/\\\/edel.fr\\\/uploads\\\/2019\\\/03\\\/A31.jpg\",\"contentUrl\":\"https:\\\/\\\/edel.fr\\\/uploads\\\/2019\\\/03\\\/A31.jpg\",\"width\":1920,\"height\":1280,\"caption\":\"Alternateur Case Ih Fiat NH, Ford NH, Massey Ferguson 14V\\\/120A\"},{\"@type\":\"BreadcrumbList\",\"@id\":\"https:\\\/\\\/edel.fr\\\/en\\\/product\\\/alternateur-case-ihfiat-new-hollandford-new-hollandmassey-ferguson-volt-ampere-14-120\\\/#breadcrumb\",\"itemListElement\":[{\"@type\":\"ListItem\",\"position\":1,\"name\":\"Pi\u00e8ce Tracteur\",\"item\":\"https:\\\/\\\/www.edel.fr\\\/en\\\/\"},{\"@type\":\"ListItem\",\"position\":2,\"name\":\"Toutes nos pi\u00e8ces Tracteur\",\"item\":\"https:\\\/\\\/edel.fr\\\/shop\\\/\"},{\"@type\":\"ListItem\",\"position\":3,\"name\":\"Alternateur Case Ih Fiat NH, Ford NH, Massey Ferguson 14V\\\/120A\"}]},{\"@type\":\"WebSite\",\"@id\":\"https:\\\/\\\/www.edel.fr\\\/en\\\/#website\",\"url\":\"https:\\\/\\\/www.edel.fr\\\/en\\\/\",\"name\":\"Edel\",\"description\":\"Pi\u00e8ce d\u00e9tach\u00e9e de Tracteur Agricole\",\"publisher\":{\"@id\":\"https:\\\/\\\/www.edel.fr\\\/en\\\/#organization\"},\"potentialAction\":[{\"@type\":\"SearchAction\",\"target\":{\"@type\":\"EntryPoint\",\"urlTemplate\":\"https:\\\/\\\/www.edel.fr\\\/en\\\/?s={search_term_string}\"},\"query-input\":{\"@type\":\"PropertyValueSpecification\",\"valueRequired\":true,\"valueName\":\"search_term_string\"}}],\"inLanguage\":\"en-US\"},{\"@type\":\"Organization\",\"@id\":\"https:\\\/\\\/www.edel.fr\\\/en\\\/#organization\",\"name\":\"Edel\",\"url\":\"https:\\\/\\\/www.edel.fr\\\/en\\\/\",\"logo\":{\"@type\":\"ImageObject\",\"inLanguage\":\"en-US\",\"@id\":\"https:\\\/\\\/www.edel.fr\\\/en\\\/#\\\/schema\\\/logo\\\/image\\\/\",\"url\":\"https:\\\/\\\/www.edel.fr\\\/uploads\\\/2018\\\/11\\\/logo-edel.png\",\"contentUrl\":\"https:\\\/\\\/www.edel.fr\\\/uploads\\\/2018\\\/11\\\/logo-edel.png\",\"width\":257,\"height\":68,\"caption\":\"Edel\"},\"image\":{\"@id\":\"https:\\\/\\\/www.edel.fr\\\/en\\\/#\\\/schema\\\/logo\\\/image\\\/\"}}]}<\/script>\n<!-- \/ Yoast SEO plugin. -->","yoast_head_json":{"title":"Alternateur Case Ih Fiat NH, Ford NH, Massey Ferguson 14V\/120A - Edel","description":"Alternateur Case Ih Fiat NH, Ford NH, Massey Ferguson 14V\/120A - 5640 6160 6490 664 7740 7840 8200 8240 8250 8260 8340 M100 MXM120 MXM130 TM100 TM110 TM120","robots":{"index":"index","follow":"follow","max-snippet":"max-snippet:-1","max-image-preview":"max-image-preview:large","max-video-preview":"max-video-preview:-1"},"canonical":"https:\/\/edel.fr\/en\/product\/alternateur-case-ihfiat-new-hollandford-new-hollandmassey-ferguson-volt-ampere-14-120\/","og_locale":"en_US","og_type":"article","og_title":"Alternateur Case Ih Fiat NH, Ford NH, Massey Ferguson 14V\/120A - Edel","og_description":"Alternateur Case Ih Fiat NH, Ford NH, Massey Ferguson 14V\/120A - 5640 6160 6490 664 7740 7840 8200 8240 8250 8260 8340 M100 MXM120 MXM130 TM100 TM110 TM120","og_url":"https:\/\/edel.fr\/en\/product\/alternateur-case-ihfiat-new-hollandford-new-hollandmassey-ferguson-volt-ampere-14-120\/","og_site_name":"Edel","article_modified_time":"2026-04-01T01:00:22+00:00","og_image":[{"width":1920,"height":1280,"url":"https:\/\/edel.fr\/uploads\/2019\/03\/A31.jpg","type":"image\/jpeg"}],"twitter_card":"summary_large_image","twitter_misc":{"Est. reading time":"2 minutes"},"schema":{"@context":"https:\/\/schema.org","@graph":[{"@type":"WebPage","@id":"https:\/\/edel.fr\/en\/product\/alternateur-case-ihfiat-new-hollandford-new-hollandmassey-ferguson-volt-ampere-14-120\/","url":"https:\/\/edel.fr\/en\/product\/alternateur-case-ihfiat-new-hollandford-new-hollandmassey-ferguson-volt-ampere-14-120\/","name":"Alternateur Case Ih Fiat NH, Ford NH, Massey Ferguson 14V\/120A - Edel","isPartOf":{"@id":"https:\/\/www.edel.fr\/en\/#website"},"primaryImageOfPage":{"@id":"https:\/\/edel.fr\/en\/product\/alternateur-case-ihfiat-new-hollandford-new-hollandmassey-ferguson-volt-ampere-14-120\/#primaryimage"},"image":{"@id":"https:\/\/edel.fr\/en\/product\/alternateur-case-ihfiat-new-hollandford-new-hollandmassey-ferguson-volt-ampere-14-120\/#primaryimage"},"thumbnailUrl":"https:\/\/edel.fr\/uploads\/2019\/03\/A31.jpg","datePublished":"2019-03-11T08:24:09+00:00","dateModified":"2026-04-01T01:00:22+00:00","description":"Alternateur Case Ih Fiat NH, Ford NH, Massey Ferguson 14V\/120A - 5640 6160 6490 664 7740 7840 8200 8240 8250 8260 8340 M100 MXM120 MXM130 TM100 TM110 TM120","breadcrumb":{"@id":"https:\/\/edel.fr\/en\/product\/alternateur-case-ihfiat-new-hollandford-new-hollandmassey-ferguson-volt-ampere-14-120\/#breadcrumb"},"inLanguage":"en-US","potentialAction":[{"@type":"ReadAction","target":["https:\/\/edel.fr\/en\/product\/alternateur-case-ihfiat-new-hollandford-new-hollandmassey-ferguson-volt-ampere-14-120\/"]}]},{"@type":"ImageObject","inLanguage":"en-US","@id":"https:\/\/edel.fr\/en\/product\/alternateur-case-ihfiat-new-hollandford-new-hollandmassey-ferguson-volt-ampere-14-120\/#primaryimage","url":"https:\/\/edel.fr\/uploads\/2019\/03\/A31.jpg","contentUrl":"https:\/\/edel.fr\/uploads\/2019\/03\/A31.jpg","width":1920,"height":1280,"caption":"Alternateur Case Ih Fiat NH, Ford NH, Massey Ferguson 14V\/120A"},{"@type":"BreadcrumbList","@id":"https:\/\/edel.fr\/en\/product\/alternateur-case-ihfiat-new-hollandford-new-hollandmassey-ferguson-volt-ampere-14-120\/#breadcrumb","itemListElement":[{"@type":"ListItem","position":1,"name":"Pi\u00e8ce Tracteur","item":"https:\/\/www.edel.fr\/en\/"},{"@type":"ListItem","position":2,"name":"Toutes nos pi\u00e8ces Tracteur","item":"https:\/\/edel.fr\/shop\/"},{"@type":"ListItem","position":3,"name":"Alternateur Case Ih Fiat NH, Ford NH, Massey Ferguson 14V\/120A"}]},{"@type":"WebSite","@id":"https:\/\/www.edel.fr\/en\/#website","url":"https:\/\/www.edel.fr\/en\/","name":"Edel","description":"Pi\u00e8ce d\u00e9tach\u00e9e de Tracteur Agricole","publisher":{"@id":"https:\/\/www.edel.fr\/en\/#organization"},"potentialAction":[{"@type":"SearchAction","target":{"@type":"EntryPoint","urlTemplate":"https:\/\/www.edel.fr\/en\/?s={search_term_string}"},"query-input":{"@type":"PropertyValueSpecification","valueRequired":true,"valueName":"search_term_string"}}],"inLanguage":"en-US"},{"@type":"Organization","@id":"https:\/\/www.edel.fr\/en\/#organization","name":"Edel","url":"https:\/\/www.edel.fr\/en\/","logo":{"@type":"ImageObject","inLanguage":"en-US","@id":"https:\/\/www.edel.fr\/en\/#\/schema\/logo\/image\/","url":"https:\/\/www.edel.fr\/uploads\/2018\/11\/logo-edel.png","contentUrl":"https:\/\/www.edel.fr\/uploads\/2018\/11\/logo-edel.png","width":257,"height":68,"caption":"Edel"},"image":{"@id":"https:\/\/www.edel.fr\/en\/#\/schema\/logo\/image\/"}}]}},"_links":{"self":[{"href":"https:\/\/edel.fr\/en\/wp-json\/wp\/v2\/product\/5875","targetHints":{"allow":["GET"]}}],"collection":[{"href":"https:\/\/edel.fr\/en\/wp-json\/wp\/v2\/product"}],"about":[{"href":"https:\/\/edel.fr\/en\/wp-json\/wp\/v2\/types\/product"}],"version-history":[{"count":2,"href":"https:\/\/edel.fr\/en\/wp-json\/wp\/v2\/product\/5875\/revisions"}],"predecessor-version":[{"id":15129,"href":"https:\/\/edel.fr\/en\/wp-json\/wp\/v2\/product\/5875\/revisions\/15129"}],"wp:featuredmedia":[{"embeddable":true,"href":"https:\/\/edel.fr\/en\/wp-json\/wp\/v2\/media\/5613"}],"wp:attachment":[{"href":"https:\/\/edel.fr\/en\/wp-json\/wp\/v2\/media?parent=5875"}],"wp:term":[{"taxonomy":"product_brand","embeddable":true,"href":"https:\/\/edel.fr\/en\/wp-json\/wp\/v2\/product_brand?post=5875"},{"taxonomy":"product_cat","embeddable":true,"href":"https:\/\/edel.fr\/en\/wp-json\/wp\/v2\/product_cat?post=5875"},{"taxonomy":"product_tag","embeddable":true,"href":"https:\/\/edel.fr\/en\/wp-json\/wp\/v2\/product_tag?post=5875"},{"taxonomy":"tracteur","embeddable":true,"href":"https:\/\/edel.fr\/en\/wp-json\/wp\/v2\/tracteur?post=5875"}],"curies":[{"name":"wp","href":"https:\/\/api.w.org\/{rel}","templated":true}]}}